{"id":123,"date":"2024-03-04T09:04:33","date_gmt":"2024-03-04T09:04:33","guid":{"rendered":"https:\/\/www.elanders.com\/?page_id=123"},"modified":"2026-04-08T10:34:28","modified_gmt":"2026-04-08T08:34:28","slug":"valkommen-till-elanders","status":"publish","type":"page","link":"https:\/\/www.elanders.com\/sv\/","title":{"rendered":"V\u00e4lkommen till Elanders"},"content":{"rendered":"\r\n            <style>\r\n                .hero-section-block-69ebdaf1e41bb {\r\n                    background-image: url(https:\/\/www.elanders.com\/wp-content\/uploads\/2026\/02\/PUSH-Welcome-24-4-min-scaled-1.webp);\r\n                    background-attachment: fixed;\r\n                    background-size: cover;  \r\n                    background-repeat: no-repeat; \r\n                    background-position: center center;\r\n                    overflow: hidden;\r\n                    color:  var(--elarb-white);\r\n                }\r\n        \r\n                @media (max-width: 1024px) {\r\n                     .hero-section-block-69ebdaf1e41bb {\r\n                        background-attachment: scroll;\r\n                    }\r\n                }\r\n        <\/style><section class=\"hero-section-block hero-section-block-69ebdaf1e41bb\">   \r\n            <div class=\"container hero-section-container hero-section-1\">\r\n                    <div class=\"hero-section d-flex flex-column flex-lg-row align-items-center justify-content-evenly text-center\">\r\n                    <div class=\"hero-left\">\r\n                        <h1 class=\"hero-title\">Integrerade l\u00f6sningar v\u00e4rlden \u00f6ver<\/h1>\r\n                        <p  id=\"padding-block-69ebdaf1e41d6\" class=\"hero-description desktop-padding-right desktop-padding-left tablet-padding-right tablet-padding-left mobile-padding-right mobile-padding-left \">Elanders \u00e4r ett globalt logistikf\u00f6retag som erbjuder ett brett tj\u00e4nsteutbud av integrerade l\u00f6sningar inom supply chain management. Verksamheten bedrivs huvudsakligen genom de tv\u00e5 aff\u00e4rsomr\u00e5dena Supply Chain Solutions och Print &#038; Packaging Solutions. Koncernen har cirka 7 000 anst\u00e4llda och verksamhet i ett 20-tal l\u00e4nder p\u00e5 fyra kontinenter. De viktigaste marknaderna \u00e4r Kina, Singapore, Storbritannien, Sverige, Tyskland och USA. Kunderna delas in i sex segment efter vilken bransch de tillh\u00f6r; Automotive, Electronics, Fashion, Health Care, Industrial och Other. <\/p>\r\n                           <div class=\"hero-section-button\">\r\n                                <a class=\"btn-full btn-full-blue\" href=\"\/sv\/om-oss\/\">\r\n                                    Mer om Elanders\r\n                                <\/a>\r\n                              <\/div>\r\n                    <\/div>\r\n                    <div id=\"image-block-69ebdaf1e41d7\" class=\"hero-right desktop-image-hide-desktop tablet-image-hide-tablet mobile-image-hide-mobile \">\r\n                        <img decoding=\"async\" loading=\"lazy\" alt=\"We Supply Just Text Yellow\" class=\"hero-image\" src=\"https:\/\/www.elanders.com\/wp-content\/uploads\/2026\/03\/We-supply-just-text-yellow.svg\" \/>\r\n                    <\/div>\r\n                <\/div><style> #padding-block-69ebdaf1e41d6.desktop-padding-right { padding-right: 0px; } #padding-block-69ebdaf1e41d6.desktop-padding-left { padding-left: 0px; }@media only screen and (max-width: 991px) {  #padding-block-69ebdaf1e41d6.tablet-padding-right { padding-right: 0px; }} @media only screen and (max-width: 991px) {  #padding-block-69ebdaf1e41d6.tablet-padding-left { padding-left: 0px; }} @media only screen and (max-width: 575px) {  #padding-block-69ebdaf1e41d6.mobile-padding-right { padding-right: 0px; }} @media only screen and (max-width: 575px) {  #padding-block-69ebdaf1e41d6.mobile-padding-left { padding-left: 0px; }}  #image-block-69ebdaf1e41d7.desktop-image-hide-desktop { display:block; } @media only screen and (max-width: 991px) {  #image-block-69ebdaf1e41d7.tablet-image-hide-tablet { display:none; } } @media only screen and (max-width: 575px) {  #image-block-69ebdaf1e41d7.mobile-image-hide-mobile { display:none; } } <\/style>\r\n            <\/div>\r\n        <\/section>\n\n<section class=\"quick-facts-block bg-color-blue\">  \r\n              <div class=\"container\">              \r\n                <div class=\"row d-flex justify-content-center align-items-center\">\r\n                    <div class=\"col-lg-4 col-md-6 mt-4 mb-4 text-center\">\r\n                                <p class='quick-fact-number text-yellow'><span class=\"sign-sv\">\u2248<\/span>1,2<\/p>\r\n                                \r\n                                <hr class=\"horizontal-line white\" \/>\r\n                                <p class=\"quick-fact-text-3 text-white\">\u00c5rlig oms\u00e4ttning, miljard EURO<\/p>\r\n                            <\/div><div class=\"col-lg-4 col-md-6 mt-4 mb-4 text-center\">\r\n                                <p class='quick-fact-number text-yellow'><span class=\"sign-sv\">\u2248<\/span>7 000<\/p>\r\n                                \r\n                                <hr class=\"horizontal-line white\" \/>\r\n                                <p class=\"quick-fact-text-3 text-white\">Antal anst\u00e4llda<\/p>\r\n                            <\/div><div class=\"col-lg-4 col-md-6 mt-4 mb-4 text-center\">\r\n                                <p class='quick-fact-number text-yellow'><span class=\"sign-sv\">\u2248<\/span>20<\/p>\r\n                                \r\n                                <hr class=\"horizontal-line white\" \/>\r\n                                <p class=\"quick-fact-text-3 text-white\">Antal l\u00e4nder<\/p>\r\n                            <\/div><div class=\"col-lg-4 col-md-6 mt-4 mb-4 text-center\">\r\n                                <p class='quick-fact-number text-yellow'>>125<\/p>\r\n                                \r\n                                <hr class=\"horizontal-line white\" \/>\r\n                                <p class=\"quick-fact-text-3 text-white\">Antal anl\u00e4ggningar<\/p>\r\n                            <\/div><div class=\"col-lg-4 col-md-6 mt-4 mb-4 text-center\">\r\n                                <p class='quick-fact-number text-yellow'><span class=\"sign-sv\">\u2248<\/span>2,0<\/p>\r\n                                \r\n                                <hr class=\"horizontal-line white\" \/>\r\n                                <p class=\"quick-fact-text-3 text-white\">Miljoner m<sup>2<\/sup> produktions- och lageryta<\/p>\r\n                            <\/div>\r\n                <\/div>                                                                \r\n              <\/div>\r\n            <\/section>\n\n\n<div style=\"height:50px\" aria-hidden=\"true\" class=\"wp-block-spacer bg-color-gray\"><\/div>\n\n\n<section class=\"post-block bg-color-gray\"><div class=\"container\"><h2 class=\"category-title\">Pressmeddelanden och nyheter<\/h2><hr class=\"horizontal-line\" \/><div class=\"row g-4\"><div class=\"col-md-4\"><article class=\"post-block-item d-flex flex-column h-100\"><div class=\"post-block-content\"><h3 class=\"category-post-title\"><a href=\"https:\/\/elanders.com\/sv\/press\/elanders-ab-rapport-fran-arsstamman-2026\">Elanders AB: Rapport fr\u00e5n \u00e5rsst\u00e4mman 2026<\/a><\/h3><div class=\"entry-meta pt-2 pb-4\"><span class=\"posted-on\">23 april 2026<\/span> <span class=\"post-categories\"> \u2022 <a href=\"https:\/\/www.elanders.com\/sv\/press?press_cat=regulatory&#038;press_page=1\">Regulatoriska pressmeddelanden<\/a><\/span><\/div><\/div><\/article><\/div><div class=\"col-md-4\"><article class=\"post-block-item d-flex flex-column h-100\"><div class=\"post-block-content\"><h3 class=\"category-post-title\"><a href=\"https:\/\/elanders.com\/sv\/press\/elanders-ab-delarsrapport-januari-mars-2026\">Elanders AB: Del\u00e5rsrapport januari \u2013 mars 2026<\/a><\/h3><div class=\"entry-meta pt-2 pb-4\"><span class=\"posted-on\">23 april 2026<\/span> <span class=\"post-categories\"> \u2022 <a href=\"https:\/\/www.elanders.com\/sv\/press?press_cat=regulatory&#038;press_page=1\">Regulatoriska pressmeddelanden<\/a><\/span><\/div><\/div><\/article><\/div><div class=\"col-md-4\"><article class=\"post-block-item d-flex flex-column h-100\"><div class=\"post-block-content\"><h3 class=\"category-post-title\"><a href=\"https:\/\/elanders.com\/sv\/press\/elanders-publicerar-datum-for-delarsrapport-for-forsta-kvartalet-2026-samt-telefonkonferens\">Elanders publicerar datum f\u00f6r del\u00e5rsrapport f\u00f6r f\u00f6rsta kvartalet 2026 samt telefonkonferens<\/a><\/h3><div class=\"entry-meta pt-2 pb-4\"><span class=\"posted-on\">2 april 2026<\/span> <span class=\"post-categories\"> \u2022 <a href=\"https:\/\/www.elanders.com\/sv\/press?press_cat=ir&#038;press_page=1\">Pressmeddelanden<\/a><\/span><\/div><\/div><\/article><\/div><\/div><div class=\"block-button mt-4\"><a href=\"\/sv\/press\/\" class=\"btn-full btn-full-blue\">L\u00e4s mer <span class=\"screen-reader-only\">About our press releases.<\/span><\/a><\/div><\/div><\/section>\n\n\n<div style=\"height:50px\" aria-hidden=\"true\" class=\"wp-block-spacer bg-color-gray\"><\/div>\n\n\n\r\n        <style>\r\n             .showcase-section-block-69ebdaf254d1d {\r\n                background-image: url(https:\/\/www.elanders.com\/wp-content\/uploads\/2026\/02\/25-storage-detail-3-min-scaled-1.webp);\r\n                background-attachment: fixed;\r\n                background-size: cover;  \r\n                background-repeat: no-repeat; \r\n                background-position: center center;\r\n                overflow: hidden;\r\n                color:  var(--elarb-white);\r\n            }\r\n\r\n            @media (max-width: 1024px) {\r\n                 .showcase-section-block-69ebdaf254d1d {\r\n                    background-attachment: scroll;\r\n                }\r\n            }\r\n        <\/style><section class=\"showcase-section-block showcase-section-block-69ebdaf254d1d\">   \r\n        <div class=\"container showcase-section-container showcase-section-banner\">\r\n                <div class=\"showcase-section d-flex flex-column align-items-left justify-content-evenly text-left\">\r\n            <div class=\"showcase-content\">\r\n                <h2 class=\"showcase-title\">V\u00e5ra aff\u00e4rsomr\u00e5den<\/h2>\r\n                <p class=\"showcase-description\">Supply Chain Solutions och Print &#038; Packaging Solutions<\/p>\r\n                <hr class=\"horizontal-line\">\r\n                  <div class=\"showcase-section-button\">\r\n                    <a class=\"btn-full btn-full-yellow\" href=\"\/sv\/affarsomraden\/\">\r\n                            Aff\u00e4rsomr\u00e5den\r\n                        <\/a>\r\n                  <\/div>\r\n            <\/div>\r\n        <\/div>\r\n        <\/div>\r\n    <\/section>\n\n\r\n        <style>\r\n             .showcase-section-block-69ebdaf254e3f {\r\n                background-image: url(https:\/\/www.elanders.com\/wp-content\/uploads\/2026\/02\/25-employee-2-min-scaled-1.webp);\r\n                background-attachment: fixed;\r\n                background-size: cover;  \r\n                background-repeat: no-repeat; \r\n                background-position: center center;\r\n                overflow: hidden;\r\n                color:  var(--elarb-white);\r\n            }\r\n\r\n            @media (max-width: 1024px) {\r\n                 .showcase-section-block-69ebdaf254e3f {\r\n                    background-attachment: scroll;\r\n                }\r\n            }\r\n        <\/style><section class=\"showcase-section-block showcase-section-block-69ebdaf254e3f\">   \r\n        <div class=\"container showcase-section-container showcase-section-banner\">\r\n                <div class=\"showcase-section d-flex flex-column align-items-left justify-content-evenly text-left\">\r\n            <div class=\"showcase-content\">\r\n                <h2 class=\"showcase-title\">Kundsegment<\/h2>\r\n                <p class=\"showcase-description\">Kundsegment som uppvisar l\u00e5ngsiktig tillx\u00e4xt<\/p>\r\n                <hr class=\"horizontal-line\">\r\n                  <div class=\"showcase-section-button\">\r\n                    <a class=\"btn-full btn-full-yellow\" href=\"\/sv\/kundsegment\/\">\r\n                            Kundsegment\r\n                        <\/a>\r\n                  <\/div>\r\n            <\/div>\r\n        <\/div>\r\n        <\/div>\r\n    <\/section>\n\n\r\n        <style>\r\n             .showcase-section-block-69ebdaf254f4a {\r\n                background-image: url(https:\/\/www.elanders.com\/wp-content\/uploads\/2026\/02\/25-storage-1-min-scaled-1.webp);\r\n                background-attachment: fixed;\r\n                background-size: cover;  \r\n                background-repeat: no-repeat; \r\n                background-position: center center;\r\n                overflow: hidden;\r\n                color:  var(--elarb-white);\r\n            }\r\n\r\n            @media (max-width: 1024px) {\r\n                 .showcase-section-block-69ebdaf254f4a {\r\n                    background-attachment: scroll;\r\n                }\r\n            }\r\n        <\/style><section class=\"showcase-section-block showcase-section-block-69ebdaf254f4a\">   \r\n        <div class=\"container showcase-section-container showcase-section-banner\">\r\n                <div class=\"showcase-section d-flex flex-column align-items-left justify-content-evenly text-left\">\r\n            <div class=\"showcase-content\">\r\n                <h2 class=\"showcase-title\">V\u00e5ra st\u00f6rsta verksamheter<\/h2>\r\n                <p class=\"showcase-description\">Koncernen har cirka 7 000 anst\u00e4llda och verksamhet i ett 20-tal l\u00e4nder p\u00e5 fyra kontinenter<\/p>\r\n                <hr class=\"horizontal-line\">\r\n                  <div class=\"showcase-section-button\">\r\n                    <a class=\"btn-full btn-full-yellow\" href=\"\/sv\/verksamheter\/\">\r\n                            Verksamheter\r\n                        <\/a>\r\n                  <\/div>\r\n            <\/div>\r\n        <\/div>\r\n        <\/div>\r\n    <\/section>\n\n\r\n        <style>\r\n             .showcase-section-block-69ebdaf25504c {\r\n                background-image: url(https:\/\/www.elanders.com\/wp-content\/uploads\/2026\/04\/26-sustainability.jpg);\r\n                background-attachment: fixed;\r\n                background-size: cover;  \r\n                background-repeat: no-repeat; \r\n                background-position: center center;\r\n                overflow: hidden;\r\n                color:  var(--elarb-white);\r\n            }\r\n\r\n            @media (max-width: 1024px) {\r\n                 .showcase-section-block-69ebdaf25504c {\r\n                    background-attachment: scroll;\r\n                }\r\n            }\r\n        <\/style><section class=\"showcase-section-block showcase-section-block-69ebdaf25504c\">   \r\n        <div class=\"container showcase-section-container showcase-section-banner\">\r\n                <div class=\"showcase-section d-flex flex-column align-items-left justify-content-evenly text-left\">\r\n            <div class=\"showcase-content\">\r\n                <h2 class=\"showcase-title\">H\u00e5llbarhet<\/h2>\r\n                <p class=\"showcase-description\">En integrerad del i koncernens verksamhet och aff\u00e4rsbeslut<\/p>\r\n                <hr class=\"horizontal-line\">\r\n                  <div class=\"showcase-section-button\">\r\n                    <a class=\"btn-full btn-full-yellow\" href=\"\/sv\/hallbarhet\/\">\r\n                            H\u00e5llbarhet\r\n                        <\/a>\r\n                  <\/div>\r\n            <\/div>\r\n        <\/div>\r\n        <\/div>\r\n    <\/section>\n\n\r\n        <style>\r\n             .showcase-section-block-69ebdaf25514b {\r\n                background-image: url(https:\/\/www.elanders.com\/wp-content\/uploads\/2026\/02\/PUSH-Investors-24-2-min-scaled-1.webp);\r\n                background-attachment: fixed;\r\n                background-size: cover;  \r\n                background-repeat: no-repeat; \r\n                background-position: center center;\r\n                overflow: hidden;\r\n                color:  var(--elarb-white);\r\n            }\r\n\r\n            @media (max-width: 1024px) {\r\n                 .showcase-section-block-69ebdaf25514b {\r\n                    background-attachment: scroll;\r\n                }\r\n            }\r\n        <\/style><section class=\"showcase-section-block showcase-section-block-69ebdaf25514b\">   \r\n        <div class=\"container showcase-section-container showcase-section-banner\">\r\n                <div class=\"showcase-section d-flex flex-column align-items-left justify-content-evenly text-left\">\r\n            <div class=\"showcase-content\">\r\n                <h2 class=\"showcase-title\">Investerare<\/h2>\r\n                <p class=\"showcase-description\">All information som beh\u00f6vs f\u00f6r att bed\u00f6ma Elanders<\/p>\r\n                <hr class=\"horizontal-line\">\r\n                  <div class=\"showcase-section-button\">\r\n                    <a class=\"btn-full btn-full-yellow\" href=\"\/sv\/investerare\/\">\r\n                            Investerare\r\n                        <\/a>\r\n                  <\/div>\r\n            <\/div>\r\n        <\/div>\r\n        <\/div>\r\n    <\/section>","protected":false},"excerpt":{"rendered":"","protected":false},"author":1,"featured_media":0,"parent":0,"menu_order":0,"comment_status":"closed","ping_status":"closed","template":"","meta":{"footnotes":""},"class_list":["post-123","page","type-page","status-publish","hentry"],"yoast_head":"<!-- This site is optimized with the Yoast SEO plugin v27.2 - https:\/\/yoast.com\/product\/yoast-seo-wordpress\/ -->\n<title>V\u00e4lkommen till Elanders - Elanders Group<\/title>\n<meta name=\"description\" content=\"Elanders \u00e4r ett globalt logistikf\u00f6retag som erbjuder ett brett tj\u00e4nsteutbud av integrerade l\u00f6sningar inom supply chain management.\" \/>\n<meta name=\"robots\" content=\"index, follow, max-snippet:-1, max-image-preview:large, max-video-preview:-1\" \/>\n<link rel=\"canonical\" href=\"https:\/\/www.elanders.com\/sv\/\" \/>\n<meta property=\"og:locale\" content=\"sv_SE\" \/>\n<meta property=\"og:type\" content=\"article\" \/>\n<meta property=\"og:title\" content=\"V\u00e4lkommen till Elanders - Elanders Group\" \/>\n<meta property=\"og:description\" content=\"Elanders \u00e4r ett globalt logistikf\u00f6retag som erbjuder ett brett tj\u00e4nsteutbud av integrerade l\u00f6sningar inom supply chain management.\" \/>\n<meta property=\"og:url\" content=\"https:\/\/www.elanders.com\/sv\/\" \/>\n<meta property=\"og:site_name\" content=\"Elanders Group\" \/>\n<meta property=\"article:modified_time\" content=\"2026-04-08T08:34:28+00:00\" \/>\n<meta name=\"twitter:card\" content=\"summary_large_image\" \/>\n<script type=\"application\/ld+json\" class=\"yoast-schema-graph\">{\"@context\":\"https:\/\/schema.org\",\"@graph\":[{\"@type\":\"WebPage\",\"@id\":\"https:\/\/www.elanders.com\/sv\/\",\"url\":\"https:\/\/www.elanders.com\/sv\/\",\"name\":\"V\u00e4lkommen till Elanders - Elanders Group\",\"isPartOf\":{\"@id\":\"https:\/\/www.elanders.com\/#website\"},\"datePublished\":\"2024-03-04T09:04:33+00:00\",\"dateModified\":\"2026-04-08T08:34:28+00:00\",\"description\":\"Elanders \u00e4r ett globalt logistikf\u00f6retag som erbjuder ett brett tj\u00e4nsteutbud av integrerade l\u00f6sningar inom supply chain management.\",\"breadcrumb\":{\"@id\":\"https:\/\/www.elanders.com\/sv\/#breadcrumb\"},\"inLanguage\":\"sv-SE\",\"potentialAction\":[{\"@type\":\"ReadAction\",\"target\":[\"https:\/\/www.elanders.com\/sv\/\"]}]},{\"@type\":\"BreadcrumbList\",\"@id\":\"https:\/\/www.elanders.com\/sv\/#breadcrumb\",\"itemListElement\":[{\"@type\":\"ListItem\",\"position\":1,\"name\":\"Home\",\"item\":\"https:\/\/www.elanders.com\/sv\/\"},{\"@type\":\"ListItem\",\"position\":2,\"name\":\"V\u00e4lkommen till Elanders\"}]},{\"@type\":\"WebSite\",\"@id\":\"https:\/\/www.elanders.com\/#website\",\"url\":\"https:\/\/www.elanders.com\/\",\"name\":\"Welcome to Elanders - Elanders Group\",\"description\":\"\",\"potentialAction\":[{\"@type\":\"SearchAction\",\"target\":{\"@type\":\"EntryPoint\",\"urlTemplate\":\"https:\/\/www.elanders.com\/?s={search_term_string}\"},\"query-input\":{\"@type\":\"PropertyValueSpecification\",\"valueRequired\":true,\"valueName\":\"search_term_string\"}}],\"inLanguage\":\"sv-SE\"}]}<\/script>\n<!-- \/ Yoast SEO plugin. -->","yoast_head_json":{"title":"V\u00e4lkommen till Elanders - Elanders Group","description":"Elanders \u00e4r ett globalt logistikf\u00f6retag som erbjuder ett brett tj\u00e4nsteutbud av integrerade l\u00f6sningar inom supply chain management.","robots":{"index":"index","follow":"follow","max-snippet":"max-snippet:-1","max-image-preview":"max-image-preview:large","max-video-preview":"max-video-preview:-1"},"canonical":"https:\/\/www.elanders.com\/sv\/","og_locale":"sv_SE","og_type":"article","og_title":"V\u00e4lkommen till Elanders - Elanders Group","og_description":"Elanders \u00e4r ett globalt logistikf\u00f6retag som erbjuder ett brett tj\u00e4nsteutbud av integrerade l\u00f6sningar inom supply chain management.","og_url":"https:\/\/www.elanders.com\/sv\/","og_site_name":"Elanders Group","article_modified_time":"2026-04-08T08:34:28+00:00","twitter_card":"summary_large_image","schema":{"@context":"https:\/\/schema.org","@graph":[{"@type":"WebPage","@id":"https:\/\/www.elanders.com\/sv\/","url":"https:\/\/www.elanders.com\/sv\/","name":"V\u00e4lkommen till Elanders - Elanders Group","isPartOf":{"@id":"https:\/\/www.elanders.com\/#website"},"datePublished":"2024-03-04T09:04:33+00:00","dateModified":"2026-04-08T08:34:28+00:00","description":"Elanders \u00e4r ett globalt logistikf\u00f6retag som erbjuder ett brett tj\u00e4nsteutbud av integrerade l\u00f6sningar inom supply chain management.","breadcrumb":{"@id":"https:\/\/www.elanders.com\/sv\/#breadcrumb"},"inLanguage":"sv-SE","potentialAction":[{"@type":"ReadAction","target":["https:\/\/www.elanders.com\/sv\/"]}]},{"@type":"BreadcrumbList","@id":"https:\/\/www.elanders.com\/sv\/#breadcrumb","itemListElement":[{"@type":"ListItem","position":1,"name":"Home","item":"https:\/\/www.elanders.com\/sv\/"},{"@type":"ListItem","position":2,"name":"V\u00e4lkommen till Elanders"}]},{"@type":"WebSite","@id":"https:\/\/www.elanders.com\/#website","url":"https:\/\/www.elanders.com\/","name":"Welcome to Elanders - Elanders Group","description":"","potentialAction":[{"@type":"SearchAction","target":{"@type":"EntryPoint","urlTemplate":"https:\/\/www.elanders.com\/?s={search_term_string}"},"query-input":{"@type":"PropertyValueSpecification","valueRequired":true,"valueName":"search_term_string"}}],"inLanguage":"sv-SE"}]}},"_links":{"self":[{"href":"https:\/\/www.elanders.com\/sv\/wp-json\/wp\/v2\/pages\/123","targetHints":{"allow":["GET"]}}],"collection":[{"href":"https:\/\/www.elanders.com\/sv\/wp-json\/wp\/v2\/pages"}],"about":[{"href":"https:\/\/www.elanders.com\/sv\/wp-json\/wp\/v2\/types\/page"}],"author":[{"embeddable":true,"href":"https:\/\/www.elanders.com\/sv\/wp-json\/wp\/v2\/users\/1"}],"replies":[{"embeddable":true,"href":"https:\/\/www.elanders.com\/sv\/wp-json\/wp\/v2\/comments?post=123"}],"version-history":[{"count":31,"href":"https:\/\/www.elanders.com\/sv\/wp-json\/wp\/v2\/pages\/123\/revisions"}],"predecessor-version":[{"id":32583,"href":"https:\/\/www.elanders.com\/sv\/wp-json\/wp\/v2\/pages\/123\/revisions\/32583"}],"wp:attachment":[{"href":"https:\/\/www.elanders.com\/sv\/wp-json\/wp\/v2\/media?parent=123"}],"curies":[{"name":"wp","href":"https:\/\/api.w.org\/{rel}","templated":true}]}}