{"id":23914,"date":"2024-09-25T12:52:59","date_gmt":"2024-09-25T12:52:59","guid":{"rendered":"https:\/\/www.elanders.com\/corporate-governance\/"},"modified":"2026-03-24T12:41:19","modified_gmt":"2026-03-24T11:41:19","slug":"bolagsstyrning","status":"publish","type":"page","link":"https:\/\/www.elanders.com\/sv\/bolagsstyrning\/","title":{"rendered":"Bolagsstyrning"},"content":{"rendered":"\r\n        <style>\r\n             .showcase-section-block-69e676807e8b9 {\r\n                background-image: url(https:\/\/www.elanders.com\/wp-content\/uploads\/2026\/02\/PUSH-Corp-24-min-1-scaled-1.webp);\r\n                background-attachment: scroll;\r\n                background-size: cover;  \r\n                background-repeat: no-repeat; \r\n                background-position: center center;\r\n                overflow: hidden;\r\n                color:  var(--elarb-white);\r\n            }\r\n\r\n            @media (max-width: 1024px) {\r\n                 .showcase-section-block-69e676807e8b9 {\r\n                    background-attachment: scroll;\r\n                }\r\n            }\r\n        <\/style><section class=\"showcase-section-block showcase-section-block-69e676807e8b9\">   \r\n        <div class=\"container showcase-section-container showcase-section-banner\">\r\n                <div class=\"showcase-section d-flex flex-column align-items-start justify-content-evenly text-start\">\r\n            <div class=\"showcase-content\">\r\n                <h2 class=\"showcase-title\">Bolags&shy;styrning<\/h2>\r\n                <p class=\"showcase-description\"><\/p>\r\n                <hr class=\"horizontal-line\">\r\n                  <div class=\"showcase-section-button\">\r\n                    \r\n                  <\/div>\r\n            <\/div>\r\n        <\/div>\r\n        <\/div>\r\n    <\/section>\n\n<section id=\"\" class=\"text-block  space-bottom-yes space-top-yes text-block-id-69e676807e9b0 bg-color-gray text-color-black\">                \r\n                    <div class=\"container\">  \r\n                                              \r\n                            \r\n                                               \r\n                        <div class=\"row text\">\r\n                        <div class=\"col\">\r\n                            <div class=\"textBlock-text text-block-html  \">\r\n                                <p class=\"wp-block-wt-text-block\"><strong>Elanders \u00e4r ett publikt, svenskt aktiebolag vars aktier \u00e4r noterade p\u00e5 NASDAQ OMX Nordic inom segmentet Mid Cap. Elanders till\u00e4mpar Svensk kod f\u00f6r bolagsstyrning.<\/strong><\/p>\n\r\n                            <\/div>\r\n                        <\/div>                                        \r\n                    <\/div>                                              \r\n                    <\/div>                                \r\n            <\/section>\n\n<section id=\"\" class=\"text-block  space-bottom-yes space-top-yes text-block-id-69e676807ed8b bg-color-white text-color-black\">                \r\n                    <div class=\"container\">  \r\n                                              \r\n                            \r\n                                               \r\n                        <div class=\"row text\">\r\n                        <div class=\"col\">\r\n                            <div class=\"textBlock-text text-block-html  \">\r\n                                <p class=\"wp-block-wt-text-block\">Bolagsstyrningen i Elanders syftar till att skapa goda f\u00f6ruts\u00e4ttningar f\u00f6r en aktiv och ansvarstagande \u00e4garroll, en l\u00e4mplig ansvarsf\u00f6rdelning mellan de olika bolagsorganen samt god kommunikation gentemot bolagets samtliga intressenter.<\/p>\n<p>Bolagsstyrningen i Elanders utg\u00e5r ifr\u00e5n lagar (fr\u00e4mst aktiebolagslagen), redovisningsregelverk, bolagsordningen, NASDAQ OMX Stockholms emittentregelverk, interna riktlinjer och Svensk kod f\u00f6r bolagsstyrning.<\/p>\n<p>Elanderskoncernens styrning, ledning och kontroll f\u00f6rdelas mellan aktie\u00e4garna p\u00e5 bolagsst\u00e4mman, styrelsen och verkst\u00e4llande direkt\u00f6ren i enlighet med aktiebolagslagen och bolagsordningen samt koncernledningen. Aktie\u00e4garna utser bolagets valberedning, styrelse och revisorer vid den ordinarie bolagsst\u00e4mman (\u00e5rsst\u00e4mman).<\/p>\n<p>F\u00f6r ytterligare information se\u00a0<a href=\"http:\/\/www.elanders.com\/wp-content\/uploads\/2026\/03\/Bolagsstyrningsrapport_2025.pdf\" target=\"_blank\" rel=\"noreferrer noopener\">Elanders bolagsstyrningsrapport 2025<\/a>.<\/p>\n\r\n                            <\/div>\r\n                        <\/div>                                        \r\n                    <\/div>                                              \r\n                    <\/div>                                \r\n            <\/section>\n\n\n<div style=\"height:25px\" aria-hidden=\"true\" class=\"wp-block-spacer\"><\/div>\n\n\n\n<p><\/p>\n\n\n<section class=\"cta-block\">  \r\n              <div class=\"container\">              \r\n                <div class=\"row\">\r\n                    <div class=\"col-lg-4 col-md-6 mb-3\">\r\n                      <a target=\"_self\" class=\"btn-full btn-full-blue\" href=\"\/sv\/bolagsstyrning\/bolagsstamma\/\" class=\"button\">Bolagsst\u00e4mma<\/a>\r\n                    <\/div><div class=\"col-lg-4 col-md-6 mb-3\">\r\n                      <a target=\"_self\" class=\"btn-full btn-full-blue\" href=\"\/sv\/\/bolagsstyrning\/bolagsordning\/\" class=\"button\">Bolagsordning<\/a>\r\n                    <\/div><div class=\"col-lg-4 col-md-6 mb-3\">\r\n                      <a target=\"_self\" class=\"btn-full btn-full-blue\" href=\"\/sv\/\/bolagsstyrning\/styrelse\/\" class=\"button\">Styrelse<\/a>\r\n                    <\/div><div class=\"col-lg-4 col-md-6 mb-3\">\r\n                      <a target=\"_self\" class=\"btn-full btn-full-blue\" href=\"\/sv\/\/bolagsstyrning\/valberedning\/\" class=\"button\">Valberedning<\/a>\r\n                    <\/div><div class=\"col-lg-4 col-md-6 mb-3\">\r\n                      <a target=\"_self\" class=\"btn-full btn-full-blue\" href=\"\/sv\/\/bolagsstyrning\/revisionsutskott\/\" class=\"button\">Revisionsutskott<\/a>\r\n                    <\/div><div class=\"col-lg-4 col-md-6 mb-3\">\r\n                      <a target=\"_self\" class=\"btn-full btn-full-blue\" href=\"\/sv\/\/bolagsstyrning\/ersattningsutskott\/\" class=\"button\">Ers\u00e4ttningsutskott<\/a>\r\n                    <\/div><div class=\"col-lg-4 col-md-6 mb-3\">\r\n                      <a target=\"_self\" class=\"btn-full btn-full-blue\" href=\"\/sv\/\/bolagsstyrning\/intern-kontroll-och-revision\/\" class=\"button\">Intern kontroll och revision<\/a>\r\n                    <\/div><div class=\"col-lg-4 col-md-6 mb-3\">\r\n                      <a target=\"_self\" class=\"btn-full btn-full-blue\" href=\"\/sv\/\/bolagsstyrning\/koncernledning\/\" class=\"button\">Koncernledning<\/a>\r\n                    <\/div><div class=\"col-lg-4 col-md-6 mb-3\">\r\n                      <a target=\"_self\" class=\"btn-full btn-full-blue\" href=\"\/sv\/\/bolagsstyrning\/riktlinjer-for-ersattning-till-ledande-befattningshavare\/\" class=\"button\">Riktlinjer f\u00f6r ers\u00e4ttning<\/a>\r\n                    <\/div>\r\n                <\/div>                                                                \r\n              <\/div>\r\n            <\/section>\n\n\n<div style=\"height:50px\" aria-hidden=\"true\" class=\"wp-block-spacer\"><\/div>\n\n\n\r\n            <section id=\"\" class=\"acc-block acc-block-id-69e676807f056 tab-file-block  \">\r\n                \r\n                <div class=\"container\">    \r\n                    \r\n        <div class=\"accWrapper\">                                                \r\n            \r\n            <div class=\"row\">\r\n                <div class=\"col-12\">\r\n                    <div class=\"acc-box\">\r\n                        \r\n                        <div class=\"click-area\">                            \r\n                                <p class=\"title\">Bolagsstyrningsrapporter 2011-2025<\/p> <i class=\"bi bi-chevron-double-right\"><\/i>\r\n                        <\/div>\r\n                        \r\n                        <div class=\"content-area add-content position-left add-content-type-file\">\r\n                            \r\n                            <div class=\"content\">\r\n                                <div class=\"text-wrapper\"><\/div>\r\n                                <div class=\"add-content-wrapper\">\r\n                                    <section class=\"icon-block\"><div class=\"container\"><div class=\"row\"><div class=\"icon-block-container col-12\"><a href=\"\/wp-content\/uploads\/2026\/03\/Bolagsstyrningsrapport_2025.pdf\" target=\"_blank\" class=\"icon-red text-color-black\"><i class=\"bi bi-file-earmark-pdf\"><\/i><span>Elanders bolagsstyrningsrapport 2025<\/span><\/a><\/div><div class=\"icon-block-container col-12\"><a href=\"\/wp-content\/uploads\/2025\/03\/Bolagsstyrningsrapport_2024.pdf\" target=\"_blank\" class=\"icon-red text-color-black\"><i class=\"bi bi-file-earmark-pdf\"><\/i><span>Elanders bolagsstyrningsrapport 2024<\/span><\/a><\/div><div class=\"icon-block-container col-12\"><a href=\"\/wp-content\/uploads\/2024\/11\/Elanders-bolagsstyrningsrapport_2023.pdf\" target=\"_blank\" class=\"icon-red text-color-black\"><i class=\"bi bi-file-earmark-pdf\"><\/i><span>Elanders bolagsstyrningsrapport 2023<\/span><\/a><\/div><div class=\"icon-block-container col-12\"><a href=\"\/wp-content\/uploads\/2024\/11\/Elanders-bolagsstyrningsrapport_2022.pdf\" target=\"_blank\" class=\"icon-red text-color-black\"><i class=\"bi bi-file-earmark-pdf\"><\/i><span>Elanders bolagsstyrningsrapport 2022<\/span><\/a><\/div><div class=\"icon-block-container col-12\"><a href=\"\/wp-content\/uploads\/2024\/11\/Elanders-bolagsstyrningsrapport_2021.pdf\" target=\"_blank\" class=\"icon-red text-color-black\"><i class=\"bi bi-file-earmark-pdf\"><\/i><span>Elanders bolagsstyrningsrapport 2021<\/span><\/a><\/div><div class=\"icon-block-container col-12\"><a href=\"\/wp-content\/uploads\/2024\/11\/Elanders-bolagsstyrningsrapport_2020.pdf\" target=\"_blank\" class=\"icon-red text-color-black\"><i class=\"bi bi-file-earmark-pdf\"><\/i><span>Elanders bolagsstyrningsrapport 2020<\/span><\/a><\/div><div class=\"icon-block-container col-12\"><a href=\"\/wp-content\/uploads\/2024\/11\/Elanders-bolagsstyrningsrapport_2019.pdf\" target=\"_blank\" class=\"icon-red text-color-black\"><i class=\"bi bi-file-earmark-pdf\"><\/i><span>Elanders bolagsstyrningsrapport 2019<\/span><\/a><\/div><div class=\"icon-block-container col-12\"><a href=\"\/wp-content\/uploads\/2024\/11\/Elanders-bolagsstyrningsrapport_2018.pdf\" target=\"_blank\" class=\"icon-red text-color-black\"><i class=\"bi bi-file-earmark-pdf\"><\/i><span>Elanders bolagsstyrningsrapport 2018<\/span><\/a><\/div><div class=\"icon-block-container col-12\"><a href=\"\/wp-content\/uploads\/2024\/11\/Elanders-bolagsstyrningsrapport_2017.pdf\" target=\"_blank\" class=\"icon-red text-color-black\"><i class=\"bi bi-file-earmark-pdf\"><\/i><span>Elanders bolagsstyrningsrapport 2017<\/span><\/a><\/div><div class=\"icon-block-container col-12\"><a href=\"\/wp-content\/uploads\/2024\/11\/Elanders-bolagsstyrningsrapport_2016.pdf\" target=\"_blank\" class=\"icon-red text-color-black\"><i class=\"bi bi-file-earmark-pdf\"><\/i><span>Elanders bolagsstyrningsrapport 2016<\/span><\/a><\/div><div class=\"icon-block-container col-12\"><a href=\"\/wp-content\/uploads\/2024\/11\/Elanders-bolagsstyrningsrapport-2015.pdf\" target=\"_blank\" class=\"icon-red text-color-black\"><i class=\"bi bi-file-earmark-pdf\"><\/i><span>Elanders bolagsstyrningsrapport 2015<\/span><\/a><\/div><div class=\"icon-block-container col-12\"><a href=\"\/wp-content\/uploads\/2024\/11\/Elanders-bolagsstyrningsrapport-2014.pdf\" target=\"_blank\" class=\"icon-red text-color-black\"><i class=\"bi bi-file-earmark-pdf\"><\/i><span>Elanders bolagsstyrningsrapport 2014<\/span><\/a><\/div><div class=\"icon-block-container col-12\"><a href=\"\/wp-content\/uploads\/2024\/11\/Elanders-bolagsstyrningsrapport-2013.pdf\" target=\"_blank\" class=\"icon-red text-color-black\"><i class=\"bi bi-file-earmark-pdf\"><\/i><span>Elanders bolagsstyrningsrapport 2013<\/span><\/a><\/div><div class=\"icon-block-container col-12\"><a href=\"\/wp-content\/uploads\/2024\/11\/Elanders-bolagsstyrningsrapport-2012.pdf\" target=\"_blank\" class=\"icon-red text-color-black\"><i class=\"bi bi-file-earmark-pdf\"><\/i><span>Elanders bolagsstyrningsrapport 2012<\/span><\/a><\/div><div class=\"icon-block-container col-12\"><a href=\"\/wp-content\/uploads\/2024\/11\/Elanders-bolagsstyrningsrapport-2011.pdf\" target=\"_blank\" class=\"icon-red text-color-black\"><i class=\"bi bi-file-earmark-pdf\"><\/i><span>Elanders bolagsstyrningsrapport 2011<\/span><\/a><\/div><\/div><\/div><\/section>\r\n                                <\/div>\r\n                            <\/div>\r\n                            \r\n                        <\/div>\r\n                        \r\n                    <\/div> \r\n                <\/div>\r\n            <\/div>                                                \r\n        <\/div>                        \r\n                <\/div>                                            \r\n                                      \r\n            <\/section>\r\n            <noscript>\r\n                    <style>\r\n                        \r\n                        .acc-block .acc-box .content {\r\n                            font-size: 18pt;\r\n                            line-height: 26pt;\r\n                            opacity: 1 !important;\r\n                            visibility: visible !important;\r\n                            max-height: inherit !important;\r\n                        }\r\n                        .acc-block .acc-box .content-area {\r\n                            padding-bottom: 20px !important;\r\n                            padding-top: 20px !important;\r\n                        }\r\n                        \r\n                    <\/style>\r\n                <\/noscript>\n\n\n<p><\/p>\n\n\n\n<div style=\"height:75px\" aria-hidden=\"true\" class=\"wp-block-spacer\"><\/div>\n","protected":false},"excerpt":{"rendered":"","protected":false},"author":2,"featured_media":0,"parent":0,"menu_order":0,"comment_status":"closed","ping_status":"closed","template":"","meta":{"footnotes":""},"class_list":["post-23914","page","type-page","status-publish","hentry"],"yoast_head":"<!-- This site is optimized with the Yoast SEO plugin v27.2 - https:\/\/yoast.com\/product\/yoast-seo-wordpress\/ -->\n<title>Bolagsstyrning - Elanders Group<\/title>\n<meta name=\"description\" content=\"Bolagsstyrningen i Elanders syftar till att skapa goda f\u00f6ruts\u00e4ttningar f\u00f6r en aktiv och ansvarstagande \u00e4garroll, en l\u00e4mplig ansvarsf\u00f6rdelning mellan de olika bolagsorganen samt god kommunikation gentemot bolagets samtliga intressenter.\" \/>\n<meta name=\"robots\" content=\"index, follow, max-snippet:-1, max-image-preview:large, max-video-preview:-1\" \/>\n<link rel=\"canonical\" href=\"https:\/\/www.elanders.com\/sv\/bolagsstyrning\/\" \/>\n<meta property=\"og:locale\" content=\"sv_SE\" \/>\n<meta property=\"og:type\" content=\"article\" \/>\n<meta property=\"og:title\" content=\"Bolagsstyrning - Elanders Group\" \/>\n<meta property=\"og:description\" content=\"Bolagsstyrningen i Elanders syftar till att skapa goda f\u00f6ruts\u00e4ttningar f\u00f6r en aktiv och ansvarstagande \u00e4garroll, en l\u00e4mplig ansvarsf\u00f6rdelning mellan de olika bolagsorganen samt god kommunikation gentemot bolagets samtliga intressenter.\" \/>\n<meta property=\"og:url\" content=\"https:\/\/www.elanders.com\/sv\/bolagsstyrning\/\" \/>\n<meta property=\"og:site_name\" content=\"Elanders Group\" \/>\n<meta property=\"article:modified_time\" content=\"2026-03-24T11:41:19+00:00\" \/>\n<meta name=\"twitter:card\" content=\"summary_large_image\" \/>\n<meta name=\"twitter:label1\" content=\"Ber\u00e4knad l\u00e4stid\" \/>\n\t<meta name=\"twitter:data1\" content=\"1 minut\" \/>\n<script type=\"application\/ld+json\" class=\"yoast-schema-graph\">{\"@context\":\"https:\/\/schema.org\",\"@graph\":[{\"@type\":\"WebPage\",\"@id\":\"https:\/\/www.elanders.com\/sv\/bolagsstyrning\/\",\"url\":\"https:\/\/www.elanders.com\/sv\/bolagsstyrning\/\",\"name\":\"Bolagsstyrning - Elanders Group\",\"isPartOf\":{\"@id\":\"https:\/\/www.elanders.com\/#website\"},\"datePublished\":\"2024-09-25T12:52:59+00:00\",\"dateModified\":\"2026-03-24T11:41:19+00:00\",\"description\":\"Bolagsstyrningen i Elanders syftar till att skapa goda f\u00f6ruts\u00e4ttningar f\u00f6r en aktiv och ansvarstagande \u00e4garroll, en l\u00e4mplig ansvarsf\u00f6rdelning mellan de olika bolagsorganen samt god kommunikation gentemot bolagets samtliga intressenter.\",\"breadcrumb\":{\"@id\":\"https:\/\/www.elanders.com\/sv\/bolagsstyrning\/#breadcrumb\"},\"inLanguage\":\"sv-SE\",\"potentialAction\":[{\"@type\":\"ReadAction\",\"target\":[\"https:\/\/www.elanders.com\/sv\/bolagsstyrning\/\"]}]},{\"@type\":\"BreadcrumbList\",\"@id\":\"https:\/\/www.elanders.com\/sv\/bolagsstyrning\/#breadcrumb\",\"itemListElement\":[{\"@type\":\"ListItem\",\"position\":1,\"name\":\"Home\",\"item\":\"https:\/\/www.elanders.com\/sv\/\"},{\"@type\":\"ListItem\",\"position\":2,\"name\":\"Bolagsstyrning\"}]},{\"@type\":\"WebSite\",\"@id\":\"https:\/\/www.elanders.com\/#website\",\"url\":\"https:\/\/www.elanders.com\/\",\"name\":\"Welcome to Elanders - Elanders Group\",\"description\":\"\",\"potentialAction\":[{\"@type\":\"SearchAction\",\"target\":{\"@type\":\"EntryPoint\",\"urlTemplate\":\"https:\/\/www.elanders.com\/?s={search_term_string}\"},\"query-input\":{\"@type\":\"PropertyValueSpecification\",\"valueRequired\":true,\"valueName\":\"search_term_string\"}}],\"inLanguage\":\"sv-SE\"}]}<\/script>\n<!-- \/ Yoast SEO plugin. -->","yoast_head_json":{"title":"Bolagsstyrning - Elanders Group","description":"Bolagsstyrningen i Elanders syftar till att skapa goda f\u00f6ruts\u00e4ttningar f\u00f6r en aktiv och ansvarstagande \u00e4garroll, en l\u00e4mplig ansvarsf\u00f6rdelning mellan de olika bolagsorganen samt god kommunikation gentemot bolagets samtliga intressenter.","robots":{"index":"index","follow":"follow","max-snippet":"max-snippet:-1","max-image-preview":"max-image-preview:large","max-video-preview":"max-video-preview:-1"},"canonical":"https:\/\/www.elanders.com\/sv\/bolagsstyrning\/","og_locale":"sv_SE","og_type":"article","og_title":"Bolagsstyrning - Elanders Group","og_description":"Bolagsstyrningen i Elanders syftar till att skapa goda f\u00f6ruts\u00e4ttningar f\u00f6r en aktiv och ansvarstagande \u00e4garroll, en l\u00e4mplig ansvarsf\u00f6rdelning mellan de olika bolagsorganen samt god kommunikation gentemot bolagets samtliga intressenter.","og_url":"https:\/\/www.elanders.com\/sv\/bolagsstyrning\/","og_site_name":"Elanders Group","article_modified_time":"2026-03-24T11:41:19+00:00","twitter_card":"summary_large_image","twitter_misc":{"Ber\u00e4knad l\u00e4stid":"1 minut"},"schema":{"@context":"https:\/\/schema.org","@graph":[{"@type":"WebPage","@id":"https:\/\/www.elanders.com\/sv\/bolagsstyrning\/","url":"https:\/\/www.elanders.com\/sv\/bolagsstyrning\/","name":"Bolagsstyrning - Elanders Group","isPartOf":{"@id":"https:\/\/www.elanders.com\/#website"},"datePublished":"2024-09-25T12:52:59+00:00","dateModified":"2026-03-24T11:41:19+00:00","description":"Bolagsstyrningen i Elanders syftar till att skapa goda f\u00f6ruts\u00e4ttningar f\u00f6r en aktiv och ansvarstagande \u00e4garroll, en l\u00e4mplig ansvarsf\u00f6rdelning mellan de olika bolagsorganen samt god kommunikation gentemot bolagets samtliga intressenter.","breadcrumb":{"@id":"https:\/\/www.elanders.com\/sv\/bolagsstyrning\/#breadcrumb"},"inLanguage":"sv-SE","potentialAction":[{"@type":"ReadAction","target":["https:\/\/www.elanders.com\/sv\/bolagsstyrning\/"]}]},{"@type":"BreadcrumbList","@id":"https:\/\/www.elanders.com\/sv\/bolagsstyrning\/#breadcrumb","itemListElement":[{"@type":"ListItem","position":1,"name":"Home","item":"https:\/\/www.elanders.com\/sv\/"},{"@type":"ListItem","position":2,"name":"Bolagsstyrning"}]},{"@type":"WebSite","@id":"https:\/\/www.elanders.com\/#website","url":"https:\/\/www.elanders.com\/","name":"Welcome to Elanders - Elanders Group","description":"","potentialAction":[{"@type":"SearchAction","target":{"@type":"EntryPoint","urlTemplate":"https:\/\/www.elanders.com\/?s={search_term_string}"},"query-input":{"@type":"PropertyValueSpecification","valueRequired":true,"valueName":"search_term_string"}}],"inLanguage":"sv-SE"}]}},"_links":{"self":[{"href":"https:\/\/www.elanders.com\/sv\/wp-json\/wp\/v2\/pages\/23914","targetHints":{"allow":["GET"]}}],"collection":[{"href":"https:\/\/www.elanders.com\/sv\/wp-json\/wp\/v2\/pages"}],"about":[{"href":"https:\/\/www.elanders.com\/sv\/wp-json\/wp\/v2\/types\/page"}],"author":[{"embeddable":true,"href":"https:\/\/www.elanders.com\/sv\/wp-json\/wp\/v2\/users\/2"}],"replies":[{"embeddable":true,"href":"https:\/\/www.elanders.com\/sv\/wp-json\/wp\/v2\/comments?post=23914"}],"version-history":[{"count":21,"href":"https:\/\/www.elanders.com\/sv\/wp-json\/wp\/v2\/pages\/23914\/revisions"}],"predecessor-version":[{"id":32472,"href":"https:\/\/www.elanders.com\/sv\/wp-json\/wp\/v2\/pages\/23914\/revisions\/32472"}],"wp:attachment":[{"href":"https:\/\/www.elanders.com\/sv\/wp-json\/wp\/v2\/media?parent=23914"}],"curies":[{"name":"wp","href":"https:\/\/api.w.org\/{rel}","templated":true}]}}