{"id":23933,"date":"2024-09-25T12:53:24","date_gmt":"2024-09-25T12:53:24","guid":{"rendered":"https:\/\/www.elanders.com\/bolagsstyrning\/annual-general-meeting\/"},"modified":"2026-03-24T10:09:09","modified_gmt":"2026-03-24T09:09:09","slug":"bolagsstamma","status":"publish","type":"page","link":"https:\/\/www.elanders.com\/sv\/bolagsstyrning\/bolagsstamma\/","title":{"rendered":"Bolagsst\u00e4mma"},"content":{"rendered":"<section id=\"\" class=\"text-block  space-bottom-yes space-top-yes text-block-id-69dca48dcf321 bg-color-gray text-color-black\">                \r\n                    <div class=\"container\">  \r\n                                              \r\n                        <div class=\"row\">                                        \r\n                        <div class=\"col\">\r\n                            <h1 class=\"textBlock-headline left \">Bolagsst\u00e4mma<\/h1>\r\n                             \r\n                        <\/div>       \r\n                                                          \r\n                    <\/div>    \r\n                                               \r\n                        <div class=\"row text\">\r\n                        <div class=\"col\">\r\n                            <div class=\"textBlock-text text-block-html  \">\r\n                                <p class=\"wp-block-wt-text-block\"><strong>Aktie\u00e4garnas inflytande ut\u00f6vas vid bolagsst\u00e4mman, som \u00e4r Elanders h\u00f6gsta beslutande organ.&nbsp;<\/strong><\/p>\n\r\n                            <\/div>\r\n                        <\/div>                                        \r\n                    <\/div>                                              \r\n                    <\/div>                                \r\n            <\/section>\n\n<section id=\"\" class=\"text-block  space-bottom-yes space-top-yes text-block-id-69dca48dcf432 bg-color-white text-color-black\">                \r\n                    <div class=\"container\">  \r\n                                              \r\n                            \r\n                                               \r\n                        <div class=\"row text\">\r\n                        <div class=\"col\">\r\n                            <div class=\"textBlock-text text-block-html  \">\r\n                                <p class=\"wp-block-wt-text-block\">Alla aktie\u00e4gare som \u00e4r registrerade i aktieboken p\u00e5 avst\u00e4mningsdagen och som har anm\u00e4lt sitt deltagande till st\u00e4mman inom angiven tid har r\u00e4tt att delta i st\u00e4mman. De aktie\u00e4gare som inte har m\u00f6jlighet att n\u00e4rvara personligen ges m\u00f6jlighet att f\u00f6retr\u00e4das genom ombud. Vid bolagsst\u00e4mma ber\u00e4ttigar en A-aktie till tio r\u00f6ster och en B-aktie till en r\u00f6st. A-aktierna och B-aktierna har lika r\u00e4tt till andel i bolagets tillg\u00e5ngar och vinst. Vid bolagsst\u00e4mman f\u00e5r varje r\u00f6stber\u00e4ttigad r\u00f6sta f\u00f6r det fulla antalet innehavda och f\u00f6retr\u00e4dda aktier utan begr\u00e4nsning i r\u00f6str\u00e4tten. Elanders A-aktier omfattas av hembud enligt bolagsordningen.<\/p>\n<p>Bolagsst\u00e4mman beslutar om f\u00f6r\u00e4ndringar i bolagsordningen, v\u00e4ljer ordf\u00f6rande, styrelse och revisorer, fastst\u00e4ller r\u00e4kenskaperna, beslutar om eventuell utdelning och andra dispositioner av resultatet samt ansvarsfrihet f\u00f6r styrelsen. Vidare beslutar st\u00e4mman bland annat om riktlinjer f\u00f6r l\u00f6n och annan ers\u00e4ttning till ledande befattningshavare, eventuella nyemissioner och hur valberedningen ska utses.<\/p>\n<p>Aktie\u00e4gare som \u00f6nskar l\u00e4mna f\u00f6rslag till Elanders valberedning kan v\u00e4nda sig till valberedningen p\u00e5 e-mail: <a href=\"mailto:valberedning@elanders.com\">valberedning@elanders.com<\/a> eller p\u00e5 adress: Elanders AB, Att: Valberedningen, Fl\u00f6jelbergsgatan 1 C, 431 37 M\u00f6lndal.<\/p>\n\r\n                            <\/div>\r\n                        <\/div>                                        \r\n                    <\/div>                                              \r\n                    <\/div>                                \r\n            <\/section>\n\n<section class=\"cta-block\">  \r\n              <div class=\"container\">              \r\n                <div class=\"row\">\r\n                    <div class=\"col-lg-4 col-md-6 mb-3\">\r\n                      <a target=\"_self\" class=\"btn-full btn-full-yellow\" href=\"\/sv\/bolagsstyrning\/bolagsstamma\/arsstamma-2026\/\" class=\"button\">\u00c5rsst\u00e4mma 2026<\/a>\r\n                    <\/div>\r\n                <\/div>                                                                \r\n              <\/div>\r\n            <\/section>\n\n\n<div style=\"height:15px\" aria-hidden=\"true\" class=\"wp-block-spacer\"><\/div>\n\n\n<section id=\"\" class=\"text-block  space-bottom-no space-top-yes text-block-id-69dca48dcf617 bg-color-white text-color-black\">                \r\n                    <div class=\"container\">  \r\n                                              \r\n                        <div class=\"row\">                                        \r\n                        <div class=\"col\">\r\n                            <h3 class=\"textBlock-headline left \">Tidigare bolagsst\u00e4mmor<\/h3>\r\n                             <hr class='horizontal-line' \/>\r\n                        <\/div>       \r\n                                                          \r\n                    <\/div>    \r\n                                               \r\n                        <div class=\"row text\">\r\n                        <div class=\"col\">\r\n                            <div class=\"textBlock-text text-block-html  \">\r\n                                <p class=\"wp-block-wt-text-block\">\n\r\n                            <\/div>\r\n                        <\/div>                                        \r\n                    <\/div>                                              \r\n                    <\/div>                                \r\n            <\/section>\n\n<section class=\"cta-block\">  \r\n              <div class=\"container\">              \r\n                <div class=\"row\">\r\n                    <div class=\"col-lg-4 col-md-6 mb-3\">\r\n                      <a target=\"_self\" class=\"btn-full btn-full-blue\" href=\"\/sv\/bolagsstyrning\/bolagsstamma\/arsstamma-2025\/\" class=\"button\">\u00c5rsst\u00e4mma 2025<\/a>\r\n                    <\/div><div class=\"col-lg-4 col-md-6 mb-3\">\r\n                      <a target=\"_self\" class=\"btn-full btn-full-blue\" href=\"\/sv\/bolagsstyrning\/bolagsstamma\/arsstamma-2024\/\" class=\"button\">\u00c5rsst\u00e4mma 2024<\/a>\r\n                    <\/div><div class=\"col-lg-4 col-md-6 mb-3\">\r\n                      <a target=\"_self\" class=\"btn-full btn-full-blue\" href=\"\/sv\/bolagsstyrning\/bolagsstamma\/arsstamma-2023\/\" class=\"button\">\u00c5rsst\u00e4mma 2023<\/a>\r\n                    <\/div><div class=\"col-lg-4 col-md-6 mb-3\">\r\n                      <a target=\"_self\" class=\"btn-full btn-full-blue\" href=\"\/sv\/bolagsstyrning\/bolagsstamma\/arsstamma-2022\/\" class=\"button\">\u00c5rsst\u00e4mma 2022<\/a>\r\n                    <\/div><div class=\"col-lg-4 col-md-6 mb-3\">\r\n                      <a target=\"_self\" class=\"btn-full btn-full-blue\" href=\"\/sv\/bolagsstyrning\/bolagsstamma\/arsstamma-2021\/\" class=\"button\">\u00c5rsst\u00e4mma 2021<\/a>\r\n                    <\/div><div class=\"col-lg-4 col-md-6 mb-3\">\r\n                      <a target=\"_self\" class=\"btn-full btn-full-blue\" href=\"\/sv\/bolagsstyrning\/bolagsstamma\/arsstamma-2020\/\" class=\"button\">\u00c5rsst\u00e4mma 2020<\/a>\r\n                    <\/div><div class=\"col-lg-4 col-md-6 mb-3\">\r\n                      <a target=\"_self\" class=\"btn-full btn-full-blue\" href=\"\/sv\/bolagsstyrning\/bolagsstamma\/arsstamma-2019\/\" class=\"button\">\u00c5rsst\u00e4mma 2019<\/a>\r\n                    <\/div><div class=\"col-lg-4 col-md-6 mb-3\">\r\n                      <a target=\"_self\" class=\"btn-full btn-full-blue\" href=\"\/sv\/bolagsstyrning\/bolagsstamma\/arsstamma-2018\/\" class=\"button\">\u00c5rsst\u00e4mma 2018<\/a>\r\n                    <\/div><div class=\"col-lg-4 col-md-6 mb-3\">\r\n                      <a target=\"_self\" class=\"btn-full btn-full-blue\" href=\"\/sv\/bolagsstyrning\/bolagsstamma\/arsstamma-2017\/\" class=\"button\">\u00c5rsst\u00e4mma 2017<\/a>\r\n                    <\/div><div class=\"col-lg-4 col-md-6 mb-3\">\r\n                      <a target=\"_self\" class=\"btn-full btn-full-blue\" href=\"\/sv\/investerare\/ovriga-rapporter\/nyemission-2016\/\" class=\"button\">Extra bolagsst\u00e4mma 2016<\/a>\r\n                    <\/div><div class=\"col-lg-4 col-md-6 mb-3\">\r\n                      <a target=\"_self\" class=\"btn-full btn-full-blue\" href=\"\/sv\/bolagsstyrning\/bolagsstamma\/arsstamma-2016\/\" class=\"button\">\u00c5rsst\u00e4mma 2016<\/a>\r\n                    <\/div><div class=\"col-lg-4 col-md-6 mb-3\">\r\n                      <a target=\"_self\" class=\"btn-full btn-full-blue\" href=\"\/sv\/bolagsstyrning\/bolagsstamma\/arsstamma-2015\/\" class=\"button\">\u00c5rsst\u00e4mma 2015<\/a>\r\n                    <\/div><div class=\"col-lg-4 col-md-6 mb-3\">\r\n                      <a target=\"_self\" class=\"btn-full btn-full-blue\" href=\"\/sv\/bolagsstyrning\/bolagsstamma\/arsstamma-2014\/\" class=\"button\">\u00c5rsst\u00e4mma 2014<\/a>\r\n                    <\/div><div class=\"col-lg-4 col-md-6 mb-3\">\r\n                      <a target=\"_self\" class=\"btn-full btn-full-blue\" href=\"\/sv\/bolagsstyrning\/bolagsstamma\/arsstamma-2013\/\" class=\"button\">\u00c5rsst\u00e4mma 2013<\/a>\r\n                    <\/div><div class=\"col-lg-4 col-md-6 mb-3\">\r\n                      <a target=\"_self\" class=\"btn-full btn-full-blue\" href=\"\/sv\/bolagsstyrning\/bolagsstamma\/arsstamma-2012\/\" class=\"button\">\u00c5rsst\u00e4mma 2012<\/a>\r\n                    <\/div>\r\n                <\/div>                                                                \r\n              <\/div>\r\n            <\/section>\n\n\n<div style=\"height:50px\" aria-hidden=\"true\" class=\"wp-block-spacer\"><\/div>\n\n\n\r\n            <section id=\"\" class=\"acc-block acc-block-id-69dca48dcf7c4 tab-file-block  \">\r\n                \r\n                <div class=\"container\">    \r\n                    \r\n        <div class=\"accWrapper\">                                                \r\n            \r\n            <div class=\"row\">\r\n                <div class=\"col-12\">\r\n                    <div class=\"acc-box\">\r\n                        \r\n                        <div class=\"click-area\">                            \r\n                                <p class=\"title\">St\u00e4mmoprotokoll 2012-2025<\/p> <i class=\"bi bi-chevron-double-right\"><\/i>\r\n                        <\/div>\r\n                        \r\n                        <div class=\"content-area add-content position-layout-file-100 add-content-type-file\">\r\n                            \r\n                            <div class=\"content\">\r\n                                <div class=\"text-wrapper\"><\/div>\r\n                                <div class=\"add-content-wrapper\">\r\n                                    <section class=\"icon-block\"><div class=\"container\"><div class=\"row\"><div class=\"icon-block-container col-12\"><a href=\"http:\/\/www.elanders.com\/wp-content\/uploads\/2025\/04\/Stammoprotokoll-2025.pdf\" target=\"_blank\" class=\"icon-red text-color-black\"><i class=\"bi bi-file-earmark-pdf\"><\/i><span>St\u00e4mmoprotokoll 2025<\/span><\/a><\/div><div class=\"icon-block-container col-12\"><a href=\"\/wp-content\/uploads\/2024\/11\/Stammoprotokoll-2024.pdf\" target=\"_blank\" class=\"icon-red text-color-black\"><i class=\"bi bi-file-earmark-pdf\"><\/i><span>St\u00e4mmoprotokoll 2024 <\/span><\/a><\/div><div class=\"icon-block-container col-12\"><a href=\"\/wp-content\/uploads\/2024\/11\/Stammoprotokoll-2023.pdf\" target=\"_blank\" class=\"icon-red text-color-black\"><i class=\"bi bi-file-earmark-pdf\"><\/i><span>St\u00e4mmoprotokoll 2023<\/span><\/a><\/div><div class=\"icon-block-container col-12\"><a href=\"\/wp-content\/uploads\/2024\/11\/Stammoprotokoll-2022.pdf\" target=\"_blank\" class=\"icon-red text-color-black\"><i class=\"bi bi-file-earmark-pdf\"><\/i><span>St\u00e4mmoprotokoll 2022<\/span><\/a><\/div><div class=\"icon-block-container col-12\"><a href=\"\/wp-content\/uploads\/2024\/11\/Stammoprotokoll-2021.pdf\" target=\"_blank\" class=\"icon-red text-color-black\"><i class=\"bi bi-file-earmark-pdf\"><\/i><span>St\u00e4mmoprotokoll 2021<\/span><\/a><\/div><div class=\"icon-block-container col-12\"><a href=\"\/wp-content\/uploads\/2024\/11\/Stammoprotokoll-2020.pdf\" target=\"_blank\" class=\"icon-red text-color-black\"><i class=\"bi bi-file-earmark-pdf\"><\/i><span>St\u00e4mmoprotokoll 2020<\/span><\/a><\/div><div class=\"icon-block-container col-12\"><a href=\"\/wp-content\/uploads\/2024\/11\/Stammoprotokoll-2019.pdf\" target=\"_blank\" class=\"icon-red text-color-black\"><i class=\"bi bi-file-earmark-pdf\"><\/i><span>St\u00e4mmoprotokoll 2019<\/span><\/a><\/div><div class=\"icon-block-container col-12\"><a href=\"\/wp-content\/uploads\/2024\/11\/Stammoprotokoll-2018.pdf\" target=\"_blank\" class=\"icon-red text-color-black\"><i class=\"bi bi-file-earmark-pdf\"><\/i><span>St\u00e4mmoprotokoll 2018<\/span><\/a><\/div><div class=\"icon-block-container col-12\"><a href=\"\/wp-content\/uploads\/2024\/11\/Stammoprotokoll-2017.pdf\" target=\"_blank\" class=\"icon-red text-color-black\"><i class=\"bi bi-file-earmark-pdf\"><\/i><span>St\u00e4mmoprotokoll 2017<\/span><\/a><\/div><div class=\"icon-block-container col-12\"><a href=\"\/wp-content\/uploads\/2024\/11\/3-Protokoll-fran-extra-bolagsstamma-160923.pdf\" target=\"_blank\" class=\"icon-red text-color-black\"><i class=\"bi bi-file-earmark-pdf\"><\/i><span>Protokoll fr\u00e5n extra bolagsst\u00e4mma 160923<\/span><\/a><\/div><div class=\"icon-block-container col-12\"><a href=\"\/wp-content\/uploads\/2024\/11\/Stammoprotokoll-2016.pdf\" target=\"_blank\" class=\"icon-red text-color-black\"><i class=\"bi bi-file-earmark-pdf\"><\/i><span>St\u00e4mmoprotokoll 2016<\/span><\/a><\/div><div class=\"icon-block-container col-12\"><a href=\"\/wp-content\/uploads\/2024\/11\/Stammoprotokoll-2015.pdf\" target=\"_blank\" class=\"icon-red text-color-black\"><i class=\"bi bi-file-earmark-pdf\"><\/i><span>St\u00e4mmoprotokoll 2015<\/span><\/a><\/div><div class=\"icon-block-container col-12\"><a href=\"\/wp-content\/uploads\/2024\/11\/Stammoprotokoll-2014.pdf\" target=\"_blank\" class=\"icon-red text-color-black\"><i class=\"bi bi-file-earmark-pdf\"><\/i><span>St\u00e4mmoprotokoll 2014<\/span><\/a><\/div><div class=\"icon-block-container col-12\"><a href=\"\/wp-content\/uploads\/2024\/11\/Stammoprotokoll-2013.pdf\" target=\"_blank\" class=\"icon-red text-color-black\"><i class=\"bi bi-file-earmark-pdf\"><\/i><span>St\u00e4mmoprotokoll 2013<\/span><\/a><\/div><div class=\"icon-block-container col-12\"><a href=\"\/wp-content\/uploads\/2024\/11\/Stammoprotokoll-2012.pdf\" target=\"_blank\" class=\"icon-red text-color-black\"><i class=\"bi bi-file-earmark-pdf\"><\/i><span>St\u00e4mmoprotokoll 2012<\/span><\/a><\/div><\/div><\/div><\/section>\r\n                                <\/div>\r\n                            <\/div>\r\n                            \r\n                        <\/div>\r\n                        \r\n                    <\/div> \r\n                <\/div>\r\n            <\/div>                                                \r\n        <\/div>                        \r\n                <\/div>                                            \r\n                                      \r\n            <\/section>\r\n            <noscript>\r\n                    <style>\r\n                        \r\n                        .acc-block .acc-box .content {\r\n                            font-size: 18pt;\r\n                            line-height: 26pt;\r\n                            opacity: 1 !important;\r\n                            visibility: visible !important;\r\n                            max-height: inherit !important;\r\n                        }\r\n                        .acc-block .acc-box .content-area {\r\n                            padding-bottom: 20px !important;\r\n                            padding-top: 20px !important;\r\n                        }\r\n                        \r\n                    <\/style>\r\n                <\/noscript>\n\n\n<div style=\"height:75px\" aria-hidden=\"true\" class=\"wp-block-spacer\"><\/div>\n\n\n\n<p><\/p>\n","protected":false},"excerpt":{"rendered":"","protected":false},"author":2,"featured_media":0,"parent":23914,"menu_order":0,"comment_status":"closed","ping_status":"closed","template":"","meta":{"footnotes":""},"class_list":["post-23933","page","type-page","status-publish","hentry"],"yoast_head":"<!-- This site is optimized with the Yoast SEO plugin v27.2 - https:\/\/yoast.com\/product\/yoast-seo-wordpress\/ -->\n<title>Bolagsst\u00e4mma - Elanders Group<\/title>\n<meta name=\"description\" content=\"Aktie\u00e4garnas inflytande ut\u00f6vas vid bolagsst\u00e4mman, som \u00e4r Elanders h\u00f6gsta beslutande organ.\" \/>\n<meta name=\"robots\" content=\"index, follow, max-snippet:-1, max-image-preview:large, max-video-preview:-1\" \/>\n<link rel=\"canonical\" href=\"https:\/\/www.elanders.com\/sv\/bolagsstyrning\/bolagsstamma\/\" \/>\n<meta property=\"og:locale\" content=\"sv_SE\" \/>\n<meta property=\"og:type\" content=\"article\" \/>\n<meta property=\"og:title\" content=\"Bolagsst\u00e4mma - Elanders Group\" \/>\n<meta property=\"og:description\" content=\"Aktie\u00e4garnas inflytande ut\u00f6vas vid bolagsst\u00e4mman, som \u00e4r Elanders h\u00f6gsta beslutande organ.\" \/>\n<meta property=\"og:url\" content=\"https:\/\/www.elanders.com\/sv\/bolagsstyrning\/bolagsstamma\/\" \/>\n<meta property=\"og:site_name\" content=\"Elanders Group\" \/>\n<meta property=\"article:modified_time\" content=\"2026-03-24T09:09:09+00:00\" \/>\n<meta name=\"twitter:card\" content=\"summary_large_image\" \/>\n<meta name=\"twitter:label1\" content=\"Ber\u00e4knad l\u00e4stid\" \/>\n\t<meta name=\"twitter:data1\" content=\"1 minut\" \/>\n<script type=\"application\/ld+json\" class=\"yoast-schema-graph\">{\"@context\":\"https:\/\/schema.org\",\"@graph\":[{\"@type\":\"WebPage\",\"@id\":\"https:\/\/www.elanders.com\/sv\/bolagsstyrning\/bolagsstamma\/\",\"url\":\"https:\/\/www.elanders.com\/sv\/bolagsstyrning\/bolagsstamma\/\",\"name\":\"Bolagsst\u00e4mma - Elanders Group\",\"isPartOf\":{\"@id\":\"https:\/\/www.elanders.com\/#website\"},\"datePublished\":\"2024-09-25T12:53:24+00:00\",\"dateModified\":\"2026-03-24T09:09:09+00:00\",\"description\":\"Aktie\u00e4garnas inflytande ut\u00f6vas vid bolagsst\u00e4mman, som \u00e4r Elanders h\u00f6gsta beslutande organ.\",\"breadcrumb\":{\"@id\":\"https:\/\/www.elanders.com\/sv\/bolagsstyrning\/bolagsstamma\/#breadcrumb\"},\"inLanguage\":\"sv-SE\",\"potentialAction\":[{\"@type\":\"ReadAction\",\"target\":[\"https:\/\/www.elanders.com\/sv\/bolagsstyrning\/bolagsstamma\/\"]}]},{\"@type\":\"BreadcrumbList\",\"@id\":\"https:\/\/www.elanders.com\/sv\/bolagsstyrning\/bolagsstamma\/#breadcrumb\",\"itemListElement\":[{\"@type\":\"ListItem\",\"position\":1,\"name\":\"Home\",\"item\":\"https:\/\/www.elanders.com\/sv\/\"},{\"@type\":\"ListItem\",\"position\":2,\"name\":\"Bolagsstyrning\",\"item\":\"https:\/\/www.elanders.com\/sv\/bolagsstyrning\/\"},{\"@type\":\"ListItem\",\"position\":3,\"name\":\"Bolagsst\u00e4mma\",\"item\":\"https:\/\/www.elanders.com\/sv\/bolagsstyrning\/bolagsstamma\/\"}]},{\"@type\":\"WebSite\",\"@id\":\"https:\/\/www.elanders.com\/#website\",\"url\":\"https:\/\/www.elanders.com\/\",\"name\":\"Welcome to Elanders - Elanders Group\",\"description\":\"\",\"potentialAction\":[{\"@type\":\"SearchAction\",\"target\":{\"@type\":\"EntryPoint\",\"urlTemplate\":\"https:\/\/www.elanders.com\/?s={search_term_string}\"},\"query-input\":{\"@type\":\"PropertyValueSpecification\",\"valueRequired\":true,\"valueName\":\"search_term_string\"}}],\"inLanguage\":\"sv-SE\"}]}<\/script>\n<!-- \/ Yoast SEO plugin. -->","yoast_head_json":{"title":"Bolagsst\u00e4mma - Elanders Group","description":"Aktie\u00e4garnas inflytande ut\u00f6vas vid bolagsst\u00e4mman, som \u00e4r Elanders h\u00f6gsta beslutande organ.","robots":{"index":"index","follow":"follow","max-snippet":"max-snippet:-1","max-image-preview":"max-image-preview:large","max-video-preview":"max-video-preview:-1"},"canonical":"https:\/\/www.elanders.com\/sv\/bolagsstyrning\/bolagsstamma\/","og_locale":"sv_SE","og_type":"article","og_title":"Bolagsst\u00e4mma - Elanders Group","og_description":"Aktie\u00e4garnas inflytande ut\u00f6vas vid bolagsst\u00e4mman, som \u00e4r Elanders h\u00f6gsta beslutande organ.","og_url":"https:\/\/www.elanders.com\/sv\/bolagsstyrning\/bolagsstamma\/","og_site_name":"Elanders Group","article_modified_time":"2026-03-24T09:09:09+00:00","twitter_card":"summary_large_image","twitter_misc":{"Ber\u00e4knad l\u00e4stid":"1 minut"},"schema":{"@context":"https:\/\/schema.org","@graph":[{"@type":"WebPage","@id":"https:\/\/www.elanders.com\/sv\/bolagsstyrning\/bolagsstamma\/","url":"https:\/\/www.elanders.com\/sv\/bolagsstyrning\/bolagsstamma\/","name":"Bolagsst\u00e4mma - Elanders Group","isPartOf":{"@id":"https:\/\/www.elanders.com\/#website"},"datePublished":"2024-09-25T12:53:24+00:00","dateModified":"2026-03-24T09:09:09+00:00","description":"Aktie\u00e4garnas inflytande ut\u00f6vas vid bolagsst\u00e4mman, som \u00e4r Elanders h\u00f6gsta beslutande organ.","breadcrumb":{"@id":"https:\/\/www.elanders.com\/sv\/bolagsstyrning\/bolagsstamma\/#breadcrumb"},"inLanguage":"sv-SE","potentialAction":[{"@type":"ReadAction","target":["https:\/\/www.elanders.com\/sv\/bolagsstyrning\/bolagsstamma\/"]}]},{"@type":"BreadcrumbList","@id":"https:\/\/www.elanders.com\/sv\/bolagsstyrning\/bolagsstamma\/#breadcrumb","itemListElement":[{"@type":"ListItem","position":1,"name":"Home","item":"https:\/\/www.elanders.com\/sv\/"},{"@type":"ListItem","position":2,"name":"Bolagsstyrning","item":"https:\/\/www.elanders.com\/sv\/bolagsstyrning\/"},{"@type":"ListItem","position":3,"name":"Bolagsst\u00e4mma","item":"https:\/\/www.elanders.com\/sv\/bolagsstyrning\/bolagsstamma\/"}]},{"@type":"WebSite","@id":"https:\/\/www.elanders.com\/#website","url":"https:\/\/www.elanders.com\/","name":"Welcome to Elanders - Elanders Group","description":"","potentialAction":[{"@type":"SearchAction","target":{"@type":"EntryPoint","urlTemplate":"https:\/\/www.elanders.com\/?s={search_term_string}"},"query-input":{"@type":"PropertyValueSpecification","valueRequired":true,"valueName":"search_term_string"}}],"inLanguage":"sv-SE"}]}},"_links":{"self":[{"href":"https:\/\/www.elanders.com\/sv\/wp-json\/wp\/v2\/pages\/23933","targetHints":{"allow":["GET"]}}],"collection":[{"href":"https:\/\/www.elanders.com\/sv\/wp-json\/wp\/v2\/pages"}],"about":[{"href":"https:\/\/www.elanders.com\/sv\/wp-json\/wp\/v2\/types\/page"}],"author":[{"embeddable":true,"href":"https:\/\/www.elanders.com\/sv\/wp-json\/wp\/v2\/users\/2"}],"replies":[{"embeddable":true,"href":"https:\/\/www.elanders.com\/sv\/wp-json\/wp\/v2\/comments?post=23933"}],"version-history":[{"count":54,"href":"https:\/\/www.elanders.com\/sv\/wp-json\/wp\/v2\/pages\/23933\/revisions"}],"predecessor-version":[{"id":32460,"href":"https:\/\/www.elanders.com\/sv\/wp-json\/wp\/v2\/pages\/23933\/revisions\/32460"}],"up":[{"embeddable":true,"href":"https:\/\/www.elanders.com\/sv\/wp-json\/wp\/v2\/pages\/23914"}],"wp:attachment":[{"href":"https:\/\/www.elanders.com\/sv\/wp-json\/wp\/v2\/media?parent=23933"}],"curies":[{"name":"wp","href":"https:\/\/api.w.org\/{rel}","templated":true}]}}