{"id":23944,"date":"2024-09-25T12:57:54","date_gmt":"2024-09-25T12:57:54","guid":{"rendered":"https:\/\/www.elanders.com\/bolagsstyrning\/articles-of-association\/"},"modified":"2026-03-23T17:02:36","modified_gmt":"2026-03-23T16:02:36","slug":"bolagsordning","status":"publish","type":"page","link":"https:\/\/www.elanders.com\/sv\/bolagsstyrning\/bolagsordning\/","title":{"rendered":"Bolagsordning"},"content":{"rendered":"\n<p><\/p>\n\n\n<section id=\"\" class=\"text-block  space-bottom-yes space-top-yes text-block-id-69e690bac1783 bg-color-gray text-color-black\">                \r\n                    <div class=\"container\">  \r\n                                              \r\n                        <div class=\"row\">                                        \r\n                        <div class=\"col\">\r\n                            <h1 class=\"textBlock-headline left \">Bolagsordning<\/h1>\r\n                             \r\n                        <\/div>       \r\n                                                          \r\n                    <\/div>    \r\n                                               \r\n                        <div class=\"row text\">\r\n                        <div class=\"col\">\r\n                            <div class=\"textBlock-text text-block-html  \">\r\n                                <p class=\"wp-block-wt-text-block\"><strong>Bolagsordning f\u00f6r Elanders AB (publ)<\/strong><br \/><strong>Org. nr: 556008-1621<\/strong><\/p>\n\r\n                            <\/div>\r\n                        <\/div>                                        \r\n                    <\/div>                                              \r\n                    <\/div>                                \r\n            <\/section>\n\n<section id=\"\" class=\"text-block  space-bottom-no space-top-yes text-block-id-69e690bac1847 bg-color-white text-color-black\">                \r\n                    <div class=\"container\">  \r\n                                              \r\n                            \r\n                                               \r\n                        <div class=\"row text\">\r\n                        <div class=\"col\">\r\n                            <div class=\"textBlock-text text-block-html  \">\r\n                                <p class=\"wp-block-wt-text-block\"><strong>\u00a7 1<\/strong><br \/>Bolaget \u00e4r ett publikt bolag med firma Elanders AB (publ).<\/p>\n<p><strong>\u00a7 2<\/strong><br \/>Bolaget har till f\u00f6rem\u00e5l f\u00f6r sin verksamhet att, direkt eller indirekt, tillhandah\u00e5lla logistik- och produktionstj\u00e4nster, \u00e4ga och f\u00f6rvalta fast och l\u00f6s egendom samt d\u00e4rmed f\u00f6renlig verksamhet.<\/p>\n<p><strong>\u00a7 3<\/strong><br \/>Aktiekapitalet skall utg\u00f6ra l\u00e4gst 90.000.000 kronor och h\u00f6gst 360.000.000 kronor.<\/p>\n<p><strong>\u00a7 4<\/strong><br \/>Antalet aktier skall vara l\u00e4gst 9.000.000 och h\u00f6gst 36.000.000.<\/p>\n<p>Aktier skall uppdelas i tv\u00e5 serier, serie A och serie B. Aktier av serie A skall kunna utges till ett antal motsvarande h\u00f6gst halva aktiekapitalet och aktier av serie B skall kunna utges till ett antal motsvarande h\u00f6gst hela aktiekapitalet. Aktier tillh\u00f6rande serie A skall medf\u00f6ra 10 r\u00f6ster och aktier tillh\u00f6rande serie B skall medf\u00f6ra 1 r\u00f6st.<\/p>\n<p><strong>\u00a7 5<\/strong><br \/>Styrelsen har sitt s\u00e4te i M\u00f6lndals kommun.<\/p>\n<p><strong>\u00a7 6<\/strong><br \/>Styrelsen skall best\u00e5 av l\u00e4gst tre och h\u00f6gst tio ledam\u00f6ter med h\u00f6gst tv\u00e5 suppleanter.<\/p>\n<p><strong>\u00a7 7<\/strong><br \/>Bolaget skall ha en eller tv\u00e5 revisorer med h\u00f6gst tv\u00e5 suppleanter. Till revisor skall utses auktoriserad revisor eller registrerat revisionsbolag.<\/p>\n<p><strong>\u00a7 8<\/strong><br \/>Bolagets r\u00e4kenskaps\u00e5r skall omfatta tiden 1 januari \u2013 31 december.<\/p>\n<p><strong>\u00a7 9<\/strong><br \/>Bolagsst\u00e4mma skall h\u00e5llas d\u00e4r styrelsen har sitt s\u00e4te eller i G\u00f6teborg.<\/p>\n<p>P\u00e5 \u00e5rsst\u00e4mma skall f\u00f6ljande \u00e4renden f\u00f6rekomma till behandling:<\/p>\n\r\n                            <\/div>\r\n                        <\/div>                                        \r\n                    <\/div>                                              \r\n                    <\/div>                                \r\n            <\/section>\n\n<section id=\"left\" class=\"text-block left space-bottom-no space-top-no text-block-id-69e690bac1935 bg-color-white text-color-black\">                \r\n                    <div class=\"container\">  \r\n                                              \r\n                            \r\n                                               \r\n                        <div class=\"row text\">\r\n                        <div class=\"col\">\r\n                            <div class=\"textBlock-text text-block-html  \">\r\n                                <ol>\n\t<li>Val av ordf\u00f6rande vid st\u00e4mman.<\/li>\n\t<li>Uppr\u00e4ttande och godk\u00e4nnande av r\u00f6stl\u00e4ngd.<\/li>\n\t<li>Val av tv\u00e5 justerare.<\/li>\n\t<li>Pr\u00f6vning av om st\u00e4mman blivit beh\u00f6rigen sammankallad.<\/li>\n\t<li>Godk\u00e4nnande av dagordningen.<\/li>\n\t<li>Framl\u00e4ggande av \u00e5rsredovisningen och revisionsber\u00e4ttelsen samt koncernredovisningen och koncernrevisionsber\u00e4ttelsen.<\/li>\n\t<li>Beslut i fr\u00e5ga om<br>\na) fastst\u00e4llelse av resultatr\u00e4kningen och balansr\u00e4kningen samt koncernresultatr\u00e4kning och koncernbalansr\u00e4kningen,<br>\nb) dispositioner betr\u00e4ffande bolagets vinst eller f\u00f6rlust enligt den fastst\u00e4llda balansr\u00e4kningen,<br>\nc) ansvarsfrihet \u00e5t styrelseledam\u00f6ter och verkst\u00e4llande direkt\u00f6r.<\/li>\n\t<li>Fastst\u00e4llande av antalet styrelseledam\u00f6ter och styrelsesuppleanter samt, i f\u00f6rekommande fall, antalet revisorer och revisorssuppleanter.<\/li>\n\t<li>Fastst\u00e4llande av arvoden till styrelsen och, i f\u00f6rekommande fall, revisor.<\/li>\n\t<li>Val av styrelse och, i f\u00f6rekommande fall, revisor.<\/li>\n\t<li>Val av valberedning.<\/li>\n\t<li>Styrelsens f\u00f6rslag till beslut om riktlinjer f\u00f6r ers\u00e4ttning till ledande\u00a0befattningshavare.<\/li>\n\t<li>Annat \u00e4rende, som ankommer p\u00e5 st\u00e4mman enligt aktiebolagslagen eller bolagsordningen.<\/li>\n<\/ol>\r\n                            <\/div>\r\n                        <\/div>                                        \r\n                    <\/div>                                              \r\n                    <\/div>                                \r\n            <\/section>\n\n\n<div style=\"height:10px\" aria-hidden=\"true\" class=\"wp-block-spacer\"><\/div>\n\n\n<section id=\"\" class=\"text-block  space-bottom-yes space-top-no text-block-id-69e690bac1a4a bg-color-white text-color-black\">                \r\n                    <div class=\"container\">  \r\n                                              \r\n                            \r\n                                               \r\n                        <div class=\"row text\">\r\n                        <div class=\"col\">\r\n                            <div class=\"textBlock-text text-block-html  \">\r\n                                <p class=\"wp-block-wt-text-block\"><strong>\u00a7 10<\/strong><br \/>Kallelse till bolagsst\u00e4mma skall ske genom annonsering i Post- och Inrikes Tidningar samt p\u00e5 bolagets webbplats. Att kallelse har skett skall annonseras i Dagens Industri.<\/p>\n<p><strong>\u00a7 11<\/strong><br \/>En aktie\u00e4gare som vill delta i bolagsst\u00e4mma skall anm\u00e4la detta till bolaget senast kl 13.00 den dag som anges i kallelsen till bolagsst\u00e4mman. Denna dag f\u00e5r inte vara s\u00f6ndag, annan allm\u00e4n helgdag, l\u00f6rdag, midsommarafton, julafton eller ny\u00e5rsafton och inte infalla tidigare \u00e4n femte vardagen f\u00f6re bolagsst\u00e4mman. Om en aktie\u00e4gare vill ha med sig bitr\u00e4den vid bolagsst\u00e4mman skall antalet bitr\u00e4den (h\u00f6gst tv\u00e5) anges i anm\u00e4lan.<\/p>\n<p><strong>\u00a7 12<\/strong><br \/>Bolagets aktier skall vara registrerade i ett avst\u00e4mningsregister enligt lagen (1998:1479) om kontof\u00f6ring av finansiella instrument.<\/p>\n<p><strong>\u00a7 13<\/strong><br \/>Om en A-aktie har \u00f6verg\u00e5tt till en ny \u00e4gare, som inte f\u00f6rut \u00e4r A-aktie\u00e4gare, har \u00f6vriga A-aktie\u00e4gare r\u00e4tt att l\u00f6sa aktien. Aktiens nya \u00e4gare skall snarast anm\u00e4la aktie\u00f6verg\u00e5ngen till bolagets styrelse p\u00e5 det s\u00e4tt som aktiebolagslagen f\u00f6reskriver (hembud).&nbsp; L\u00f6sen f\u00e5r ej ske av ett mindre antal aktier \u00e4n hembudet omfattar. Styrelsen skall genast l\u00e4mna en underr\u00e4ttelse om hembudet till varje l\u00f6sningsber\u00e4ttigad med k\u00e4nd postadress.&nbsp; I underr\u00e4ttelsen skall l\u00e4mnas uppgift om den tid inom vilken l\u00f6sningsanspr\u00e5k skall framst\u00e4llas. L\u00f6sningsanspr\u00e5k skall framst\u00e4llas inom tv\u00e5 m\u00e5nader fr\u00e5n beh\u00f6rigt hembud enligt ovan.&nbsp; Om l\u00f6sningsanspr\u00e5k framst\u00e4lls av fler \u00e4n en l\u00f6sningsber\u00e4ttigad, skall samtliga aktier s\u00e5 l\u00e5ngt det \u00e4r m\u00f6jligt f\u00f6rdelas j\u00e4mnt mellan de l\u00f6sningsber\u00e4ttigade som framst\u00e4llt l\u00f6sningsanspr\u00e5k. \u00c5terst\u00e5ende aktier skall f\u00f6rdelas genom lottning verkst\u00e4lld av notarius publicus.<\/p>\n<p>Om aktien har \u00f6verg\u00e5tt genom f\u00f6rs\u00e4ljning, skall l\u00f6senbeloppet motsvara k\u00f6peskillingen. Om f\u00f6rv\u00e4rvaren och den som har beg\u00e4rt att f\u00e5 l\u00f6sa in aktierna inte kommer \u00f6verens i fr\u00e5gan om inl\u00f6sen, f\u00e5r den som har beg\u00e4rt inl\u00f6sen v\u00e4cka talan inom tv\u00e5 m\u00e5nader fr\u00e5n den dag l\u00f6sningsanspr\u00e5ket framst\u00e4lldes hos bolagets styrelse. S\u00e5dan tvist skall avg\u00f6ras av skiljem\u00e4n. L\u00f6senbeloppet skall betalas inom en m\u00e5nad fr\u00e5n den tidpunkt d\u00e5 l\u00f6senbeloppet blev best\u00e4mt.<\/p>\n<p><strong>\u00a7 14<\/strong><br \/>Beslutar bolaget att genom kontantemission eller kvittningsemission ge ut nya aktier av serie A och serie B, skall \u00e4gare av serie A och serie B \u00e4ga f\u00f6retr\u00e4desr\u00e4tt att teckna nya aktier av samma aktieslag i f\u00f6rh\u00e5llande till det antal aktier innehavaren f\u00f6rut \u00e4ger (prim\u00e4r f\u00f6retr\u00e4desr\u00e4tt). Aktier som inte tecknas med prim\u00e4r f\u00f6retr\u00e4desr\u00e4tt skall erbjudas samtliga aktie\u00e4gare till teckning (subsidi\u00e4r f\u00f6retr\u00e4desr\u00e4tt). Om inte s\u00e5lunda erbjudna aktier r\u00e4cker f\u00f6r den teckning som sker med subsidi\u00e4r f\u00f6retr\u00e4desr\u00e4tt, skall aktierna f\u00f6rdelas mellan tecknarna i f\u00f6rh\u00e5llande till det antal aktier de f\u00f6rut \u00e4ger och i den m\u00e5n detta inte kan ske, genom lottning.<\/p>\n<p>Beslutar bolaget att genom kontantemission eller kvittningsemission ge ut aktier av serie A eller serie B, skall samtliga aktie\u00e4gare, oavsett om deras aktier avser serie A eller serie B, \u00e4ga f\u00f6retr\u00e4desr\u00e4tt att teckna nya aktier i f\u00f6rh\u00e5llande till det antal aktier de f\u00f6rut \u00e4ger.<\/p>\n<p>Beslutar bolaget att genom kontantemission eller kvittningsemission ge ut teckningsoptioner eller konvertibler har aktie\u00e4garna f\u00f6retr\u00e4desr\u00e4tt att teckna teckningsoptioner som om emissionen g\u00e4llde de aktier som kan komma att nytecknas p\u00e5 grund av optionsr\u00e4tten respektive f\u00f6retr\u00e4desr\u00e4tt att teckna konvertibler som om emissionen g\u00e4llde de aktier som konvertiblerna kan komma att bytas ut mot.<\/p>\n<p>Vad som ovan sagts skall inte inneb\u00e4ra n\u00e5gon inskr\u00e4nkning i m\u00f6jligheten att fatta beslut om kontantemission eller kvittningsemission med avvikelse fr\u00e5n aktie\u00e4garnas f\u00f6retr\u00e4desr\u00e4tt.<\/p>\n<p>Vid \u00f6kning av aktiekapitalet genom fondemission skall nya aktier emitteras av varje aktieslag i f\u00f6rh\u00e5llande till det antal aktier av samma slag som finns sedan tidigare. D\u00e4rvid skall gamla aktier av visst aktieslag medf\u00f6ra r\u00e4tt till nya aktier av samma aktieslag. Vad nu sagts skall inte inneb\u00e4ra n\u00e5gon inskr\u00e4nkning i m\u00f6jligheten att genom fondemission efter erforderlig \u00e4ndring av bolagsordningen, ge ut aktier av nytt slag.<\/p>\n<p><strong>\u00a7 15<\/strong><br \/>Styrelsen f\u00e5r samla in fullmakter p\u00e5 bolagets bekostnad enligt det f\u00f6rfarande som anges i 7 kap 4 \u00a7 andra stycket aktiebolagslagen.<\/p>\n\r\n                            <\/div>\r\n                        <\/div>                                        \r\n                    <\/div>                                              \r\n                    <\/div>                                \r\n            <\/section>\n\n<section id=\"\" class=\"text-block  space-bottom-yes space-top-yes text-block-id-69e690bac1b29 bg-color-white text-color-black\">                \r\n                    <div class=\"container\">  \r\n                                              \r\n                            \r\n                                               \r\n                        <div class=\"row text\">\r\n                        <div class=\"col\">\r\n                            <div class=\"textBlock-text text-block-html  \">\r\n                                <p class=\"wp-block-wt-text-block\"><em>Antagen p\u00e5 bolagsst\u00e4mman 2019-04-29<\/em>.<\/p>\n\r\n                            <\/div>\r\n                        <\/div>                                        \r\n                    <\/div>                                              \r\n                    <\/div>                                \r\n            <\/section>\n\n\n<div style=\"height:50px\" aria-hidden=\"true\" class=\"wp-block-spacer\"><\/div>\n\n\n\n<p><\/p>\n","protected":false},"excerpt":{"rendered":"","protected":false},"author":2,"featured_media":0,"parent":23914,"menu_order":0,"comment_status":"closed","ping_status":"closed","template":"","meta":{"footnotes":""},"class_list":["post-23944","page","type-page","status-publish","hentry"],"yoast_head":"<!-- This site is optimized with the Yoast SEO plugin v27.2 - https:\/\/yoast.com\/product\/yoast-seo-wordpress\/ -->\n<title>Bolagsordning - Elanders Group<\/title>\n<meta name=\"description\" content=\"Bolagsordning f\u00f6r Elanders AB (publ).\" \/>\n<meta name=\"robots\" content=\"index, follow, max-snippet:-1, max-image-preview:large, max-video-preview:-1\" \/>\n<link rel=\"canonical\" href=\"https:\/\/www.elanders.com\/sv\/bolagsstyrning\/bolagsordning\/\" \/>\n<meta property=\"og:locale\" content=\"sv_SE\" \/>\n<meta property=\"og:type\" content=\"article\" \/>\n<meta property=\"og:title\" content=\"Bolagsordning - Elanders Group\" \/>\n<meta property=\"og:description\" content=\"Bolagsordning f\u00f6r Elanders AB (publ).\" \/>\n<meta property=\"og:url\" content=\"https:\/\/www.elanders.com\/sv\/bolagsstyrning\/bolagsordning\/\" \/>\n<meta property=\"og:site_name\" content=\"Elanders Group\" \/>\n<meta property=\"article:modified_time\" content=\"2026-03-23T16:02:36+00:00\" \/>\n<meta name=\"twitter:card\" content=\"summary_large_image\" \/>\n<meta name=\"twitter:label1\" content=\"Ber\u00e4knad l\u00e4stid\" \/>\n\t<meta name=\"twitter:data1\" content=\"4 minuter\" \/>\n<script type=\"application\/ld+json\" class=\"yoast-schema-graph\">{\"@context\":\"https:\/\/schema.org\",\"@graph\":[{\"@type\":\"WebPage\",\"@id\":\"https:\/\/www.elanders.com\/sv\/bolagsstyrning\/bolagsordning\/\",\"url\":\"https:\/\/www.elanders.com\/sv\/bolagsstyrning\/bolagsordning\/\",\"name\":\"Bolagsordning - Elanders Group\",\"isPartOf\":{\"@id\":\"https:\/\/www.elanders.com\/#website\"},\"datePublished\":\"2024-09-25T12:57:54+00:00\",\"dateModified\":\"2026-03-23T16:02:36+00:00\",\"description\":\"Bolagsordning f\u00f6r Elanders AB (publ).\",\"breadcrumb\":{\"@id\":\"https:\/\/www.elanders.com\/sv\/bolagsstyrning\/bolagsordning\/#breadcrumb\"},\"inLanguage\":\"sv-SE\",\"potentialAction\":[{\"@type\":\"ReadAction\",\"target\":[\"https:\/\/www.elanders.com\/sv\/bolagsstyrning\/bolagsordning\/\"]}]},{\"@type\":\"BreadcrumbList\",\"@id\":\"https:\/\/www.elanders.com\/sv\/bolagsstyrning\/bolagsordning\/#breadcrumb\",\"itemListElement\":[{\"@type\":\"ListItem\",\"position\":1,\"name\":\"Home\",\"item\":\"https:\/\/www.elanders.com\/sv\/\"},{\"@type\":\"ListItem\",\"position\":2,\"name\":\"Bolagsstyrning\",\"item\":\"https:\/\/www.elanders.com\/sv\/bolagsstyrning\/\"},{\"@type\":\"ListItem\",\"position\":3,\"name\":\"Bolagsordning\"}]},{\"@type\":\"WebSite\",\"@id\":\"https:\/\/www.elanders.com\/#website\",\"url\":\"https:\/\/www.elanders.com\/\",\"name\":\"Welcome to Elanders - Elanders Group\",\"description\":\"\",\"potentialAction\":[{\"@type\":\"SearchAction\",\"target\":{\"@type\":\"EntryPoint\",\"urlTemplate\":\"https:\/\/www.elanders.com\/?s={search_term_string}\"},\"query-input\":{\"@type\":\"PropertyValueSpecification\",\"valueRequired\":true,\"valueName\":\"search_term_string\"}}],\"inLanguage\":\"sv-SE\"}]}<\/script>\n<!-- \/ Yoast SEO plugin. -->","yoast_head_json":{"title":"Bolagsordning - Elanders Group","description":"Bolagsordning f\u00f6r Elanders AB (publ).","robots":{"index":"index","follow":"follow","max-snippet":"max-snippet:-1","max-image-preview":"max-image-preview:large","max-video-preview":"max-video-preview:-1"},"canonical":"https:\/\/www.elanders.com\/sv\/bolagsstyrning\/bolagsordning\/","og_locale":"sv_SE","og_type":"article","og_title":"Bolagsordning - Elanders Group","og_description":"Bolagsordning f\u00f6r Elanders AB (publ).","og_url":"https:\/\/www.elanders.com\/sv\/bolagsstyrning\/bolagsordning\/","og_site_name":"Elanders Group","article_modified_time":"2026-03-23T16:02:36+00:00","twitter_card":"summary_large_image","twitter_misc":{"Ber\u00e4knad l\u00e4stid":"4 minuter"},"schema":{"@context":"https:\/\/schema.org","@graph":[{"@type":"WebPage","@id":"https:\/\/www.elanders.com\/sv\/bolagsstyrning\/bolagsordning\/","url":"https:\/\/www.elanders.com\/sv\/bolagsstyrning\/bolagsordning\/","name":"Bolagsordning - Elanders Group","isPartOf":{"@id":"https:\/\/www.elanders.com\/#website"},"datePublished":"2024-09-25T12:57:54+00:00","dateModified":"2026-03-23T16:02:36+00:00","description":"Bolagsordning f\u00f6r Elanders AB (publ).","breadcrumb":{"@id":"https:\/\/www.elanders.com\/sv\/bolagsstyrning\/bolagsordning\/#breadcrumb"},"inLanguage":"sv-SE","potentialAction":[{"@type":"ReadAction","target":["https:\/\/www.elanders.com\/sv\/bolagsstyrning\/bolagsordning\/"]}]},{"@type":"BreadcrumbList","@id":"https:\/\/www.elanders.com\/sv\/bolagsstyrning\/bolagsordning\/#breadcrumb","itemListElement":[{"@type":"ListItem","position":1,"name":"Home","item":"https:\/\/www.elanders.com\/sv\/"},{"@type":"ListItem","position":2,"name":"Bolagsstyrning","item":"https:\/\/www.elanders.com\/sv\/bolagsstyrning\/"},{"@type":"ListItem","position":3,"name":"Bolagsordning"}]},{"@type":"WebSite","@id":"https:\/\/www.elanders.com\/#website","url":"https:\/\/www.elanders.com\/","name":"Welcome to Elanders - Elanders Group","description":"","potentialAction":[{"@type":"SearchAction","target":{"@type":"EntryPoint","urlTemplate":"https:\/\/www.elanders.com\/?s={search_term_string}"},"query-input":{"@type":"PropertyValueSpecification","valueRequired":true,"valueName":"search_term_string"}}],"inLanguage":"sv-SE"}]}},"_links":{"self":[{"href":"https:\/\/www.elanders.com\/sv\/wp-json\/wp\/v2\/pages\/23944","targetHints":{"allow":["GET"]}}],"collection":[{"href":"https:\/\/www.elanders.com\/sv\/wp-json\/wp\/v2\/pages"}],"about":[{"href":"https:\/\/www.elanders.com\/sv\/wp-json\/wp\/v2\/types\/page"}],"author":[{"embeddable":true,"href":"https:\/\/www.elanders.com\/sv\/wp-json\/wp\/v2\/users\/2"}],"replies":[{"embeddable":true,"href":"https:\/\/www.elanders.com\/sv\/wp-json\/wp\/v2\/comments?post=23944"}],"version-history":[{"count":13,"href":"https:\/\/www.elanders.com\/sv\/wp-json\/wp\/v2\/pages\/23944\/revisions"}],"predecessor-version":[{"id":32313,"href":"https:\/\/www.elanders.com\/sv\/wp-json\/wp\/v2\/pages\/23944\/revisions\/32313"}],"up":[{"embeddable":true,"href":"https:\/\/www.elanders.com\/sv\/wp-json\/wp\/v2\/pages\/23914"}],"wp:attachment":[{"href":"https:\/\/www.elanders.com\/sv\/wp-json\/wp\/v2\/media?parent=23944"}],"curies":[{"name":"wp","href":"https:\/\/api.w.org\/{rel}","templated":true}]}}