{"id":23992,"date":"2024-11-06T14:57:00","date_gmt":"2024-11-06T14:57:00","guid":{"rendered":"https:\/\/www.elanders.com\/bolagsstyrning\/bolagsstamma\/annual-general-meeting-2013\/"},"modified":"2024-11-06T15:02:54","modified_gmt":"2024-11-06T15:02:54","slug":"arsstamma-2013","status":"publish","type":"page","link":"https:\/\/www.elanders.com\/sv\/bolagsstyrning\/bolagsstamma\/arsstamma-2013\/","title":{"rendered":"\u00c5rsst\u00e4mma 2013"},"content":{"rendered":"\n<p><\/p>\n\n\n<section id=\"\" class=\"text-block  space-bottom-yes space-top-yes text-block-id-69dcbb72c6ba3 bg-color-gray text-color-black\">                \r\n                    <div class=\"container\">  \r\n                                              \r\n                        <div class=\"row\">                                        \r\n                        <div class=\"col\">\r\n                            <h1 class=\"textBlock-headline left \">\u00c5rsst\u00e4mman 2013<\/h1>\r\n                             \r\n                        <\/div>       \r\n                                                          \r\n                    <\/div>    \r\n                                               \r\n                        <div class=\"row text\">\r\n                        <div class=\"col\">\r\n                            <div class=\"textBlock-text text-block-html  \">\r\n                                <p class=\"wp-block-wt-text-block\"><strong>\u00c5rsst\u00e4mman 2013 h\u00f6lls tisdagen den 7 maj 2013 kl 15.00 i Elanders lokaler, Designv\u00e4gen 2, M\u00f6lnlycke.<\/strong><\/p>\n\r\n                            <\/div>\r\n                        <\/div>                                        \r\n                    <\/div>                                              \r\n                    <\/div>                                \r\n            <\/section>\n\n<section id=\"\" class=\"text-block  space-bottom-yes space-top-yes text-block-id-69dcbb72c7137 bg-color-white text-color-black\">                \r\n                    <div class=\"container\">  \r\n                                              \r\n                            \r\n                                               \r\n                        <div class=\"row text\">\r\n                        <div class=\"col\">\r\n                            <div class=\"textBlock-text text-block-html  \">\r\n                                <p class=\"wp-block-wt-text-block\">I sitt anf\u00f6rande ber\u00e4ttade koncernchefen Magnus Nilsson om de trender som \u00e4r p\u00e5 marknaden; att kunderna minskar antalet leverant\u00f6rer, den konsolidering som sker av tryckerier och att tryckerier f\u00f6r att kunna lyckas p\u00e5 marknaden m\u00e5ste kunna erbjuda tekniskt avancerade best\u00e4llningsl\u00f6sningar till sina kunder. Trenden att ink\u00f6p av trycksaker centraliseras allt mer inom st\u00f6rre internationella koncerner forts\u00e4tter och \u00e5terspeglas i Elanders utveckling av andelen globala aff\u00e4rer. Fr\u00e5n att ha varit 7 procent \u00e5r 2007 utg\u00f6r nu denna andel 32 procent av koncernens oms\u00e4ttning efter f\u00f6rsta kvartalet 2013. Vidare redogjorde Magnus Nilsson f\u00f6r de konkurrensf\u00f6rdelar Elanders har gentemot sina konkurrenter med sin globala n\u00e4rvaro och sin m\u00f6jlighet att kunna utnyttja l\u00e5gkostnadsproduktion f\u00f6r att m\u00f6ta den prispress som finns p\u00e5 marknaden.<\/p>\n<p>Elanders vision f\u00f6r 2016 vad g\u00e4ller f\u00f6rdelningen av oms\u00e4ttningen p\u00e5 de tre produktomr\u00e5dena Commercial Print, Packaging och e-Commerce st\u00e5r fast. Idag utg\u00f6r Commercial Print n\u00e4rmare 75 % av koncernens totala oms\u00e4ttning. M\u00e5ls\u00e4ttningen f\u00f6r 2016 \u00e4r att Commercial Print vid utg\u00e5ngen av \u00e5ret ska utg\u00f6ra 40 % av oms\u00e4ttningen samtidigt som andelen f\u00f6r Packaging och e-Commerce uppg\u00e5r till 60 %. Att lyckas g\u00f6ra denna omst\u00e4llning helt organiskt \u00e4r dock inte m\u00f6jligt, utan det f\u00f6ruts\u00e4tter sannolikt n\u00e5gon form av f\u00f6rv\u00e4rv.<\/p>\n\r\n                            <\/div>\r\n                        <\/div>                                        \r\n                    <\/div>                                              \r\n                    <\/div>                                \r\n            <\/section>\n\n\r\n            <section id=\"\" class=\"acc-block acc-block-id-69dcbb72c7210 tab-file-block  \">\r\n                \r\n                <div class=\"container\">    \r\n                    \r\n        <div class=\"accWrapper\">                                                \r\n            \r\n            <div class=\"row\">\r\n                <div class=\"col-12\">\r\n                    <div class=\"acc-box\">\r\n                        \r\n                        <div class=\"click-area\">                            \r\n                                <p class=\"title\">Dokumentation<\/p> <i class=\"bi bi-chevron-double-right\"><\/i>\r\n                        <\/div>\r\n                        \r\n                        <div class=\"content-area add-content position-layout-file-100 add-content-type-file\">\r\n                            \r\n                            <div class=\"content\">\r\n                                <div class=\"text-wrapper\"><\/div>\r\n                                <div class=\"add-content-wrapper\">\r\n                                    <section class=\"icon-block\"><div class=\"container\"><div class=\"row\"><div class=\"icon-block-container col-12\"><a href=\"\/sv\/2013\/05\/07\/rapport-fran-arsstamman-2013\/\" target=\"_blank\" class=\"icon-blue text-color-black\"><i class=\"bi bi-file-earmark-text\"><\/i><span>2013-05-07 Rapport fr\u00e5n \u00e5rsst\u00e4mman 2013<\/span><\/a><\/div><div class=\"icon-block-container col-12\"><a href=\"\/sv\/press\/elanders-ab-valkommen-till-elanders-arsstamma-79c04a02\/\" target=\"_blank\" class=\"icon-blue text-color-black\"><i class=\"bi bi-file-earmark-text\"><\/i><span>2013-04-04 V\u00e4lkommen till Elanders \u00e5rsst\u00e4mma 2013<\/span><\/a><\/div><div class=\"icon-block-container col-12\"><a href=\"\/wp-content\/uploads\/2024\/11\/1-Inbjudan-arsstamma-2013-SWE.pdf\" target=\"_blank\" class=\"icon-red text-color-black\"><i class=\"bi bi-file-earmark-pdf\"><\/i><span>Inbjudan \u00e5rsst\u00e4mma 2013<\/span><\/a><\/div><div class=\"icon-block-container col-12\"><a href=\"\/wp-content\/uploads\/2024\/11\/2-Kallelse-2013-SWE.pdf\" target=\"_blank\" class=\"icon-red text-color-black\"><i class=\"bi bi-file-earmark-pdf\"><\/i><span>Kallelse DI 2013<\/span><\/a><\/div><div class=\"icon-block-container col-12\"><a href=\"\/wp-content\/uploads\/2024\/11\/3-Fullmaktsformular-2013.pdf\" target=\"_blank\" class=\"icon-red text-color-black\"><i class=\"bi bi-file-earmark-pdf\"><\/i><span>Fullmaktsformul\u00e4r 2013<\/span><\/a><\/div><div class=\"icon-block-container col-12\"><a href=\"\/wp-content\/uploads\/2024\/11\/4-Valberedningens-forslag-till-arsstamman-2013-i-Elanders-AB-publ.pdf\" target=\"_blank\" class=\"icon-red text-color-black\"><i class=\"bi bi-file-earmark-pdf\"><\/i><span>Valberedningens f\u00f6rslag till \u00e5rsst\u00e4mman 2013 i Elanders AB (publ)<\/span><\/a><\/div><div class=\"icon-block-container col-12\"><a href=\"\/wp-content\/uploads\/2024\/11\/5-Uppfoljning-och-utvardering-av-ersattningar-till-verkstallande-direktoren-och-andra-ledande-befattningshavare-2012-SWE.pdf\" target=\"_blank\" class=\"icon-red text-color-black\"><i class=\"bi bi-file-earmark-pdf\"><\/i><span>Uppf\u00f6ljning och utv\u00e4rdering av ers\u00e4ttningar till verkst\u00e4llande direkt\u00f6ren och andra andra ledande befattningshavare 2012<\/span><\/a><\/div><div class=\"icon-block-container col-12\"><a href=\"\/wp-content\/uploads\/2024\/11\/6-Revisorsyttrande-om-ersattningar-till-ledande-befattningshavare-2012-SWE.pdf\" target=\"_blank\" class=\"icon-red text-color-black\"><i class=\"bi bi-file-earmark-pdf\"><\/i><span>Revisorsyttrande om ers\u00e4ttningar till ledande befattningshavare 2012<\/span><\/a><\/div><div class=\"icon-block-container col-12\"><a href=\"\/wp-content\/uploads\/2024\/11\/7-Styrelsens-forslag-till-riktlinjer-for-ersattning-till-ledande-befattningshavare-2013.pdf\" target=\"_blank\" class=\"icon-red text-color-black\"><i class=\"bi bi-file-earmark-pdf\"><\/i><span>Styrelsens f\u00f6rslag till riktlinjer f\u00f6r ers\u00e4ttning till ledande befattningshavare 2013<\/span><\/a><\/div><div class=\"icon-block-container col-12\"><a href=\"\/wp-content\/uploads\/2024\/11\/Stammoprotokoll-2013.pdf\" target=\"_blank\" class=\"icon-red text-color-black\"><i class=\"bi bi-file-earmark-pdf\"><\/i><span>St\u00e4mmoprotokoll 2013<\/span><\/a><\/div><\/div><\/div><\/section>\r\n                                <\/div>\r\n                            <\/div>\r\n                            \r\n                        <\/div>\r\n                        \r\n                    <\/div> \r\n                <\/div>\r\n            <\/div>                                                \r\n        <\/div>                        \r\n                <\/div>                                            \r\n                                      \r\n            <\/section>\r\n            <noscript>\r\n                    <style>\r\n                        \r\n                        .acc-block .acc-box .content {\r\n                            font-size: 18pt;\r\n                            line-height: 26pt;\r\n                            opacity: 1 !important;\r\n                            visibility: visible !important;\r\n                            max-height: inherit !important;\r\n                        }\r\n                        .acc-block .acc-box .content-area {\r\n                            padding-bottom: 20px !important;\r\n                            padding-top: 20px !important;\r\n                        }\r\n                        \r\n                    <\/style>\r\n                <\/noscript>\n\n\n<p><\/p>\n\n\n\n<div style=\"height:75px\" aria-hidden=\"true\" class=\"wp-block-spacer\"><\/div>\n","protected":false},"excerpt":{"rendered":"","protected":false},"author":2,"featured_media":0,"parent":23933,"menu_order":0,"comment_status":"closed","ping_status":"closed","template":"","meta":{"footnotes":""},"class_list":["post-23992","page","type-page","status-publish","hentry"],"yoast_head":"<!-- This site is optimized with the Yoast SEO plugin v27.2 - https:\/\/yoast.com\/product\/yoast-seo-wordpress\/ -->\n<title>\u00c5rsst\u00e4mma 2013 - Elanders Group<\/title>\n<meta name=\"robots\" content=\"index, follow, max-snippet:-1, max-image-preview:large, max-video-preview:-1\" \/>\n<link rel=\"canonical\" href=\"https:\/\/www.elanders.com\/sv\/bolagsstyrning\/bolagsstamma\/arsstamma-2013\/\" \/>\n<meta property=\"og:locale\" content=\"sv_SE\" \/>\n<meta property=\"og:type\" content=\"article\" \/>\n<meta property=\"og:title\" content=\"\u00c5rsst\u00e4mma 2013 - Elanders Group\" \/>\n<meta property=\"og:url\" content=\"https:\/\/www.elanders.com\/sv\/bolagsstyrning\/bolagsstamma\/arsstamma-2013\/\" \/>\n<meta property=\"og:site_name\" content=\"Elanders Group\" \/>\n<meta property=\"article:modified_time\" content=\"2024-11-06T15:02:54+00:00\" \/>\n<meta name=\"twitter:card\" content=\"summary_large_image\" \/>\n<meta name=\"twitter:label1\" content=\"Ber\u00e4knad l\u00e4stid\" \/>\n\t<meta name=\"twitter:data1\" content=\"1 minut\" \/>\n<script type=\"application\/ld+json\" class=\"yoast-schema-graph\">{\"@context\":\"https:\/\/schema.org\",\"@graph\":[{\"@type\":\"WebPage\",\"@id\":\"https:\/\/www.elanders.com\/sv\/bolagsstyrning\/bolagsstamma\/arsstamma-2013\/\",\"url\":\"https:\/\/www.elanders.com\/sv\/bolagsstyrning\/bolagsstamma\/arsstamma-2013\/\",\"name\":\"\u00c5rsst\u00e4mma 2013 - Elanders Group\",\"isPartOf\":{\"@id\":\"https:\/\/www.elanders.com\/#website\"},\"datePublished\":\"2024-11-06T14:57:00+00:00\",\"dateModified\":\"2024-11-06T15:02:54+00:00\",\"breadcrumb\":{\"@id\":\"https:\/\/www.elanders.com\/sv\/bolagsstyrning\/bolagsstamma\/arsstamma-2013\/#breadcrumb\"},\"inLanguage\":\"sv-SE\",\"potentialAction\":[{\"@type\":\"ReadAction\",\"target\":[\"https:\/\/www.elanders.com\/sv\/bolagsstyrning\/bolagsstamma\/arsstamma-2013\/\"]}]},{\"@type\":\"BreadcrumbList\",\"@id\":\"https:\/\/www.elanders.com\/sv\/bolagsstyrning\/bolagsstamma\/arsstamma-2013\/#breadcrumb\",\"itemListElement\":[{\"@type\":\"ListItem\",\"position\":1,\"name\":\"Home\",\"item\":\"https:\/\/www.elanders.com\/sv\/\"},{\"@type\":\"ListItem\",\"position\":2,\"name\":\"Bolagsstyrning\",\"item\":\"https:\/\/www.elanders.com\/sv\/bolagsstyrning\/\"},{\"@type\":\"ListItem\",\"position\":3,\"name\":\"Bolagsst\u00e4mma\",\"item\":\"https:\/\/www.elanders.com\/sv\/bolagsstyrning\/bolagsstamma\/\"},{\"@type\":\"ListItem\",\"position\":4,\"name\":\"\u00c5rsst\u00e4mma 2013\",\"item\":\"https:\/\/www.elanders.com\/sv\/bolagsstyrning\/bolagsstamma\/arsstamma-2013\/\"}]},{\"@type\":\"WebSite\",\"@id\":\"https:\/\/www.elanders.com\/#website\",\"url\":\"https:\/\/www.elanders.com\/\",\"name\":\"Welcome to Elanders - Elanders Group\",\"description\":\"\",\"potentialAction\":[{\"@type\":\"SearchAction\",\"target\":{\"@type\":\"EntryPoint\",\"urlTemplate\":\"https:\/\/www.elanders.com\/?s={search_term_string}\"},\"query-input\":{\"@type\":\"PropertyValueSpecification\",\"valueRequired\":true,\"valueName\":\"search_term_string\"}}],\"inLanguage\":\"sv-SE\"}]}<\/script>\n<!-- \/ Yoast SEO plugin. -->","yoast_head_json":{"title":"\u00c5rsst\u00e4mma 2013 - Elanders Group","robots":{"index":"index","follow":"follow","max-snippet":"max-snippet:-1","max-image-preview":"max-image-preview:large","max-video-preview":"max-video-preview:-1"},"canonical":"https:\/\/www.elanders.com\/sv\/bolagsstyrning\/bolagsstamma\/arsstamma-2013\/","og_locale":"sv_SE","og_type":"article","og_title":"\u00c5rsst\u00e4mma 2013 - Elanders Group","og_url":"https:\/\/www.elanders.com\/sv\/bolagsstyrning\/bolagsstamma\/arsstamma-2013\/","og_site_name":"Elanders Group","article_modified_time":"2024-11-06T15:02:54+00:00","twitter_card":"summary_large_image","twitter_misc":{"Ber\u00e4knad l\u00e4stid":"1 minut"},"schema":{"@context":"https:\/\/schema.org","@graph":[{"@type":"WebPage","@id":"https:\/\/www.elanders.com\/sv\/bolagsstyrning\/bolagsstamma\/arsstamma-2013\/","url":"https:\/\/www.elanders.com\/sv\/bolagsstyrning\/bolagsstamma\/arsstamma-2013\/","name":"\u00c5rsst\u00e4mma 2013 - Elanders Group","isPartOf":{"@id":"https:\/\/www.elanders.com\/#website"},"datePublished":"2024-11-06T14:57:00+00:00","dateModified":"2024-11-06T15:02:54+00:00","breadcrumb":{"@id":"https:\/\/www.elanders.com\/sv\/bolagsstyrning\/bolagsstamma\/arsstamma-2013\/#breadcrumb"},"inLanguage":"sv-SE","potentialAction":[{"@type":"ReadAction","target":["https:\/\/www.elanders.com\/sv\/bolagsstyrning\/bolagsstamma\/arsstamma-2013\/"]}]},{"@type":"BreadcrumbList","@id":"https:\/\/www.elanders.com\/sv\/bolagsstyrning\/bolagsstamma\/arsstamma-2013\/#breadcrumb","itemListElement":[{"@type":"ListItem","position":1,"name":"Home","item":"https:\/\/www.elanders.com\/sv\/"},{"@type":"ListItem","position":2,"name":"Bolagsstyrning","item":"https:\/\/www.elanders.com\/sv\/bolagsstyrning\/"},{"@type":"ListItem","position":3,"name":"Bolagsst\u00e4mma","item":"https:\/\/www.elanders.com\/sv\/bolagsstyrning\/bolagsstamma\/"},{"@type":"ListItem","position":4,"name":"\u00c5rsst\u00e4mma 2013","item":"https:\/\/www.elanders.com\/sv\/bolagsstyrning\/bolagsstamma\/arsstamma-2013\/"}]},{"@type":"WebSite","@id":"https:\/\/www.elanders.com\/#website","url":"https:\/\/www.elanders.com\/","name":"Welcome to Elanders - Elanders Group","description":"","potentialAction":[{"@type":"SearchAction","target":{"@type":"EntryPoint","urlTemplate":"https:\/\/www.elanders.com\/?s={search_term_string}"},"query-input":{"@type":"PropertyValueSpecification","valueRequired":true,"valueName":"search_term_string"}}],"inLanguage":"sv-SE"}]}},"_links":{"self":[{"href":"https:\/\/www.elanders.com\/sv\/wp-json\/wp\/v2\/pages\/23992","targetHints":{"allow":["GET"]}}],"collection":[{"href":"https:\/\/www.elanders.com\/sv\/wp-json\/wp\/v2\/pages"}],"about":[{"href":"https:\/\/www.elanders.com\/sv\/wp-json\/wp\/v2\/types\/page"}],"author":[{"embeddable":true,"href":"https:\/\/www.elanders.com\/sv\/wp-json\/wp\/v2\/users\/2"}],"replies":[{"embeddable":true,"href":"https:\/\/www.elanders.com\/sv\/wp-json\/wp\/v2\/comments?post=23992"}],"version-history":[{"count":1,"href":"https:\/\/www.elanders.com\/sv\/wp-json\/wp\/v2\/pages\/23992\/revisions"}],"predecessor-version":[{"id":23994,"href":"https:\/\/www.elanders.com\/sv\/wp-json\/wp\/v2\/pages\/23992\/revisions\/23994"}],"up":[{"embeddable":true,"href":"https:\/\/www.elanders.com\/sv\/wp-json\/wp\/v2\/pages\/23933"}],"wp:attachment":[{"href":"https:\/\/www.elanders.com\/sv\/wp-json\/wp\/v2\/media?parent=23992"}],"curies":[{"name":"wp","href":"https:\/\/api.w.org\/{rel}","templated":true}]}}