{"id":24189,"date":"2024-09-25T12:58:47","date_gmt":"2024-09-25T12:58:47","guid":{"rendered":"https:\/\/www.elanders.com\/investors\/"},"modified":"2026-02-23T11:18:08","modified_gmt":"2026-02-23T10:18:08","slug":"investerare","status":"publish","type":"page","link":"https:\/\/www.elanders.com\/sv\/investerare\/","title":{"rendered":"Investerare"},"content":{"rendered":"\r\n        <style>\r\n             .showcase-section-block-69da21f963877 {\r\n                background-image: url(https:\/\/www.elanders.com\/wp-content\/uploads\/2026\/02\/PUSH-Investors-24-2-min-scaled-1.webp);\r\n                background-attachment: scroll;\r\n                background-size: cover;  \r\n                background-repeat: no-repeat; \r\n                background-position: center center;\r\n                overflow: hidden;\r\n                color:  var(--elarb-white);\r\n            }\r\n\r\n            @media (max-width: 1024px) {\r\n                 .showcase-section-block-69da21f963877 {\r\n                    background-attachment: scroll;\r\n                }\r\n            }\r\n        <\/style><section class=\"showcase-section-block showcase-section-block-69da21f963877\">   \r\n        <div class=\"container showcase-section-container showcase-section-banner\">\r\n                <div class=\"showcase-section d-flex flex-column align-items-start justify-content-evenly text-start\">\r\n            <div class=\"showcase-content\">\r\n                <h2 class=\"showcase-title\">Investerare<\/h2>\r\n                <p class=\"showcase-description\">All information som beh\u00f6vs f\u00f6r att bed\u00f6ma Elanders<\/p>\r\n                <hr class=\"horizontal-line\">\r\n                  <div class=\"showcase-section-button\">\r\n                    \r\n                  <\/div>\r\n            <\/div>\r\n        <\/div>\r\n        <\/div>\r\n    <\/section>\n\n\n<div style=\"height:15px\" aria-hidden=\"true\" class=\"wp-block-spacer bg-color-gray\"><\/div>\n\n\n<section id=\"\" class=\"text-block  space-bottom-yes space-top-yes text-block-id-69da21f963a44 bg-color-gray text-color-black\">                \r\n                    <div class=\"container\">  \r\n                                              \r\n                        <div class=\"row\">                                        \r\n                        <div class=\"col\">\r\n                            <h2 class=\"textBlock-headline left \">Elandersaktien<\/h2>\r\n                             <hr class='horizontal-line' \/>\r\n                        <\/div>       \r\n                                                          \r\n                    <\/div>    \r\n                                               \r\n                        <div class=\"row text\">\r\n                        <div class=\"col\">\r\n                            <div class=\"textBlock-text text-block-html  \">\r\n                                <p class=\"wp-block-wt-text-block\"><div class=\"container py-2 modular-finance\">\r\n    <div class=\"elanders-share-ticker\">\r\n        <div class=\"modules-block\" style=\"display:block;\">\r\n            <div id=\"modules-shareholders-share-ticker\" style=\"padding: 0\"><\/div>\r\n        <\/div>\r\n    <\/div>\r\n<\/div>\r\n    <script>\r\n\r\n        (function(widgets) {\r\n            var url = \"https:\/\/widget.datablocks.se\/api\/rose\";\r\n            if (!window._MF) {\r\n                var b = document.createElement(\"script\");\r\n                b.type = \"text\/javascript\";\r\n                b.async = true;\r\n                b.src = url + \"\/assets\/js\/loader-v5.js\";\r\n                document.getElementsByTagName(\"body\")[0].appendChild(b);\r\n            }\r\n            window._MF = window._MF || {\r\n                data: [],\r\n                url: url,\r\n                ready: !!0,\r\n                render: function() { window._MF.ready = !0 },\r\n                push: function(w) { window._MF.data.push(w) }\r\n            };\r\n            window._MF.push(widgets);\r\n        })([\r\n            {\r\n                query:\"#modules-shareholders-share-ticker\",\r\n                widget: \"stock-table\",\r\n                locale: \"sv\",\r\n                token: \"7672bba5-1b55-4bbd-89c2-413042e2b2e3\"\r\n            },\r\n\r\n        ]);\r\n    <\/script>\r\n\r\n    <\/p>\n\r\n                            <\/div>\r\n                        <\/div>                                        \r\n                    <\/div>                                              \r\n                    <\/div>                                \r\n            <\/section>\n\n\n<div style=\"height:50px\" aria-hidden=\"true\" class=\"wp-block-spacer\"><\/div>\n\n\n<section class=\"post-block bg-color-white\"><div class=\"container\"><h2 class=\"category-title\">Pressmeddelanden<\/h2><hr class=\"horizontal-line\" \/><div class=\"row g-4\"><p>No posts found.<\/p><\/div><div class=\"block-button mt-4\"><a href=\"\/sv\/press\/\" class=\"btn-full btn-full-blue\">L\u00e4s mer <span class=\"screen-reader-only\">About our press releases.<\/span><\/a><\/div><\/div><\/section>\n\n\n<div style=\"height:50px\" aria-hidden=\"true\" class=\"wp-block-spacer\"><\/div>\n\n\n\n<p><\/p>\n\n\n<section id=\"\" class=\"text-block  space-bottom-no space-top-yes text-block-id-69da21f9642f6 bg-color-white text-color-black\">                \r\n                    <div class=\"container\">  \r\n                                              \r\n                        <div class=\"row\">                                        \r\n                        <div class=\"col\">\r\n                            <h2 class=\"textBlock-headline left \">Investor relations<\/h2>\r\n                             <hr class='horizontal-line' \/>\r\n                        <\/div>       \r\n                                                          \r\n                    <\/div>    \r\n                                               \r\n                        <div class=\"row text\">\r\n                        <div class=\"col\">\r\n                            <div class=\"textBlock-text text-block-html  \">\r\n                                <p class=\"wp-block-wt-text-block\">\n\r\n                            <\/div>\r\n                        <\/div>                                        \r\n                    <\/div>                                              \r\n                    <\/div>                                \r\n            <\/section>\n\n<section class=\"cta-block\">  \r\n              <div class=\"container\">              \r\n                <div class=\"row\">\r\n                    <div class=\"col-lg-4 col-md-6 mb-3\">\r\n                      <a target=\"_self\" class=\"btn-full btn-full-blue\" href=\"\/sv\/investerare\/affarside-mal-och-strategier\/\" class=\"button\">Aff\u00e4rsid\u00e9, m\u00e5l och strategier<\/a>\r\n                    <\/div><div class=\"col-lg-4 col-md-6 mb-3\">\r\n                      <a target=\"_self\" class=\"btn-full btn-full-blue\" href=\"\/sv\/investerare\/elandersaktien\/\" class=\"button\">Elandersaktien<\/a>\r\n                    <\/div><div class=\"col-lg-4 col-md-6 mb-3\">\r\n                      <a target=\"_self\" class=\"btn-full btn-full-blue\" href=\"\/sv\/investerare\/totalavkastning\/\" class=\"button\">Totalavkastning<\/a>\r\n                    <\/div><div class=\"col-lg-4 col-md-6 mb-3\">\r\n                      <a target=\"_self\" class=\"btn-full btn-full-blue\" href=\"\/sv\/investerare\/storsta-agare\/\" class=\"button\">St\u00f6rsta \u00e4gare<\/a>\r\n                    <\/div><div class=\"col-lg-4 col-md-6 mb-3\">\r\n                      <a target=\"_self\" class=\"btn-full btn-full-blue\" href=\"\/sv\/investerare\/analytiker\/\" class=\"button\">Analytiker<\/a>\r\n                    <\/div><div class=\"col-lg-4 col-md-6 mb-3\">\r\n                      <a target=\"_self\" class=\"btn-full btn-full-blue\" href=\"\/sv\/investerare\/finansiella-mal\/\" class=\"button\">Finansiella m\u00e5l<\/a>\r\n                    <\/div><div class=\"col-lg-4 col-md-6 mb-3\">\r\n                      <a target=\"_self\" class=\"btn-full btn-full-blue\" href=\"\/sv\/investerare\/finansiell-oversikt\/\" class=\"button\">Finansiell \u00f6versikt<\/a>\r\n                    <\/div><div class=\"col-lg-4 col-md-6 mb-3\">\r\n                      <a target=\"_self\" class=\"btn-full btn-full-blue\" href=\"\/sv\/rapporter\/\" class=\"button\">\u00c5rsredovisningar<\/a>\r\n                    <\/div><div class=\"col-lg-4 col-md-6 mb-3\">\r\n                      <a target=\"_self\" class=\"btn-full btn-full-blue\" href=\"\/sv\/rapporter\/\" class=\"button\">Del\u00e5rsrapporter<\/a>\r\n                    <\/div><div class=\"col-lg-4 col-md-6 mb-3\">\r\n                      <a target=\"_self\" class=\"btn-full btn-full-blue\" href=\"\/sv\/investerare\/ovriga-rapporter\/\" class=\"button\">\u00d6vriga rapporter<\/a>\r\n                    <\/div><div class=\"col-lg-4 col-md-6 mb-3\">\r\n                      <a target=\"_self\" class=\"btn-full btn-full-blue\" href=\"\/sv\/investerare\/presentationer\/\" class=\"button\">Presentationer<\/a>\r\n                    <\/div><div class=\"col-lg-4 col-md-6 mb-3\">\r\n                      <a target=\"_self\" class=\"btn-full btn-full-blue\" href=\"\/sv\/investerare\/faktablad\/\" class=\"button\">Faktablad<\/a>\r\n                    <\/div><div class=\"col-lg-4 col-md-6 mb-3\">\r\n                      <a target=\"_self\" class=\"btn-full btn-full-blue\" href=\"\/sv\/investerare\/ordlista-och-definitioner\/\" class=\"button\">Ordlista och definitioner<\/a>\r\n                    <\/div><div class=\"col-lg-4 col-md-6 mb-3\">\r\n                      <a target=\"_self\" class=\"btn-full btn-full-blue\" href=\"\/sv\/investerare\/risker-och-osakerhetsfaktorer\/\" class=\"button\">Risker och os\u00e4kerhetsfaktorer<\/a>\r\n                    <\/div><div class=\"col-lg-4 col-md-6 mb-3\">\r\n                      <a target=\"_self\" class=\"btn-full btn-full-blue\" href=\"\/sv\/investerare\/finansiell-kalender\/\" class=\"button\">Finansiell kalender<\/a>\r\n                    <\/div>\r\n                <\/div>                                                                \r\n              <\/div>\r\n            <\/section>\n\n\n<div style=\"height:75px\" aria-hidden=\"true\" class=\"wp-block-spacer\"><\/div>\n","protected":false},"excerpt":{"rendered":"","protected":false},"author":2,"featured_media":0,"parent":0,"menu_order":0,"comment_status":"closed","ping_status":"closed","template":"","meta":{"footnotes":""},"class_list":["post-24189","page","type-page","status-publish","hentry"],"yoast_head":"<!-- This site is optimized with the Yoast SEO plugin v27.2 - https:\/\/yoast.com\/product\/yoast-seo-wordpress\/ -->\n<title>Investerare - Elanders Group<\/title>\n<meta name=\"description\" content=\"V\u00e4lkommen till Elanders Investor Relations. V\u00e5r ambition \u00e4r att investerare och \u00f6vriga intressenter skall finna den information som beh\u00f6vs f\u00f6r att bed\u00f6ma Elanders.\" \/>\n<meta name=\"robots\" content=\"index, follow, max-snippet:-1, max-image-preview:large, max-video-preview:-1\" \/>\n<link rel=\"canonical\" href=\"https:\/\/www.elanders.com\/sv\/investerare\/\" \/>\n<meta property=\"og:locale\" content=\"sv_SE\" \/>\n<meta property=\"og:type\" content=\"article\" \/>\n<meta property=\"og:title\" content=\"Investerare - Elanders Group\" \/>\n<meta property=\"og:description\" content=\"V\u00e4lkommen till Elanders Investor Relations. V\u00e5r ambition \u00e4r att investerare och \u00f6vriga intressenter skall finna den information som beh\u00f6vs f\u00f6r att bed\u00f6ma Elanders.\" \/>\n<meta property=\"og:url\" content=\"https:\/\/www.elanders.com\/sv\/investerare\/\" \/>\n<meta property=\"og:site_name\" content=\"Elanders Group\" \/>\n<meta property=\"article:modified_time\" content=\"2026-02-23T10:18:08+00:00\" \/>\n<meta name=\"twitter:card\" content=\"summary_large_image\" \/>\n<meta name=\"twitter:label1\" content=\"Ber\u00e4knad l\u00e4stid\" \/>\n\t<meta name=\"twitter:data1\" content=\"1 minut\" \/>\n<script type=\"application\/ld+json\" class=\"yoast-schema-graph\">{\"@context\":\"https:\/\/schema.org\",\"@graph\":[{\"@type\":\"WebPage\",\"@id\":\"https:\/\/www.elanders.com\/sv\/investerare\/\",\"url\":\"https:\/\/www.elanders.com\/sv\/investerare\/\",\"name\":\"Investerare - Elanders Group\",\"isPartOf\":{\"@id\":\"https:\/\/www.elanders.com\/#website\"},\"datePublished\":\"2024-09-25T12:58:47+00:00\",\"dateModified\":\"2026-02-23T10:18:08+00:00\",\"description\":\"V\u00e4lkommen till Elanders Investor Relations. V\u00e5r ambition \u00e4r att investerare och \u00f6vriga intressenter skall finna den information som beh\u00f6vs f\u00f6r att bed\u00f6ma Elanders.\",\"breadcrumb\":{\"@id\":\"https:\/\/www.elanders.com\/sv\/investerare\/#breadcrumb\"},\"inLanguage\":\"sv-SE\",\"potentialAction\":[{\"@type\":\"ReadAction\",\"target\":[\"https:\/\/www.elanders.com\/sv\/investerare\/\"]}]},{\"@type\":\"BreadcrumbList\",\"@id\":\"https:\/\/www.elanders.com\/sv\/investerare\/#breadcrumb\",\"itemListElement\":[{\"@type\":\"ListItem\",\"position\":1,\"name\":\"Home\",\"item\":\"https:\/\/www.elanders.com\/sv\/\"},{\"@type\":\"ListItem\",\"position\":2,\"name\":\"Investerare\",\"item\":\"https:\/\/www.elanders.com\/sv\/investerare\/\"}]},{\"@type\":\"WebSite\",\"@id\":\"https:\/\/www.elanders.com\/#website\",\"url\":\"https:\/\/www.elanders.com\/\",\"name\":\"Welcome to Elanders - Elanders Group\",\"description\":\"\",\"potentialAction\":[{\"@type\":\"SearchAction\",\"target\":{\"@type\":\"EntryPoint\",\"urlTemplate\":\"https:\/\/www.elanders.com\/?s={search_term_string}\"},\"query-input\":{\"@type\":\"PropertyValueSpecification\",\"valueRequired\":true,\"valueName\":\"search_term_string\"}}],\"inLanguage\":\"sv-SE\"}]}<\/script>\n<!-- \/ Yoast SEO plugin. -->","yoast_head_json":{"title":"Investerare - Elanders Group","description":"V\u00e4lkommen till Elanders Investor Relations. V\u00e5r ambition \u00e4r att investerare och \u00f6vriga intressenter skall finna den information som beh\u00f6vs f\u00f6r att bed\u00f6ma Elanders.","robots":{"index":"index","follow":"follow","max-snippet":"max-snippet:-1","max-image-preview":"max-image-preview:large","max-video-preview":"max-video-preview:-1"},"canonical":"https:\/\/www.elanders.com\/sv\/investerare\/","og_locale":"sv_SE","og_type":"article","og_title":"Investerare - Elanders Group","og_description":"V\u00e4lkommen till Elanders Investor Relations. V\u00e5r ambition \u00e4r att investerare och \u00f6vriga intressenter skall finna den information som beh\u00f6vs f\u00f6r att bed\u00f6ma Elanders.","og_url":"https:\/\/www.elanders.com\/sv\/investerare\/","og_site_name":"Elanders Group","article_modified_time":"2026-02-23T10:18:08+00:00","twitter_card":"summary_large_image","twitter_misc":{"Ber\u00e4knad l\u00e4stid":"1 minut"},"schema":{"@context":"https:\/\/schema.org","@graph":[{"@type":"WebPage","@id":"https:\/\/www.elanders.com\/sv\/investerare\/","url":"https:\/\/www.elanders.com\/sv\/investerare\/","name":"Investerare - Elanders Group","isPartOf":{"@id":"https:\/\/www.elanders.com\/#website"},"datePublished":"2024-09-25T12:58:47+00:00","dateModified":"2026-02-23T10:18:08+00:00","description":"V\u00e4lkommen till Elanders Investor Relations. V\u00e5r ambition \u00e4r att investerare och \u00f6vriga intressenter skall finna den information som beh\u00f6vs f\u00f6r att bed\u00f6ma Elanders.","breadcrumb":{"@id":"https:\/\/www.elanders.com\/sv\/investerare\/#breadcrumb"},"inLanguage":"sv-SE","potentialAction":[{"@type":"ReadAction","target":["https:\/\/www.elanders.com\/sv\/investerare\/"]}]},{"@type":"BreadcrumbList","@id":"https:\/\/www.elanders.com\/sv\/investerare\/#breadcrumb","itemListElement":[{"@type":"ListItem","position":1,"name":"Home","item":"https:\/\/www.elanders.com\/sv\/"},{"@type":"ListItem","position":2,"name":"Investerare","item":"https:\/\/www.elanders.com\/sv\/investerare\/"}]},{"@type":"WebSite","@id":"https:\/\/www.elanders.com\/#website","url":"https:\/\/www.elanders.com\/","name":"Welcome to Elanders - Elanders Group","description":"","potentialAction":[{"@type":"SearchAction","target":{"@type":"EntryPoint","urlTemplate":"https:\/\/www.elanders.com\/?s={search_term_string}"},"query-input":{"@type":"PropertyValueSpecification","valueRequired":true,"valueName":"search_term_string"}}],"inLanguage":"sv-SE"}]}},"_links":{"self":[{"href":"https:\/\/www.elanders.com\/sv\/wp-json\/wp\/v2\/pages\/24189","targetHints":{"allow":["GET"]}}],"collection":[{"href":"https:\/\/www.elanders.com\/sv\/wp-json\/wp\/v2\/pages"}],"about":[{"href":"https:\/\/www.elanders.com\/sv\/wp-json\/wp\/v2\/types\/page"}],"author":[{"embeddable":true,"href":"https:\/\/www.elanders.com\/sv\/wp-json\/wp\/v2\/users\/2"}],"replies":[{"embeddable":true,"href":"https:\/\/www.elanders.com\/sv\/wp-json\/wp\/v2\/comments?post=24189"}],"version-history":[{"count":25,"href":"https:\/\/www.elanders.com\/sv\/wp-json\/wp\/v2\/pages\/24189\/revisions"}],"predecessor-version":[{"id":31614,"href":"https:\/\/www.elanders.com\/sv\/wp-json\/wp\/v2\/pages\/24189\/revisions\/31614"}],"wp:attachment":[{"href":"https:\/\/www.elanders.com\/sv\/wp-json\/wp\/v2\/media?parent=24189"}],"curies":[{"name":"wp","href":"https:\/\/api.w.org\/{rel}","templated":true}]}}