{"id":24204,"date":"2024-11-07T10:43:43","date_gmt":"2024-11-07T10:43:43","guid":{"rendered":"https:\/\/www.elanders.com\/investerare\/ovriga-rapporter\/rights-issue-2016\/"},"modified":"2024-11-07T11:53:37","modified_gmt":"2024-11-07T11:53:37","slug":"nyemission-2016","status":"publish","type":"page","link":"https:\/\/www.elanders.com\/sv\/investerare\/ovriga-rapporter\/nyemission-2016\/","title":{"rendered":"Nyemission 2016"},"content":{"rendered":"\n<p><\/p>\n\n\n<section id=\"\" class=\"text-block  space-bottom-yes space-top-yes text-block-id-69da3933464ee bg-color-gray text-color-black\">                \r\n                    <div class=\"container\">  \r\n                                              \r\n                        <div class=\"row\">                                        \r\n                        <div class=\"col\">\r\n                            <h1 class=\"textBlock-headline left \">Nyemission 2016<\/h1>\r\n                             \r\n                        <\/div>       \r\n                                                          \r\n                    <\/div>    \r\n                                               \r\n                        <div class=\"row text\">\r\n                        <div class=\"col\">\r\n                            <div class=\"textBlock-text text-block-html  \">\r\n                                <p class=\"wp-block-wt-text-block\">\n\r\n                            <\/div>\r\n                        <\/div>                                        \r\n                    <\/div>                                              \r\n                    <\/div>                                \r\n            <\/section>\n\n<section id=\"\" class=\"text-block  space-bottom-yes space-top-yes text-block-id-69da393346970 bg-color-white text-color-black\">                \r\n                    <div class=\"container\">  \r\n                                              \r\n                            \r\n                                               \r\n                        <div class=\"row text\">\r\n                        <div class=\"col\">\r\n                            <div class=\"textBlock-text text-block-html  \">\r\n                                <p class=\"wp-block-wt-text-block\">Elanders AB (publ) (\u201dElanders\u201d eller \u201dBolaget\u201d) offentliggjorde den 17 juni 2016 att Bolaget har tecknat ett avtal om att f\u00f6rv\u00e4rva samtliga aktier i det tyska supply chain management-f\u00f6retaget LGI Logistics Group International GmbH (\u201dLGI\u201d).&nbsp;<\/p>\n<p>K\u00f6peskillingen uppg\u00e5r till cirka 257 miljoner euro p\u00e5 skuldfri basis och avses, som d\u00e5 meddelades, delfinansieras genom en nyemission med f\u00f6retr\u00e4desr\u00e4tt f\u00f6r befintliga aktie\u00e4gare. Teckningstiden i nyemissionen l\u00f6pte ut den 17 oktober 2016. Emissionen fulltecknades.<\/p>\n\r\n                            <\/div>\r\n                        <\/div>                                        \r\n                    <\/div>                                              \r\n                    <\/div>                                \r\n            <\/section>\n\n\r\n            <section id=\"\" class=\"acc-block acc-block-id-69da393346a3f tab-file-block  \">\r\n                \r\n                <div class=\"container\">    \r\n                    \r\n        <div class=\"accWrapper\">                                                \r\n            \r\n            <div class=\"row\">\r\n                <div class=\"col-12\">\r\n                    <div class=\"acc-box\">\r\n                        \r\n                        <div class=\"click-area\">                            \r\n                                <p class=\"title\">Dokumentation<\/p> <i class=\"bi bi-chevron-double-right\"><\/i>\r\n                        <\/div>\r\n                        \r\n                        <div class=\"content-area add-content position-layout-file-100 add-content-type-file\">\r\n                            \r\n                            <div class=\"content\">\r\n                                <div class=\"text-wrapper\"><\/div>\r\n                                <div class=\"add-content-wrapper\">\r\n                                    <section class=\"icon-block\"><div class=\"container\"><div class=\"row\"><div class=\"icon-block-container col-12\"><a href=\"\/sv\/press\/elanders-ab-elanders-nyemission-fulltecknad-4e789ce3\/\" target=\"_blank\" class=\"icon-blue text-color-black\"><i class=\"bi bi-file-earmark-text\"><\/i><span>2016-10-21 Elanders nyemission fulltecknad<\/span><\/a><\/div><div class=\"icon-block-container col-12\"><a href=\"\/sv\/press\/elanders-ab-prospekt-avseende-elanders-nyemission-offentliggjort-20cb662f\/\" target=\"_blank\" class=\"icon-blue text-color-black\"><i class=\"bi bi-file-earmark-text\"><\/i><span>2016-09-27 Prospekt avseende Elanders nyemission offentliggjort<\/span><\/a><\/div><div class=\"icon-block-container col-12\"><a href=\"\/sv\/2016\/09\/23\/rapport-fran-extra-bolagsstamma-2016\/\" target=\"_blank\" class=\"icon-blue text-color-black\"><i class=\"bi bi-file-earmark-text\"><\/i><span>2016-09-23 Rapport fr\u00e5n extra bolagsst\u00e4mma 2016<\/span><\/a><\/div><div class=\"icon-block-container col-12\"><a href=\"\/sv\/2016\/09\/01\/valkommen-till-extra-bolagsstamma-i-elanders\/\" target=\"_blank\" class=\"icon-blue text-color-black\"><i class=\"bi bi-file-earmark-text\"><\/i><span>2016-09-01 V\u00e4lkommen till extra bolagsst\u00e4mma i Elanders<\/span><\/a><\/div><div class=\"icon-block-container col-12\"><a href=\"\/sv\/press\/elanders-ab-elanders-genomfor-nyemission-med-anledning-av-forvarvet-av-lgi-81d80e38\/\" target=\"_blank\" class=\"icon-blue text-color-black\"><i class=\"bi bi-file-earmark-text\"><\/i><span>2016-09-01 Elanders genomf\u00f6r nyemission med anledning av f\u00f6rv\u00e4rvet av LGI<\/span><\/a><\/div><div class=\"icon-block-container col-12\"><a href=\"\/sv\/press\/elanders-ab-elanders-forvarv-av-lgi-ar-nu-slutfort-b6335f1e\/\" target=\"_blank\" class=\"icon-blue text-color-black\"><i class=\"bi bi-file-earmark-text\"><\/i><span>2016-07-26 Elanders f\u00f6rv\u00e4rv av LGI \u00e4r nu slutf\u00f6rt<\/span><\/a><\/div><div class=\"icon-block-container col-12\"><a href=\"\/sv\/2016\/07\/19\/forvarvet-av-lgi-godkant-av-konkurrensmyndigheterna\/\" target=\"_blank\" class=\"icon-blue text-color-black\"><i class=\"bi bi-file-earmark-text\"><\/i><span>2016-07-19 F\u00f6rv\u00e4rvet av LGI godk\u00e4nt av konkurrensmyndigheterna<\/span><\/a><\/div><div class=\"icon-block-container col-12\"><a href=\"\/sv\/press\/elanders-ab-elanders-genomfor-strategiskt-forvarv-inom-supply-chain-och-fordubblar-koncernens-omsattning-f1e64310\/\" target=\"_blank\" class=\"icon-blue text-color-black\"><i class=\"bi bi-file-earmark-text\"><\/i><span>2016-06-17 Elanders genomf\u00f6r strategiskt f\u00f6rv\u00e4rv inom Supply Chain och f\u00f6rdubblar koncernens oms\u00e4ttning<\/span><\/a><\/div><div class=\"icon-block-container col-12\"><a href=\"\/wp-content\/uploads\/2024\/11\/1-Inbjudan-till-teckning-av-aktier-i-Elanders-AB-publ-160927.pdf\" target=\"_blank\" class=\"icon-red text-color-black\"><i class=\"bi bi-file-earmark-pdf\"><\/i><span>Inbjudan till teckning av aktier i Elanders AB (publ)<\/span><\/a><\/div><div class=\"icon-block-container col-12\"><a href=\"\/wp-content\/uploads\/2024\/11\/2-Teckning-av-aktier-utan-stod-av-teckningsratter-16.pdf\" target=\"_blank\" class=\"icon-red text-color-black\"><i class=\"bi bi-file-earmark-pdf\"><\/i><span>Teckning av aktier utan st\u00f6d av teckningsr\u00e4tter<\/span><\/a><\/div><div class=\"icon-block-container col-12\"><a href=\"\/wp-content\/uploads\/2024\/11\/3-Protokoll-fran-extra-bolagsstamma-160923.pdf\" target=\"_blank\" class=\"icon-red text-color-black\"><i class=\"bi bi-file-earmark-pdf\"><\/i><span>Protokoll fr\u00e5n extra bolagsst\u00e4mma 160923<\/span><\/a><\/div><div class=\"icon-block-container col-12\"><a href=\"\/wp-content\/uploads\/2024\/11\/4-Styrelsens-for-Elanders-AB-publ-redogorelse-enligt-13-kap-6-\u00a7-aktiebolagslagen.pdf\" target=\"_blank\" class=\"icon-red text-color-black\"><i class=\"bi bi-file-earmark-pdf\"><\/i><span>Styrelsens f\u00f6r Elanders AB (publ) redog\u00f6relse enligt 13 kap 6 \u00a7 aktiebolagslagen<\/span><\/a><\/div><div class=\"icon-block-container col-12\"><a href=\"\/wp-content\/uploads\/2024\/11\/5-pwc_Revisorns-yttrande-over-styrelsens-redogorelse-for-vasentliga-handelser-Elanders-AB-publ_160831-sve_signed.pdf\" target=\"_blank\" class=\"icon-red text-color-black\"><i class=\"bi bi-file-earmark-pdf\"><\/i><span>pwc_Revisorns yttrande \u00f6ver styrelsens redog\u00f6relse f\u00f6r v\u00e4sentliga h\u00e4ndelser Elanders AB (publ) 160831-sve_signed<\/span><\/a><\/div><div class=\"icon-block-container col-12\"><a href=\"\/wp-content\/uploads\/2024\/11\/6-Styrelsens-for-Elanders-AB-publ-forslag-till-beslut-om-nyemission-med-foretradesratt-for-aktieagarna.pdf\" target=\"_blank\" class=\"icon-red text-color-black\"><i class=\"bi bi-file-earmark-pdf\"><\/i><span>Styrelsens f\u00f6r Elanders AB (publ) f\u00f6rslag till beslut om nyemission med f\u00f6retr\u00e4desr\u00e4tt f\u00f6r aktie\u00e4garna<\/span><\/a><\/div><div class=\"icon-block-container col-12\"><a href=\"\/wp-content\/uploads\/2024\/11\/7-Fullmaktsformular_2016_extrastamma-.pdf\" target=\"_blank\" class=\"icon-red text-color-black\"><i class=\"bi bi-file-earmark-pdf\"><\/i><span>Fullmaktsformul\u00e4r 2016 extrast\u00e4mma<\/span><\/a><\/div><\/div><\/div><\/section>\r\n                                <\/div>\r\n                            <\/div>\r\n                            \r\n                        <\/div>\r\n                        \r\n                    <\/div> \r\n                <\/div>\r\n            <\/div>                                                \r\n        <\/div>                        \r\n                <\/div>                                            \r\n                                      \r\n            <\/section>\r\n            <noscript>\r\n                    <style>\r\n                        \r\n                        .acc-block .acc-box .content {\r\n                            font-size: 18pt;\r\n                            line-height: 26pt;\r\n                            opacity: 1 !important;\r\n                            visibility: visible !important;\r\n                            max-height: inherit !important;\r\n                        }\r\n                        .acc-block .acc-box .content-area {\r\n                            padding-bottom: 20px !important;\r\n                            padding-top: 20px !important;\r\n                        }\r\n                        \r\n                    <\/style>\r\n                <\/noscript>\n\n\n<div style=\"height:75px\" aria-hidden=\"true\" class=\"wp-block-spacer\"><\/div>\n","protected":false},"excerpt":{"rendered":"","protected":false},"author":2,"featured_media":0,"parent":24199,"menu_order":0,"comment_status":"closed","ping_status":"closed","template":"","meta":{"footnotes":""},"class_list":["post-24204","page","type-page","status-publish","hentry"],"yoast_head":"<!-- This site is optimized with the Yoast SEO plugin v27.2 - https:\/\/yoast.com\/product\/yoast-seo-wordpress\/ -->\n<title>Nyemission 2016 - Elanders Group<\/title>\n<meta name=\"robots\" content=\"index, follow, max-snippet:-1, max-image-preview:large, max-video-preview:-1\" \/>\n<link rel=\"canonical\" href=\"https:\/\/www.elanders.com\/sv\/investerare\/ovriga-rapporter\/nyemission-2016\/\" \/>\n<meta property=\"og:locale\" content=\"sv_SE\" \/>\n<meta property=\"og:type\" content=\"article\" \/>\n<meta property=\"og:title\" content=\"Nyemission 2016 - Elanders Group\" \/>\n<meta property=\"og:url\" content=\"https:\/\/www.elanders.com\/sv\/investerare\/ovriga-rapporter\/nyemission-2016\/\" \/>\n<meta property=\"og:site_name\" content=\"Elanders Group\" \/>\n<meta property=\"article:modified_time\" content=\"2024-11-07T11:53:37+00:00\" \/>\n<meta name=\"twitter:card\" content=\"summary_large_image\" \/>\n<script type=\"application\/ld+json\" class=\"yoast-schema-graph\">{\"@context\":\"https:\/\/schema.org\",\"@graph\":[{\"@type\":\"WebPage\",\"@id\":\"https:\/\/www.elanders.com\/sv\/investerare\/ovriga-rapporter\/nyemission-2016\/\",\"url\":\"https:\/\/www.elanders.com\/sv\/investerare\/ovriga-rapporter\/nyemission-2016\/\",\"name\":\"Nyemission 2016 - Elanders Group\",\"isPartOf\":{\"@id\":\"https:\/\/www.elanders.com\/#website\"},\"datePublished\":\"2024-11-07T10:43:43+00:00\",\"dateModified\":\"2024-11-07T11:53:37+00:00\",\"breadcrumb\":{\"@id\":\"https:\/\/www.elanders.com\/sv\/investerare\/ovriga-rapporter\/nyemission-2016\/#breadcrumb\"},\"inLanguage\":\"sv-SE\",\"potentialAction\":[{\"@type\":\"ReadAction\",\"target\":[\"https:\/\/www.elanders.com\/sv\/investerare\/ovriga-rapporter\/nyemission-2016\/\"]}]},{\"@type\":\"BreadcrumbList\",\"@id\":\"https:\/\/www.elanders.com\/sv\/investerare\/ovriga-rapporter\/nyemission-2016\/#breadcrumb\",\"itemListElement\":[{\"@type\":\"ListItem\",\"position\":1,\"name\":\"Home\",\"item\":\"https:\/\/www.elanders.com\/sv\/\"},{\"@type\":\"ListItem\",\"position\":2,\"name\":\"Investerare\",\"item\":\"https:\/\/www.elanders.com\/sv\/investerare\/\"},{\"@type\":\"ListItem\",\"position\":3,\"name\":\"\u00d6vriga rapporter\",\"item\":\"https:\/\/www.elanders.com\/sv\/investerare\/ovriga-rapporter\/\"},{\"@type\":\"ListItem\",\"position\":4,\"name\":\"Nyemission 2016\",\"item\":\"https:\/\/www.elanders.com\/sv\/investerare\/ovriga-rapporter\/nyemission-2016\/\"}]},{\"@type\":\"WebSite\",\"@id\":\"https:\/\/www.elanders.com\/#website\",\"url\":\"https:\/\/www.elanders.com\/\",\"name\":\"Welcome to Elanders - Elanders Group\",\"description\":\"\",\"potentialAction\":[{\"@type\":\"SearchAction\",\"target\":{\"@type\":\"EntryPoint\",\"urlTemplate\":\"https:\/\/www.elanders.com\/?s={search_term_string}\"},\"query-input\":{\"@type\":\"PropertyValueSpecification\",\"valueRequired\":true,\"valueName\":\"search_term_string\"}}],\"inLanguage\":\"sv-SE\"}]}<\/script>\n<!-- \/ Yoast SEO plugin. -->","yoast_head_json":{"title":"Nyemission 2016 - Elanders Group","robots":{"index":"index","follow":"follow","max-snippet":"max-snippet:-1","max-image-preview":"max-image-preview:large","max-video-preview":"max-video-preview:-1"},"canonical":"https:\/\/www.elanders.com\/sv\/investerare\/ovriga-rapporter\/nyemission-2016\/","og_locale":"sv_SE","og_type":"article","og_title":"Nyemission 2016 - Elanders Group","og_url":"https:\/\/www.elanders.com\/sv\/investerare\/ovriga-rapporter\/nyemission-2016\/","og_site_name":"Elanders Group","article_modified_time":"2024-11-07T11:53:37+00:00","twitter_card":"summary_large_image","schema":{"@context":"https:\/\/schema.org","@graph":[{"@type":"WebPage","@id":"https:\/\/www.elanders.com\/sv\/investerare\/ovriga-rapporter\/nyemission-2016\/","url":"https:\/\/www.elanders.com\/sv\/investerare\/ovriga-rapporter\/nyemission-2016\/","name":"Nyemission 2016 - Elanders Group","isPartOf":{"@id":"https:\/\/www.elanders.com\/#website"},"datePublished":"2024-11-07T10:43:43+00:00","dateModified":"2024-11-07T11:53:37+00:00","breadcrumb":{"@id":"https:\/\/www.elanders.com\/sv\/investerare\/ovriga-rapporter\/nyemission-2016\/#breadcrumb"},"inLanguage":"sv-SE","potentialAction":[{"@type":"ReadAction","target":["https:\/\/www.elanders.com\/sv\/investerare\/ovriga-rapporter\/nyemission-2016\/"]}]},{"@type":"BreadcrumbList","@id":"https:\/\/www.elanders.com\/sv\/investerare\/ovriga-rapporter\/nyemission-2016\/#breadcrumb","itemListElement":[{"@type":"ListItem","position":1,"name":"Home","item":"https:\/\/www.elanders.com\/sv\/"},{"@type":"ListItem","position":2,"name":"Investerare","item":"https:\/\/www.elanders.com\/sv\/investerare\/"},{"@type":"ListItem","position":3,"name":"\u00d6vriga rapporter","item":"https:\/\/www.elanders.com\/sv\/investerare\/ovriga-rapporter\/"},{"@type":"ListItem","position":4,"name":"Nyemission 2016","item":"https:\/\/www.elanders.com\/sv\/investerare\/ovriga-rapporter\/nyemission-2016\/"}]},{"@type":"WebSite","@id":"https:\/\/www.elanders.com\/#website","url":"https:\/\/www.elanders.com\/","name":"Welcome to Elanders - Elanders Group","description":"","potentialAction":[{"@type":"SearchAction","target":{"@type":"EntryPoint","urlTemplate":"https:\/\/www.elanders.com\/?s={search_term_string}"},"query-input":{"@type":"PropertyValueSpecification","valueRequired":true,"valueName":"search_term_string"}}],"inLanguage":"sv-SE"}]}},"_links":{"self":[{"href":"https:\/\/www.elanders.com\/sv\/wp-json\/wp\/v2\/pages\/24204","targetHints":{"allow":["GET"]}}],"collection":[{"href":"https:\/\/www.elanders.com\/sv\/wp-json\/wp\/v2\/pages"}],"about":[{"href":"https:\/\/www.elanders.com\/sv\/wp-json\/wp\/v2\/types\/page"}],"author":[{"embeddable":true,"href":"https:\/\/www.elanders.com\/sv\/wp-json\/wp\/v2\/users\/2"}],"replies":[{"embeddable":true,"href":"https:\/\/www.elanders.com\/sv\/wp-json\/wp\/v2\/comments?post=24204"}],"version-history":[{"count":2,"href":"https:\/\/www.elanders.com\/sv\/wp-json\/wp\/v2\/pages\/24204\/revisions"}],"predecessor-version":[{"id":24242,"href":"https:\/\/www.elanders.com\/sv\/wp-json\/wp\/v2\/pages\/24204\/revisions\/24242"}],"up":[{"embeddable":true,"href":"https:\/\/www.elanders.com\/sv\/wp-json\/wp\/v2\/pages\/24199"}],"wp:attachment":[{"href":"https:\/\/www.elanders.com\/sv\/wp-json\/wp\/v2\/media?parent=24204"}],"curies":[{"name":"wp","href":"https:\/\/api.w.org\/{rel}","templated":true}]}}