{"id":24373,"date":"2024-11-07T14:48:10","date_gmt":"2024-11-07T14:48:10","guid":{"rendered":"https:\/\/www.elanders.com\/bolagsstyrning\/bolagsstamma\/annual-general-meeting-2020\/"},"modified":"2024-11-07T14:50:12","modified_gmt":"2024-11-07T14:50:12","slug":"arsstamma-2020","status":"publish","type":"page","link":"https:\/\/www.elanders.com\/sv\/bolagsstyrning\/bolagsstamma\/arsstamma-2020\/","title":{"rendered":"\u00c5rsst\u00e4mma 2020"},"content":{"rendered":"<section id=\"\" class=\"text-block  space-bottom-yes space-top-yes text-block-id-69dcbbfb7f14e bg-color-gray text-color-black\">                \r\n                    <div class=\"container\">  \r\n                                              \r\n                        <div class=\"row\">                                        \r\n                        <div class=\"col\">\r\n                            <h1 class=\"textBlock-headline left \">\u00c5rsst\u00e4mma 2020<\/h1>\r\n                             \r\n                        <\/div>       \r\n                                                          \r\n                    <\/div>    \r\n                                               \r\n                        <div class=\"row text\">\r\n                        <div class=\"col\">\r\n                            <div class=\"textBlock-text text-block-html  \">\r\n                                <p class=\"wp-block-wt-text-block\"><strong>Elanders AB:s \u00e5rsst\u00e4mma h\u00f6lls den 25 juni 2020, S\u00f6dra Porten, Fl\u00f6jelbergsgatan 1 C, M\u00f6lndal.<\/strong><\/p>\n\r\n                            <\/div>\r\n                        <\/div>                                        \r\n                    <\/div>                                              \r\n                    <\/div>                                \r\n            <\/section>\n\n<section id=\"\" class=\"text-block  space-bottom-yes space-top-yes text-block-id-69dcbbfb7f2f3 bg-color-white text-color-black\">                \r\n                    <div class=\"container\">  \r\n                                              \r\n                            \r\n                                               \r\n                        <div class=\"row text\">\r\n                        <div class=\"col\">\r\n                            <div class=\"textBlock-text text-block-html  \">\r\n                                <p class=\"wp-block-wt-text-block\">I sitt anf\u00f6rande redogjorde koncernchefen Magnus Nilsson f\u00f6r koncernens verksamhet samt utveckling under f\u00f6rsta kvartalet 2020 samt vilka f\u00f6rsiktighets\u00e5tg\u00e4rder som vidtagits med anledning av covid-19-pandemin.\u00a0<\/p>\n<p>Den r\u00e5dande situationen har \u00e4ven skapat nya aff\u00e4rsm\u00f6jligheter inom till exempel kundsegmentet Healthcare &amp; Life Science, d\u00e4r Elanders bist\u00e5r kunder i bland annat Nordamerika med upphandling av skyddsmaterial fr\u00e5n Asien.<\/p>\n\r\n                            <\/div>\r\n                        <\/div>                                        \r\n                    <\/div>                                              \r\n                    <\/div>                                \r\n            <\/section>\n\n\r\n            <section id=\"\" class=\"acc-block acc-block-id-69dcbbfb7f408 tab-file-block  \">\r\n                \r\n                <div class=\"container\">    \r\n                    \r\n        <div class=\"accWrapper\">                                                \r\n            \r\n            <div class=\"row\">\r\n                <div class=\"col-12\">\r\n                    <div class=\"acc-box\">\r\n                        \r\n                        <div class=\"click-area\">                            \r\n                                <p class=\"title\">Dokumentation<\/p> <i class=\"bi bi-chevron-double-right\"><\/i>\r\n                        <\/div>\r\n                        \r\n                        <div class=\"content-area add-content position-layout-file-100 add-content-type-file\">\r\n                            \r\n                            <div class=\"content\">\r\n                                <div class=\"text-wrapper\"><\/div>\r\n                                <div class=\"add-content-wrapper\">\r\n                                    <section class=\"icon-block\"><div class=\"container\"><div class=\"row\"><div class=\"icon-block-container col-12\"><a href=\"\/sv\/2020\/06\/25\/rapport-fran-arsstamman-2020\/\" target=\"_blank\" class=\"icon-blue text-color-black\"><i class=\"bi bi-file-earmark-text\"><\/i><span>2020-06-25 Rapport fr\u00e5n \u00e5rsst\u00e4mman 2020<\/span><\/a><\/div><div class=\"icon-block-container col-12\"><a href=\"\/sv\/2020\/05\/27\/kallelse-till-elanders-arsstamma-2020\/\" target=\"_blank\" class=\"icon-blue text-color-black\"><i class=\"bi bi-file-earmark-text\"><\/i><span>2020-05-27 Kallelse till Elanders \u00e5rsst\u00e4mma 2020<\/span><\/a><\/div><div class=\"icon-block-container col-12\"><a href=\"\/sv\/press\/elanders-flyttar-fram-arsstamman-till-den-25-juni-2020-7cbd7e52\/\" target=\"_blank\" class=\"icon-blue text-color-black\"><i class=\"bi bi-file-earmark-text\"><\/i><span>2020-03-20 Elanders flyttar fram \u00e5rsst\u00e4mman till den 25 juni 2020<\/span><\/a><\/div><div class=\"icon-block-container col-12\"><a href=\"\/wp-content\/uploads\/2024\/11\/1-Bolagstammopresentation-2020-VD-presentation_web.pdf\" target=\"_blank\" class=\"icon-red text-color-black\"><i class=\"bi bi-file-earmark-pdf\"><\/i><span>Bolagst\u00e4mmopresentation-2020-VD-presentation<\/span><\/a><\/div><div class=\"icon-block-container col-12\"><a href=\"\/wp-content\/uploads\/2024\/11\/2-Fullmaktsformular_2020.pdf\" target=\"_blank\" class=\"icon-red text-color-black\"><i class=\"bi bi-file-earmark-pdf\"><\/i><span>Fullmaktsformular 2020<\/span><\/a><\/div><div class=\"icon-block-container col-12\"><a href=\"\/wp-content\/uploads\/2024\/11\/3-Forhandsrostning-Elanders-arsstamma-2020.pdf\" target=\"_blank\" class=\"icon-red text-color-black\"><i class=\"bi bi-file-earmark-pdf\"><\/i><span>F\u00f6rhandsr\u00f6stning Elanders \u00e5rsst\u00e4mma 2020<\/span><\/a><\/div><div class=\"icon-block-container col-12\"><a href=\"\/wp-content\/uploads\/2024\/11\/4-Valberedningens-forslag-till-arsstamman-2020.pdf\" target=\"_blank\" class=\"icon-red text-color-black\"><i class=\"bi bi-file-earmark-pdf\"><\/i><span>Valberedningens f\u00f6rslag till \u00e5rsst\u00e4mman 2020<\/span><\/a><\/div><div class=\"icon-block-container col-12\"><a href=\"\/wp-content\/uploads\/2024\/11\/5-Uppfoljning-och-utvardering-av-ersattningar-till-verkstallande-direktoren-och-andra-ledande-befattningshavare-2019.pdf\" target=\"_blank\" class=\"icon-red text-color-black\"><i class=\"bi bi-file-earmark-pdf\"><\/i><span>Uppf\u00f6ljning och utv\u00e4rdering av ers\u00e4ttningar till verkst\u00e4llande direkt\u00f6ren och andra ledande befattningshavare 2019<\/span><\/a><\/div><div class=\"icon-block-container col-12\"><a href=\"\/wp-content\/uploads\/2024\/11\/6-Revisorsyttrande-om-ersattningar-till-ledande-befattningshavare-2019.pdf\" target=\"_blank\" class=\"icon-red text-color-black\"><i class=\"bi bi-file-earmark-pdf\"><\/i><span>Revisorsyttrande om ers\u00e4ttningar till ledande befattningshavare 2019<\/span><\/a><\/div><div class=\"icon-block-container col-12\"><a href=\"\/wp-content\/uploads\/2024\/11\/7-Styrelsens-forslag-till-riktlinjer-for-ersattning-till-ledande-befattningshavare-2020.pdf\" target=\"_blank\" class=\"icon-red text-color-black\"><i class=\"bi bi-file-earmark-pdf\"><\/i><span>Styrelsens f\u00f6rslag till riktlinjer f\u00f6r ers\u00e4ttning till ledande befattningshavare 2020<\/span><\/a><\/div><div class=\"icon-block-container col-12\"><a href=\"\/wp-content\/uploads\/2024\/11\/Stammoprotokoll-2020.pdf\" target=\"_blank\" class=\"icon-red text-color-black\"><i class=\"bi bi-file-earmark-pdf\"><\/i><span>St\u00e4mmoprotokoll 2020<\/span><\/a><\/div><\/div><\/div><\/section>\r\n                                <\/div>\r\n                            <\/div>\r\n                            \r\n                        <\/div>\r\n                        \r\n                    <\/div> \r\n                <\/div>\r\n            <\/div>                                                \r\n        <\/div>                        \r\n                <\/div>                                            \r\n                                      \r\n            <\/section>\r\n            <noscript>\r\n                    <style>\r\n                        \r\n                        .acc-block .acc-box .content {\r\n                            font-size: 18pt;\r\n                            line-height: 26pt;\r\n                            opacity: 1 !important;\r\n                            visibility: visible !important;\r\n                            max-height: inherit !important;\r\n                        }\r\n                        .acc-block .acc-box .content-area {\r\n                            padding-bottom: 20px !important;\r\n                            padding-top: 20px !important;\r\n                        }\r\n                        \r\n                    <\/style>\r\n                <\/noscript>\n\n\n<div style=\"height:75px\" aria-hidden=\"true\" class=\"wp-block-spacer\"><\/div>\n\n\n\n<p><\/p>\n","protected":false},"excerpt":{"rendered":"","protected":false},"author":2,"featured_media":0,"parent":23933,"menu_order":0,"comment_status":"closed","ping_status":"closed","template":"","meta":{"footnotes":""},"class_list":["post-24373","page","type-page","status-publish","hentry"],"yoast_head":"<!-- This site is optimized with the Yoast SEO plugin v27.2 - https:\/\/yoast.com\/product\/yoast-seo-wordpress\/ -->\n<title>\u00c5rsst\u00e4mma 2020 - Elanders Group<\/title>\n<meta name=\"robots\" content=\"index, follow, max-snippet:-1, max-image-preview:large, max-video-preview:-1\" \/>\n<link rel=\"canonical\" href=\"https:\/\/www.elanders.com\/sv\/bolagsstyrning\/bolagsstamma\/arsstamma-2020\/\" \/>\n<meta property=\"og:locale\" content=\"sv_SE\" \/>\n<meta property=\"og:type\" content=\"article\" \/>\n<meta property=\"og:title\" content=\"\u00c5rsst\u00e4mma 2020 - Elanders Group\" \/>\n<meta property=\"og:url\" content=\"https:\/\/www.elanders.com\/sv\/bolagsstyrning\/bolagsstamma\/arsstamma-2020\/\" \/>\n<meta property=\"og:site_name\" content=\"Elanders Group\" \/>\n<meta property=\"article:modified_time\" content=\"2024-11-07T14:50:12+00:00\" \/>\n<meta name=\"twitter:card\" content=\"summary_large_image\" \/>\n<script type=\"application\/ld+json\" class=\"yoast-schema-graph\">{\"@context\":\"https:\/\/schema.org\",\"@graph\":[{\"@type\":\"WebPage\",\"@id\":\"https:\/\/www.elanders.com\/sv\/bolagsstyrning\/bolagsstamma\/arsstamma-2020\/\",\"url\":\"https:\/\/www.elanders.com\/sv\/bolagsstyrning\/bolagsstamma\/arsstamma-2020\/\",\"name\":\"\u00c5rsst\u00e4mma 2020 - Elanders Group\",\"isPartOf\":{\"@id\":\"https:\/\/www.elanders.com\/#website\"},\"datePublished\":\"2024-11-07T14:48:10+00:00\",\"dateModified\":\"2024-11-07T14:50:12+00:00\",\"breadcrumb\":{\"@id\":\"https:\/\/www.elanders.com\/sv\/bolagsstyrning\/bolagsstamma\/arsstamma-2020\/#breadcrumb\"},\"inLanguage\":\"sv-SE\",\"potentialAction\":[{\"@type\":\"ReadAction\",\"target\":[\"https:\/\/www.elanders.com\/sv\/bolagsstyrning\/bolagsstamma\/arsstamma-2020\/\"]}]},{\"@type\":\"BreadcrumbList\",\"@id\":\"https:\/\/www.elanders.com\/sv\/bolagsstyrning\/bolagsstamma\/arsstamma-2020\/#breadcrumb\",\"itemListElement\":[{\"@type\":\"ListItem\",\"position\":1,\"name\":\"Home\",\"item\":\"https:\/\/www.elanders.com\/sv\/\"},{\"@type\":\"ListItem\",\"position\":2,\"name\":\"Bolagsstyrning\",\"item\":\"https:\/\/www.elanders.com\/sv\/bolagsstyrning\/\"},{\"@type\":\"ListItem\",\"position\":3,\"name\":\"Bolagsst\u00e4mma\",\"item\":\"https:\/\/www.elanders.com\/sv\/bolagsstyrning\/bolagsstamma\/\"},{\"@type\":\"ListItem\",\"position\":4,\"name\":\"\u00c5rsst\u00e4mma 2020\",\"item\":\"https:\/\/www.elanders.com\/sv\/bolagsstyrning\/bolagsstamma\/arsstamma-2020\/\"}]},{\"@type\":\"WebSite\",\"@id\":\"https:\/\/www.elanders.com\/#website\",\"url\":\"https:\/\/www.elanders.com\/\",\"name\":\"Welcome to Elanders - Elanders Group\",\"description\":\"\",\"potentialAction\":[{\"@type\":\"SearchAction\",\"target\":{\"@type\":\"EntryPoint\",\"urlTemplate\":\"https:\/\/www.elanders.com\/?s={search_term_string}\"},\"query-input\":{\"@type\":\"PropertyValueSpecification\",\"valueRequired\":true,\"valueName\":\"search_term_string\"}}],\"inLanguage\":\"sv-SE\"}]}<\/script>\n<!-- \/ Yoast SEO plugin. -->","yoast_head_json":{"title":"\u00c5rsst\u00e4mma 2020 - Elanders Group","robots":{"index":"index","follow":"follow","max-snippet":"max-snippet:-1","max-image-preview":"max-image-preview:large","max-video-preview":"max-video-preview:-1"},"canonical":"https:\/\/www.elanders.com\/sv\/bolagsstyrning\/bolagsstamma\/arsstamma-2020\/","og_locale":"sv_SE","og_type":"article","og_title":"\u00c5rsst\u00e4mma 2020 - Elanders Group","og_url":"https:\/\/www.elanders.com\/sv\/bolagsstyrning\/bolagsstamma\/arsstamma-2020\/","og_site_name":"Elanders Group","article_modified_time":"2024-11-07T14:50:12+00:00","twitter_card":"summary_large_image","schema":{"@context":"https:\/\/schema.org","@graph":[{"@type":"WebPage","@id":"https:\/\/www.elanders.com\/sv\/bolagsstyrning\/bolagsstamma\/arsstamma-2020\/","url":"https:\/\/www.elanders.com\/sv\/bolagsstyrning\/bolagsstamma\/arsstamma-2020\/","name":"\u00c5rsst\u00e4mma 2020 - Elanders Group","isPartOf":{"@id":"https:\/\/www.elanders.com\/#website"},"datePublished":"2024-11-07T14:48:10+00:00","dateModified":"2024-11-07T14:50:12+00:00","breadcrumb":{"@id":"https:\/\/www.elanders.com\/sv\/bolagsstyrning\/bolagsstamma\/arsstamma-2020\/#breadcrumb"},"inLanguage":"sv-SE","potentialAction":[{"@type":"ReadAction","target":["https:\/\/www.elanders.com\/sv\/bolagsstyrning\/bolagsstamma\/arsstamma-2020\/"]}]},{"@type":"BreadcrumbList","@id":"https:\/\/www.elanders.com\/sv\/bolagsstyrning\/bolagsstamma\/arsstamma-2020\/#breadcrumb","itemListElement":[{"@type":"ListItem","position":1,"name":"Home","item":"https:\/\/www.elanders.com\/sv\/"},{"@type":"ListItem","position":2,"name":"Bolagsstyrning","item":"https:\/\/www.elanders.com\/sv\/bolagsstyrning\/"},{"@type":"ListItem","position":3,"name":"Bolagsst\u00e4mma","item":"https:\/\/www.elanders.com\/sv\/bolagsstyrning\/bolagsstamma\/"},{"@type":"ListItem","position":4,"name":"\u00c5rsst\u00e4mma 2020","item":"https:\/\/www.elanders.com\/sv\/bolagsstyrning\/bolagsstamma\/arsstamma-2020\/"}]},{"@type":"WebSite","@id":"https:\/\/www.elanders.com\/#website","url":"https:\/\/www.elanders.com\/","name":"Welcome to Elanders - Elanders Group","description":"","potentialAction":[{"@type":"SearchAction","target":{"@type":"EntryPoint","urlTemplate":"https:\/\/www.elanders.com\/?s={search_term_string}"},"query-input":{"@type":"PropertyValueSpecification","valueRequired":true,"valueName":"search_term_string"}}],"inLanguage":"sv-SE"}]}},"_links":{"self":[{"href":"https:\/\/www.elanders.com\/sv\/wp-json\/wp\/v2\/pages\/24373","targetHints":{"allow":["GET"]}}],"collection":[{"href":"https:\/\/www.elanders.com\/sv\/wp-json\/wp\/v2\/pages"}],"about":[{"href":"https:\/\/www.elanders.com\/sv\/wp-json\/wp\/v2\/types\/page"}],"author":[{"embeddable":true,"href":"https:\/\/www.elanders.com\/sv\/wp-json\/wp\/v2\/users\/2"}],"replies":[{"embeddable":true,"href":"https:\/\/www.elanders.com\/sv\/wp-json\/wp\/v2\/comments?post=24373"}],"version-history":[{"count":1,"href":"https:\/\/www.elanders.com\/sv\/wp-json\/wp\/v2\/pages\/24373\/revisions"}],"predecessor-version":[{"id":24374,"href":"https:\/\/www.elanders.com\/sv\/wp-json\/wp\/v2\/pages\/24373\/revisions\/24374"}],"up":[{"embeddable":true,"href":"https:\/\/www.elanders.com\/sv\/wp-json\/wp\/v2\/pages\/23933"}],"wp:attachment":[{"href":"https:\/\/www.elanders.com\/sv\/wp-json\/wp\/v2\/media?parent=24373"}],"curies":[{"name":"wp","href":"https:\/\/api.w.org\/{rel}","templated":true}]}}