{"id":24442,"date":"2024-11-07T15:52:12","date_gmt":"2024-11-07T15:52:12","guid":{"rendered":"https:\/\/www.elanders.com\/bolagsstyrning\/bolagsstamma\/annual-general-meeting-2022\/"},"modified":"2024-11-07T15:53:51","modified_gmt":"2024-11-07T15:53:51","slug":"arsstamma-2022","status":"publish","type":"page","link":"https:\/\/www.elanders.com\/sv\/bolagsstyrning\/bolagsstamma\/arsstamma-2022\/","title":{"rendered":"\u00c5rsst\u00e4mma 2022"},"content":{"rendered":"<section id=\"\" class=\"text-block  space-bottom-yes space-top-yes text-block-id-69dcbbd384ab7 bg-color-gray text-color-black\">                \r\n                    <div class=\"container\">  \r\n                                              \r\n                        <div class=\"row\">                                        \r\n                        <div class=\"col\">\r\n                            <h1 class=\"textBlock-headline left \">\u00c5rsst\u00e4mma 2022<\/h1>\r\n                             \r\n                        <\/div>       \r\n                                                          \r\n                    <\/div>    \r\n                                               \r\n                        <div class=\"row text\">\r\n                        <div class=\"col\">\r\n                            <div class=\"textBlock-text text-block-html  \">\r\n                                <p class=\"wp-block-wt-text-block\"><strong>Elanders AB:s \u00e5rsst\u00e4mma h\u00f6lls den 21 april 2022.<\/strong><\/p>\n\r\n                            <\/div>\r\n                        <\/div>                                        \r\n                    <\/div>                                              \r\n                    <\/div>                                \r\n            <\/section>\n\n\n<p><\/p>\n\n\n<section id=\"\" class=\"text-block  space-bottom-yes space-top-yes text-block-id-69dcbbd384c4e bg-color-white text-color-black\">                \r\n                    <div class=\"container\">  \r\n                                              \r\n                            \r\n                                               \r\n                        <div class=\"row text\">\r\n                        <div class=\"col\">\r\n                            <div class=\"textBlock-text text-block-html  \">\r\n                                <p class=\"wp-block-wt-text-block\">I sitt anf\u00f6rande redogjorde koncernchefen Magnus Nilsson f\u00f6r koncernens verksamhet samt utveckling under 2021 och det f\u00f6rsta kvartalet 2022. Det har varit en period som pr\u00e4glats av covid-19-pandemin, halvledarbrist och en stor os\u00e4kerhet i omv\u00e4rlden. Trots det har Elanders hanterat situationen p\u00e5 ett bra s\u00e4tt. \u00c5r 2021 var koncernens resultatm\u00e4ssigt b\u00e4sta \u00e5r n\u00e5gonsin. Vidare redogjorde Magnus Nilsson \u00e4ven f\u00f6r de satsningar och f\u00f6rv\u00e4rv som gjorts. Fashion &amp; Lifestyle blev under \u00e5ret koncernens st\u00f6rsta kundsegment genom f\u00f6rv\u00e4rvet av Bergen Logistics i USA.<\/p>\n\r\n                            <\/div>\r\n                        <\/div>                                        \r\n                    <\/div>                                              \r\n                    <\/div>                                \r\n            <\/section>\n\n\r\n            <section id=\"\" class=\"acc-block acc-block-id-69dcbbd384cfa tab-file-block  \">\r\n                \r\n                <div class=\"container\">    \r\n                    \r\n        <div class=\"accWrapper\">                                                \r\n            \r\n            <div class=\"row\">\r\n                <div class=\"col-12\">\r\n                    <div class=\"acc-box\">\r\n                        \r\n                        <div class=\"click-area\">                            \r\n                                <p class=\"title\">Dokumentation<\/p> <i class=\"bi bi-chevron-double-right\"><\/i>\r\n                        <\/div>\r\n                        \r\n                        <div class=\"content-area add-content position-layout-file-100 add-content-type-file\">\r\n                            \r\n                            <div class=\"content\">\r\n                                <div class=\"text-wrapper\"><\/div>\r\n                                <div class=\"add-content-wrapper\">\r\n                                    <section class=\"icon-block\"><div class=\"container\"><div class=\"row\"><div class=\"icon-block-container col-12\"><a href=\"\/sv\/2022\/04\/21\/rapport-fran-arsstamman-2022\/\" target=\"_blank\" class=\"icon-blue text-color-black\"><i class=\"bi bi-file-earmark-text\"><\/i><span>2022-04-21 Rapport fr\u00e5n \u00e5rsst\u00e4mman 2022<\/span><\/a><\/div><div class=\"icon-block-container col-12\"><a href=\"\/sv\/2022\/03\/18\/kallelse-till-elanders-arsstamma-2022\/\" target=\"_blank\" class=\"icon-blue text-color-black\"><i class=\"bi bi-file-earmark-text\"><\/i><span>2022-03-18 Kallelse till Elanders \u00e5rsst\u00e4mma 2022<\/span><\/a><\/div><div class=\"icon-block-container col-12\"><a href=\"\/wp-content\/uploads\/2024\/11\/Stammoprotokoll-2022.pdf\" target=\"_blank\" class=\"icon-red text-color-black\"><i class=\"bi bi-file-earmark-pdf\"><\/i><span>St\u00e4mmoprotokoll 2022<\/span><\/a><\/div><div class=\"icon-block-container col-12\"><a href=\"\/wp-content\/uploads\/2024\/11\/2-Elanders_-_Fullmaktsformular_AGM_2022_sv.pdf\" target=\"_blank\" class=\"icon-red text-color-black\"><i class=\"bi bi-file-earmark-pdf\"><\/i><span>Elanders &#8211; Fullmaktsformul\u00e4r AGM 2022<\/span><\/a><\/div><div class=\"icon-block-container col-12\"><a href=\"\/wp-content\/uploads\/2024\/11\/3-Valberedningens-forslag-till-arsstamman-2022.pdf\" target=\"_blank\" class=\"icon-red text-color-black\"><i class=\"bi bi-file-earmark-pdf\"><\/i><span>Valberedningens f\u00f6rslag till \u00e5rsst\u00e4mman 2022<\/span><\/a><\/div><div class=\"icon-block-container col-12\"><a href=\"\/wp-content\/uploads\/2024\/11\/4-Elanders-Ersattningsrapport-2021.pdf\" target=\"_blank\" class=\"icon-red text-color-black\"><i class=\"bi bi-file-earmark-pdf\"><\/i><span>Elanders \u2013 Ers\u00e4ttningsrapport 2021<\/span><\/a><\/div><div class=\"icon-block-container col-12\"><a href=\"\/wp-content\/uploads\/2024\/11\/5-Elanders-Revisorsyttrande-Ersattning-till-ledande-befattningshavare-2021.pdf\" target=\"_blank\" class=\"icon-red text-color-black\"><i class=\"bi bi-file-earmark-pdf\"><\/i><span>Elanders \u2013 Revisorsyttrande Ers\u00e4ttning till ledande befattningshavare 2021<\/span><\/a><\/div><div class=\"icon-block-container col-12\"><a href=\"\/wp-content\/uploads\/2024\/11\/6-Styrelsens-forslag-till-riktlinjer-for-ersattning-till-ledande-befattningshavare.pdf\" target=\"_blank\" class=\"icon-red text-color-black\"><i class=\"bi bi-file-earmark-pdf\"><\/i><span>Styrelsens f\u00f6rslag till riktlinjer f\u00f6r ers\u00e4ttning till ledande befattningshavare<\/span><\/a><\/div><\/div><\/div><\/section>\r\n                                <\/div>\r\n                            <\/div>\r\n                            \r\n                        <\/div>\r\n                        \r\n                    <\/div> \r\n                <\/div>\r\n            <\/div>                                                \r\n        <\/div>                        \r\n                <\/div>                                            \r\n                                      \r\n            <\/section>\r\n            <noscript>\r\n                    <style>\r\n                        \r\n                        .acc-block .acc-box .content {\r\n                            font-size: 18pt;\r\n                            line-height: 26pt;\r\n                            opacity: 1 !important;\r\n                            visibility: visible !important;\r\n                            max-height: inherit !important;\r\n                        }\r\n                        .acc-block .acc-box .content-area {\r\n                            padding-bottom: 20px !important;\r\n                            padding-top: 20px !important;\r\n                        }\r\n                        \r\n                    <\/style>\r\n                <\/noscript>\n\n\n<div style=\"height:75px\" aria-hidden=\"true\" class=\"wp-block-spacer\"><\/div>\n","protected":false},"excerpt":{"rendered":"","protected":false},"author":2,"featured_media":0,"parent":23933,"menu_order":0,"comment_status":"closed","ping_status":"closed","template":"","meta":{"footnotes":""},"class_list":["post-24442","page","type-page","status-publish","hentry"],"yoast_head":"<!-- This site is optimized with the Yoast SEO plugin v27.2 - https:\/\/yoast.com\/product\/yoast-seo-wordpress\/ -->\n<title>\u00c5rsst\u00e4mma 2022 - Elanders Group<\/title>\n<meta name=\"robots\" content=\"index, follow, max-snippet:-1, max-image-preview:large, max-video-preview:-1\" \/>\n<link rel=\"canonical\" href=\"https:\/\/www.elanders.com\/sv\/bolagsstyrning\/bolagsstamma\/arsstamma-2022\/\" \/>\n<meta property=\"og:locale\" content=\"sv_SE\" \/>\n<meta property=\"og:type\" content=\"article\" \/>\n<meta property=\"og:title\" content=\"\u00c5rsst\u00e4mma 2022 - Elanders Group\" \/>\n<meta property=\"og:url\" content=\"https:\/\/www.elanders.com\/sv\/bolagsstyrning\/bolagsstamma\/arsstamma-2022\/\" \/>\n<meta property=\"og:site_name\" content=\"Elanders Group\" \/>\n<meta property=\"article:modified_time\" content=\"2024-11-07T15:53:51+00:00\" \/>\n<meta name=\"twitter:card\" content=\"summary_large_image\" \/>\n<meta name=\"twitter:label1\" content=\"Ber\u00e4knad l\u00e4stid\" \/>\n\t<meta name=\"twitter:data1\" content=\"1 minut\" \/>\n<script type=\"application\/ld+json\" class=\"yoast-schema-graph\">{\"@context\":\"https:\/\/schema.org\",\"@graph\":[{\"@type\":\"WebPage\",\"@id\":\"https:\/\/www.elanders.com\/sv\/bolagsstyrning\/bolagsstamma\/arsstamma-2022\/\",\"url\":\"https:\/\/www.elanders.com\/sv\/bolagsstyrning\/bolagsstamma\/arsstamma-2022\/\",\"name\":\"\u00c5rsst\u00e4mma 2022 - Elanders Group\",\"isPartOf\":{\"@id\":\"https:\/\/www.elanders.com\/#website\"},\"datePublished\":\"2024-11-07T15:52:12+00:00\",\"dateModified\":\"2024-11-07T15:53:51+00:00\",\"breadcrumb\":{\"@id\":\"https:\/\/www.elanders.com\/sv\/bolagsstyrning\/bolagsstamma\/arsstamma-2022\/#breadcrumb\"},\"inLanguage\":\"sv-SE\",\"potentialAction\":[{\"@type\":\"ReadAction\",\"target\":[\"https:\/\/www.elanders.com\/sv\/bolagsstyrning\/bolagsstamma\/arsstamma-2022\/\"]}]},{\"@type\":\"BreadcrumbList\",\"@id\":\"https:\/\/www.elanders.com\/sv\/bolagsstyrning\/bolagsstamma\/arsstamma-2022\/#breadcrumb\",\"itemListElement\":[{\"@type\":\"ListItem\",\"position\":1,\"name\":\"Home\",\"item\":\"https:\/\/www.elanders.com\/sv\/\"},{\"@type\":\"ListItem\",\"position\":2,\"name\":\"Bolagsstyrning\",\"item\":\"https:\/\/www.elanders.com\/sv\/bolagsstyrning\/\"},{\"@type\":\"ListItem\",\"position\":3,\"name\":\"Bolagsst\u00e4mma\",\"item\":\"https:\/\/www.elanders.com\/sv\/bolagsstyrning\/bolagsstamma\/\"},{\"@type\":\"ListItem\",\"position\":4,\"name\":\"\u00c5rsst\u00e4mma 2022\",\"item\":\"https:\/\/www.elanders.com\/sv\/bolagsstyrning\/bolagsstamma\/arsstamma-2022\/\"}]},{\"@type\":\"WebSite\",\"@id\":\"https:\/\/www.elanders.com\/#website\",\"url\":\"https:\/\/www.elanders.com\/\",\"name\":\"Welcome to Elanders - Elanders Group\",\"description\":\"\",\"potentialAction\":[{\"@type\":\"SearchAction\",\"target\":{\"@type\":\"EntryPoint\",\"urlTemplate\":\"https:\/\/www.elanders.com\/?s={search_term_string}\"},\"query-input\":{\"@type\":\"PropertyValueSpecification\",\"valueRequired\":true,\"valueName\":\"search_term_string\"}}],\"inLanguage\":\"sv-SE\"}]}<\/script>\n<!-- \/ Yoast SEO plugin. -->","yoast_head_json":{"title":"\u00c5rsst\u00e4mma 2022 - Elanders Group","robots":{"index":"index","follow":"follow","max-snippet":"max-snippet:-1","max-image-preview":"max-image-preview:large","max-video-preview":"max-video-preview:-1"},"canonical":"https:\/\/www.elanders.com\/sv\/bolagsstyrning\/bolagsstamma\/arsstamma-2022\/","og_locale":"sv_SE","og_type":"article","og_title":"\u00c5rsst\u00e4mma 2022 - Elanders Group","og_url":"https:\/\/www.elanders.com\/sv\/bolagsstyrning\/bolagsstamma\/arsstamma-2022\/","og_site_name":"Elanders Group","article_modified_time":"2024-11-07T15:53:51+00:00","twitter_card":"summary_large_image","twitter_misc":{"Ber\u00e4knad l\u00e4stid":"1 minut"},"schema":{"@context":"https:\/\/schema.org","@graph":[{"@type":"WebPage","@id":"https:\/\/www.elanders.com\/sv\/bolagsstyrning\/bolagsstamma\/arsstamma-2022\/","url":"https:\/\/www.elanders.com\/sv\/bolagsstyrning\/bolagsstamma\/arsstamma-2022\/","name":"\u00c5rsst\u00e4mma 2022 - Elanders Group","isPartOf":{"@id":"https:\/\/www.elanders.com\/#website"},"datePublished":"2024-11-07T15:52:12+00:00","dateModified":"2024-11-07T15:53:51+00:00","breadcrumb":{"@id":"https:\/\/www.elanders.com\/sv\/bolagsstyrning\/bolagsstamma\/arsstamma-2022\/#breadcrumb"},"inLanguage":"sv-SE","potentialAction":[{"@type":"ReadAction","target":["https:\/\/www.elanders.com\/sv\/bolagsstyrning\/bolagsstamma\/arsstamma-2022\/"]}]},{"@type":"BreadcrumbList","@id":"https:\/\/www.elanders.com\/sv\/bolagsstyrning\/bolagsstamma\/arsstamma-2022\/#breadcrumb","itemListElement":[{"@type":"ListItem","position":1,"name":"Home","item":"https:\/\/www.elanders.com\/sv\/"},{"@type":"ListItem","position":2,"name":"Bolagsstyrning","item":"https:\/\/www.elanders.com\/sv\/bolagsstyrning\/"},{"@type":"ListItem","position":3,"name":"Bolagsst\u00e4mma","item":"https:\/\/www.elanders.com\/sv\/bolagsstyrning\/bolagsstamma\/"},{"@type":"ListItem","position":4,"name":"\u00c5rsst\u00e4mma 2022","item":"https:\/\/www.elanders.com\/sv\/bolagsstyrning\/bolagsstamma\/arsstamma-2022\/"}]},{"@type":"WebSite","@id":"https:\/\/www.elanders.com\/#website","url":"https:\/\/www.elanders.com\/","name":"Welcome to Elanders - Elanders Group","description":"","potentialAction":[{"@type":"SearchAction","target":{"@type":"EntryPoint","urlTemplate":"https:\/\/www.elanders.com\/?s={search_term_string}"},"query-input":{"@type":"PropertyValueSpecification","valueRequired":true,"valueName":"search_term_string"}}],"inLanguage":"sv-SE"}]}},"_links":{"self":[{"href":"https:\/\/www.elanders.com\/sv\/wp-json\/wp\/v2\/pages\/24442","targetHints":{"allow":["GET"]}}],"collection":[{"href":"https:\/\/www.elanders.com\/sv\/wp-json\/wp\/v2\/pages"}],"about":[{"href":"https:\/\/www.elanders.com\/sv\/wp-json\/wp\/v2\/types\/page"}],"author":[{"embeddable":true,"href":"https:\/\/www.elanders.com\/sv\/wp-json\/wp\/v2\/users\/2"}],"replies":[{"embeddable":true,"href":"https:\/\/www.elanders.com\/sv\/wp-json\/wp\/v2\/comments?post=24442"}],"version-history":[{"count":1,"href":"https:\/\/www.elanders.com\/sv\/wp-json\/wp\/v2\/pages\/24442\/revisions"}],"predecessor-version":[{"id":24443,"href":"https:\/\/www.elanders.com\/sv\/wp-json\/wp\/v2\/pages\/24442\/revisions\/24443"}],"up":[{"embeddable":true,"href":"https:\/\/www.elanders.com\/sv\/wp-json\/wp\/v2\/pages\/23933"}],"wp:attachment":[{"href":"https:\/\/www.elanders.com\/sv\/wp-json\/wp\/v2\/media?parent=24442"}],"curies":[{"name":"wp","href":"https:\/\/api.w.org\/{rel}","templated":true}]}}