{"id":24446,"date":"2024-11-08T07:08:37","date_gmt":"2024-11-08T07:08:37","guid":{"rendered":"https:\/\/www.elanders.com\/?page_id=24446"},"modified":"2025-02-11T20:00:07","modified_gmt":"2025-02-11T19:00:07","slug":"totalavkastning","status":"publish","type":"page","link":"https:\/\/www.elanders.com\/sv\/investerare\/totalavkastning\/","title":{"rendered":"Totalavkastning"},"content":{"rendered":"<section id=\"\" class=\"text-block  space-bottom-yes space-top-yes text-block-id-69d468d33a32e bg-color-gray text-color-black\">                \r\n                    <div class=\"container\">  \r\n                                              \r\n                        <div class=\"row\">                                        \r\n                        <div class=\"col\">\r\n                            <h1 class=\"textBlock-headline left \">Total&shy;avkastning<\/h1>\r\n                             \r\n                        <\/div>       \r\n                                                          \r\n                    <\/div>    \r\n                                               \r\n                        <div class=\"row text\">\r\n                        <div class=\"col\">\r\n                            <div class=\"textBlock-text text-block-html  \">\r\n                                <p class=\"wp-block-wt-text-block\">\n\r\n                            <\/div>\r\n                        <\/div>                                        \r\n                    <\/div>                                              \r\n                    <\/div>                                \r\n            <\/section>\n\n <div class=\"container py-5 modular-finance-space\">\r\n    <div class=\"buttons-modules-container\">\r\n        <button class=\"btn-modules active\" onclick=\"show_div_en('overview')\">\u00d6versikt<\/button>\r\n        <button class=\"btn-modules\" onclick=\"show_div_en('total-return')\">Totalavkastning<\/button>\r\n        <button class=\"btn-modules\" onclick=\"show_div_en('dividend')\">Utdelning<\/button>\r\n    <\/div>\r\n\r\n    <!--First container is visible by default-->\r\n    <div class=\"total-return\">\r\n        <!--  First elements -->\r\n        <div id=\"overview\" class=\"modules-block\" style=\"display:block;\">\r\n            <div id=\"modules-type-1\" style=\"padding: 20px 0\"><\/div>\r\n            <div id=\"modules-type-2\" style=\"padding: 20px 0 0 0\"><\/div>\r\n        <\/div>\r\n\r\n        <!--  Second elements -->\r\n        <div id=\"total-return\" class=\"modules-block\" style=\"display:none;\">\r\n            <div id=\"modules-type-3\" style=\"padding: 20px 0 0 0\"><\/div>\r\n            <div id=\"modules-type-4\" class=\"sv\" style=\"padding: 0 0 20px 0\"><\/div>\r\n        <\/div>\r\n\r\n        <!--  Third elements -->\r\n        <div id=\"dividend\" class=\"modules-block\" style=\"display:none;\">\r\n            <br>\r\n            <h2>Utdelningspolicy<\/h2>\r\n            <p>I utdelningen f\u00f6r kommande \u00e5r beaktar styrelsen s\u00e5v\u00e4l koncernens utvecklingsm\u00f6jligheter som dess finansiella st\u00e4llning samt de finansiella m\u00e5l som \u00e4r fastst\u00e4llda avseende skulds\u00e4ttningsgrad, soliditet och l\u00f6nsamhet. M\u00e5let \u00e4r att utdelningen ska f\u00f6lja den l\u00e5ngsiktiga resultatutvecklingen och i genomsnitt motsvara cirka 30\u201350 procent av resultatet efter skatt.<\/p>\r\n            <div id=\"modules-type-5\" style=\"padding: 20px 0 0 0\"><\/div>\r\n            <div id=\"modules-type-6\" style=\"padding: 0\"><\/div>\r\n      <\/div>\r\n    <\/div>\r\n <\/div>\r\n    <script>\r\n        document.addEventListener('DOMContentLoaded', (event) => {\r\n            document.getElementById('overview').classList.add('active');\r\n        });\r\n\r\n        function show_div_en(id) {\r\n            var containers = document.getElementsByClassName('modules-block');\r\n            \/\/ Remove \"active\" class from all buttons\r\n            for (var i = 0; i < containers.length; i++) {\r\n                containers[i].style.display = \"none\";\r\n                document.getElementsByClassName('btn-modules')[i].classList.remove('active');\r\n            }\r\n\r\n            \/\/ Add \"active\" class to the clicked button\r\n            document.getElementsByClassName('btn-modules')[id=='overview'?0:(id=='total-return'?1:2)].classList.add('active');\r\n\r\n            \/\/ Show the corresponding div\r\n            document.getElementById(id).style.display = \"block\";\r\n        }\r\n\r\n        (function(widgets) {\r\n            var url = \"https:\/\/widget.datablocks.se\/api\/rose\";\r\n            if (!window._MF) {\r\n                var b = document.createElement(\"script\");\r\n                b.type = \"text\/javascript\";\r\n                b.async = true;\r\n                b.src = url + \"\/assets\/js\/loader-v5.js\";\r\n                document.getElementsByTagName(\"body\")[0].appendChild(b);\r\n            }\r\n            window._MF = window._MF || {\r\n                data: [],\r\n                url: url,\r\n                ready: !!0,\r\n                render: function() { window._MF.ready = !0 },\r\n                push: function(w) { window._MF.data.push(w) }\r\n            };\r\n            window._MF.push(widgets);\r\n        })([\r\n            {\r\n                query:\"#modules-type-1\",\r\n                widget: \"total-return-table-v2\",\r\n                locale: \"sv\",\r\n                token: \"b362b936-d485-45e2-8827-ce53213b9e75\"\r\n            },\r\n            {\r\n                query:\"#modules-type-2\",\r\n                widget: \"total-return-table-v2\",\r\n                locale: \"sv\",\r\n                token: \"06eeee97-acb5-46b8-a8c8-632bd851b063\"\r\n            },\r\n            {\r\n                query:\"#modules-type-3\",\r\n                widget: \"stock-chart\",\r\n                locale: \"sv\",\r\n                token: \"be0e4e46-d3d2-404e-8b5b-8163b2f8b48f\"\r\n            },\r\n            {\r\n                query:\"#modules-type-4\",\r\n                widget: \"stock-calculator\",\r\n                locale: \"sv\",\r\n                token: \"d558307b-0056-42d7-80bb-48c437773ce8\"\r\n            },\r\n            {\r\n                query:\"#modules-type-5\",\r\n                widget: \"dividend-graph\",\r\n                locale: \"sv\",\r\n                token: \"e15aecba-278c-4a6a-8e41-51ee1f9ef828\"\r\n            },\r\n            {\r\n                query:\"#modules-type-6\",\r\n                widget: \"dividend-table\",\r\n                locale: \"sv\",\r\n                token: \"5c599415-31a2-425d-8d16-2369aa926b35\"\r\n            },\r\n\r\n        ]);\r\n    <\/script>\r\n\r\n    \n","protected":false},"excerpt":{"rendered":"","protected":false},"author":1,"featured_media":0,"parent":24189,"menu_order":0,"comment_status":"closed","ping_status":"closed","template":"","meta":{"footnotes":""},"class_list":["post-24446","page","type-page","status-publish","hentry"],"yoast_head":"<!-- This site is optimized with the Yoast SEO plugin v27.2 - https:\/\/yoast.com\/product\/yoast-seo-wordpress\/ -->\n<title>Totalavkastning - Elanders Group<\/title>\n<meta name=\"robots\" content=\"index, follow, max-snippet:-1, max-image-preview:large, max-video-preview:-1\" \/>\n<link rel=\"canonical\" href=\"https:\/\/www.elanders.com\/sv\/investerare\/totalavkastning\/\" \/>\n<meta property=\"og:locale\" content=\"sv_SE\" \/>\n<meta property=\"og:type\" content=\"article\" \/>\n<meta property=\"og:title\" content=\"Totalavkastning - Elanders Group\" \/>\n<meta property=\"og:url\" content=\"https:\/\/www.elanders.com\/sv\/investerare\/totalavkastning\/\" \/>\n<meta property=\"og:site_name\" content=\"Elanders Group\" \/>\n<meta property=\"article:modified_time\" content=\"2025-02-11T19:00:07+00:00\" \/>\n<meta name=\"twitter:card\" content=\"summary_large_image\" \/>\n<meta name=\"twitter:label1\" content=\"Ber\u00e4knad l\u00e4stid\" \/>\n\t<meta name=\"twitter:data1\" content=\"1 minut\" \/>\n<script type=\"application\/ld+json\" class=\"yoast-schema-graph\">{\"@context\":\"https:\/\/schema.org\",\"@graph\":[{\"@type\":\"WebPage\",\"@id\":\"https:\/\/www.elanders.com\/sv\/investerare\/totalavkastning\/\",\"url\":\"https:\/\/www.elanders.com\/sv\/investerare\/totalavkastning\/\",\"name\":\"Totalavkastning - Elanders Group\",\"isPartOf\":{\"@id\":\"https:\/\/www.elanders.com\/#website\"},\"datePublished\":\"2024-11-08T07:08:37+00:00\",\"dateModified\":\"2025-02-11T19:00:07+00:00\",\"breadcrumb\":{\"@id\":\"https:\/\/www.elanders.com\/sv\/investerare\/totalavkastning\/#breadcrumb\"},\"inLanguage\":\"sv-SE\",\"potentialAction\":[{\"@type\":\"ReadAction\",\"target\":[\"https:\/\/www.elanders.com\/sv\/investerare\/totalavkastning\/\"]}]},{\"@type\":\"BreadcrumbList\",\"@id\":\"https:\/\/www.elanders.com\/sv\/investerare\/totalavkastning\/#breadcrumb\",\"itemListElement\":[{\"@type\":\"ListItem\",\"position\":1,\"name\":\"Home\",\"item\":\"https:\/\/www.elanders.com\/sv\/\"},{\"@type\":\"ListItem\",\"position\":2,\"name\":\"Investerare\",\"item\":\"https:\/\/www.elanders.com\/sv\/investerare\/\"},{\"@type\":\"ListItem\",\"position\":3,\"name\":\"Totalavkastning\"}]},{\"@type\":\"WebSite\",\"@id\":\"https:\/\/www.elanders.com\/#website\",\"url\":\"https:\/\/www.elanders.com\/\",\"name\":\"Welcome to Elanders - Elanders Group\",\"description\":\"\",\"potentialAction\":[{\"@type\":\"SearchAction\",\"target\":{\"@type\":\"EntryPoint\",\"urlTemplate\":\"https:\/\/www.elanders.com\/?s={search_term_string}\"},\"query-input\":{\"@type\":\"PropertyValueSpecification\",\"valueRequired\":true,\"valueName\":\"search_term_string\"}}],\"inLanguage\":\"sv-SE\"}]}<\/script>\n<!-- \/ Yoast SEO plugin. -->","yoast_head_json":{"title":"Totalavkastning - Elanders Group","robots":{"index":"index","follow":"follow","max-snippet":"max-snippet:-1","max-image-preview":"max-image-preview:large","max-video-preview":"max-video-preview:-1"},"canonical":"https:\/\/www.elanders.com\/sv\/investerare\/totalavkastning\/","og_locale":"sv_SE","og_type":"article","og_title":"Totalavkastning - Elanders Group","og_url":"https:\/\/www.elanders.com\/sv\/investerare\/totalavkastning\/","og_site_name":"Elanders Group","article_modified_time":"2025-02-11T19:00:07+00:00","twitter_card":"summary_large_image","twitter_misc":{"Ber\u00e4knad l\u00e4stid":"1 minut"},"schema":{"@context":"https:\/\/schema.org","@graph":[{"@type":"WebPage","@id":"https:\/\/www.elanders.com\/sv\/investerare\/totalavkastning\/","url":"https:\/\/www.elanders.com\/sv\/investerare\/totalavkastning\/","name":"Totalavkastning - Elanders Group","isPartOf":{"@id":"https:\/\/www.elanders.com\/#website"},"datePublished":"2024-11-08T07:08:37+00:00","dateModified":"2025-02-11T19:00:07+00:00","breadcrumb":{"@id":"https:\/\/www.elanders.com\/sv\/investerare\/totalavkastning\/#breadcrumb"},"inLanguage":"sv-SE","potentialAction":[{"@type":"ReadAction","target":["https:\/\/www.elanders.com\/sv\/investerare\/totalavkastning\/"]}]},{"@type":"BreadcrumbList","@id":"https:\/\/www.elanders.com\/sv\/investerare\/totalavkastning\/#breadcrumb","itemListElement":[{"@type":"ListItem","position":1,"name":"Home","item":"https:\/\/www.elanders.com\/sv\/"},{"@type":"ListItem","position":2,"name":"Investerare","item":"https:\/\/www.elanders.com\/sv\/investerare\/"},{"@type":"ListItem","position":3,"name":"Totalavkastning"}]},{"@type":"WebSite","@id":"https:\/\/www.elanders.com\/#website","url":"https:\/\/www.elanders.com\/","name":"Welcome to Elanders - Elanders Group","description":"","potentialAction":[{"@type":"SearchAction","target":{"@type":"EntryPoint","urlTemplate":"https:\/\/www.elanders.com\/?s={search_term_string}"},"query-input":{"@type":"PropertyValueSpecification","valueRequired":true,"valueName":"search_term_string"}}],"inLanguage":"sv-SE"}]}},"_links":{"self":[{"href":"https:\/\/www.elanders.com\/sv\/wp-json\/wp\/v2\/pages\/24446","targetHints":{"allow":["GET"]}}],"collection":[{"href":"https:\/\/www.elanders.com\/sv\/wp-json\/wp\/v2\/pages"}],"about":[{"href":"https:\/\/www.elanders.com\/sv\/wp-json\/wp\/v2\/types\/page"}],"author":[{"embeddable":true,"href":"https:\/\/www.elanders.com\/sv\/wp-json\/wp\/v2\/users\/1"}],"replies":[{"embeddable":true,"href":"https:\/\/www.elanders.com\/sv\/wp-json\/wp\/v2\/comments?post=24446"}],"version-history":[{"count":3,"href":"https:\/\/www.elanders.com\/sv\/wp-json\/wp\/v2\/pages\/24446\/revisions"}],"predecessor-version":[{"id":26495,"href":"https:\/\/www.elanders.com\/sv\/wp-json\/wp\/v2\/pages\/24446\/revisions\/26495"}],"up":[{"embeddable":true,"href":"https:\/\/www.elanders.com\/sv\/wp-json\/wp\/v2\/pages\/24189"}],"wp:attachment":[{"href":"https:\/\/www.elanders.com\/sv\/wp-json\/wp\/v2\/media?parent=24446"}],"curies":[{"name":"wp","href":"https:\/\/api.w.org\/{rel}","templated":true}]}}