{"id":24480,"date":"2024-11-08T07:29:22","date_gmt":"2024-11-08T07:29:22","guid":{"rendered":"https:\/\/www.elanders.com\/?page_id=24480"},"modified":"2024-12-13T14:23:46","modified_gmt":"2024-12-13T13:23:46","slug":"elandersaktien","status":"publish","type":"page","link":"https:\/\/www.elanders.com\/sv\/investerare\/elandersaktien\/","title":{"rendered":"Elandersaktien"},"content":{"rendered":"<section id=\"\" class=\"text-block  space-bottom-yes space-top-yes text-block-id-69d469d84338a bg-color-gray text-color-black\">                \r\n                    <div class=\"container\">  \r\n                                              \r\n                        <div class=\"row\">                                        \r\n                        <div class=\"col\">\r\n                            <h1 class=\"textBlock-headline left \">Elandersaktien<\/h1>\r\n                             \r\n                        <\/div>       \r\n                                                          \r\n                    <\/div>    \r\n                                               \r\n                        <div class=\"row text\">\r\n                        <div class=\"col\">\r\n                            <div class=\"textBlock-text text-block-html  \">\r\n                                <p class=\"wp-block-wt-text-block\"><strong>Elanders B-aktie introducerades p\u00e5 Stockholms Fondb\u00f6rs den 9 januari 1989. Bolaget har 33 542 938 B-aktier noterade p\u00e5 NASDAQ OMX nordiska lista inom segmentet Mid Cap under beteckningen ELAN B. Carl Bennet AB \u00e4r sedan 1997 st\u00f6rsta aktie\u00e4gare och kontrollerar 50,1 procent av aktierna och 65,9 procent av r\u00f6sterna.<\/strong><\/p>\n\r\n                            <\/div>\r\n                        <\/div>                                        \r\n                    <\/div>                                              \r\n                    <\/div>                                \r\n            <\/section>\n\n<div class=\"container pt-2 pb-5 modular-finance\">\r\n    <div class=\"elanders-share\">\r\n        <div class=\"modules-block\" style=\"display:block;\">\r\n            <div id=\"modules-shareholders-type-1\" style=\"padding: 20px 0 0 0\"><\/div>\r\n            <div id=\"modules-shareholders-type-2\" style=\"padding: 0;\"><\/div>\r\n            <div id=\"modules-shareholders-type-3\" style=\"padding: 20px 0px\"><\/div>\r\n        <\/div>\r\n    <\/div>\r\n<\/div>\r\n    <script>\r\n\r\n        (function(widgets) {\r\n            var url = \"https:\/\/widget.datablocks.se\/api\/rose\";\r\n            if (!window._MF) {\r\n                var b = document.createElement(\"script\");\r\n                b.type = \"text\/javascript\";\r\n                b.async = true;\r\n                b.src = url + \"\/assets\/js\/loader-v5.js\";\r\n                document.getElementsByTagName(\"body\")[0].appendChild(b);\r\n            }\r\n            window._MF = window._MF || {\r\n                data: [],\r\n                url: url,\r\n                ready: !!0,\r\n                render: function() { window._MF.ready = !0 },\r\n                push: function(w) { window._MF.data.push(w) }\r\n            };\r\n            window._MF.push(widgets);\r\n        })([\r\n            {\r\n                query:\"#modules-shareholders-type-1\",\r\n                widget: \"stock-table\",\r\n                locale: \"sv\",\r\n                token: \"7672bba5-1b55-4bbd-89c2-413042e2b2e3\"\r\n            },\r\n            {\r\n                query:\"#modules-shareholders-type-2\",\r\n                widget: \"stock-table\",\r\n                locale: \"sv\",\r\n                token: \"6b55292c-df8a-4435-8cc1-dbdc65c8ebcf\"\r\n            },\r\n            {\r\n                query:\"#modules-shareholders-type-3\",\r\n                widget: \"stock-chart\",\r\n                locale: \"sv\",\r\n                token: \"430a7616-374b-408b-8690-069a4b77a2c7\"\r\n            },\r\n        ]);\r\n    <\/script>\r\n\r\n    \n","protected":false},"excerpt":{"rendered":"","protected":false},"author":1,"featured_media":0,"parent":24189,"menu_order":0,"comment_status":"closed","ping_status":"closed","template":"","meta":{"footnotes":""},"class_list":["post-24480","page","type-page","status-publish","hentry"],"yoast_head":"<!-- This site is optimized with the Yoast SEO plugin v27.2 - https:\/\/yoast.com\/product\/yoast-seo-wordpress\/ -->\n<title>Elandersaktien - Elanders Group<\/title>\n<meta name=\"description\" content=\"Elanders B-aktie introducerades p\u00e5 Stockholms Fondb\u00f6rs den 9 januari 1989. Bolaget har 25 157 204 B-aktier noterade p\u00e5 NASDAQ OMX nordiska lista inom segmentet Mid Cap under beteckningen ELAN B.\" \/>\n<meta name=\"robots\" content=\"index, follow, max-snippet:-1, max-image-preview:large, max-video-preview:-1\" \/>\n<link rel=\"canonical\" href=\"https:\/\/www.elanders.com\/sv\/investerare\/elandersaktien\/\" \/>\n<meta property=\"og:locale\" content=\"sv_SE\" \/>\n<meta property=\"og:type\" content=\"article\" \/>\n<meta property=\"og:title\" content=\"Elandersaktien - Elanders Group\" \/>\n<meta property=\"og:description\" content=\"Elanders B-aktie introducerades p\u00e5 Stockholms Fondb\u00f6rs den 9 januari 1989. Bolaget har 25 157 204 B-aktier noterade p\u00e5 NASDAQ OMX nordiska lista inom segmentet Mid Cap under beteckningen ELAN B.\" \/>\n<meta property=\"og:url\" content=\"https:\/\/www.elanders.com\/sv\/investerare\/elandersaktien\/\" \/>\n<meta property=\"og:site_name\" content=\"Elanders Group\" \/>\n<meta property=\"article:modified_time\" content=\"2024-12-13T13:23:46+00:00\" \/>\n<meta name=\"twitter:card\" content=\"summary_large_image\" \/>\n<meta name=\"twitter:label1\" content=\"Ber\u00e4knad l\u00e4stid\" \/>\n\t<meta name=\"twitter:data1\" content=\"1 minut\" \/>\n<script type=\"application\/ld+json\" class=\"yoast-schema-graph\">{\"@context\":\"https:\/\/schema.org\",\"@graph\":[{\"@type\":\"WebPage\",\"@id\":\"https:\/\/www.elanders.com\/sv\/investerare\/elandersaktien\/\",\"url\":\"https:\/\/www.elanders.com\/sv\/investerare\/elandersaktien\/\",\"name\":\"Elandersaktien - Elanders Group\",\"isPartOf\":{\"@id\":\"https:\/\/www.elanders.com\/#website\"},\"datePublished\":\"2024-11-08T07:29:22+00:00\",\"dateModified\":\"2024-12-13T13:23:46+00:00\",\"description\":\"Elanders B-aktie introducerades p\u00e5 Stockholms Fondb\u00f6rs den 9 januari 1989. Bolaget har 25 157 204 B-aktier noterade p\u00e5 NASDAQ OMX nordiska lista inom segmentet Mid Cap under beteckningen ELAN B.\",\"breadcrumb\":{\"@id\":\"https:\/\/www.elanders.com\/sv\/investerare\/elandersaktien\/#breadcrumb\"},\"inLanguage\":\"sv-SE\",\"potentialAction\":[{\"@type\":\"ReadAction\",\"target\":[\"https:\/\/www.elanders.com\/sv\/investerare\/elandersaktien\/\"]}]},{\"@type\":\"BreadcrumbList\",\"@id\":\"https:\/\/www.elanders.com\/sv\/investerare\/elandersaktien\/#breadcrumb\",\"itemListElement\":[{\"@type\":\"ListItem\",\"position\":1,\"name\":\"Home\",\"item\":\"https:\/\/www.elanders.com\/sv\/\"},{\"@type\":\"ListItem\",\"position\":2,\"name\":\"Investerare\",\"item\":\"https:\/\/www.elanders.com\/sv\/investerare\/\"},{\"@type\":\"ListItem\",\"position\":3,\"name\":\"Elandersaktien\"}]},{\"@type\":\"WebSite\",\"@id\":\"https:\/\/www.elanders.com\/#website\",\"url\":\"https:\/\/www.elanders.com\/\",\"name\":\"Welcome to Elanders - Elanders Group\",\"description\":\"\",\"potentialAction\":[{\"@type\":\"SearchAction\",\"target\":{\"@type\":\"EntryPoint\",\"urlTemplate\":\"https:\/\/www.elanders.com\/?s={search_term_string}\"},\"query-input\":{\"@type\":\"PropertyValueSpecification\",\"valueRequired\":true,\"valueName\":\"search_term_string\"}}],\"inLanguage\":\"sv-SE\"}]}<\/script>\n<!-- \/ Yoast SEO plugin. -->","yoast_head_json":{"title":"Elandersaktien - Elanders Group","description":"Elanders B-aktie introducerades p\u00e5 Stockholms Fondb\u00f6rs den 9 januari 1989. Bolaget har 25 157 204 B-aktier noterade p\u00e5 NASDAQ OMX nordiska lista inom segmentet Mid Cap under beteckningen ELAN B.","robots":{"index":"index","follow":"follow","max-snippet":"max-snippet:-1","max-image-preview":"max-image-preview:large","max-video-preview":"max-video-preview:-1"},"canonical":"https:\/\/www.elanders.com\/sv\/investerare\/elandersaktien\/","og_locale":"sv_SE","og_type":"article","og_title":"Elandersaktien - Elanders Group","og_description":"Elanders B-aktie introducerades p\u00e5 Stockholms Fondb\u00f6rs den 9 januari 1989. Bolaget har 25 157 204 B-aktier noterade p\u00e5 NASDAQ OMX nordiska lista inom segmentet Mid Cap under beteckningen ELAN B.","og_url":"https:\/\/www.elanders.com\/sv\/investerare\/elandersaktien\/","og_site_name":"Elanders Group","article_modified_time":"2024-12-13T13:23:46+00:00","twitter_card":"summary_large_image","twitter_misc":{"Ber\u00e4knad l\u00e4stid":"1 minut"},"schema":{"@context":"https:\/\/schema.org","@graph":[{"@type":"WebPage","@id":"https:\/\/www.elanders.com\/sv\/investerare\/elandersaktien\/","url":"https:\/\/www.elanders.com\/sv\/investerare\/elandersaktien\/","name":"Elandersaktien - Elanders Group","isPartOf":{"@id":"https:\/\/www.elanders.com\/#website"},"datePublished":"2024-11-08T07:29:22+00:00","dateModified":"2024-12-13T13:23:46+00:00","description":"Elanders B-aktie introducerades p\u00e5 Stockholms Fondb\u00f6rs den 9 januari 1989. Bolaget har 25 157 204 B-aktier noterade p\u00e5 NASDAQ OMX nordiska lista inom segmentet Mid Cap under beteckningen ELAN B.","breadcrumb":{"@id":"https:\/\/www.elanders.com\/sv\/investerare\/elandersaktien\/#breadcrumb"},"inLanguage":"sv-SE","potentialAction":[{"@type":"ReadAction","target":["https:\/\/www.elanders.com\/sv\/investerare\/elandersaktien\/"]}]},{"@type":"BreadcrumbList","@id":"https:\/\/www.elanders.com\/sv\/investerare\/elandersaktien\/#breadcrumb","itemListElement":[{"@type":"ListItem","position":1,"name":"Home","item":"https:\/\/www.elanders.com\/sv\/"},{"@type":"ListItem","position":2,"name":"Investerare","item":"https:\/\/www.elanders.com\/sv\/investerare\/"},{"@type":"ListItem","position":3,"name":"Elandersaktien"}]},{"@type":"WebSite","@id":"https:\/\/www.elanders.com\/#website","url":"https:\/\/www.elanders.com\/","name":"Welcome to Elanders - Elanders Group","description":"","potentialAction":[{"@type":"SearchAction","target":{"@type":"EntryPoint","urlTemplate":"https:\/\/www.elanders.com\/?s={search_term_string}"},"query-input":{"@type":"PropertyValueSpecification","valueRequired":true,"valueName":"search_term_string"}}],"inLanguage":"sv-SE"}]}},"_links":{"self":[{"href":"https:\/\/www.elanders.com\/sv\/wp-json\/wp\/v2\/pages\/24480","targetHints":{"allow":["GET"]}}],"collection":[{"href":"https:\/\/www.elanders.com\/sv\/wp-json\/wp\/v2\/pages"}],"about":[{"href":"https:\/\/www.elanders.com\/sv\/wp-json\/wp\/v2\/types\/page"}],"author":[{"embeddable":true,"href":"https:\/\/www.elanders.com\/sv\/wp-json\/wp\/v2\/users\/1"}],"replies":[{"embeddable":true,"href":"https:\/\/www.elanders.com\/sv\/wp-json\/wp\/v2\/comments?post=24480"}],"version-history":[{"count":5,"href":"https:\/\/www.elanders.com\/sv\/wp-json\/wp\/v2\/pages\/24480\/revisions"}],"predecessor-version":[{"id":24581,"href":"https:\/\/www.elanders.com\/sv\/wp-json\/wp\/v2\/pages\/24480\/revisions\/24581"}],"up":[{"embeddable":true,"href":"https:\/\/www.elanders.com\/sv\/wp-json\/wp\/v2\/pages\/24189"}],"wp:attachment":[{"href":"https:\/\/www.elanders.com\/sv\/wp-json\/wp\/v2\/media?parent=24480"}],"curies":[{"name":"wp","href":"https:\/\/api.w.org\/{rel}","templated":true}]}}