{"id":24486,"date":"2024-11-08T07:34:05","date_gmt":"2024-11-08T07:34:05","guid":{"rendered":"https:\/\/www.elanders.com\/?page_id=24486"},"modified":"2024-11-08T13:06:58","modified_gmt":"2024-11-08T13:06:58","slug":"finansiell-oversikt","status":"publish","type":"page","link":"https:\/\/www.elanders.com\/sv\/investerare\/finansiell-oversikt\/","title":{"rendered":"Finansiell \u00f6versikt"},"content":{"rendered":"<section id=\"\" class=\"text-block  space-bottom-yes space-top-yes text-block-id-69d66fec19e8d bg-color-gray text-color-black\">                \r\n                    <div class=\"container\">  \r\n                                              \r\n                        <div class=\"row\">                                        \r\n                        <div class=\"col\">\r\n                            <h1 class=\"textBlock-headline left \">Finansiell \u00f6versikt<\/h1>\r\n                             \r\n                        <\/div>       \r\n                                                          \r\n                    <\/div>    \r\n                                               \r\n                        <div class=\"row text\">\r\n                        <div class=\"col\">\r\n                            <div class=\"textBlock-text text-block-html  \">\r\n                                <p class=\"wp-block-wt-text-block\"><strong>H\u00e4r hittar du historisk information avseende kvartals- och \u00e5rsvis finansiell \u00f6versikt f\u00f6r Elanders. \u00d6nskar du ytterligare information kan du ladda ner v\u00e5ra \u00e5rsredovisningar och del\u00e5rsrapporter under Finansiella rapporter.<\/strong><\/p>\n\r\n                            <\/div>\r\n                        <\/div>                                        \r\n                    <\/div>                                              \r\n                    <\/div>                                \r\n            <\/section>\n\n              <div class=\"container py-5 modular-finance-space\">\r\n    <div class=\"financial-overview-content\">\r\n        <h2 class=\"financial-overview-heading with-line\">Nyckeltal, senaste 12 m\u00e5naderna<\/h2>\r\n        <div class=\"buttons-modules-container\">\r\n            <button class=\"btn-modules active\" onclick=\"button_largest_shareholders_sv('dashboard-group')\">Group\r\n            <\/button>\r\n            <button class=\"btn-modules\" onclick=\"button_largest_shareholders_sv('dashboard-scs')\">SCS<\/button>\r\n            <button class=\"btn-modules\" onclick=\"button_largest_shareholders_sv('dashboard-pp')\">P&P<\/button>\r\n        <\/div>\r\n    <\/div>\r\n\r\n    <!--First container is visible by default-->\r\n    <!--  First elements -->\r\n    <div class=\"financial-overview\">\r\n        <!--  First elements (Group) -->\r\n        <div id=\"dashboard-group\" class=\"modules-block\" style=\"display:block;\">\r\n            <div id=\"modules-financial-overview-type-3\" style=\"padding: 20px 0\"><\/div>\r\n        <\/div>\r\n        <!--  Second elements (SCS) -->\r\n        <div id=\"dashboard-scs\" class=\"modules-block\" style=\"display:none;\">\r\n            <div id=\"modules-financial-overview-type-1\" style=\"padding: 20px 0\"><\/div>\r\n        <\/div>\r\n        <!--  Third elements (P&P) -->\r\n        <div id=\"dashboard-pp\" class=\"modules-block\" style=\"display:none;\">\r\n            <div id=\"modules-financial-overview-type-2\" style=\"padding: 20px 0;\"><\/div>\r\n        <\/div>\r\n\r\n        <h2 class=\"financial-overview-heading\" style=\"padding: 20px 0 0 0\">Finansiell data, \u00e5rsvis<\/h2>\r\n        <div id=\"modules-financial-overview-type-4\" style=\"padding: 0 0 20px 0\"><\/div>\r\n\r\n\r\n        <h2 class=\"financial-overview-heading pt-3\" style=\"padding: 0\">Finansiell data, kvartalsvis<\/h2>\r\n        <div id=\"modules-financial-overview-type-5\" style=\"padding: 0 0 20px 0\"><\/div>\r\n\r\n\r\n        <!-- Grapah 1 -->\r\n        <h2 class=\"financial-overview-heading with-line pt-3\">Nettooms\u00e4ttning aff\u00e4rsomr\u00e5de<\/h2>\r\n        <div id=\"modules-financial-overview-type-7\" style=\"padding: 0 0 10px 0\"><\/div>\r\n        <!-- table 1 -->\r\n        <h2 class=\"financial-overview-heading pt-3\" style=\"padding: 0\">Uppdelning av int\u00e4kter \u2013 Aff\u00e4rsomr\u00e5de<\/h2>\r\n        <div id=\"modules-financial-overview-type-9\" style=\"padding: 0 0 40px 0\"><\/div>\r\n\r\n        <!-- Grapah 2 -->\r\n        <h2 class=\"financial-overview-heading with-line\">Nettooms\u00e4ttning kundsegment<\/h2>\r\n        <div id=\"modules-financial-overview-type-8\" style=\"padding: 0 0 10px 0\"><\/div>\r\n        <!-- table 2 -->\r\n        <h2 class=\"financial-overview-heading pt-3\" style=\"padding: 0\">Uppdelning av int\u00e4kter \u2013 Kundsegment<\/h2>\r\n        <div id=\"modules-financial-overview-type-10\" style=\"padding: 0 0 40px 0\"><\/div>\r\n\r\n        <!-- Graph 3 -->\r\n        <h2 class=\"financial-overview-heading with-line\">Nettooms\u00e4ttning geografiska marknader<\/h2>\r\n        <div id=\"modules-financial-overview-type-6\" style=\"padding: 0 0 10px 0\"><\/div>\r\n        <!-- table 4 -->\r\n        <h2 class=\"financial-overview-heading pt-3\" style=\"padding: 0\">Uppdelning av int\u00e4kter \u2013 Geografiska marknader<\/h2>\r\n        <div id=\"modules-financial-overview-type-11\" style=\"padding: 0 0 20px 0\"><\/div>\r\n\r\n    <\/div>\r\n              <\/div>\r\n\r\n    <script>\r\n        document.addEventListener('DOMContentLoaded', (event) => {\r\n            document.getElementById('largest-shareholders').classList.add('active');\r\n        });\r\n\r\n        function buttonIndex(id){\r\n            switch(id){\r\n                case 'dashboard-group':\r\n                    return 0;\r\n                case 'dashboard-scs':\r\n                    return 1;\r\n                case 'dashboard-pp':\r\n                    return 2;\r\n                default:\r\n                    return 0;\r\n            }\r\n        }\r\n\r\n        function button_largest_shareholders_sv(id) {\r\n            var containers = document.getElementsByClassName('modules-block');\r\n            \/\/ Remove \"active\" class from all buttons\r\n            for (var i = 0; i < containers.length; i++) {\r\n                containers[i].style.display = \"none\";\r\n                document.getElementsByClassName('btn-modules')[i].classList.remove('active');\r\n            }\r\n\r\n            \/\/ Add \"active\" class to the clicked button\r\n            \/\/ using buttonIndex function to get the correct button index\r\n            document.getElementsByClassName('btn-modules')[buttonIndex(id)].classList.add('active');\r\n\r\n            \/\/ Show the corresponding div\r\n            document.getElementById(id).style.display = \"block\";\r\n        }\r\n        (function(widgets) {\r\n            var url = \"https:\/\/widget.datablocks.se\/api\/rose\";\r\n            if (!window._MF) {\r\n                var b = document.createElement(\"script\");\r\n                b.type = \"text\/javascript\";\r\n                b.async = true;\r\n                b.src = url + \"\/assets\/js\/loader-v5.js\";\r\n                document.getElementsByTagName(\"body\")[0].appendChild(b);\r\n            }\r\n            window._MF = window._MF || {\r\n                data: [],\r\n                url: url,\r\n                ready: !!0,\r\n                render: function() { window._MF.ready = !0 },\r\n                push: function(w) { window._MF.data.push(w) }\r\n            };\r\n            window._MF.push(widgets);\r\n        })([\r\n            {\r\n                query:\"#modules-financial-overview-type-1\",\r\n                widget: \"kpi-dashboard\",\r\n                locale: \"sv\",\r\n                token: \"744f08d7-536e-4a79-ab26-b46a2bd3d87c\"\r\n            },\r\n            {\r\n                query:\"#modules-financial-overview-type-2\",\r\n                widget: \"kpi-dashboard\",\r\n                locale: \"sv\",\r\n                token: \"a9d73f57-8384-4179-9584-a0aaf4a29619\"\r\n            },\r\n            {\r\n                query:\"#modules-financial-overview-type-3\",\r\n                widget: \"kpi-dashboard\",\r\n                locale: \"sv\",\r\n                token: \"4559add4-0b5d-4f8c-8d20-59b8fed6075f\"\r\n            },\r\n            {\r\n                query:\"#modules-financial-overview-type-4\",\r\n                widget: \"kpi-table-v2\",\r\n                locale: \"sv\",\r\n                token: \"9d6e2d55-4d2c-49c0-a304-b0c34abea1cf\"\r\n            },\r\n            {\r\n                query:\"#modules-financial-overview-type-5\",\r\n                widget: \"kpi-table-v2\",\r\n                locale: \"sv\",\r\n                token: \"eddb4fc1-7b14-4166-85eb-46e1021ab775\"\r\n            },\r\n            {\r\n                query:\"#modules-financial-overview-type-6\",\r\n                widget: \"kpi-donut\",\r\n                locale: \"sv\",\r\n                token: \"ef32b1da-eb04-4b8d-9c07-6b6a6d5cee7b\"\r\n            },\r\n            {\r\n                query:\"#modules-financial-overview-type-7\",\r\n                widget: \"kpi-donut\",\r\n                locale: \"sv\",\r\n                token: \"d04201ad-2905-4512-8343-d108f42f928f\"\r\n            },\r\n            {\r\n                query:\"#modules-financial-overview-type-7\",\r\n                widget: \"kpi-donut\",\r\n                locale: \"sv\",\r\n                token: \"d04201ad-2905-4512-8343-d108f42f928f\"\r\n            },\r\n            {\r\n                query:\"#modules-financial-overview-type-8\",\r\n                widget: \"kpi-donut\",\r\n                locale: \"sv\",\r\n                token: \"a4815b29-6305-4854-baa9-0cc83ba2d163\"\r\n            },\r\n            {\r\n                query:\"#modules-financial-overview-type-9\",\r\n                widget: \"kpi-table-v2\",\r\n                locale: \"sv\",\r\n                token: \"c3be88a2-a49d-46a2-9f04-7713bc243ebd\"\r\n            },\r\n            {\r\n                query:\"#modules-financial-overview-type-10\",\r\n                widget: \"kpi-table-v2\",\r\n                locale: \"sv\",\r\n                token: \"f6a21f6f-0c62-4636-8beb-deb849e60d4b\"\r\n            },\r\n            {\r\n                query:\"#modules-financial-overview-type-11\",\r\n                widget: \"kpi-table-v2\",\r\n                locale: \"sv\",\r\n                token: \"02c2dcf8-b39d-45f8-8eb4-d1e2bcd794ab\"\r\n            },\r\n        ]);\r\n    <\/script>\r\n\r\n    \n","protected":false},"excerpt":{"rendered":"","protected":false},"author":1,"featured_media":0,"parent":24189,"menu_order":0,"comment_status":"closed","ping_status":"closed","template":"","meta":{"footnotes":""},"class_list":["post-24486","page","type-page","status-publish","hentry"],"yoast_head":"<!-- This site is optimized with the Yoast SEO plugin v27.2 - https:\/\/yoast.com\/product\/yoast-seo-wordpress\/ -->\n<title>Finansiell \u00f6versikt - Elanders Group<\/title>\n<meta name=\"robots\" content=\"index, follow, max-snippet:-1, max-image-preview:large, max-video-preview:-1\" \/>\n<link rel=\"canonical\" href=\"https:\/\/www.elanders.com\/sv\/investerare\/finansiell-oversikt\/\" \/>\n<meta property=\"og:locale\" content=\"sv_SE\" \/>\n<meta property=\"og:type\" content=\"article\" \/>\n<meta property=\"og:title\" content=\"Finansiell \u00f6versikt - Elanders Group\" \/>\n<meta property=\"og:url\" content=\"https:\/\/www.elanders.com\/sv\/investerare\/finansiell-oversikt\/\" \/>\n<meta property=\"og:site_name\" content=\"Elanders Group\" \/>\n<meta property=\"article:modified_time\" content=\"2024-11-08T13:06:58+00:00\" \/>\n<meta name=\"twitter:card\" content=\"summary_large_image\" \/>\n<meta name=\"twitter:label1\" content=\"Ber\u00e4knad l\u00e4stid\" \/>\n\t<meta name=\"twitter:data1\" content=\"1 minut\" \/>\n<script type=\"application\/ld+json\" class=\"yoast-schema-graph\">{\"@context\":\"https:\/\/schema.org\",\"@graph\":[{\"@type\":\"WebPage\",\"@id\":\"https:\/\/www.elanders.com\/sv\/investerare\/finansiell-oversikt\/\",\"url\":\"https:\/\/www.elanders.com\/sv\/investerare\/finansiell-oversikt\/\",\"name\":\"Finansiell \u00f6versikt - Elanders Group\",\"isPartOf\":{\"@id\":\"https:\/\/www.elanders.com\/#website\"},\"datePublished\":\"2024-11-08T07:34:05+00:00\",\"dateModified\":\"2024-11-08T13:06:58+00:00\",\"breadcrumb\":{\"@id\":\"https:\/\/www.elanders.com\/sv\/investerare\/finansiell-oversikt\/#breadcrumb\"},\"inLanguage\":\"sv-SE\",\"potentialAction\":[{\"@type\":\"ReadAction\",\"target\":[\"https:\/\/www.elanders.com\/sv\/investerare\/finansiell-oversikt\/\"]}]},{\"@type\":\"BreadcrumbList\",\"@id\":\"https:\/\/www.elanders.com\/sv\/investerare\/finansiell-oversikt\/#breadcrumb\",\"itemListElement\":[{\"@type\":\"ListItem\",\"position\":1,\"name\":\"Home\",\"item\":\"https:\/\/www.elanders.com\/sv\/\"},{\"@type\":\"ListItem\",\"position\":2,\"name\":\"Investerare\",\"item\":\"https:\/\/www.elanders.com\/sv\/investerare\/\"},{\"@type\":\"ListItem\",\"position\":3,\"name\":\"Finansiell \u00f6versikt\"}]},{\"@type\":\"WebSite\",\"@id\":\"https:\/\/www.elanders.com\/#website\",\"url\":\"https:\/\/www.elanders.com\/\",\"name\":\"Welcome to Elanders - Elanders Group\",\"description\":\"\",\"potentialAction\":[{\"@type\":\"SearchAction\",\"target\":{\"@type\":\"EntryPoint\",\"urlTemplate\":\"https:\/\/www.elanders.com\/?s={search_term_string}\"},\"query-input\":{\"@type\":\"PropertyValueSpecification\",\"valueRequired\":true,\"valueName\":\"search_term_string\"}}],\"inLanguage\":\"sv-SE\"}]}<\/script>\n<!-- \/ Yoast SEO plugin. -->","yoast_head_json":{"title":"Finansiell \u00f6versikt - Elanders Group","robots":{"index":"index","follow":"follow","max-snippet":"max-snippet:-1","max-image-preview":"max-image-preview:large","max-video-preview":"max-video-preview:-1"},"canonical":"https:\/\/www.elanders.com\/sv\/investerare\/finansiell-oversikt\/","og_locale":"sv_SE","og_type":"article","og_title":"Finansiell \u00f6versikt - Elanders Group","og_url":"https:\/\/www.elanders.com\/sv\/investerare\/finansiell-oversikt\/","og_site_name":"Elanders Group","article_modified_time":"2024-11-08T13:06:58+00:00","twitter_card":"summary_large_image","twitter_misc":{"Ber\u00e4knad l\u00e4stid":"1 minut"},"schema":{"@context":"https:\/\/schema.org","@graph":[{"@type":"WebPage","@id":"https:\/\/www.elanders.com\/sv\/investerare\/finansiell-oversikt\/","url":"https:\/\/www.elanders.com\/sv\/investerare\/finansiell-oversikt\/","name":"Finansiell \u00f6versikt - Elanders Group","isPartOf":{"@id":"https:\/\/www.elanders.com\/#website"},"datePublished":"2024-11-08T07:34:05+00:00","dateModified":"2024-11-08T13:06:58+00:00","breadcrumb":{"@id":"https:\/\/www.elanders.com\/sv\/investerare\/finansiell-oversikt\/#breadcrumb"},"inLanguage":"sv-SE","potentialAction":[{"@type":"ReadAction","target":["https:\/\/www.elanders.com\/sv\/investerare\/finansiell-oversikt\/"]}]},{"@type":"BreadcrumbList","@id":"https:\/\/www.elanders.com\/sv\/investerare\/finansiell-oversikt\/#breadcrumb","itemListElement":[{"@type":"ListItem","position":1,"name":"Home","item":"https:\/\/www.elanders.com\/sv\/"},{"@type":"ListItem","position":2,"name":"Investerare","item":"https:\/\/www.elanders.com\/sv\/investerare\/"},{"@type":"ListItem","position":3,"name":"Finansiell \u00f6versikt"}]},{"@type":"WebSite","@id":"https:\/\/www.elanders.com\/#website","url":"https:\/\/www.elanders.com\/","name":"Welcome to Elanders - Elanders Group","description":"","potentialAction":[{"@type":"SearchAction","target":{"@type":"EntryPoint","urlTemplate":"https:\/\/www.elanders.com\/?s={search_term_string}"},"query-input":{"@type":"PropertyValueSpecification","valueRequired":true,"valueName":"search_term_string"}}],"inLanguage":"sv-SE"}]}},"_links":{"self":[{"href":"https:\/\/www.elanders.com\/sv\/wp-json\/wp\/v2\/pages\/24486","targetHints":{"allow":["GET"]}}],"collection":[{"href":"https:\/\/www.elanders.com\/sv\/wp-json\/wp\/v2\/pages"}],"about":[{"href":"https:\/\/www.elanders.com\/sv\/wp-json\/wp\/v2\/types\/page"}],"author":[{"embeddable":true,"href":"https:\/\/www.elanders.com\/sv\/wp-json\/wp\/v2\/users\/1"}],"replies":[{"embeddable":true,"href":"https:\/\/www.elanders.com\/sv\/wp-json\/wp\/v2\/comments?post=24486"}],"version-history":[{"count":4,"href":"https:\/\/www.elanders.com\/sv\/wp-json\/wp\/v2\/pages\/24486\/revisions"}],"predecessor-version":[{"id":24582,"href":"https:\/\/www.elanders.com\/sv\/wp-json\/wp\/v2\/pages\/24486\/revisions\/24582"}],"up":[{"embeddable":true,"href":"https:\/\/www.elanders.com\/sv\/wp-json\/wp\/v2\/pages\/24189"}],"wp:attachment":[{"href":"https:\/\/www.elanders.com\/sv\/wp-json\/wp\/v2\/media?parent=24486"}],"curies":[{"name":"wp","href":"https:\/\/api.w.org\/{rel}","templated":true}]}}