{"id":24615,"date":"2024-09-25T12:54:07","date_gmt":"2024-09-25T12:54:07","guid":{"rendered":"https:\/\/www.elanders.com\/bolagsstyrning\/nomination-committee\/"},"modified":"2026-04-23T13:51:10","modified_gmt":"2026-04-23T11:51:10","slug":"valberedning","status":"publish","type":"page","link":"https:\/\/www.elanders.com\/sv\/bolagsstyrning\/valberedning\/","title":{"rendered":"Valberedning"},"content":{"rendered":"<section id=\"\" class=\"text-block  space-bottom-yes space-top-yes text-block-id-69ef140ab0a03 bg-color-gray text-color-black\">                \r\n                    <div class=\"container\">  \r\n                                              \r\n                        <div class=\"row\">                                        \r\n                        <div class=\"col\">\r\n                            <h1 class=\"textBlock-headline left \">Valberedning<\/h1>\r\n                             \r\n                        <\/div>       \r\n                                                          \r\n                    <\/div>    \r\n                                               \r\n                        <div class=\"row text\">\r\n                        <div class=\"col\">\r\n                            <div class=\"textBlock-text text-block-html  \">\r\n                                <p class=\"wp-block-wt-text-block\"><strong>Valberedningen utarbetar f\u00f6rslag till \u00e5rsst\u00e4mman avseende val av och arvode till styrelsens ordf\u00f6rande, \u00f6vriga styrelseledam\u00f6ter och utskottsledam\u00f6ter samt revisorer, de senare dessf\u00f6rinnan f\u00f6reslagna av revisionsutskottet. Valberedningen sammantr\u00e4der vid behov, dock minst en g\u00e5ng \u00e5rligen.<\/strong><\/p>\n\r\n                            <\/div>\r\n                        <\/div>                                        \r\n                    <\/div>                                              \r\n                    <\/div>                                \r\n            <\/section>\n\n<section id=\"\" class=\"text-block  space-bottom-yes space-top-yes text-block-id-69ef140ab0e26 bg-color-white text-color-black\">                \r\n                    <div class=\"container\">  \r\n                                              \r\n                            \r\n                                               \r\n                        <div class=\"row text\">\r\n                        <div class=\"col\">\r\n                            <div class=\"textBlock-text text-block-html  \">\r\n                                <p class=\"wp-block-wt-text-block\">Styrelsens ordf\u00f6rande kommer att sammankalla en valberedning inf\u00f6r \u00e5rsst\u00e4mman 2027 best\u00e5ende av styrelsens ordf\u00f6rande, en f\u00f6retr\u00e4dare f\u00f6r envar av bolagets fyra st\u00f6rsta aktie\u00e4gare per den 31 augusti 2026. Styrelsens ordf\u00f6rande kan, i samr\u00e5d med representanterna f\u00f6r bolagets fyra st\u00f6rsta aktie\u00e4gare, avg\u00f6ra om \u00e4ven en representant i valberedningen f\u00f6r de mindre aktie\u00e4garna ska utses.<\/p>\n<p>I det fall n\u00e5gon av de fyra st\u00f6rsta aktie\u00e4garna skulle avst\u00e5 fr\u00e5n sin r\u00e4tt att utse en f\u00f6retr\u00e4dare i valberedningen kommer r\u00e4tten \u00f6verg\u00e5 till den aktie\u00e4gare som, efter dessa fyra aktie\u00e4gare, har det st\u00f6rsta aktie\u00e4gandet i bolaget.<\/p>\n<p>Aktie\u00e4gare som \u00f6nskar l\u00e4mna f\u00f6rslag till Elanders valberedning kan v\u00e4nda sig till valberedningen p\u00e5 e-mail: <a href=\"mailto:valberedning@elanders.com\">valberedning@elanders.com<\/a> eller p\u00e5 adress: Elanders AB, Att: Valberedningen, Fl\u00f6jelbergsgatan 1 C, 431 37 M\u00f6lndal.<\/p>\n\r\n                            <\/div>\r\n                        <\/div>                                        \r\n                    <\/div>                                              \r\n                    <\/div>                                \r\n            <\/section>\n\n\r\n            <section id=\"\" class=\"acc-block acc-block-id-69ef140ab0f02 tab-file-block  \">\r\n                \r\n                <div class=\"container\">    \r\n                    \r\n        <div class=\"accWrapper\">                                                \r\n            \r\n            <div class=\"row\">\r\n                <div class=\"col-12\">\r\n                    <div class=\"acc-box\">\r\n                        \r\n                        <div class=\"click-area\">                            \r\n                                <p class=\"title\">Dokument<\/p> <i class=\"bi bi-chevron-double-right\"><\/i>\r\n                        <\/div>\r\n                        \r\n                        <div class=\"content-area add-content position-layout-file-100 add-content-type-file\">\r\n                            \r\n                            <div class=\"content\">\r\n                                <div class=\"text-wrapper\"><\/div>\r\n                                <div class=\"add-content-wrapper\">\r\n                                    <section class=\"icon-block\"><div class=\"container\"><div class=\"row\"><div class=\"icon-block-container col-12\"><a href=\"\/wp-content\/uploads\/2026\/03\/Valberedningens-forslag-till-arsstamman-2026.pdf\" target=\"_blank\" class=\"icon-red text-color-black\"><i class=\"bi bi-file-earmark-pdf\"><\/i><span>Valberedningens f\u00f6rslag till \u00e5rsst\u00e4mman 2026<\/span><\/a><\/div><\/div><\/div><\/section>\r\n                                <\/div>\r\n                            <\/div>\r\n                            \r\n                        <\/div>\r\n                        \r\n                    <\/div> \r\n                <\/div>\r\n            <\/div>                                                \r\n        <\/div>                        \r\n                <\/div>                                            \r\n                                      \r\n            <\/section>\r\n            <noscript>\r\n                    <style>\r\n                        \r\n                        .acc-block .acc-box .content {\r\n                            font-size: 18pt;\r\n                            line-height: 26pt;\r\n                            opacity: 1 !important;\r\n                            visibility: visible !important;\r\n                            max-height: inherit !important;\r\n                        }\r\n                        .acc-block .acc-box .content-area {\r\n                            padding-bottom: 20px !important;\r\n                            padding-top: 20px !important;\r\n                        }\r\n                        \r\n                    <\/style>\r\n                <\/noscript>\n\n\n<div style=\"height:75px\" aria-hidden=\"true\" class=\"wp-block-spacer\"><\/div>\n","protected":false},"excerpt":{"rendered":"","protected":false},"author":2,"featured_media":0,"parent":23914,"menu_order":0,"comment_status":"closed","ping_status":"closed","template":"","meta":{"footnotes":""},"class_list":["post-24615","page","type-page","status-publish","hentry"],"yoast_head":"<!-- This site is optimized with the Yoast SEO plugin v27.2 - https:\/\/yoast.com\/product\/yoast-seo-wordpress\/ -->\n<title>Valberedning - Elanders Group<\/title>\n<meta name=\"description\" content=\"Valberedningen utarbetar f\u00f6rslag till \u00e5rsst\u00e4mman avseende val av och arvode till styrelsens ordf\u00f6rande, \u00f6vriga styrelseledam\u00f6ter och utskottsledam\u00f6ter samt revisorer, de senare dessf\u00f6rinnan f\u00f6reslagna av revisionsutskottet.\" \/>\n<meta name=\"robots\" content=\"index, follow, max-snippet:-1, max-image-preview:large, max-video-preview:-1\" \/>\n<link rel=\"canonical\" href=\"https:\/\/www.elanders.com\/sv\/bolagsstyrning\/valberedning\/\" \/>\n<meta property=\"og:locale\" content=\"sv_SE\" \/>\n<meta property=\"og:type\" content=\"article\" \/>\n<meta property=\"og:title\" content=\"Valberedning - Elanders Group\" \/>\n<meta property=\"og:description\" content=\"Valberedningen utarbetar f\u00f6rslag till \u00e5rsst\u00e4mman avseende val av och arvode till styrelsens ordf\u00f6rande, \u00f6vriga styrelseledam\u00f6ter och utskottsledam\u00f6ter samt revisorer, de senare dessf\u00f6rinnan f\u00f6reslagna av revisionsutskottet.\" \/>\n<meta property=\"og:url\" content=\"https:\/\/www.elanders.com\/sv\/bolagsstyrning\/valberedning\/\" \/>\n<meta property=\"og:site_name\" content=\"Elanders Group\" \/>\n<meta property=\"article:modified_time\" content=\"2026-04-23T11:51:10+00:00\" \/>\n<meta name=\"twitter:card\" content=\"summary_large_image\" \/>\n<meta name=\"twitter:label1\" content=\"Ber\u00e4knad l\u00e4stid\" \/>\n\t<meta name=\"twitter:data1\" content=\"1 minut\" \/>\n<script type=\"application\/ld+json\" class=\"yoast-schema-graph\">{\"@context\":\"https:\/\/schema.org\",\"@graph\":[{\"@type\":\"WebPage\",\"@id\":\"https:\/\/www.elanders.com\/sv\/bolagsstyrning\/valberedning\/\",\"url\":\"https:\/\/www.elanders.com\/sv\/bolagsstyrning\/valberedning\/\",\"name\":\"Valberedning - Elanders Group\",\"isPartOf\":{\"@id\":\"https:\/\/www.elanders.com\/#website\"},\"datePublished\":\"2024-09-25T12:54:07+00:00\",\"dateModified\":\"2026-04-23T11:51:10+00:00\",\"description\":\"Valberedningen utarbetar f\u00f6rslag till \u00e5rsst\u00e4mman avseende val av och arvode till styrelsens ordf\u00f6rande, \u00f6vriga styrelseledam\u00f6ter och utskottsledam\u00f6ter samt revisorer, de senare dessf\u00f6rinnan f\u00f6reslagna av revisionsutskottet.\",\"breadcrumb\":{\"@id\":\"https:\/\/www.elanders.com\/sv\/bolagsstyrning\/valberedning\/#breadcrumb\"},\"inLanguage\":\"sv-SE\",\"potentialAction\":[{\"@type\":\"ReadAction\",\"target\":[\"https:\/\/www.elanders.com\/sv\/bolagsstyrning\/valberedning\/\"]}]},{\"@type\":\"BreadcrumbList\",\"@id\":\"https:\/\/www.elanders.com\/sv\/bolagsstyrning\/valberedning\/#breadcrumb\",\"itemListElement\":[{\"@type\":\"ListItem\",\"position\":1,\"name\":\"Home\",\"item\":\"https:\/\/www.elanders.com\/sv\/\"},{\"@type\":\"ListItem\",\"position\":2,\"name\":\"Bolagsstyrning\",\"item\":\"https:\/\/www.elanders.com\/sv\/bolagsstyrning\/\"},{\"@type\":\"ListItem\",\"position\":3,\"name\":\"Valberedning\"}]},{\"@type\":\"WebSite\",\"@id\":\"https:\/\/www.elanders.com\/#website\",\"url\":\"https:\/\/www.elanders.com\/\",\"name\":\"Welcome to Elanders - Elanders Group\",\"description\":\"\",\"potentialAction\":[{\"@type\":\"SearchAction\",\"target\":{\"@type\":\"EntryPoint\",\"urlTemplate\":\"https:\/\/www.elanders.com\/?s={search_term_string}\"},\"query-input\":{\"@type\":\"PropertyValueSpecification\",\"valueRequired\":true,\"valueName\":\"search_term_string\"}}],\"inLanguage\":\"sv-SE\"}]}<\/script>\n<!-- \/ Yoast SEO plugin. -->","yoast_head_json":{"title":"Valberedning - Elanders Group","description":"Valberedningen utarbetar f\u00f6rslag till \u00e5rsst\u00e4mman avseende val av och arvode till styrelsens ordf\u00f6rande, \u00f6vriga styrelseledam\u00f6ter och utskottsledam\u00f6ter samt revisorer, de senare dessf\u00f6rinnan f\u00f6reslagna av revisionsutskottet.","robots":{"index":"index","follow":"follow","max-snippet":"max-snippet:-1","max-image-preview":"max-image-preview:large","max-video-preview":"max-video-preview:-1"},"canonical":"https:\/\/www.elanders.com\/sv\/bolagsstyrning\/valberedning\/","og_locale":"sv_SE","og_type":"article","og_title":"Valberedning - Elanders Group","og_description":"Valberedningen utarbetar f\u00f6rslag till \u00e5rsst\u00e4mman avseende val av och arvode till styrelsens ordf\u00f6rande, \u00f6vriga styrelseledam\u00f6ter och utskottsledam\u00f6ter samt revisorer, de senare dessf\u00f6rinnan f\u00f6reslagna av revisionsutskottet.","og_url":"https:\/\/www.elanders.com\/sv\/bolagsstyrning\/valberedning\/","og_site_name":"Elanders Group","article_modified_time":"2026-04-23T11:51:10+00:00","twitter_card":"summary_large_image","twitter_misc":{"Ber\u00e4knad l\u00e4stid":"1 minut"},"schema":{"@context":"https:\/\/schema.org","@graph":[{"@type":"WebPage","@id":"https:\/\/www.elanders.com\/sv\/bolagsstyrning\/valberedning\/","url":"https:\/\/www.elanders.com\/sv\/bolagsstyrning\/valberedning\/","name":"Valberedning - Elanders Group","isPartOf":{"@id":"https:\/\/www.elanders.com\/#website"},"datePublished":"2024-09-25T12:54:07+00:00","dateModified":"2026-04-23T11:51:10+00:00","description":"Valberedningen utarbetar f\u00f6rslag till \u00e5rsst\u00e4mman avseende val av och arvode till styrelsens ordf\u00f6rande, \u00f6vriga styrelseledam\u00f6ter och utskottsledam\u00f6ter samt revisorer, de senare dessf\u00f6rinnan f\u00f6reslagna av revisionsutskottet.","breadcrumb":{"@id":"https:\/\/www.elanders.com\/sv\/bolagsstyrning\/valberedning\/#breadcrumb"},"inLanguage":"sv-SE","potentialAction":[{"@type":"ReadAction","target":["https:\/\/www.elanders.com\/sv\/bolagsstyrning\/valberedning\/"]}]},{"@type":"BreadcrumbList","@id":"https:\/\/www.elanders.com\/sv\/bolagsstyrning\/valberedning\/#breadcrumb","itemListElement":[{"@type":"ListItem","position":1,"name":"Home","item":"https:\/\/www.elanders.com\/sv\/"},{"@type":"ListItem","position":2,"name":"Bolagsstyrning","item":"https:\/\/www.elanders.com\/sv\/bolagsstyrning\/"},{"@type":"ListItem","position":3,"name":"Valberedning"}]},{"@type":"WebSite","@id":"https:\/\/www.elanders.com\/#website","url":"https:\/\/www.elanders.com\/","name":"Welcome to Elanders - Elanders Group","description":"","potentialAction":[{"@type":"SearchAction","target":{"@type":"EntryPoint","urlTemplate":"https:\/\/www.elanders.com\/?s={search_term_string}"},"query-input":{"@type":"PropertyValueSpecification","valueRequired":true,"valueName":"search_term_string"}}],"inLanguage":"sv-SE"}]}},"_links":{"self":[{"href":"https:\/\/www.elanders.com\/sv\/wp-json\/wp\/v2\/pages\/24615","targetHints":{"allow":["GET"]}}],"collection":[{"href":"https:\/\/www.elanders.com\/sv\/wp-json\/wp\/v2\/pages"}],"about":[{"href":"https:\/\/www.elanders.com\/sv\/wp-json\/wp\/v2\/types\/page"}],"author":[{"embeddable":true,"href":"https:\/\/www.elanders.com\/sv\/wp-json\/wp\/v2\/users\/2"}],"replies":[{"embeddable":true,"href":"https:\/\/www.elanders.com\/sv\/wp-json\/wp\/v2\/comments?post=24615"}],"version-history":[{"count":9,"href":"https:\/\/www.elanders.com\/sv\/wp-json\/wp\/v2\/pages\/24615\/revisions"}],"predecessor-version":[{"id":32646,"href":"https:\/\/www.elanders.com\/sv\/wp-json\/wp\/v2\/pages\/24615\/revisions\/32646"}],"up":[{"embeddable":true,"href":"https:\/\/www.elanders.com\/sv\/wp-json\/wp\/v2\/pages\/23914"}],"wp:attachment":[{"href":"https:\/\/www.elanders.com\/sv\/wp-json\/wp\/v2\/media?parent=24615"}],"curies":[{"name":"wp","href":"https:\/\/api.w.org\/{rel}","templated":true}]}}