{"id":24620,"date":"2024-09-25T12:54:17","date_gmt":"2024-09-25T12:54:17","guid":{"rendered":"https:\/\/www.elanders.com\/bolagsstyrning\/audit-committee\/"},"modified":"2026-03-24T13:21:06","modified_gmt":"2026-03-24T12:21:06","slug":"revisionsutskott","status":"publish","type":"page","link":"https:\/\/www.elanders.com\/sv\/bolagsstyrning\/revisionsutskott\/","title":{"rendered":"Revisionsutskott"},"content":{"rendered":"<section id=\"\" class=\"text-block  space-bottom-yes space-top-yes text-block-id-69dca2ef52aea bg-color-gray text-color-black\">                \r\n                    <div class=\"container\">  \r\n                                              \r\n                        <div class=\"row\">                                        \r\n                        <div class=\"col\">\r\n                            <h1 class=\"textBlock-headline left \">Revisions&shy;utskott<\/h1>\r\n                             \r\n                        <\/div>       \r\n                                                          \r\n                    <\/div>    \r\n                                               \r\n                        <div class=\"row text\">\r\n                        <div class=\"col\">\r\n                            <div class=\"textBlock-text text-block-html  \">\r\n                                <p class=\"wp-block-wt-text-block\"><strong>Revisionsutskottet utses inom styrelsen med beaktande av erfarenhet av och kompetens inom finansiell rapportering, h\u00e5llbarhetsrapportering och intern kontroll.<\/strong><\/p>\n\r\n                            <\/div>\r\n                        <\/div>                                        \r\n                    <\/div>                                              \r\n                    <\/div>                                \r\n            <\/section>\n\n<section id=\"\" class=\"text-block  space-bottom-yes space-top-yes text-block-id-69dca2ef52c23 bg-color-white text-color-black\">                \r\n                    <div class=\"container\">  \r\n                                              \r\n                            \r\n                                               \r\n                        <div class=\"row text\">\r\n                        <div class=\"col\">\r\n                            <div class=\"textBlock-text text-block-html  \">\r\n                                <p class=\"wp-block-wt-text-block\">Utskottet f\u00f6ljer en arbetsordning som fastst\u00e4llts av styrelsen. Dess huvudsakliga uppgifter \u00e4r att \u00f6vervaka den interna kontrollen, rutinerna f\u00f6r finansiell rapportering, h\u00e5llbarhetsrapportering, efterlevnad av d\u00e4rmed sammanh\u00e4ngande lagar och best\u00e4mmelser samt revisionen i koncernen.<\/p>\n<p>Revisionsutskottet utv\u00e4rderar vidare revisorernas kvalifikationer och oberoendest\u00e4llning. Revisionsutskottet rapporterar l\u00f6pande sina iakttagelser till styrelsen och l\u00e4mnar, n\u00e4r s\u00e5 \u00e4r aktuellt, f\u00f6rslag till val av revisorer till valberedningen.\u00a0<\/p>\n<p>Utskottet sammantr\u00e4der minst fyra g\u00e5nger per \u00e5r samt d\u00e4rut\u00f6ver vid behov. Vid sammantr\u00e4dena medverkar normalt revisorerna.<\/p>\n<p>Revisionsutskottet best\u00e5r av Eva Elmstedt, ordf\u00f6rande, Ulrika Dellby, Anna Hallberg, Anne Lenerius och Johan Trouv\u00e9.<\/p>\n\r\n                            <\/div>\r\n                        <\/div>                                        \r\n                    <\/div>                                              \r\n                    <\/div>                                \r\n            <\/section>\n\n\n<p><\/p>\n\n\n\n<div style=\"height:50px\" aria-hidden=\"true\" class=\"wp-block-spacer\"><\/div>\n","protected":false},"excerpt":{"rendered":"","protected":false},"author":2,"featured_media":0,"parent":23914,"menu_order":0,"comment_status":"closed","ping_status":"closed","template":"","meta":{"footnotes":""},"class_list":["post-24620","page","type-page","status-publish","hentry"],"yoast_head":"<!-- This site is optimized with the Yoast SEO plugin v27.2 - https:\/\/yoast.com\/product\/yoast-seo-wordpress\/ -->\n<title>Revisionsutskott - Elanders Group<\/title>\n<meta name=\"description\" content=\"Revisionsutskottet utses inom styrelsen med beaktande av erfarenhet av och kompetens inom finansiell rapportering, h\u00e5llbarhetsrapportering och intern kontroll.\" \/>\n<meta name=\"robots\" content=\"index, follow, max-snippet:-1, max-image-preview:large, max-video-preview:-1\" \/>\n<link rel=\"canonical\" href=\"https:\/\/www.elanders.com\/sv\/bolagsstyrning\/revisionsutskott\/\" \/>\n<meta property=\"og:locale\" content=\"sv_SE\" \/>\n<meta property=\"og:type\" content=\"article\" \/>\n<meta property=\"og:title\" content=\"Revisionsutskott - Elanders Group\" \/>\n<meta property=\"og:description\" content=\"Revisionsutskottet utses inom styrelsen med beaktande av erfarenhet av och kompetens inom finansiell rapportering, h\u00e5llbarhetsrapportering och intern kontroll.\" \/>\n<meta property=\"og:url\" content=\"https:\/\/www.elanders.com\/sv\/bolagsstyrning\/revisionsutskott\/\" \/>\n<meta property=\"og:site_name\" content=\"Elanders Group\" \/>\n<meta property=\"article:modified_time\" content=\"2026-03-24T12:21:06+00:00\" \/>\n<meta name=\"twitter:card\" content=\"summary_large_image\" \/>\n<meta name=\"twitter:label1\" content=\"Ber\u00e4knad l\u00e4stid\" \/>\n\t<meta name=\"twitter:data1\" content=\"1 minut\" \/>\n<script type=\"application\/ld+json\" class=\"yoast-schema-graph\">{\"@context\":\"https:\/\/schema.org\",\"@graph\":[{\"@type\":\"WebPage\",\"@id\":\"https:\/\/www.elanders.com\/sv\/bolagsstyrning\/revisionsutskott\/\",\"url\":\"https:\/\/www.elanders.com\/sv\/bolagsstyrning\/revisionsutskott\/\",\"name\":\"Revisionsutskott - Elanders Group\",\"isPartOf\":{\"@id\":\"https:\/\/www.elanders.com\/#website\"},\"datePublished\":\"2024-09-25T12:54:17+00:00\",\"dateModified\":\"2026-03-24T12:21:06+00:00\",\"description\":\"Revisionsutskottet utses inom styrelsen med beaktande av erfarenhet av och kompetens inom finansiell rapportering, h\u00e5llbarhetsrapportering och intern kontroll.\",\"breadcrumb\":{\"@id\":\"https:\/\/www.elanders.com\/sv\/bolagsstyrning\/revisionsutskott\/#breadcrumb\"},\"inLanguage\":\"sv-SE\",\"potentialAction\":[{\"@type\":\"ReadAction\",\"target\":[\"https:\/\/www.elanders.com\/sv\/bolagsstyrning\/revisionsutskott\/\"]}]},{\"@type\":\"BreadcrumbList\",\"@id\":\"https:\/\/www.elanders.com\/sv\/bolagsstyrning\/revisionsutskott\/#breadcrumb\",\"itemListElement\":[{\"@type\":\"ListItem\",\"position\":1,\"name\":\"Home\",\"item\":\"https:\/\/www.elanders.com\/sv\/\"},{\"@type\":\"ListItem\",\"position\":2,\"name\":\"Bolagsstyrning\",\"item\":\"https:\/\/www.elanders.com\/sv\/bolagsstyrning\/\"},{\"@type\":\"ListItem\",\"position\":3,\"name\":\"Revisionsutskott\",\"item\":\"https:\/\/www.elanders.com\/sv\/bolagsstyrning\/revisionsutskott\/\"}]},{\"@type\":\"WebSite\",\"@id\":\"https:\/\/www.elanders.com\/#website\",\"url\":\"https:\/\/www.elanders.com\/\",\"name\":\"Welcome to Elanders - Elanders Group\",\"description\":\"\",\"potentialAction\":[{\"@type\":\"SearchAction\",\"target\":{\"@type\":\"EntryPoint\",\"urlTemplate\":\"https:\/\/www.elanders.com\/?s={search_term_string}\"},\"query-input\":{\"@type\":\"PropertyValueSpecification\",\"valueRequired\":true,\"valueName\":\"search_term_string\"}}],\"inLanguage\":\"sv-SE\"}]}<\/script>\n<!-- \/ Yoast SEO plugin. -->","yoast_head_json":{"title":"Revisionsutskott - Elanders Group","description":"Revisionsutskottet utses inom styrelsen med beaktande av erfarenhet av och kompetens inom finansiell rapportering, h\u00e5llbarhetsrapportering och intern kontroll.","robots":{"index":"index","follow":"follow","max-snippet":"max-snippet:-1","max-image-preview":"max-image-preview:large","max-video-preview":"max-video-preview:-1"},"canonical":"https:\/\/www.elanders.com\/sv\/bolagsstyrning\/revisionsutskott\/","og_locale":"sv_SE","og_type":"article","og_title":"Revisionsutskott - Elanders Group","og_description":"Revisionsutskottet utses inom styrelsen med beaktande av erfarenhet av och kompetens inom finansiell rapportering, h\u00e5llbarhetsrapportering och intern kontroll.","og_url":"https:\/\/www.elanders.com\/sv\/bolagsstyrning\/revisionsutskott\/","og_site_name":"Elanders Group","article_modified_time":"2026-03-24T12:21:06+00:00","twitter_card":"summary_large_image","twitter_misc":{"Ber\u00e4knad l\u00e4stid":"1 minut"},"schema":{"@context":"https:\/\/schema.org","@graph":[{"@type":"WebPage","@id":"https:\/\/www.elanders.com\/sv\/bolagsstyrning\/revisionsutskott\/","url":"https:\/\/www.elanders.com\/sv\/bolagsstyrning\/revisionsutskott\/","name":"Revisionsutskott - Elanders Group","isPartOf":{"@id":"https:\/\/www.elanders.com\/#website"},"datePublished":"2024-09-25T12:54:17+00:00","dateModified":"2026-03-24T12:21:06+00:00","description":"Revisionsutskottet utses inom styrelsen med beaktande av erfarenhet av och kompetens inom finansiell rapportering, h\u00e5llbarhetsrapportering och intern kontroll.","breadcrumb":{"@id":"https:\/\/www.elanders.com\/sv\/bolagsstyrning\/revisionsutskott\/#breadcrumb"},"inLanguage":"sv-SE","potentialAction":[{"@type":"ReadAction","target":["https:\/\/www.elanders.com\/sv\/bolagsstyrning\/revisionsutskott\/"]}]},{"@type":"BreadcrumbList","@id":"https:\/\/www.elanders.com\/sv\/bolagsstyrning\/revisionsutskott\/#breadcrumb","itemListElement":[{"@type":"ListItem","position":1,"name":"Home","item":"https:\/\/www.elanders.com\/sv\/"},{"@type":"ListItem","position":2,"name":"Bolagsstyrning","item":"https:\/\/www.elanders.com\/sv\/bolagsstyrning\/"},{"@type":"ListItem","position":3,"name":"Revisionsutskott","item":"https:\/\/www.elanders.com\/sv\/bolagsstyrning\/revisionsutskott\/"}]},{"@type":"WebSite","@id":"https:\/\/www.elanders.com\/#website","url":"https:\/\/www.elanders.com\/","name":"Welcome to Elanders - Elanders Group","description":"","potentialAction":[{"@type":"SearchAction","target":{"@type":"EntryPoint","urlTemplate":"https:\/\/www.elanders.com\/?s={search_term_string}"},"query-input":{"@type":"PropertyValueSpecification","valueRequired":true,"valueName":"search_term_string"}}],"inLanguage":"sv-SE"}]}},"_links":{"self":[{"href":"https:\/\/www.elanders.com\/sv\/wp-json\/wp\/v2\/pages\/24620","targetHints":{"allow":["GET"]}}],"collection":[{"href":"https:\/\/www.elanders.com\/sv\/wp-json\/wp\/v2\/pages"}],"about":[{"href":"https:\/\/www.elanders.com\/sv\/wp-json\/wp\/v2\/types\/page"}],"author":[{"embeddable":true,"href":"https:\/\/www.elanders.com\/sv\/wp-json\/wp\/v2\/users\/2"}],"replies":[{"embeddable":true,"href":"https:\/\/www.elanders.com\/sv\/wp-json\/wp\/v2\/comments?post=24620"}],"version-history":[{"count":9,"href":"https:\/\/www.elanders.com\/sv\/wp-json\/wp\/v2\/pages\/24620\/revisions"}],"predecessor-version":[{"id":32487,"href":"https:\/\/www.elanders.com\/sv\/wp-json\/wp\/v2\/pages\/24620\/revisions\/32487"}],"up":[{"embeddable":true,"href":"https:\/\/www.elanders.com\/sv\/wp-json\/wp\/v2\/pages\/23914"}],"wp:attachment":[{"href":"https:\/\/www.elanders.com\/sv\/wp-json\/wp\/v2\/media?parent=24620"}],"curies":[{"name":"wp","href":"https:\/\/api.w.org\/{rel}","templated":true}]}}