{"id":24643,"date":"2024-09-27T08:22:48","date_gmt":"2024-09-27T08:22:48","guid":{"rendered":"https:\/\/www.elanders.com\/bolagsstyrning\/internal-control-audit\/"},"modified":"2026-03-23T08:12:41","modified_gmt":"2026-03-23T07:12:41","slug":"intern-kontroll-och-revision","status":"publish","type":"page","link":"https:\/\/www.elanders.com\/sv\/bolagsstyrning\/intern-kontroll-och-revision\/","title":{"rendered":"Intern kontroll och revision"},"content":{"rendered":"<section id=\"\" class=\"text-block  space-bottom-yes space-top-yes text-block-id-69e691695db1f bg-color-gray text-color-black\">                \r\n                    <div class=\"container\">  \r\n                                              \r\n                        <div class=\"row\">                                        \r\n                        <div class=\"col\">\r\n                            <h1 class=\"textBlock-headline left \">Intern kontroll och revision<\/h1>\r\n                             \r\n                        <\/div>       \r\n                                                          \r\n                    <\/div>    \r\n                                               \r\n                        <div class=\"row text\">\r\n                        <div class=\"col\">\r\n                            <div class=\"textBlock-text text-block-html  \">\r\n                                <p class=\"wp-block-wt-text-block\">\n\r\n                            <\/div>\r\n                        <\/div>                                        \r\n                    <\/div>                                              \r\n                    <\/div>                                \r\n            <\/section>\n\n<section id=\"\" class=\"text-block  space-bottom-no space-top-yes text-block-id-69e691695df17 bg-color-white text-color-black\">                \r\n                    <div class=\"container\">  \r\n                                              \r\n                        <div class=\"row\">                                        \r\n                        <div class=\"col\">\r\n                            <h3 class=\"textBlock-headline left \">Intern kontroll<\/h3>\r\n                             <hr class='horizontal-line' \/>\r\n                        <\/div>       \r\n                                                          \r\n                    <\/div>    \r\n                                               \r\n                        <div class=\"row text\">\r\n                        <div class=\"col\">\r\n                            <div class=\"textBlock-text text-block-html  \">\r\n                                <p class=\"wp-block-wt-text-block\">Syftet med intern kontroll avseende den finansiella rapporteringen \u00e4r att s\u00e4kerst\u00e4lla att den finansiella rapporteringen \u00e4r tillf\u00f6rlitlig och att de finansiella rapporterna \u00e4r framtagna i enlighet med god redovisningssed och i \u00f6vrigt f\u00f6ljer till\u00e4mpliga lagar och regler som g\u00e4ller f\u00f6r aktiemarknadsbolag. Styrelsen har enligt den svenska aktiebolagslagen och koden det \u00f6vergripande ansvaret f\u00f6r att koncernen har en effektivt fungerande intern kontroll. Den interna kontrollen bedrivs enligt det ramverk f\u00f6r intern kontroll som ges ut av COSO (Committee of Sponsoring Organizations of the Treadway Commission), vilket omfattar kontrollmilj\u00f6, riskbed\u00f6mning, kontrollaktiviteter, information och kommunikation samt uppf\u00f6ljning. Den verkst\u00e4llande direkt\u00f6ren ansvarar f\u00f6r att det finns organisatoriska f\u00f6ruts\u00e4ttningar och processer f\u00f6r att s\u00e4kerst\u00e4lla kvaliteten i den finansiella rapporteringen till styrelsen och marknaden.<\/p>\n<p><a href=\"\/wp-content\/uploads\/2026\/03\/Elanders-2025-12-31-sv.pdf\" target=\"_blank\" rel=\"noreferrer noopener\">F\u00f6r ytterligare beskrivning av den interna kontrollen inom Elanders h\u00e4nvisas till sidan 110-111 i \u00e5rs- och h\u00e5llbarhetsredovisningen 2025.<\/a><\/p>\n\r\n                            <\/div>\r\n                        <\/div>                                        \r\n                    <\/div>                                              \r\n                    <\/div>                                \r\n            <\/section>\n\n\n<p><\/p>\n\n\n<section id=\"\" class=\"text-block  space-bottom-yes space-top-yes text-block-id-69e691695e06a bg-color-white text-color-black\">                \r\n                    <div class=\"container\">  \r\n                                              \r\n                        <div class=\"row\">                                        \r\n                        <div class=\"col\">\r\n                            <h3 class=\"textBlock-headline left \">Externrevision<\/h3>\r\n                             <hr class='horizontal-line' \/>\r\n                        <\/div>       \r\n                                                          \r\n                    <\/div>    \r\n                                               \r\n                        <div class=\"row text\">\r\n                        <div class=\"col\">\r\n                            <div class=\"textBlock-text text-block-html  \">\r\n                                <p class=\"wp-block-wt-text-block\">P\u00e5 \u00e5rsst\u00e4mman 2025 uts\u00e5gs den auktoriserade revisionsfirman Ernst &amp; Young AB till revisor i Elanders intill n\u00e4sta \u00e5rsst\u00e4mma. Huvudansvarig revisor \u00e4r den auktoriserade revisorn Andreas Mast. En g\u00e5ng om \u00e5ret, vanligen vid det styrelsesammantr\u00e4de som behandlar bokslutsrapporten, deltar revisorerna i styrelsesammantr\u00e4det utan att den verkst\u00e4llande direkt\u00f6ren eller n\u00e5gon annan medlem av bolagets ledning n\u00e4rvarar. Revisorerna deltar d\u00e4rtill vid det styrelsesammantr\u00e4de som behandlar rapporten f\u00f6r \u00e5rets f\u00f6rsta nio m\u00e5nader.<\/p>\n\r\n                            <\/div>\r\n                        <\/div>                                        \r\n                    <\/div>                                              \r\n                    <\/div>                                \r\n            <\/section>\n\n\n<p><\/p>\n\n\n\n<div style=\"height:50px\" aria-hidden=\"true\" class=\"wp-block-spacer\"><\/div>\n","protected":false},"excerpt":{"rendered":"","protected":false},"author":2,"featured_media":0,"parent":23914,"menu_order":0,"comment_status":"closed","ping_status":"closed","template":"","meta":{"footnotes":""},"class_list":["post-24643","page","type-page","status-publish","hentry"],"yoast_head":"<!-- This site is optimized with the Yoast SEO plugin v27.2 - https:\/\/yoast.com\/product\/yoast-seo-wordpress\/ -->\n<title>Intern kontroll och revision - Elanders Group<\/title>\n<meta name=\"description\" content=\"Syftet med intern kontroll avseende den finansiella rapporteringen \u00e4r att s\u00e4kerst\u00e4lla att den finansiella rapporteringen \u00e4r tillf\u00f6rlitlig och att de finansiella rapporterna \u00e4r framtagna i enlighet med god redovisningssed och i \u00f6vrigt f\u00f6ljer till\u00e4mpliga lagar och regler som g\u00e4ller f\u00f6r aktiemarknadsbolag.\" \/>\n<meta name=\"robots\" content=\"index, follow, max-snippet:-1, max-image-preview:large, max-video-preview:-1\" \/>\n<link rel=\"canonical\" href=\"https:\/\/www.elanders.com\/sv\/bolagsstyrning\/intern-kontroll-och-revision\/\" \/>\n<meta property=\"og:locale\" content=\"sv_SE\" \/>\n<meta property=\"og:type\" content=\"article\" \/>\n<meta property=\"og:title\" content=\"Intern kontroll och revision - Elanders Group\" \/>\n<meta property=\"og:description\" content=\"Syftet med intern kontroll avseende den finansiella rapporteringen \u00e4r att s\u00e4kerst\u00e4lla att den finansiella rapporteringen \u00e4r tillf\u00f6rlitlig och att de finansiella rapporterna \u00e4r framtagna i enlighet med god redovisningssed och i \u00f6vrigt f\u00f6ljer till\u00e4mpliga lagar och regler som g\u00e4ller f\u00f6r aktiemarknadsbolag.\" \/>\n<meta property=\"og:url\" content=\"https:\/\/www.elanders.com\/sv\/bolagsstyrning\/intern-kontroll-och-revision\/\" \/>\n<meta property=\"og:site_name\" content=\"Elanders Group\" \/>\n<meta property=\"article:modified_time\" content=\"2026-03-23T07:12:41+00:00\" \/>\n<meta name=\"twitter:card\" content=\"summary_large_image\" \/>\n<meta name=\"twitter:label1\" content=\"Ber\u00e4knad l\u00e4stid\" \/>\n\t<meta name=\"twitter:data1\" content=\"1 minut\" \/>\n<script type=\"application\/ld+json\" class=\"yoast-schema-graph\">{\"@context\":\"https:\/\/schema.org\",\"@graph\":[{\"@type\":\"WebPage\",\"@id\":\"https:\/\/www.elanders.com\/sv\/bolagsstyrning\/intern-kontroll-och-revision\/\",\"url\":\"https:\/\/www.elanders.com\/sv\/bolagsstyrning\/intern-kontroll-och-revision\/\",\"name\":\"Intern kontroll och revision - Elanders Group\",\"isPartOf\":{\"@id\":\"https:\/\/www.elanders.com\/#website\"},\"datePublished\":\"2024-09-27T08:22:48+00:00\",\"dateModified\":\"2026-03-23T07:12:41+00:00\",\"description\":\"Syftet med intern kontroll avseende den finansiella rapporteringen \u00e4r att s\u00e4kerst\u00e4lla att den finansiella rapporteringen \u00e4r tillf\u00f6rlitlig och att de finansiella rapporterna \u00e4r framtagna i enlighet med god redovisningssed och i \u00f6vrigt f\u00f6ljer till\u00e4mpliga lagar och regler som g\u00e4ller f\u00f6r aktiemarknadsbolag.\",\"breadcrumb\":{\"@id\":\"https:\/\/www.elanders.com\/sv\/bolagsstyrning\/intern-kontroll-och-revision\/#breadcrumb\"},\"inLanguage\":\"sv-SE\",\"potentialAction\":[{\"@type\":\"ReadAction\",\"target\":[\"https:\/\/www.elanders.com\/sv\/bolagsstyrning\/intern-kontroll-och-revision\/\"]}]},{\"@type\":\"BreadcrumbList\",\"@id\":\"https:\/\/www.elanders.com\/sv\/bolagsstyrning\/intern-kontroll-och-revision\/#breadcrumb\",\"itemListElement\":[{\"@type\":\"ListItem\",\"position\":1,\"name\":\"Home\",\"item\":\"https:\/\/www.elanders.com\/sv\/\"},{\"@type\":\"ListItem\",\"position\":2,\"name\":\"Bolagsstyrning\",\"item\":\"https:\/\/www.elanders.com\/sv\/bolagsstyrning\/\"},{\"@type\":\"ListItem\",\"position\":3,\"name\":\"Intern kontroll och revision\"}]},{\"@type\":\"WebSite\",\"@id\":\"https:\/\/www.elanders.com\/#website\",\"url\":\"https:\/\/www.elanders.com\/\",\"name\":\"Welcome to Elanders - Elanders Group\",\"description\":\"\",\"potentialAction\":[{\"@type\":\"SearchAction\",\"target\":{\"@type\":\"EntryPoint\",\"urlTemplate\":\"https:\/\/www.elanders.com\/?s={search_term_string}\"},\"query-input\":{\"@type\":\"PropertyValueSpecification\",\"valueRequired\":true,\"valueName\":\"search_term_string\"}}],\"inLanguage\":\"sv-SE\"}]}<\/script>\n<!-- \/ Yoast SEO plugin. -->","yoast_head_json":{"title":"Intern kontroll och revision - Elanders Group","description":"Syftet med intern kontroll avseende den finansiella rapporteringen \u00e4r att s\u00e4kerst\u00e4lla att den finansiella rapporteringen \u00e4r tillf\u00f6rlitlig och att de finansiella rapporterna \u00e4r framtagna i enlighet med god redovisningssed och i \u00f6vrigt f\u00f6ljer till\u00e4mpliga lagar och regler som g\u00e4ller f\u00f6r aktiemarknadsbolag.","robots":{"index":"index","follow":"follow","max-snippet":"max-snippet:-1","max-image-preview":"max-image-preview:large","max-video-preview":"max-video-preview:-1"},"canonical":"https:\/\/www.elanders.com\/sv\/bolagsstyrning\/intern-kontroll-och-revision\/","og_locale":"sv_SE","og_type":"article","og_title":"Intern kontroll och revision - Elanders Group","og_description":"Syftet med intern kontroll avseende den finansiella rapporteringen \u00e4r att s\u00e4kerst\u00e4lla att den finansiella rapporteringen \u00e4r tillf\u00f6rlitlig och att de finansiella rapporterna \u00e4r framtagna i enlighet med god redovisningssed och i \u00f6vrigt f\u00f6ljer till\u00e4mpliga lagar och regler som g\u00e4ller f\u00f6r aktiemarknadsbolag.","og_url":"https:\/\/www.elanders.com\/sv\/bolagsstyrning\/intern-kontroll-och-revision\/","og_site_name":"Elanders Group","article_modified_time":"2026-03-23T07:12:41+00:00","twitter_card":"summary_large_image","twitter_misc":{"Ber\u00e4knad l\u00e4stid":"1 minut"},"schema":{"@context":"https:\/\/schema.org","@graph":[{"@type":"WebPage","@id":"https:\/\/www.elanders.com\/sv\/bolagsstyrning\/intern-kontroll-och-revision\/","url":"https:\/\/www.elanders.com\/sv\/bolagsstyrning\/intern-kontroll-och-revision\/","name":"Intern kontroll och revision - Elanders Group","isPartOf":{"@id":"https:\/\/www.elanders.com\/#website"},"datePublished":"2024-09-27T08:22:48+00:00","dateModified":"2026-03-23T07:12:41+00:00","description":"Syftet med intern kontroll avseende den finansiella rapporteringen \u00e4r att s\u00e4kerst\u00e4lla att den finansiella rapporteringen \u00e4r tillf\u00f6rlitlig och att de finansiella rapporterna \u00e4r framtagna i enlighet med god redovisningssed och i \u00f6vrigt f\u00f6ljer till\u00e4mpliga lagar och regler som g\u00e4ller f\u00f6r aktiemarknadsbolag.","breadcrumb":{"@id":"https:\/\/www.elanders.com\/sv\/bolagsstyrning\/intern-kontroll-och-revision\/#breadcrumb"},"inLanguage":"sv-SE","potentialAction":[{"@type":"ReadAction","target":["https:\/\/www.elanders.com\/sv\/bolagsstyrning\/intern-kontroll-och-revision\/"]}]},{"@type":"BreadcrumbList","@id":"https:\/\/www.elanders.com\/sv\/bolagsstyrning\/intern-kontroll-och-revision\/#breadcrumb","itemListElement":[{"@type":"ListItem","position":1,"name":"Home","item":"https:\/\/www.elanders.com\/sv\/"},{"@type":"ListItem","position":2,"name":"Bolagsstyrning","item":"https:\/\/www.elanders.com\/sv\/bolagsstyrning\/"},{"@type":"ListItem","position":3,"name":"Intern kontroll och revision"}]},{"@type":"WebSite","@id":"https:\/\/www.elanders.com\/#website","url":"https:\/\/www.elanders.com\/","name":"Welcome to Elanders - Elanders Group","description":"","potentialAction":[{"@type":"SearchAction","target":{"@type":"EntryPoint","urlTemplate":"https:\/\/www.elanders.com\/?s={search_term_string}"},"query-input":{"@type":"PropertyValueSpecification","valueRequired":true,"valueName":"search_term_string"}}],"inLanguage":"sv-SE"}]}},"_links":{"self":[{"href":"https:\/\/www.elanders.com\/sv\/wp-json\/wp\/v2\/pages\/24643","targetHints":{"allow":["GET"]}}],"collection":[{"href":"https:\/\/www.elanders.com\/sv\/wp-json\/wp\/v2\/pages"}],"about":[{"href":"https:\/\/www.elanders.com\/sv\/wp-json\/wp\/v2\/types\/page"}],"author":[{"embeddable":true,"href":"https:\/\/www.elanders.com\/sv\/wp-json\/wp\/v2\/users\/2"}],"replies":[{"embeddable":true,"href":"https:\/\/www.elanders.com\/sv\/wp-json\/wp\/v2\/comments?post=24643"}],"version-history":[{"count":13,"href":"https:\/\/www.elanders.com\/sv\/wp-json\/wp\/v2\/pages\/24643\/revisions"}],"predecessor-version":[{"id":31926,"href":"https:\/\/www.elanders.com\/sv\/wp-json\/wp\/v2\/pages\/24643\/revisions\/31926"}],"up":[{"embeddable":true,"href":"https:\/\/www.elanders.com\/sv\/wp-json\/wp\/v2\/pages\/23914"}],"wp:attachment":[{"href":"https:\/\/www.elanders.com\/sv\/wp-json\/wp\/v2\/media?parent=24643"}],"curies":[{"name":"wp","href":"https:\/\/api.w.org\/{rel}","templated":true}]}}