{"id":24669,"date":"2024-09-25T12:55:21","date_gmt":"2024-09-25T12:55:21","guid":{"rendered":"https:\/\/www.elanders.com\/bolagsstyrning\/group-management\/"},"modified":"2025-11-06T11:18:45","modified_gmt":"2025-11-06T10:18:45","slug":"koncernledning","status":"publish","type":"page","link":"https:\/\/www.elanders.com\/sv\/bolagsstyrning\/koncernledning\/","title":{"rendered":"Koncernledning"},"content":{"rendered":"<section id=\"\" class=\"text-block  space-bottom-yes space-top-yes text-block-id-69e6a4530e174 bg-color-gray text-color-black\">                \r\n                    <div class=\"container\">  \r\n                                              \r\n                        <div class=\"row\">                                        \r\n                        <div class=\"col\">\r\n                            <h1 class=\"textBlock-headline left \">Koncern&shy;ledning<\/h1>\r\n                             \r\n                        <\/div>       \r\n                                                          \r\n                    <\/div>    \r\n                                               \r\n                        <div class=\"row text\">\r\n                        <div class=\"col\">\r\n                            <div class=\"textBlock-text text-block-html  \">\r\n                                <p class=\"wp-block-wt-text-block\"><strong>Verkst\u00e4llande direkt\u00f6ren, tillika koncernchefen, leder det arbete som utf\u00f6rs av koncernledningen och fattar beslut efter samr\u00e5d med koncernledningens medlemmar.<\/strong><\/p>\n\r\n                            <\/div>\r\n                        <\/div>                                        \r\n                    <\/div>                                              \r\n                    <\/div>                                \r\n            <\/section>\n\n<section id=\"\" class=\"text-block  space-bottom-yes space-top-yes text-block-id-69e6a4530e289 bg-color-white text-color-black\">                \r\n                    <div class=\"container\">  \r\n                                              \r\n                            \r\n                                               \r\n                        <div class=\"row text\">\r\n                        <div class=\"col\">\r\n                            <div class=\"textBlock-text text-block-html  \">\r\n                                <p class=\"wp-block-wt-text-block\">I koncernledningen ut\u00f6vas den l\u00f6pande koncernm\u00e4ssiga ekonomiska och aff\u00e4rsm\u00e4ssiga styrningen och uppf\u00f6ljningen. Koncernledningen arbetar ocks\u00e5 med att fortl\u00f6pande realisera synergier, identifiera f\u00f6rv\u00e4rvs- och strukturm\u00f6jligheter samt anpassa koncernens verksamhet efter marknadens behov och utveckling p\u00e5 l\u00e5ng och kort sikt. Koncernledningen bevakar fortl\u00f6pande att koncernens kompetens och kapacitet samordnas samt anpassas f\u00f6r optimering av kundnytta och l\u00f6nsamhet p\u00e5 l\u00e5ng och kort sikt.<\/p>\n<p>Koncernledningen i Elanders best\u00e5r av Magnus Nilsson, VD och koncernchef, \u00c5sa Vilsson, Group CFO, Florian Beck, Supply Chain Solutions (LGI), President, Charles Ickes, Supply Chain Solutions (Bergen Logistics), President, Simon Sim, Supply Chain Solutions (Mentor Media), President, Tim Bloch, Supply Chain Solutions (Kammac &amp; Bishopsgate), President samt Sven Burkhard, Print &amp; Packaging Solutions, President.<\/p>\n<p>Koncernledningen har regelbundna m\u00f6ten, ofta i anslutning till bes\u00f6k p\u00e5 n\u00e5gon av koncernens enheter.<\/p>\n\r\n                            <\/div>\r\n                        <\/div>                                        \r\n                    <\/div>                                              \r\n                    <\/div>                                \r\n            <\/section>\n\n\r\n        <section class=\"py-5 employee-block employee-block-id-69e6a4530e352 bg-color-gray\">\r\n                <div class=\"container\">\r\n                    <div class=\"row\">\r\n                    <div class=\"d-flex flex-column flex-lg-row align-items-top\">\r\n                        <div class=\"col-12 col-lg-3\">\r\n                          <img decoding=\"async\" loading=\"lazy\" class=\"employee-image\" src=\"http:\/\/www.elanders.com\/wp-content\/uploads\/2024\/10\/NILSSON-SQUARE-600-24.jpg\" alt=\"Employee Image\">\r\n                        <\/div>\r\n                        <div class=\"col-12 col-lg-9\">\r\n                            \r\n            <span class=\"employee-headline mt-3\"><h3>Magnus Nilsson<\/h3>\n<\/span>\r\n            \r\n                            <hr class=\"horizontal-line\" \/> \r\n                                \r\n                <div>\r\n                    <p>VD och koncernchef.<br \/>\n<strong>f.<\/strong>\u00a01966.<br \/>\nAnst\u00e4lld sedan 1999. Utbildning i grafisk teknik, design, f\u00f6retagsekonomi och marknadsf\u00f6ring. Verksam inom den grafiska industrin sedan 1987. Produktionschef Elanders i Ungern 2002. Verkst\u00e4llande direkt\u00f6r Elanders Berlings Skogs 2003\u20132005 och Elanders i Kina 2005\u20132009.<br \/>\n<strong>Aktieinnehav (eget och n\u00e4rst\u00e5endes):<\/strong> 129 577 B-aktier.<\/p>\n \r\n                <\/div>\r\n                        <\/div>\r\n                    <\/div>\r\n                          \r\n        \r\n                <div class=\"pt-4\">\r\n                    <hr class=\"horizontal-line pb-4\" \/>\r\n                    <p>Verkst\u00e4llande direkt\u00f6ren \u00e4r tillika koncernchef samt ledamot av styrelsen och leder koncernens verksamhet. Verkst\u00e4llande direkt\u00f6rens arbete styrs av aktiebolagslagen, andra lagar och f\u00f6rordningar, g\u00e4llande regler f\u00f6r aktiemarknadsbolag inklusive koden, bolagsordningen samt inom de ramar styrelsen fastslagit i bland\u2006annat vd-instruktionen. Verkst\u00e4llande direkt\u00f6ren tecknar firman f\u00f6r Elanders AB samt i koncernens samtliga v\u00e4sentliga dotterf\u00f6retag. Han ansvarar f\u00f6r att styrelsen f\u00f6rses med l\u00f6pande rapportering av koncernens resultat och st\u00e4llning, h\u00e5llbarhetsarbete samt underlag f\u00f6r de beslut som styrelsen har att fatta. Verkst\u00e4llande direkt\u00f6ren h\u00e5ller d\u00e4rut\u00f6ver styrelsens ordf\u00f6rande l\u00f6pande informerad om verksamheten. Instruktioner finns utgivna f\u00f6r samtliga verkst\u00e4llande direkt\u00f6rer i koncernens dotterf\u00f6retag som anger inom vilka ramar denna har befogenhet att bedriva verksamheten<\/p>\n \r\n                <\/div>\r\n                    <\/div>                        \r\n                <\/div>                                            \r\n            <\/section>\n\n\r\n        <section class=\"py-5 employee-block employee-block-id-69e6a4530e56e bg-color-white\">\r\n                <div class=\"container\">\r\n                    <div class=\"row\">\r\n                    <div class=\"d-flex flex-column flex-lg-row align-items-top\">\r\n                        <div class=\"col-12 col-lg-3\">\r\n                          <img decoding=\"async\" loading=\"lazy\" class=\"employee-image\" src=\"http:\/\/www.elanders.com\/wp-content\/uploads\/2025\/12\/VILSSON-SQUARE-600-25.jpg\" alt=\"Employee Image\">\r\n                        <\/div>\r\n                        <div class=\"col-12 col-lg-9\">\r\n                            \r\n            <span class=\"employee-headline mt-3\"><h3>\u00c5sa Vilsson<\/h3>\n<\/span>\r\n            \r\n                            <hr class=\"horizontal-line\" \/> \r\n                                \r\n                <div>\r\n                    <p>Group CFO.<br \/>\n<strong>f.<\/strong>\u00a01982.<br \/>\nAnst\u00e4lld sedan 2014. Magisterexamen i f\u00f6retagsekonomi. Revisor under \u00e5ren 2007\u20132013. Auktoriserad revisor 2011.<br \/>\n<strong>Aktieinnehav (eget och n\u00e4rst\u00e5endes):<\/strong> 1 200 B-aktier.<\/p>\n \r\n                <\/div>\r\n                        <\/div>\r\n                    <\/div>\r\n                       \r\n                    <\/div>                        \r\n                <\/div>                                            \r\n            <\/section>\n\n\r\n        <section class=\"py-5 employee-block employee-block-id-69e6a4530e735 bg-color-gray\">\r\n                <div class=\"container\">\r\n                    <div class=\"row\">\r\n                    <div class=\"d-flex flex-column flex-lg-row align-items-top\">\r\n                        <div class=\"col-12 col-lg-3\">\r\n                          <img decoding=\"async\" loading=\"lazy\" class=\"employee-image\" src=\"http:\/\/www.elanders.com\/wp-content\/uploads\/2025\/12\/BECK-SQUARE-600-25-2.jpg\" alt=\"Employee Image\">\r\n                        <\/div>\r\n                        <div class=\"col-12 col-lg-9\">\r\n                            \r\n            <span class=\"employee-headline mt-3\"><h3>Florian Beck<\/h3>\n<\/span>\r\n            \r\n                            <hr class=\"horizontal-line\" \/> \r\n                                \r\n                <div>\r\n                    <p>Supply Chain Solutions (LGI), President.<br \/>\n<strong>f.<\/strong> 1987.<br \/>\nAnst\u00e4lld sedan 2015. Examen i f\u00f6retagsekonomi och Supply Chain Management. Mer \u00e4n 15 \u00e5rs erfarenhet av kontraktslogistik och aff\u00e4rsutveckling och har haft olika ledande befattningar inom koncernen i Europa och Nordamerika.<br \/>\n<strong>Aktieinnehav (eget och n\u00e4rst\u00e5endes):<\/strong> Inget.<\/p>\n \r\n                <\/div>\r\n                        <\/div>\r\n                    <\/div>\r\n                       \r\n                    <\/div>                        \r\n                <\/div>                                            \r\n            <\/section>\n\n\r\n        <section class=\"py-5 employee-block employee-block-id-69e6a4530e92a bg-color-white\">\r\n                <div class=\"container\">\r\n                    <div class=\"row\">\r\n                    <div class=\"d-flex flex-column flex-lg-row align-items-top\">\r\n                        <div class=\"col-12 col-lg-3\">\r\n                          <img decoding=\"async\" loading=\"lazy\" class=\"employee-image\" src=\"http:\/\/www.elanders.com\/wp-content\/uploads\/2024\/10\/ICKES-SQUARE-600-24.jpg\" alt=\"Employee Image\">\r\n                        <\/div>\r\n                        <div class=\"col-12 col-lg-9\">\r\n                            \r\n            <span class=\"employee-headline mt-3\"><h3>Charles Ickes<\/h3>\n<\/span>\r\n            \r\n                            <hr class=\"horizontal-line\" \/> \r\n                                \r\n                <div>\r\n                    <p>Group COO.<br \/>\nSupply Chain Solutions (Bergen Logistics), President.<br \/>\n<strong>f.<\/strong>\u00a01969.<br \/>\nAnst\u00e4lld sedan 2021. Har arbetat i bolaget de senaste fem \u00e5ren som Chief Operations Officer f\u00f6r verksamheten i Nordamerika. Var tidigare Chief Logistics Officer f\u00f6r Rent the Runway i USA.<br \/>\n<strong>Aktieinnehav (eget och n\u00e4rst\u00e5endes):<\/strong> 10 000 B-aktier.<\/p>\n \r\n                <\/div>\r\n                        <\/div>\r\n                    <\/div>\r\n                       \r\n                    <\/div>                        \r\n                <\/div>                                            \r\n            <\/section>\n\n\r\n        <section class=\"py-5 employee-block employee-block-id-69e6a4530eb3f bg-color-gray\">\r\n                <div class=\"container\">\r\n                    <div class=\"row\">\r\n                    <div class=\"d-flex flex-column flex-lg-row align-items-top\">\r\n                        <div class=\"col-12 col-lg-3\">\r\n                          <img decoding=\"async\" loading=\"lazy\" class=\"employee-image\" src=\"http:\/\/www.elanders.com\/wp-content\/uploads\/2026\/04\/SIMON_SIM-SQUARE-600-26.jpg\" alt=\"Employee Image\">\r\n                        <\/div>\r\n                        <div class=\"col-12 col-lg-9\">\r\n                            \r\n            <span class=\"employee-headline mt-3\"><h3>Simon Sim<\/h3>\n<\/span>\r\n            \r\n                            <hr class=\"horizontal-line\" \/> \r\n                                \r\n                <div>\r\n                    <p>Supply Chain Solutions (Mentor Media), President.<br \/>\n<strong>f.<\/strong> 1977.<br \/>\nAnst\u00e4lld sedan 2025. Bachelor\u2019s degree i Kommunikation (Public Relations), Master of Business i Marknadsf\u00f6ring, samt yrkesinriktad doktorsexamen inom digital handel. Mer \u00e4n 20 \u00e5rs erfarenhet av kontraktslogistik och har haft ledande roller i flera av Asiens fr\u00e4msta akt\u00f6rer inom logistik varav de senaste 7 \u00e5ren som verkst\u00e4llande direkt\u00f6r f\u00f6r YSG Pte Ltd i Singapore.<br \/>\n<strong>Aktieinnehav (eget och n\u00e4rst\u00e5endes):<\/strong> Inget.<\/p>\n \r\n                <\/div>\r\n                        <\/div>\r\n                    <\/div>\r\n                       \r\n                    <\/div>                        \r\n                <\/div>                                            \r\n            <\/section>\n\n\r\n        <section class=\"py-5 employee-block employee-block-id-69e6a4530ed10 bg-color-white\">\r\n                <div class=\"container\">\r\n                    <div class=\"row\">\r\n                    <div class=\"d-flex flex-column flex-lg-row align-items-top\">\r\n                        <div class=\"col-12 col-lg-3\">\r\n                          <img decoding=\"async\" loading=\"lazy\" class=\"employee-image\" src=\"http:\/\/www.elanders.com\/wp-content\/uploads\/2025\/03\/BLOCH-SQUARE-600-25-2.jpg\" alt=\"Employee Image\">\r\n                        <\/div>\r\n                        <div class=\"col-12 col-lg-9\">\r\n                            \r\n            <span class=\"employee-headline mt-3\"><h3>Tim Bloch<\/h3>\n<\/span>\r\n            \r\n                            <hr class=\"horizontal-line\" \/> \r\n                                \r\n                <div>\r\n                    <p>Supply Chain Solutions (Kammac &amp; Bishopsgate), President.<br \/>\n<strong>f.<\/strong> 1964.<br \/>\nAnst\u00e4lld sedan 2024. Verkst\u00e4llande direkt\u00f6r f\u00f6r Bishopsgate Newco Ltd, ett bolag inom Elanderskoncernen, och har en l\u00e5ng och gedigen erfarenhet inom kontrakts- och tredjepartslogistik. Har ansvarat f\u00f6r Bishopsgate sedan 2007, genom 18 \u00e5r av solid tillv\u00e4xt och utveckling.<br \/>\n<strong>Aktieinnehav (eget och n\u00e4rst\u00e5endes):<\/strong> Inget.<\/p>\n \r\n                <\/div>\r\n                        <\/div>\r\n                    <\/div>\r\n                       \r\n                    <\/div>                        \r\n                <\/div>                                            \r\n            <\/section>\n\n\r\n        <section class=\"py-5 employee-block employee-block-id-69e6a4530eee1 bg-color-gray\">\r\n                <div class=\"container\">\r\n                    <div class=\"row\">\r\n                    <div class=\"d-flex flex-column flex-lg-row align-items-top\">\r\n                        <div class=\"col-12 col-lg-3\">\r\n                          <img decoding=\"async\" loading=\"lazy\" class=\"employee-image\" src=\"http:\/\/www.elanders.com\/wp-content\/uploads\/2024\/10\/BURKHARD-SQUARE-600-24.jpg\" alt=\"Employee Image\">\r\n                        <\/div>\r\n                        <div class=\"col-12 col-lg-9\">\r\n                            \r\n            <span class=\"employee-headline mt-3\"><h3>Sven Burkhard<\/h3>\n<\/span>\r\n            \r\n                            <hr class=\"horizontal-line\" \/> \r\n                                \r\n                <div>\r\n                    <p>Print &amp; Packaging Solutions, President.<br \/>\n<strong>f.<\/strong>\u00a01985.<br \/>\nAnst\u00e4lld sedan 2017 och har tidigare bland annat arbetat f\u00f6r det tyska f\u00f6retaget Flyeralarm. Utbildning i grafisk teknik, design och f\u00f6retagsekonomi. Mer \u00e4n 15 \u00e5rs erfarenhet av tryckteknik, e-handel, produkthantering och aff\u00e4rsutveckling.<br \/>\n<strong>Aktieinnehav (eget och n\u00e4rst\u00e5endes):<\/strong> 12 000 B-aktier.<\/p>\n \r\n                <\/div>\r\n                        <\/div>\r\n                    <\/div>\r\n                       \r\n                    <\/div>                        \r\n                <\/div>                                            \r\n            <\/section>\n\n\n<p><\/p>\n","protected":false},"excerpt":{"rendered":"","protected":false},"author":2,"featured_media":0,"parent":23914,"menu_order":0,"comment_status":"closed","ping_status":"closed","template":"","meta":{"footnotes":""},"class_list":["post-24669","page","type-page","status-publish","hentry"],"yoast_head":"<!-- This site is optimized with the Yoast SEO plugin v27.2 - https:\/\/yoast.com\/product\/yoast-seo-wordpress\/ -->\n<title>Koncernledning - Elanders Group<\/title>\n<meta name=\"description\" content=\"Verkst\u00e4llande direkt\u00f6ren och koncernchefen leder det arbete som utf\u00f6rs av koncernledningen och fattar beslut efter samr\u00e5d med koncernledningens medlemmar.\" \/>\n<meta name=\"robots\" content=\"index, follow, max-snippet:-1, max-image-preview:large, max-video-preview:-1\" \/>\n<link rel=\"canonical\" href=\"https:\/\/www.elanders.com\/sv\/bolagsstyrning\/koncernledning\/\" \/>\n<meta property=\"og:locale\" content=\"sv_SE\" \/>\n<meta property=\"og:type\" content=\"article\" \/>\n<meta property=\"og:title\" content=\"Koncernledning - Elanders Group\" \/>\n<meta property=\"og:description\" content=\"Verkst\u00e4llande direkt\u00f6ren och koncernchefen leder det arbete som utf\u00f6rs av koncernledningen och fattar beslut efter samr\u00e5d med koncernledningens medlemmar.\" \/>\n<meta property=\"og:url\" content=\"https:\/\/www.elanders.com\/sv\/bolagsstyrning\/koncernledning\/\" \/>\n<meta property=\"og:site_name\" content=\"Elanders Group\" \/>\n<meta property=\"article:modified_time\" content=\"2025-11-06T10:18:45+00:00\" \/>\n<meta name=\"twitter:card\" content=\"summary_large_image\" \/>\n<meta name=\"twitter:label1\" content=\"Ber\u00e4knad l\u00e4stid\" \/>\n\t<meta name=\"twitter:data1\" content=\"1 minut\" \/>\n<script type=\"application\/ld+json\" class=\"yoast-schema-graph\">{\"@context\":\"https:\/\/schema.org\",\"@graph\":[{\"@type\":\"WebPage\",\"@id\":\"https:\/\/www.elanders.com\/sv\/bolagsstyrning\/koncernledning\/\",\"url\":\"https:\/\/www.elanders.com\/sv\/bolagsstyrning\/koncernledning\/\",\"name\":\"Koncernledning - Elanders Group\",\"isPartOf\":{\"@id\":\"https:\/\/www.elanders.com\/#website\"},\"datePublished\":\"2024-09-25T12:55:21+00:00\",\"dateModified\":\"2025-11-06T10:18:45+00:00\",\"description\":\"Verkst\u00e4llande direkt\u00f6ren och koncernchefen leder det arbete som utf\u00f6rs av koncernledningen och fattar beslut efter samr\u00e5d med koncernledningens medlemmar.\",\"breadcrumb\":{\"@id\":\"https:\/\/www.elanders.com\/sv\/bolagsstyrning\/koncernledning\/#breadcrumb\"},\"inLanguage\":\"sv-SE\",\"potentialAction\":[{\"@type\":\"ReadAction\",\"target\":[\"https:\/\/www.elanders.com\/sv\/bolagsstyrning\/koncernledning\/\"]}]},{\"@type\":\"BreadcrumbList\",\"@id\":\"https:\/\/www.elanders.com\/sv\/bolagsstyrning\/koncernledning\/#breadcrumb\",\"itemListElement\":[{\"@type\":\"ListItem\",\"position\":1,\"name\":\"Home\",\"item\":\"https:\/\/www.elanders.com\/sv\/\"},{\"@type\":\"ListItem\",\"position\":2,\"name\":\"Bolagsstyrning\",\"item\":\"https:\/\/www.elanders.com\/sv\/bolagsstyrning\/\"},{\"@type\":\"ListItem\",\"position\":3,\"name\":\"Koncernledning\"}]},{\"@type\":\"WebSite\",\"@id\":\"https:\/\/www.elanders.com\/#website\",\"url\":\"https:\/\/www.elanders.com\/\",\"name\":\"Welcome to Elanders - Elanders Group\",\"description\":\"\",\"potentialAction\":[{\"@type\":\"SearchAction\",\"target\":{\"@type\":\"EntryPoint\",\"urlTemplate\":\"https:\/\/www.elanders.com\/?s={search_term_string}\"},\"query-input\":{\"@type\":\"PropertyValueSpecification\",\"valueRequired\":true,\"valueName\":\"search_term_string\"}}],\"inLanguage\":\"sv-SE\"}]}<\/script>\n<!-- \/ Yoast SEO plugin. -->","yoast_head_json":{"title":"Koncernledning - Elanders Group","description":"Verkst\u00e4llande direkt\u00f6ren och koncernchefen leder det arbete som utf\u00f6rs av koncernledningen och fattar beslut efter samr\u00e5d med koncernledningens medlemmar.","robots":{"index":"index","follow":"follow","max-snippet":"max-snippet:-1","max-image-preview":"max-image-preview:large","max-video-preview":"max-video-preview:-1"},"canonical":"https:\/\/www.elanders.com\/sv\/bolagsstyrning\/koncernledning\/","og_locale":"sv_SE","og_type":"article","og_title":"Koncernledning - Elanders Group","og_description":"Verkst\u00e4llande direkt\u00f6ren och koncernchefen leder det arbete som utf\u00f6rs av koncernledningen och fattar beslut efter samr\u00e5d med koncernledningens medlemmar.","og_url":"https:\/\/www.elanders.com\/sv\/bolagsstyrning\/koncernledning\/","og_site_name":"Elanders Group","article_modified_time":"2025-11-06T10:18:45+00:00","twitter_card":"summary_large_image","twitter_misc":{"Ber\u00e4knad l\u00e4stid":"1 minut"},"schema":{"@context":"https:\/\/schema.org","@graph":[{"@type":"WebPage","@id":"https:\/\/www.elanders.com\/sv\/bolagsstyrning\/koncernledning\/","url":"https:\/\/www.elanders.com\/sv\/bolagsstyrning\/koncernledning\/","name":"Koncernledning - Elanders Group","isPartOf":{"@id":"https:\/\/www.elanders.com\/#website"},"datePublished":"2024-09-25T12:55:21+00:00","dateModified":"2025-11-06T10:18:45+00:00","description":"Verkst\u00e4llande direkt\u00f6ren och koncernchefen leder det arbete som utf\u00f6rs av koncernledningen och fattar beslut efter samr\u00e5d med koncernledningens medlemmar.","breadcrumb":{"@id":"https:\/\/www.elanders.com\/sv\/bolagsstyrning\/koncernledning\/#breadcrumb"},"inLanguage":"sv-SE","potentialAction":[{"@type":"ReadAction","target":["https:\/\/www.elanders.com\/sv\/bolagsstyrning\/koncernledning\/"]}]},{"@type":"BreadcrumbList","@id":"https:\/\/www.elanders.com\/sv\/bolagsstyrning\/koncernledning\/#breadcrumb","itemListElement":[{"@type":"ListItem","position":1,"name":"Home","item":"https:\/\/www.elanders.com\/sv\/"},{"@type":"ListItem","position":2,"name":"Bolagsstyrning","item":"https:\/\/www.elanders.com\/sv\/bolagsstyrning\/"},{"@type":"ListItem","position":3,"name":"Koncernledning"}]},{"@type":"WebSite","@id":"https:\/\/www.elanders.com\/#website","url":"https:\/\/www.elanders.com\/","name":"Welcome to Elanders - Elanders Group","description":"","potentialAction":[{"@type":"SearchAction","target":{"@type":"EntryPoint","urlTemplate":"https:\/\/www.elanders.com\/?s={search_term_string}"},"query-input":{"@type":"PropertyValueSpecification","valueRequired":true,"valueName":"search_term_string"}}],"inLanguage":"sv-SE"}]}},"_links":{"self":[{"href":"https:\/\/www.elanders.com\/sv\/wp-json\/wp\/v2\/pages\/24669","targetHints":{"allow":["GET"]}}],"collection":[{"href":"https:\/\/www.elanders.com\/sv\/wp-json\/wp\/v2\/pages"}],"about":[{"href":"https:\/\/www.elanders.com\/sv\/wp-json\/wp\/v2\/types\/page"}],"author":[{"embeddable":true,"href":"https:\/\/www.elanders.com\/sv\/wp-json\/wp\/v2\/users\/2"}],"replies":[{"embeddable":true,"href":"https:\/\/www.elanders.com\/sv\/wp-json\/wp\/v2\/comments?post=24669"}],"version-history":[{"count":9,"href":"https:\/\/www.elanders.com\/sv\/wp-json\/wp\/v2\/pages\/24669\/revisions"}],"predecessor-version":[{"id":30792,"href":"https:\/\/www.elanders.com\/sv\/wp-json\/wp\/v2\/pages\/24669\/revisions\/30792"}],"up":[{"embeddable":true,"href":"https:\/\/www.elanders.com\/sv\/wp-json\/wp\/v2\/pages\/23914"}],"wp:attachment":[{"href":"https:\/\/www.elanders.com\/sv\/wp-json\/wp\/v2\/media?parent=24669"}],"curies":[{"name":"wp","href":"https:\/\/api.w.org\/{rel}","templated":true}]}}