{"id":24686,"date":"2024-09-25T12:59:35","date_gmt":"2024-09-25T12:59:35","guid":{"rendered":"https:\/\/www.elanders.com\/investerare\/business-concept-goals-strategies\/"},"modified":"2026-03-23T11:49:05","modified_gmt":"2026-03-23T10:49:05","slug":"affarside-mal-och-strategier","status":"publish","type":"page","link":"https:\/\/www.elanders.com\/sv\/investerare\/affarside-mal-och-strategier\/","title":{"rendered":"Aff\u00e4rsid\u00e9, m\u00e5l och strategier"},"content":{"rendered":"<section id=\"\" class=\"text-block  space-bottom-yes space-top-yes text-block-id-69d808fb4112f bg-color-gray text-color-black\">                \r\n                    <div class=\"container\">  \r\n                                              \r\n                        <div class=\"row\">                                        \r\n                        <div class=\"col\">\r\n                            <h1 class=\"textBlock-headline left \">En optimerad f\u00f6rs\u00f6rjningskedja att lita p\u00e5<\/h1>\r\n                             \r\n                        <\/div>       \r\n                                                          \r\n                    <\/div>    \r\n                                               \r\n                        <div class=\"row text\">\r\n                        <div class=\"col\">\r\n                            <div class=\"textBlock-text text-block-html  \">\r\n                                <p class=\"wp-block-wt-text-block\"><strong><strong><strong>Elanders \u00f6vergripande m\u00e5l \u00e4r att vara ledande p\u00e5 globala l\u00f6sningar inom supply chain management i en sammankopplad och h\u00e5llbar v\u00e4rld.<\/strong><\/strong><\/strong><\/p>\n\r\n                            <\/div>\r\n                        <\/div>                                        \r\n                    <\/div>                                              \r\n                    <\/div>                                \r\n            <\/section>\n\n<section id=\"\" class=\"text-block  space-bottom-no space-top-yes text-block-id-69d808fb41265 bg-color-white text-color-black\">                \r\n                    <div class=\"container\">  \r\n                                              \r\n                            \r\n                                               \r\n                        <div class=\"row text\">\r\n                        <div class=\"col\">\r\n                            <div class=\"textBlock-text text-block-html  \">\r\n                                <p class=\"wp-block-wt-text-block\">Elanders har ett s\u00e4rskilt fokus p\u00e5 avancerade logistikl\u00f6sningar med ett stort inslag av v\u00e4rdeadderande tj\u00e4nster. Koncernen samarbetar n\u00e4ra kunderna f\u00f6r att utveckla deras aff\u00e4r, st\u00e4rka deras konkurrenskraft och g\u00f6ra f\u00f6rs\u00f6rjningskedjan mer uth\u00e5llig. Optimal hantering av f\u00f6rs\u00f6rjningskedjan g\u00f6r en verksamhet b\u00e5de mer kostnadseffektiv och h\u00e5llbar genom l\u00e4gre resursf\u00f6rbrukning inom tillverkning, lagerh\u00e5llning och transporter.<\/p>\n<p>Elanders str\u00e4var efter en balanserad kundportf\u00f6lj, b\u00e5de geografiskt och branschm\u00e4ssigt, f\u00f6r att minska exponeringen mot s\u00e5v\u00e4l fluktuationer p\u00e5 enskilda marknader som generella konjunkturf\u00f6r\u00e4ndringar. Koncernen vill vara en strategisk aff\u00e4rspartner som bidrar till kundens l\u00e5ngsiktiga utveckling.<\/p>\n\r\n                            <\/div>\r\n                        <\/div>                                        \r\n                    <\/div>                                              \r\n                    <\/div>                                \r\n            <\/section>\n\n<section id=\"\" class=\"text-block  space-bottom-no space-top-yes text-block-id-69d808fb41314 bg-color-white text-color-black\">                \r\n                    <div class=\"container\">  \r\n                                              \r\n                        <div class=\"row\">                                        \r\n                        <div class=\"col\">\r\n                            <h3 class=\"textBlock-headline left \">Aff\u00e4rsid\u00e9<\/h3>\r\n                             <hr class='horizontal-line' \/>\r\n                        <\/div>       \r\n                                                          \r\n                    <\/div>    \r\n                                               \r\n                        <div class=\"row text\">\r\n                        <div class=\"col\">\r\n                            <div class=\"textBlock-text text-block-html  \">\r\n                                <p class=\"wp-block-wt-text-block\">Elanders vill vara en global och strategisk partner f\u00f6r kunderna i deras aff\u00e4rskritiska processer. M\u00e5let f\u00f6r Elanders \u00e4r att vara ledande p\u00e5 globala helhetsl\u00f6sningar inom supply chain management och vara b\u00e4st p\u00e5 att tillgodose kundernas krav p\u00e5 effektivitet och leverans, med h\u00e5llbarhet i fokus. Med integrerade och kundanpassade l\u00f6sningar f\u00f6r hantering av hela eller delar av kundernas f\u00f6rs\u00f6rjningskedja hj\u00e4lper Elanders sina kunder med deras aff\u00e4rskritiska processer, b\u00e5de lokalt och globalt. Samtidigt minskas kundernas klimatavtryck genom att b\u00e5de material- och produktfl\u00f6den optimeras.<\/p>\n\r\n                            <\/div>\r\n                        <\/div>                                        \r\n                    <\/div>                                              \r\n                    <\/div>                                \r\n            <\/section>\n\n<section id=\"\" class=\"text-block  space-bottom-no space-top-yes text-block-id-69d808fb413b3 bg-color-white text-color-black\">                \r\n                    <div class=\"container\">  \r\n                                              \r\n                        <div class=\"row\">                                        \r\n                        <div class=\"col\">\r\n                            <h3 class=\"textBlock-headline left \">Finansiella m\u00e5l och h\u00e5llbarhetsm\u00e5l<\/h3>\r\n                             <hr class='horizontal-line' \/>\r\n                        <\/div>       \r\n                                                          \r\n                    <\/div>    \r\n                                               \r\n                        <div class=\"row text\">\r\n                        <div class=\"col\">\r\n                            <div class=\"textBlock-text text-block-html  \">\r\n                                <p class=\"wp-block-wt-text-block\">Elanders utvecklar kontinuerligt sitt erbjudande mot kunderna i syfte att n\u00e5 sina l\u00e5ngsiktiga finansiella m\u00e5l och uth\u00e5lligt generera en v\u00e4rde\u00f6kning och \u00f6kad avkastning till aktie\u00e4garna \u00e5r efter \u00e5r. Med en h\u00e5llbar aff\u00e4rsmodell och nya och kontinuerligt f\u00f6rb\u00e4ttrade tj\u00e4nster, i kombination med innovativ teknik, skapas goda f\u00f6ruts\u00e4ttningar f\u00f6r fortsatt tillv\u00e4xt och utveckling samt ett \u00f6kat v\u00e4rde f\u00f6r aktie\u00e4garna.<\/p>\n<p>Koncernens reduktionsm\u00e5l f\u00f6r v\u00e4xthusgasutsl\u00e4pp inneb\u00e4r att koncernen ska ha uppn\u00e5tt nettonollutsl\u00e4pp inom hela v\u00e4rdekedjan till \u00e5r 2050, i linje med Parisavtalet. Detta m\u00e5l \u00e4r integrerat i Elanders strategi f\u00f6r h\u00e5llbar utveckling och utg\u00f6r en viktig del i arbetet med att minska klimatp\u00e5verkan och framtidss\u00e4kra verksamheten.<\/p>\n\r\n                            <\/div>\r\n                        <\/div>                                        \r\n                    <\/div>                                              \r\n                    <\/div>                                \r\n            <\/section>\n\n<section id=\"\" class=\"text-block  space-bottom-yes space-top-yes text-block-id-69d808fb41451 bg-color-white text-color-black\">                \r\n                    <div class=\"container\">  \r\n                                              \r\n                        <div class=\"row\">                                        \r\n                        <div class=\"col\">\r\n                            <h3 class=\"textBlock-headline left \">Tillv\u00e4xt organiskt och via f\u00f6rv\u00e4rv<\/h3>\r\n                             <hr class='horizontal-line' \/>\r\n                        <\/div>       \r\n                                                          \r\n                    <\/div>    \r\n                                               \r\n                        <div class=\"row text\">\r\n                        <div class=\"col\">\r\n                            <div class=\"textBlock-text text-block-html  \">\r\n                                <p class=\"wp-block-wt-text-block\">Elanders utvecklas tillsammans med sina kunder. Globala uppdrag v\u00e4xer ofta fram ur starka kundrelationer som etableras n\u00e4r lokala behov tillgodoses med effektiva och kundanpassade l\u00f6sningar, som d\u00e4refter skalas upp och implementeras globalt. I takt med att koncernen v\u00e4xer och utvecklar nya tekniska l\u00f6sningar \u00f6kar f\u00f6rm\u00e5gan att tillgodose kundernas behov p\u00e5 fler geografiska marknader, vilket f\u00f6rdjupar kundrelationen.<\/p>\n<p>Ut\u00f6ver att vidareutveckla den befintliga aff\u00e4ren vill Elanders \u00e4ven forts\u00e4tta att f\u00f6rv\u00e4rva nya verksamheter med potential att \u00f6ka merf\u00f6rs\u00e4ljningen, bredda kundbasen och st\u00e4rka det befintliga erbjudandet. Ett viktigt kriterium vid f\u00f6rv\u00e4rv \u00e4r att f\u00e5 tillg\u00e5ng till nya, alternativt vidareutveckla existerande, geografiska marknader eller kundsegment. M\u00e5let \u00e4r att f\u00f6rv\u00e4rven alltid ska bredda eller komplettera Elanders erbjudande och om m\u00f6jligt tillf\u00f6ra ytterligare nischkompetenser. Denna strategi st\u00f6djer Elanders l\u00e5ngsiktiga m\u00e5l om h\u00e5llbar tillv\u00e4xt och \u00f6kad konkurrenskraft p\u00e5 den globala marknaden.<\/p>\n\r\n                            <\/div>\r\n                        <\/div>                                        \r\n                    <\/div>                                              \r\n                    <\/div>                                \r\n            <\/section>\n\n\n<div style=\"height:50px\" aria-hidden=\"true\" class=\"wp-block-spacer\"><\/div>\n","protected":false},"excerpt":{"rendered":"","protected":false},"author":2,"featured_media":0,"parent":24189,"menu_order":0,"comment_status":"closed","ping_status":"closed","template":"","meta":{"footnotes":""},"class_list":["post-24686","page","type-page","status-publish","hentry"],"yoast_head":"<!-- This site is optimized with the Yoast SEO plugin v27.2 - https:\/\/yoast.com\/product\/yoast-seo-wordpress\/ -->\n<title>Aff\u00e4rsid\u00e9, m\u00e5l och strategier - Elanders Group<\/title>\n<meta name=\"description\" content=\"Elanders \u00f6vergripande m\u00e5l \u00e4r att vara ledande p\u00e5 globala l\u00f6sningar inom supply chain management i en sammankopplad och h\u00e5llbar v\u00e4rld.\" \/>\n<meta name=\"robots\" content=\"index, follow, max-snippet:-1, max-image-preview:large, max-video-preview:-1\" \/>\n<link rel=\"canonical\" href=\"https:\/\/www.elanders.com\/sv\/investerare\/affarside-mal-och-strategier\/\" \/>\n<meta property=\"og:locale\" content=\"sv_SE\" \/>\n<meta property=\"og:type\" content=\"article\" \/>\n<meta property=\"og:title\" content=\"Aff\u00e4rsid\u00e9, m\u00e5l och strategier - Elanders Group\" \/>\n<meta property=\"og:description\" content=\"Elanders \u00f6vergripande m\u00e5l \u00e4r att vara ledande p\u00e5 globala l\u00f6sningar inom supply chain management i en sammankopplad och h\u00e5llbar v\u00e4rld.\" \/>\n<meta property=\"og:url\" content=\"https:\/\/www.elanders.com\/sv\/investerare\/affarside-mal-och-strategier\/\" \/>\n<meta property=\"og:site_name\" content=\"Elanders Group\" \/>\n<meta property=\"article:modified_time\" content=\"2026-03-23T10:49:05+00:00\" \/>\n<meta name=\"twitter:card\" content=\"summary_large_image\" \/>\n<meta name=\"twitter:label1\" content=\"Ber\u00e4knad l\u00e4stid\" \/>\n\t<meta name=\"twitter:data1\" content=\"2 minuter\" \/>\n<script type=\"application\/ld+json\" class=\"yoast-schema-graph\">{\"@context\":\"https:\/\/schema.org\",\"@graph\":[{\"@type\":\"WebPage\",\"@id\":\"https:\/\/www.elanders.com\/sv\/investerare\/affarside-mal-och-strategier\/\",\"url\":\"https:\/\/www.elanders.com\/sv\/investerare\/affarside-mal-och-strategier\/\",\"name\":\"Aff\u00e4rsid\u00e9, m\u00e5l och strategier - Elanders Group\",\"isPartOf\":{\"@id\":\"https:\/\/www.elanders.com\/#website\"},\"datePublished\":\"2024-09-25T12:59:35+00:00\",\"dateModified\":\"2026-03-23T10:49:05+00:00\",\"description\":\"Elanders \u00f6vergripande m\u00e5l \u00e4r att vara ledande p\u00e5 globala l\u00f6sningar inom supply chain management i en sammankopplad och h\u00e5llbar v\u00e4rld.\",\"breadcrumb\":{\"@id\":\"https:\/\/www.elanders.com\/sv\/investerare\/affarside-mal-och-strategier\/#breadcrumb\"},\"inLanguage\":\"sv-SE\",\"potentialAction\":[{\"@type\":\"ReadAction\",\"target\":[\"https:\/\/www.elanders.com\/sv\/investerare\/affarside-mal-och-strategier\/\"]}]},{\"@type\":\"BreadcrumbList\",\"@id\":\"https:\/\/www.elanders.com\/sv\/investerare\/affarside-mal-och-strategier\/#breadcrumb\",\"itemListElement\":[{\"@type\":\"ListItem\",\"position\":1,\"name\":\"Home\",\"item\":\"https:\/\/www.elanders.com\/sv\/\"},{\"@type\":\"ListItem\",\"position\":2,\"name\":\"Investerare\",\"item\":\"https:\/\/www.elanders.com\/sv\/investerare\/\"},{\"@type\":\"ListItem\",\"position\":3,\"name\":\"Aff\u00e4rsid\u00e9, m\u00e5l och strategier\"}]},{\"@type\":\"WebSite\",\"@id\":\"https:\/\/www.elanders.com\/#website\",\"url\":\"https:\/\/www.elanders.com\/\",\"name\":\"Welcome to Elanders - Elanders Group\",\"description\":\"\",\"potentialAction\":[{\"@type\":\"SearchAction\",\"target\":{\"@type\":\"EntryPoint\",\"urlTemplate\":\"https:\/\/www.elanders.com\/?s={search_term_string}\"},\"query-input\":{\"@type\":\"PropertyValueSpecification\",\"valueRequired\":true,\"valueName\":\"search_term_string\"}}],\"inLanguage\":\"sv-SE\"}]}<\/script>\n<!-- \/ Yoast SEO plugin. -->","yoast_head_json":{"title":"Aff\u00e4rsid\u00e9, m\u00e5l och strategier - Elanders Group","description":"Elanders \u00f6vergripande m\u00e5l \u00e4r att vara ledande p\u00e5 globala l\u00f6sningar inom supply chain management i en sammankopplad och h\u00e5llbar v\u00e4rld.","robots":{"index":"index","follow":"follow","max-snippet":"max-snippet:-1","max-image-preview":"max-image-preview:large","max-video-preview":"max-video-preview:-1"},"canonical":"https:\/\/www.elanders.com\/sv\/investerare\/affarside-mal-och-strategier\/","og_locale":"sv_SE","og_type":"article","og_title":"Aff\u00e4rsid\u00e9, m\u00e5l och strategier - Elanders Group","og_description":"Elanders \u00f6vergripande m\u00e5l \u00e4r att vara ledande p\u00e5 globala l\u00f6sningar inom supply chain management i en sammankopplad och h\u00e5llbar v\u00e4rld.","og_url":"https:\/\/www.elanders.com\/sv\/investerare\/affarside-mal-och-strategier\/","og_site_name":"Elanders Group","article_modified_time":"2026-03-23T10:49:05+00:00","twitter_card":"summary_large_image","twitter_misc":{"Ber\u00e4knad l\u00e4stid":"2 minuter"},"schema":{"@context":"https:\/\/schema.org","@graph":[{"@type":"WebPage","@id":"https:\/\/www.elanders.com\/sv\/investerare\/affarside-mal-och-strategier\/","url":"https:\/\/www.elanders.com\/sv\/investerare\/affarside-mal-och-strategier\/","name":"Aff\u00e4rsid\u00e9, m\u00e5l och strategier - Elanders Group","isPartOf":{"@id":"https:\/\/www.elanders.com\/#website"},"datePublished":"2024-09-25T12:59:35+00:00","dateModified":"2026-03-23T10:49:05+00:00","description":"Elanders \u00f6vergripande m\u00e5l \u00e4r att vara ledande p\u00e5 globala l\u00f6sningar inom supply chain management i en sammankopplad och h\u00e5llbar v\u00e4rld.","breadcrumb":{"@id":"https:\/\/www.elanders.com\/sv\/investerare\/affarside-mal-och-strategier\/#breadcrumb"},"inLanguage":"sv-SE","potentialAction":[{"@type":"ReadAction","target":["https:\/\/www.elanders.com\/sv\/investerare\/affarside-mal-och-strategier\/"]}]},{"@type":"BreadcrumbList","@id":"https:\/\/www.elanders.com\/sv\/investerare\/affarside-mal-och-strategier\/#breadcrumb","itemListElement":[{"@type":"ListItem","position":1,"name":"Home","item":"https:\/\/www.elanders.com\/sv\/"},{"@type":"ListItem","position":2,"name":"Investerare","item":"https:\/\/www.elanders.com\/sv\/investerare\/"},{"@type":"ListItem","position":3,"name":"Aff\u00e4rsid\u00e9, m\u00e5l och strategier"}]},{"@type":"WebSite","@id":"https:\/\/www.elanders.com\/#website","url":"https:\/\/www.elanders.com\/","name":"Welcome to Elanders - Elanders Group","description":"","potentialAction":[{"@type":"SearchAction","target":{"@type":"EntryPoint","urlTemplate":"https:\/\/www.elanders.com\/?s={search_term_string}"},"query-input":{"@type":"PropertyValueSpecification","valueRequired":true,"valueName":"search_term_string"}}],"inLanguage":"sv-SE"}]}},"_links":{"self":[{"href":"https:\/\/www.elanders.com\/sv\/wp-json\/wp\/v2\/pages\/24686","targetHints":{"allow":["GET"]}}],"collection":[{"href":"https:\/\/www.elanders.com\/sv\/wp-json\/wp\/v2\/pages"}],"about":[{"href":"https:\/\/www.elanders.com\/sv\/wp-json\/wp\/v2\/types\/page"}],"author":[{"embeddable":true,"href":"https:\/\/www.elanders.com\/sv\/wp-json\/wp\/v2\/users\/2"}],"replies":[{"embeddable":true,"href":"https:\/\/www.elanders.com\/sv\/wp-json\/wp\/v2\/comments?post=24686"}],"version-history":[{"count":6,"href":"https:\/\/www.elanders.com\/sv\/wp-json\/wp\/v2\/pages\/24686\/revisions"}],"predecessor-version":[{"id":32163,"href":"https:\/\/www.elanders.com\/sv\/wp-json\/wp\/v2\/pages\/24686\/revisions\/32163"}],"up":[{"embeddable":true,"href":"https:\/\/www.elanders.com\/sv\/wp-json\/wp\/v2\/pages\/24189"}],"wp:attachment":[{"href":"https:\/\/www.elanders.com\/sv\/wp-json\/wp\/v2\/media?parent=24686"}],"curies":[{"name":"wp","href":"https:\/\/api.w.org\/{rel}","templated":true}]}}