{"id":25114,"date":"2024-11-13T10:40:52","date_gmt":"2024-11-13T10:40:52","guid":{"rendered":"https:\/\/www.elanders.com\/investerare\/ovriga-rapporter\/rights-issue-2014\/"},"modified":"2024-11-13T10:45:34","modified_gmt":"2024-11-13T10:45:34","slug":"nyemission-2014","status":"publish","type":"page","link":"https:\/\/www.elanders.com\/sv\/investerare\/ovriga-rapporter\/nyemission-2014\/","title":{"rendered":"Nyemission 2014"},"content":{"rendered":"\n<p><\/p>\n\n\n<section id=\"\" class=\"text-block  space-bottom-yes space-top-yes text-block-id-69e20510240d2 bg-color-gray text-color-black\">                \r\n                    <div class=\"container\">  \r\n                                              \r\n                        <div class=\"row\">                                        \r\n                        <div class=\"col\">\r\n                            <h1 class=\"textBlock-headline left \">Nyemission 2014<\/h1>\r\n                             \r\n                        <\/div>       \r\n                                                          \r\n                    <\/div>    \r\n                                               \r\n                        <div class=\"row text\">\r\n                        <div class=\"col\">\r\n                            <div class=\"textBlock-text text-block-html  \">\r\n                                <p class=\"wp-block-wt-text-block\">\n\r\n                            <\/div>\r\n                        <\/div>                                        \r\n                    <\/div>                                              \r\n                    <\/div>                                \r\n            <\/section>\n\n<section id=\"\" class=\"text-block  space-bottom-yes space-top-yes text-block-id-69e2051024152 bg-color-white text-color-black\">                \r\n                    <div class=\"container\">  \r\n                                              \r\n                            \r\n                                               \r\n                        <div class=\"row text\">\r\n                        <div class=\"col\">\r\n                            <div class=\"textBlock-text text-block-html  \">\r\n                                <p class=\"wp-block-wt-text-block\">\u00c5rsst\u00e4mman den 6 maj 2014 besl\u00f6t, i enlighet med styrelsens f\u00f6rslag, om nyemission med f\u00f6retr\u00e4desr\u00e4tt f\u00f6r aktie\u00e4garna om cirka 125 miljoner kronor. Emissionslikviden kommer att anv\u00e4ndas till att delfinansiera f\u00f6rv\u00e4rvet av Mentor Media. Genom nyemissionen ges h\u00f6gst 3 788 332 nya aktier ut, varav h\u00f6gst 194 444 A-aktier och h\u00f6gst 3 593 888 B-aktier. Sex befintliga A- respektive B-aktier ber\u00e4ttigar till teckning av en ny A- respektive B-aktie. Nyemissionen \u00e4r garanterad i sin helhet av Carl Bennet AB.<\/p>\n<p>Teckningskursen i nyemissionen uppg\u00e5r till 33 kronor per aktie. Avst\u00e4mningsdag f\u00f6r r\u00e4tt att delta i nyemissionen \u00e4r den 13 maj 2014. Teckning av de nya aktierna ska ske under perioden 15 maj \u2013 2 juni 2014.<\/p>\n\r\n                            <\/div>\r\n                        <\/div>                                        \r\n                    <\/div>                                              \r\n                    <\/div>                                \r\n            <\/section>\n\n\r\n            <section id=\"\" class=\"acc-block acc-block-id-69e20510241cb tab-file-block  \">\r\n                \r\n                <div class=\"container\">    \r\n                    \r\n        <div class=\"accWrapper\">                                                \r\n            \r\n            <div class=\"row\">\r\n                <div class=\"col-12\">\r\n                    <div class=\"acc-box\">\r\n                        \r\n                        <div class=\"click-area\">                            \r\n                                <p class=\"title\">Dokumentation<\/p> <i class=\"bi bi-chevron-double-right\"><\/i>\r\n                        <\/div>\r\n                        \r\n                        <div class=\"content-area add-content position-layout-file-100 add-content-type-file\">\r\n                            \r\n                            <div class=\"content\">\r\n                                <div class=\"text-wrapper\"><\/div>\r\n                                <div class=\"add-content-wrapper\">\r\n                                    <section class=\"icon-block\"><div class=\"container\"><div class=\"row\"><div class=\"icon-block-container col-12\"><a href=\"\/sv\/2014\/06\/30\/antal-aktier-och-roster-i-elanders\/\" target=\"_blank\" class=\"icon-blue text-color-black\"><i class=\"bi bi-file-earmark-text\"><\/i><span>2014-06-30 Antal aktier och r\u00f6ster i Elanders<\/span><\/a><\/div><div class=\"icon-block-container col-12\"><a href=\"\/sv\/press\/elanders-ab-elanders-nyemission-om-cirka-125-miljoner-kronor-fulltecknad-94f45ffe\/\" target=\"_blank\" class=\"icon-blue text-color-black\"><i class=\"bi bi-file-earmark-text\"><\/i><span>2014-06-09 Elanders nyemission om cirka 125 miljoner kronor fulltecknad<\/span><\/a><\/div><div class=\"icon-block-container col-12\"><a href=\"\/sv\/2014\/05\/09\/prospekt-avseende-elanders-nyemission-offentliggjort\/\" target=\"_blank\" class=\"icon-blue text-color-black\"><i class=\"bi bi-file-earmark-text\"><\/i><span>2014-05-09 Prospekt avseende Elanders nyemission offentliggjort<\/span><\/a><\/div><div class=\"icon-block-container col-12\"><a href=\"\/sv\/2014\/05\/06\/rapport-fran-arsstamman-2014\/\" target=\"_blank\" class=\"icon-blue text-color-black\"><i class=\"bi bi-file-earmark-text\"><\/i><span>2014-05-06 Rapport fr\u00e5n \u00e5rsst\u00e4mman 2014<\/span><\/a><\/div><div class=\"icon-block-container col-12\"><a href=\"\/sv\/press\/elanders-ab-kallelse-till-elanders-arsstamma-eab7b704\/\" target=\"_blank\" class=\"icon-blue text-color-black\"><i class=\"bi bi-file-earmark-text\"><\/i><span>2014-04-02 Kallelse till Elanders \u00e5rsst\u00e4mma 2014<\/span><\/a><\/div><div class=\"icon-block-container col-12\"><a href=\"\/sv\/press\/elanders-vaxer-med-60-via-forvarv-av-globalt-supply-chain-bolag-med-stark-narvaro-i-asien-e3dd410a\/\" target=\"_blank\" class=\"icon-blue text-color-black\"><i class=\"bi bi-file-earmark-text\"><\/i><span>2014-01-07 Elanders v\u00e4xer med 60 % via f\u00f6rv\u00e4rv av globalt Supply Chain-bolag med stark n\u00e4rvaro i Asien<\/span><\/a><\/div><div class=\"icon-block-container col-12\"><a href=\"\/sv\/bolagsstyrning\/bolagsstamma\/arsstamma-2014\/\" target=\"_blank\" class=\"icon-blue text-color-black\"><i class=\"bi bi-chevron-double-right\"><\/i><span>\u00c5rsst\u00e4mma 2014<\/span><\/a><\/div><div class=\"icon-block-container col-12\"><a href=\"\/sv\/investerare\/arsredovisningar\/\" target=\"_blank\" class=\"icon-blue text-color-black\"><i class=\"bi bi-chevron-double-right\"><\/i><span>Elanders \u00e5rsredovisningar<\/span><\/a><\/div><div class=\"icon-block-container col-12\"><a href=\"\/sv\/investerare\/delarsrapporter\/\" target=\"_blank\" class=\"icon-blue text-color-black\"><i class=\"bi bi-chevron-double-right\"><\/i><span>Elanders del\u00e5rsrapporter<\/span><\/a><\/div><div class=\"icon-block-container col-12\"><a href=\"\/wp-content\/uploads\/2024\/11\/Inbjudan-till-teckning-av-aktier-i-Elanders-AB-publ-2014.pdf\" target=\"_blank\" class=\"icon-red text-color-black\"><i class=\"bi bi-file-earmark-pdf\"><\/i><span>Inbjudan till teckning av aktier i Elanders AB publ<\/span><\/a><\/div><div class=\"icon-block-container col-12\"><a href=\"\/wp-content\/uploads\/2024\/11\/Teckning-av-aktier-utan-stod-av-teckningsratter-2014.pdf\" target=\"_blank\" class=\"icon-red text-color-black\"><i class=\"bi bi-file-earmark-pdf\"><\/i><span>Teckning av aktier utan st\u00f6d av teckningsr\u00e4tter<\/span><\/a><\/div><\/div><\/div><\/section>\r\n                                <\/div>\r\n                            <\/div>\r\n                            \r\n                        <\/div>\r\n                        \r\n                    <\/div> \r\n                <\/div>\r\n            <\/div>                                                \r\n        <\/div>                        \r\n                <\/div>                                            \r\n                                      \r\n            <\/section>\r\n            <noscript>\r\n                    <style>\r\n                        \r\n                        .acc-block .acc-box .content {\r\n                            font-size: 18pt;\r\n                            line-height: 26pt;\r\n                            opacity: 1 !important;\r\n                            visibility: visible !important;\r\n                            max-height: inherit !important;\r\n                        }\r\n                        .acc-block .acc-box .content-area {\r\n                            padding-bottom: 20px !important;\r\n                            padding-top: 20px !important;\r\n                        }\r\n                        \r\n                    <\/style>\r\n                <\/noscript>\n\n\n<div style=\"height:75px\" aria-hidden=\"true\" class=\"wp-block-spacer\"><\/div>\n","protected":false},"excerpt":{"rendered":"","protected":false},"author":2,"featured_media":0,"parent":24199,"menu_order":0,"comment_status":"closed","ping_status":"closed","template":"","meta":{"footnotes":""},"class_list":["post-25114","page","type-page","status-publish","hentry"],"yoast_head":"<!-- This site is optimized with the Yoast SEO plugin v27.2 - https:\/\/yoast.com\/product\/yoast-seo-wordpress\/ -->\n<title>Nyemission 2014 - Elanders Group<\/title>\n<meta name=\"robots\" content=\"index, follow, max-snippet:-1, max-image-preview:large, max-video-preview:-1\" \/>\n<link rel=\"canonical\" href=\"https:\/\/www.elanders.com\/sv\/investerare\/ovriga-rapporter\/nyemission-2014\/\" \/>\n<meta property=\"og:locale\" content=\"sv_SE\" \/>\n<meta property=\"og:type\" content=\"article\" \/>\n<meta property=\"og:title\" content=\"Nyemission 2014 - Elanders Group\" \/>\n<meta property=\"og:url\" content=\"https:\/\/www.elanders.com\/sv\/investerare\/ovriga-rapporter\/nyemission-2014\/\" \/>\n<meta property=\"og:site_name\" content=\"Elanders Group\" \/>\n<meta property=\"article:modified_time\" content=\"2024-11-13T10:45:34+00:00\" \/>\n<meta name=\"twitter:card\" content=\"summary_large_image\" \/>\n<meta name=\"twitter:label1\" content=\"Ber\u00e4knad l\u00e4stid\" \/>\n\t<meta name=\"twitter:data1\" content=\"1 minut\" \/>\n<script type=\"application\/ld+json\" class=\"yoast-schema-graph\">{\"@context\":\"https:\/\/schema.org\",\"@graph\":[{\"@type\":\"WebPage\",\"@id\":\"https:\/\/www.elanders.com\/sv\/investerare\/ovriga-rapporter\/nyemission-2014\/\",\"url\":\"https:\/\/www.elanders.com\/sv\/investerare\/ovriga-rapporter\/nyemission-2014\/\",\"name\":\"Nyemission 2014 - Elanders Group\",\"isPartOf\":{\"@id\":\"https:\/\/www.elanders.com\/#website\"},\"datePublished\":\"2024-11-13T10:40:52+00:00\",\"dateModified\":\"2024-11-13T10:45:34+00:00\",\"breadcrumb\":{\"@id\":\"https:\/\/www.elanders.com\/sv\/investerare\/ovriga-rapporter\/nyemission-2014\/#breadcrumb\"},\"inLanguage\":\"sv-SE\",\"potentialAction\":[{\"@type\":\"ReadAction\",\"target\":[\"https:\/\/www.elanders.com\/sv\/investerare\/ovriga-rapporter\/nyemission-2014\/\"]}]},{\"@type\":\"BreadcrumbList\",\"@id\":\"https:\/\/www.elanders.com\/sv\/investerare\/ovriga-rapporter\/nyemission-2014\/#breadcrumb\",\"itemListElement\":[{\"@type\":\"ListItem\",\"position\":1,\"name\":\"Home\",\"item\":\"https:\/\/www.elanders.com\/sv\/\"},{\"@type\":\"ListItem\",\"position\":2,\"name\":\"Investerare\",\"item\":\"https:\/\/www.elanders.com\/sv\/investerare\/\"},{\"@type\":\"ListItem\",\"position\":3,\"name\":\"\u00d6vriga rapporter\",\"item\":\"https:\/\/www.elanders.com\/sv\/investerare\/ovriga-rapporter\/\"},{\"@type\":\"ListItem\",\"position\":4,\"name\":\"Nyemission 2014\",\"item\":\"https:\/\/www.elanders.com\/sv\/investerare\/ovriga-rapporter\/nyemission-2014\/\"}]},{\"@type\":\"WebSite\",\"@id\":\"https:\/\/www.elanders.com\/#website\",\"url\":\"https:\/\/www.elanders.com\/\",\"name\":\"Welcome to Elanders - Elanders Group\",\"description\":\"\",\"potentialAction\":[{\"@type\":\"SearchAction\",\"target\":{\"@type\":\"EntryPoint\",\"urlTemplate\":\"https:\/\/www.elanders.com\/?s={search_term_string}\"},\"query-input\":{\"@type\":\"PropertyValueSpecification\",\"valueRequired\":true,\"valueName\":\"search_term_string\"}}],\"inLanguage\":\"sv-SE\"}]}<\/script>\n<!-- \/ Yoast SEO plugin. -->","yoast_head_json":{"title":"Nyemission 2014 - Elanders Group","robots":{"index":"index","follow":"follow","max-snippet":"max-snippet:-1","max-image-preview":"max-image-preview:large","max-video-preview":"max-video-preview:-1"},"canonical":"https:\/\/www.elanders.com\/sv\/investerare\/ovriga-rapporter\/nyemission-2014\/","og_locale":"sv_SE","og_type":"article","og_title":"Nyemission 2014 - Elanders Group","og_url":"https:\/\/www.elanders.com\/sv\/investerare\/ovriga-rapporter\/nyemission-2014\/","og_site_name":"Elanders Group","article_modified_time":"2024-11-13T10:45:34+00:00","twitter_card":"summary_large_image","twitter_misc":{"Ber\u00e4knad l\u00e4stid":"1 minut"},"schema":{"@context":"https:\/\/schema.org","@graph":[{"@type":"WebPage","@id":"https:\/\/www.elanders.com\/sv\/investerare\/ovriga-rapporter\/nyemission-2014\/","url":"https:\/\/www.elanders.com\/sv\/investerare\/ovriga-rapporter\/nyemission-2014\/","name":"Nyemission 2014 - Elanders Group","isPartOf":{"@id":"https:\/\/www.elanders.com\/#website"},"datePublished":"2024-11-13T10:40:52+00:00","dateModified":"2024-11-13T10:45:34+00:00","breadcrumb":{"@id":"https:\/\/www.elanders.com\/sv\/investerare\/ovriga-rapporter\/nyemission-2014\/#breadcrumb"},"inLanguage":"sv-SE","potentialAction":[{"@type":"ReadAction","target":["https:\/\/www.elanders.com\/sv\/investerare\/ovriga-rapporter\/nyemission-2014\/"]}]},{"@type":"BreadcrumbList","@id":"https:\/\/www.elanders.com\/sv\/investerare\/ovriga-rapporter\/nyemission-2014\/#breadcrumb","itemListElement":[{"@type":"ListItem","position":1,"name":"Home","item":"https:\/\/www.elanders.com\/sv\/"},{"@type":"ListItem","position":2,"name":"Investerare","item":"https:\/\/www.elanders.com\/sv\/investerare\/"},{"@type":"ListItem","position":3,"name":"\u00d6vriga rapporter","item":"https:\/\/www.elanders.com\/sv\/investerare\/ovriga-rapporter\/"},{"@type":"ListItem","position":4,"name":"Nyemission 2014","item":"https:\/\/www.elanders.com\/sv\/investerare\/ovriga-rapporter\/nyemission-2014\/"}]},{"@type":"WebSite","@id":"https:\/\/www.elanders.com\/#website","url":"https:\/\/www.elanders.com\/","name":"Welcome to Elanders - Elanders Group","description":"","potentialAction":[{"@type":"SearchAction","target":{"@type":"EntryPoint","urlTemplate":"https:\/\/www.elanders.com\/?s={search_term_string}"},"query-input":{"@type":"PropertyValueSpecification","valueRequired":true,"valueName":"search_term_string"}}],"inLanguage":"sv-SE"}]}},"_links":{"self":[{"href":"https:\/\/www.elanders.com\/sv\/wp-json\/wp\/v2\/pages\/25114","targetHints":{"allow":["GET"]}}],"collection":[{"href":"https:\/\/www.elanders.com\/sv\/wp-json\/wp\/v2\/pages"}],"about":[{"href":"https:\/\/www.elanders.com\/sv\/wp-json\/wp\/v2\/types\/page"}],"author":[{"embeddable":true,"href":"https:\/\/www.elanders.com\/sv\/wp-json\/wp\/v2\/users\/2"}],"replies":[{"embeddable":true,"href":"https:\/\/www.elanders.com\/sv\/wp-json\/wp\/v2\/comments?post=25114"}],"version-history":[{"count":1,"href":"https:\/\/www.elanders.com\/sv\/wp-json\/wp\/v2\/pages\/25114\/revisions"}],"predecessor-version":[{"id":25115,"href":"https:\/\/www.elanders.com\/sv\/wp-json\/wp\/v2\/pages\/25114\/revisions\/25115"}],"up":[{"embeddable":true,"href":"https:\/\/www.elanders.com\/sv\/wp-json\/wp\/v2\/pages\/24199"}],"wp:attachment":[{"href":"https:\/\/www.elanders.com\/sv\/wp-json\/wp\/v2\/media?parent=25114"}],"curies":[{"name":"wp","href":"https:\/\/api.w.org\/{rel}","templated":true}]}}