{"id":25129,"date":"2024-11-13T12:06:44","date_gmt":"2024-11-13T12:06:44","guid":{"rendered":"https:\/\/www.elanders.com\/investerare\/ovriga-rapporter\/non-cash-issue-2012\/"},"modified":"2024-11-13T12:10:13","modified_gmt":"2024-11-13T12:10:13","slug":"apportemission-2012","status":"publish","type":"page","link":"https:\/\/www.elanders.com\/sv\/investerare\/ovriga-rapporter\/apportemission-2012\/","title":{"rendered":"Apportemission 2012"},"content":{"rendered":"<section id=\"\" class=\"text-block  space-bottom-yes space-top-yes text-block-id-69e397b5563bd bg-color-gray text-color-black\">                \r\n                    <div class=\"container\">  \r\n                                              \r\n                        <div class=\"row\">                                        \r\n                        <div class=\"col\">\r\n                            <h1 class=\"textBlock-headline left \">Apportemission 2012<\/h1>\r\n                             \r\n                        <\/div>       \r\n                                                          \r\n                    <\/div>    \r\n                                               \r\n                        <div class=\"row text\">\r\n                        <div class=\"col\">\r\n                            <div class=\"textBlock-text text-block-html  \">\r\n                                <p class=\"wp-block-wt-text-block\">\n\r\n                            <\/div>\r\n                        <\/div>                                        \r\n                    <\/div>                                              \r\n                    <\/div>                                \r\n            <\/section>\n\n\n<p><\/p>\n\n\n<section id=\"\" class=\"text-block  space-bottom-yes space-top-yes text-block-id-69e397b5565d8 bg-color-white text-color-black\">                \r\n                    <div class=\"container\">  \r\n                                              \r\n                            \r\n                                               \r\n                        <div class=\"row text\">\r\n                        <div class=\"col\">\r\n                            <div class=\"textBlock-text text-block-html  \">\r\n                                <strong>Sammanfattning<\/strong>\n<ul>\n\t<li>Elanders AB (publ) ingick den 9 mars 2012 en \u00f6verenskommelse med aktie\u00e4garna i de tyska bolagen fotokasten GmbH och d|o|m Deutsche Online Medien GmbH varigenom Elanders f\u00f6rv\u00e4rvar samtliga aktier i bolagen. F\u00f6rv\u00e4rven ska ske genom en nyemission (apportemission) av 3 200 000 nya B-aktier i Elanders till s\u00e4ljarna.<\/li>\n\t<li>\u00c5rsst\u00e4mman den 3 maj 2012 godk\u00e4nde det av styrelsen l\u00e4mnade f\u00f6rslaget till nyemission.<\/li>\n<\/ul>\r\n                            <\/div>\r\n                        <\/div>                                        \r\n                    <\/div>                                              \r\n                    <\/div>                                \r\n            <\/section>\n\n\r\n            <section id=\"\" class=\"acc-block acc-block-id-69e397b5566a0 tab-file-block  \">\r\n                \r\n                <div class=\"container\">    \r\n                    \r\n        <div class=\"accWrapper\">                                                \r\n            \r\n            <div class=\"row\">\r\n                <div class=\"col-12\">\r\n                    <div class=\"acc-box\">\r\n                        \r\n                        <div class=\"click-area\">                            \r\n                                <p class=\"title\">Dokumentation<\/p> <i class=\"bi bi-chevron-double-right\"><\/i>\r\n                        <\/div>\r\n                        \r\n                        <div class=\"content-area add-content position-layout-file-100 add-content-type-file\">\r\n                            \r\n                            <div class=\"content\">\r\n                                <div class=\"text-wrapper\"><\/div>\r\n                                <div class=\"add-content-wrapper\">\r\n                                    <section class=\"icon-block\"><div class=\"container\"><div class=\"row\"><div class=\"icon-block-container col-12\"><a href=\"\/sv\/2012\/05\/31\/antal-aktier-och-roster-i-elanders-ab-publ\/\" target=\"_blank\" class=\"icon-blue text-color-black\"><i class=\"bi bi-file-earmark-text\"><\/i><span>2012-05-31 Antal aktier och r\u00f6ster i Elanders AB (publ)<\/span><\/a><\/div><div class=\"icon-block-container col-12\"><a href=\"\/sv\/2012\/05\/09\/offentliggorande-av-prospekt-avseende-upptagande-till-handel-av-aktier-i-elanders-ab-publ\/\" target=\"_blank\" class=\"icon-blue text-color-black\"><i class=\"bi bi-file-earmark-text\"><\/i><span>2012-05-09 Offentligg\u00f6rande av prospekt avseende upptagande till handel av aktier i Elanders AB (publ)<\/span><\/a><\/div><div class=\"icon-block-container col-12\"><a href=\"\/sv\/2012\/05\/03\/rapport-fran-arsstamman-2012\/\" target=\"_blank\" class=\"icon-blue text-color-black\"><i class=\"bi bi-file-earmark-text\"><\/i><span>2012-05-03 Rapport fr\u00e5n \u00e5rsst\u00e4mman 2012<\/span><\/a><\/div><div class=\"icon-block-container col-12\"><a href=\"\/sv\/2012\/03\/28\/valkommen-till-elanders-arsstamma-2012\/\" target=\"_blank\" class=\"icon-blue text-color-black\"><i class=\"bi bi-file-earmark-text\"><\/i><span>2012-03-28 V\u00e4lkommen till Elanders \u00e5rsst\u00e4mma 2012<\/span><\/a><\/div><div class=\"icon-block-container col-12\"><a href=\"\/sv\/press\/elanders-genomfor-strategiska-forvarv-i-tyskland-inom-e-handel-och-web-to-business-122be9fa\/\" target=\"_blank\" class=\"icon-blue text-color-black\"><i class=\"bi bi-file-earmark-text\"><\/i><span>2012-03-12 Elanders genomf\u00f6r strategiska f\u00f6rv\u00e4rv i Tyskland inom e-handel och web-to-business<\/span><\/a><\/div><div class=\"icon-block-container col-12\"><a href=\"\/sv\/bolagsstyrning\/bolagsstamma\/arsstamma-2012\/\" target=\"_blank\" class=\"icon-blue text-color-black\"><i class=\"bi bi-chevron-double-right\"><\/i><span>\u00c5rsst\u00e4mma 2012<\/span><\/a><\/div><div class=\"icon-block-container col-12\"><a href=\"\/wp-content\/uploads\/2024\/11\/Prospektet-2012.pdf\" target=\"_blank\" class=\"icon-red text-color-black\"><i class=\"bi bi-file-earmark-pdf\"><\/i><span>Prospektet<\/span><\/a><\/div><div class=\"icon-block-container col-12\"><a href=\"\/wp-content\/uploads\/2024\/11\/5-Styrelsens-for-Elanders-AB-publ-forslag-till-beslut-om-nyemission-av-aktier.pdf\" target=\"_blank\" class=\"icon-red text-color-black\"><i class=\"bi bi-file-earmark-pdf\"><\/i><span>Styrelsens f\u00f6r Elanders AB publ f\u00f6rslag till beslut om nyemission av aktier<\/span><\/a><\/div><div class=\"icon-block-container col-12\"><a href=\"\/wp-content\/uploads\/2024\/11\/6-Styrelsens-redogorelse-enligt-ABL-13-kap-7-\u00a7.pdf\" target=\"_blank\" class=\"icon-red text-color-black\"><i class=\"bi bi-file-earmark-pdf\"><\/i><span>Styrelsens redog\u00f6relse enligt ABL 13 kap 7 \u00a7<\/span><\/a><\/div><div class=\"icon-block-container col-12\"><a href=\"\/wp-content\/uploads\/2024\/11\/7-Revisorsyttrande-ABL-13-kap-8-\u00a7.pdf\" target=\"_blank\" class=\"icon-red text-color-black\"><i class=\"bi bi-file-earmark-pdf\"><\/i><span>Revisorsyttrande ABL 13 kap 8 \u00a7<\/span><\/a><\/div><div class=\"icon-block-container col-12\"><a href=\"\/wp-content\/uploads\/2024\/11\/Stammoprotokoll-2012.pdf\" target=\"_blank\" class=\"icon-red text-color-black\"><i class=\"bi bi-file-earmark-pdf\"><\/i><span>St\u00e4mmoprotokoll 2012<\/span><\/a><\/div><\/div><\/div><\/section>\r\n                                <\/div>\r\n                            <\/div>\r\n                            \r\n                        <\/div>\r\n                        \r\n                    <\/div> \r\n                <\/div>\r\n            <\/div>                                                \r\n        <\/div>                        \r\n                <\/div>                                            \r\n                                      \r\n            <\/section>\r\n            <noscript>\r\n                    <style>\r\n                        \r\n                        .acc-block .acc-box .content {\r\n                            font-size: 18pt;\r\n                            line-height: 26pt;\r\n                            opacity: 1 !important;\r\n                            visibility: visible !important;\r\n                            max-height: inherit !important;\r\n                        }\r\n                        .acc-block .acc-box .content-area {\r\n                            padding-bottom: 20px !important;\r\n                            padding-top: 20px !important;\r\n                        }\r\n                        \r\n                    <\/style>\r\n                <\/noscript>\n\n\n<div style=\"height:75px\" aria-hidden=\"true\" class=\"wp-block-spacer\"><\/div>\n","protected":false},"excerpt":{"rendered":"","protected":false},"author":2,"featured_media":0,"parent":24199,"menu_order":0,"comment_status":"closed","ping_status":"closed","template":"","meta":{"footnotes":""},"class_list":["post-25129","page","type-page","status-publish","hentry"],"yoast_head":"<!-- This site is optimized with the Yoast SEO plugin v27.2 - https:\/\/yoast.com\/product\/yoast-seo-wordpress\/ -->\n<title>Apportemission 2012 - Elanders Group<\/title>\n<meta name=\"robots\" content=\"index, follow, max-snippet:-1, max-image-preview:large, max-video-preview:-1\" \/>\n<link rel=\"canonical\" href=\"https:\/\/www.elanders.com\/sv\/investerare\/ovriga-rapporter\/apportemission-2012\/\" \/>\n<meta property=\"og:locale\" content=\"sv_SE\" \/>\n<meta property=\"og:type\" content=\"article\" \/>\n<meta property=\"og:title\" content=\"Apportemission 2012 - Elanders Group\" \/>\n<meta property=\"og:url\" content=\"https:\/\/www.elanders.com\/sv\/investerare\/ovriga-rapporter\/apportemission-2012\/\" \/>\n<meta property=\"og:site_name\" content=\"Elanders Group\" \/>\n<meta property=\"article:modified_time\" content=\"2024-11-13T12:10:13+00:00\" \/>\n<meta name=\"twitter:card\" content=\"summary_large_image\" \/>\n<script type=\"application\/ld+json\" class=\"yoast-schema-graph\">{\"@context\":\"https:\/\/schema.org\",\"@graph\":[{\"@type\":\"WebPage\",\"@id\":\"https:\/\/www.elanders.com\/sv\/investerare\/ovriga-rapporter\/apportemission-2012\/\",\"url\":\"https:\/\/www.elanders.com\/sv\/investerare\/ovriga-rapporter\/apportemission-2012\/\",\"name\":\"Apportemission 2012 - Elanders Group\",\"isPartOf\":{\"@id\":\"https:\/\/www.elanders.com\/#website\"},\"datePublished\":\"2024-11-13T12:06:44+00:00\",\"dateModified\":\"2024-11-13T12:10:13+00:00\",\"breadcrumb\":{\"@id\":\"https:\/\/www.elanders.com\/sv\/investerare\/ovriga-rapporter\/apportemission-2012\/#breadcrumb\"},\"inLanguage\":\"sv-SE\",\"potentialAction\":[{\"@type\":\"ReadAction\",\"target\":[\"https:\/\/www.elanders.com\/sv\/investerare\/ovriga-rapporter\/apportemission-2012\/\"]}]},{\"@type\":\"BreadcrumbList\",\"@id\":\"https:\/\/www.elanders.com\/sv\/investerare\/ovriga-rapporter\/apportemission-2012\/#breadcrumb\",\"itemListElement\":[{\"@type\":\"ListItem\",\"position\":1,\"name\":\"Home\",\"item\":\"https:\/\/www.elanders.com\/sv\/\"},{\"@type\":\"ListItem\",\"position\":2,\"name\":\"Investerare\",\"item\":\"https:\/\/www.elanders.com\/sv\/investerare\/\"},{\"@type\":\"ListItem\",\"position\":3,\"name\":\"\u00d6vriga rapporter\",\"item\":\"https:\/\/www.elanders.com\/sv\/investerare\/ovriga-rapporter\/\"},{\"@type\":\"ListItem\",\"position\":4,\"name\":\"Apportemission 2012\"}]},{\"@type\":\"WebSite\",\"@id\":\"https:\/\/www.elanders.com\/#website\",\"url\":\"https:\/\/www.elanders.com\/\",\"name\":\"Welcome to Elanders - Elanders Group\",\"description\":\"\",\"potentialAction\":[{\"@type\":\"SearchAction\",\"target\":{\"@type\":\"EntryPoint\",\"urlTemplate\":\"https:\/\/www.elanders.com\/?s={search_term_string}\"},\"query-input\":{\"@type\":\"PropertyValueSpecification\",\"valueRequired\":true,\"valueName\":\"search_term_string\"}}],\"inLanguage\":\"sv-SE\"}]}<\/script>\n<!-- \/ Yoast SEO plugin. -->","yoast_head_json":{"title":"Apportemission 2012 - Elanders Group","robots":{"index":"index","follow":"follow","max-snippet":"max-snippet:-1","max-image-preview":"max-image-preview:large","max-video-preview":"max-video-preview:-1"},"canonical":"https:\/\/www.elanders.com\/sv\/investerare\/ovriga-rapporter\/apportemission-2012\/","og_locale":"sv_SE","og_type":"article","og_title":"Apportemission 2012 - Elanders Group","og_url":"https:\/\/www.elanders.com\/sv\/investerare\/ovriga-rapporter\/apportemission-2012\/","og_site_name":"Elanders Group","article_modified_time":"2024-11-13T12:10:13+00:00","twitter_card":"summary_large_image","schema":{"@context":"https:\/\/schema.org","@graph":[{"@type":"WebPage","@id":"https:\/\/www.elanders.com\/sv\/investerare\/ovriga-rapporter\/apportemission-2012\/","url":"https:\/\/www.elanders.com\/sv\/investerare\/ovriga-rapporter\/apportemission-2012\/","name":"Apportemission 2012 - Elanders Group","isPartOf":{"@id":"https:\/\/www.elanders.com\/#website"},"datePublished":"2024-11-13T12:06:44+00:00","dateModified":"2024-11-13T12:10:13+00:00","breadcrumb":{"@id":"https:\/\/www.elanders.com\/sv\/investerare\/ovriga-rapporter\/apportemission-2012\/#breadcrumb"},"inLanguage":"sv-SE","potentialAction":[{"@type":"ReadAction","target":["https:\/\/www.elanders.com\/sv\/investerare\/ovriga-rapporter\/apportemission-2012\/"]}]},{"@type":"BreadcrumbList","@id":"https:\/\/www.elanders.com\/sv\/investerare\/ovriga-rapporter\/apportemission-2012\/#breadcrumb","itemListElement":[{"@type":"ListItem","position":1,"name":"Home","item":"https:\/\/www.elanders.com\/sv\/"},{"@type":"ListItem","position":2,"name":"Investerare","item":"https:\/\/www.elanders.com\/sv\/investerare\/"},{"@type":"ListItem","position":3,"name":"\u00d6vriga rapporter","item":"https:\/\/www.elanders.com\/sv\/investerare\/ovriga-rapporter\/"},{"@type":"ListItem","position":4,"name":"Apportemission 2012"}]},{"@type":"WebSite","@id":"https:\/\/www.elanders.com\/#website","url":"https:\/\/www.elanders.com\/","name":"Welcome to Elanders - Elanders Group","description":"","potentialAction":[{"@type":"SearchAction","target":{"@type":"EntryPoint","urlTemplate":"https:\/\/www.elanders.com\/?s={search_term_string}"},"query-input":{"@type":"PropertyValueSpecification","valueRequired":true,"valueName":"search_term_string"}}],"inLanguage":"sv-SE"}]}},"_links":{"self":[{"href":"https:\/\/www.elanders.com\/sv\/wp-json\/wp\/v2\/pages\/25129","targetHints":{"allow":["GET"]}}],"collection":[{"href":"https:\/\/www.elanders.com\/sv\/wp-json\/wp\/v2\/pages"}],"about":[{"href":"https:\/\/www.elanders.com\/sv\/wp-json\/wp\/v2\/types\/page"}],"author":[{"embeddable":true,"href":"https:\/\/www.elanders.com\/sv\/wp-json\/wp\/v2\/users\/2"}],"replies":[{"embeddable":true,"href":"https:\/\/www.elanders.com\/sv\/wp-json\/wp\/v2\/comments?post=25129"}],"version-history":[{"count":1,"href":"https:\/\/www.elanders.com\/sv\/wp-json\/wp\/v2\/pages\/25129\/revisions"}],"predecessor-version":[{"id":25131,"href":"https:\/\/www.elanders.com\/sv\/wp-json\/wp\/v2\/pages\/25129\/revisions\/25131"}],"up":[{"embeddable":true,"href":"https:\/\/www.elanders.com\/sv\/wp-json\/wp\/v2\/pages\/24199"}],"wp:attachment":[{"href":"https:\/\/www.elanders.com\/sv\/wp-json\/wp\/v2\/media?parent=25129"}],"curies":[{"name":"wp","href":"https:\/\/api.w.org\/{rel}","templated":true}]}}