{"id":25178,"date":"2024-11-13T12:58:33","date_gmt":"2024-11-13T12:58:33","guid":{"rendered":"https:\/\/www.elanders.com\/investerare\/ovriga-rapporter\/rights-issue-2010\/"},"modified":"2024-11-13T13:02:52","modified_gmt":"2024-11-13T13:02:52","slug":"nyemission-2010","status":"publish","type":"page","link":"https:\/\/www.elanders.com\/sv\/investerare\/ovriga-rapporter\/nyemission-2010\/","title":{"rendered":"Nyemission 2010"},"content":{"rendered":"<section id=\"\" class=\"text-block  space-bottom-yes space-top-yes text-block-id-69e3994a46b4e bg-color-gray text-color-black\">                \r\n                    <div class=\"container\">  \r\n                                              \r\n                        <div class=\"row\">                                        \r\n                        <div class=\"col\">\r\n                            <h1 class=\"textBlock-headline left \">Nyemission 2010<\/h1>\r\n                             \r\n                        <\/div>       \r\n                                                          \r\n                    <\/div>    \r\n                                               \r\n                        <div class=\"row text\">\r\n                        <div class=\"col\">\r\n                            <div class=\"textBlock-text text-block-html  \">\r\n                                <p class=\"wp-block-wt-text-block\">\n\r\n                            <\/div>\r\n                        <\/div>                                        \r\n                    <\/div>                                              \r\n                    <\/div>                                \r\n            <\/section>\n\n\n<p><\/p>\n\n\n<section id=\"\" class=\"text-block  space-bottom-yes space-top-yes text-block-id-69e3994a46cfd bg-color-white text-color-black\">                \r\n                    <div class=\"container\">  \r\n                                              \r\n                            \r\n                                               \r\n                        <div class=\"row text\">\r\n                        <div class=\"col\">\r\n                            <div class=\"textBlock-text text-block-html  \">\r\n                                <strong>Sammanfattning<\/strong>\n<ul>\n\t<li>Extra bolagsst\u00e4mma i Elanders h\u00f6lls den 23 augusti 2010.<\/li>\n\t<li>Bolagsst\u00e4mman beslutade i enlighet med styrelsens f\u00f6rslag om nyemission av h\u00f6gst 583 333 nya A-aktier och h\u00f6gst 9 181 666 nya B-aktier med f\u00f6retr\u00e4desr\u00e4tt f\u00f6r bolagets aktie\u00e4gare. En A-aktie ber\u00e4ttigar till teckning av en ny A-aktie och en B-aktie ber\u00e4ttigar till teckning av en ny B-aktie.<\/li>\n\t<li>Teckningskursen i nyemissionen \u00e4r 22 kronor per aktie.<\/li>\n\t<li>Avst\u00e4mningsdag f\u00f6r r\u00e4tt att delta i nyemissionen \u00e4r den 30 augusti 2010.<\/li>\n\t<li>Teckning av de nya aktierna ska ske under tiden 6-20 september 2010.<\/li>\n\t<li>Handel med teckningsr\u00e4tter ber\u00e4knas \u00e4ga rum p\u00e5 NASDAQ OMX Stockholm under perioden 6-15 september 2010.<\/li>\n\t<li>Handel med betalda tecknade aktier (BTA) ber\u00e4knas \u00e4ga rum p\u00e5 NASDAQ OMX Stockholm under perioden 6 till omkring 30 september 2010.<\/li>\n<\/ul>\n<BR>\nF\u00f6r ytterligare detaljer samt information om bakgrund till och motiv f\u00f6r nyemissionen, se Elanders pressmeddelande den 15 juli 2010.\r\n                            <\/div>\r\n                        <\/div>                                        \r\n                    <\/div>                                              \r\n                    <\/div>                                \r\n            <\/section>\n\n\r\n            <section id=\"\" class=\"acc-block acc-block-id-69e3994a46d89 tab-file-block  \">\r\n                \r\n                <div class=\"container\">    \r\n                    \r\n        <div class=\"accWrapper\">                                                \r\n            \r\n            <div class=\"row\">\r\n                <div class=\"col-12\">\r\n                    <div class=\"acc-box\">\r\n                        \r\n                        <div class=\"click-area\">                            \r\n                                <p class=\"title\">Dokumentation<\/p> <i class=\"bi bi-chevron-double-right\"><\/i>\r\n                        <\/div>\r\n                        \r\n                        <div class=\"content-area add-content position-layout-file-100 add-content-type-file\">\r\n                            \r\n                            <div class=\"content\">\r\n                                <div class=\"text-wrapper\"><\/div>\r\n                                <div class=\"add-content-wrapper\">\r\n                                    <section class=\"icon-block\"><div class=\"container\"><div class=\"row\"><div class=\"icon-block-container col-12\"><a href=\"\/sv\/press\/elanders-nyemission-genomford-4e53aa29\/\" target=\"_blank\" class=\"icon-blue text-color-black\"><i class=\"bi bi-file-earmark-text\"><\/i><span>2010-09-24 Elanders nyemission genomf\u00f6rd<\/span><\/a><\/div><div class=\"icon-block-container col-12\"><a href=\"\/sv\/press\/offentliggorande-av-prospekt-avseende-nyemission-i-elanders-ab-publ-dd80b323\/\" target=\"_blank\" class=\"icon-blue text-color-black\"><i class=\"bi bi-file-earmark-text\"><\/i><span>2010-08-26 Offentligg\u00f6rande av prospekt avseende nyemission i Elanders AB (publ)<\/span><\/a><\/div><div class=\"icon-block-container col-12\"><a href=\"\/sv\/2010\/08\/23\/beslut-vid-extra-bolagsstamma-i-elanders-ab-publ\/\" target=\"_blank\" class=\"icon-blue text-color-black\"><i class=\"bi bi-file-earmark-text\"><\/i><span>2010-08-23 Beslut vid extra bolagsst\u00e4mma i Elanders AB (publ)<\/span><\/a><\/div><div class=\"icon-block-container col-12\"><a href=\"\/sv\/2010\/07\/15\/styrelsen-for-elanders-foreslar-garanterad-foretradesemission-om-cirka-215-miljoner-kronor\/\" target=\"_blank\" class=\"icon-blue text-color-black\"><i class=\"bi bi-file-earmark-text\"><\/i><span>2010-07-15 Styrelsen f\u00f6r Elanders f\u00f6resl\u00e5r garanterad f\u00f6retr\u00e4desemission om cirka 215 miljoner kronor<\/span><\/a><\/div><div class=\"icon-block-container col-12\"><a href=\"\/sv\/press\/kallelse-till-extra-bolagsstamma-15203a66\/\" target=\"_blank\" class=\"icon-blue text-color-black\"><i class=\"bi bi-file-earmark-text\"><\/i><span>2010-07-15 Kallelse till extra bolagsst\u00e4mma<\/span><\/a><\/div><div class=\"icon-block-container col-12\"><a href=\"\/sv\/investerare\/arsredovisningar\/\" target=\"_blank\" class=\"icon-blue text-color-black\"><i class=\"bi bi-chevron-double-right\"><\/i><span>Elanders \u00e5rsredovisningar<\/span><\/a><\/div><div class=\"icon-block-container col-12\"><a href=\"\/wp-content\/uploads\/2024\/11\/Styrelsens-for-Elanders-AB-publ-forslag-till-beslut-om-nyemission-med-foretradesratt-for-aktieagarna-2010.pdf\" target=\"_blank\" class=\"icon-red text-color-black\"><i class=\"bi bi-file-earmark-pdf\"><\/i><span>Styrelsens f\u00f6r Elanders AB (publ) f\u00f6rslag till beslut om nyemission med f\u00f6retr\u00e4desr\u00e4tt f\u00f6r aktie\u00e4garna<\/span><\/a><\/div><div class=\"icon-block-container col-12\"><a href=\"\/wp-content\/uploads\/2024\/11\/Forslag-till-andrad-bolagsordning-2010.pdf\" target=\"_blank\" class=\"icon-red text-color-black\"><i class=\"bi bi-file-earmark-pdf\"><\/i><span>F\u00f6rslag till \u00e4ndrad bolagsordning<\/span><\/a><\/div><div class=\"icon-block-container col-12\"><a href=\"\/wp-content\/uploads\/2024\/11\/Anmalan-till-extra-bolagsstamma-2010.pdf\" target=\"_blank\" class=\"icon-red text-color-black\"><i class=\"bi bi-file-earmark-pdf\"><\/i><span>Anm\u00e4lan till extra bolagsst\u00e4mma 2010<\/span><\/a><\/div><div class=\"icon-block-container col-12\"><a href=\"\/wp-content\/uploads\/2024\/11\/Fullmaktsformular-extra-bolagsstamma-2010.pdf\" target=\"_blank\" class=\"icon-red text-color-black\"><i class=\"bi bi-file-earmark-pdf\"><\/i><span>Fullmaktsformul\u00e4r extra bolagsst\u00e4mma 2010<\/span><\/a><\/div><div class=\"icon-block-container col-12\"><a href=\"\/wp-content\/uploads\/2024\/11\/Styrelsens-redogorelse-for-vasentliga-handelser-2010.pdf\" target=\"_blank\" class=\"icon-red text-color-black\"><i class=\"bi bi-file-earmark-pdf\"><\/i><span>Styrelsens redog\u00f6relse for v\u00e4sentliga h\u00e4ndelser<\/span><\/a><\/div><div class=\"icon-block-container col-12\"><a href=\"\/wp-content\/uploads\/2024\/11\/Revisorns-yttrande-over-styrelsens-redogorelse-for-vasentliga-handelser-2010.pdf\" target=\"_blank\" class=\"icon-red text-color-black\"><i class=\"bi bi-file-earmark-pdf\"><\/i><span>Revisorns yttrande \u00f6ver styrelsens redog\u00f6relse f\u00f6r v\u00e4sentliga h\u00e4ndelser<\/span><\/a><\/div><div class=\"icon-block-container col-12\"><a href=\"\/wp-content\/uploads\/2024\/11\/Protokoll-fran-Extra-bolagsstamma-100823.pdf\" target=\"_blank\" class=\"icon-red text-color-black\"><i class=\"bi bi-file-earmark-pdf\"><\/i><span>Protokoll fr\u00e5n Extra bolagsst\u00e4mma 100823<\/span><\/a><\/div><div class=\"icon-block-container col-12\"><a href=\"\/wp-content\/uploads\/2024\/11\/Prospekt-Sv-Inbjudan-till-teckning-av-aktier-i-Elanders-AB-publ-2010.pdf\" target=\"_blank\" class=\"icon-red text-color-black\"><i class=\"bi bi-file-earmark-pdf\"><\/i><span>Prospekt \u2013 Inbjudan till teckning av aktier i Elanders AB (publ)<\/span><\/a><\/div><div class=\"icon-block-container col-12\"><a href=\"\/wp-content\/uploads\/2024\/11\/Elanders-Anmalningssedel-teckning-med-primar-foretradesratt-2010.pdf\" target=\"_blank\" class=\"icon-red text-color-black\"><i class=\"bi bi-file-earmark-pdf\"><\/i><span>Elanders \u2013 Anm\u00e4lningssedel teckning med prim\u00e4r f\u00f6retr\u00e4desr\u00e4tt<\/span><\/a><\/div><div class=\"icon-block-container col-12\"><a href=\"\/wp-content\/uploads\/2024\/11\/Elanders-Anmalningssedel-teckning-med-subsidiar-foretradesratt-2010.pdf\" target=\"_blank\" class=\"icon-red text-color-black\"><i class=\"bi bi-file-earmark-pdf\"><\/i><span>Elanders \u2013 Anm\u00e4lningssedel teckning med subsidi\u00e4r f\u00f6retr\u00e4desr\u00e4tt<\/span><\/a><\/div><div class=\"icon-block-container col-12\"><a href=\"\/wp-content\/uploads\/2024\/11\/Elanders-Anmalningssedel-TUF-teckning-utan-foretrade-2010.pdf\" target=\"_blank\" class=\"icon-red text-color-black\"><i class=\"bi bi-file-earmark-pdf\"><\/i><span>Elanders \u2013 Anm\u00e4lningssedel TUF teckning utan f\u00f6retr\u00e4de<\/span><\/a><\/div><\/div><\/div><\/section>\r\n                                <\/div>\r\n                            <\/div>\r\n                            \r\n                        <\/div>\r\n                        \r\n                    <\/div> \r\n                <\/div>\r\n            <\/div>                                                \r\n        <\/div>                        \r\n                <\/div>                                            \r\n                                      \r\n            <\/section>\r\n            <noscript>\r\n                    <style>\r\n                        \r\n                        .acc-block .acc-box .content {\r\n                            font-size: 18pt;\r\n                            line-height: 26pt;\r\n                            opacity: 1 !important;\r\n                            visibility: visible !important;\r\n                            max-height: inherit !important;\r\n                        }\r\n                        .acc-block .acc-box .content-area {\r\n                            padding-bottom: 20px !important;\r\n                            padding-top: 20px !important;\r\n                        }\r\n                        \r\n                    <\/style>\r\n                <\/noscript>\n\n\n<div style=\"height:75px\" aria-hidden=\"true\" class=\"wp-block-spacer\"><\/div>\n","protected":false},"excerpt":{"rendered":"","protected":false},"author":2,"featured_media":0,"parent":24199,"menu_order":0,"comment_status":"closed","ping_status":"closed","template":"","meta":{"footnotes":""},"class_list":["post-25178","page","type-page","status-publish","hentry"],"yoast_head":"<!-- This site is optimized with the Yoast SEO plugin v27.2 - https:\/\/yoast.com\/product\/yoast-seo-wordpress\/ -->\n<title>Nyemission 2010 - Elanders Group<\/title>\n<meta name=\"robots\" content=\"index, follow, max-snippet:-1, max-image-preview:large, max-video-preview:-1\" \/>\n<link rel=\"canonical\" href=\"https:\/\/www.elanders.com\/sv\/investerare\/ovriga-rapporter\/nyemission-2010\/\" \/>\n<meta property=\"og:locale\" content=\"sv_SE\" \/>\n<meta property=\"og:type\" content=\"article\" \/>\n<meta property=\"og:title\" content=\"Nyemission 2010 - Elanders Group\" \/>\n<meta property=\"og:url\" content=\"https:\/\/www.elanders.com\/sv\/investerare\/ovriga-rapporter\/nyemission-2010\/\" \/>\n<meta property=\"og:site_name\" content=\"Elanders Group\" \/>\n<meta property=\"article:modified_time\" content=\"2024-11-13T13:02:52+00:00\" \/>\n<meta name=\"twitter:card\" content=\"summary_large_image\" \/>\n<script type=\"application\/ld+json\" class=\"yoast-schema-graph\">{\"@context\":\"https:\/\/schema.org\",\"@graph\":[{\"@type\":\"WebPage\",\"@id\":\"https:\/\/www.elanders.com\/sv\/investerare\/ovriga-rapporter\/nyemission-2010\/\",\"url\":\"https:\/\/www.elanders.com\/sv\/investerare\/ovriga-rapporter\/nyemission-2010\/\",\"name\":\"Nyemission 2010 - Elanders Group\",\"isPartOf\":{\"@id\":\"https:\/\/www.elanders.com\/#website\"},\"datePublished\":\"2024-11-13T12:58:33+00:00\",\"dateModified\":\"2024-11-13T13:02:52+00:00\",\"breadcrumb\":{\"@id\":\"https:\/\/www.elanders.com\/sv\/investerare\/ovriga-rapporter\/nyemission-2010\/#breadcrumb\"},\"inLanguage\":\"sv-SE\",\"potentialAction\":[{\"@type\":\"ReadAction\",\"target\":[\"https:\/\/www.elanders.com\/sv\/investerare\/ovriga-rapporter\/nyemission-2010\/\"]}]},{\"@type\":\"BreadcrumbList\",\"@id\":\"https:\/\/www.elanders.com\/sv\/investerare\/ovriga-rapporter\/nyemission-2010\/#breadcrumb\",\"itemListElement\":[{\"@type\":\"ListItem\",\"position\":1,\"name\":\"Home\",\"item\":\"https:\/\/www.elanders.com\/sv\/\"},{\"@type\":\"ListItem\",\"position\":2,\"name\":\"Investerare\",\"item\":\"https:\/\/www.elanders.com\/sv\/investerare\/\"},{\"@type\":\"ListItem\",\"position\":3,\"name\":\"\u00d6vriga rapporter\",\"item\":\"https:\/\/www.elanders.com\/sv\/investerare\/ovriga-rapporter\/\"},{\"@type\":\"ListItem\",\"position\":4,\"name\":\"Nyemission 2010\"}]},{\"@type\":\"WebSite\",\"@id\":\"https:\/\/www.elanders.com\/#website\",\"url\":\"https:\/\/www.elanders.com\/\",\"name\":\"Welcome to Elanders - Elanders Group\",\"description\":\"\",\"potentialAction\":[{\"@type\":\"SearchAction\",\"target\":{\"@type\":\"EntryPoint\",\"urlTemplate\":\"https:\/\/www.elanders.com\/?s={search_term_string}\"},\"query-input\":{\"@type\":\"PropertyValueSpecification\",\"valueRequired\":true,\"valueName\":\"search_term_string\"}}],\"inLanguage\":\"sv-SE\"}]}<\/script>\n<!-- \/ Yoast SEO plugin. -->","yoast_head_json":{"title":"Nyemission 2010 - Elanders Group","robots":{"index":"index","follow":"follow","max-snippet":"max-snippet:-1","max-image-preview":"max-image-preview:large","max-video-preview":"max-video-preview:-1"},"canonical":"https:\/\/www.elanders.com\/sv\/investerare\/ovriga-rapporter\/nyemission-2010\/","og_locale":"sv_SE","og_type":"article","og_title":"Nyemission 2010 - Elanders Group","og_url":"https:\/\/www.elanders.com\/sv\/investerare\/ovriga-rapporter\/nyemission-2010\/","og_site_name":"Elanders Group","article_modified_time":"2024-11-13T13:02:52+00:00","twitter_card":"summary_large_image","schema":{"@context":"https:\/\/schema.org","@graph":[{"@type":"WebPage","@id":"https:\/\/www.elanders.com\/sv\/investerare\/ovriga-rapporter\/nyemission-2010\/","url":"https:\/\/www.elanders.com\/sv\/investerare\/ovriga-rapporter\/nyemission-2010\/","name":"Nyemission 2010 - Elanders Group","isPartOf":{"@id":"https:\/\/www.elanders.com\/#website"},"datePublished":"2024-11-13T12:58:33+00:00","dateModified":"2024-11-13T13:02:52+00:00","breadcrumb":{"@id":"https:\/\/www.elanders.com\/sv\/investerare\/ovriga-rapporter\/nyemission-2010\/#breadcrumb"},"inLanguage":"sv-SE","potentialAction":[{"@type":"ReadAction","target":["https:\/\/www.elanders.com\/sv\/investerare\/ovriga-rapporter\/nyemission-2010\/"]}]},{"@type":"BreadcrumbList","@id":"https:\/\/www.elanders.com\/sv\/investerare\/ovriga-rapporter\/nyemission-2010\/#breadcrumb","itemListElement":[{"@type":"ListItem","position":1,"name":"Home","item":"https:\/\/www.elanders.com\/sv\/"},{"@type":"ListItem","position":2,"name":"Investerare","item":"https:\/\/www.elanders.com\/sv\/investerare\/"},{"@type":"ListItem","position":3,"name":"\u00d6vriga rapporter","item":"https:\/\/www.elanders.com\/sv\/investerare\/ovriga-rapporter\/"},{"@type":"ListItem","position":4,"name":"Nyemission 2010"}]},{"@type":"WebSite","@id":"https:\/\/www.elanders.com\/#website","url":"https:\/\/www.elanders.com\/","name":"Welcome to Elanders - Elanders Group","description":"","potentialAction":[{"@type":"SearchAction","target":{"@type":"EntryPoint","urlTemplate":"https:\/\/www.elanders.com\/?s={search_term_string}"},"query-input":{"@type":"PropertyValueSpecification","valueRequired":true,"valueName":"search_term_string"}}],"inLanguage":"sv-SE"}]}},"_links":{"self":[{"href":"https:\/\/www.elanders.com\/sv\/wp-json\/wp\/v2\/pages\/25178","targetHints":{"allow":["GET"]}}],"collection":[{"href":"https:\/\/www.elanders.com\/sv\/wp-json\/wp\/v2\/pages"}],"about":[{"href":"https:\/\/www.elanders.com\/sv\/wp-json\/wp\/v2\/types\/page"}],"author":[{"embeddable":true,"href":"https:\/\/www.elanders.com\/sv\/wp-json\/wp\/v2\/users\/2"}],"replies":[{"embeddable":true,"href":"https:\/\/www.elanders.com\/sv\/wp-json\/wp\/v2\/comments?post=25178"}],"version-history":[{"count":1,"href":"https:\/\/www.elanders.com\/sv\/wp-json\/wp\/v2\/pages\/25178\/revisions"}],"predecessor-version":[{"id":25180,"href":"https:\/\/www.elanders.com\/sv\/wp-json\/wp\/v2\/pages\/25178\/revisions\/25180"}],"up":[{"embeddable":true,"href":"https:\/\/www.elanders.com\/sv\/wp-json\/wp\/v2\/pages\/24199"}],"wp:attachment":[{"href":"https:\/\/www.elanders.com\/sv\/wp-json\/wp\/v2\/media?parent=25178"}],"curies":[{"name":"wp","href":"https:\/\/api.w.org\/{rel}","templated":true}]}}