{"id":25198,"date":"2024-09-25T13:51:29","date_gmt":"2024-09-25T13:51:29","guid":{"rendered":"https:\/\/www.elanders.com\/investerare\/presentations\/"},"modified":"2026-04-02T09:04:11","modified_gmt":"2026-04-02T07:04:11","slug":"presentationer","status":"publish","type":"page","link":"https:\/\/www.elanders.com\/sv\/investerare\/presentationer\/","title":{"rendered":"Presentationer"},"content":{"rendered":"<section id=\"\" class=\"text-block  space-bottom-yes space-top-yes text-block-id-69e612c9046f7 bg-color-gray text-color-black\">                \r\n                    <div class=\"container\">  \r\n                                              \r\n                        <div class=\"row\">                                        \r\n                        <div class=\"col\">\r\n                            <h1 class=\"textBlock-headline left \">Presentationer<\/h1>\r\n                             \r\n                        <\/div>       \r\n                                                          \r\n                    <\/div>    \r\n                                               \r\n                        <div class=\"row text\">\r\n                        <div class=\"col\">\r\n                            <div class=\"textBlock-text text-block-html  \">\r\n                                <p class=\"wp-block-wt-text-block\"><strong>H\u00e4r kan du ta del av presentationer fr\u00e5n tidigare telefonkonferenser, \u00e5rsst\u00e4mmor och kapitalmarknadsdagar.<\/strong><\/p>\n\r\n                            <\/div>\r\n                        <\/div>                                        \r\n                    <\/div>                                              \r\n                    <\/div>                                \r\n            <\/section>\n\n<section class=\"icon-block  bg-color-white space-bottom-no space-top-yes\">  \r\n                <div class=\"container \">              \r\n                    <div class=\"row\">\r\n                        <div class=\"icon-block-container col-12\">         \r\n\t                         <a  target=_self class=\"icon-blue text-color-black no-hover\">\r\n\t                            <i class=\"bi bi-calendar3\"><\/i>\r\n\t                            \r\n\t                            2026-04-23\r\n\t                       \r\n\t                        <\/a>               \t  \r\n                        <\/div>\r\n                <\/div>                                                                \r\n            <\/section>\n\n<section id=\"\" class=\"text-block  space-bottom-no space-top-no text-block-id-69e612c904e7a bg-color-white text-color-black\">                \r\n                    <div class=\"container\">  \r\n                                              \r\n                        <div class=\"row\">                                        \r\n                        <div class=\"col\">\r\n                            <h3 class=\"textBlock-headline left \">Q1 2026<\/h3>\r\n                             <hr class='horizontal-line' \/>\r\n                        <\/div>       \r\n                                                          \r\n                    <\/div>    \r\n                                               \r\n                        <div class=\"row text\">\r\n                        <div class=\"col\">\r\n                            <div class=\"textBlock-text text-block-html  \">\r\n                                <p class=\"wp-block-wt-text-block\">I samband med offentligg\u00f6randet av del\u00e5rsrapporten f\u00f6r f\u00f6rsta kvartalet 2026 h\u00e5ller Elanders en press- och analytikerkonferens den 23 april 2026 kl. 15.30 med Magnus Nilsson, VD och koncernchef, samt \u00c5sa Vilsson, Group CFO.<\/p>\n<p>Under telefonkonferensen kommer en presentation att h\u00e5llas. Presentationen kommer att vara tillg\u00e4nglig h\u00e4r innan telefonkonferensen startar.<\/p>\n\r\n                            <\/div>\r\n                        <\/div>                                        \r\n                    <\/div>                                              \r\n                    <\/div>                                \r\n            <\/section>\n\n<section id=\"\" class=\"text-block  space-bottom-yes space-top-no text-block-id-69e612c904fb4 bg-color-white text-color-black\">                \r\n                    <div class=\"container\">  \r\n                                              \r\n                            \r\n                                               \r\n                        <div class=\"row text\">\r\n                        <div class=\"col\">\r\n                            <div class=\"textBlock-text text-block-html  \">\r\n                                <p class=\"wp-block-wt-text-block\"><strong><strong>Tillg\u00e5ng till inspelad version<\/strong> <\/strong><br \/>Telefonkonferensen kommer att spelas in och \u00e4r tillg\u00e4nglig fram till den 13 juli 2026.<\/p>\n<p>Ring in p\u00e5 ett telefonnummer som anges i l\u00e4nken nedan, f\u00f6ljt av 5881407#.<\/p>\n<p>Inringningsnummer hittar du<a href=\"https:\/\/members.meetingzone.com\/replaydialinnumbers.aspx?b=2389e96d-457b-46a8-bebb-fec356d5b031&amp;encrypt=KAimP5VyRKbt4sIgXffoLW9gEZm3hhzBqaXAgxOFFCHrJBK2ta2tUV0KPUzgftvf0m5dVUXx6wPwkumCnWWJxX0wOhHbXnljNTYUS16crns%3d\" target=\"_blank\" rel=\"noreferrer noopener\"><strong> h\u00e4r <\/strong><\/a><\/p>\n<p>Knappsatskontroller hittar du<a href=\"https:\/\/event.loopup.com\/documents\/en-GB\/replay-guide.pdf\" target=\"_blank\" rel=\"noreferrer noopener\"><strong> h\u00e4r<\/strong><\/a><\/p>\n\r\n                            <\/div>\r\n                        <\/div>                                        \r\n                    <\/div>                                              \r\n                    <\/div>                                \r\n            <\/section>\n\n<section class=\"icon-block  bg-color-gray space-bottom-no space-top-yes\">  \r\n                <div class=\"container \">              \r\n                    <div class=\"row\">\r\n                        <div class=\"icon-block-container col-12\">         \r\n\t                         <a  target=_self class=\"icon-blue text-color-black no-hover\">\r\n\t                            <i class=\"bi bi-calendar3\"><\/i>\r\n\t                            \r\n\t                            2026-01-28\r\n\t                       \r\n\t                        <\/a>               \t  \r\n                        <\/div>\r\n                <\/div>                                                                \r\n            <\/section>\n\n<section id=\"\" class=\"text-block  space-bottom-no space-top-no text-block-id-69e612c90520a bg-color-gray text-color-black\">                \r\n                    <div class=\"container\">  \r\n                                              \r\n                        <div class=\"row\">                                        \r\n                        <div class=\"col\">\r\n                            <h3 class=\"textBlock-headline left \">Q4 2025<\/h3>\r\n                             <hr class='horizontal-line' \/>\r\n                        <\/div>       \r\n                                                          \r\n                    <\/div>    \r\n                                               \r\n                        <div class=\"row text\">\r\n                        <div class=\"col\">\r\n                            <div class=\"textBlock-text text-block-html  \">\r\n                                <p class=\"wp-block-wt-text-block\">I samband med offentligg\u00f6randet av bokslutskommunik\u00e9 f\u00f6r 2025 h\u00f6ll Elanders en press- och analytikerkonferens den 28 januari 2026 kl. 09.30 med Magnus Nilsson, VD och koncernchef, samt \u00c5sa Vilsson, Group CFO.<\/p>\n<p>Under telefonkonferensen h\u00f6lls en presentation. Presentationen \u00e4r tillg\u00e4nglig nedan.<\/p>\n\r\n                            <\/div>\r\n                        <\/div>                                        \r\n                    <\/div>                                              \r\n                    <\/div>                                \r\n            <\/section>\n\n<section class=\"icon-block  bg-color-gray space-bottom-no space-top-no\">  \r\n                <div class=\"container \">              \r\n                    <div class=\"row\">\r\n                        <div class=\"icon-block-container col-12\">         \r\n\t                         <a href='http:\/\/www.elanders.com\/wp-content\/uploads\/2026\/01\/Elanders-Presentation-Q4-2025.pdf' target=_black class=\"icon-red text-color-black \">\r\n\t                            <i class=\"bi bi-file-earmark-pdf\"><\/i>\r\n\t                            \r\n\t                            Elanders-Presentation-Q4-2025\r\n\t                       \r\n\t                        <\/a>               \t  \r\n                        <\/div>\r\n                <\/div>                                                                \r\n            <\/section>\n\n<section id=\"\" class=\"text-block  space-bottom-yes space-top-yes text-block-id-69e612c90540e bg-color-gray text-color-black\">                \r\n                    <div class=\"container\">  \r\n                                              \r\n                            \r\n                                               \r\n                        <div class=\"row text\">\r\n                        <div class=\"col\">\r\n                            <div class=\"textBlock-text text-block-html  \">\r\n                                <p class=\"wp-block-wt-text-block\"><strong><strong>Tillg\u00e5ng till inspelad version<\/strong> <\/strong><br \/>Telefonkonferensen har spelats in och \u00e4r tillg\u00e4nglig fram till den 23 april 2026.<\/p>\n<p>Ring in p\u00e5 ett telefonnummer som anges i l\u00e4nken nedan, f\u00f6ljt av 6571502#.<\/p>\n<p>Inringningsnummer hittar du<a href=\"https:\/\/members.meetingzone.com\/replaydialinnumbers.aspx?b=2389e96d-457b-46a8-bebb-fec356d5b031&amp;encrypt=KAimP5VyRKbt4sIgXffoLW9gEZm3hhzBqaXAgxOFFCHrJBK2ta2tUV0KPUzgftvf0m5dVUXx6wPwkumCnWWJxX0wOhHbXnljNTYUS16crns%3d\" target=\"_blank\" rel=\"noreferrer noopener\"><strong> h\u00e4r <\/strong><\/a><\/p>\n<p>Knappsatskontroller hittar du<a href=\"https:\/\/event.loopup.com\/documents\/en-GB\/replay-guide.pdf\" target=\"_blank\" rel=\"noreferrer noopener\"><strong> h\u00e4r<\/strong><\/a><\/p>\n\r\n                            <\/div>\r\n                        <\/div>                                        \r\n                    <\/div>                                              \r\n                    <\/div>                                \r\n            <\/section>\n\n\n<div style=\"height:50px\" aria-hidden=\"true\" class=\"wp-block-spacer bg-color-gray\"><\/div>\n","protected":false},"excerpt":{"rendered":"","protected":false},"author":2,"featured_media":0,"parent":24189,"menu_order":0,"comment_status":"closed","ping_status":"closed","template":"","meta":{"footnotes":""},"class_list":["post-25198","page","type-page","status-publish","hentry"],"yoast_head":"<!-- This site is optimized with the Yoast SEO plugin v27.2 - https:\/\/yoast.com\/product\/yoast-seo-wordpress\/ -->\n<title>Presentationer - Elanders Group<\/title>\n<meta name=\"robots\" content=\"index, follow, max-snippet:-1, max-image-preview:large, max-video-preview:-1\" \/>\n<link rel=\"canonical\" href=\"https:\/\/www.elanders.com\/sv\/investerare\/presentationer\/\" \/>\n<meta property=\"og:locale\" content=\"sv_SE\" \/>\n<meta property=\"og:type\" content=\"article\" \/>\n<meta property=\"og:title\" content=\"Presentationer - Elanders Group\" \/>\n<meta property=\"og:url\" content=\"https:\/\/www.elanders.com\/sv\/investerare\/presentationer\/\" \/>\n<meta property=\"og:site_name\" content=\"Elanders Group\" \/>\n<meta property=\"article:modified_time\" content=\"2026-04-02T07:04:11+00:00\" \/>\n<meta name=\"twitter:card\" content=\"summary_large_image\" \/>\n<meta name=\"twitter:label1\" content=\"Ber\u00e4knad l\u00e4stid\" \/>\n\t<meta name=\"twitter:data1\" content=\"1 minut\" \/>\n<script type=\"application\/ld+json\" class=\"yoast-schema-graph\">{\"@context\":\"https:\/\/schema.org\",\"@graph\":[{\"@type\":\"WebPage\",\"@id\":\"https:\/\/www.elanders.com\/sv\/investerare\/presentationer\/\",\"url\":\"https:\/\/www.elanders.com\/sv\/investerare\/presentationer\/\",\"name\":\"Presentationer - Elanders Group\",\"isPartOf\":{\"@id\":\"https:\/\/www.elanders.com\/#website\"},\"datePublished\":\"2024-09-25T13:51:29+00:00\",\"dateModified\":\"2026-04-02T07:04:11+00:00\",\"breadcrumb\":{\"@id\":\"https:\/\/www.elanders.com\/sv\/investerare\/presentationer\/#breadcrumb\"},\"inLanguage\":\"sv-SE\",\"potentialAction\":[{\"@type\":\"ReadAction\",\"target\":[\"https:\/\/www.elanders.com\/sv\/investerare\/presentationer\/\"]}]},{\"@type\":\"BreadcrumbList\",\"@id\":\"https:\/\/www.elanders.com\/sv\/investerare\/presentationer\/#breadcrumb\",\"itemListElement\":[{\"@type\":\"ListItem\",\"position\":1,\"name\":\"Home\",\"item\":\"https:\/\/www.elanders.com\/sv\/\"},{\"@type\":\"ListItem\",\"position\":2,\"name\":\"Investerare\",\"item\":\"https:\/\/www.elanders.com\/sv\/investerare\/\"},{\"@type\":\"ListItem\",\"position\":3,\"name\":\"Presentationer\"}]},{\"@type\":\"WebSite\",\"@id\":\"https:\/\/www.elanders.com\/#website\",\"url\":\"https:\/\/www.elanders.com\/\",\"name\":\"Welcome to Elanders - Elanders Group\",\"description\":\"\",\"potentialAction\":[{\"@type\":\"SearchAction\",\"target\":{\"@type\":\"EntryPoint\",\"urlTemplate\":\"https:\/\/www.elanders.com\/?s={search_term_string}\"},\"query-input\":{\"@type\":\"PropertyValueSpecification\",\"valueRequired\":true,\"valueName\":\"search_term_string\"}}],\"inLanguage\":\"sv-SE\"}]}<\/script>\n<!-- \/ Yoast SEO plugin. -->","yoast_head_json":{"title":"Presentationer - Elanders Group","robots":{"index":"index","follow":"follow","max-snippet":"max-snippet:-1","max-image-preview":"max-image-preview:large","max-video-preview":"max-video-preview:-1"},"canonical":"https:\/\/www.elanders.com\/sv\/investerare\/presentationer\/","og_locale":"sv_SE","og_type":"article","og_title":"Presentationer - Elanders Group","og_url":"https:\/\/www.elanders.com\/sv\/investerare\/presentationer\/","og_site_name":"Elanders Group","article_modified_time":"2026-04-02T07:04:11+00:00","twitter_card":"summary_large_image","twitter_misc":{"Ber\u00e4knad l\u00e4stid":"1 minut"},"schema":{"@context":"https:\/\/schema.org","@graph":[{"@type":"WebPage","@id":"https:\/\/www.elanders.com\/sv\/investerare\/presentationer\/","url":"https:\/\/www.elanders.com\/sv\/investerare\/presentationer\/","name":"Presentationer - Elanders Group","isPartOf":{"@id":"https:\/\/www.elanders.com\/#website"},"datePublished":"2024-09-25T13:51:29+00:00","dateModified":"2026-04-02T07:04:11+00:00","breadcrumb":{"@id":"https:\/\/www.elanders.com\/sv\/investerare\/presentationer\/#breadcrumb"},"inLanguage":"sv-SE","potentialAction":[{"@type":"ReadAction","target":["https:\/\/www.elanders.com\/sv\/investerare\/presentationer\/"]}]},{"@type":"BreadcrumbList","@id":"https:\/\/www.elanders.com\/sv\/investerare\/presentationer\/#breadcrumb","itemListElement":[{"@type":"ListItem","position":1,"name":"Home","item":"https:\/\/www.elanders.com\/sv\/"},{"@type":"ListItem","position":2,"name":"Investerare","item":"https:\/\/www.elanders.com\/sv\/investerare\/"},{"@type":"ListItem","position":3,"name":"Presentationer"}]},{"@type":"WebSite","@id":"https:\/\/www.elanders.com\/#website","url":"https:\/\/www.elanders.com\/","name":"Welcome to Elanders - Elanders Group","description":"","potentialAction":[{"@type":"SearchAction","target":{"@type":"EntryPoint","urlTemplate":"https:\/\/www.elanders.com\/?s={search_term_string}"},"query-input":{"@type":"PropertyValueSpecification","valueRequired":true,"valueName":"search_term_string"}}],"inLanguage":"sv-SE"}]}},"_links":{"self":[{"href":"https:\/\/www.elanders.com\/sv\/wp-json\/wp\/v2\/pages\/25198","targetHints":{"allow":["GET"]}}],"collection":[{"href":"https:\/\/www.elanders.com\/sv\/wp-json\/wp\/v2\/pages"}],"about":[{"href":"https:\/\/www.elanders.com\/sv\/wp-json\/wp\/v2\/types\/page"}],"author":[{"embeddable":true,"href":"https:\/\/www.elanders.com\/sv\/wp-json\/wp\/v2\/users\/2"}],"replies":[{"embeddable":true,"href":"https:\/\/www.elanders.com\/sv\/wp-json\/wp\/v2\/comments?post=25198"}],"version-history":[{"count":36,"href":"https:\/\/www.elanders.com\/sv\/wp-json\/wp\/v2\/pages\/25198\/revisions"}],"predecessor-version":[{"id":32538,"href":"https:\/\/www.elanders.com\/sv\/wp-json\/wp\/v2\/pages\/25198\/revisions\/32538"}],"up":[{"embeddable":true,"href":"https:\/\/www.elanders.com\/sv\/wp-json\/wp\/v2\/pages\/24189"}],"wp:attachment":[{"href":"https:\/\/www.elanders.com\/sv\/wp-json\/wp\/v2\/media?parent=25198"}],"curies":[{"name":"wp","href":"https:\/\/api.w.org\/{rel}","templated":true}]}}