{"id":25259,"date":"2024-09-25T13:52:10","date_gmt":"2024-09-25T13:52:10","guid":{"rendered":"https:\/\/www.elanders.com\/investerare\/financial-calendar\/"},"modified":"2025-12-16T10:32:22","modified_gmt":"2025-12-16T09:32:22","slug":"finansiell-kalender","status":"publish","type":"page","link":"https:\/\/www.elanders.com\/sv\/investerare\/finansiell-kalender\/","title":{"rendered":"Finansiell kalender"},"content":{"rendered":"<section id=\"\" class=\"text-block  space-bottom-yes space-top-yes text-block-id-69d01e8b30aae bg-color-gray text-color-black\">                \r\n                    <div class=\"container\">  \r\n                                              \r\n                        <div class=\"row\">                                        \r\n                        <div class=\"col\">\r\n                            <h1 class=\"textBlock-headline left \">Finansiell kalender<\/h1>\r\n                             \r\n                        <\/div>       \r\n                                                          \r\n                    <\/div>    \r\n                                               \r\n                        <div class=\"row text\">\r\n                        <div class=\"col\">\r\n                            <div class=\"textBlock-text text-block-html  \">\r\n                                <p class=\"wp-block-wt-text-block\"><strong><strong><strong>Elanders till\u00e4mpar s. k. tyst period fr. o. m. en m\u00e5nad innan datum f\u00f6r finansiell rapport. I samband med offentligg\u00f6randet av en del\u00e5rsrapport h\u00e5ller Elanders vanligtvis en press- och analytikerkonferens.<\/strong><\/strong><\/strong><\/p>\n\r\n                            <\/div>\r\n                        <\/div>                                        \r\n                    <\/div>                                              \r\n                    <\/div>                                \r\n            <\/section>\n\n\n<div style=\"height:100px\" aria-hidden=\"true\" class=\"wp-block-spacer\"><\/div>\n\n\n<div class=\"mfn-calendar container\">\n\n\n\n\n<div class=\"mf-widget mf-calendar-v2 mf-lang-sv mf-dff64b75-c45e-47d9-81cd-274e315e07fb mf-table-wrapper\" id=\"mf-scope-730402b5-e465-4736-a72c-8cf8f6759117\">\n  <style>\n    .mf-hidden-event {\n      display: none\n    }\n  <\/style>\n  <table class=\"mf-table\">\n    <thead>\n      <tr>\n        <td colspan=\"5\">\n          <div style=\"display: flex; justify-content: space-between\">\n            <div class=\"mf-calendar-header\">Alla h\u00e4ndelser<\/div>\n            <div>\n              <button class=\"upcoming-btn\" onclick=\"{\n                document.querySelectorAll('#mf-scope-730402b5-e465-4736-a72c-8cf8f6759117 .in-past-true')\n                  .forEach((tr) => tr.classList.add('mf-hidden-event'));\n                document.querySelectorAll('#mf-scope-730402b5-e465-4736-a72c-8cf8f6759117 .in-past-false')\n                  .forEach((tr) => tr.classList.remove('mf-hidden-event'));\n              }\"\n              >Kommande<\/button>\n              <button class=\"archive-btn\" onclick=\"{\n                document.querySelectorAll('#mf-scope-730402b5-e465-4736-a72c-8cf8f6759117 .in-past-false')\n                  .forEach((tr) => tr.classList.add('mf-hidden-event'));\n                document.querySelectorAll('#mf-scope-730402b5-e465-4736-a72c-8cf8f6759117 .in-past-true')\n                  .forEach((tr) => tr.classList.remove('mf-hidden-event'));\n              }\"\n              >Arkiv<\/button>\n            <\/div>\n          <\/div>\n        <\/td>\n      <\/tr>\n    <\/thead>\n    <tbody><tr id=\"event-id-c7499536-a8db-4ad0-a4d7-3a43b1ad692f\" class=\"event mf-event-category-none in-past-false\"><td class=\"dates\">2026-04-23<\/td>\n          <td class=\"times\">10:00<\/td>\n          <td class=\"title\">Del\u00e5rsrapport Q1 2026<br>(\u00e4ndrat fr\u00e5n 24 april 2026)<\/td>\n          <td class=\"description\"><\/td>\n          <td class=\"google\"><a href='https:\/\/calendar.google.com\/calendar\/render?action=TEMPLATE&ctz=Europe%2FStockholm&dates=20260423T100000%2F20260423T100000&details=&location=&text=Elanders%3A+Del%C3%A5rsrapport+Q1+2026%3Cbr%3E%28%C3%A4ndrat+fr%C3%A5n+24+april+2026%29&trp=true' target='_blank'>Google<\/a><\/td>\n          <td class=\"ical\"><a href='https:\/\/widget.datablocks.se\/api\/babylon\/event\/c7499536-a8db-4ad0-a4d7-3a43b1ad692f\/sv\/ical?time-location=Europe\/Stockholm&c=Elanders: ' target='_blank'>Ical<\/a><\/td>\n          \n        <\/tr>\n      <tr id=\"event-id-2c8c7026-4a52-4fde-9075-fc4ecb4e6e25\" class=\"event mf-event-category-none in-past-false\"><td class=\"dates\">2026-04-23<\/td>\n          <td class=\"times\">12:00<\/td>\n          <td class=\"title\">\u00c5rsst\u00e4mma 2026<br>(\u00e4ndrat fr\u00e5n 24 april 2026)<\/td>\n          <td class=\"description\"><\/td>\n          <td class=\"google\"><a href='https:\/\/calendar.google.com\/calendar\/render?action=TEMPLATE&ctz=Europe%2FStockholm&dates=20260423T120000%2F20260423T120000&details=&location=&text=Elanders%3A+%C3%85rsst%C3%A4mma+2026%3Cbr%3E%28%C3%A4ndrat+fr%C3%A5n+24+april+2026%29&trp=true' target='_blank'>Google<\/a><\/td>\n          <td class=\"ical\"><a href='https:\/\/widget.datablocks.se\/api\/babylon\/event\/2c8c7026-4a52-4fde-9075-fc4ecb4e6e25\/sv\/ical?time-location=Europe\/Stockholm&c=Elanders: ' target='_blank'>Ical<\/a><\/td>\n          \n        <\/tr>\n      <tr id=\"event-id-7bae7eea-c520-4660-a018-26b6c4bf96ab\" class=\"event mf-event-category-none in-past-false\"><td class=\"dates\">2026-04-23<\/td>\n          <td class=\"times\">15:30<\/td>\n          <td class=\"title\">Press- och analytikerkonferens Del\u00e5rsrapport Q1 2026<\/td>\n          <td class=\"description\"><\/td>\n          <td class=\"google\"><a href='https:\/\/calendar.google.com\/calendar\/render?action=TEMPLATE&ctz=Europe%2FStockholm&dates=20260423T153000%2F20260423T153000&details=&location=&text=Elanders%3A+Press-+och+analytikerkonferens+Del%C3%A5rsrapport+Q1+2026&trp=true' target='_blank'>Google<\/a><\/td>\n          <td class=\"ical\"><a href='https:\/\/widget.datablocks.se\/api\/babylon\/event\/7bae7eea-c520-4660-a018-26b6c4bf96ab\/sv\/ical?time-location=Europe\/Stockholm&c=Elanders: ' target='_blank'>Ical<\/a><\/td>\n          \n        <\/tr>\n      <tr id=\"event-id-03148fa5-604a-4201-b783-74f9c62e62d2\" class=\"event mf-event-category-none in-past-false\"><td class=\"dates\">2026-07-14<\/td>\n          <td class=\"times\"><\/td>\n          <td class=\"title\">Del\u00e5rsrapport Q2 2026<\/td>\n          <td class=\"description\"><\/td>\n          <td class=\"google\"><a href='https:\/\/calendar.google.com\/calendar\/render?action=TEMPLATE&dates=20260714%2F20260714&details=&location=&text=Elanders%3A+Del%C3%A5rsrapport+Q2+2026&trp=true' target='_blank'>Google<\/a><\/td>\n          <td class=\"ical\"><a href='https:\/\/widget.datablocks.se\/api\/babylon\/event\/03148fa5-604a-4201-b783-74f9c62e62d2\/sv\/ical?time-location=Europe\/Stockholm&c=Elanders: ' target='_blank'>Ical<\/a><\/td>\n          \n        <\/tr>\n      <tr id=\"event-id-8aae4844-b6df-4a2a-acfd-930152a958ee\" class=\"event mf-event-category-none in-past-false\"><td class=\"dates\">2026-10-23<\/td>\n          <td class=\"times\"><\/td>\n          <td class=\"title\">Del\u00e5rsrapport Q3 2026<\/td>\n          <td class=\"description\"><\/td>\n          <td class=\"google\"><a href='https:\/\/calendar.google.com\/calendar\/render?action=TEMPLATE&dates=20261023%2F20261023&details=&location=&text=Elanders%3A+Del%C3%A5rsrapport+Q3+2026&trp=true' target='_blank'>Google<\/a><\/td>\n          <td class=\"ical\"><a href='https:\/\/widget.datablocks.se\/api\/babylon\/event\/8aae4844-b6df-4a2a-acfd-930152a958ee\/sv\/ical?time-location=Europe\/Stockholm&c=Elanders: ' target='_blank'>Ical<\/a><\/td>\n          \n        <\/tr>\n      <tr id=\"event-id-9e6508ca-78b1-428a-a63b-acde8825fb3c\" class=\"event mf-event-category-none in-past-false\"><td class=\"dates\">2027-01-26<\/td>\n          <td class=\"times\"><\/td>\n          <td class=\"title\">Bokslutskommunik\u00e9 2026<br>(\u00e4ndrat fr\u00e5n 29 januari 2027)<\/td>\n          <td class=\"description\"><\/td>\n          <td class=\"google\"><a href='https:\/\/calendar.google.com\/calendar\/render?action=TEMPLATE&dates=20270126%2F20270126&details=&location=&text=Elanders%3A+Bokslutskommunik%C3%A9+2026%3Cbr%3E%28%C3%A4ndrat+fr%C3%A5n+29+januari+2027%29&trp=true' target='_blank'>Google<\/a><\/td>\n          <td class=\"ical\"><a href='https:\/\/widget.datablocks.se\/api\/babylon\/event\/9e6508ca-78b1-428a-a63b-acde8825fb3c\/sv\/ical?time-location=Europe\/Stockholm&c=Elanders: ' target='_blank'>Ical<\/a><\/td>\n          \n        <\/tr>\n      <tr id=\"event-id-0dc070ba-7e6c-4272-a01f-1f179818f4c6\" class=\"event mf-event-category-none in-past-true mf-hidden-event\"><td class=\"dates\">2026-03-23<\/td>\n          <td class=\"times\"><\/td>\n          <td class=\"title\">\u00c5rs- och h\u00e5llbarhetsredovisning 2025<\/td>\n          <td class=\"description\"><\/td>\n          <td class=\"google\"><a href='https:\/\/calendar.google.com\/calendar\/render?action=TEMPLATE&dates=20260323%2F20260323&details=&location=&text=Elanders%3A+%C3%85rs-+och+h%C3%A5llbarhetsredovisning+2025&trp=true' target='_blank'>Google<\/a><\/td>\n          <td class=\"ical\"><a href='https:\/\/widget.datablocks.se\/api\/babylon\/event\/0dc070ba-7e6c-4272-a01f-1f179818f4c6\/sv\/ical?time-location=Europe\/Stockholm&c=Elanders: ' target='_blank'>Ical<\/a><\/td>\n          \n        <\/tr>\n      <tr id=\"event-id-aa359613-85fe-4ac0-92d1-82dcff39d540\" class=\"event mf-event-category-none in-past-true mf-hidden-event\"><td class=\"dates\">2026-01-28<\/td>\n          <td class=\"times\">09:30<\/td>\n          <td class=\"title\">Press- och analytikerkonferens Bokslutskommunik\u00e9 2025<\/td>\n          <td class=\"description\"><\/td>\n          <td class=\"google\"><a href='https:\/\/calendar.google.com\/calendar\/render?action=TEMPLATE&ctz=Europe%2FStockholm&dates=20260128T093000%2F20260128T093000&details=&location=&text=Elanders%3A+Press-+och+analytikerkonferens+Bokslutskommunik%C3%A9+2025&trp=true' target='_blank'>Google<\/a><\/td>\n          <td class=\"ical\"><a href='https:\/\/widget.datablocks.se\/api\/babylon\/event\/aa359613-85fe-4ac0-92d1-82dcff39d540\/sv\/ical?time-location=Europe\/Stockholm&c=Elanders: ' target='_blank'>Ical<\/a><\/td>\n          \n        <\/tr>\n      <tr id=\"event-id-3a8f4ac8-4b0f-419f-961f-82ef459fcc5c\" class=\"event mf-event-category-none in-past-true mf-hidden-event\"><td class=\"dates\">2026-01-28<\/td>\n          <td class=\"times\">07:30<\/td>\n          <td class=\"title\">Bokslutskommunik\u00e9 2025<\/td>\n          <td class=\"description\"><\/td>\n          <td class=\"google\"><a href='https:\/\/calendar.google.com\/calendar\/render?action=TEMPLATE&ctz=Europe%2FStockholm&dates=20260128T073000%2F20260128T073000&details=&location=&text=Elanders%3A+Bokslutskommunik%C3%A9+2025&trp=true' target='_blank'>Google<\/a><\/td>\n          <td class=\"ical\"><a href='https:\/\/widget.datablocks.se\/api\/babylon\/event\/3a8f4ac8-4b0f-419f-961f-82ef459fcc5c\/sv\/ical?time-location=Europe\/Stockholm&c=Elanders: ' target='_blank'>Ical<\/a><\/td>\n          \n        <\/tr>\n      <tr id=\"event-id-f1925445-fc98-4951-9181-a39c12f99dcf\" class=\"event mf-event-category-none in-past-true mf-hidden-event\"><td class=\"dates\">2025-10-22<\/td>\n          <td class=\"times\"><\/td>\n          <td class=\"title\">Del\u00e5rsrapport Q3 2025<\/td>\n          <td class=\"description\"><\/td>\n          <td class=\"google\"><a href='https:\/\/calendar.google.com\/calendar\/render?action=TEMPLATE&dates=20251022%2F20251022&details=&location=&text=Elanders%3A+Del%C3%A5rsrapport+Q3+2025&trp=true' target='_blank'>Google<\/a><\/td>\n          <td class=\"ical\"><a href='https:\/\/widget.datablocks.se\/api\/babylon\/event\/f1925445-fc98-4951-9181-a39c12f99dcf\/sv\/ical?time-location=Europe\/Stockholm&c=Elanders: ' target='_blank'>Ical<\/a><\/td>\n          \n        <\/tr>\n      <tr id=\"event-id-ad1b9144-d38b-4370-9235-0cef8ef3a7bd\" class=\"event mf-event-category-none in-past-true mf-hidden-event\"><td class=\"dates\">2025-07-11<\/td>\n          <td class=\"times\"><\/td>\n          <td class=\"title\">Del\u00e5rsrapport Q2 2025<\/td>\n          <td class=\"description\"><\/td>\n          <td class=\"google\"><a href='https:\/\/calendar.google.com\/calendar\/render?action=TEMPLATE&dates=20250711%2F20250711&details=&location=&text=Elanders%3A+Del%C3%A5rsrapport+Q2+2025&trp=true' target='_blank'>Google<\/a><\/td>\n          <td class=\"ical\"><a href='https:\/\/widget.datablocks.se\/api\/babylon\/event\/ad1b9144-d38b-4370-9235-0cef8ef3a7bd\/sv\/ical?time-location=Europe\/Stockholm&c=Elanders: ' target='_blank'>Ical<\/a><\/td>\n          \n        <\/tr>\n      \n    <\/tbody>\n  <\/table>\n  <!--APPEND-->\n<\/div>\n\n<\/div>\n\n\n\n<div style=\"height:100px\" aria-hidden=\"true\" class=\"wp-block-spacer\"><\/div>\n","protected":false},"excerpt":{"rendered":"","protected":false},"author":2,"featured_media":0,"parent":24189,"menu_order":0,"comment_status":"closed","ping_status":"closed","template":"","meta":{"footnotes":""},"class_list":["post-25259","page","type-page","status-publish","hentry"],"yoast_head":"<!-- This site is optimized with the Yoast SEO plugin v27.2 - https:\/\/yoast.com\/product\/yoast-seo-wordpress\/ -->\n<title>Finansiell kalender - Elanders Group<\/title>\n<meta name=\"robots\" content=\"index, follow, max-snippet:-1, max-image-preview:large, max-video-preview:-1\" \/>\n<link rel=\"canonical\" href=\"https:\/\/www.elanders.com\/sv\/investerare\/finansiell-kalender\/\" \/>\n<meta property=\"og:locale\" content=\"sv_SE\" \/>\n<meta property=\"og:type\" content=\"article\" \/>\n<meta property=\"og:title\" content=\"Finansiell kalender - Elanders Group\" \/>\n<meta property=\"og:url\" content=\"https:\/\/www.elanders.com\/sv\/investerare\/finansiell-kalender\/\" \/>\n<meta property=\"og:site_name\" content=\"Elanders Group\" \/>\n<meta property=\"article:modified_time\" content=\"2025-12-16T09:32:22+00:00\" \/>\n<meta name=\"twitter:card\" content=\"summary_large_image\" \/>\n<meta name=\"twitter:label1\" content=\"Ber\u00e4knad l\u00e4stid\" \/>\n\t<meta name=\"twitter:data1\" content=\"1 minut\" \/>\n<script type=\"application\/ld+json\" class=\"yoast-schema-graph\">{\"@context\":\"https:\/\/schema.org\",\"@graph\":[{\"@type\":\"WebPage\",\"@id\":\"https:\/\/www.elanders.com\/sv\/investerare\/finansiell-kalender\/\",\"url\":\"https:\/\/www.elanders.com\/sv\/investerare\/finansiell-kalender\/\",\"name\":\"Finansiell kalender - Elanders Group\",\"isPartOf\":{\"@id\":\"https:\/\/www.elanders.com\/#website\"},\"datePublished\":\"2024-09-25T13:52:10+00:00\",\"dateModified\":\"2025-12-16T09:32:22+00:00\",\"breadcrumb\":{\"@id\":\"https:\/\/www.elanders.com\/sv\/investerare\/finansiell-kalender\/#breadcrumb\"},\"inLanguage\":\"sv-SE\",\"potentialAction\":[{\"@type\":\"ReadAction\",\"target\":[\"https:\/\/www.elanders.com\/sv\/investerare\/finansiell-kalender\/\"]}]},{\"@type\":\"BreadcrumbList\",\"@id\":\"https:\/\/www.elanders.com\/sv\/investerare\/finansiell-kalender\/#breadcrumb\",\"itemListElement\":[{\"@type\":\"ListItem\",\"position\":1,\"name\":\"Home\",\"item\":\"https:\/\/www.elanders.com\/sv\/\"},{\"@type\":\"ListItem\",\"position\":2,\"name\":\"Investerare\",\"item\":\"https:\/\/www.elanders.com\/sv\/investerare\/\"},{\"@type\":\"ListItem\",\"position\":3,\"name\":\"Finansiell kalender\"}]},{\"@type\":\"WebSite\",\"@id\":\"https:\/\/www.elanders.com\/#website\",\"url\":\"https:\/\/www.elanders.com\/\",\"name\":\"Welcome to Elanders - Elanders Group\",\"description\":\"\",\"potentialAction\":[{\"@type\":\"SearchAction\",\"target\":{\"@type\":\"EntryPoint\",\"urlTemplate\":\"https:\/\/www.elanders.com\/?s={search_term_string}\"},\"query-input\":{\"@type\":\"PropertyValueSpecification\",\"valueRequired\":true,\"valueName\":\"search_term_string\"}}],\"inLanguage\":\"sv-SE\"}]}<\/script>\n<!-- \/ Yoast SEO plugin. -->","yoast_head_json":{"title":"Finansiell kalender - Elanders Group","robots":{"index":"index","follow":"follow","max-snippet":"max-snippet:-1","max-image-preview":"max-image-preview:large","max-video-preview":"max-video-preview:-1"},"canonical":"https:\/\/www.elanders.com\/sv\/investerare\/finansiell-kalender\/","og_locale":"sv_SE","og_type":"article","og_title":"Finansiell kalender - Elanders Group","og_url":"https:\/\/www.elanders.com\/sv\/investerare\/finansiell-kalender\/","og_site_name":"Elanders Group","article_modified_time":"2025-12-16T09:32:22+00:00","twitter_card":"summary_large_image","twitter_misc":{"Ber\u00e4knad l\u00e4stid":"1 minut"},"schema":{"@context":"https:\/\/schema.org","@graph":[{"@type":"WebPage","@id":"https:\/\/www.elanders.com\/sv\/investerare\/finansiell-kalender\/","url":"https:\/\/www.elanders.com\/sv\/investerare\/finansiell-kalender\/","name":"Finansiell kalender - Elanders Group","isPartOf":{"@id":"https:\/\/www.elanders.com\/#website"},"datePublished":"2024-09-25T13:52:10+00:00","dateModified":"2025-12-16T09:32:22+00:00","breadcrumb":{"@id":"https:\/\/www.elanders.com\/sv\/investerare\/finansiell-kalender\/#breadcrumb"},"inLanguage":"sv-SE","potentialAction":[{"@type":"ReadAction","target":["https:\/\/www.elanders.com\/sv\/investerare\/finansiell-kalender\/"]}]},{"@type":"BreadcrumbList","@id":"https:\/\/www.elanders.com\/sv\/investerare\/finansiell-kalender\/#breadcrumb","itemListElement":[{"@type":"ListItem","position":1,"name":"Home","item":"https:\/\/www.elanders.com\/sv\/"},{"@type":"ListItem","position":2,"name":"Investerare","item":"https:\/\/www.elanders.com\/sv\/investerare\/"},{"@type":"ListItem","position":3,"name":"Finansiell kalender"}]},{"@type":"WebSite","@id":"https:\/\/www.elanders.com\/#website","url":"https:\/\/www.elanders.com\/","name":"Welcome to Elanders - Elanders Group","description":"","potentialAction":[{"@type":"SearchAction","target":{"@type":"EntryPoint","urlTemplate":"https:\/\/www.elanders.com\/?s={search_term_string}"},"query-input":{"@type":"PropertyValueSpecification","valueRequired":true,"valueName":"search_term_string"}}],"inLanguage":"sv-SE"}]}},"_links":{"self":[{"href":"https:\/\/www.elanders.com\/sv\/wp-json\/wp\/v2\/pages\/25259","targetHints":{"allow":["GET"]}}],"collection":[{"href":"https:\/\/www.elanders.com\/sv\/wp-json\/wp\/v2\/pages"}],"about":[{"href":"https:\/\/www.elanders.com\/sv\/wp-json\/wp\/v2\/types\/page"}],"author":[{"embeddable":true,"href":"https:\/\/www.elanders.com\/sv\/wp-json\/wp\/v2\/users\/2"}],"replies":[{"embeddable":true,"href":"https:\/\/www.elanders.com\/sv\/wp-json\/wp\/v2\/comments?post=25259"}],"version-history":[{"count":30,"href":"https:\/\/www.elanders.com\/sv\/wp-json\/wp\/v2\/pages\/25259\/revisions"}],"predecessor-version":[{"id":31147,"href":"https:\/\/www.elanders.com\/sv\/wp-json\/wp\/v2\/pages\/25259\/revisions\/31147"}],"up":[{"embeddable":true,"href":"https:\/\/www.elanders.com\/sv\/wp-json\/wp\/v2\/pages\/24189"}],"wp:attachment":[{"href":"https:\/\/www.elanders.com\/sv\/wp-json\/wp\/v2\/media?parent=25259"}],"curies":[{"name":"wp","href":"https:\/\/api.w.org\/{rel}","templated":true}]}}