{"id":25392,"date":"2024-09-25T13:57:25","date_gmt":"2024-09-25T13:57:25","guid":{"rendered":"https:\/\/www.elanders.com\/about-us\/"},"modified":"2026-03-23T08:16:28","modified_gmt":"2026-03-23T07:16:28","slug":"om-oss","status":"publish","type":"page","link":"https:\/\/www.elanders.com\/sv\/om-oss\/","title":{"rendered":"Om oss"},"content":{"rendered":"\r\n        <style>\r\n             .showcase-section-block-69e4c766b14dc {\r\n                background-image: url(https:\/\/www.elanders.com\/wp-content\/uploads\/2026\/02\/25-storage-3-min-scaled-1.webp);\r\n                background-attachment: scroll;\r\n                background-size: cover;  \r\n                background-repeat: no-repeat; \r\n                background-position: center center;\r\n                overflow: hidden;\r\n                color:  var(--elarb-white);\r\n            }\r\n\r\n            @media (max-width: 1024px) {\r\n                 .showcase-section-block-69e4c766b14dc {\r\n                    background-attachment: scroll;\r\n                }\r\n            }\r\n        <\/style><section class=\"showcase-section-block showcase-section-block-69e4c766b14dc\">   \r\n        <div class=\"container showcase-section-container showcase-section-banner\">\r\n                <div class=\"showcase-section d-flex flex-column align-items-start justify-content-evenly text-start\">\r\n            <div class=\"showcase-content\">\r\n                <h2 class=\"showcase-title\">Om Elanders<\/h2>\r\n                <p class=\"showcase-description\">Integrerade l\u00f6sningar v\u00e4rlden \u00f6ver<\/p>\r\n                <hr class=\"horizontal-line\">\r\n                  <div class=\"showcase-section-button\">\r\n                    \r\n                  <\/div>\r\n            <\/div>\r\n        <\/div>\r\n        <\/div>\r\n    <\/section>\n\n<section id=\"\" class=\"text-block  space-bottom-yes space-top-yes text-block-id-69e4c766b1614 bg-color-gray text-color-black\">                \r\n                    <div class=\"container\">  \r\n                                              \r\n                            \r\n                                               \r\n                        <div class=\"row text\">\r\n                        <div class=\"col\">\r\n                            <div class=\"textBlock-text text-block-html  \">\r\n                                <p class=\"wp-block-wt-text-block\"><strong>Elanders \u00e4r ett globalt logistikf\u00f6retag som erbjuder ett brett tj\u00e4nsteutbud av integrerade l\u00f6sningar inom supply chain management. Verksamheten bedrivs huvudsakligen genom de tv\u00e5 aff\u00e4rsomr\u00e5dena Supply Chain Solutions och Print &amp; Packaging Solutions. Koncernen har cirka 7 000 anst\u00e4llda och verksamhet i ett 20-tal l\u00e4nder p\u00e5 fyra kontinenter. De viktigaste marknaderna \u00e4r Kina, Singapore, Storbritannien, Sverige, Tyskland och USA. Kunderna delas in i sex segment efter vilken bransch de tillh\u00f6r; Automotive, Electronics, Fashion, Health Care, Industrial och Other.<\/strong><\/p>\n\r\n                            <\/div>\r\n                        <\/div>                                        \r\n                    <\/div>                                              \r\n                    <\/div>                                \r\n            <\/section>\n\n\n<div style=\"height:25px\" aria-hidden=\"true\" class=\"wp-block-spacer\"><\/div>\n\n\n<section class=\"image-gallery-block\">  \r\n  <div class=\"container-fluid  bg-color-white\">              \r\n        <div class=\"\">\r\n            <div class=\"row\">\r\n                <div class=\"img-block col-12\">         \r\n                       \t   <img decoding=\"async\" loading=\"lazy\" alt=\"Web Map Se\" id=\"img-block-69e4c766b1c55\" class=\"img-block desktop-padding-top desktop-padding-right desktop-padding-bottom desktop-padding-left tablet-padding-top tablet-padding-right tablet-padding-bottom tablet-padding-left mobile-padding-top mobile-padding-right mobile-padding-bottom mobile-padding-left \" src=\"http:\/\/www.elanders.com\/wp-content\/uploads\/2026\/01\/Web-Map2026-se.svg\" \/> \r\n                <\/div>\r\n            <\/div>\r\n        <\/div>                                                            \r\n    <\/section><style> #img-block-69e4c766b1c55.desktop-padding-top { padding-top: 25px; } #img-block-69e4c766b1c55.desktop-padding-right { padding-right: 275px; } #img-block-69e4c766b1c55.desktop-padding-bottom { padding-bottom: 0px; } #img-block-69e4c766b1c55.desktop-padding-left { padding-left: 275px; }@media only screen and (max-width: 991px) {  #img-block-69e4c766b1c55.tablet-padding-top { padding-top: 25px; }} @media only screen and (max-width: 991px) {  #img-block-69e4c766b1c55.tablet-padding-right { padding-right: 0px; }} @media only screen and (max-width: 991px) {  #img-block-69e4c766b1c55.tablet-padding-bottom { padding-bottom: 0px; }} @media only screen and (max-width: 991px) {  #img-block-69e4c766b1c55.tablet-padding-left { padding-left: 0px; }} @media only screen and (max-width: 575px) {  #img-block-69e4c766b1c55.mobile-padding-top { padding-top: 25px; }} @media only screen and (max-width: 575px) {  #img-block-69e4c766b1c55.mobile-padding-right { padding-right: 0px; }} @media only screen and (max-width: 575px) {  #img-block-69e4c766b1c55.mobile-padding-bottom { padding-bottom: 0px; }} @media only screen and (max-width: 575px) {  #img-block-69e4c766b1c55.mobile-padding-left { padding-left: 0px; }} <\/style>\n\n\n<div style=\"height:50px\" aria-hidden=\"true\" class=\"wp-block-spacer\"><\/div>\n\n\n<section id=\"\" class=\"text-block  space-bottom-yes space-top-yes text-block-id-69e4c766b1da6 bg-color-white text-color-black\">                \r\n                    <div class=\"container\">  \r\n                                              \r\n                        <div class=\"row\">                                        \r\n                        <div class=\"col\">\r\n                            <h2 class=\"textBlock-headline left \">Integrerade h\u00e5llbara l\u00f6sningar inom supply chain management<\/h2>\r\n                             <hr class='horizontal-line' \/>\r\n                        <\/div>       \r\n                                                          \r\n                    <\/div>    \r\n                                               \r\n                        <div class=\"row text\">\r\n                        <div class=\"col\">\r\n                            <div class=\"textBlock-text text-block-html  \">\r\n                                <p class=\"wp-block-wt-text-block\"><strong><strong>Elanders \u00e4r ett globalt logistikf\u00f6retag som erbjuder ett omfattande utbud av integrerade l\u00f6sningar inom supply chain management. Bolaget st\u00f6djer sina kunder genom en produkts hela livscykel, fr\u00e5n tillverkning av komponenter till \u00e5tervinning n\u00e4r produkten har tj\u00e4nat sitt syfte. Koncernen str\u00e4var ocks\u00e5 efter att vara en strategisk aff\u00e4rspartner i kundens klimatomst\u00e4llning.<\/strong><\/strong><\/p>\n\r\n                            <\/div>\r\n                        <\/div>                                        \r\n                    <\/div>                                              \r\n                    <\/div>                                \r\n            <\/section>\n\n\n<div style=\"height:25px\" aria-hidden=\"true\" class=\"wp-block-spacer\"><\/div>\n\n\n<section class=\"image-gallery-block\">  \r\n  <div class=\"container-fluid  bg-color-white\">              \r\n        <div class=\"\">\r\n            <div class=\"row\">\r\n                <div class=\"img-block col-12\">         \r\n                       \t   <img decoding=\"async\" loading=\"lazy\" alt=\"Business Model SE\" id=\"img-block-69e4c766b1ec8\" class=\"img-block desktop-padding-top desktop-padding-right desktop-padding-bottom desktop-padding-left tablet-padding-top tablet-padding-right tablet-padding-bottom tablet-padding-left mobile-padding-top mobile-padding-right mobile-padding-bottom mobile-padding-left \" src=\"http:\/\/www.elanders.com\/wp-content\/uploads\/2025\/04\/Business_model_2025-2-SE.svg\" \/> \r\n                <\/div>\r\n            <\/div>\r\n        <\/div>                                                            \r\n    <\/section><style> #img-block-69e4c766b1ec8.desktop-padding-top { padding-top: 0px; } #img-block-69e4c766b1ec8.desktop-padding-right { padding-right: 275px; } #img-block-69e4c766b1ec8.desktop-padding-bottom { padding-bottom: 0px; } #img-block-69e4c766b1ec8.desktop-padding-left { padding-left: 275px; }@media only screen and (max-width: 991px) {  #img-block-69e4c766b1ec8.tablet-padding-top { padding-top: 0px; }} @media only screen and (max-width: 991px) {  #img-block-69e4c766b1ec8.tablet-padding-right { padding-right: 0px; }} @media only screen and (max-width: 991px) {  #img-block-69e4c766b1ec8.tablet-padding-bottom { padding-bottom: 0px; }} @media only screen and (max-width: 991px) {  #img-block-69e4c766b1ec8.tablet-padding-left { padding-left: 0px; }} @media only screen and (max-width: 575px) {  #img-block-69e4c766b1ec8.mobile-padding-top { padding-top: 0px; }} @media only screen and (max-width: 575px) {  #img-block-69e4c766b1ec8.mobile-padding-right { padding-right: 0px; }} @media only screen and (max-width: 575px) {  #img-block-69e4c766b1ec8.mobile-padding-bottom { padding-bottom: 0px; }} @media only screen and (max-width: 575px) {  #img-block-69e4c766b1ec8.mobile-padding-left { padding-left: 0px; }} <\/style>\n\n\n<div style=\"height:50px\" aria-hidden=\"true\" class=\"wp-block-spacer\"><\/div>\n\n\n\n<p><\/p>\n","protected":false},"excerpt":{"rendered":"","protected":false},"author":2,"featured_media":0,"parent":0,"menu_order":0,"comment_status":"closed","ping_status":"closed","template":"","meta":{"footnotes":""},"class_list":["post-25392","page","type-page","status-publish","hentry"],"yoast_head":"<!-- This site is optimized with the Yoast SEO plugin v27.2 - https:\/\/yoast.com\/product\/yoast-seo-wordpress\/ -->\n<title>Om oss - Elanders Group<\/title>\n<meta name=\"description\" content=\"Elanders \u00e4r ett globalt logistikf\u00f6retag som erbjuder ett brett tj\u00e4nsteutbud av integrerade l\u00f6sningar inom supply chain management.\" \/>\n<meta name=\"robots\" content=\"index, follow, max-snippet:-1, max-image-preview:large, max-video-preview:-1\" \/>\n<link rel=\"canonical\" href=\"https:\/\/www.elanders.com\/sv\/om-oss\/\" \/>\n<meta property=\"og:locale\" content=\"sv_SE\" \/>\n<meta property=\"og:type\" content=\"article\" \/>\n<meta property=\"og:title\" content=\"Om oss - Elanders Group\" \/>\n<meta property=\"og:description\" content=\"Elanders \u00e4r ett globalt logistikf\u00f6retag som erbjuder ett brett tj\u00e4nsteutbud av integrerade l\u00f6sningar inom supply chain management.\" \/>\n<meta property=\"og:url\" content=\"https:\/\/www.elanders.com\/sv\/om-oss\/\" \/>\n<meta property=\"og:site_name\" content=\"Elanders Group\" \/>\n<meta property=\"article:modified_time\" content=\"2026-03-23T07:16:28+00:00\" \/>\n<meta name=\"twitter:card\" content=\"summary_large_image\" \/>\n<meta name=\"twitter:label1\" content=\"Ber\u00e4knad l\u00e4stid\" \/>\n\t<meta name=\"twitter:data1\" content=\"1 minut\" \/>\n<script type=\"application\/ld+json\" class=\"yoast-schema-graph\">{\"@context\":\"https:\/\/schema.org\",\"@graph\":[{\"@type\":\"WebPage\",\"@id\":\"https:\/\/www.elanders.com\/sv\/om-oss\/\",\"url\":\"https:\/\/www.elanders.com\/sv\/om-oss\/\",\"name\":\"Om oss - Elanders Group\",\"isPartOf\":{\"@id\":\"https:\/\/www.elanders.com\/#website\"},\"datePublished\":\"2024-09-25T13:57:25+00:00\",\"dateModified\":\"2026-03-23T07:16:28+00:00\",\"description\":\"Elanders \u00e4r ett globalt logistikf\u00f6retag som erbjuder ett brett tj\u00e4nsteutbud av integrerade l\u00f6sningar inom supply chain management.\",\"breadcrumb\":{\"@id\":\"https:\/\/www.elanders.com\/sv\/om-oss\/#breadcrumb\"},\"inLanguage\":\"sv-SE\",\"potentialAction\":[{\"@type\":\"ReadAction\",\"target\":[\"https:\/\/www.elanders.com\/sv\/om-oss\/\"]}]},{\"@type\":\"BreadcrumbList\",\"@id\":\"https:\/\/www.elanders.com\/sv\/om-oss\/#breadcrumb\",\"itemListElement\":[{\"@type\":\"ListItem\",\"position\":1,\"name\":\"Home\",\"item\":\"https:\/\/www.elanders.com\/sv\/\"},{\"@type\":\"ListItem\",\"position\":2,\"name\":\"Om oss\"}]},{\"@type\":\"WebSite\",\"@id\":\"https:\/\/www.elanders.com\/#website\",\"url\":\"https:\/\/www.elanders.com\/\",\"name\":\"Welcome to Elanders - Elanders Group\",\"description\":\"\",\"potentialAction\":[{\"@type\":\"SearchAction\",\"target\":{\"@type\":\"EntryPoint\",\"urlTemplate\":\"https:\/\/www.elanders.com\/?s={search_term_string}\"},\"query-input\":{\"@type\":\"PropertyValueSpecification\",\"valueRequired\":true,\"valueName\":\"search_term_string\"}}],\"inLanguage\":\"sv-SE\"}]}<\/script>\n<!-- \/ Yoast SEO plugin. -->","yoast_head_json":{"title":"Om oss - Elanders Group","description":"Elanders \u00e4r ett globalt logistikf\u00f6retag som erbjuder ett brett tj\u00e4nsteutbud av integrerade l\u00f6sningar inom supply chain management.","robots":{"index":"index","follow":"follow","max-snippet":"max-snippet:-1","max-image-preview":"max-image-preview:large","max-video-preview":"max-video-preview:-1"},"canonical":"https:\/\/www.elanders.com\/sv\/om-oss\/","og_locale":"sv_SE","og_type":"article","og_title":"Om oss - Elanders Group","og_description":"Elanders \u00e4r ett globalt logistikf\u00f6retag som erbjuder ett brett tj\u00e4nsteutbud av integrerade l\u00f6sningar inom supply chain management.","og_url":"https:\/\/www.elanders.com\/sv\/om-oss\/","og_site_name":"Elanders Group","article_modified_time":"2026-03-23T07:16:28+00:00","twitter_card":"summary_large_image","twitter_misc":{"Ber\u00e4knad l\u00e4stid":"1 minut"},"schema":{"@context":"https:\/\/schema.org","@graph":[{"@type":"WebPage","@id":"https:\/\/www.elanders.com\/sv\/om-oss\/","url":"https:\/\/www.elanders.com\/sv\/om-oss\/","name":"Om oss - Elanders Group","isPartOf":{"@id":"https:\/\/www.elanders.com\/#website"},"datePublished":"2024-09-25T13:57:25+00:00","dateModified":"2026-03-23T07:16:28+00:00","description":"Elanders \u00e4r ett globalt logistikf\u00f6retag som erbjuder ett brett tj\u00e4nsteutbud av integrerade l\u00f6sningar inom supply chain management.","breadcrumb":{"@id":"https:\/\/www.elanders.com\/sv\/om-oss\/#breadcrumb"},"inLanguage":"sv-SE","potentialAction":[{"@type":"ReadAction","target":["https:\/\/www.elanders.com\/sv\/om-oss\/"]}]},{"@type":"BreadcrumbList","@id":"https:\/\/www.elanders.com\/sv\/om-oss\/#breadcrumb","itemListElement":[{"@type":"ListItem","position":1,"name":"Home","item":"https:\/\/www.elanders.com\/sv\/"},{"@type":"ListItem","position":2,"name":"Om oss"}]},{"@type":"WebSite","@id":"https:\/\/www.elanders.com\/#website","url":"https:\/\/www.elanders.com\/","name":"Welcome to Elanders - Elanders Group","description":"","potentialAction":[{"@type":"SearchAction","target":{"@type":"EntryPoint","urlTemplate":"https:\/\/www.elanders.com\/?s={search_term_string}"},"query-input":{"@type":"PropertyValueSpecification","valueRequired":true,"valueName":"search_term_string"}}],"inLanguage":"sv-SE"}]}},"_links":{"self":[{"href":"https:\/\/www.elanders.com\/sv\/wp-json\/wp\/v2\/pages\/25392","targetHints":{"allow":["GET"]}}],"collection":[{"href":"https:\/\/www.elanders.com\/sv\/wp-json\/wp\/v2\/pages"}],"about":[{"href":"https:\/\/www.elanders.com\/sv\/wp-json\/wp\/v2\/types\/page"}],"author":[{"embeddable":true,"href":"https:\/\/www.elanders.com\/sv\/wp-json\/wp\/v2\/users\/2"}],"replies":[{"embeddable":true,"href":"https:\/\/www.elanders.com\/sv\/wp-json\/wp\/v2\/comments?post=25392"}],"version-history":[{"count":24,"href":"https:\/\/www.elanders.com\/sv\/wp-json\/wp\/v2\/pages\/25392\/revisions"}],"predecessor-version":[{"id":31932,"href":"https:\/\/www.elanders.com\/sv\/wp-json\/wp\/v2\/pages\/25392\/revisions\/31932"}],"wp:attachment":[{"href":"https:\/\/www.elanders.com\/sv\/wp-json\/wp\/v2\/media?parent=25392"}],"curies":[{"name":"wp","href":"https:\/\/api.w.org\/{rel}","templated":true}]}}