{"id":25400,"date":"2024-09-25T13:57:43","date_gmt":"2024-09-25T13:57:43","guid":{"rendered":"https:\/\/www.elanders.com\/business-areas\/"},"modified":"2026-02-17T13:00:21","modified_gmt":"2026-02-17T12:00:21","slug":"affarsomraden","status":"publish","type":"page","link":"https:\/\/www.elanders.com\/sv\/affarsomraden\/","title":{"rendered":"Aff\u00e4rsomr\u00e5den"},"content":{"rendered":"\r\n        <style>\r\n             .showcase-section-block-69e678ab6e9f7 {\r\n                background-image: url(https:\/\/www.elanders.com\/wp-content\/uploads\/2026\/02\/25-storage-detail-3-min-scaled-1.webp);\r\n                background-attachment: scroll;\r\n                background-size: cover;  \r\n                background-repeat: no-repeat; \r\n                background-position: center center;\r\n                overflow: hidden;\r\n                color:  var(--elarb-white);\r\n            }\r\n\r\n            @media (max-width: 1024px) {\r\n                 .showcase-section-block-69e678ab6e9f7 {\r\n                    background-attachment: scroll;\r\n                }\r\n            }\r\n        <\/style><section class=\"showcase-section-block showcase-section-block-69e678ab6e9f7\">   \r\n        <div class=\"container showcase-section-container showcase-section-banner\">\r\n                <div class=\"showcase-section d-flex flex-column align-items-start justify-content-evenly text-start\">\r\n            <div class=\"showcase-content\">\r\n                <h2 class=\"showcase-title\">V\u00e5ra aff\u00e4rs&shy;omr\u00e5den<\/h2>\r\n                <p class=\"showcase-description\">Supply Chain Solutions och Print &#038; Packaging Solutions<\/p>\r\n                <hr class=\"horizontal-line\">\r\n                  <div class=\"showcase-section-button\">\r\n                    \r\n                  <\/div>\r\n            <\/div>\r\n        <\/div>\r\n        <\/div>\r\n    <\/section>\n\n\n<div style=\"height:50px\" aria-hidden=\"true\" class=\"wp-block-spacer\"><\/div>\n\n\n<section class=\"square-block square-background-white\" id=\"squares_69e678ab6ec84\">\r\n                <div class=\"container-fluid\">\r\n                 <div class=\"row\">\r\n                           <div class=\"square-container d-flex flex-row flex-wrap justify-content-center\">\r\n                               \r\n                <div class=\"square-item-2x2 mb-5 card-1\" style=\"background-color:#f5f5f5 \">\r\n\r\n                    <h2 class=\"square-headline mt-3 text-start\">Supply Chain Solutions<\/span><\/h2>\r\n                    <hr class=\"horizontal-line\"\/>\r\n                    <div class=\"square-description square-description-main  mt-3\"><p style=\"text-align: left;\"><strong>Genom sitt st\u00f6rsta aff\u00e4rsomr\u00e5de Supply Chain Solutions \u00e4r Elanders ett av de ledande f\u00f6retagen i v\u00e4rlden inom globala l\u00f6sningar f\u00f6r supply chain management. I aff\u00e4rsomr\u00e5dets tj\u00e4nsteutbud ing\u00e5r bland annat ansvar f\u00f6r och optimering av kundernas material- samt produktfl\u00f6den, allt fr\u00e5n sourcing och procurement kombinerat med lagerh\u00e5llning till eftermarknadsservice. Bolagets egenutvecklade lagersystem CloudX med AI-funktionalitet erbjuder kunder v\u00e4rdeskapande tj\u00e4nster och expansion av lagerkapacitet inom Elanders globala n\u00e4tverk utan ytterligare kostsamma IT-integrationer.<\/strong><\/p>\n<p>&nbsp;<\/p>\n<p style=\"text-align: left;\">Aff\u00e4rsomr\u00e5det utg\u00f6r mer \u00e4n fyra femtedelar av koncernen. Det \u00e4r inom detta omr\u00e5de som Elanders ser stora tillv\u00e4xtm\u00f6jligheter fram\u00f6ver. Marknaden som helhet v\u00e4xer, outsourcing och andelen e-handel \u00f6kar och efterfr\u00e5gan drivs av en v\u00e4xande medelklass i v\u00e4rlden. Nya regelverk, f\u00f6r\u00e4ndrade beteendem\u00f6nster och h\u00e5rdare milj\u00f6krav kommer sannolikt att ha stor p\u00e5verkan p\u00e5 framtida logistikfl\u00f6den, vilket st\u00e4ller h\u00f6ga krav p\u00e5 de akt\u00f6rer som vill verka p\u00e5 marknaden. Det gynnar en akt\u00f6r som Elanders.<\/p>\n<\/div>   \r\n               \r\n                    <div class=\"progress-bar-container-main d-flex flex-lg-wrap flex-column flex-lg-row align-items-center justify-content-around \">\r\n                        <div class=\"progress-bar-container\">\r\n                             \r\n                    \r\n                          <div class=\"progress-card progress-card-1\">\r\n                              <div class=\"percent\">\r\n                                        <svg>\r\n                                          <circle cx=\"70\" cy=\"70\" r=\"65\"><\/circle>\r\n                                          <circle class=\"progress-circle blue75\" cx=\"70\" cy=\"70\" r=\"65\" style=\"--percent: 79\"><\/circle>\r\n                                        <\/svg>\r\n                                        <div class=\"number blue75\">\r\n                                          <p>79<span>%<\/span><\/p>\r\n                                        <\/div>\r\n                                      <\/div>\r\n                                    <\/div>\r\n                                        <p class=\"square-description black\"><p class=\"number-description black\">Andel av oms\u00e4ttning<br \/>\n(FY 2025)<\/p>\n<\/p>\r\n                        <\/div>\r\n                        <div class=\"progress-bar-container\">\r\n                            \r\n                     \r\n                          <div class=\"progress-card progress-card-2\">\r\n                              <div class=\"percent\">\r\n                                        <svg>\r\n                                          <circle cx=\"70\" cy=\"70\" r=\"65\"><\/circle>\r\n                                          <circle class=\"progress-circle blue75\" cx=\"70\" cy=\"70\" r=\"65\" style=\"--percent: 83\"><\/circle>\r\n                                        <\/svg>\r\n                                        <div class=\"number blue75\">\r\n                                          <p>83<span>%<\/span><\/p>\r\n                                        <\/div>\r\n                                      <\/div>\r\n                                    <\/div>\r\n                                        <p class=\"square-description black\"><p class=\"number-description black\">Andel av EBITA<br \/>\n(FY 2025)<\/p>\n<\/p>\r\n                        <\/div>\r\n                        <div class=\"progress-bar-container\"> \r\n                            <p class=\"progress-number blue75\">9 737<\/p>\r\n                            <hr class=\"progress-underline black\" \/>\r\n                            <p><p class=\"number-description black\">Nettooms\u00e4ttning, Mkr<br \/>\n(FY 2025)<\/p>\n<\/p>\r\n                        <\/div>\r\n                    <\/div>            \r\n                                        \r\n                <\/div>\r\n                <div class=\"square-item-2x2 mb-5 card-2\" style=\"background-color:#f5f5f5 \">\r\n\r\n                    <h2 class=\"square-headline mt-3 text-start\">Print &#038; Packaging Solutions<\/span><\/h2>\r\n                    <hr class=\"horizontal-line\"\/>\r\n                    <div class=\"square-description square-description-main  mt-3\"><p style=\"text-align: left;\"><strong>Med innovationskraft och global n\u00e4rvaro erbjuder Elanders genom aff\u00e4rsomr\u00e5det Print &amp; Packaging Solutions kostnadseffektiva l\u00f6sningar som kan tillgodose kundernas alla lokala och globala behov av tryckt material och f\u00f6rpackningar. Detta kombineras i m\u00e5nga fall med avancerade best\u00e4llningsplattformar online, v\u00e4rdeadderande tj\u00e4nster och just-in-time-leveranser. <\/strong><\/p>\n<p>&nbsp;<\/p>\n<p style=\"text-align: left;\">Generellt sett pr\u00e4glas marknaden f\u00f6r aff\u00e4rsomr\u00e5det av f\u00f6r\u00e4ndrad efterfr\u00e5gan och successiv konsolidering. Tack vare Elanders finansiella styrka medf\u00f6r detta m\u00f6jligheter f\u00f6r koncernen att ta st\u00f6rre marknadsandelar. F\u00f6rskjutningen fortg\u00e5r mot digitaltryck och mer mottagaranpassade produkter, i st\u00e4llet f\u00f6r traditionellt offsettryck med stora upplagor. Online print, som \u00e4r ett strategiskt prioriterat omr\u00e5de f\u00f6r koncernen, forts\u00e4tter att uppvisa en organisk tillv\u00e4xt.<\/p>\n<\/div>   \r\n               \r\n                    <div class=\"progress-bar-container-main d-flex flex-lg-wrap flex-column flex-lg-row align-items-center justify-content-around \">\r\n                        <div class=\"progress-bar-container\">\r\n                             \r\n                    \r\n                          <div class=\"progress-card progress-card-1\">\r\n                              <div class=\"percent\">\r\n                                        <svg>\r\n                                          <circle cx=\"70\" cy=\"70\" r=\"65\"><\/circle>\r\n                                          <circle class=\"progress-circle blue75\" cx=\"70\" cy=\"70\" r=\"65\" style=\"--percent: 21\"><\/circle>\r\n                                        <\/svg>\r\n                                        <div class=\"number blue75\">\r\n                                          <p>21<span>%<\/span><\/p>\r\n                                        <\/div>\r\n                                      <\/div>\r\n                                    <\/div>\r\n                                        <p class=\"square-description black\"><p class=\"number-description black\">Andel av oms\u00e4ttning<br \/>\n(FY 2025)<\/p>\n<\/p>\r\n                        <\/div>\r\n                        <div class=\"progress-bar-container\">\r\n                            \r\n                     \r\n                          <div class=\"progress-card progress-card-2\">\r\n                              <div class=\"percent\">\r\n                                        <svg>\r\n                                          <circle cx=\"70\" cy=\"70\" r=\"65\"><\/circle>\r\n                                          <circle class=\"progress-circle blue75\" cx=\"70\" cy=\"70\" r=\"65\" style=\"--percent: 17\"><\/circle>\r\n                                        <\/svg>\r\n                                        <div class=\"number blue75\">\r\n                                          <p>17<span>%<\/span><\/p>\r\n                                        <\/div>\r\n                                      <\/div>\r\n                                    <\/div>\r\n                                        <p class=\"square-description black\"><p class=\"number-description black\">Andel av EBITA<br \/>\n(FY 2025)<\/p>\n<\/p>\r\n                        <\/div>\r\n                        <div class=\"progress-bar-container\"> \r\n                            <p class=\"progress-number blue75\">2 585<\/p>\r\n                            <hr class=\"progress-underline black\" \/>\r\n                            <p><p class=\"number-description black\">Nettooms\u00e4ttning, Mkr<br \/>\n(FY 2025)<\/p>\n<\/p>\r\n                        <\/div>\r\n                    <\/div>            \r\n                                        \r\n                <\/div>\r\n                            <\/div>\r\n                 <\/div>\r\n                <\/div>   \r\n            <\/section>\r\n            ","protected":false},"excerpt":{"rendered":"","protected":false},"author":2,"featured_media":0,"parent":0,"menu_order":0,"comment_status":"closed","ping_status":"closed","template":"","meta":{"footnotes":""},"class_list":["post-25400","page","type-page","status-publish","hentry"],"yoast_head":"<!-- This site is optimized with the Yoast SEO plugin v27.2 - https:\/\/yoast.com\/product\/yoast-seo-wordpress\/ -->\n<title>Aff\u00e4rsomr\u00e5den - Elanders Group<\/title>\n<meta name=\"description\" content=\"Elanders \u00e4r ett av de ledande f\u00f6retagen i v\u00e4rlden inom globala l\u00f6sningar f\u00f6r supply chain management.\" \/>\n<meta name=\"robots\" content=\"index, follow, max-snippet:-1, max-image-preview:large, max-video-preview:-1\" \/>\n<link rel=\"canonical\" href=\"https:\/\/www.elanders.com\/sv\/affarsomraden\/\" \/>\n<meta property=\"og:locale\" content=\"sv_SE\" \/>\n<meta property=\"og:type\" content=\"article\" \/>\n<meta property=\"og:title\" content=\"Aff\u00e4rsomr\u00e5den - Elanders Group\" \/>\n<meta property=\"og:description\" content=\"Elanders \u00e4r ett av de ledande f\u00f6retagen i v\u00e4rlden inom globala l\u00f6sningar f\u00f6r supply chain management.\" \/>\n<meta property=\"og:url\" content=\"https:\/\/www.elanders.com\/sv\/affarsomraden\/\" \/>\n<meta property=\"og:site_name\" content=\"Elanders Group\" \/>\n<meta property=\"article:modified_time\" content=\"2026-02-17T12:00:21+00:00\" \/>\n<meta name=\"twitter:card\" content=\"summary_large_image\" \/>\n<script type=\"application\/ld+json\" class=\"yoast-schema-graph\">{\"@context\":\"https:\/\/schema.org\",\"@graph\":[{\"@type\":\"WebPage\",\"@id\":\"https:\/\/www.elanders.com\/sv\/affarsomraden\/\",\"url\":\"https:\/\/www.elanders.com\/sv\/affarsomraden\/\",\"name\":\"Aff\u00e4rsomr\u00e5den - Elanders Group\",\"isPartOf\":{\"@id\":\"https:\/\/www.elanders.com\/#website\"},\"datePublished\":\"2024-09-25T13:57:43+00:00\",\"dateModified\":\"2026-02-17T12:00:21+00:00\",\"description\":\"Elanders \u00e4r ett av de ledande f\u00f6retagen i v\u00e4rlden inom globala l\u00f6sningar f\u00f6r supply chain management.\",\"breadcrumb\":{\"@id\":\"https:\/\/www.elanders.com\/sv\/affarsomraden\/#breadcrumb\"},\"inLanguage\":\"sv-SE\",\"potentialAction\":[{\"@type\":\"ReadAction\",\"target\":[\"https:\/\/www.elanders.com\/sv\/affarsomraden\/\"]}]},{\"@type\":\"BreadcrumbList\",\"@id\":\"https:\/\/www.elanders.com\/sv\/affarsomraden\/#breadcrumb\",\"itemListElement\":[{\"@type\":\"ListItem\",\"position\":1,\"name\":\"Home\",\"item\":\"https:\/\/www.elanders.com\/sv\/\"},{\"@type\":\"ListItem\",\"position\":2,\"name\":\"Aff\u00e4rsomr\u00e5den\"}]},{\"@type\":\"WebSite\",\"@id\":\"https:\/\/www.elanders.com\/#website\",\"url\":\"https:\/\/www.elanders.com\/\",\"name\":\"Welcome to Elanders - Elanders Group\",\"description\":\"\",\"potentialAction\":[{\"@type\":\"SearchAction\",\"target\":{\"@type\":\"EntryPoint\",\"urlTemplate\":\"https:\/\/www.elanders.com\/?s={search_term_string}\"},\"query-input\":{\"@type\":\"PropertyValueSpecification\",\"valueRequired\":true,\"valueName\":\"search_term_string\"}}],\"inLanguage\":\"sv-SE\"}]}<\/script>\n<!-- \/ Yoast SEO plugin. -->","yoast_head_json":{"title":"Aff\u00e4rsomr\u00e5den - Elanders Group","description":"Elanders \u00e4r ett av de ledande f\u00f6retagen i v\u00e4rlden inom globala l\u00f6sningar f\u00f6r supply chain management.","robots":{"index":"index","follow":"follow","max-snippet":"max-snippet:-1","max-image-preview":"max-image-preview:large","max-video-preview":"max-video-preview:-1"},"canonical":"https:\/\/www.elanders.com\/sv\/affarsomraden\/","og_locale":"sv_SE","og_type":"article","og_title":"Aff\u00e4rsomr\u00e5den - Elanders Group","og_description":"Elanders \u00e4r ett av de ledande f\u00f6retagen i v\u00e4rlden inom globala l\u00f6sningar f\u00f6r supply chain management.","og_url":"https:\/\/www.elanders.com\/sv\/affarsomraden\/","og_site_name":"Elanders Group","article_modified_time":"2026-02-17T12:00:21+00:00","twitter_card":"summary_large_image","schema":{"@context":"https:\/\/schema.org","@graph":[{"@type":"WebPage","@id":"https:\/\/www.elanders.com\/sv\/affarsomraden\/","url":"https:\/\/www.elanders.com\/sv\/affarsomraden\/","name":"Aff\u00e4rsomr\u00e5den - Elanders Group","isPartOf":{"@id":"https:\/\/www.elanders.com\/#website"},"datePublished":"2024-09-25T13:57:43+00:00","dateModified":"2026-02-17T12:00:21+00:00","description":"Elanders \u00e4r ett av de ledande f\u00f6retagen i v\u00e4rlden inom globala l\u00f6sningar f\u00f6r supply chain management.","breadcrumb":{"@id":"https:\/\/www.elanders.com\/sv\/affarsomraden\/#breadcrumb"},"inLanguage":"sv-SE","potentialAction":[{"@type":"ReadAction","target":["https:\/\/www.elanders.com\/sv\/affarsomraden\/"]}]},{"@type":"BreadcrumbList","@id":"https:\/\/www.elanders.com\/sv\/affarsomraden\/#breadcrumb","itemListElement":[{"@type":"ListItem","position":1,"name":"Home","item":"https:\/\/www.elanders.com\/sv\/"},{"@type":"ListItem","position":2,"name":"Aff\u00e4rsomr\u00e5den"}]},{"@type":"WebSite","@id":"https:\/\/www.elanders.com\/#website","url":"https:\/\/www.elanders.com\/","name":"Welcome to Elanders - Elanders Group","description":"","potentialAction":[{"@type":"SearchAction","target":{"@type":"EntryPoint","urlTemplate":"https:\/\/www.elanders.com\/?s={search_term_string}"},"query-input":{"@type":"PropertyValueSpecification","valueRequired":true,"valueName":"search_term_string"}}],"inLanguage":"sv-SE"}]}},"_links":{"self":[{"href":"https:\/\/www.elanders.com\/sv\/wp-json\/wp\/v2\/pages\/25400","targetHints":{"allow":["GET"]}}],"collection":[{"href":"https:\/\/www.elanders.com\/sv\/wp-json\/wp\/v2\/pages"}],"about":[{"href":"https:\/\/www.elanders.com\/sv\/wp-json\/wp\/v2\/types\/page"}],"author":[{"embeddable":true,"href":"https:\/\/www.elanders.com\/sv\/wp-json\/wp\/v2\/users\/2"}],"replies":[{"embeddable":true,"href":"https:\/\/www.elanders.com\/sv\/wp-json\/wp\/v2\/comments?post=25400"}],"version-history":[{"count":10,"href":"https:\/\/www.elanders.com\/sv\/wp-json\/wp\/v2\/pages\/25400\/revisions"}],"predecessor-version":[{"id":31560,"href":"https:\/\/www.elanders.com\/sv\/wp-json\/wp\/v2\/pages\/25400\/revisions\/31560"}],"wp:attachment":[{"href":"https:\/\/www.elanders.com\/sv\/wp-json\/wp\/v2\/media?parent=25400"}],"curies":[{"name":"wp","href":"https:\/\/api.w.org\/{rel}","templated":true}]}}