{"id":25412,"date":"2024-09-27T08:10:35","date_gmt":"2024-09-27T08:10:35","guid":{"rendered":"https:\/\/www.elanders.com\/automotive\/"},"modified":"2026-03-23T09:21:19","modified_gmt":"2026-03-23T08:21:19","slug":"automotive","status":"publish","type":"page","link":"https:\/\/www.elanders.com\/sv\/kundsegment\/automotive\/","title":{"rendered":"Automotive"},"content":{"rendered":"<section id=\"\" class=\"text-block  space-bottom-yes space-top-yes text-block-id-69d36affead41 bg-color-white text-color-black\">                \r\n                    <div class=\"container\">  \r\n                                              \r\n                        <div class=\"row\">                                        \r\n                        <div class=\"col\">\r\n                            <h1 class=\"textBlock-headline left \">Automotive \u2013 flexibilitet f\u00f6r f\u00f6r\u00e4ndring<\/h1>\r\n                             \r\n                        <\/div>       \r\n                                                          \r\n                    <\/div>    \r\n                                               \r\n                        <div class=\"row text\">\r\n                        <div class=\"col\">\r\n                            <div class=\"textBlock-text text-block-html  \">\r\n                                <p class=\"wp-block-wt-text-block\"><strong>Inom kundsegmentet Automotive \u00e4r Elanders en etablerad logistikpartner till flera ledande biltillverkare i Sverige, Tyskland och Storbritannien. Koncernen bist\u00e5r kunderna via n\u00e4ra samarbete med tj\u00e4nster f\u00f6re, under och efter linjeproduktionen s\u00e5 att de kan fokusera p\u00e5 det de g\u00f6r b\u00e4st: att bygga och s\u00e4lja bilar.<\/strong><\/p>\n\r\n                            <\/div>\r\n                        <\/div>                                        \r\n                    <\/div>                                              \r\n                    <\/div>                                \r\n            <\/section>\n\n<section class=\"quick-facts-block bg-color-gray\">  \r\n              <div class=\"container\">              \r\n                <div class=\"row d-flex justify-content-center align-items-center\">\r\n                    <div class=\"col-lg-4 col-md-6 mt-4 mb-4 text-center\">\r\n                                <p class='quick-fact-number text-blue75'>15<\/p>\r\n                                <p class=\"quick-fact-text-2 text-blue75\">miljoner <\/p>\r\n                                <hr class=\"horizontal-line black\" \/>\r\n                                <p class=\"quick-fact-text-3 text-black\">utleveranser fr\u00e5n Elanders lager varje \u00e5r<br\/>(FY 2025)<\/p>\r\n                            <\/div><div class=\"col-lg-4 col-md-6 mt-4 mb-4 text-center\">\r\n                                <p class='quick-fact-number text-blue75'>260<\/p>\r\n                                <p class=\"quick-fact-text-2 text-blue75\">tusen<\/p>\r\n                                <hr class=\"horizontal-line black\" \/>\r\n                                <p class=\"quick-fact-text-3 text-black\">m<sup>2<\/sup> i total yta p\u00e5 anl\u00e4ggningar inom koncernen<br\/>(FY 2025)<\/p>\r\n                            <\/div><div class=\"col-lg-4 col-md-6 mt-4 mb-4 text-center\">\r\n                                <p class='quick-fact-number text-blue75'>15<\/p>\r\n                                <p class=\"quick-fact-text-2 text-blue75\">procent<\/p>\r\n                                <hr class=\"horizontal-line black\" \/>\r\n                                <p class=\"quick-fact-text-3 text-black\">av Elanders totala oms\u00e4ttning<br\/>(FY 2025)<\/p>\r\n                            <\/div>\r\n                <\/div>                                                                \r\n              <\/div>\r\n            <\/section>\n\n\n<div style=\"height:15px\" aria-hidden=\"true\" class=\"wp-block-spacer\"><\/div>\n\n\n<section id=\"\" class=\"text-block  space-bottom-no space-top-yes text-block-id-69d36affeb3be bg-color-white text-color-black\">                \r\n                    <div class=\"container\">  \r\n                                              \r\n                        <div class=\"row\">                                        \r\n                        <div class=\"col\">\r\n                            <h3 class=\"textBlock-headline left \">Skr\u00e4ddarsydda l\u00f6sningar optimerar tillverkningen<\/h3>\r\n                             <hr class='horizontal-line' \/>\r\n                        <\/div>       \r\n                                                          \r\n                    <\/div>    \r\n                                               \r\n                        <div class=\"row text\">\r\n                        <div class=\"col\">\r\n                            <div class=\"textBlock-text text-block-html  \">\r\n                                <p class=\"wp-block-wt-text-block\">F\u00f6r bilindustrin erbjuder Elanders ett tj\u00e4nsteutbud som t\u00e4cker i stort sett hela f\u00f6rs\u00f6rjningskedjan. Inom Automotive m\u00e5ste logistikleverant\u00f6rer i dag vara flexibla och kunna agera snabbt p\u00e5 f\u00f6r\u00e4ndringar, d\u00e5 marknaden genomg\u00e5r ett skifte fr\u00e5n traditionella f\u00f6rbr\u00e4nningsmotorer till elektrifiering, klimatneutralitet, och alltmer sj\u00e4lvk\u00f6rande fordon. F\u00f6rm\u00e5gan att hantera f\u00f6r\u00e4ndringar och kunna st\u00f6tta olika typer av produkter i f\u00f6rs\u00f6rjningskedjan \u00e4r a och o.<\/p>\n<p>Koncernens viktigaste styrka \u00e4r f\u00f6rm\u00e5gan att utveckla och skr\u00e4ddarsy l\u00f6sningar i n\u00e4ra samarbete med kunderna. Som tillf\u00f6rlitlig logistikpartner organiserar Elanders ett effektivt fl\u00f6de av de komponenter som beh\u00f6vs n\u00e4r kunderna tillverkar sina bilar. Elanders utf\u00f6r tj\u00e4nster och tar hand om f\u00f6rs\u00f6rjningen av komponenter f\u00f6r allt fr\u00e5n den f\u00f6rsta id\u00e9n till en ny bilmodell till f\u00f6rmontering, serieproduktion och retur av tomma emballage efter anv\u00e4ndning. Genom att kombinera global kapacitet med lokal n\u00e4rvaro kan Elanders m\u00f6ta branschens h\u00f6ga krav p\u00e5 kvalitet, leveransprecision och h\u00e5llbarhet.<\/p>\n<p>Elanders erbjuder sig ocks\u00e5 att vara kontrolltorn f\u00f6r kundens transporter. I det ing\u00e5r att sk\u00f6ta best\u00e4llningarna till spedit\u00f6rer \u00f6ver hela Europa samt ansvar f\u00f6r ett cross-docking-center d\u00e4r alla komponenter hanteras innan de levereras in till produktionslinjen. Status f\u00f6r inkommande komponenter kontrolleras f\u00f6r att f\u00f6rutse och agera p\u00e5 f\u00f6rseningar, order delas upp i mindre f\u00f6rs\u00e4ndelser och komponenter levereras i sekvens och just-in-time in till fabrikerna. P\u00e5 andra sidan produktionslinjen hanteras emballage och l\u00e5dor som anv\u00e4nts vid inleveranser. Dessa reng\u00f6rs och \u00e5teranv\u00e4nds i n\u00e4sta leveranscykel vilket bidrar till \u00f6kad cirkularitet och kostnadseffektivitet.<\/p>\n\r\n                            <\/div>\r\n                        <\/div>                                        \r\n                    <\/div>                                              \r\n                    <\/div>                                \r\n            <\/section>\n\n\n<p><\/p>\n\n\n\n<p><\/p>\n\n\n<section id=\"\" class=\"text-block  space-bottom-no space-top-yes text-block-id-69d36affeb569 bg-color-white text-color-black\">                \r\n                    <div class=\"container\">  \r\n                        <div class=\"row\">                                        \r\n                        <div class=\"col\">\r\n                            <h3 class=\"textBlock-headline \">Elanders i kundernas v\u00e4rdekedja<\/h3>\r\n                    \r\n                        <\/div>       \r\n                                                          \r\n                    <\/div>    \r\n                        <hr class='horizontal-line' \/>\r\n                                               \r\n                        <div class=\"row text\">\r\n                        <div class=\"col\">\r\n                            <div class=\"textBlock-text mt-4 text-block-html \">\r\n                                <p class=\"wp-block-wt-image-text-block\">\n\r\n                            <\/div>\r\n                        <\/div>                                        \r\n                    <\/div>                                              \r\n                    <\/div>                                \r\n            <\/section>\n\n<section class=\"image-gallery-block\">  \r\n  <div class=\"container  bg-color-white\">              \r\n        <div class=\"\">\r\n            <div class=\"row\">\r\n                <div class=\"img-block col-12\">         \r\n                       \t   <img decoding=\"async\" loading=\"lazy\" alt=\"VC Autom\" id=\"img-block-69d36affeb603\" class=\"img-block desktop-padding-top desktop-padding-right desktop-padding-bottom desktop-padding-left tablet-padding-top tablet-padding-right tablet-padding-bottom tablet-padding-left mobile-padding-top mobile-padding-right mobile-padding-bottom mobile-padding-left \" src=\"http:\/\/www.elanders.com\/wp-content\/uploads\/2025\/03\/VC25-autom.svg\" \/> \r\n                <\/div>\r\n            <\/div>\r\n        <\/div>                                                            \r\n    <\/section><style> #img-block-69d36affeb603.desktop-padding-top { padding-top: 0px; } #img-block-69d36affeb603.desktop-padding-right { padding-right: 200px; } #img-block-69d36affeb603.desktop-padding-bottom { padding-bottom: 0px; } #img-block-69d36affeb603.desktop-padding-left { padding-left: 200px; }@media only screen and (max-width: 991px) {  #img-block-69d36affeb603.tablet-padding-top { padding-top: 0px; }} @media only screen and (max-width: 991px) {  #img-block-69d36affeb603.tablet-padding-right { padding-right: 0px; }} @media only screen and (max-width: 991px) {  #img-block-69d36affeb603.tablet-padding-bottom { padding-bottom: 0px; }} @media only screen and (max-width: 991px) {  #img-block-69d36affeb603.tablet-padding-left { padding-left: 0px; }} @media only screen and (max-width: 575px) {  #img-block-69d36affeb603.mobile-padding-top { padding-top: 0px; }} @media only screen and (max-width: 575px) {  #img-block-69d36affeb603.mobile-padding-right { padding-right: 0px; }} @media only screen and (max-width: 575px) {  #img-block-69d36affeb603.mobile-padding-bottom { padding-bottom: 0px; }} @media only screen and (max-width: 575px) {  #img-block-69d36affeb603.mobile-padding-left { padding-left: 0px; }} <\/style>\n\n\n<div style=\"height:50px\" aria-hidden=\"true\" class=\"wp-block-spacer\"><\/div>\n","protected":false},"excerpt":{"rendered":"","protected":false},"author":2,"featured_media":0,"parent":25419,"menu_order":0,"comment_status":"closed","ping_status":"closed","template":"","meta":{"footnotes":""},"class_list":["post-25412","page","type-page","status-publish","hentry"],"yoast_head":"<!-- This site is optimized with the Yoast SEO plugin v27.2 - https:\/\/yoast.com\/product\/yoast-seo-wordpress\/ -->\n<title>Automotive - Elanders Group<\/title>\n<meta name=\"description\" content=\"Elanders \u00e4r logistikpartner till flera svenska, tyska och engelska biltillverkare som alla samlas i kundsegmentet Automotive.\" \/>\n<meta name=\"robots\" content=\"index, follow, max-snippet:-1, max-image-preview:large, max-video-preview:-1\" \/>\n<link rel=\"canonical\" href=\"https:\/\/www.elanders.com\/sv\/kundsegment\/automotive\/\" \/>\n<meta property=\"og:locale\" content=\"sv_SE\" \/>\n<meta property=\"og:type\" content=\"article\" \/>\n<meta property=\"og:title\" content=\"Automotive - Elanders Group\" \/>\n<meta property=\"og:description\" content=\"Elanders \u00e4r logistikpartner till flera svenska, tyska och engelska biltillverkare som alla samlas i kundsegmentet Automotive.\" \/>\n<meta property=\"og:url\" content=\"https:\/\/www.elanders.com\/sv\/kundsegment\/automotive\/\" \/>\n<meta property=\"og:site_name\" content=\"Elanders Group\" \/>\n<meta property=\"article:modified_time\" content=\"2026-03-23T08:21:19+00:00\" \/>\n<meta name=\"twitter:card\" content=\"summary_large_image\" \/>\n<meta name=\"twitter:label1\" content=\"Ber\u00e4knad l\u00e4stid\" \/>\n\t<meta name=\"twitter:data1\" content=\"2 minuter\" \/>\n<script type=\"application\/ld+json\" class=\"yoast-schema-graph\">{\"@context\":\"https:\/\/schema.org\",\"@graph\":[{\"@type\":\"WebPage\",\"@id\":\"https:\/\/www.elanders.com\/sv\/kundsegment\/automotive\/\",\"url\":\"https:\/\/www.elanders.com\/sv\/kundsegment\/automotive\/\",\"name\":\"Automotive - Elanders Group\",\"isPartOf\":{\"@id\":\"https:\/\/www.elanders.com\/#website\"},\"datePublished\":\"2024-09-27T08:10:35+00:00\",\"dateModified\":\"2026-03-23T08:21:19+00:00\",\"description\":\"Elanders \u00e4r logistikpartner till flera svenska, tyska och engelska biltillverkare som alla samlas i kundsegmentet Automotive.\",\"breadcrumb\":{\"@id\":\"https:\/\/www.elanders.com\/sv\/kundsegment\/automotive\/#breadcrumb\"},\"inLanguage\":\"sv-SE\",\"potentialAction\":[{\"@type\":\"ReadAction\",\"target\":[\"https:\/\/www.elanders.com\/sv\/kundsegment\/automotive\/\"]}]},{\"@type\":\"BreadcrumbList\",\"@id\":\"https:\/\/www.elanders.com\/sv\/kundsegment\/automotive\/#breadcrumb\",\"itemListElement\":[{\"@type\":\"ListItem\",\"position\":1,\"name\":\"Home\",\"item\":\"https:\/\/www.elanders.com\/sv\/\"},{\"@type\":\"ListItem\",\"position\":2,\"name\":\"Kundsegment\",\"item\":\"https:\/\/www.elanders.com\/sv\/kundsegment\/\"},{\"@type\":\"ListItem\",\"position\":3,\"name\":\"Automotive\"}]},{\"@type\":\"WebSite\",\"@id\":\"https:\/\/www.elanders.com\/#website\",\"url\":\"https:\/\/www.elanders.com\/\",\"name\":\"Welcome to Elanders - Elanders Group\",\"description\":\"\",\"potentialAction\":[{\"@type\":\"SearchAction\",\"target\":{\"@type\":\"EntryPoint\",\"urlTemplate\":\"https:\/\/www.elanders.com\/?s={search_term_string}\"},\"query-input\":{\"@type\":\"PropertyValueSpecification\",\"valueRequired\":true,\"valueName\":\"search_term_string\"}}],\"inLanguage\":\"sv-SE\"}]}<\/script>\n<!-- \/ Yoast SEO plugin. -->","yoast_head_json":{"title":"Automotive - Elanders Group","description":"Elanders \u00e4r logistikpartner till flera svenska, tyska och engelska biltillverkare som alla samlas i kundsegmentet Automotive.","robots":{"index":"index","follow":"follow","max-snippet":"max-snippet:-1","max-image-preview":"max-image-preview:large","max-video-preview":"max-video-preview:-1"},"canonical":"https:\/\/www.elanders.com\/sv\/kundsegment\/automotive\/","og_locale":"sv_SE","og_type":"article","og_title":"Automotive - Elanders Group","og_description":"Elanders \u00e4r logistikpartner till flera svenska, tyska och engelska biltillverkare som alla samlas i kundsegmentet Automotive.","og_url":"https:\/\/www.elanders.com\/sv\/kundsegment\/automotive\/","og_site_name":"Elanders Group","article_modified_time":"2026-03-23T08:21:19+00:00","twitter_card":"summary_large_image","twitter_misc":{"Ber\u00e4knad l\u00e4stid":"2 minuter"},"schema":{"@context":"https:\/\/schema.org","@graph":[{"@type":"WebPage","@id":"https:\/\/www.elanders.com\/sv\/kundsegment\/automotive\/","url":"https:\/\/www.elanders.com\/sv\/kundsegment\/automotive\/","name":"Automotive - Elanders Group","isPartOf":{"@id":"https:\/\/www.elanders.com\/#website"},"datePublished":"2024-09-27T08:10:35+00:00","dateModified":"2026-03-23T08:21:19+00:00","description":"Elanders \u00e4r logistikpartner till flera svenska, tyska och engelska biltillverkare som alla samlas i kundsegmentet Automotive.","breadcrumb":{"@id":"https:\/\/www.elanders.com\/sv\/kundsegment\/automotive\/#breadcrumb"},"inLanguage":"sv-SE","potentialAction":[{"@type":"ReadAction","target":["https:\/\/www.elanders.com\/sv\/kundsegment\/automotive\/"]}]},{"@type":"BreadcrumbList","@id":"https:\/\/www.elanders.com\/sv\/kundsegment\/automotive\/#breadcrumb","itemListElement":[{"@type":"ListItem","position":1,"name":"Home","item":"https:\/\/www.elanders.com\/sv\/"},{"@type":"ListItem","position":2,"name":"Kundsegment","item":"https:\/\/www.elanders.com\/sv\/kundsegment\/"},{"@type":"ListItem","position":3,"name":"Automotive"}]},{"@type":"WebSite","@id":"https:\/\/www.elanders.com\/#website","url":"https:\/\/www.elanders.com\/","name":"Welcome to Elanders - Elanders Group","description":"","potentialAction":[{"@type":"SearchAction","target":{"@type":"EntryPoint","urlTemplate":"https:\/\/www.elanders.com\/?s={search_term_string}"},"query-input":{"@type":"PropertyValueSpecification","valueRequired":true,"valueName":"search_term_string"}}],"inLanguage":"sv-SE"}]}},"_links":{"self":[{"href":"https:\/\/www.elanders.com\/sv\/wp-json\/wp\/v2\/pages\/25412","targetHints":{"allow":["GET"]}}],"collection":[{"href":"https:\/\/www.elanders.com\/sv\/wp-json\/wp\/v2\/pages"}],"about":[{"href":"https:\/\/www.elanders.com\/sv\/wp-json\/wp\/v2\/types\/page"}],"author":[{"embeddable":true,"href":"https:\/\/www.elanders.com\/sv\/wp-json\/wp\/v2\/users\/2"}],"replies":[{"embeddable":true,"href":"https:\/\/www.elanders.com\/sv\/wp-json\/wp\/v2\/comments?post=25412"}],"version-history":[{"count":18,"href":"https:\/\/www.elanders.com\/sv\/wp-json\/wp\/v2\/pages\/25412\/revisions"}],"predecessor-version":[{"id":31965,"href":"https:\/\/www.elanders.com\/sv\/wp-json\/wp\/v2\/pages\/25412\/revisions\/31965"}],"up":[{"embeddable":true,"href":"https:\/\/www.elanders.com\/sv\/wp-json\/wp\/v2\/pages\/25419"}],"wp:attachment":[{"href":"https:\/\/www.elanders.com\/sv\/wp-json\/wp\/v2\/media?parent=25412"}],"curies":[{"name":"wp","href":"https:\/\/api.w.org\/{rel}","templated":true}]}}