{"id":25427,"date":"2024-09-27T08:10:54","date_gmt":"2024-09-27T08:10:54","guid":{"rendered":"https:\/\/www.elanders.com\/kundsegment\/electronics\/"},"modified":"2026-03-23T09:27:05","modified_gmt":"2026-03-23T08:27:05","slug":"electronics","status":"publish","type":"page","link":"https:\/\/www.elanders.com\/sv\/kundsegment\/electronics\/","title":{"rendered":"Electronics"},"content":{"rendered":"\n<p><\/p>\n\n\n<section id=\"\" class=\"text-block  space-bottom-yes space-top-yes text-block-id-69decb791b6bc bg-color-white text-color-black\">                \r\n                    <div class=\"container\">  \r\n                                              \r\n                        <div class=\"row\">                                        \r\n                        <div class=\"col\">\r\n                            <h1 class=\"textBlock-headline left \">Electronics \u2013 tj\u00e4nster i hela livscykeln<\/h1>\r\n                             \r\n                        <\/div>       \r\n                                                          \r\n                    <\/div>    \r\n                                               \r\n                        <div class=\"row text\">\r\n                        <div class=\"col\">\r\n                            <div class=\"textBlock-text text-block-html  \">\r\n                                <p class=\"wp-block-wt-text-block\"><strong><strong><strong>Kundsegmentet Electronics \u00e4r ett av Elanders st\u00f6rsta och mest dynamiska segment, med flera ledande globala akt\u00f6rer inom elektronik- och IT-branschen som kunder. H\u00e4r levererar koncernen ett brett utbud av tj\u00e4nster fr\u00e5n det att produkterna tillverkas och \u00e4r p\u00e5 v\u00e4g ut p\u00e5 marknaden fram till att uttj\u00e4nta produkter om m\u00f6jligt ges ett andra liv p\u00e5 andrahandsmarknaden.<\/strong><\/strong><\/strong><\/p>\n\r\n                            <\/div>\r\n                        <\/div>                                        \r\n                    <\/div>                                              \r\n                    <\/div>                                \r\n            <\/section>\n\n<section class=\"quick-facts-block bg-color-gray\">  \r\n              <div class=\"container\">              \r\n                <div class=\"row d-flex justify-content-center align-items-center\">\r\n                    <div class=\"col-lg-4 col-md-6 mt-4 mb-4 text-center\">\r\n                                <p class='quick-fact-number text-blue75'>>100<\/p>\r\n                                <p class=\"quick-fact-text-2 text-blue75\">antal l\u00e4nder<\/p>\r\n                                <hr class=\"horizontal-line black\" \/>\r\n                                <p class=\"quick-fact-text-3 text-black\">som tar emot leveranser fr\u00e5n Elanders<br\/>(FY 2025)<\/p>\r\n                            <\/div><div class=\"col-lg-4 col-md-6 mt-4 mb-4 text-center\">\r\n                                <p class='quick-fact-number text-blue75'>12<\/p>\r\n                                <p class=\"quick-fact-text-2 text-blue75\">miljoner<\/p>\r\n                                <hr class=\"horizontal-line black\" \/>\r\n                                <p class=\"quick-fact-text-3 text-black\">b\u00e4rbara datorer hanteras varje \u00e5r<br\/>(FY 2025)<\/p>\r\n                            <\/div><div class=\"col-lg-4 col-md-6 mt-4 mb-4 text-center\">\r\n                                <p class='quick-fact-number text-blue75'>26<\/p>\r\n                                <p class=\"quick-fact-text-2 text-blue75\">procent<\/p>\r\n                                <hr class=\"horizontal-line black\" \/>\r\n                                <p class=\"quick-fact-text-3 text-black\">av Elanders totala oms\u00e4ttning<br\/>(FY 2025)<\/p>\r\n                            <\/div>\r\n                <\/div>                                                                \r\n              <\/div>\r\n            <\/section>\n\n\n<div style=\"height:15px\" aria-hidden=\"true\" class=\"wp-block-spacer\"><\/div>\n\n\n<section id=\"\" class=\"text-block  space-bottom-no space-top-yes text-block-id-69decb791b9d6 bg-color-white text-color-black\">                \r\n                    <div class=\"container\">  \r\n                                              \r\n                        <div class=\"row\">                                        \r\n                        <div class=\"col\">\r\n                            <h3 class=\"textBlock-headline left \">Fr\u00e5n ink\u00f6p av komponenter till \u00e5tertag av slutprodukten<\/h3>\r\n                             <hr class='horizontal-line' \/>\r\n                        <\/div>       \r\n                                                          \r\n                    <\/div>    \r\n                                               \r\n                        <div class=\"row text\">\r\n                        <div class=\"col\">\r\n                            <div class=\"textBlock-text text-block-html  \">\r\n                                <p class=\"wp-block-wt-text-block\">Inom kundsegmentet Electronics \u00e4r Elanders en v\u00e4letablerad leverant\u00f6r med flera decenniers erfarenhet av att leverera integrerade l\u00f6sningar till v\u00e4rldens ledande globala teknikf\u00f6retag. Kunder efterfr\u00e5gar end-to-end-l\u00f6sningar f\u00f6r att uppn\u00e5 effektiv hantering av stora volymer av produkter och utrustning som ofta beh\u00f6ver anpassas f\u00f6r olika geografiska marknader och kundtyper. \u00c4ven hanteringen av reservdelar, reparationer och omh\u00e4ndertagande av uttj\u00e4nt utrustning l\u00e4ggs i h\u00f6g grad ut p\u00e5 en partner i dagens outsourcing-marknad.<\/p>\n<p>Elanders erbjuder sig att vara kundernas enda kontaktpunkt f\u00f6r ett stort antal tj\u00e4nster under elektronikproduktens hela livscykel. Koncernen levererar tj\u00e4nster med b\u00f6rjan i ink\u00f6p av komponenter, kvalitetskontroller och just-in-time\/sekvensleveranser av delar f\u00f6r tillverkning. N\u00e4r produkterna \u00e4r f\u00e4rdiga hanterar Elanders lagerh\u00e5llning och distribution enligt kundernas \u00f6nskem\u00e5l. \u00c4ven v\u00e4rdeadderande tj\u00e4nster som montering av komponenter, f\u00f6rinstallation av programvara, landsanpassning och orderkonsolidering erbjuds. Dessutom kan kunder f\u00e5 hj\u00e4lp med tullklarering, finansiella tj\u00e4nster och gr\u00e4ns\u00f6verskridande skattehantering.<\/p>\n<p>Ut\u00f6ver effektiva leveranser till slutkund erbjuder Elanders eftermarknadstj\u00e4nster som tillhandah\u00e5llande av reservdelar, reparation\/underh\u00e5ll och uppdatering av programvara eller batterier. N\u00e4r en produkt n\u00e5tt slutet av sin livscykel kan tj\u00e4nster inom Life Cycle Management adderas f\u00f6r att cirkulera produkten. Uttj\u00e4nt utrustning \u00e5tertas och rensas p\u00e5 data f\u00f6r att sedan antingen rekonditioneras och s\u00e4ljas p\u00e5 andrahandsmarknaden eller \u00e5tervinnas med fokus p\u00e5 resurseffektivitet och h\u00e5llbarhet.<\/p>\n\r\n                            <\/div>\r\n                        <\/div>                                        \r\n                    <\/div>                                              \r\n                    <\/div>                                \r\n            <\/section>\n\n\n<p><\/p>\n\n\n\n<p><\/p>\n\n\n<section id=\"\" class=\"text-block  space-bottom-no space-top-yes text-block-id-69decb791bc7d bg-color-white text-color-black\">                \r\n                    <div class=\"container\">  \r\n                        <div class=\"row\">                                        \r\n                        <div class=\"col\">\r\n                            <h3 class=\"textBlock-headline \">Elanders i kundernas v\u00e4rdekedja<\/h3>\r\n                    \r\n                        <\/div>       \r\n                                                          \r\n                    <\/div>    \r\n                        <hr class='horizontal-line' \/>\r\n                                               \r\n                        <div class=\"row text\">\r\n                        <div class=\"col\">\r\n                            <div class=\"textBlock-text mt-4 text-block-html \">\r\n                                <p class=\"wp-block-wt-image-text-block\">\n\r\n                            <\/div>\r\n                        <\/div>                                        \r\n                    <\/div>                                              \r\n                    <\/div>                                \r\n            <\/section>\n\n<section class=\"image-gallery-block\">  \r\n  <div class=\"container  bg-color-white\">              \r\n        <div class=\"\">\r\n            <div class=\"row\">\r\n                <div class=\"img-block col-12\">         \r\n                       \t   <img decoding=\"async\" loading=\"lazy\" alt=\"VC Elec\" id=\"img-block-69decb791bd40\" class=\"img-block desktop-padding-top desktop-padding-right desktop-padding-bottom desktop-padding-left tablet-padding-top tablet-padding-right tablet-padding-bottom tablet-padding-left mobile-padding-top mobile-padding-right mobile-padding-bottom mobile-padding-left \" src=\"http:\/\/www.elanders.com\/wp-content\/uploads\/2025\/03\/VC25-elec.svg\" \/> \r\n                <\/div>\r\n            <\/div>\r\n        <\/div>                                                            \r\n    <\/section><style> #img-block-69decb791bd40.desktop-padding-top { padding-top: 0px; } #img-block-69decb791bd40.desktop-padding-right { padding-right: 200px; } #img-block-69decb791bd40.desktop-padding-bottom { padding-bottom: 0px; } #img-block-69decb791bd40.desktop-padding-left { padding-left: 200px; }@media only screen and (max-width: 991px) {  #img-block-69decb791bd40.tablet-padding-top { padding-top: 0px; }} @media only screen and (max-width: 991px) {  #img-block-69decb791bd40.tablet-padding-right { padding-right: 0px; }} @media only screen and (max-width: 991px) {  #img-block-69decb791bd40.tablet-padding-bottom { padding-bottom: 0px; }} @media only screen and (max-width: 991px) {  #img-block-69decb791bd40.tablet-padding-left { padding-left: 0px; }} @media only screen and (max-width: 575px) {  #img-block-69decb791bd40.mobile-padding-top { padding-top: 0px; }} @media only screen and (max-width: 575px) {  #img-block-69decb791bd40.mobile-padding-right { padding-right: 0px; }} @media only screen and (max-width: 575px) {  #img-block-69decb791bd40.mobile-padding-bottom { padding-bottom: 0px; }} @media only screen and (max-width: 575px) {  #img-block-69decb791bd40.mobile-padding-left { padding-left: 0px; }} <\/style>\n\n\n<div style=\"height:50px\" aria-hidden=\"true\" class=\"wp-block-spacer\"><\/div>\n","protected":false},"excerpt":{"rendered":"","protected":false},"author":2,"featured_media":0,"parent":25419,"menu_order":0,"comment_status":"closed","ping_status":"closed","template":"","meta":{"footnotes":""},"class_list":["post-25427","page","type-page","status-publish","hentry"],"yoast_head":"<!-- This site is optimized with the Yoast SEO plugin v27.2 - https:\/\/yoast.com\/product\/yoast-seo-wordpress\/ -->\n<title>Electronics - Elanders Group<\/title>\n<meta name=\"description\" content=\"Kundsegmentet Electronics \u00e4r ett av Elanders st\u00f6rsta och flera elektronik- och IT-j\u00e4ttar finns bland kunderna.\" \/>\n<meta name=\"robots\" content=\"index, follow, max-snippet:-1, max-image-preview:large, max-video-preview:-1\" \/>\n<link rel=\"canonical\" href=\"https:\/\/www.elanders.com\/sv\/kundsegment\/electronics\/\" \/>\n<meta property=\"og:locale\" content=\"sv_SE\" \/>\n<meta property=\"og:type\" content=\"article\" \/>\n<meta property=\"og:title\" content=\"Electronics - Elanders Group\" \/>\n<meta property=\"og:description\" content=\"Kundsegmentet Electronics \u00e4r ett av Elanders st\u00f6rsta och flera elektronik- och IT-j\u00e4ttar finns bland kunderna.\" \/>\n<meta property=\"og:url\" content=\"https:\/\/www.elanders.com\/sv\/kundsegment\/electronics\/\" \/>\n<meta property=\"og:site_name\" content=\"Elanders Group\" \/>\n<meta property=\"article:modified_time\" content=\"2026-03-23T08:27:05+00:00\" \/>\n<meta name=\"twitter:card\" content=\"summary_large_image\" \/>\n<meta name=\"twitter:label1\" content=\"Ber\u00e4knad l\u00e4stid\" \/>\n\t<meta name=\"twitter:data1\" content=\"2 minuter\" \/>\n<script type=\"application\/ld+json\" class=\"yoast-schema-graph\">{\"@context\":\"https:\/\/schema.org\",\"@graph\":[{\"@type\":\"WebPage\",\"@id\":\"https:\/\/www.elanders.com\/sv\/kundsegment\/electronics\/\",\"url\":\"https:\/\/www.elanders.com\/sv\/kundsegment\/electronics\/\",\"name\":\"Electronics - Elanders Group\",\"isPartOf\":{\"@id\":\"https:\/\/www.elanders.com\/#website\"},\"datePublished\":\"2024-09-27T08:10:54+00:00\",\"dateModified\":\"2026-03-23T08:27:05+00:00\",\"description\":\"Kundsegmentet Electronics \u00e4r ett av Elanders st\u00f6rsta och flera elektronik- och IT-j\u00e4ttar finns bland kunderna.\",\"breadcrumb\":{\"@id\":\"https:\/\/www.elanders.com\/sv\/kundsegment\/electronics\/#breadcrumb\"},\"inLanguage\":\"sv-SE\",\"potentialAction\":[{\"@type\":\"ReadAction\",\"target\":[\"https:\/\/www.elanders.com\/sv\/kundsegment\/electronics\/\"]}]},{\"@type\":\"BreadcrumbList\",\"@id\":\"https:\/\/www.elanders.com\/sv\/kundsegment\/electronics\/#breadcrumb\",\"itemListElement\":[{\"@type\":\"ListItem\",\"position\":1,\"name\":\"Home\",\"item\":\"https:\/\/www.elanders.com\/sv\/\"},{\"@type\":\"ListItem\",\"position\":2,\"name\":\"Kundsegment\",\"item\":\"https:\/\/www.elanders.com\/sv\/kundsegment\/\"},{\"@type\":\"ListItem\",\"position\":3,\"name\":\"Electronics\",\"item\":\"https:\/\/www.elanders.com\/sv\/kundsegment\/electronics\/\"}]},{\"@type\":\"WebSite\",\"@id\":\"https:\/\/www.elanders.com\/#website\",\"url\":\"https:\/\/www.elanders.com\/\",\"name\":\"Welcome to Elanders - Elanders Group\",\"description\":\"\",\"potentialAction\":[{\"@type\":\"SearchAction\",\"target\":{\"@type\":\"EntryPoint\",\"urlTemplate\":\"https:\/\/www.elanders.com\/?s={search_term_string}\"},\"query-input\":{\"@type\":\"PropertyValueSpecification\",\"valueRequired\":true,\"valueName\":\"search_term_string\"}}],\"inLanguage\":\"sv-SE\"}]}<\/script>\n<!-- \/ Yoast SEO plugin. -->","yoast_head_json":{"title":"Electronics - Elanders Group","description":"Kundsegmentet Electronics \u00e4r ett av Elanders st\u00f6rsta och flera elektronik- och IT-j\u00e4ttar finns bland kunderna.","robots":{"index":"index","follow":"follow","max-snippet":"max-snippet:-1","max-image-preview":"max-image-preview:large","max-video-preview":"max-video-preview:-1"},"canonical":"https:\/\/www.elanders.com\/sv\/kundsegment\/electronics\/","og_locale":"sv_SE","og_type":"article","og_title":"Electronics - Elanders Group","og_description":"Kundsegmentet Electronics \u00e4r ett av Elanders st\u00f6rsta och flera elektronik- och IT-j\u00e4ttar finns bland kunderna.","og_url":"https:\/\/www.elanders.com\/sv\/kundsegment\/electronics\/","og_site_name":"Elanders Group","article_modified_time":"2026-03-23T08:27:05+00:00","twitter_card":"summary_large_image","twitter_misc":{"Ber\u00e4knad l\u00e4stid":"2 minuter"},"schema":{"@context":"https:\/\/schema.org","@graph":[{"@type":"WebPage","@id":"https:\/\/www.elanders.com\/sv\/kundsegment\/electronics\/","url":"https:\/\/www.elanders.com\/sv\/kundsegment\/electronics\/","name":"Electronics - Elanders Group","isPartOf":{"@id":"https:\/\/www.elanders.com\/#website"},"datePublished":"2024-09-27T08:10:54+00:00","dateModified":"2026-03-23T08:27:05+00:00","description":"Kundsegmentet Electronics \u00e4r ett av Elanders st\u00f6rsta och flera elektronik- och IT-j\u00e4ttar finns bland kunderna.","breadcrumb":{"@id":"https:\/\/www.elanders.com\/sv\/kundsegment\/electronics\/#breadcrumb"},"inLanguage":"sv-SE","potentialAction":[{"@type":"ReadAction","target":["https:\/\/www.elanders.com\/sv\/kundsegment\/electronics\/"]}]},{"@type":"BreadcrumbList","@id":"https:\/\/www.elanders.com\/sv\/kundsegment\/electronics\/#breadcrumb","itemListElement":[{"@type":"ListItem","position":1,"name":"Home","item":"https:\/\/www.elanders.com\/sv\/"},{"@type":"ListItem","position":2,"name":"Kundsegment","item":"https:\/\/www.elanders.com\/sv\/kundsegment\/"},{"@type":"ListItem","position":3,"name":"Electronics","item":"https:\/\/www.elanders.com\/sv\/kundsegment\/electronics\/"}]},{"@type":"WebSite","@id":"https:\/\/www.elanders.com\/#website","url":"https:\/\/www.elanders.com\/","name":"Welcome to Elanders - Elanders Group","description":"","potentialAction":[{"@type":"SearchAction","target":{"@type":"EntryPoint","urlTemplate":"https:\/\/www.elanders.com\/?s={search_term_string}"},"query-input":{"@type":"PropertyValueSpecification","valueRequired":true,"valueName":"search_term_string"}}],"inLanguage":"sv-SE"}]}},"_links":{"self":[{"href":"https:\/\/www.elanders.com\/sv\/wp-json\/wp\/v2\/pages\/25427","targetHints":{"allow":["GET"]}}],"collection":[{"href":"https:\/\/www.elanders.com\/sv\/wp-json\/wp\/v2\/pages"}],"about":[{"href":"https:\/\/www.elanders.com\/sv\/wp-json\/wp\/v2\/types\/page"}],"author":[{"embeddable":true,"href":"https:\/\/www.elanders.com\/sv\/wp-json\/wp\/v2\/users\/2"}],"replies":[{"embeddable":true,"href":"https:\/\/www.elanders.com\/sv\/wp-json\/wp\/v2\/comments?post=25427"}],"version-history":[{"count":14,"href":"https:\/\/www.elanders.com\/sv\/wp-json\/wp\/v2\/pages\/25427\/revisions"}],"predecessor-version":[{"id":31974,"href":"https:\/\/www.elanders.com\/sv\/wp-json\/wp\/v2\/pages\/25427\/revisions\/31974"}],"up":[{"embeddable":true,"href":"https:\/\/www.elanders.com\/sv\/wp-json\/wp\/v2\/pages\/25419"}],"wp:attachment":[{"href":"https:\/\/www.elanders.com\/sv\/wp-json\/wp\/v2\/media?parent=25427"}],"curies":[{"name":"wp","href":"https:\/\/api.w.org\/{rel}","templated":true}]}}