{"id":25436,"date":"2024-09-27T08:11:06","date_gmt":"2024-09-27T08:11:06","guid":{"rendered":"https:\/\/www.elanders.com\/kundsegment\/fashion\/"},"modified":"2026-03-23T09:30:43","modified_gmt":"2026-03-23T08:30:43","slug":"fashion","status":"publish","type":"page","link":"https:\/\/www.elanders.com\/sv\/kundsegment\/fashion\/","title":{"rendered":"Fashion"},"content":{"rendered":"\n<p><\/p>\n\n\n<section id=\"\" class=\"text-block  space-bottom-yes space-top-yes text-block-id-69da070959f86 bg-color-white text-color-black\">                \r\n                    <div class=\"container\">  \r\n                                              \r\n                        <div class=\"row\">                                        \r\n                        <div class=\"col\">\r\n                            <h1 class=\"textBlock-headline left \">Fashion \u2013 tempo och variation<\/h1>\r\n                             \r\n                        <\/div>       \r\n                                                          \r\n                    <\/div>    \r\n                                               \r\n                        <div class=\"row text\">\r\n                        <div class=\"col\">\r\n                            <div class=\"textBlock-text text-block-html  \">\r\n                                <p class=\"wp-block-wt-text-block\"><strong><strong>Fashion \u00e4r i dag ett av Elanders st\u00f6rsta kundsegment. Inom omr\u00e5det erbjuder koncernen globala supply chain management-tj\u00e4nster anpassade efter behov hos alla typer av kunder. Fr\u00e5n nystartade, mindre varum\u00e4rken hela v\u00e4gen upp till v\u00e4letablerade akt\u00f6rer som finns i de flesta konsumenters hem och garderober.<\/strong><\/strong><\/p>\n\r\n                            <\/div>\r\n                        <\/div>                                        \r\n                    <\/div>                                              \r\n                    <\/div>                                \r\n            <\/section>\n\n<section class=\"quick-facts-block bg-color-gray\">  \r\n              <div class=\"container\">              \r\n                <div class=\"row d-flex justify-content-center align-items-center\">\r\n                    <div class=\"col-lg-4 col-md-6 mt-4 mb-4 text-center\">\r\n                                <p class='quick-fact-number text-blue75'><span class=\"sign-sv\">\u2248<\/span>20<\/p>\r\n                                \r\n                                <hr class=\"horizontal-line black\" \/>\r\n                                <p class=\"quick-fact-text-3 text-black\">antal anl\u00e4ggningar globalt<br\/>(FY 2025)<\/p>\r\n                            <\/div><div class=\"col-lg-4 col-md-6 mt-4 mb-4 text-center\">\r\n                                <p class='quick-fact-number text-blue75'>500<\/p>\r\n                                <p class=\"quick-fact-text-2 text-blue75\">tusen<\/p>\r\n                                <hr class=\"horizontal-line black\" \/>\r\n                                <p class=\"quick-fact-text-3 text-black\">m<sup>2<\/sup> i total yta p\u00e5 anl\u00e4ggningar inom koncernen<br\/>(FY 2025)<\/p>\r\n                            <\/div><div class=\"col-lg-4 col-md-6 mt-4 mb-4 text-center\">\r\n                                <p class='quick-fact-number text-blue75'>24<\/p>\r\n                                <p class=\"quick-fact-text-2 text-blue75\">procent<\/p>\r\n                                <hr class=\"horizontal-line black\" \/>\r\n                                <p class=\"quick-fact-text-3 text-black\">av Elanders totala oms\u00e4ttning<br\/>(FY 2025)<\/p>\r\n                            <\/div>\r\n                <\/div>                                                                \r\n              <\/div>\r\n            <\/section>\n\n\n<div style=\"height:15px\" aria-hidden=\"true\" class=\"wp-block-spacer\"><\/div>\n\n\n<section id=\"\" class=\"text-block  space-bottom-no space-top-yes text-block-id-69da07095a4e4 bg-color-white text-color-black\">                \r\n                    <div class=\"container\">  \r\n                                              \r\n                        <div class=\"row\">                                        \r\n                        <div class=\"col\">\r\n                            <h3 class=\"textBlock-headline left \">Anpassade l\u00f6sningar f\u00f6r alla kunder<\/h3>\r\n                             <hr class='horizontal-line' \/>\r\n                        <\/div>       \r\n                                                          \r\n                    <\/div>    \r\n                                               \r\n                        <div class=\"row text\">\r\n                        <div class=\"col\">\r\n                            <div class=\"textBlock-text text-block-html  \">\r\n                                <p class=\"wp-block-wt-text-block\">Kundsegmentet Fashion omfattar ett brett utbud av produkter s\u00e5som kl\u00e4der, accessoarer, parfymer och andra livsstilsprodukter. En gemensam n\u00e4mnare f\u00f6r modeindustrin \u00e4r den h\u00f6ga takten, med flera nya kollektioner under loppet av ett \u00e5r. F\u00f6r att m\u00f6ta dessa krav kr\u00e4vs det en logistikpartner som kan h\u00e5lla samma fart som branschen, kunna hantera kraftigt fluktuerande volymer och s\u00e4kerst\u00e4lla att r\u00e4tt varor finns tillg\u00e4ngliga i butik och redo f\u00f6r best\u00e4llning online vid r\u00e4tt tidpunkt. Slutkundens upplevelse, s\u00e4rskilt avseende service och leveranshastighet, \u00e4r avg\u00f6rande f\u00f6r varum\u00e4rkets framg\u00e5ng.<\/p>\n<p>Elanders har i dag olika koncept f\u00f6r olika typer av kunder fr\u00e5n modev\u00e4rlden, anpassade efter deras varierande behov. Sm\u00e5 och medelstora f\u00f6retag erbjuds h\u00f6gt standardiserade tredjepartsogistikkoncept som enkelt kan integreras i deras egna system och snabbt l\u00e5ta dem n\u00e5 ut p\u00e5 olika marknader, var \u00e4n dessa finns i v\u00e4rlden. Samtidigt erbjuder koncernen ocks\u00e5 mer komplexa koncept f\u00f6r etablerade varum\u00e4rken som \u00e4r i st\u00f6rre behov av specialanpassningar och flexibilitet fr\u00e5n sin logistikpartner, i syfte att uppn\u00e5 \u00f6nskad skalbarhet och flexibilitet.<\/p>\n<p>Genom att samarbeta med Elanders kan modef\u00f6retag fokusera p\u00e5 sin k\u00e4rnverksamhet, design, produktion och f\u00f6rs\u00e4ljning, medan Elanders hanterar logistiken via en samlad kontaktpunkt och integration. Elanders \u00e4r en p\u00e5litlig partner som kombinerar h\u00f6g kvalitet och effektiva processer med lyh\u00f6rdhet f\u00f6r kundernas behov och ett brett utbud av v\u00e4rdeadderande tj\u00e4nster.<\/p>\n\r\n                            <\/div>\r\n                        <\/div>                                        \r\n                    <\/div>                                              \r\n                    <\/div>                                \r\n            <\/section>\n\n<section id=\"\" class=\"text-block  space-bottom-no space-top-yes text-block-id-69da07095a5ba bg-color-white text-color-black\">                \r\n                    <div class=\"container\">  \r\n                        <div class=\"row\">                                        \r\n                        <div class=\"col\">\r\n                            <h3 class=\"textBlock-headline \">Elanders i kundernas v\u00e4rdekedja<\/h3>\r\n                    \r\n                        <\/div>       \r\n                                                          \r\n                    <\/div>    \r\n                        <hr class='horizontal-line' \/>\r\n                                               \r\n                        <div class=\"row text\">\r\n                        <div class=\"col\">\r\n                            <div class=\"textBlock-text mt-4 text-block-html \">\r\n                                <p class=\"wp-block-wt-image-text-block\">\n\r\n                            <\/div>\r\n                        <\/div>                                        \r\n                    <\/div>                                              \r\n                    <\/div>                                \r\n            <\/section>\n\n<section class=\"image-gallery-block\">  \r\n  <div class=\"container  bg-color-white\">              \r\n        <div class=\"\">\r\n            <div class=\"row\">\r\n                <div class=\"img-block col-12\">         \r\n                       \t   <img decoding=\"async\" loading=\"lazy\" alt=\"VC Fash\" id=\"img-block-69da07095a659\" class=\"img-block desktop-padding-top desktop-padding-right desktop-padding-bottom desktop-padding-left tablet-padding-top tablet-padding-right tablet-padding-bottom tablet-padding-left mobile-padding-top mobile-padding-right mobile-padding-bottom mobile-padding-left \" src=\"http:\/\/www.elanders.com\/wp-content\/uploads\/2025\/03\/VC25-fash.svg\" \/> \r\n                <\/div>\r\n            <\/div>\r\n        <\/div>                                                            \r\n    <\/section><style> #img-block-69da07095a659.desktop-padding-top { padding-top: 0px; } #img-block-69da07095a659.desktop-padding-right { padding-right: 200px; } #img-block-69da07095a659.desktop-padding-bottom { padding-bottom: 0px; } #img-block-69da07095a659.desktop-padding-left { padding-left: 200px; }@media only screen and (max-width: 991px) {  #img-block-69da07095a659.tablet-padding-top { padding-top: 0px; }} @media only screen and (max-width: 991px) {  #img-block-69da07095a659.tablet-padding-right { padding-right: 0px; }} @media only screen and (max-width: 991px) {  #img-block-69da07095a659.tablet-padding-bottom { padding-bottom: 0px; }} @media only screen and (max-width: 991px) {  #img-block-69da07095a659.tablet-padding-left { padding-left: 0px; }} @media only screen and (max-width: 575px) {  #img-block-69da07095a659.mobile-padding-top { padding-top: 0px; }} @media only screen and (max-width: 575px) {  #img-block-69da07095a659.mobile-padding-right { padding-right: 0px; }} @media only screen and (max-width: 575px) {  #img-block-69da07095a659.mobile-padding-bottom { padding-bottom: 0px; }} @media only screen and (max-width: 575px) {  #img-block-69da07095a659.mobile-padding-left { padding-left: 0px; }} <\/style>\n\n\n<div style=\"height:50px\" aria-hidden=\"true\" class=\"wp-block-spacer\"><\/div>\n","protected":false},"excerpt":{"rendered":"","protected":false},"author":2,"featured_media":0,"parent":25419,"menu_order":0,"comment_status":"closed","ping_status":"closed","template":"","meta":{"footnotes":""},"class_list":["post-25436","page","type-page","status-publish","hentry"],"yoast_head":"<!-- This site is optimized with the Yoast SEO plugin v27.2 - https:\/\/yoast.com\/product\/yoast-seo-wordpress\/ -->\n<title>Fashion - Elanders Group<\/title>\n<meta name=\"description\" content=\"Fashion \u00e4r i dag ett av Elanders st\u00f6rsta kundsegment. Inom omr\u00e5det erbjuder koncernen globala supply chain management-tj\u00e4nster anpassade efter behoven hos alla typer av kunder.\" \/>\n<meta name=\"robots\" content=\"index, follow, max-snippet:-1, max-image-preview:large, max-video-preview:-1\" \/>\n<link rel=\"canonical\" href=\"https:\/\/www.elanders.com\/sv\/kundsegment\/fashion\/\" \/>\n<meta property=\"og:locale\" content=\"sv_SE\" \/>\n<meta property=\"og:type\" content=\"article\" \/>\n<meta property=\"og:title\" content=\"Fashion - Elanders Group\" \/>\n<meta property=\"og:description\" content=\"Fashion \u00e4r i dag ett av Elanders st\u00f6rsta kundsegment. Inom omr\u00e5det erbjuder koncernen globala supply chain management-tj\u00e4nster anpassade efter behoven hos alla typer av kunder.\" \/>\n<meta property=\"og:url\" content=\"https:\/\/www.elanders.com\/sv\/kundsegment\/fashion\/\" \/>\n<meta property=\"og:site_name\" content=\"Elanders Group\" \/>\n<meta property=\"article:modified_time\" content=\"2026-03-23T08:30:43+00:00\" \/>\n<meta name=\"twitter:card\" content=\"summary_large_image\" \/>\n<meta name=\"twitter:label1\" content=\"Ber\u00e4knad l\u00e4stid\" \/>\n\t<meta name=\"twitter:data1\" content=\"2 minuter\" \/>\n<script type=\"application\/ld+json\" class=\"yoast-schema-graph\">{\"@context\":\"https:\/\/schema.org\",\"@graph\":[{\"@type\":\"WebPage\",\"@id\":\"https:\/\/www.elanders.com\/sv\/kundsegment\/fashion\/\",\"url\":\"https:\/\/www.elanders.com\/sv\/kundsegment\/fashion\/\",\"name\":\"Fashion - Elanders Group\",\"isPartOf\":{\"@id\":\"https:\/\/www.elanders.com\/#website\"},\"datePublished\":\"2024-09-27T08:11:06+00:00\",\"dateModified\":\"2026-03-23T08:30:43+00:00\",\"description\":\"Fashion \u00e4r i dag ett av Elanders st\u00f6rsta kundsegment. Inom omr\u00e5det erbjuder koncernen globala supply chain management-tj\u00e4nster anpassade efter behoven hos alla typer av kunder.\",\"breadcrumb\":{\"@id\":\"https:\/\/www.elanders.com\/sv\/kundsegment\/fashion\/#breadcrumb\"},\"inLanguage\":\"sv-SE\",\"potentialAction\":[{\"@type\":\"ReadAction\",\"target\":[\"https:\/\/www.elanders.com\/sv\/kundsegment\/fashion\/\"]}]},{\"@type\":\"BreadcrumbList\",\"@id\":\"https:\/\/www.elanders.com\/sv\/kundsegment\/fashion\/#breadcrumb\",\"itemListElement\":[{\"@type\":\"ListItem\",\"position\":1,\"name\":\"Home\",\"item\":\"https:\/\/www.elanders.com\/sv\/\"},{\"@type\":\"ListItem\",\"position\":2,\"name\":\"Kundsegment\",\"item\":\"https:\/\/www.elanders.com\/sv\/kundsegment\/\"},{\"@type\":\"ListItem\",\"position\":3,\"name\":\"Fashion\",\"item\":\"https:\/\/www.elanders.com\/sv\/kundsegment\/fashion\/\"}]},{\"@type\":\"WebSite\",\"@id\":\"https:\/\/www.elanders.com\/#website\",\"url\":\"https:\/\/www.elanders.com\/\",\"name\":\"Welcome to Elanders - Elanders Group\",\"description\":\"\",\"potentialAction\":[{\"@type\":\"SearchAction\",\"target\":{\"@type\":\"EntryPoint\",\"urlTemplate\":\"https:\/\/www.elanders.com\/?s={search_term_string}\"},\"query-input\":{\"@type\":\"PropertyValueSpecification\",\"valueRequired\":true,\"valueName\":\"search_term_string\"}}],\"inLanguage\":\"sv-SE\"}]}<\/script>\n<!-- \/ Yoast SEO plugin. -->","yoast_head_json":{"title":"Fashion - Elanders Group","description":"Fashion \u00e4r i dag ett av Elanders st\u00f6rsta kundsegment. Inom omr\u00e5det erbjuder koncernen globala supply chain management-tj\u00e4nster anpassade efter behoven hos alla typer av kunder.","robots":{"index":"index","follow":"follow","max-snippet":"max-snippet:-1","max-image-preview":"max-image-preview:large","max-video-preview":"max-video-preview:-1"},"canonical":"https:\/\/www.elanders.com\/sv\/kundsegment\/fashion\/","og_locale":"sv_SE","og_type":"article","og_title":"Fashion - Elanders Group","og_description":"Fashion \u00e4r i dag ett av Elanders st\u00f6rsta kundsegment. Inom omr\u00e5det erbjuder koncernen globala supply chain management-tj\u00e4nster anpassade efter behoven hos alla typer av kunder.","og_url":"https:\/\/www.elanders.com\/sv\/kundsegment\/fashion\/","og_site_name":"Elanders Group","article_modified_time":"2026-03-23T08:30:43+00:00","twitter_card":"summary_large_image","twitter_misc":{"Ber\u00e4knad l\u00e4stid":"2 minuter"},"schema":{"@context":"https:\/\/schema.org","@graph":[{"@type":"WebPage","@id":"https:\/\/www.elanders.com\/sv\/kundsegment\/fashion\/","url":"https:\/\/www.elanders.com\/sv\/kundsegment\/fashion\/","name":"Fashion - Elanders Group","isPartOf":{"@id":"https:\/\/www.elanders.com\/#website"},"datePublished":"2024-09-27T08:11:06+00:00","dateModified":"2026-03-23T08:30:43+00:00","description":"Fashion \u00e4r i dag ett av Elanders st\u00f6rsta kundsegment. Inom omr\u00e5det erbjuder koncernen globala supply chain management-tj\u00e4nster anpassade efter behoven hos alla typer av kunder.","breadcrumb":{"@id":"https:\/\/www.elanders.com\/sv\/kundsegment\/fashion\/#breadcrumb"},"inLanguage":"sv-SE","potentialAction":[{"@type":"ReadAction","target":["https:\/\/www.elanders.com\/sv\/kundsegment\/fashion\/"]}]},{"@type":"BreadcrumbList","@id":"https:\/\/www.elanders.com\/sv\/kundsegment\/fashion\/#breadcrumb","itemListElement":[{"@type":"ListItem","position":1,"name":"Home","item":"https:\/\/www.elanders.com\/sv\/"},{"@type":"ListItem","position":2,"name":"Kundsegment","item":"https:\/\/www.elanders.com\/sv\/kundsegment\/"},{"@type":"ListItem","position":3,"name":"Fashion","item":"https:\/\/www.elanders.com\/sv\/kundsegment\/fashion\/"}]},{"@type":"WebSite","@id":"https:\/\/www.elanders.com\/#website","url":"https:\/\/www.elanders.com\/","name":"Welcome to Elanders - Elanders Group","description":"","potentialAction":[{"@type":"SearchAction","target":{"@type":"EntryPoint","urlTemplate":"https:\/\/www.elanders.com\/?s={search_term_string}"},"query-input":{"@type":"PropertyValueSpecification","valueRequired":true,"valueName":"search_term_string"}}],"inLanguage":"sv-SE"}]}},"_links":{"self":[{"href":"https:\/\/www.elanders.com\/sv\/wp-json\/wp\/v2\/pages\/25436","targetHints":{"allow":["GET"]}}],"collection":[{"href":"https:\/\/www.elanders.com\/sv\/wp-json\/wp\/v2\/pages"}],"about":[{"href":"https:\/\/www.elanders.com\/sv\/wp-json\/wp\/v2\/types\/page"}],"author":[{"embeddable":true,"href":"https:\/\/www.elanders.com\/sv\/wp-json\/wp\/v2\/users\/2"}],"replies":[{"embeddable":true,"href":"https:\/\/www.elanders.com\/sv\/wp-json\/wp\/v2\/comments?post=25436"}],"version-history":[{"count":11,"href":"https:\/\/www.elanders.com\/sv\/wp-json\/wp\/v2\/pages\/25436\/revisions"}],"predecessor-version":[{"id":31983,"href":"https:\/\/www.elanders.com\/sv\/wp-json\/wp\/v2\/pages\/25436\/revisions\/31983"}],"up":[{"embeddable":true,"href":"https:\/\/www.elanders.com\/sv\/wp-json\/wp\/v2\/pages\/25419"}],"wp:attachment":[{"href":"https:\/\/www.elanders.com\/sv\/wp-json\/wp\/v2\/media?parent=25436"}],"curies":[{"name":"wp","href":"https:\/\/api.w.org\/{rel}","templated":true}]}}