{"id":25448,"date":"2024-09-27T08:11:18","date_gmt":"2024-09-27T08:11:18","guid":{"rendered":"https:\/\/www.elanders.com\/kundsegment\/health-care\/"},"modified":"2026-03-23T09:37:03","modified_gmt":"2026-03-23T08:37:03","slug":"health-care","status":"publish","type":"page","link":"https:\/\/www.elanders.com\/sv\/kundsegment\/health-care\/","title":{"rendered":"Health Care"},"content":{"rendered":"<section id=\"\" class=\"text-block  space-bottom-yes space-top-yes text-block-id-69e92bec0cde8 bg-color-white text-color-black\">                \r\n                    <div class=\"container\">  \r\n                                              \r\n                        <div class=\"row\">                                        \r\n                        <div class=\"col\">\r\n                            <h1 class=\"textBlock-headline left \">Health Care \u2013 kund&shy;an&shy;passat hela v\u00e4gen<\/h1>\r\n                             \r\n                        <\/div>       \r\n                                                          \r\n                    <\/div>    \r\n                                               \r\n                        <div class=\"row text\">\r\n                        <div class=\"col\">\r\n                            <div class=\"textBlock-text text-block-html  \">\r\n                                <p class=\"wp-block-wt-text-block\"><strong><strong><strong>Inom kundsegmentet Health Care ligger Elanders fr\u00e4msta fokus p\u00e5 medicinteknik. Koncernen har etablerat sig som en p\u00e5litlig partner som tillhandah\u00e5ller kundanpassade l\u00f6sningar f\u00f6r produkternas hela livscykel, fr\u00e5n ink\u00f6p av insatsmaterial och hela v\u00e4gen till dess att utrustningen \u00e4r uttj\u00e4nt.<\/strong><\/strong><\/strong><\/p>\n\r\n                            <\/div>\r\n                        <\/div>                                        \r\n                    <\/div>                                              \r\n                    <\/div>                                \r\n            <\/section>\n\n<section class=\"quick-facts-block bg-color-gray\">  \r\n              <div class=\"container\">              \r\n                <div class=\"row d-flex justify-content-center align-items-center\">\r\n                    <div class=\"col-lg-4 col-md-6 mt-4 mb-4 text-center\">\r\n                                \r\n                                <p class=\"quick-fact-text-2 text-blue75\">ISO&nbsp;9001, ISO&nbsp;14001, ISO&nbsp;13485, ISO&nbsp;27001, ISO&nbsp;45001, GDP, WDA&nbsp;(H), WDA&nbsp;(V), API, BRC, GDPMDS, AEO-F och AEO&nbsp;\u2013&nbsp;Security<\/p>\r\n                                <hr class=\"horizontal-line black\" \/>\r\n                                <p class=\"quick-fact-text-3 text-black\">Certifieringar inom Elanders<br\/>(FY 2025)<\/p>\r\n                            <\/div><div class=\"col-lg-4 col-md-6 mt-4 mb-4 text-center\">\r\n                                <p class='quick-fact-number text-blue75'>10<\/p>\r\n                                <p class=\"quick-fact-text-2 text-blue75\">tusen<\/p>\r\n                                <hr class=\"horizontal-line black\" \/>\r\n                                <p class=\"quick-fact-text-3 text-black\">kundorder per dag<br\/>(FY 2025)<\/p>\r\n                            <\/div><div class=\"col-lg-4 col-md-6 mt-4 mb-4 text-center\">\r\n                                <p class='quick-fact-number text-blue75'>5<\/p>\r\n                                <p class=\"quick-fact-text-2 text-blue75\">procent<\/p>\r\n                                <hr class=\"horizontal-line black\" \/>\r\n                                <p class=\"quick-fact-text-3 text-black\">av Elanders totala oms\u00e4ttning<br\/>(FY 2025)<\/p>\r\n                            <\/div>\r\n                <\/div>                                                                \r\n              <\/div>\r\n            <\/section>\n\n\n<div style=\"height:15px\" aria-hidden=\"true\" class=\"wp-block-spacer\"><\/div>\n\n\n<section id=\"\" class=\"text-block  space-bottom-no space-top-yes text-block-id-69e92bec0d30c bg-color-white text-color-black\">                \r\n                    <div class=\"container\">  \r\n                                              \r\n                        <div class=\"row\">                                        \r\n                        <div class=\"col\">\r\n                            <h3 class=\"textBlock-headline left \">Kompetent hj\u00e4lp genom hela livscykeln<\/h3>\r\n                             <hr class='horizontal-line' \/>\r\n                        <\/div>       \r\n                                                          \r\n                    <\/div>    \r\n                                               \r\n                        <div class=\"row text\">\r\n                        <div class=\"col\">\r\n                            <div class=\"textBlock-text text-block-html  \">\r\n                                <p class=\"wp-block-wt-text-block\">Kundsegmentet Health Care har en stor tillv\u00e4xtpotential drivet av den vetenskapliga och tekniska utvecklingen, en globalt \u00e5ldrande befolkning och \u00f6kad livsl\u00e4ngd. Branschen pr\u00e4glas av strikta regulatoriska krav och speciella regelverk vad g\u00e4ller s\u00e5dant som exempelvis steril hantering av utrustning, delar och f\u00f6rbrukningsmaterial samt insatsmaterial till medicinska preparat. F\u00f6r en logistikpartner inneb\u00e4r detta omfattande investeringar, h\u00f6ga krav, kvalitetss\u00e4krade processer och regelbundna revisioner av n\u00f6dv\u00e4ndiga certifieringar. Kompetens och f\u00f6rtroende byggs upp mellan leverant\u00f6r och kund \u00f6ver tid, eftersom denna typ av utrustning, produkter och material inte till\u00e5ter n\u00e5gra felmarginaler.<\/p>\n<p>Koncernen har gedigen erfarenhet som partner till medicinteknikbolag och i dag \u00e4r Elanders experter inom medicinsk logistik med global r\u00e4ckvidd. Koncernen levererar l\u00f6sningar p\u00e5 h\u00f6gsta kvalitetsniv\u00e5 utan n\u00e5gra kompromisser och med ett kontinuerligt f\u00f6rb\u00e4ttringsarbete. Kunderna st\u00f6ttas effektivt genom hela produktlivscykeln, fr\u00e5n ink\u00f6p av material, via tillverkning och montering, till distribution samt eftermarknadstj\u00e4nster och hantering av uttj\u00e4nt utrustning.<\/p>\n<p>Elanders hanterar hela logistikkedjor och s\u00e4kerst\u00e4ller att slutkunderna erh\u00e5ller utrustning, reservdelar och f\u00f6rbrukningsvaror vid r\u00e4tt tidpunkt. Koncernen hanterar alla aspekter av logistik och transporter, samt tillhandah\u00e5ller och koordinerar v\u00e4rdeadderande tj\u00e4nster kopplat till avancerad sjukv\u00e5rdsutrustning. Detta inkluderar demopool-tj\u00e4nster, installationstj\u00e4nster, \u00e5tertag av uttj\u00e4nt utrustning samt temperaturkontrollerad lagerh\u00e5llning i olika klimatzoner ned till -80 grader Celsius.<\/p>\n\r\n                            <\/div>\r\n                        <\/div>                                        \r\n                    <\/div>                                              \r\n                    <\/div>                                \r\n            <\/section>\n\n<section id=\"\" class=\"text-block  space-bottom-no space-top-yes text-block-id-69e92bec0d3d8 bg-color-white text-color-black\">                \r\n                    <div class=\"container\">  \r\n                        <div class=\"row\">                                        \r\n                        <div class=\"col\">\r\n                            <h3 class=\"textBlock-headline \">Elanders i kundernas v\u00e4rdekedja<\/h3>\r\n                    \r\n                        <\/div>       \r\n                                                          \r\n                    <\/div>    \r\n                        <hr class='horizontal-line' \/>\r\n                                               \r\n                        <div class=\"row text\">\r\n                        <div class=\"col\">\r\n                            <div class=\"textBlock-text mt-4 text-block-html \">\r\n                                <p class=\"wp-block-wt-image-text-block\">\n\r\n                            <\/div>\r\n                        <\/div>                                        \r\n                    <\/div>                                              \r\n                    <\/div>                                \r\n            <\/section>\n\n<section class=\"image-gallery-block\">  \r\n  <div class=\"container  bg-color-white\">              \r\n        <div class=\"\">\r\n            <div class=\"row\">\r\n                <div class=\"img-block col-12\">         \r\n                       \t   <img decoding=\"async\" loading=\"lazy\" alt=\"VC Healthc\" id=\"img-block-69e92bec0d475\" class=\"img-block desktop-padding-top desktop-padding-right desktop-padding-bottom desktop-padding-left tablet-padding-top tablet-padding-right tablet-padding-bottom tablet-padding-left mobile-padding-top mobile-padding-right mobile-padding-bottom mobile-padding-left \" src=\"http:\/\/www.elanders.com\/wp-content\/uploads\/2025\/03\/VC25-healthc.svg\" \/> \r\n                <\/div>\r\n            <\/div>\r\n        <\/div>                                                            \r\n    <\/section><style> #img-block-69e92bec0d475.desktop-padding-top { padding-top: 0px; } #img-block-69e92bec0d475.desktop-padding-right { padding-right: 200px; } #img-block-69e92bec0d475.desktop-padding-bottom { padding-bottom: 0px; } #img-block-69e92bec0d475.desktop-padding-left { padding-left: 200px; }@media only screen and (max-width: 991px) {  #img-block-69e92bec0d475.tablet-padding-top { padding-top: 0px; }} @media only screen and (max-width: 991px) {  #img-block-69e92bec0d475.tablet-padding-right { padding-right: 0px; }} @media only screen and (max-width: 991px) {  #img-block-69e92bec0d475.tablet-padding-bottom { padding-bottom: 0px; }} @media only screen and (max-width: 991px) {  #img-block-69e92bec0d475.tablet-padding-left { padding-left: 0px; }} @media only screen and (max-width: 575px) {  #img-block-69e92bec0d475.mobile-padding-top { padding-top: 0px; }} @media only screen and (max-width: 575px) {  #img-block-69e92bec0d475.mobile-padding-right { padding-right: 0px; }} @media only screen and (max-width: 575px) {  #img-block-69e92bec0d475.mobile-padding-bottom { padding-bottom: 0px; }} @media only screen and (max-width: 575px) {  #img-block-69e92bec0d475.mobile-padding-left { padding-left: 0px; }} <\/style>\n\n\n<div style=\"height:50px\" aria-hidden=\"true\" class=\"wp-block-spacer\"><\/div>\n","protected":false},"excerpt":{"rendered":"","protected":false},"author":2,"featured_media":0,"parent":25419,"menu_order":0,"comment_status":"closed","ping_status":"closed","template":"","meta":{"footnotes":""},"class_list":["post-25448","page","type-page","status-publish","hentry"],"yoast_head":"<!-- This site is optimized with the Yoast SEO plugin v27.2 - https:\/\/yoast.com\/product\/yoast-seo-wordpress\/ -->\n<title>Health Care - Elanders Group<\/title>\n<meta name=\"description\" content=\"Inom kundsegmentet Health Care ligger Elanders fr\u00e4msta fokus p\u00e5 medicinteknik.\" \/>\n<meta name=\"robots\" content=\"index, follow, max-snippet:-1, max-image-preview:large, max-video-preview:-1\" \/>\n<link rel=\"canonical\" href=\"https:\/\/www.elanders.com\/sv\/kundsegment\/health-care\/\" \/>\n<meta property=\"og:locale\" content=\"sv_SE\" \/>\n<meta property=\"og:type\" content=\"article\" \/>\n<meta property=\"og:title\" content=\"Health Care - Elanders Group\" \/>\n<meta property=\"og:description\" content=\"Inom kundsegmentet Health Care ligger Elanders fr\u00e4msta fokus p\u00e5 medicinteknik.\" \/>\n<meta property=\"og:url\" content=\"https:\/\/www.elanders.com\/sv\/kundsegment\/health-care\/\" \/>\n<meta property=\"og:site_name\" content=\"Elanders Group\" \/>\n<meta property=\"article:modified_time\" content=\"2026-03-23T08:37:03+00:00\" \/>\n<meta name=\"twitter:card\" content=\"summary_large_image\" \/>\n<meta name=\"twitter:label1\" content=\"Ber\u00e4knad l\u00e4stid\" \/>\n\t<meta name=\"twitter:data1\" content=\"2 minuter\" \/>\n<script type=\"application\/ld+json\" class=\"yoast-schema-graph\">{\"@context\":\"https:\/\/schema.org\",\"@graph\":[{\"@type\":\"WebPage\",\"@id\":\"https:\/\/www.elanders.com\/sv\/kundsegment\/health-care\/\",\"url\":\"https:\/\/www.elanders.com\/sv\/kundsegment\/health-care\/\",\"name\":\"Health Care - Elanders Group\",\"isPartOf\":{\"@id\":\"https:\/\/www.elanders.com\/#website\"},\"datePublished\":\"2024-09-27T08:11:18+00:00\",\"dateModified\":\"2026-03-23T08:37:03+00:00\",\"description\":\"Inom kundsegmentet Health Care ligger Elanders fr\u00e4msta fokus p\u00e5 medicinteknik.\",\"breadcrumb\":{\"@id\":\"https:\/\/www.elanders.com\/sv\/kundsegment\/health-care\/#breadcrumb\"},\"inLanguage\":\"sv-SE\",\"potentialAction\":[{\"@type\":\"ReadAction\",\"target\":[\"https:\/\/www.elanders.com\/sv\/kundsegment\/health-care\/\"]}]},{\"@type\":\"BreadcrumbList\",\"@id\":\"https:\/\/www.elanders.com\/sv\/kundsegment\/health-care\/#breadcrumb\",\"itemListElement\":[{\"@type\":\"ListItem\",\"position\":1,\"name\":\"Home\",\"item\":\"https:\/\/www.elanders.com\/sv\/\"},{\"@type\":\"ListItem\",\"position\":2,\"name\":\"Kundsegment\",\"item\":\"https:\/\/www.elanders.com\/sv\/kundsegment\/\"},{\"@type\":\"ListItem\",\"position\":3,\"name\":\"Health Care\"}]},{\"@type\":\"WebSite\",\"@id\":\"https:\/\/www.elanders.com\/#website\",\"url\":\"https:\/\/www.elanders.com\/\",\"name\":\"Welcome to Elanders - Elanders Group\",\"description\":\"\",\"potentialAction\":[{\"@type\":\"SearchAction\",\"target\":{\"@type\":\"EntryPoint\",\"urlTemplate\":\"https:\/\/www.elanders.com\/?s={search_term_string}\"},\"query-input\":{\"@type\":\"PropertyValueSpecification\",\"valueRequired\":true,\"valueName\":\"search_term_string\"}}],\"inLanguage\":\"sv-SE\"}]}<\/script>\n<!-- \/ Yoast SEO plugin. -->","yoast_head_json":{"title":"Health Care - Elanders Group","description":"Inom kundsegmentet Health Care ligger Elanders fr\u00e4msta fokus p\u00e5 medicinteknik.","robots":{"index":"index","follow":"follow","max-snippet":"max-snippet:-1","max-image-preview":"max-image-preview:large","max-video-preview":"max-video-preview:-1"},"canonical":"https:\/\/www.elanders.com\/sv\/kundsegment\/health-care\/","og_locale":"sv_SE","og_type":"article","og_title":"Health Care - Elanders Group","og_description":"Inom kundsegmentet Health Care ligger Elanders fr\u00e4msta fokus p\u00e5 medicinteknik.","og_url":"https:\/\/www.elanders.com\/sv\/kundsegment\/health-care\/","og_site_name":"Elanders Group","article_modified_time":"2026-03-23T08:37:03+00:00","twitter_card":"summary_large_image","twitter_misc":{"Ber\u00e4knad l\u00e4stid":"2 minuter"},"schema":{"@context":"https:\/\/schema.org","@graph":[{"@type":"WebPage","@id":"https:\/\/www.elanders.com\/sv\/kundsegment\/health-care\/","url":"https:\/\/www.elanders.com\/sv\/kundsegment\/health-care\/","name":"Health Care - Elanders Group","isPartOf":{"@id":"https:\/\/www.elanders.com\/#website"},"datePublished":"2024-09-27T08:11:18+00:00","dateModified":"2026-03-23T08:37:03+00:00","description":"Inom kundsegmentet Health Care ligger Elanders fr\u00e4msta fokus p\u00e5 medicinteknik.","breadcrumb":{"@id":"https:\/\/www.elanders.com\/sv\/kundsegment\/health-care\/#breadcrumb"},"inLanguage":"sv-SE","potentialAction":[{"@type":"ReadAction","target":["https:\/\/www.elanders.com\/sv\/kundsegment\/health-care\/"]}]},{"@type":"BreadcrumbList","@id":"https:\/\/www.elanders.com\/sv\/kundsegment\/health-care\/#breadcrumb","itemListElement":[{"@type":"ListItem","position":1,"name":"Home","item":"https:\/\/www.elanders.com\/sv\/"},{"@type":"ListItem","position":2,"name":"Kundsegment","item":"https:\/\/www.elanders.com\/sv\/kundsegment\/"},{"@type":"ListItem","position":3,"name":"Health Care"}]},{"@type":"WebSite","@id":"https:\/\/www.elanders.com\/#website","url":"https:\/\/www.elanders.com\/","name":"Welcome to Elanders - Elanders Group","description":"","potentialAction":[{"@type":"SearchAction","target":{"@type":"EntryPoint","urlTemplate":"https:\/\/www.elanders.com\/?s={search_term_string}"},"query-input":{"@type":"PropertyValueSpecification","valueRequired":true,"valueName":"search_term_string"}}],"inLanguage":"sv-SE"}]}},"_links":{"self":[{"href":"https:\/\/www.elanders.com\/sv\/wp-json\/wp\/v2\/pages\/25448","targetHints":{"allow":["GET"]}}],"collection":[{"href":"https:\/\/www.elanders.com\/sv\/wp-json\/wp\/v2\/pages"}],"about":[{"href":"https:\/\/www.elanders.com\/sv\/wp-json\/wp\/v2\/types\/page"}],"author":[{"embeddable":true,"href":"https:\/\/www.elanders.com\/sv\/wp-json\/wp\/v2\/users\/2"}],"replies":[{"embeddable":true,"href":"https:\/\/www.elanders.com\/sv\/wp-json\/wp\/v2\/comments?post=25448"}],"version-history":[{"count":10,"href":"https:\/\/www.elanders.com\/sv\/wp-json\/wp\/v2\/pages\/25448\/revisions"}],"predecessor-version":[{"id":31992,"href":"https:\/\/www.elanders.com\/sv\/wp-json\/wp\/v2\/pages\/25448\/revisions\/31992"}],"up":[{"embeddable":true,"href":"https:\/\/www.elanders.com\/sv\/wp-json\/wp\/v2\/pages\/25419"}],"wp:attachment":[{"href":"https:\/\/www.elanders.com\/sv\/wp-json\/wp\/v2\/media?parent=25448"}],"curies":[{"name":"wp","href":"https:\/\/api.w.org\/{rel}","templated":true}]}}