{"id":25455,"date":"2024-09-27T08:11:42","date_gmt":"2024-09-27T08:11:42","guid":{"rendered":"https:\/\/www.elanders.com\/kundsegment\/industrial\/"},"modified":"2026-03-23T09:44:38","modified_gmt":"2026-03-23T08:44:38","slug":"industrial","status":"publish","type":"page","link":"https:\/\/www.elanders.com\/sv\/kundsegment\/industrial\/","title":{"rendered":"Industrial"},"content":{"rendered":"\n<p><\/p>\n\n\n<section id=\"\" class=\"text-block  space-bottom-yes space-top-yes text-block-id-69d37c3129e45 bg-color-white text-color-black\">                \r\n                    <div class=\"container\">  \r\n                                              \r\n                        <div class=\"row\">                                        \r\n                        <div class=\"col\">\r\n                            <h1 class=\"textBlock-headline left \">Industrial \u2013 lyh\u00f6rdhet skapar framg\u00e5ng<\/h1>\r\n                             \r\n                        <\/div>       \r\n                                                          \r\n                    <\/div>    \r\n                                               \r\n                        <div class=\"row text\">\r\n                        <div class=\"col\">\r\n                            <div class=\"textBlock-text text-block-html  \">\r\n                                <p class=\"wp-block-wt-text-block\"><strong><strong><strong>Elanders har en stark position i kundsegmentet Industrial och hanterar allt fr\u00e5n mindre produkter till stora logistiskt komplexa konstruktioner och l\u00f6sningar. Med stor lyh\u00f6rdhet f\u00f6r kundernas behov s\u00e4kerst\u00e4ller koncernen den h\u00f6ga leveransprecision och servicekvalitet som efterfr\u00e5gas.<\/strong><\/strong><\/strong><\/p>\n\r\n                            <\/div>\r\n                        <\/div>                                        \r\n                    <\/div>                                              \r\n                    <\/div>                                \r\n            <\/section>\n\n<section class=\"quick-facts-block bg-color-gray\">  \r\n              <div class=\"container\">              \r\n                <div class=\"row d-flex justify-content-center align-items-center\">\r\n                    <div class=\"col-lg-4 col-md-6 mt-4 mb-4 text-center\">\r\n                                <p class='quick-fact-number text-blue75'>2<\/p>\r\n                                <p class=\"quick-fact-text-2 text-blue75\">miljoner<\/p>\r\n                                <hr class=\"horizontal-line black\" \/>\r\n                                <p class=\"quick-fact-text-3 text-black\">utleveranser fr\u00e5n Elanders lager varje \u00e5r<br\/>(FY 2025)<\/p>\r\n                            <\/div><div class=\"col-lg-4 col-md-6 mt-4 mb-4 text-center\">\r\n                                <p class='quick-fact-number text-blue75'>230<\/p>\r\n                                <p class=\"quick-fact-text-2 text-blue75\">tusen<\/p>\r\n                                <hr class=\"horizontal-line black\" \/>\r\n                                <p class=\"quick-fact-text-3 text-black\">m<sup>2<\/sup> i total yta p\u00e5 anl\u00e4ggningar inom koncernen<br\/>(FY 2025)<\/p>\r\n                            <\/div><div class=\"col-lg-4 col-md-6 mt-4 mb-4 text-center\">\r\n                                <p class='quick-fact-number text-blue75'>13<\/p>\r\n                                <p class=\"quick-fact-text-2 text-blue75\">procent<\/p>\r\n                                <hr class=\"horizontal-line black\" \/>\r\n                                <p class=\"quick-fact-text-3 text-black\">av Elanders totala oms\u00e4ttning<br\/>(FY 2025)<\/p>\r\n                            <\/div>\r\n                <\/div>                                                                \r\n              <\/div>\r\n            <\/section>\n\n\n<div style=\"height:15px\" aria-hidden=\"true\" class=\"wp-block-spacer\"><\/div>\n\n\n<section id=\"\" class=\"text-block  space-bottom-no space-top-yes text-block-id-69d37c312a671 bg-color-white text-color-black\">                \r\n                    <div class=\"container\">  \r\n                                              \r\n                        <div class=\"row\">                                        \r\n                        <div class=\"col\">\r\n                            <h3 class=\"textBlock-headline left \">Anpassade l\u00f6sningar till r\u00e4tt kostnad<\/h3>\r\n                             <hr class='horizontal-line' \/>\r\n                        <\/div>       \r\n                                                          \r\n                    <\/div>    \r\n                                               \r\n                        <div class=\"row text\">\r\n                        <div class=\"col\">\r\n                            <div class=\"textBlock-text text-block-html  \">\r\n                                <p class=\"wp-block-wt-text-block\">Industriella tillverkare beh\u00f6ver i dag kontroll och effektivitet genom hela v\u00e4rdekedjan f\u00f6r att kunna vara konkurrenskraftiga. Tillverkningskostnader m\u00e5ste optimeras, ledtiderna h\u00e5llas korta och produktkvaliteten och leveransprecisionen m\u00e5ste vara h\u00f6g. Hela v\u00e4gen fr\u00e5n f\u00f6rs\u00f6rjningskedjan till eftermarknad \u00e4r logistiken en avg\u00f6rande faktor f\u00f6r framg\u00e5ng.<\/p>\n<p>Elanders erbjuder logistikl\u00f6sningar anpassade f\u00f6r alla typer av industriella kunder och s\u00e4kerst\u00e4ller att s\u00e5v\u00e4l f\u00e4rdiga produkter som komponenter och produktionsrelaterat material levereras till r\u00e4tt plats vid r\u00e4tt tidpunkt. Koncernen hanterar inte bara distributions- och transportlogistik genom f\u00f6rs\u00f6rjningskedjan, kunderna f\u00e5r \u00e4ven \u00f6nskad flexibilitet med skr\u00e4ddarsydda l\u00f6sningar anpassade f\u00f6r just deras verksamhet.<\/p>\n<p>Koncernen erbjuder ocks\u00e5 industriella logistikl\u00f6sningar i kombination med v\u00e4rdeadderande tj\u00e4nster f\u00f6r att effektivisera kundernas tillverknings- och monteringsprocesser. Dessa inkluderar bland annat kittning, enklare tillverkning, sp\u00e4nningstester av batterier, funktionstester samt reng\u00f6ring av \u00e5teranv\u00e4ndbara plastl\u00e5dor eller andra lastb\u00e4rare. Dessutom kan Elanders ta \u00f6ver utvalda monteringssteg, som montering av moduler som sedan levereras just-in-time in i kundens produktion. Utifr\u00e5n kundens behov kan \u00e4ven f\u00e4rdig utrustning levereras och installeras direkt hos slutkund.<\/p>\n\r\n                            <\/div>\r\n                        <\/div>                                        \r\n                    <\/div>                                              \r\n                    <\/div>                                \r\n            <\/section>\n\n<section id=\"\" class=\"text-block  space-bottom-no space-top-yes text-block-id-69d37c312a785 bg-color-white text-color-black\">                \r\n                    <div class=\"container\">  \r\n                        <div class=\"row\">                                        \r\n                        <div class=\"col\">\r\n                            <h3 class=\"textBlock-headline \">Elanders i kundernas v\u00e4rdekedja<\/h3>\r\n                    \r\n                        <\/div>       \r\n                                                          \r\n                    <\/div>    \r\n                        <hr class='horizontal-line' \/>\r\n                                               \r\n                        <div class=\"row text\">\r\n                        <div class=\"col\">\r\n                            <div class=\"textBlock-text mt-4 text-block-html \">\r\n                                <p class=\"wp-block-wt-image-text-block\">\n\r\n                            <\/div>\r\n                        <\/div>                                        \r\n                    <\/div>                                              \r\n                    <\/div>                                \r\n            <\/section>\n\n<section class=\"image-gallery-block\">  \r\n  <div class=\"container  bg-color-white\">              \r\n        <div class=\"\">\r\n            <div class=\"row\">\r\n                <div class=\"img-block col-12\">         \r\n                       \t   <img decoding=\"async\" loading=\"lazy\" alt=\"VC Industr\" id=\"img-block-69d37c312a884\" class=\"img-block desktop-padding-top desktop-padding-right desktop-padding-bottom desktop-padding-left tablet-padding-top tablet-padding-right tablet-padding-bottom tablet-padding-left mobile-padding-top mobile-padding-right mobile-padding-bottom mobile-padding-left \" src=\"http:\/\/www.elanders.com\/wp-content\/uploads\/2025\/03\/VC25-industr.svg\" \/> \r\n                <\/div>\r\n            <\/div>\r\n        <\/div>                                                            \r\n    <\/section><style> #img-block-69d37c312a884.desktop-padding-top { padding-top: 0px; } #img-block-69d37c312a884.desktop-padding-right { padding-right: 200px; } #img-block-69d37c312a884.desktop-padding-bottom { padding-bottom: 0px; } #img-block-69d37c312a884.desktop-padding-left { padding-left: 200px; }@media only screen and (max-width: 991px) {  #img-block-69d37c312a884.tablet-padding-top { padding-top: 0px; }} @media only screen and (max-width: 991px) {  #img-block-69d37c312a884.tablet-padding-right { padding-right: 0px; }} @media only screen and (max-width: 991px) {  #img-block-69d37c312a884.tablet-padding-bottom { padding-bottom: 0px; }} @media only screen and (max-width: 991px) {  #img-block-69d37c312a884.tablet-padding-left { padding-left: 0px; }} @media only screen and (max-width: 575px) {  #img-block-69d37c312a884.mobile-padding-top { padding-top: 0px; }} @media only screen and (max-width: 575px) {  #img-block-69d37c312a884.mobile-padding-right { padding-right: 0px; }} @media only screen and (max-width: 575px) {  #img-block-69d37c312a884.mobile-padding-bottom { padding-bottom: 0px; }} @media only screen and (max-width: 575px) {  #img-block-69d37c312a884.mobile-padding-left { padding-left: 0px; }} <\/style>\n\n\n<div style=\"height:50px\" aria-hidden=\"true\" class=\"wp-block-spacer\"><\/div>\n","protected":false},"excerpt":{"rendered":"","protected":false},"author":2,"featured_media":0,"parent":25419,"menu_order":0,"comment_status":"closed","ping_status":"closed","template":"","meta":{"footnotes":""},"class_list":["post-25455","page","type-page","status-publish","hentry"],"yoast_head":"<!-- This site is optimized with the Yoast SEO plugin v27.2 - https:\/\/yoast.com\/product\/yoast-seo-wordpress\/ -->\n<title>Industrial - Elanders Group<\/title>\n<meta name=\"description\" content=\"Elanders har en stark position i kundsegmentet Industrial och hanterar allt fr\u00e5n mindre produkter till stora, logistiskt komplexa konstruktioner och l\u00f6sningar.\" \/>\n<meta name=\"robots\" content=\"index, follow, max-snippet:-1, max-image-preview:large, max-video-preview:-1\" \/>\n<link rel=\"canonical\" href=\"https:\/\/www.elanders.com\/sv\/kundsegment\/industrial\/\" \/>\n<meta property=\"og:locale\" content=\"sv_SE\" \/>\n<meta property=\"og:type\" content=\"article\" \/>\n<meta property=\"og:title\" content=\"Industrial - Elanders Group\" \/>\n<meta property=\"og:description\" content=\"Elanders har en stark position i kundsegmentet Industrial och hanterar allt fr\u00e5n mindre produkter till stora, logistiskt komplexa konstruktioner och l\u00f6sningar.\" \/>\n<meta property=\"og:url\" content=\"https:\/\/www.elanders.com\/sv\/kundsegment\/industrial\/\" \/>\n<meta property=\"og:site_name\" content=\"Elanders Group\" \/>\n<meta property=\"article:modified_time\" content=\"2026-03-23T08:44:38+00:00\" \/>\n<meta name=\"twitter:card\" content=\"summary_large_image\" \/>\n<meta name=\"twitter:label1\" content=\"Ber\u00e4knad l\u00e4stid\" \/>\n\t<meta name=\"twitter:data1\" content=\"1 minut\" \/>\n<script type=\"application\/ld+json\" class=\"yoast-schema-graph\">{\"@context\":\"https:\/\/schema.org\",\"@graph\":[{\"@type\":\"WebPage\",\"@id\":\"https:\/\/www.elanders.com\/sv\/kundsegment\/industrial\/\",\"url\":\"https:\/\/www.elanders.com\/sv\/kundsegment\/industrial\/\",\"name\":\"Industrial - Elanders Group\",\"isPartOf\":{\"@id\":\"https:\/\/www.elanders.com\/#website\"},\"datePublished\":\"2024-09-27T08:11:42+00:00\",\"dateModified\":\"2026-03-23T08:44:38+00:00\",\"description\":\"Elanders har en stark position i kundsegmentet Industrial och hanterar allt fr\u00e5n mindre produkter till stora, logistiskt komplexa konstruktioner och l\u00f6sningar.\",\"breadcrumb\":{\"@id\":\"https:\/\/www.elanders.com\/sv\/kundsegment\/industrial\/#breadcrumb\"},\"inLanguage\":\"sv-SE\",\"potentialAction\":[{\"@type\":\"ReadAction\",\"target\":[\"https:\/\/www.elanders.com\/sv\/kundsegment\/industrial\/\"]}]},{\"@type\":\"BreadcrumbList\",\"@id\":\"https:\/\/www.elanders.com\/sv\/kundsegment\/industrial\/#breadcrumb\",\"itemListElement\":[{\"@type\":\"ListItem\",\"position\":1,\"name\":\"Home\",\"item\":\"https:\/\/www.elanders.com\/sv\/\"},{\"@type\":\"ListItem\",\"position\":2,\"name\":\"Kundsegment\",\"item\":\"https:\/\/www.elanders.com\/sv\/kundsegment\/\"},{\"@type\":\"ListItem\",\"position\":3,\"name\":\"Industrial\"}]},{\"@type\":\"WebSite\",\"@id\":\"https:\/\/www.elanders.com\/#website\",\"url\":\"https:\/\/www.elanders.com\/\",\"name\":\"Welcome to Elanders - Elanders Group\",\"description\":\"\",\"potentialAction\":[{\"@type\":\"SearchAction\",\"target\":{\"@type\":\"EntryPoint\",\"urlTemplate\":\"https:\/\/www.elanders.com\/?s={search_term_string}\"},\"query-input\":{\"@type\":\"PropertyValueSpecification\",\"valueRequired\":true,\"valueName\":\"search_term_string\"}}],\"inLanguage\":\"sv-SE\"}]}<\/script>\n<!-- \/ Yoast SEO plugin. -->","yoast_head_json":{"title":"Industrial - Elanders Group","description":"Elanders har en stark position i kundsegmentet Industrial och hanterar allt fr\u00e5n mindre produkter till stora, logistiskt komplexa konstruktioner och l\u00f6sningar.","robots":{"index":"index","follow":"follow","max-snippet":"max-snippet:-1","max-image-preview":"max-image-preview:large","max-video-preview":"max-video-preview:-1"},"canonical":"https:\/\/www.elanders.com\/sv\/kundsegment\/industrial\/","og_locale":"sv_SE","og_type":"article","og_title":"Industrial - Elanders Group","og_description":"Elanders har en stark position i kundsegmentet Industrial och hanterar allt fr\u00e5n mindre produkter till stora, logistiskt komplexa konstruktioner och l\u00f6sningar.","og_url":"https:\/\/www.elanders.com\/sv\/kundsegment\/industrial\/","og_site_name":"Elanders Group","article_modified_time":"2026-03-23T08:44:38+00:00","twitter_card":"summary_large_image","twitter_misc":{"Ber\u00e4knad l\u00e4stid":"1 minut"},"schema":{"@context":"https:\/\/schema.org","@graph":[{"@type":"WebPage","@id":"https:\/\/www.elanders.com\/sv\/kundsegment\/industrial\/","url":"https:\/\/www.elanders.com\/sv\/kundsegment\/industrial\/","name":"Industrial - Elanders Group","isPartOf":{"@id":"https:\/\/www.elanders.com\/#website"},"datePublished":"2024-09-27T08:11:42+00:00","dateModified":"2026-03-23T08:44:38+00:00","description":"Elanders har en stark position i kundsegmentet Industrial och hanterar allt fr\u00e5n mindre produkter till stora, logistiskt komplexa konstruktioner och l\u00f6sningar.","breadcrumb":{"@id":"https:\/\/www.elanders.com\/sv\/kundsegment\/industrial\/#breadcrumb"},"inLanguage":"sv-SE","potentialAction":[{"@type":"ReadAction","target":["https:\/\/www.elanders.com\/sv\/kundsegment\/industrial\/"]}]},{"@type":"BreadcrumbList","@id":"https:\/\/www.elanders.com\/sv\/kundsegment\/industrial\/#breadcrumb","itemListElement":[{"@type":"ListItem","position":1,"name":"Home","item":"https:\/\/www.elanders.com\/sv\/"},{"@type":"ListItem","position":2,"name":"Kundsegment","item":"https:\/\/www.elanders.com\/sv\/kundsegment\/"},{"@type":"ListItem","position":3,"name":"Industrial"}]},{"@type":"WebSite","@id":"https:\/\/www.elanders.com\/#website","url":"https:\/\/www.elanders.com\/","name":"Welcome to Elanders - Elanders Group","description":"","potentialAction":[{"@type":"SearchAction","target":{"@type":"EntryPoint","urlTemplate":"https:\/\/www.elanders.com\/?s={search_term_string}"},"query-input":{"@type":"PropertyValueSpecification","valueRequired":true,"valueName":"search_term_string"}}],"inLanguage":"sv-SE"}]}},"_links":{"self":[{"href":"https:\/\/www.elanders.com\/sv\/wp-json\/wp\/v2\/pages\/25455","targetHints":{"allow":["GET"]}}],"collection":[{"href":"https:\/\/www.elanders.com\/sv\/wp-json\/wp\/v2\/pages"}],"about":[{"href":"https:\/\/www.elanders.com\/sv\/wp-json\/wp\/v2\/types\/page"}],"author":[{"embeddable":true,"href":"https:\/\/www.elanders.com\/sv\/wp-json\/wp\/v2\/users\/2"}],"replies":[{"embeddable":true,"href":"https:\/\/www.elanders.com\/sv\/wp-json\/wp\/v2\/comments?post=25455"}],"version-history":[{"count":10,"href":"https:\/\/www.elanders.com\/sv\/wp-json\/wp\/v2\/pages\/25455\/revisions"}],"predecessor-version":[{"id":32001,"href":"https:\/\/www.elanders.com\/sv\/wp-json\/wp\/v2\/pages\/25455\/revisions\/32001"}],"up":[{"embeddable":true,"href":"https:\/\/www.elanders.com\/sv\/wp-json\/wp\/v2\/pages\/25419"}],"wp:attachment":[{"href":"https:\/\/www.elanders.com\/sv\/wp-json\/wp\/v2\/media?parent=25455"}],"curies":[{"name":"wp","href":"https:\/\/api.w.org\/{rel}","templated":true}]}}