{"id":25462,"date":"2024-09-27T08:11:56","date_gmt":"2024-09-27T08:11:56","guid":{"rendered":"https:\/\/www.elanders.com\/kundsegment\/other\/"},"modified":"2026-03-23T09:49:15","modified_gmt":"2026-03-23T08:49:15","slug":"other","status":"publish","type":"page","link":"https:\/\/www.elanders.com\/sv\/kundsegment\/other\/","title":{"rendered":"Other"},"content":{"rendered":"<section id=\"\" class=\"text-block  space-bottom-yes space-top-yes text-block-id-69dca48d5a781 bg-color-white text-color-black\">                \r\n                    <div class=\"container\">  \r\n                                              \r\n                        <div class=\"row\">                                        \r\n                        <div class=\"col\">\r\n                            <h1 class=\"textBlock-headline left \">Other \u2013 omfattar betydelsefulla men mindre sektorer<\/h1>\r\n                             \r\n                        <\/div>       \r\n                                                          \r\n                    <\/div>    \r\n                                               \r\n                        <div class=\"row text\">\r\n                        <div class=\"col\">\r\n                            <div class=\"textBlock-text text-block-html  \">\r\n                                <p class=\"wp-block-wt-text-block\"><strong><strong><strong>Kundsegmentet Other \u00e4r en viktig del av koncernens breda aff\u00e4rsmodell. St\u00f6rst oms\u00e4ttningsandel kommer fr\u00e5n online print, d\u00e4r digitaltrycktj\u00e4nster v\u00e4xer snabbt. F\u00f6rlagskunder efterfr\u00e5gar flexibla, prisv\u00e4rda l\u00f6sningar och tredjepartslogistik f\u00f6r FMCG har stark tillv\u00e4xtpotential.<\/strong><\/strong><\/strong><\/p>\n\r\n                            <\/div>\r\n                        <\/div>                                        \r\n                    <\/div>                                              \r\n                    <\/div>                                \r\n            <\/section>\n\n<section class=\"quick-facts-block bg-color-gray\">  \r\n              <div class=\"container\">              \r\n                <div class=\"row d-flex justify-content-center align-items-center\">\r\n                    <div class=\"col-lg-4 col-md-6 mt-4 mb-4 text-center\">\r\n                                <p class='quick-fact-number text-blue75'>3<\/p>\r\n                                <p class=\"quick-fact-text-2 text-blue75\">miljoner<\/p>\r\n                                <hr class=\"horizontal-line black\" \/>\r\n                                <p class=\"quick-fact-text-3 text-black\">fotob\u00f6cker per \u00e5r<br\/>(FY 2025)<\/p>\r\n                            <\/div><div class=\"col-lg-4 col-md-6 mt-4 mb-4 text-center\">\r\n                                <p class='quick-fact-number text-blue75'>315<\/p>\r\n                                <p class=\"quick-fact-text-2 text-blue75\">miljoner<\/p>\r\n                                <hr class=\"horizontal-line black\" \/>\r\n                                <p class=\"quick-fact-text-3 text-black\">glasflaskor hanterade per \u00e5r<br\/>(FY 2025)<\/p>\r\n                            <\/div><div class=\"col-lg-4 col-md-6 mt-4 mb-4 text-center\">\r\n                                <p class='quick-fact-number text-blue75'>17<\/p>\r\n                                <p class=\"quick-fact-text-2 text-blue75\">procent<\/p>\r\n                                <hr class=\"horizontal-line black\" \/>\r\n                                <p class=\"quick-fact-text-3 text-black\">av Elanders totala oms\u00e4ttning<br\/>(FY 2025)<\/p>\r\n                            <\/div>\r\n                <\/div>                                                                \r\n              <\/div>\r\n            <\/section>\n\n\n<div style=\"height:15px\" aria-hidden=\"true\" class=\"wp-block-spacer\"><\/div>\n\n\n<section id=\"\" class=\"text-block  space-bottom-no space-top-yes text-block-id-69dca48d5ad55 bg-color-white text-color-black\">                \r\n                    <div class=\"container\">  \r\n                                              \r\n                        <div class=\"row\">                                        \r\n                        <div class=\"col\">\r\n                            <h3 class=\"textBlock-headline left \">Verksamheter med tillv\u00e4xtpotential<\/h3>\r\n                             <hr class='horizontal-line' \/>\r\n                        <\/div>       \r\n                                                          \r\n                    <\/div>    \r\n                                               \r\n                        <div class=\"row text\">\r\n                        <div class=\"col\">\r\n                            <div class=\"textBlock-text text-block-html  \">\r\n                                <p class=\"wp-block-wt-text-block\">Elanders \u00e4r en global leverant\u00f6r inom tryck och f\u00f6rpackningar med egna produktionsanl\u00e4ggningar i flera l\u00e4nder samt ett omfattande n\u00e4tverk av samarbetspartners. Trots att traditionellt kommersiellt offsettryck i dag fortsatt pr\u00e4glas av kontinuerligt minskade volymer visar digitaltryck fortsatt tillv\u00e4xt. Denna utveckling drivs av \u00f6kad digitalisering, f\u00f6r\u00e4ndrade konsumtionsm\u00f6nster och den v\u00e4xande betydelsen av sociala medier.<\/p>\n<p>Elanders \u00e4r en av de st\u00f6rsta digitaltrycksleverant\u00f6rerna p\u00e5 den europeiska marknaden som inte \u00e4gs av n\u00e5got e-handelsvarum\u00e4rke. Koncernen fungerar b\u00e5de som tryckleverant\u00f6r till de stora varum\u00e4rkena och s\u00e4ljer \u00e4ven direkt till f\u00f6retag och konsumenter via egna digitala kanaler och webbshoppar. Tack vare stordriftsf\u00f6rdelar, h\u00f6g grad av automatisering och optimerade arbetsfl\u00f6den kan Elanders erbjuda trycktj\u00e4nster med h\u00f6g kvalitet, tillf\u00f6rlitlighet och skalbarhet. Detta st\u00e4rker bolagets konkurrenskraft och skapar goda f\u00f6ruts\u00e4ttningar f\u00f6r ytterligare tillv\u00e4xt.<\/p>\n<p>En annan viktig del av kundsegmentet Other utg\u00f6rs, sedan f\u00f6rv\u00e4rvet av Kammac 2023, av FMCG, d\u00e4ribland dryckesindustrin. H\u00e4r levererar koncernen tredjepartslogistiktj\u00e4nster med stor bredd, inklusive lagerh\u00e5llning av b\u00e5de slutprodukter och material f\u00f6r bryggning, e-handelsexpediering samt transportl\u00f6sningar. Med den senaste tekniken och m\u00e5nga \u00e5rs erfarenhet \u00e4r koncernen en v\u00e4rdefull logistikpartner till sina kunder.\u00a0<\/p>\n\r\n                            <\/div>\r\n                        <\/div>                                        \r\n                    <\/div>                                              \r\n                    <\/div>                                \r\n            <\/section>\n\n<section id=\"\" class=\"text-block  space-bottom-no space-top-yes text-block-id-69dca48d5ae3c bg-color-white text-color-black\">                \r\n                    <div class=\"container\">  \r\n                        <div class=\"row\">                                        \r\n                        <div class=\"col\">\r\n                            <h3 class=\"textBlock-headline \">Elanders i kundernas v\u00e4rdekedja<\/h3>\r\n                    \r\n                        <\/div>       \r\n                                                          \r\n                    <\/div>    \r\n                        <hr class='horizontal-line' \/>\r\n                                               \r\n                        <div class=\"row text\">\r\n                        <div class=\"col\">\r\n                            <div class=\"textBlock-text mt-4 text-block-html \">\r\n                                <p class=\"wp-block-wt-image-text-block\">\n\r\n                            <\/div>\r\n                        <\/div>                                        \r\n                    <\/div>                                              \r\n                    <\/div>                                \r\n            <\/section>\n\n<section class=\"image-gallery-block\">  \r\n  <div class=\"container  bg-color-white\">              \r\n        <div class=\"\">\r\n            <div class=\"row\">\r\n                <div class=\"img-block col-12\">         \r\n                       \t   <img decoding=\"async\" loading=\"lazy\" alt=\"VC Other\" id=\"img-block-69dca48d5aee8\" class=\"img-block desktop-padding-top desktop-padding-right desktop-padding-bottom desktop-padding-left tablet-padding-top tablet-padding-right tablet-padding-bottom tablet-padding-left mobile-padding-top mobile-padding-right mobile-padding-bottom mobile-padding-left \" src=\"http:\/\/www.elanders.com\/wp-content\/uploads\/2025\/03\/VC25-other.svg\" \/> \r\n                <\/div>\r\n            <\/div>\r\n        <\/div>                                                            \r\n    <\/section><style> #img-block-69dca48d5aee8.desktop-padding-top { padding-top: 0px; } #img-block-69dca48d5aee8.desktop-padding-right { padding-right: 200px; } #img-block-69dca48d5aee8.desktop-padding-bottom { padding-bottom: 0px; } #img-block-69dca48d5aee8.desktop-padding-left { padding-left: 200px; }@media only screen and (max-width: 991px) {  #img-block-69dca48d5aee8.tablet-padding-top { padding-top: 0px; }} @media only screen and (max-width: 991px) {  #img-block-69dca48d5aee8.tablet-padding-right { padding-right: 0px; }} @media only screen and (max-width: 991px) {  #img-block-69dca48d5aee8.tablet-padding-bottom { padding-bottom: 0px; }} @media only screen and (max-width: 991px) {  #img-block-69dca48d5aee8.tablet-padding-left { padding-left: 0px; }} @media only screen and (max-width: 575px) {  #img-block-69dca48d5aee8.mobile-padding-top { padding-top: 0px; }} @media only screen and (max-width: 575px) {  #img-block-69dca48d5aee8.mobile-padding-right { padding-right: 0px; }} @media only screen and (max-width: 575px) {  #img-block-69dca48d5aee8.mobile-padding-bottom { padding-bottom: 0px; }} @media only screen and (max-width: 575px) {  #img-block-69dca48d5aee8.mobile-padding-left { padding-left: 0px; }} <\/style>\n\n\n<div style=\"height:50px\" aria-hidden=\"true\" class=\"wp-block-spacer\"><\/div>\n","protected":false},"excerpt":{"rendered":"","protected":false},"author":2,"featured_media":0,"parent":25419,"menu_order":0,"comment_status":"closed","ping_status":"closed","template":"","meta":{"footnotes":""},"class_list":["post-25462","page","type-page","status-publish","hentry"],"yoast_head":"<!-- This site is optimized with the Yoast SEO plugin v27.2 - https:\/\/yoast.com\/product\/yoast-seo-wordpress\/ -->\n<title>Other - Elanders Group<\/title>\n<meta name=\"description\" content=\"Olika delar av Elanders verksamhet servar kunder i segmentet Other.\" \/>\n<meta name=\"robots\" content=\"index, follow, max-snippet:-1, max-image-preview:large, max-video-preview:-1\" \/>\n<link rel=\"canonical\" href=\"https:\/\/www.elanders.com\/sv\/kundsegment\/other\/\" \/>\n<meta property=\"og:locale\" content=\"sv_SE\" \/>\n<meta property=\"og:type\" content=\"article\" \/>\n<meta property=\"og:title\" content=\"Other - Elanders Group\" \/>\n<meta property=\"og:description\" content=\"Olika delar av Elanders verksamhet servar kunder i segmentet Other.\" \/>\n<meta property=\"og:url\" content=\"https:\/\/www.elanders.com\/sv\/kundsegment\/other\/\" \/>\n<meta property=\"og:site_name\" content=\"Elanders Group\" \/>\n<meta property=\"article:modified_time\" content=\"2026-03-23T08:49:15+00:00\" \/>\n<meta name=\"twitter:card\" content=\"summary_large_image\" \/>\n<meta name=\"twitter:label1\" content=\"Ber\u00e4knad l\u00e4stid\" \/>\n\t<meta name=\"twitter:data1\" content=\"1 minut\" \/>\n<script type=\"application\/ld+json\" class=\"yoast-schema-graph\">{\"@context\":\"https:\/\/schema.org\",\"@graph\":[{\"@type\":\"WebPage\",\"@id\":\"https:\/\/www.elanders.com\/sv\/kundsegment\/other\/\",\"url\":\"https:\/\/www.elanders.com\/sv\/kundsegment\/other\/\",\"name\":\"Other - Elanders Group\",\"isPartOf\":{\"@id\":\"https:\/\/www.elanders.com\/#website\"},\"datePublished\":\"2024-09-27T08:11:56+00:00\",\"dateModified\":\"2026-03-23T08:49:15+00:00\",\"description\":\"Olika delar av Elanders verksamhet servar kunder i segmentet Other.\",\"breadcrumb\":{\"@id\":\"https:\/\/www.elanders.com\/sv\/kundsegment\/other\/#breadcrumb\"},\"inLanguage\":\"sv-SE\",\"potentialAction\":[{\"@type\":\"ReadAction\",\"target\":[\"https:\/\/www.elanders.com\/sv\/kundsegment\/other\/\"]}]},{\"@type\":\"BreadcrumbList\",\"@id\":\"https:\/\/www.elanders.com\/sv\/kundsegment\/other\/#breadcrumb\",\"itemListElement\":[{\"@type\":\"ListItem\",\"position\":1,\"name\":\"Home\",\"item\":\"https:\/\/www.elanders.com\/sv\/\"},{\"@type\":\"ListItem\",\"position\":2,\"name\":\"Kundsegment\",\"item\":\"https:\/\/www.elanders.com\/sv\/kundsegment\/\"},{\"@type\":\"ListItem\",\"position\":3,\"name\":\"Other\",\"item\":\"https:\/\/www.elanders.com\/sv\/kundsegment\/other\/\"}]},{\"@type\":\"WebSite\",\"@id\":\"https:\/\/www.elanders.com\/#website\",\"url\":\"https:\/\/www.elanders.com\/\",\"name\":\"Welcome to Elanders - Elanders Group\",\"description\":\"\",\"potentialAction\":[{\"@type\":\"SearchAction\",\"target\":{\"@type\":\"EntryPoint\",\"urlTemplate\":\"https:\/\/www.elanders.com\/?s={search_term_string}\"},\"query-input\":{\"@type\":\"PropertyValueSpecification\",\"valueRequired\":true,\"valueName\":\"search_term_string\"}}],\"inLanguage\":\"sv-SE\"}]}<\/script>\n<!-- \/ Yoast SEO plugin. -->","yoast_head_json":{"title":"Other - Elanders Group","description":"Olika delar av Elanders verksamhet servar kunder i segmentet Other.","robots":{"index":"index","follow":"follow","max-snippet":"max-snippet:-1","max-image-preview":"max-image-preview:large","max-video-preview":"max-video-preview:-1"},"canonical":"https:\/\/www.elanders.com\/sv\/kundsegment\/other\/","og_locale":"sv_SE","og_type":"article","og_title":"Other - Elanders Group","og_description":"Olika delar av Elanders verksamhet servar kunder i segmentet Other.","og_url":"https:\/\/www.elanders.com\/sv\/kundsegment\/other\/","og_site_name":"Elanders Group","article_modified_time":"2026-03-23T08:49:15+00:00","twitter_card":"summary_large_image","twitter_misc":{"Ber\u00e4knad l\u00e4stid":"1 minut"},"schema":{"@context":"https:\/\/schema.org","@graph":[{"@type":"WebPage","@id":"https:\/\/www.elanders.com\/sv\/kundsegment\/other\/","url":"https:\/\/www.elanders.com\/sv\/kundsegment\/other\/","name":"Other - Elanders Group","isPartOf":{"@id":"https:\/\/www.elanders.com\/#website"},"datePublished":"2024-09-27T08:11:56+00:00","dateModified":"2026-03-23T08:49:15+00:00","description":"Olika delar av Elanders verksamhet servar kunder i segmentet Other.","breadcrumb":{"@id":"https:\/\/www.elanders.com\/sv\/kundsegment\/other\/#breadcrumb"},"inLanguage":"sv-SE","potentialAction":[{"@type":"ReadAction","target":["https:\/\/www.elanders.com\/sv\/kundsegment\/other\/"]}]},{"@type":"BreadcrumbList","@id":"https:\/\/www.elanders.com\/sv\/kundsegment\/other\/#breadcrumb","itemListElement":[{"@type":"ListItem","position":1,"name":"Home","item":"https:\/\/www.elanders.com\/sv\/"},{"@type":"ListItem","position":2,"name":"Kundsegment","item":"https:\/\/www.elanders.com\/sv\/kundsegment\/"},{"@type":"ListItem","position":3,"name":"Other","item":"https:\/\/www.elanders.com\/sv\/kundsegment\/other\/"}]},{"@type":"WebSite","@id":"https:\/\/www.elanders.com\/#website","url":"https:\/\/www.elanders.com\/","name":"Welcome to Elanders - Elanders Group","description":"","potentialAction":[{"@type":"SearchAction","target":{"@type":"EntryPoint","urlTemplate":"https:\/\/www.elanders.com\/?s={search_term_string}"},"query-input":{"@type":"PropertyValueSpecification","valueRequired":true,"valueName":"search_term_string"}}],"inLanguage":"sv-SE"}]}},"_links":{"self":[{"href":"https:\/\/www.elanders.com\/sv\/wp-json\/wp\/v2\/pages\/25462","targetHints":{"allow":["GET"]}}],"collection":[{"href":"https:\/\/www.elanders.com\/sv\/wp-json\/wp\/v2\/pages"}],"about":[{"href":"https:\/\/www.elanders.com\/sv\/wp-json\/wp\/v2\/types\/page"}],"author":[{"embeddable":true,"href":"https:\/\/www.elanders.com\/sv\/wp-json\/wp\/v2\/users\/2"}],"replies":[{"embeddable":true,"href":"https:\/\/www.elanders.com\/sv\/wp-json\/wp\/v2\/comments?post=25462"}],"version-history":[{"count":10,"href":"https:\/\/www.elanders.com\/sv\/wp-json\/wp\/v2\/pages\/25462\/revisions"}],"predecessor-version":[{"id":32013,"href":"https:\/\/www.elanders.com\/sv\/wp-json\/wp\/v2\/pages\/25462\/revisions\/32013"}],"up":[{"embeddable":true,"href":"https:\/\/www.elanders.com\/sv\/wp-json\/wp\/v2\/pages\/25419"}],"wp:attachment":[{"href":"https:\/\/www.elanders.com\/sv\/wp-json\/wp\/v2\/media?parent=25462"}],"curies":[{"name":"wp","href":"https:\/\/api.w.org\/{rel}","templated":true}]}}