{"id":25467,"date":"2024-09-25T13:58:05","date_gmt":"2024-09-25T13:58:05","guid":{"rendered":"https:\/\/www.elanders.com\/operations\/"},"modified":"2026-03-23T09:59:38","modified_gmt":"2026-03-23T08:59:38","slug":"verksamheter","status":"publish","type":"page","link":"https:\/\/www.elanders.com\/sv\/verksamheter\/","title":{"rendered":"Verksamheter"},"content":{"rendered":"\r\n        <style>\r\n             .showcase-section-block-69e678a54016f {\r\n                background-image: url(https:\/\/www.elanders.com\/wp-content\/uploads\/2025\/03\/25-storage-1-min-scaled.jpg);\r\n                background-attachment: scroll;\r\n                background-size: cover;  \r\n                background-repeat: no-repeat; \r\n                background-position: center center;\r\n                overflow: hidden;\r\n                color:  var(--elarb-white);\r\n            }\r\n\r\n            @media (max-width: 1024px) {\r\n                 .showcase-section-block-69e678a54016f {\r\n                    background-attachment: scroll;\r\n                }\r\n            }\r\n        <\/style><section class=\"showcase-section-block showcase-section-block-69e678a54016f\">   \r\n        <div class=\"container showcase-section-container showcase-section-banner\">\r\n                <div class=\"showcase-section d-flex flex-column align-items-start justify-content-evenly text-start\">\r\n            <div class=\"showcase-content\">\r\n                <h2 class=\"showcase-title\">V\u00e5ra st\u00f6rsta verk&shy;sam&shy;heter<\/h2>\r\n                <p class=\"showcase-description\">Koncernen har cirka 7 000 anst\u00e4llda och verksamhet i ett 20-tal l\u00e4nder p\u00e5 fyra kontinenter<\/p>\r\n                <hr class=\"horizontal-line\">\r\n                  <div class=\"showcase-section-button\">\r\n                    \r\n                  <\/div>\r\n            <\/div>\r\n        <\/div>\r\n        <\/div>\r\n    <\/section>\n\n<section id=\"\" class=\"text-block  space-bottom-yes space-top-yes text-block-id-69e678a5402ce bg-color-white text-color-black\">                \r\n                    <div class=\"container\">  \r\n                                              \r\n                            \r\n                                               \r\n                        <div class=\"row text\">\r\n                        <div class=\"col\">\r\n                            <div class=\"textBlock-text text-block-html  \">\r\n                                <p class=\"wp-block-wt-text-block\"><strong>Genom en rad dotterf\u00f6retag samlade i koncernens st\u00f6rre aff\u00e4rsomr\u00e5de Supply Chain Solutions tillhandah\u00e5ller Elanders sitt breda utbud av integrerade l\u00f6sningar och tj\u00e4nster inom supply chain management. Genom det mindre aff\u00e4rsomr\u00e5det Print &amp; Packaging Solutions erbjuder koncernen \u00e4ven kostnadseffektiva l\u00f6sningar som kan tillgodose kundernas alla behov av tryckt material och f\u00f6rpackningar.<\/strong><br \/><strong><br \/>Tillsammans betj\u00e4nar koncernbolagen sex kundsegment: Automotive, Electronics, Fashion, Health Care, Industrial och Other. Elanders verksamheter str\u00e4cker sig \u00f6ver fyra kontinenter. De viktigaste marknaderna \u00e4r Kina, Tyskland, Singapore, Sverige, Storbritannien och USA. <\/strong><\/p>\n\r\n                            <\/div>\r\n                        <\/div>                                        \r\n                    <\/div>                                              \r\n                    <\/div>                                \r\n            <\/section>\n\n<section class=\"square-block square-background-white\" id=\"squares_69e678a540563\">\r\n                <div class=\"container-fluid\">\r\n                 <div class=\"row\">\r\n                           <div class=\"square-container d-flex flex-row flex-wrap justify-content-center\">\r\n                               \r\n                <div class=\"square-item square-items-type-2 mb-5 card-1\" style=\"background-color:#f5f5f5 \">\r\n                    <p class=\"square-headline mt-3 text-start\">SUPPLY CHAIN SOLUTIONS<\/span><\/p>\r\n                    <hr class=\"horizontal-line\"\/>\r\n                    <div class=\"d-flex justify-content-start\">\r\n                        <img decoding=\"async\" loading=\"lazy\" class=\"square-image-type-2\" alt=\"Flexibilitet och ett starkt kundfokus\" src=\"http:\/\/www.elanders.com\/wp-content\/uploads\/2024\/11\/LGI2022-270-3.svg\" \/>\r\n                    <\/div>\r\n                    <hr class=\"horizontal-line\"\/>\r\n                    <h2 class=\"square-headline mt-3 text-start\">Flexibilitet och ett starkt kundfokus<\/span><\/h2>\r\n                    <div class=\"square-description square-description-main  mt-3\"><p style=\"text-align: left;\">Med huvudkontor i Tyskland \u00e4r LGI en global ledande leverant\u00f6r av logistiktj\u00e4nster som erbjuder en rad integrerade l\u00f6sningar f\u00f6r hantering av f\u00f6rs\u00f6rjningskedjan, fr\u00e5n kontraktslogistik till transport- och speditionstj\u00e4nster, regionalt eller internationellt, i b\u00e5de multikanal- och omnikanalfl\u00f6den.<\/p>\n<\/div>   \r\n                    \r\n                    <div class=\"btn-wrapper mt-5\"><a href=\"\/sv\/verksamheter\/lgi\/\" target=\"_self\" class=\"btn-full btn-full-blue\">L\u00e4s mer om LGI<\/a><\/div>                    \r\n                <\/div>  \r\n       \r\n                <div class=\"square-item square-items-type-2 mb-5 card-2\" style=\"background-color:#f5f5f5 \">\r\n                    <p class=\"square-headline mt-3 text-start\">SUPPLY CHAIN SOLUTIONS<\/span><\/p>\r\n                    <hr class=\"horizontal-line\"\/>\r\n                    <div class=\"d-flex justify-content-start\">\r\n                        <img decoding=\"async\" loading=\"lazy\" class=\"square-image-type-2\" alt=\"Fr\u00e5n komplexitet till f\u00f6rspr\u00e5ng\" src=\"http:\/\/www.elanders.com\/wp-content\/uploads\/2024\/11\/MENTOR2022-270-3.svg\" \/>\r\n                    <\/div>\r\n                    <hr class=\"horizontal-line\"\/>\r\n                    <h2 class=\"square-headline mt-3 text-start\">Fr\u00e5n komplexitet till f\u00f6rspr\u00e5ng<\/span><\/h2>\r\n                    <div class=\"square-description square-description-main  mt-3\"><p style=\"text-align: left;\">Med huvudkontor i Singapore \u00e4r Mentor Media en ledande leverant\u00f6r av l\u00f6sningar f\u00f6r hantering av leveranskedjan p\u00e5 ett s\u00e4tt som \u00e4r h\u00e5llbart f\u00f6r kunder, intressenter och samh\u00e4llet i stort. Bolagets omfattande tj\u00e4nster anpassas f\u00f6r att m\u00f6ta kundernas varierande behov.<\/p>\n<\/div>   \r\n                    \r\n                    <div class=\"btn-wrapper mt-5\"><a href=\"\/sv\/verksamheter\/mentor-media\/\" target=\"_self\" class=\"btn-full btn-full-blue\">L\u00e4s mer om Mentor Media<\/a><\/div>                    \r\n                <\/div>  \r\n       \r\n                <div class=\"square-item square-items-type-2 mb-5 card-3\" style=\"background-color:#f5f5f5 \">\r\n                    <p class=\"square-headline mt-3 text-start\">SUPPLY CHAIN SOLUTIONS<\/span><\/p>\r\n                    <hr class=\"horizontal-line\"\/>\r\n                    <div class=\"d-flex justify-content-start\">\r\n                        <img decoding=\"async\" loading=\"lazy\" class=\"square-image-type-2\" alt=\"Global r\u00e4ckvidd p\u00e5 en enda plattform\" src=\"http:\/\/www.elanders.com\/wp-content\/uploads\/2024\/11\/BL2022-270-3.svg\" \/>\r\n                    <\/div>\r\n                    <hr class=\"horizontal-line\"\/>\r\n                    <h2 class=\"square-headline mt-3 text-start\">Global r\u00e4ckvidd p\u00e5 en enda plattform<\/span><\/h2>\r\n                    <div class=\"square-description square-description-main  mt-3\"><p style=\"text-align: left;\">Med huvudkontor p\u00e5 den amerikanska \u00f6stkusten \u00e4r Bergen Logistics ett ledande kontraktslogistikf\u00f6retag och omnikanalexpert som tack vare sin egenutvecklade WMS-plattform CloudX kan hantera ett stort antal kunder p\u00e5 ett effektivt och l\u00f6nsamt s\u00e4tt.<\/p>\n<\/div>   \r\n                    \r\n                    <div class=\"btn-wrapper mt-5\"><a href=\"\/sv\/verksamheter\/bergen-logistics\/\" target=\"_self\" class=\"btn-full btn-full-blue\">L\u00e4s mer om Bergen Logistics<\/a><\/div>                    \r\n                <\/div>  \r\n       \r\n                <div class=\"square-item square-items-type-2 mb-5 card-4\" style=\"background-color:#f5f5f5 \">\r\n                    <p class=\"square-headline mt-3 text-start\">SUPPLY CHAIN SOLUTIONS<\/span><\/p>\r\n                    <hr class=\"horizontal-line\"\/>\r\n                    <div class=\"d-flex justify-content-start\">\r\n                        <img decoding=\"async\" loading=\"lazy\" class=\"square-image-type-2\" alt=\"Kompletterande kompetens och erfarenhet\" src=\"http:\/\/www.elanders.com\/wp-content\/uploads\/2026\/03\/KAMMAC_BISHOPSGATE_540.svg\" \/>\r\n                    <\/div>\r\n                    <hr class=\"horizontal-line\"\/>\r\n                    <h2 class=\"square-headline mt-3 text-start\">Kompletterande kompetens och erfarenhet<\/span><\/h2>\r\n                    <div class=\"square-description square-description-main  mt-3\"><p style=\"text-align: left;\">Kammac \u00e4r en flexibel och p\u00e5litlig brittisk leverant\u00f6r av kontraktslogistik som tillhandah\u00e5ller supply chain management-tj\u00e4nster till ett brett spektrum av f\u00f6retag. Aff\u00e4rsmodellen bygger p\u00e5 anpassning och smidighet enligt kundens behov. Bishopsgate \u00e4r ett marknadsledande speciallogistik-, leverans- och installationsf\u00f6retag verksamt i hela Storbritannien och p\u00e5 Irland.<\/p>\n<\/div>   \r\n                    \r\n                    <div class=\"btn-wrapper mt-5\"><a href=\"\/sv\/verksamheter\/kammac\/\" target=\"_self\" class=\"btn-full btn-full-blue\">L\u00e4s mer om Kammac och Bishopsgate<\/a><\/div>                    \r\n                <\/div>  \r\n       \r\n                <div class=\"square-item square-items-type-2 mb-5 card-5\" style=\"background-color:#f5f5f5 \">\r\n                    <p class=\"square-headline mt-3 text-start\">PRINT &#038; PACKAGING SOLUTIONS<\/span><\/p>\r\n                    <hr class=\"horizontal-line\"\/>\r\n                    <div class=\"d-flex justify-content-start\">\r\n                        <img decoding=\"async\" loading=\"lazy\" class=\"square-image-type-2\" alt=\"Idealisk position p\u00e5 en ny tryckmarknad\" src=\"http:\/\/www.elanders.com\/wp-content\/uploads\/2025\/11\/PP-Ope_2025.svg\" \/>\r\n                    <\/div>\r\n                    <hr class=\"horizontal-line\"\/>\r\n                    <h2 class=\"square-headline mt-3 text-start\">Idealisk position p\u00e5 en ny tryckmarknad<\/span><\/h2>\r\n                    <div class=\"square-description square-description-main  mt-3\"><p style=\"text-align: left;\">Med \u00f6ver 100 \u00e5rs erfarenhet av den grafiska branschen erbjuder Elanders Print &amp; Packaging koncentrerade, kostnadseffektiva och innovativa l\u00f6sningar som utnyttjar den senaste digitala teknikens effektivitet och flexibilitet f\u00f6r att uppfylla kundernas behov, s\u00e5v\u00e4l lokalt som globalt.<\/p>\n<\/div>   \r\n                    \r\n                    <div class=\"btn-wrapper mt-5\"><a href=\"\/sv\/verksamheter\/elanders-print-packaging\/\" target=\"_self\" class=\"btn-full btn-full-blue\">L\u00e4s mer om Elanders Print &#038; Packaging<\/a><\/div>                    \r\n                <\/div>  \r\n       \r\n                            <\/div>\r\n                 <\/div>\r\n                <\/div>   \r\n            <\/section>\r\n            ","protected":false},"excerpt":{"rendered":"","protected":false},"author":2,"featured_media":0,"parent":0,"menu_order":0,"comment_status":"closed","ping_status":"closed","template":"","meta":{"footnotes":""},"class_list":["post-25467","page","type-page","status-publish","hentry"],"yoast_head":"<!-- This site is optimized with the Yoast SEO plugin v27.2 - https:\/\/yoast.com\/product\/yoast-seo-wordpress\/ -->\n<title>Verksamheter - Elanders Group<\/title>\n<meta name=\"description\" content=\"Elanders tillhandah\u00e5ller sitt breda tj\u00e4nsteutbud av integrerade l\u00f6sningar inom supply chain management genom en rad dotterf\u00f6retag.\" \/>\n<meta name=\"robots\" content=\"index, follow, max-snippet:-1, max-image-preview:large, max-video-preview:-1\" \/>\n<link rel=\"canonical\" href=\"https:\/\/www.elanders.com\/sv\/verksamheter\/\" \/>\n<meta property=\"og:locale\" content=\"sv_SE\" \/>\n<meta property=\"og:type\" content=\"article\" \/>\n<meta property=\"og:title\" content=\"Verksamheter - Elanders Group\" \/>\n<meta property=\"og:description\" content=\"Elanders tillhandah\u00e5ller sitt breda tj\u00e4nsteutbud av integrerade l\u00f6sningar inom supply chain management genom en rad dotterf\u00f6retag.\" \/>\n<meta property=\"og:url\" content=\"https:\/\/www.elanders.com\/sv\/verksamheter\/\" \/>\n<meta property=\"og:site_name\" content=\"Elanders Group\" \/>\n<meta property=\"article:modified_time\" content=\"2026-03-23T08:59:38+00:00\" \/>\n<meta name=\"twitter:card\" content=\"summary_large_image\" \/>\n<meta name=\"twitter:label1\" content=\"Ber\u00e4knad l\u00e4stid\" \/>\n\t<meta name=\"twitter:data1\" content=\"1 minut\" \/>\n<script type=\"application\/ld+json\" class=\"yoast-schema-graph\">{\"@context\":\"https:\/\/schema.org\",\"@graph\":[{\"@type\":\"WebPage\",\"@id\":\"https:\/\/www.elanders.com\/sv\/verksamheter\/\",\"url\":\"https:\/\/www.elanders.com\/sv\/verksamheter\/\",\"name\":\"Verksamheter - Elanders Group\",\"isPartOf\":{\"@id\":\"https:\/\/www.elanders.com\/#website\"},\"datePublished\":\"2024-09-25T13:58:05+00:00\",\"dateModified\":\"2026-03-23T08:59:38+00:00\",\"description\":\"Elanders tillhandah\u00e5ller sitt breda tj\u00e4nsteutbud av integrerade l\u00f6sningar inom supply chain management genom en rad dotterf\u00f6retag.\",\"breadcrumb\":{\"@id\":\"https:\/\/www.elanders.com\/sv\/verksamheter\/#breadcrumb\"},\"inLanguage\":\"sv-SE\",\"potentialAction\":[{\"@type\":\"ReadAction\",\"target\":[\"https:\/\/www.elanders.com\/sv\/verksamheter\/\"]}]},{\"@type\":\"BreadcrumbList\",\"@id\":\"https:\/\/www.elanders.com\/sv\/verksamheter\/#breadcrumb\",\"itemListElement\":[{\"@type\":\"ListItem\",\"position\":1,\"name\":\"Home\",\"item\":\"https:\/\/www.elanders.com\/sv\/\"},{\"@type\":\"ListItem\",\"position\":2,\"name\":\"Verksamheter\"}]},{\"@type\":\"WebSite\",\"@id\":\"https:\/\/www.elanders.com\/#website\",\"url\":\"https:\/\/www.elanders.com\/\",\"name\":\"Welcome to Elanders - Elanders Group\",\"description\":\"\",\"potentialAction\":[{\"@type\":\"SearchAction\",\"target\":{\"@type\":\"EntryPoint\",\"urlTemplate\":\"https:\/\/www.elanders.com\/?s={search_term_string}\"},\"query-input\":{\"@type\":\"PropertyValueSpecification\",\"valueRequired\":true,\"valueName\":\"search_term_string\"}}],\"inLanguage\":\"sv-SE\"}]}<\/script>\n<!-- \/ Yoast SEO plugin. -->","yoast_head_json":{"title":"Verksamheter - Elanders Group","description":"Elanders tillhandah\u00e5ller sitt breda tj\u00e4nsteutbud av integrerade l\u00f6sningar inom supply chain management genom en rad dotterf\u00f6retag.","robots":{"index":"index","follow":"follow","max-snippet":"max-snippet:-1","max-image-preview":"max-image-preview:large","max-video-preview":"max-video-preview:-1"},"canonical":"https:\/\/www.elanders.com\/sv\/verksamheter\/","og_locale":"sv_SE","og_type":"article","og_title":"Verksamheter - Elanders Group","og_description":"Elanders tillhandah\u00e5ller sitt breda tj\u00e4nsteutbud av integrerade l\u00f6sningar inom supply chain management genom en rad dotterf\u00f6retag.","og_url":"https:\/\/www.elanders.com\/sv\/verksamheter\/","og_site_name":"Elanders Group","article_modified_time":"2026-03-23T08:59:38+00:00","twitter_card":"summary_large_image","twitter_misc":{"Ber\u00e4knad l\u00e4stid":"1 minut"},"schema":{"@context":"https:\/\/schema.org","@graph":[{"@type":"WebPage","@id":"https:\/\/www.elanders.com\/sv\/verksamheter\/","url":"https:\/\/www.elanders.com\/sv\/verksamheter\/","name":"Verksamheter - Elanders Group","isPartOf":{"@id":"https:\/\/www.elanders.com\/#website"},"datePublished":"2024-09-25T13:58:05+00:00","dateModified":"2026-03-23T08:59:38+00:00","description":"Elanders tillhandah\u00e5ller sitt breda tj\u00e4nsteutbud av integrerade l\u00f6sningar inom supply chain management genom en rad dotterf\u00f6retag.","breadcrumb":{"@id":"https:\/\/www.elanders.com\/sv\/verksamheter\/#breadcrumb"},"inLanguage":"sv-SE","potentialAction":[{"@type":"ReadAction","target":["https:\/\/www.elanders.com\/sv\/verksamheter\/"]}]},{"@type":"BreadcrumbList","@id":"https:\/\/www.elanders.com\/sv\/verksamheter\/#breadcrumb","itemListElement":[{"@type":"ListItem","position":1,"name":"Home","item":"https:\/\/www.elanders.com\/sv\/"},{"@type":"ListItem","position":2,"name":"Verksamheter"}]},{"@type":"WebSite","@id":"https:\/\/www.elanders.com\/#website","url":"https:\/\/www.elanders.com\/","name":"Welcome to Elanders - Elanders Group","description":"","potentialAction":[{"@type":"SearchAction","target":{"@type":"EntryPoint","urlTemplate":"https:\/\/www.elanders.com\/?s={search_term_string}"},"query-input":{"@type":"PropertyValueSpecification","valueRequired":true,"valueName":"search_term_string"}}],"inLanguage":"sv-SE"}]}},"_links":{"self":[{"href":"https:\/\/www.elanders.com\/sv\/wp-json\/wp\/v2\/pages\/25467","targetHints":{"allow":["GET"]}}],"collection":[{"href":"https:\/\/www.elanders.com\/sv\/wp-json\/wp\/v2\/pages"}],"about":[{"href":"https:\/\/www.elanders.com\/sv\/wp-json\/wp\/v2\/types\/page"}],"author":[{"embeddable":true,"href":"https:\/\/www.elanders.com\/sv\/wp-json\/wp\/v2\/users\/2"}],"replies":[{"embeddable":true,"href":"https:\/\/www.elanders.com\/sv\/wp-json\/wp\/v2\/comments?post=25467"}],"version-history":[{"count":12,"href":"https:\/\/www.elanders.com\/sv\/wp-json\/wp\/v2\/pages\/25467\/revisions"}],"predecessor-version":[{"id":32025,"href":"https:\/\/www.elanders.com\/sv\/wp-json\/wp\/v2\/pages\/25467\/revisions\/32025"}],"wp:attachment":[{"href":"https:\/\/www.elanders.com\/sv\/wp-json\/wp\/v2\/media?parent=25467"}],"curies":[{"name":"wp","href":"https:\/\/api.w.org\/{rel}","templated":true}]}}