{"id":25490,"date":"2024-09-27T08:14:10","date_gmt":"2024-09-27T08:14:10","guid":{"rendered":"https:\/\/www.elanders.com\/verksamheter\/lgi\/"},"modified":"2026-03-23T10:28:42","modified_gmt":"2026-03-23T09:28:42","slug":"lgi","status":"publish","type":"page","link":"https:\/\/www.elanders.com\/sv\/verksamheter\/lgi\/","title":{"rendered":"LGI"},"content":{"rendered":"<section id=\"\" class=\"text-block  space-bottom-yes space-top-yes text-block-id-69d80a3c1be4f bg-color-white text-color-black\">                \r\n                    <div class=\"container\">  \r\n                        <div class=\"row\">                                        \r\n                        <div class=\"col\">\r\n                            <p class=\"textBlock-sub-headline left \">SUPPLY CHAIN SOLUTIONS<\/p>\r\n                             <hr class='horizontal-line mt-0' \/>\r\n                        <\/div>       \r\n                                                          \r\n                    <\/div>                      \r\n                        <div class=\"row\">                                        \r\n                        <div class=\"col\">\r\n                            <h1 class=\"textBlock-headline left \">Flexibilitet och ett starkt kundfokus<\/h1>\r\n                             \r\n                        <\/div>       \r\n                                                          \r\n                    <\/div>    \r\n                                               \r\n                        <div class=\"row text\">\r\n                        <div class=\"col\">\r\n                            <div class=\"textBlock-text text-block-html  \">\r\n                                <p class=\"wp-block-wt-text-block\"><strong><strong><strong>Med huvudkontor i Tyskland \u00e4r LGI en global ledande leverant\u00f6r av logistiktj\u00e4nster som erbjuder en rad integrerade l\u00f6sningar f\u00f6r hantering av f\u00f6rs\u00f6rjningskedjan, fr\u00e5n kontraktslogistik till transport- och speditionstj\u00e4nster, regionalt eller internationellt, i b\u00e5de multikanal- och omnikanalfl\u00f6den.<\/strong><\/strong><\/strong><\/p>\n\r\n                            <\/div>\r\n                        <\/div>                                        \r\n                    <\/div>                                              \r\n                    <\/div>                                \r\n            <\/section>\n\n\r\n        <section class=\"py-5 employee-block employee-block-with-logo employee-block-id-69d80a3c1c290 bg-color-gray\">\r\n                <div class=\"container\">\r\n                    <div class=\"row\">\r\n                    <div class=\"d-flex flex-column flex-lg-row align-items-center\">\r\n                        <div class=\"col-12 col-lg-3\">\r\n                          <img decoding=\"async\" loading=\"lazy\" class=\"employee-image\" src=\"http:\/\/www.elanders.com\/wp-content\/uploads\/2025\/12\/BECK-SQUARE-600-25-2.jpg\" alt=\"Employee Image\">\r\n                        <\/div>\r\n                        <div class=\"col-12 col-lg-9\">\r\n                             <img decoding=\"async\" loading=\"lazy\" class=\"mt-5 mt-lg-0\" src=\"http:\/\/www.elanders.com\/wp-content\/uploads\/2024\/11\/LGI2022-2-2.svg\" alt=\"Employee Image\">      <hr class=\"horizontal-line\" \/>\r\n                             \r\n            <span class=\"employee-headline mt-3\"><h3>Florian Beck<\/h3>\n<\/span>\r\n            \r\n                                 \r\n                <div class=\"content-3\">\r\n                    <p><strong><span class=\"etf header_font\">President<\/span><\/strong><\/p>\n \r\n                <\/div>\r\n                        <\/div>\r\n                    <\/div>\r\n                       \r\n                    <\/div>                        \r\n                <\/div>                                            \r\n            <\/section>\n\n<section id=\"\" class=\"text-block  space-bottom-yes space-top-yes text-block-id-69d80a3c1c47f bg-color-white text-color-black\">                \r\n                    <div class=\"container\">  \r\n                                              \r\n                            \r\n                                               \r\n                        <div class=\"row text\">\r\n                        <div class=\"col\">\r\n                            <div class=\"textBlock-text text-block-html  \">\r\n                                <p class=\"wp-block-wt-text-block\">LGI har \u00f6ver 50 anl\u00e4ggningar runtom i Europa och USA och kan betj\u00e4na kunder via hela sitt globala n\u00e4tverk, b\u00e5de via systerbolag inom Elanderskoncernen och tillf\u00f6rlitliga externa partners. Bolaget \u00e4r en logistikfokuserad tj\u00e4nsteleverant\u00f6r, specialiserad p\u00e5 branschspecifika supply chain-l\u00f6sningar med h\u00f6gt merv\u00e4rde som skr\u00e4ddarsys f\u00f6r en varierad kundbas i vilken samtliga Elanders kundsegment finns representerade. LGI:s erbjudande innefattar kundanpassade l\u00f6sningar f\u00f6r kontraktslogistik, transport och spedition, samt en bred portf\u00f6lj av v\u00e4rdeadderande tj\u00e4nster l\u00e4ngs kundens hela leveranskedja.<\/p>\n<p>LGI grundades f\u00f6r tre decennier sedan i Tyskland och har under \u00e5ren f\u00f6rv\u00e4rvat flera bolag inom supply chain management och ytterligare expanderat sin verksamhet. Bolaget f\u00f6rv\u00e4rvades av Elanders \u00e5r 2016.<\/p>\n\r\n                            <\/div>\r\n                        <\/div>                                        \r\n                    <\/div>                                              \r\n                    <\/div>                                \r\n            <\/section>\n\n\n<div style=\"height:25px\" aria-hidden=\"true\" class=\"wp-block-spacer\"><\/div>\n\n\n<section class=\"cta-block\">  \r\n              <div class=\"container\">              \r\n                <div class=\"row\">\r\n                    <div class=\"col-lg-4 col-md-6 mb-3\">\r\n                      <a target=\"_blank\" class=\"btn-full btn-full-lgi-yellow\" href=\"\/wp-content\/uploads\/2026\/03\/LGI-SE-2025.pdf\" class=\"button\">L\u00e4s mer om LGI<BR>i \u00e5rsredovisningen f\u00f6r 2025<\/a>\r\n                    <\/div><div class=\"col-lg-4 col-md-6 mb-3\">\r\n                      <a target=\"_blank\" class=\"btn-full btn-full-lgi-yellow\" href=\"https:\/\/lgigroup.com\/\" class=\"button\">L\u00e4s mer om LGI<BR>p\u00e5 lgigroup.com<\/a>\r\n                    <\/div><div class=\"col-lg-4 col-md-6 mb-3\">\r\n                      <a target=\"_blank\" class=\"btn-full btn-full-lgi-yellow\" href=\"https:\/\/lgigroup.com\/business-cases\/\" class=\"button\">LGI Business Cases<BR>(lgigroup.com)<\/a>\r\n                    <\/div>\r\n                <\/div>                                                                \r\n              <\/div>\r\n            <\/section>\n\n\n<div style=\"height:50px\" aria-hidden=\"true\" class=\"wp-block-spacer\"><\/div>\n\n\n<section class=\"quick-facts-block bg-color-gray\">  \r\n              <div class=\"container\">              \r\n                <div class=\"row d-flex justify-content-center align-items-center\">\r\n                    <div class=\"col-lg-4 col-md-6 mt-4 mb-4 text-center\">\r\n                                <p class='quick-fact-number text-black'><span class=\"sign-sv\">\u2248<\/span>5 510<\/p>\r\n                                \r\n                                <hr class=\"horizontal-line black\" \/>\r\n                                <p class=\"quick-fact-text-3 text-black\">Oms\u00e4ttning, Mkr<br\/>(FY 2025)<\/p>\r\n                            <\/div><div class=\"col-lg-4 col-md-6 mt-4 mb-4 text-center\">\r\n                                <p class='quick-fact-number text-black'><span class=\"sign-sv\">\u2248<\/span>3 000<\/p>\r\n                                \r\n                                <hr class=\"horizontal-line black\" \/>\r\n                                <p class=\"quick-fact-text-3 text-black\">Antal anst\u00e4llda<br\/>(FY 2025)<\/p>\r\n                            <\/div><div class=\"col-lg-4 col-md-6 mt-4 mb-4 text-center\">\r\n                                \r\n                                <p class=\"quick-fact-text-2 text-black\">Nederl\u00e4nderna, Polen, Storbritannien, Tjeckien, Tyskland, Ungern, USA och \u00d6sterrike<\/p>\r\n                                <hr class=\"horizontal-line black\" \/>\r\n                                <p class=\"quick-fact-text-3 text-black\">Geografisk n\u00e4rvaro<br\/> (FY 2025)<\/p>\r\n                            <\/div>\r\n                <\/div>                                                                \r\n              <\/div>\r\n            <\/section>\n\n\n<p><\/p>\n","protected":false},"excerpt":{"rendered":"","protected":false},"author":2,"featured_media":0,"parent":25467,"menu_order":0,"comment_status":"closed","ping_status":"closed","template":"","meta":{"footnotes":""},"class_list":["post-25490","page","type-page","status-publish","hentry"],"yoast_head":"<!-- This site is optimized with the Yoast SEO plugin v27.2 - https:\/\/yoast.com\/product\/yoast-seo-wordpress\/ -->\n<title>LGI - Elanders Group<\/title>\n<meta name=\"description\" content=\"LGI grundades f\u00f6r cirka 30 \u00e5r sedan i Tyskland och har under \u00e5ren f\u00f6rv\u00e4rvat flera supply chain-bolag och ytterligare expanderat sin verksamhet.\" \/>\n<meta name=\"robots\" content=\"index, follow, max-snippet:-1, max-image-preview:large, max-video-preview:-1\" \/>\n<link rel=\"canonical\" href=\"https:\/\/www.elanders.com\/sv\/verksamheter\/lgi\/\" \/>\n<meta property=\"og:locale\" content=\"sv_SE\" \/>\n<meta property=\"og:type\" content=\"article\" \/>\n<meta property=\"og:title\" content=\"LGI - Elanders Group\" \/>\n<meta property=\"og:description\" content=\"LGI grundades f\u00f6r cirka 30 \u00e5r sedan i Tyskland och har under \u00e5ren f\u00f6rv\u00e4rvat flera supply chain-bolag och ytterligare expanderat sin verksamhet.\" \/>\n<meta property=\"og:url\" content=\"https:\/\/www.elanders.com\/sv\/verksamheter\/lgi\/\" \/>\n<meta property=\"og:site_name\" content=\"Elanders Group\" \/>\n<meta property=\"article:modified_time\" content=\"2026-03-23T09:28:42+00:00\" \/>\n<meta name=\"twitter:card\" content=\"summary_large_image\" \/>\n<meta name=\"twitter:label1\" content=\"Ber\u00e4knad l\u00e4stid\" \/>\n\t<meta name=\"twitter:data1\" content=\"1 minut\" \/>\n<script type=\"application\/ld+json\" class=\"yoast-schema-graph\">{\"@context\":\"https:\/\/schema.org\",\"@graph\":[{\"@type\":\"WebPage\",\"@id\":\"https:\/\/www.elanders.com\/sv\/verksamheter\/lgi\/\",\"url\":\"https:\/\/www.elanders.com\/sv\/verksamheter\/lgi\/\",\"name\":\"LGI - Elanders Group\",\"isPartOf\":{\"@id\":\"https:\/\/www.elanders.com\/#website\"},\"datePublished\":\"2024-09-27T08:14:10+00:00\",\"dateModified\":\"2026-03-23T09:28:42+00:00\",\"description\":\"LGI grundades f\u00f6r cirka 30 \u00e5r sedan i Tyskland och har under \u00e5ren f\u00f6rv\u00e4rvat flera supply chain-bolag och ytterligare expanderat sin verksamhet.\",\"breadcrumb\":{\"@id\":\"https:\/\/www.elanders.com\/sv\/verksamheter\/lgi\/#breadcrumb\"},\"inLanguage\":\"sv-SE\",\"potentialAction\":[{\"@type\":\"ReadAction\",\"target\":[\"https:\/\/www.elanders.com\/sv\/verksamheter\/lgi\/\"]}]},{\"@type\":\"BreadcrumbList\",\"@id\":\"https:\/\/www.elanders.com\/sv\/verksamheter\/lgi\/#breadcrumb\",\"itemListElement\":[{\"@type\":\"ListItem\",\"position\":1,\"name\":\"Home\",\"item\":\"https:\/\/www.elanders.com\/sv\/\"},{\"@type\":\"ListItem\",\"position\":2,\"name\":\"Verksamheter\",\"item\":\"https:\/\/www.elanders.com\/sv\/verksamheter\/\"},{\"@type\":\"ListItem\",\"position\":3,\"name\":\"LGI\"}]},{\"@type\":\"WebSite\",\"@id\":\"https:\/\/www.elanders.com\/#website\",\"url\":\"https:\/\/www.elanders.com\/\",\"name\":\"Welcome to Elanders - Elanders Group\",\"description\":\"\",\"potentialAction\":[{\"@type\":\"SearchAction\",\"target\":{\"@type\":\"EntryPoint\",\"urlTemplate\":\"https:\/\/www.elanders.com\/?s={search_term_string}\"},\"query-input\":{\"@type\":\"PropertyValueSpecification\",\"valueRequired\":true,\"valueName\":\"search_term_string\"}}],\"inLanguage\":\"sv-SE\"}]}<\/script>\n<!-- \/ Yoast SEO plugin. -->","yoast_head_json":{"title":"LGI - Elanders Group","description":"LGI grundades f\u00f6r cirka 30 \u00e5r sedan i Tyskland och har under \u00e5ren f\u00f6rv\u00e4rvat flera supply chain-bolag och ytterligare expanderat sin verksamhet.","robots":{"index":"index","follow":"follow","max-snippet":"max-snippet:-1","max-image-preview":"max-image-preview:large","max-video-preview":"max-video-preview:-1"},"canonical":"https:\/\/www.elanders.com\/sv\/verksamheter\/lgi\/","og_locale":"sv_SE","og_type":"article","og_title":"LGI - Elanders Group","og_description":"LGI grundades f\u00f6r cirka 30 \u00e5r sedan i Tyskland och har under \u00e5ren f\u00f6rv\u00e4rvat flera supply chain-bolag och ytterligare expanderat sin verksamhet.","og_url":"https:\/\/www.elanders.com\/sv\/verksamheter\/lgi\/","og_site_name":"Elanders Group","article_modified_time":"2026-03-23T09:28:42+00:00","twitter_card":"summary_large_image","twitter_misc":{"Ber\u00e4knad l\u00e4stid":"1 minut"},"schema":{"@context":"https:\/\/schema.org","@graph":[{"@type":"WebPage","@id":"https:\/\/www.elanders.com\/sv\/verksamheter\/lgi\/","url":"https:\/\/www.elanders.com\/sv\/verksamheter\/lgi\/","name":"LGI - Elanders Group","isPartOf":{"@id":"https:\/\/www.elanders.com\/#website"},"datePublished":"2024-09-27T08:14:10+00:00","dateModified":"2026-03-23T09:28:42+00:00","description":"LGI grundades f\u00f6r cirka 30 \u00e5r sedan i Tyskland och har under \u00e5ren f\u00f6rv\u00e4rvat flera supply chain-bolag och ytterligare expanderat sin verksamhet.","breadcrumb":{"@id":"https:\/\/www.elanders.com\/sv\/verksamheter\/lgi\/#breadcrumb"},"inLanguage":"sv-SE","potentialAction":[{"@type":"ReadAction","target":["https:\/\/www.elanders.com\/sv\/verksamheter\/lgi\/"]}]},{"@type":"BreadcrumbList","@id":"https:\/\/www.elanders.com\/sv\/verksamheter\/lgi\/#breadcrumb","itemListElement":[{"@type":"ListItem","position":1,"name":"Home","item":"https:\/\/www.elanders.com\/sv\/"},{"@type":"ListItem","position":2,"name":"Verksamheter","item":"https:\/\/www.elanders.com\/sv\/verksamheter\/"},{"@type":"ListItem","position":3,"name":"LGI"}]},{"@type":"WebSite","@id":"https:\/\/www.elanders.com\/#website","url":"https:\/\/www.elanders.com\/","name":"Welcome to Elanders - Elanders Group","description":"","potentialAction":[{"@type":"SearchAction","target":{"@type":"EntryPoint","urlTemplate":"https:\/\/www.elanders.com\/?s={search_term_string}"},"query-input":{"@type":"PropertyValueSpecification","valueRequired":true,"valueName":"search_term_string"}}],"inLanguage":"sv-SE"}]}},"_links":{"self":[{"href":"https:\/\/www.elanders.com\/sv\/wp-json\/wp\/v2\/pages\/25490","targetHints":{"allow":["GET"]}}],"collection":[{"href":"https:\/\/www.elanders.com\/sv\/wp-json\/wp\/v2\/pages"}],"about":[{"href":"https:\/\/www.elanders.com\/sv\/wp-json\/wp\/v2\/types\/page"}],"author":[{"embeddable":true,"href":"https:\/\/www.elanders.com\/sv\/wp-json\/wp\/v2\/users\/2"}],"replies":[{"embeddable":true,"href":"https:\/\/www.elanders.com\/sv\/wp-json\/wp\/v2\/comments?post=25490"}],"version-history":[{"count":28,"href":"https:\/\/www.elanders.com\/sv\/wp-json\/wp\/v2\/pages\/25490\/revisions"}],"predecessor-version":[{"id":32094,"href":"https:\/\/www.elanders.com\/sv\/wp-json\/wp\/v2\/pages\/25490\/revisions\/32094"}],"up":[{"embeddable":true,"href":"https:\/\/www.elanders.com\/sv\/wp-json\/wp\/v2\/pages\/25467"}],"wp:attachment":[{"href":"https:\/\/www.elanders.com\/sv\/wp-json\/wp\/v2\/media?parent=25490"}],"curies":[{"name":"wp","href":"https:\/\/api.w.org\/{rel}","templated":true}]}}