{"id":25502,"date":"2024-09-27T08:14:24","date_gmt":"2024-09-27T08:14:24","guid":{"rendered":"https:\/\/www.elanders.com\/verksamheter\/mentor-media\/"},"modified":"2026-03-23T10:45:59","modified_gmt":"2026-03-23T09:45:59","slug":"mentor-media","status":"publish","type":"page","link":"https:\/\/www.elanders.com\/sv\/verksamheter\/mentor-media\/","title":{"rendered":"Mentor Media"},"content":{"rendered":"<section id=\"\" class=\"text-block  space-bottom-yes space-top-yes text-block-id-69e1ced461c64 bg-color-white text-color-black\">                \r\n                    <div class=\"container\">  \r\n                        <div class=\"row\">                                        \r\n                        <div class=\"col\">\r\n                            <p class=\"textBlock-sub-headline left \">SUPPLY CHAIN SOLUTIONS<\/p>\r\n                             <hr class='horizontal-line mt-0' \/>\r\n                        <\/div>       \r\n                                                          \r\n                    <\/div>                      \r\n                        <div class=\"row\">                                        \r\n                        <div class=\"col\">\r\n                            <h1 class=\"textBlock-headline left \">Fr\u00e5n komplexitet till f\u00f6rspr\u00e5ng<\/h1>\r\n                             \r\n                        <\/div>       \r\n                                                          \r\n                    <\/div>    \r\n                                               \r\n                        <div class=\"row text\">\r\n                        <div class=\"col\">\r\n                            <div class=\"textBlock-text text-block-html  \">\r\n                                <p class=\"wp-block-wt-text-block\"><strong><strong><strong>Med huvudkontor i Singapore \u00e4r Mentor Media en ledande leverant\u00f6r av l\u00f6sningar f\u00f6r hantering av leveranskedjan p\u00e5 ett s\u00e4tt som \u00e4r h\u00e5llbart f\u00f6r kunder, intressenter och samh\u00e4llet i stort. Bolagets omfattande tj\u00e4nster anpassas f\u00f6r att m\u00f6ta kundernas varierande behov.<\/strong><\/strong><\/strong><\/p>\n\r\n                            <\/div>\r\n                        <\/div>                                        \r\n                    <\/div>                                              \r\n                    <\/div>                                \r\n            <\/section>\n\n\r\n        <section class=\"py-5 employee-block employee-block-with-logo employee-block-id-69e1ced4620f3 bg-color-gray\">\r\n                <div class=\"container\">\r\n                    <div class=\"row\">\r\n                    <div class=\"d-flex flex-column flex-lg-row align-items-center\">\r\n                        <div class=\"col-12 col-lg-3\">\r\n                          <img decoding=\"async\" loading=\"lazy\" class=\"employee-image\" src=\"http:\/\/www.elanders.com\/wp-content\/uploads\/2026\/04\/SIMON_SIM-SQUARE-600-26.jpg\" alt=\"Employee Image\">\r\n                        <\/div>\r\n                        <div class=\"col-12 col-lg-9\">\r\n                             <img decoding=\"async\" loading=\"lazy\" class=\"mt-5 mt-lg-0\" src=\"http:\/\/www.elanders.com\/wp-content\/uploads\/2024\/11\/MENTOR2022-2-2.svg\" alt=\"Employee Image\">      <hr class=\"horizontal-line\" \/>\r\n                             \r\n            <span class=\"employee-headline mt-3\"><h3>Simon Sim<\/h3>\n<\/span>\r\n            \r\n                                 \r\n                <div class=\"content-3\">\r\n                    <p><strong><span class=\"etf header_font\">President<\/span><\/strong><\/p>\n \r\n                <\/div>\r\n                        <\/div>\r\n                    <\/div>\r\n                       \r\n                    <\/div>                        \r\n                <\/div>                                            \r\n            <\/section>\n\n<section id=\"\" class=\"text-block  space-bottom-yes space-top-yes text-block-id-69e1ced46239b bg-color-white text-color-black\">                \r\n                    <div class=\"container\">  \r\n                                              \r\n                            \r\n                                               \r\n                        <div class=\"row text\">\r\n                        <div class=\"col\">\r\n                            <div class=\"textBlock-text text-block-html  \">\r\n                                <p class=\"wp-block-wt-text-block\">Mentor Media \u00e4r en \u00e4r en innovativ global leverant\u00f6r av supply chain-tj\u00e4nster med stark n\u00e4rvaro p\u00e5 plats i Asien, Nord- och Sydamerika samt Europa. Med l\u00e5ng erfarenhet av tillverkning \u00e4r bolaget partner till m\u00e5nga av v\u00e4rldens ledande varum\u00e4rken inom konsumentelektronik, kommunikation, databehandling, medicinteknik, mjukvara och detaljhandel. \u00a0Dess tj\u00e4nster har h\u00f6gt merv\u00e4rde och hj\u00e4lper kunder att utveckla produkter, st\u00e4rka varum\u00e4rken och skala upp effektivt. Genom strategiska allianser med globala logistikpartners erbjuder Mentor Media end-to-end-l\u00f6sningar f\u00f6r leveranskedjan som levererar direkt till kanaler och slutanv\u00e4ndare.<\/p>\n<p>Mentor Media grundades f\u00f6r cirka 40 \u00e5r sedan i Singapore och f\u00f6rv\u00e4rvades av Elanders 2014. Sedan dess har bolaget expanderat till en global akt\u00f6r inom flera kundsegment.<\/p>\n\r\n                            <\/div>\r\n                        <\/div>                                        \r\n                    <\/div>                                              \r\n                    <\/div>                                \r\n            <\/section>\n\n\n<div style=\"height:25px\" aria-hidden=\"true\" class=\"wp-block-spacer\"><\/div>\n\n\n<section class=\"cta-block\">  \r\n              <div class=\"container\">              \r\n                <div class=\"row\">\r\n                    <div class=\"col-lg-4 col-md-6 mb-3\">\r\n                      <a target=\"_blank\" class=\"btn-full btn-full-turquoise\" href=\"\/wp-content\/uploads\/2026\/03\/MM-SE-2025.pdf\" class=\"button\">L\u00e4s mer om Mentor Media<BR>i \u00e5rsredovisningen f\u00f6r 2025<\/a>\r\n                    <\/div><div class=\"col-lg-4 col-md-6 mb-3\">\r\n                      <a target=\"_blank\" class=\"btn-full btn-full-turquoise\" href=\"https:\/\/www.mentormedia.com\/\" class=\"button\">L\u00e4s mer om Mentor Media<BR>p\u00e5 mentormedia.com<\/a>\r\n                    <\/div><div class=\"col-lg-4 col-md-6 mb-3\">\r\n                      <a target=\"_blank\" class=\"btn-full btn-full-turquoise\" href=\"https:\/\/www.mentormedia.com\/case-studies\/\" class=\"button\">Mentor Media Case studies<BR>(mentormedia.com)<\/a>\r\n                    <\/div>\r\n                <\/div>                                                                \r\n              <\/div>\r\n            <\/section>\n\n\n<div style=\"height:50px\" aria-hidden=\"true\" class=\"wp-block-spacer\"><\/div>\n\n\n<section class=\"quick-facts-block bg-color-gray\">  \r\n              <div class=\"container\">              \r\n                <div class=\"row d-flex justify-content-center align-items-center\">\r\n                    <div class=\"col-lg-4 col-md-6 mt-4 mb-4 text-center\">\r\n                                <p class='quick-fact-number text-black'><span class=\"sign-sv\">\u2248<\/span>1 790<\/p>\r\n                                \r\n                                <hr class=\"horizontal-line black\" \/>\r\n                                <p class=\"quick-fact-text-3 text-black\">Oms\u00e4ttning, Mkr<br\/> (FY 2025)<\/p>\r\n                            <\/div><div class=\"col-lg-4 col-md-6 mt-4 mb-4 text-center\">\r\n                                <p class='quick-fact-number text-black'><span class=\"sign-sv\">\u2248<\/span>1 200<\/p>\r\n                                \r\n                                <hr class=\"horizontal-line black\" \/>\r\n                                <p class=\"quick-fact-text-3 text-black\">Antal anst\u00e4llda<br\/>(FY 2025)<\/p>\r\n                            <\/div><div class=\"col-lg-4 col-md-6 mt-4 mb-4 text-center\">\r\n                                \r\n                                <p class=\"quick-fact-text-2 text-black\">Brasilien, Indien, Kina, Mexiko, Singapore, Taiwan, Thailand, Tjeckien, USA och Vietnam<\/p>\r\n                                <hr class=\"horizontal-line black\" \/>\r\n                                <p class=\"quick-fact-text-3 text-black\">Geografisk n\u00e4rvaro<br\/> (FY 2025)<\/p>\r\n                            <\/div>\r\n                <\/div>                                                                \r\n              <\/div>\r\n            <\/section>","protected":false},"excerpt":{"rendered":"","protected":false},"author":2,"featured_media":0,"parent":25467,"menu_order":0,"comment_status":"closed","ping_status":"closed","template":"","meta":{"footnotes":""},"class_list":["post-25502","page","type-page","status-publish","hentry"],"yoast_head":"<!-- This site is optimized with the Yoast SEO plugin v27.2 - https:\/\/yoast.com\/product\/yoast-seo-wordpress\/ -->\n<title>Mentor Media - Elanders Group<\/title>\n<meta name=\"description\" content=\"Mentor Media \u00e4r en innovativ global leverant\u00f6r av supply chain management-tj\u00e4nster med n\u00e4rvaro p\u00e5 plats i Asien, Nord- och Sydamerika samt Europa.\" \/>\n<meta name=\"robots\" content=\"index, follow, max-snippet:-1, max-image-preview:large, max-video-preview:-1\" \/>\n<link rel=\"canonical\" href=\"https:\/\/www.elanders.com\/sv\/verksamheter\/mentor-media\/\" \/>\n<meta property=\"og:locale\" content=\"sv_SE\" \/>\n<meta property=\"og:type\" content=\"article\" \/>\n<meta property=\"og:title\" content=\"Mentor Media - Elanders Group\" \/>\n<meta property=\"og:description\" content=\"Mentor Media \u00e4r en innovativ global leverant\u00f6r av supply chain management-tj\u00e4nster med n\u00e4rvaro p\u00e5 plats i Asien, Nord- och Sydamerika samt Europa.\" \/>\n<meta property=\"og:url\" content=\"https:\/\/www.elanders.com\/sv\/verksamheter\/mentor-media\/\" \/>\n<meta property=\"og:site_name\" content=\"Elanders Group\" \/>\n<meta property=\"article:modified_time\" content=\"2026-03-23T09:45:59+00:00\" \/>\n<meta name=\"twitter:card\" content=\"summary_large_image\" \/>\n<meta name=\"twitter:label1\" content=\"Ber\u00e4knad l\u00e4stid\" \/>\n\t<meta name=\"twitter:data1\" content=\"1 minut\" \/>\n<script type=\"application\/ld+json\" class=\"yoast-schema-graph\">{\"@context\":\"https:\/\/schema.org\",\"@graph\":[{\"@type\":\"WebPage\",\"@id\":\"https:\/\/www.elanders.com\/sv\/verksamheter\/mentor-media\/\",\"url\":\"https:\/\/www.elanders.com\/sv\/verksamheter\/mentor-media\/\",\"name\":\"Mentor Media - Elanders Group\",\"isPartOf\":{\"@id\":\"https:\/\/www.elanders.com\/#website\"},\"datePublished\":\"2024-09-27T08:14:24+00:00\",\"dateModified\":\"2026-03-23T09:45:59+00:00\",\"description\":\"Mentor Media \u00e4r en innovativ global leverant\u00f6r av supply chain management-tj\u00e4nster med n\u00e4rvaro p\u00e5 plats i Asien, Nord- och Sydamerika samt Europa.\",\"breadcrumb\":{\"@id\":\"https:\/\/www.elanders.com\/sv\/verksamheter\/mentor-media\/#breadcrumb\"},\"inLanguage\":\"sv-SE\",\"potentialAction\":[{\"@type\":\"ReadAction\",\"target\":[\"https:\/\/www.elanders.com\/sv\/verksamheter\/mentor-media\/\"]}]},{\"@type\":\"BreadcrumbList\",\"@id\":\"https:\/\/www.elanders.com\/sv\/verksamheter\/mentor-media\/#breadcrumb\",\"itemListElement\":[{\"@type\":\"ListItem\",\"position\":1,\"name\":\"Home\",\"item\":\"https:\/\/www.elanders.com\/sv\/\"},{\"@type\":\"ListItem\",\"position\":2,\"name\":\"Verksamheter\",\"item\":\"https:\/\/www.elanders.com\/sv\/verksamheter\/\"},{\"@type\":\"ListItem\",\"position\":3,\"name\":\"Mentor Media\",\"item\":\"https:\/\/www.elanders.com\/sv\/verksamheter\/mentor-media\/\"}]},{\"@type\":\"WebSite\",\"@id\":\"https:\/\/www.elanders.com\/#website\",\"url\":\"https:\/\/www.elanders.com\/\",\"name\":\"Welcome to Elanders - Elanders Group\",\"description\":\"\",\"potentialAction\":[{\"@type\":\"SearchAction\",\"target\":{\"@type\":\"EntryPoint\",\"urlTemplate\":\"https:\/\/www.elanders.com\/?s={search_term_string}\"},\"query-input\":{\"@type\":\"PropertyValueSpecification\",\"valueRequired\":true,\"valueName\":\"search_term_string\"}}],\"inLanguage\":\"sv-SE\"}]}<\/script>\n<!-- \/ Yoast SEO plugin. -->","yoast_head_json":{"title":"Mentor Media - Elanders Group","description":"Mentor Media \u00e4r en innovativ global leverant\u00f6r av supply chain management-tj\u00e4nster med n\u00e4rvaro p\u00e5 plats i Asien, Nord- och Sydamerika samt Europa.","robots":{"index":"index","follow":"follow","max-snippet":"max-snippet:-1","max-image-preview":"max-image-preview:large","max-video-preview":"max-video-preview:-1"},"canonical":"https:\/\/www.elanders.com\/sv\/verksamheter\/mentor-media\/","og_locale":"sv_SE","og_type":"article","og_title":"Mentor Media - Elanders Group","og_description":"Mentor Media \u00e4r en innovativ global leverant\u00f6r av supply chain management-tj\u00e4nster med n\u00e4rvaro p\u00e5 plats i Asien, Nord- och Sydamerika samt Europa.","og_url":"https:\/\/www.elanders.com\/sv\/verksamheter\/mentor-media\/","og_site_name":"Elanders Group","article_modified_time":"2026-03-23T09:45:59+00:00","twitter_card":"summary_large_image","twitter_misc":{"Ber\u00e4knad l\u00e4stid":"1 minut"},"schema":{"@context":"https:\/\/schema.org","@graph":[{"@type":"WebPage","@id":"https:\/\/www.elanders.com\/sv\/verksamheter\/mentor-media\/","url":"https:\/\/www.elanders.com\/sv\/verksamheter\/mentor-media\/","name":"Mentor Media - Elanders Group","isPartOf":{"@id":"https:\/\/www.elanders.com\/#website"},"datePublished":"2024-09-27T08:14:24+00:00","dateModified":"2026-03-23T09:45:59+00:00","description":"Mentor Media \u00e4r en innovativ global leverant\u00f6r av supply chain management-tj\u00e4nster med n\u00e4rvaro p\u00e5 plats i Asien, Nord- och Sydamerika samt Europa.","breadcrumb":{"@id":"https:\/\/www.elanders.com\/sv\/verksamheter\/mentor-media\/#breadcrumb"},"inLanguage":"sv-SE","potentialAction":[{"@type":"ReadAction","target":["https:\/\/www.elanders.com\/sv\/verksamheter\/mentor-media\/"]}]},{"@type":"BreadcrumbList","@id":"https:\/\/www.elanders.com\/sv\/verksamheter\/mentor-media\/#breadcrumb","itemListElement":[{"@type":"ListItem","position":1,"name":"Home","item":"https:\/\/www.elanders.com\/sv\/"},{"@type":"ListItem","position":2,"name":"Verksamheter","item":"https:\/\/www.elanders.com\/sv\/verksamheter\/"},{"@type":"ListItem","position":3,"name":"Mentor Media","item":"https:\/\/www.elanders.com\/sv\/verksamheter\/mentor-media\/"}]},{"@type":"WebSite","@id":"https:\/\/www.elanders.com\/#website","url":"https:\/\/www.elanders.com\/","name":"Welcome to Elanders - Elanders Group","description":"","potentialAction":[{"@type":"SearchAction","target":{"@type":"EntryPoint","urlTemplate":"https:\/\/www.elanders.com\/?s={search_term_string}"},"query-input":{"@type":"PropertyValueSpecification","valueRequired":true,"valueName":"search_term_string"}}],"inLanguage":"sv-SE"}]}},"_links":{"self":[{"href":"https:\/\/www.elanders.com\/sv\/wp-json\/wp\/v2\/pages\/25502","targetHints":{"allow":["GET"]}}],"collection":[{"href":"https:\/\/www.elanders.com\/sv\/wp-json\/wp\/v2\/pages"}],"about":[{"href":"https:\/\/www.elanders.com\/sv\/wp-json\/wp\/v2\/types\/page"}],"author":[{"embeddable":true,"href":"https:\/\/www.elanders.com\/sv\/wp-json\/wp\/v2\/users\/2"}],"replies":[{"embeddable":true,"href":"https:\/\/www.elanders.com\/sv\/wp-json\/wp\/v2\/comments?post=25502"}],"version-history":[{"count":24,"href":"https:\/\/www.elanders.com\/sv\/wp-json\/wp\/v2\/pages\/25502\/revisions"}],"predecessor-version":[{"id":32103,"href":"https:\/\/www.elanders.com\/sv\/wp-json\/wp\/v2\/pages\/25502\/revisions\/32103"}],"up":[{"embeddable":true,"href":"https:\/\/www.elanders.com\/sv\/wp-json\/wp\/v2\/pages\/25467"}],"wp:attachment":[{"href":"https:\/\/www.elanders.com\/sv\/wp-json\/wp\/v2\/media?parent=25502"}],"curies":[{"name":"wp","href":"https:\/\/api.w.org\/{rel}","templated":true}]}}