{"id":25517,"date":"2024-09-27T08:14:54","date_gmt":"2024-09-27T08:14:54","guid":{"rendered":"https:\/\/www.elanders.com\/verksamheter\/bergen-logistics\/"},"modified":"2026-03-23T10:53:28","modified_gmt":"2026-03-23T09:53:28","slug":"bergen-logistics","status":"publish","type":"page","link":"https:\/\/www.elanders.com\/sv\/verksamheter\/bergen-logistics\/","title":{"rendered":"Bergen Logistics"},"content":{"rendered":"<section id=\"\" class=\"text-block  space-bottom-yes space-top-yes text-block-id-69f223bbe7ae6 bg-color-white text-color-black\">                \r\n                    <div class=\"container\">  \r\n                        <div class=\"row\">                                        \r\n                        <div class=\"col\">\r\n                            <p class=\"textBlock-sub-headline left \">SUPPLY CHAIN SOLUTIONS<\/p>\r\n                             <hr class='horizontal-line mt-0' \/>\r\n                        <\/div>       \r\n                                                          \r\n                    <\/div>                      \r\n                        <div class=\"row\">                                        \r\n                        <div class=\"col\">\r\n                            <h1 class=\"textBlock-headline left \">Global r\u00e4ckvidd p\u00e5 en enda plattform<\/h1>\r\n                             \r\n                        <\/div>       \r\n                                                          \r\n                    <\/div>    \r\n                                               \r\n                        <div class=\"row text\">\r\n                        <div class=\"col\">\r\n                            <div class=\"textBlock-text text-block-html  \">\r\n                                <p class=\"wp-block-wt-text-block\"><strong><strong><strong>Med huvudkontor p\u00e5 den amerikanska \u00f6stkusten \u00e4r Bergen Logistics ett ledande kontraktslogistikf\u00f6retag och omnikanalexpert som tack vare sin egenutvecklade WMS-plattform CloudX kan hantera ett stort antal kunder p\u00e5 ett effektivt och l\u00f6nsamt s\u00e4tt.<\/strong><\/strong><\/strong><\/p>\n\r\n                            <\/div>\r\n                        <\/div>                                        \r\n                    <\/div>                                              \r\n                    <\/div>                                \r\n            <\/section>\n\n\r\n        <section class=\"py-5 employee-block employee-block-with-logo employee-block-id-69f223bbe7c16 bg-color-gray\">\r\n                <div class=\"container\">\r\n                    <div class=\"row\">\r\n                    <div class=\"d-flex flex-column flex-lg-row align-items-center\">\r\n                        <div class=\"col-12 col-lg-3\">\r\n                          <img decoding=\"async\" loading=\"lazy\" class=\"employee-image\" src=\"http:\/\/www.elanders.com\/wp-content\/uploads\/2024\/10\/ICKES-SQUARE-600-24.jpg\" alt=\"Employee Image\">\r\n                        <\/div>\r\n                        <div class=\"col-12 col-lg-9\">\r\n                             <img decoding=\"async\" loading=\"lazy\" class=\"mt-5 mt-lg-0\" src=\"http:\/\/www.elanders.com\/wp-content\/uploads\/2024\/11\/BL2022-3-2.svg\" alt=\"Employee Image\">      <hr class=\"horizontal-line\" \/>\r\n                             \r\n            <span class=\"employee-headline mt-3\"><h3>Charles Ickes<\/h3>\n<\/span>\r\n            \r\n                                 \r\n                <div class=\"content-3\">\r\n                    <p><strong><span class=\"etf header_font\">President<\/span><\/strong><\/p>\n \r\n                <\/div>\r\n                        <\/div>\r\n                    <\/div>\r\n                       \r\n                    <\/div>                        \r\n                <\/div>                                            \r\n            <\/section>\n\n<section id=\"\" class=\"text-block  space-bottom-yes space-top-yes text-block-id-69f223bbe7e28 bg-color-white text-color-black\">                \r\n                    <div class=\"container\">  \r\n                                              \r\n                            \r\n                                               \r\n                        <div class=\"row text\">\r\n                        <div class=\"col\">\r\n                            <div class=\"textBlock-text text-block-html  \">\r\n                                <p class=\"wp-block-wt-text-block\">Bergen Logistics fokuserar p\u00e5 mindre och medelstora varum\u00e4rken inom mode och andra konsumentfokuserade branscher. Bolaget \u00e4r redan v\u00e4letablerat i USA och Kanada och har dragit nytta av sin CloudX-plattform och kapaciteten hos andra dotterbolag inom Elanderskoncernen f\u00f6r att bygga upp ett globalt n\u00e4tverk som betj\u00e4nar kunder inom mode och livsstil samt andra som beh\u00f6ver snabbfotade och effektiva omnikanalsl\u00f6sningar. Framg\u00e5ngarna bygger p\u00e5 innovativa teknikl\u00f6sningar och effektiva processer som kontinuerligt f\u00f6rb\u00e4ttras och uppdateras f\u00f6r att uppfylla nya behov och Bergen Logistics vill vara en naturlig partner f\u00f6r tillv\u00e4xtf\u00f6retag som p\u00e5 ett enkelt s\u00e4tt vill etablera sig och v\u00e4xa p\u00e5 nya marknader.<\/p>\n<p>Bergen Logistics grundades f\u00f6r ungef\u00e4r 30 \u00e5r sedan i USA och f\u00f6rv\u00e4rvades av Elanders 2021. Sedan dess har bolagets WMS-plattform CloudX implementerats i flera andra av Elanders dotterf\u00f6retag.<\/p>\n\r\n                            <\/div>\r\n                        <\/div>                                        \r\n                    <\/div>                                              \r\n                    <\/div>                                \r\n            <\/section>\n\n\n<div style=\"height:25px\" aria-hidden=\"true\" class=\"wp-block-spacer\"><\/div>\n\n\n<section class=\"cta-block\">  \r\n              <div class=\"container\">              \r\n                <div class=\"row\">\r\n                    <div class=\"col-lg-4 col-md-6 mb-3\">\r\n                      <a target=\"_blank\" class=\"btn-full btn-full-orange\" href=\"\/wp-content\/uploads\/2026\/03\/BL-SE-2025.pdf\" class=\"button\">L\u00e4s mer om Bergen Logistics<BR>i \u00e5rsredovisningen f\u00f6r 2025<\/a>\r\n                    <\/div><div class=\"col-lg-4 col-md-6 mb-3\">\r\n                      <a target=\"_blank\" class=\"btn-full btn-full-orange\" href=\"https:\/\/www.bergenlogistics.com\/\" class=\"button\">L\u00e4s mer om Bergen Logistics<BR>p\u00e5 bergenlogistics.com<\/a>\r\n                    <\/div><div class=\"col-lg-4 col-md-6 mb-3\">\r\n                      <a target=\"_blank\" class=\"btn-full btn-full-orange\" href=\"https:\/\/www.bergenlogistics.com\/case-studies.php\" class=\"button\">Bergen Logistics Case studies<BR>(bergenlogistics.com)<\/a>\r\n                    <\/div>\r\n                <\/div>                                                                \r\n              <\/div>\r\n            <\/section>\n\n\n<div style=\"height:50px\" aria-hidden=\"true\" class=\"wp-block-spacer\"><\/div>\n\n\n<section class=\"quick-facts-block bg-color-gray\">  \r\n              <div class=\"container\">              \r\n                <div class=\"row d-flex justify-content-center align-items-center\">\r\n                    <div class=\"col-lg-4 col-md-6 mt-4 mb-4 text-center\">\r\n                                <p class='quick-fact-number text-black'><span class=\"sign-sv\">\u2248<\/span>1 240<\/p>\r\n                                \r\n                                <hr class=\"horizontal-line black\" \/>\r\n                                <p class=\"quick-fact-text-3 text-black\">Oms\u00e4ttning, Mkr<br\/> (FY 2025)<\/p>\r\n                            <\/div><div class=\"col-lg-4 col-md-6 mt-4 mb-4 text-center\">\r\n                                <p class='quick-fact-number text-black'><span class=\"sign-sv\">\u2248<\/span>800<\/p>\r\n                                \r\n                                <hr class=\"horizontal-line black\" \/>\r\n                                <p class=\"quick-fact-text-3 text-black\">Antal anst\u00e4llda<br\/>(FY 2025)<\/p>\r\n                            <\/div><div class=\"col-lg-4 col-md-6 mt-4 mb-4 text-center\">\r\n                                \r\n                                <p class=\"quick-fact-text-2 text-black\">Kanada, Moldavien, Nederl\u00e4nderna och USA<\/p>\r\n                                <hr class=\"horizontal-line black\" \/>\r\n                                <p class=\"quick-fact-text-3 text-black\">Geografisk n\u00e4rvaro<br\/> (FY 2025)<\/p>\r\n                            <\/div>\r\n                <\/div>                                                                \r\n              <\/div>\r\n            <\/section>\n\n\n<p><\/p>\n","protected":false},"excerpt":{"rendered":"","protected":false},"author":2,"featured_media":0,"parent":25467,"menu_order":0,"comment_status":"closed","ping_status":"closed","template":"","meta":{"footnotes":""},"class_list":["post-25517","page","type-page","status-publish","hentry"],"yoast_head":"<!-- This site is optimized with the Yoast SEO plugin v27.2 - https:\/\/yoast.com\/product\/yoast-seo-wordpress\/ -->\n<title>Bergen Logistics - Elanders Group<\/title>\n<meta name=\"description\" content=\"Bergen Logistics \u00e4r ett ledande kontraktslogistikf\u00f6retag och omnikanalexpert.\" \/>\n<meta name=\"robots\" content=\"index, follow, max-snippet:-1, max-image-preview:large, max-video-preview:-1\" \/>\n<link rel=\"canonical\" href=\"https:\/\/www.elanders.com\/sv\/verksamheter\/bergen-logistics\/\" \/>\n<meta property=\"og:locale\" content=\"sv_SE\" \/>\n<meta property=\"og:type\" content=\"article\" \/>\n<meta property=\"og:title\" content=\"Bergen Logistics - Elanders Group\" \/>\n<meta property=\"og:description\" content=\"Bergen Logistics \u00e4r ett ledande kontraktslogistikf\u00f6retag och omnikanalexpert.\" \/>\n<meta property=\"og:url\" content=\"https:\/\/www.elanders.com\/sv\/verksamheter\/bergen-logistics\/\" \/>\n<meta property=\"og:site_name\" content=\"Elanders Group\" \/>\n<meta property=\"article:modified_time\" content=\"2026-03-23T09:53:28+00:00\" \/>\n<meta name=\"twitter:card\" content=\"summary_large_image\" \/>\n<meta name=\"twitter:label1\" content=\"Ber\u00e4knad l\u00e4stid\" \/>\n\t<meta name=\"twitter:data1\" content=\"1 minut\" \/>\n<script type=\"application\/ld+json\" class=\"yoast-schema-graph\">{\"@context\":\"https:\/\/schema.org\",\"@graph\":[{\"@type\":\"WebPage\",\"@id\":\"https:\/\/www.elanders.com\/sv\/verksamheter\/bergen-logistics\/\",\"url\":\"https:\/\/www.elanders.com\/sv\/verksamheter\/bergen-logistics\/\",\"name\":\"Bergen Logistics - Elanders Group\",\"isPartOf\":{\"@id\":\"https:\/\/www.elanders.com\/#website\"},\"datePublished\":\"2024-09-27T08:14:54+00:00\",\"dateModified\":\"2026-03-23T09:53:28+00:00\",\"description\":\"Bergen Logistics \u00e4r ett ledande kontraktslogistikf\u00f6retag och omnikanalexpert.\",\"breadcrumb\":{\"@id\":\"https:\/\/www.elanders.com\/sv\/verksamheter\/bergen-logistics\/#breadcrumb\"},\"inLanguage\":\"sv-SE\",\"potentialAction\":[{\"@type\":\"ReadAction\",\"target\":[\"https:\/\/www.elanders.com\/sv\/verksamheter\/bergen-logistics\/\"]}]},{\"@type\":\"BreadcrumbList\",\"@id\":\"https:\/\/www.elanders.com\/sv\/verksamheter\/bergen-logistics\/#breadcrumb\",\"itemListElement\":[{\"@type\":\"ListItem\",\"position\":1,\"name\":\"Home\",\"item\":\"https:\/\/www.elanders.com\/sv\/\"},{\"@type\":\"ListItem\",\"position\":2,\"name\":\"Verksamheter\",\"item\":\"https:\/\/www.elanders.com\/sv\/verksamheter\/\"},{\"@type\":\"ListItem\",\"position\":3,\"name\":\"Bergen Logistics\"}]},{\"@type\":\"WebSite\",\"@id\":\"https:\/\/www.elanders.com\/#website\",\"url\":\"https:\/\/www.elanders.com\/\",\"name\":\"Welcome to Elanders - Elanders Group\",\"description\":\"\",\"potentialAction\":[{\"@type\":\"SearchAction\",\"target\":{\"@type\":\"EntryPoint\",\"urlTemplate\":\"https:\/\/www.elanders.com\/?s={search_term_string}\"},\"query-input\":{\"@type\":\"PropertyValueSpecification\",\"valueRequired\":true,\"valueName\":\"search_term_string\"}}],\"inLanguage\":\"sv-SE\"}]}<\/script>\n<!-- \/ Yoast SEO plugin. -->","yoast_head_json":{"title":"Bergen Logistics - Elanders Group","description":"Bergen Logistics \u00e4r ett ledande kontraktslogistikf\u00f6retag och omnikanalexpert.","robots":{"index":"index","follow":"follow","max-snippet":"max-snippet:-1","max-image-preview":"max-image-preview:large","max-video-preview":"max-video-preview:-1"},"canonical":"https:\/\/www.elanders.com\/sv\/verksamheter\/bergen-logistics\/","og_locale":"sv_SE","og_type":"article","og_title":"Bergen Logistics - Elanders Group","og_description":"Bergen Logistics \u00e4r ett ledande kontraktslogistikf\u00f6retag och omnikanalexpert.","og_url":"https:\/\/www.elanders.com\/sv\/verksamheter\/bergen-logistics\/","og_site_name":"Elanders Group","article_modified_time":"2026-03-23T09:53:28+00:00","twitter_card":"summary_large_image","twitter_misc":{"Ber\u00e4knad l\u00e4stid":"1 minut"},"schema":{"@context":"https:\/\/schema.org","@graph":[{"@type":"WebPage","@id":"https:\/\/www.elanders.com\/sv\/verksamheter\/bergen-logistics\/","url":"https:\/\/www.elanders.com\/sv\/verksamheter\/bergen-logistics\/","name":"Bergen Logistics - Elanders Group","isPartOf":{"@id":"https:\/\/www.elanders.com\/#website"},"datePublished":"2024-09-27T08:14:54+00:00","dateModified":"2026-03-23T09:53:28+00:00","description":"Bergen Logistics \u00e4r ett ledande kontraktslogistikf\u00f6retag och omnikanalexpert.","breadcrumb":{"@id":"https:\/\/www.elanders.com\/sv\/verksamheter\/bergen-logistics\/#breadcrumb"},"inLanguage":"sv-SE","potentialAction":[{"@type":"ReadAction","target":["https:\/\/www.elanders.com\/sv\/verksamheter\/bergen-logistics\/"]}]},{"@type":"BreadcrumbList","@id":"https:\/\/www.elanders.com\/sv\/verksamheter\/bergen-logistics\/#breadcrumb","itemListElement":[{"@type":"ListItem","position":1,"name":"Home","item":"https:\/\/www.elanders.com\/sv\/"},{"@type":"ListItem","position":2,"name":"Verksamheter","item":"https:\/\/www.elanders.com\/sv\/verksamheter\/"},{"@type":"ListItem","position":3,"name":"Bergen Logistics"}]},{"@type":"WebSite","@id":"https:\/\/www.elanders.com\/#website","url":"https:\/\/www.elanders.com\/","name":"Welcome to Elanders - Elanders Group","description":"","potentialAction":[{"@type":"SearchAction","target":{"@type":"EntryPoint","urlTemplate":"https:\/\/www.elanders.com\/?s={search_term_string}"},"query-input":{"@type":"PropertyValueSpecification","valueRequired":true,"valueName":"search_term_string"}}],"inLanguage":"sv-SE"}]}},"_links":{"self":[{"href":"https:\/\/www.elanders.com\/sv\/wp-json\/wp\/v2\/pages\/25517","targetHints":{"allow":["GET"]}}],"collection":[{"href":"https:\/\/www.elanders.com\/sv\/wp-json\/wp\/v2\/pages"}],"about":[{"href":"https:\/\/www.elanders.com\/sv\/wp-json\/wp\/v2\/types\/page"}],"author":[{"embeddable":true,"href":"https:\/\/www.elanders.com\/sv\/wp-json\/wp\/v2\/users\/2"}],"replies":[{"embeddable":true,"href":"https:\/\/www.elanders.com\/sv\/wp-json\/wp\/v2\/comments?post=25517"}],"version-history":[{"count":14,"href":"https:\/\/www.elanders.com\/sv\/wp-json\/wp\/v2\/pages\/25517\/revisions"}],"predecessor-version":[{"id":32115,"href":"https:\/\/www.elanders.com\/sv\/wp-json\/wp\/v2\/pages\/25517\/revisions\/32115"}],"up":[{"embeddable":true,"href":"https:\/\/www.elanders.com\/sv\/wp-json\/wp\/v2\/pages\/25467"}],"wp:attachment":[{"href":"https:\/\/www.elanders.com\/sv\/wp-json\/wp\/v2\/media?parent=25517"}],"curies":[{"name":"wp","href":"https:\/\/api.w.org\/{rel}","templated":true}]}}