{"id":25536,"date":"2024-09-27T08:15:10","date_gmt":"2024-09-27T08:15:10","guid":{"rendered":"https:\/\/www.elanders.com\/verksamheter\/kammac-2\/"},"modified":"2026-03-23T11:18:37","modified_gmt":"2026-03-23T10:18:37","slug":"kammac","status":"publish","type":"page","link":"https:\/\/www.elanders.com\/sv\/verksamheter\/kammac\/","title":{"rendered":"Kammac"},"content":{"rendered":"<section id=\"\" class=\"text-block  space-bottom-yes space-top-yes text-block-id-69df42dde9fad bg-color-white text-color-black\">                \r\n                    <div class=\"container\">  \r\n                        <div class=\"row\">                                        \r\n                        <div class=\"col\">\r\n                            <p class=\"textBlock-sub-headline left \">SUPPLY CHAIN SOLUTIONS<\/p>\r\n                             <hr class='horizontal-line mt-0' \/>\r\n                        <\/div>       \r\n                                                          \r\n                    <\/div>                      \r\n                        <div class=\"row\">                                        \r\n                        <div class=\"col\">\r\n                            <h1 class=\"textBlock-headline left \">Kompletterande kompetens och erfarenhet<\/h1>\r\n                             \r\n                        <\/div>       \r\n                                                          \r\n                    <\/div>    \r\n                                               \r\n                        <div class=\"row text\">\r\n                        <div class=\"col\">\r\n                            <div class=\"textBlock-text text-block-html  \">\r\n                                <p class=\"wp-block-wt-text-block\"><strong><strong><strong>Kammac \u00e4r en flexibel och p\u00e5litlig brittisk leverant\u00f6r av kontraktslogistik som tillhandah\u00e5ller supply chain management-tj\u00e4nster till ett brett spektrum av f\u00f6retag. Aff\u00e4rsmodellen<\/strong> <strong>bygger p\u00e5 anpassning och smidighet enligt kundens behov. Bishopsgate \u00e4r ett marknadsledande speciallogistik-, leverans- och installationsf\u00f6retag verksamt i hela Storbritannien och p\u00e5 Irland.<\/strong><\/strong><\/strong><\/p>\n\r\n                            <\/div>\r\n                        <\/div>                                        \r\n                    <\/div>                                              \r\n                    <\/div>                                \r\n            <\/section>\n\n\r\n        <section class=\"py-5 employee-block employee-block-with-logo employee-block-id-69df42ddea397 bg-color-gray\">\r\n                <div class=\"container\">\r\n                    <div class=\"row\">\r\n                    <div class=\"d-flex flex-column flex-lg-row align-items-center\">\r\n                        <div class=\"col-12 col-lg-3\">\r\n                          <img decoding=\"async\" loading=\"lazy\" class=\"employee-image\" src=\"http:\/\/www.elanders.com\/wp-content\/uploads\/2025\/03\/BLOCH-SQUARE-600-25-2.jpg\" alt=\"Employee Image\">\r\n                        <\/div>\r\n                        <div class=\"col-12 col-lg-9\">\r\n                             <img decoding=\"async\" loading=\"lazy\" class=\"mt-5 mt-lg-0\" src=\"http:\/\/www.elanders.com\/wp-content\/uploads\/2026\/03\/KAMMAC_BISHOPSGATE_small.svg\" alt=\"Employee Image\">      <hr class=\"horizontal-line\" \/>\r\n                             \r\n            <span class=\"employee-headline mt-3\"><h3>Tim Bloch<\/h3>\n<\/span>\r\n            \r\n                                 \r\n                <div class=\"content-3\">\r\n                    <p><strong><span class=\"etf header_font\">President<\/span><\/strong><\/p>\n \r\n                <\/div>\r\n                        <\/div>\r\n                    <\/div>\r\n                       \r\n                    <\/div>                        \r\n                <\/div>                                            \r\n            <\/section>\n\n<section id=\"\" class=\"text-block  space-bottom-yes space-top-yes text-block-id-69df42ddea603 bg-color-white text-color-black\">                \r\n                    <div class=\"container\">  \r\n                                              \r\n                            \r\n                                               \r\n                        <div class=\"row text\">\r\n                        <div class=\"col\">\r\n                            <div class=\"textBlock-text text-block-html  \">\r\n                                <p class=\"wp-block-wt-text-block\">Med ett unikt koncept erbjuder Kammac sina kunder, som till exempel \u00e4r verksamma inom livsmedels- och dryckesbranschen eller h\u00e4lso- och sjukv\u00e5rd, maximal lagringsflexibilitet genom ett n\u00e4tverk av tio anl\u00e4ggningar runtom i Storbritannien. Flera lageranl\u00e4ggningar erbjuder tj\u00e4nster som tullager och temperaturkontrollerade milj\u00f6er. Kammac har ocks\u00e5 licens f\u00f6r att hantera medicinska produkter som l\u00e4kemedel och deras insatsmaterial. Bolagets integrerade tj\u00e4nsteerbjudanden passar f\u00f6retag av alla storlekar och kan flexibelt skalas upp eller ned i helt\u00e4ckande partnerskap f\u00f6r logistikoutsourcing och tredjepartslogistik.<\/p>\n<p>Bishopsgate \u00e4r en ledande brittisk akt\u00f6r inom specialtransporter, installation och konfiguration av avancerad teknisk utrustning, s\u00e5som medicinteknisk apparatur, kontorsskrivare, kassask\u00e5p och kontanthantering, paketboxar samt datorh\u00e5rdvara. Bolagets kundanpassade leveranstj\u00e4nster bygger p\u00e5 ett hel\u00e4gt n\u00e4tverk av lagerverksamheter i hela Storbritannien och p\u00e5 Irland.&nbsp;Tack vare en h\u00f6g niv\u00e5 av digitalisering kan kunder sp\u00e5ra hela processen fr\u00e5n best\u00e4llningsmottagande till leverans och installation.<\/p>\n<p>Kammac grundades f\u00f6r \u00f6ver 40 \u00e5r sedan och f\u00f6rv\u00e4rvades av Elanders 2023. Bishopsgate grundades f\u00f6r n\u00e4stan 35 \u00e5r sedan och f\u00f6rv\u00e4rvades av Elanders 2024.<\/p>\n\r\n                            <\/div>\r\n                        <\/div>                                        \r\n                    <\/div>                                              \r\n                    <\/div>                                \r\n            <\/section>\n\n\n<div style=\"height:25px\" aria-hidden=\"true\" class=\"wp-block-spacer\"><\/div>\n\n\n<section class=\"cta-block\">  \r\n              <div class=\"container\">              \r\n                <div class=\"row\">\r\n                    <div class=\"col-lg-4 col-md-6 mb-3\">\r\n                      <a target=\"_blank\" class=\"btn-full btn-full-red\" href=\"\/wp-content\/uploads\/2026\/03\/KB-SE-2025.pdf\" class=\"button\">L\u00e4s mer om Kammac och Bishopsgate<BR>i \u00e5rsredovisningen f\u00f6r 2025<\/a>\r\n                    <\/div><div class=\"col-lg-4 col-md-6 mb-3\">\r\n                      <a target=\"_blank\" class=\"btn-full btn-full-red\" href=\"https:\/\/www.kammac.com\/\" class=\"button\">L\u00e4s mer om Kammac<BR>p\u00e5 kammac.com<\/a>\r\n                    <\/div><div class=\"col-lg-4 col-md-6 mb-3\">\r\n                      <a target=\"_blank\" class=\"btn-full btn-full-red\" href=\"https:\/\/bishopsgate.co.uk\/\" class=\"button\">L\u00e4s mer om Bishopsgate<BR>p\u00e5 bishopsgate.co.uk<\/a>\r\n                    <\/div>\r\n                <\/div>                                                                \r\n              <\/div>\r\n            <\/section>\n\n\n<div style=\"height:50px\" aria-hidden=\"true\" class=\"wp-block-spacer\"><\/div>\n\n\n<section class=\"quick-facts-block bg-color-gray\">  \r\n              <div class=\"container\">              \r\n                <div class=\"row d-flex justify-content-center align-items-center\">\r\n                    <div class=\"col-lg-4 col-md-6 mt-4 mb-4 text-center\">\r\n                                <p class='quick-fact-number text-black'><span class=\"sign-sv\">\u2248<\/span>655<\/p>\r\n                                \r\n                                <hr class=\"horizontal-line black\" \/>\r\n                                <p class=\"quick-fact-text-3 text-black\">Oms\u00e4ttning, Mkr<br\/> (Kammac, FY 2025)<\/p>\r\n                            <\/div><div class=\"col-lg-4 col-md-6 mt-4 mb-4 text-center\">\r\n                                <p class='quick-fact-number text-black'><span class=\"sign-sv\">\u2248<\/span>420<\/p>\r\n                                \r\n                                <hr class=\"horizontal-line black\" \/>\r\n                                <p class=\"quick-fact-text-3 text-black\">Antal anst\u00e4llda<br\/>(Kammac, FY 2025)<\/p>\r\n                            <\/div><div class=\"col-lg-4 col-md-6 mt-4 mb-4 text-center\">\r\n                                \r\n                                <p class=\"quick-fact-text-2 text-black\">Storbritannien<\/p>\r\n                                <hr class=\"horizontal-line black\" \/>\r\n                                <p class=\"quick-fact-text-3 text-black\">Geografisk n\u00e4rvaro<br\/> (Kammac, FY 2025)<\/p>\r\n                            <\/div>\r\n                <\/div>                                                                \r\n              <\/div>\r\n            <\/section>\n\n<section class=\"quick-facts-block bg-color-gray\">  \r\n              <div class=\"container\">              \r\n                <div class=\"row d-flex justify-content-center align-items-center\">\r\n                    <div class=\"col-lg-4 col-md-6 mt-4 mb-4 text-center\">\r\n                                <p class='quick-fact-number text-black'><span class=\"sign-sv\">\u2248<\/span>390<\/p>\r\n                                \r\n                                <hr class=\"horizontal-line black\" \/>\r\n                                <p class=\"quick-fact-text-3 text-black\">Oms\u00e4ttning, Mkr<br\/> (Bishopsgate, FY 2025)<\/p>\r\n                            <\/div><div class=\"col-lg-4 col-md-6 mt-4 mb-4 text-center\">\r\n                                <p class='quick-fact-number text-black'><span class=\"sign-sv\">\u2248<\/span>280<\/p>\r\n                                \r\n                                <hr class=\"horizontal-line black\" \/>\r\n                                <p class=\"quick-fact-text-3 text-black\">Antal anst\u00e4llda<br\/>(Bishpsgate, FY 2025)<\/p>\r\n                            <\/div><div class=\"col-lg-4 col-md-6 mt-4 mb-4 text-center\">\r\n                                \r\n                                <p class=\"quick-fact-text-2 text-black\">Storbritannien och Irland <\/p>\r\n                                <hr class=\"horizontal-line black\" \/>\r\n                                <p class=\"quick-fact-text-3 text-black\">Geografisk n\u00e4rvaro<br\/> (Bishopsgate, FY 2025)<\/p>\r\n                            <\/div>\r\n                <\/div>                                                                \r\n              <\/div>\r\n            <\/section>","protected":false},"excerpt":{"rendered":"","protected":false},"author":2,"featured_media":0,"parent":25467,"menu_order":0,"comment_status":"closed","ping_status":"closed","template":"","meta":{"footnotes":""},"class_list":["post-25536","page","type-page","status-publish","hentry"],"yoast_head":"<!-- This site is optimized with the Yoast SEO plugin v27.2 - https:\/\/yoast.com\/product\/yoast-seo-wordpress\/ -->\n<title>Kammac - Elanders Group<\/title>\n<meta name=\"description\" content=\"Kammac \u00e4r en flexibel och p\u00e5litlig leverant\u00f6r av kontraktslogistik som tillhandah\u00e5ller supply chain management-tj\u00e4nster.\" \/>\n<meta name=\"robots\" content=\"index, follow, max-snippet:-1, max-image-preview:large, max-video-preview:-1\" \/>\n<link rel=\"canonical\" href=\"https:\/\/www.elanders.com\/sv\/verksamheter\/kammac\/\" \/>\n<meta property=\"og:locale\" content=\"sv_SE\" \/>\n<meta property=\"og:type\" content=\"article\" \/>\n<meta property=\"og:title\" content=\"Kammac - Elanders Group\" \/>\n<meta property=\"og:description\" content=\"Kammac \u00e4r en flexibel och p\u00e5litlig leverant\u00f6r av kontraktslogistik som tillhandah\u00e5ller supply chain management-tj\u00e4nster.\" \/>\n<meta property=\"og:url\" content=\"https:\/\/www.elanders.com\/sv\/verksamheter\/kammac\/\" \/>\n<meta property=\"og:site_name\" content=\"Elanders Group\" \/>\n<meta property=\"article:modified_time\" content=\"2026-03-23T10:18:37+00:00\" \/>\n<meta name=\"twitter:card\" content=\"summary_large_image\" \/>\n<meta name=\"twitter:label1\" content=\"Ber\u00e4knad l\u00e4stid\" \/>\n\t<meta name=\"twitter:data1\" content=\"1 minut\" \/>\n<script type=\"application\/ld+json\" class=\"yoast-schema-graph\">{\"@context\":\"https:\/\/schema.org\",\"@graph\":[{\"@type\":\"WebPage\",\"@id\":\"https:\/\/www.elanders.com\/sv\/verksamheter\/kammac\/\",\"url\":\"https:\/\/www.elanders.com\/sv\/verksamheter\/kammac\/\",\"name\":\"Kammac - Elanders Group\",\"isPartOf\":{\"@id\":\"https:\/\/www.elanders.com\/#website\"},\"datePublished\":\"2024-09-27T08:15:10+00:00\",\"dateModified\":\"2026-03-23T10:18:37+00:00\",\"description\":\"Kammac \u00e4r en flexibel och p\u00e5litlig leverant\u00f6r av kontraktslogistik som tillhandah\u00e5ller supply chain management-tj\u00e4nster.\",\"breadcrumb\":{\"@id\":\"https:\/\/www.elanders.com\/sv\/verksamheter\/kammac\/#breadcrumb\"},\"inLanguage\":\"sv-SE\",\"potentialAction\":[{\"@type\":\"ReadAction\",\"target\":[\"https:\/\/www.elanders.com\/sv\/verksamheter\/kammac\/\"]}]},{\"@type\":\"BreadcrumbList\",\"@id\":\"https:\/\/www.elanders.com\/sv\/verksamheter\/kammac\/#breadcrumb\",\"itemListElement\":[{\"@type\":\"ListItem\",\"position\":1,\"name\":\"Home\",\"item\":\"https:\/\/www.elanders.com\/sv\/\"},{\"@type\":\"ListItem\",\"position\":2,\"name\":\"Verksamheter\",\"item\":\"https:\/\/www.elanders.com\/sv\/verksamheter\/\"},{\"@type\":\"ListItem\",\"position\":3,\"name\":\"Kammac\",\"item\":\"https:\/\/www.elanders.com\/sv\/verksamheter\/kammac\/\"}]},{\"@type\":\"WebSite\",\"@id\":\"https:\/\/www.elanders.com\/#website\",\"url\":\"https:\/\/www.elanders.com\/\",\"name\":\"Welcome to Elanders - Elanders Group\",\"description\":\"\",\"potentialAction\":[{\"@type\":\"SearchAction\",\"target\":{\"@type\":\"EntryPoint\",\"urlTemplate\":\"https:\/\/www.elanders.com\/?s={search_term_string}\"},\"query-input\":{\"@type\":\"PropertyValueSpecification\",\"valueRequired\":true,\"valueName\":\"search_term_string\"}}],\"inLanguage\":\"sv-SE\"}]}<\/script>\n<!-- \/ Yoast SEO plugin. -->","yoast_head_json":{"title":"Kammac - Elanders Group","description":"Kammac \u00e4r en flexibel och p\u00e5litlig leverant\u00f6r av kontraktslogistik som tillhandah\u00e5ller supply chain management-tj\u00e4nster.","robots":{"index":"index","follow":"follow","max-snippet":"max-snippet:-1","max-image-preview":"max-image-preview:large","max-video-preview":"max-video-preview:-1"},"canonical":"https:\/\/www.elanders.com\/sv\/verksamheter\/kammac\/","og_locale":"sv_SE","og_type":"article","og_title":"Kammac - Elanders Group","og_description":"Kammac \u00e4r en flexibel och p\u00e5litlig leverant\u00f6r av kontraktslogistik som tillhandah\u00e5ller supply chain management-tj\u00e4nster.","og_url":"https:\/\/www.elanders.com\/sv\/verksamheter\/kammac\/","og_site_name":"Elanders Group","article_modified_time":"2026-03-23T10:18:37+00:00","twitter_card":"summary_large_image","twitter_misc":{"Ber\u00e4knad l\u00e4stid":"1 minut"},"schema":{"@context":"https:\/\/schema.org","@graph":[{"@type":"WebPage","@id":"https:\/\/www.elanders.com\/sv\/verksamheter\/kammac\/","url":"https:\/\/www.elanders.com\/sv\/verksamheter\/kammac\/","name":"Kammac - Elanders Group","isPartOf":{"@id":"https:\/\/www.elanders.com\/#website"},"datePublished":"2024-09-27T08:15:10+00:00","dateModified":"2026-03-23T10:18:37+00:00","description":"Kammac \u00e4r en flexibel och p\u00e5litlig leverant\u00f6r av kontraktslogistik som tillhandah\u00e5ller supply chain management-tj\u00e4nster.","breadcrumb":{"@id":"https:\/\/www.elanders.com\/sv\/verksamheter\/kammac\/#breadcrumb"},"inLanguage":"sv-SE","potentialAction":[{"@type":"ReadAction","target":["https:\/\/www.elanders.com\/sv\/verksamheter\/kammac\/"]}]},{"@type":"BreadcrumbList","@id":"https:\/\/www.elanders.com\/sv\/verksamheter\/kammac\/#breadcrumb","itemListElement":[{"@type":"ListItem","position":1,"name":"Home","item":"https:\/\/www.elanders.com\/sv\/"},{"@type":"ListItem","position":2,"name":"Verksamheter","item":"https:\/\/www.elanders.com\/sv\/verksamheter\/"},{"@type":"ListItem","position":3,"name":"Kammac","item":"https:\/\/www.elanders.com\/sv\/verksamheter\/kammac\/"}]},{"@type":"WebSite","@id":"https:\/\/www.elanders.com\/#website","url":"https:\/\/www.elanders.com\/","name":"Welcome to Elanders - Elanders Group","description":"","potentialAction":[{"@type":"SearchAction","target":{"@type":"EntryPoint","urlTemplate":"https:\/\/www.elanders.com\/?s={search_term_string}"},"query-input":{"@type":"PropertyValueSpecification","valueRequired":true,"valueName":"search_term_string"}}],"inLanguage":"sv-SE"}]}},"_links":{"self":[{"href":"https:\/\/www.elanders.com\/sv\/wp-json\/wp\/v2\/pages\/25536","targetHints":{"allow":["GET"]}}],"collection":[{"href":"https:\/\/www.elanders.com\/sv\/wp-json\/wp\/v2\/pages"}],"about":[{"href":"https:\/\/www.elanders.com\/sv\/wp-json\/wp\/v2\/types\/page"}],"author":[{"embeddable":true,"href":"https:\/\/www.elanders.com\/sv\/wp-json\/wp\/v2\/users\/2"}],"replies":[{"embeddable":true,"href":"https:\/\/www.elanders.com\/sv\/wp-json\/wp\/v2\/comments?post=25536"}],"version-history":[{"count":13,"href":"https:\/\/www.elanders.com\/sv\/wp-json\/wp\/v2\/pages\/25536\/revisions"}],"predecessor-version":[{"id":32139,"href":"https:\/\/www.elanders.com\/sv\/wp-json\/wp\/v2\/pages\/25536\/revisions\/32139"}],"up":[{"embeddable":true,"href":"https:\/\/www.elanders.com\/sv\/wp-json\/wp\/v2\/pages\/25467"}],"wp:attachment":[{"href":"https:\/\/www.elanders.com\/sv\/wp-json\/wp\/v2\/media?parent=25536"}],"curies":[{"name":"wp","href":"https:\/\/api.w.org\/{rel}","templated":true}]}}