{"id":25558,"date":"2024-09-27T08:15:25","date_gmt":"2024-09-27T08:15:25","guid":{"rendered":"https:\/\/www.elanders.com\/verksamheter\/elanders-print-packaging\/"},"modified":"2026-03-23T11:42:02","modified_gmt":"2026-03-23T10:42:02","slug":"elanders-print-packaging","status":"publish","type":"page","link":"https:\/\/www.elanders.com\/sv\/verksamheter\/elanders-print-packaging\/","title":{"rendered":"Elanders Print &amp; Packaging"},"content":{"rendered":"<section id=\"\" class=\"text-block  space-bottom-yes space-top-yes text-block-id-69e73dd292fef bg-color-white text-color-black\">                \r\n                    <div class=\"container\">  \r\n                        <div class=\"row\">                                        \r\n                        <div class=\"col\">\r\n                            <p class=\"textBlock-sub-headline left \">PRINT &#038; PACKAGING SOLUTIONS<\/p>\r\n                             <hr class='horizontal-line mt-0' \/>\r\n                        <\/div>       \r\n                                                          \r\n                    <\/div>                      \r\n                        <div class=\"row\">                                        \r\n                        <div class=\"col\">\r\n                            <h1 class=\"textBlock-headline left \">Idealisk position p\u00e5 en ny tryckmarknad<\/h1>\r\n                             \r\n                        <\/div>       \r\n                                                          \r\n                    <\/div>    \r\n                                               \r\n                        <div class=\"row text\">\r\n                        <div class=\"col\">\r\n                            <div class=\"textBlock-text text-block-html  \">\r\n                                <p class=\"wp-block-wt-text-block\"><strong><strong><strong>Med \u00f6ver 100 \u00e5rs erfarenhet av den grafiska branschen erbjuder Elanders Print &amp; Packaging koncentrerade, kostnadseffektiva och innovativa l\u00f6sningar som utnyttjar den senaste digitala teknikens effektivitet och flexibilitet f\u00f6r att uppfylla kundernas behov, s\u00e5v\u00e4l lokalt som globalt.<\/strong><\/strong><\/strong><\/p>\n\r\n                            <\/div>\r\n                        <\/div>                                        \r\n                    <\/div>                                              \r\n                    <\/div>                                \r\n            <\/section>\n\n\r\n        <section class=\"py-5 employee-block employee-block-with-logo employee-block-id-69e73dd2933f2 bg-color-gray\">\r\n                <div class=\"container\">\r\n                    <div class=\"row\">\r\n                    <div class=\"d-flex flex-column flex-lg-row align-items-center\">\r\n                        <div class=\"col-12 col-lg-3\">\r\n                          <img decoding=\"async\" loading=\"lazy\" class=\"employee-image\" src=\"http:\/\/www.elanders.com\/wp-content\/uploads\/2024\/10\/BURKHARD-SQUARE-600-24.jpg\" alt=\"Employee Image\">\r\n                        <\/div>\r\n                        <div class=\"col-12 col-lg-9\">\r\n                             <img decoding=\"async\" loading=\"lazy\" class=\"mt-5 mt-lg-0\" src=\"http:\/\/www.elanders.com\/wp-content\/uploads\/2025\/11\/ELANPP-230-75-2025.svg\" alt=\"Employee Image\">      <hr class=\"horizontal-line\" \/>\r\n                             \r\n            <span class=\"employee-headline mt-3\"><h3>Sven Burkhard<\/h3>\n<\/span>\r\n            \r\n                                 \r\n                <div class=\"content-3\">\r\n                    <p><strong><span class=\"etf header_font\">President<\/span><\/strong><\/p>\n \r\n                <\/div>\r\n                        <\/div>\r\n                    <\/div>\r\n                       \r\n                    <\/div>                        \r\n                <\/div>                                            \r\n            <\/section>\n\n<section id=\"\" class=\"text-block  space-bottom-yes space-top-yes text-block-id-69e73dd2935f5 bg-color-white text-color-black\">                \r\n                    <div class=\"container\">  \r\n                                              \r\n                            \r\n                                               \r\n                        <div class=\"row text\">\r\n                        <div class=\"col\">\r\n                            <div class=\"textBlock-text text-block-html  \">\r\n                                <p class=\"wp-block-wt-text-block\">Som ett av f\u00e5 tryckf\u00f6retag med global n\u00e4rvaro erbjuder Elanders Print &amp; Packaging kostnadseffektiva l\u00f6sningar som kan hantera kundernas lokala och globala behov av trycksaker och f\u00f6rpackningar, ofta i kombination med avancerade v\u00e4rdeadderande tj\u00e4nster och leveranser just-in-time eller just-in-sequence v\u00e4rlden \u00f6ver. Avancerade, anv\u00e4ndarv\u00e4nliga och best\u00e4llningsplattformar online effektiviserar processen fr\u00e5n best\u00e4llning till leverans. Kunder drar nytta av bolagets flexibilitet, kvalitet, tillf\u00f6rlitlighet och innovativa styrka.<\/p>\n<p>Elanders Print &amp; Packaging grundades f\u00f6r mer \u00e4n 100 \u00e5r sedan i Sverige. Efter en rad strategiska f\u00f6rv\u00e4rv under \u00e5ren har bolaget i dag verksamhet i ett flertal europeiska l\u00e4nder och i USA.<\/p>\n\r\n                            <\/div>\r\n                        <\/div>                                        \r\n                    <\/div>                                              \r\n                    <\/div>                                \r\n            <\/section>\n\n\n<div style=\"height:25px\" aria-hidden=\"true\" class=\"wp-block-spacer\"><\/div>\n\n\n<section class=\"cta-block\">  \r\n              <div class=\"container\">              \r\n                <div class=\"row\">\r\n                    <div class=\"col-lg-4 col-md-6 mb-3\">\r\n                      <a target=\"_blank\" class=\"btn-full btn-full-light-blue\" href=\"\/wp-content\/uploads\/2026\/03\/PP-SE-2025.pdf\" class=\"button\">L\u00e4s mer om<BR>Elanders Print &#038; Packaging<BR>i \u00e5rsredovisningen f\u00f6r 2025<\/a>\r\n                    <\/div><div class=\"col-lg-4 col-md-6 mb-3\">\r\n                      <a target=\"_blank\" class=\"btn-full btn-full-light-blue\" href=\"https:\/\/elanders-print.com\/\" class=\"button\">L\u00e4s mer om<BR>Elanders Print &#038; Packaging<BR>p\u00e5 elanders-print.com<\/a>\r\n                    <\/div>\r\n                <\/div>                                                                \r\n              <\/div>\r\n            <\/section>\n\n\n<div style=\"height:50px\" aria-hidden=\"true\" class=\"wp-block-spacer\"><\/div>\n\n\n<section class=\"quick-facts-block bg-color-gray\">  \r\n              <div class=\"container\">              \r\n                <div class=\"row d-flex justify-content-center align-items-center\">\r\n                    <div class=\"col-lg-4 col-md-6 mt-4 mb-4 text-center\">\r\n                                <p class='quick-fact-number text-black'><span class=\"sign-sv\">\u2248<\/span>2 600<\/p>\r\n                                \r\n                                <hr class=\"horizontal-line black\" \/>\r\n                                <p class=\"quick-fact-text-3 text-black\">Oms\u00e4ttning, Mkr<br\/> (FY 2025)<\/p>\r\n                            <\/div><div class=\"col-lg-4 col-md-6 mt-4 mb-4 text-center\">\r\n                                <p class='quick-fact-number text-black'><span class=\"sign-sv\">\u2248<\/span>1 100<\/p>\r\n                                \r\n                                <hr class=\"horizontal-line black\" \/>\r\n                                <p class=\"quick-fact-text-3 text-black\">Antal anst\u00e4llda<br\/>(FY 2025)<\/p>\r\n                            <\/div><div class=\"col-lg-4 col-md-6 mt-4 mb-4 text-center\">\r\n                                \r\n                                <p class=\"quick-fact-text-2 text-black\">Italien, Polen, Storbritannien, Sverige, Tyskland, Ungern och USA<\/p>\r\n                                <hr class=\"horizontal-line black\" \/>\r\n                                <p class=\"quick-fact-text-3 text-black\">Geografisk n\u00e4rvaro<br\/> (FY 2025)<\/p>\r\n                            <\/div>\r\n                <\/div>                                                                \r\n              <\/div>\r\n            <\/section>","protected":false},"excerpt":{"rendered":"","protected":false},"author":2,"featured_media":0,"parent":25467,"menu_order":0,"comment_status":"closed","ping_status":"closed","template":"","meta":{"footnotes":""},"class_list":["post-25558","page","type-page","status-publish","hentry"],"yoast_head":"<!-- This site is optimized with the Yoast SEO plugin v27.2 - https:\/\/yoast.com\/product\/yoast-seo-wordpress\/ -->\n<title>Elanders Print &amp; Packaging - Elanders Group<\/title>\n<meta name=\"description\" content=\"Elanders Print &amp; Packaging erbjuder koncentrerade, kostnadseffektiva och innovativa l\u00f6sningar.\" \/>\n<meta name=\"robots\" content=\"index, follow, max-snippet:-1, max-image-preview:large, max-video-preview:-1\" \/>\n<link rel=\"canonical\" href=\"https:\/\/www.elanders.com\/sv\/verksamheter\/elanders-print-packaging\/\" \/>\n<meta property=\"og:locale\" content=\"sv_SE\" \/>\n<meta property=\"og:type\" content=\"article\" \/>\n<meta property=\"og:title\" content=\"Elanders Print &amp; Packaging - Elanders Group\" \/>\n<meta property=\"og:description\" content=\"Elanders Print &amp; Packaging erbjuder koncentrerade, kostnadseffektiva och innovativa l\u00f6sningar.\" \/>\n<meta property=\"og:url\" content=\"https:\/\/www.elanders.com\/sv\/verksamheter\/elanders-print-packaging\/\" \/>\n<meta property=\"og:site_name\" content=\"Elanders Group\" \/>\n<meta property=\"article:modified_time\" content=\"2026-03-23T10:42:02+00:00\" \/>\n<meta name=\"twitter:card\" content=\"summary_large_image\" \/>\n<meta name=\"twitter:label1\" content=\"Ber\u00e4knad l\u00e4stid\" \/>\n\t<meta name=\"twitter:data1\" content=\"1 minut\" \/>\n<script type=\"application\/ld+json\" class=\"yoast-schema-graph\">{\"@context\":\"https:\/\/schema.org\",\"@graph\":[{\"@type\":\"WebPage\",\"@id\":\"https:\/\/www.elanders.com\/sv\/verksamheter\/elanders-print-packaging\/\",\"url\":\"https:\/\/www.elanders.com\/sv\/verksamheter\/elanders-print-packaging\/\",\"name\":\"Elanders Print &amp; Packaging - Elanders Group\",\"isPartOf\":{\"@id\":\"https:\/\/www.elanders.com\/#website\"},\"datePublished\":\"2024-09-27T08:15:25+00:00\",\"dateModified\":\"2026-03-23T10:42:02+00:00\",\"description\":\"Elanders Print & Packaging erbjuder koncentrerade, kostnadseffektiva och innovativa l\u00f6sningar.\",\"breadcrumb\":{\"@id\":\"https:\/\/www.elanders.com\/sv\/verksamheter\/elanders-print-packaging\/#breadcrumb\"},\"inLanguage\":\"sv-SE\",\"potentialAction\":[{\"@type\":\"ReadAction\",\"target\":[\"https:\/\/www.elanders.com\/sv\/verksamheter\/elanders-print-packaging\/\"]}]},{\"@type\":\"BreadcrumbList\",\"@id\":\"https:\/\/www.elanders.com\/sv\/verksamheter\/elanders-print-packaging\/#breadcrumb\",\"itemListElement\":[{\"@type\":\"ListItem\",\"position\":1,\"name\":\"Home\",\"item\":\"https:\/\/www.elanders.com\/sv\/\"},{\"@type\":\"ListItem\",\"position\":2,\"name\":\"Verksamheter\",\"item\":\"https:\/\/www.elanders.com\/sv\/verksamheter\/\"},{\"@type\":\"ListItem\",\"position\":3,\"name\":\"Elanders Print &amp; Packaging\"}]},{\"@type\":\"WebSite\",\"@id\":\"https:\/\/www.elanders.com\/#website\",\"url\":\"https:\/\/www.elanders.com\/\",\"name\":\"Welcome to Elanders - Elanders Group\",\"description\":\"\",\"potentialAction\":[{\"@type\":\"SearchAction\",\"target\":{\"@type\":\"EntryPoint\",\"urlTemplate\":\"https:\/\/www.elanders.com\/?s={search_term_string}\"},\"query-input\":{\"@type\":\"PropertyValueSpecification\",\"valueRequired\":true,\"valueName\":\"search_term_string\"}}],\"inLanguage\":\"sv-SE\"}]}<\/script>\n<!-- \/ Yoast SEO plugin. -->","yoast_head_json":{"title":"Elanders Print &amp; Packaging - Elanders Group","description":"Elanders Print & Packaging erbjuder koncentrerade, kostnadseffektiva och innovativa l\u00f6sningar.","robots":{"index":"index","follow":"follow","max-snippet":"max-snippet:-1","max-image-preview":"max-image-preview:large","max-video-preview":"max-video-preview:-1"},"canonical":"https:\/\/www.elanders.com\/sv\/verksamheter\/elanders-print-packaging\/","og_locale":"sv_SE","og_type":"article","og_title":"Elanders Print &amp; Packaging - Elanders Group","og_description":"Elanders Print & Packaging erbjuder koncentrerade, kostnadseffektiva och innovativa l\u00f6sningar.","og_url":"https:\/\/www.elanders.com\/sv\/verksamheter\/elanders-print-packaging\/","og_site_name":"Elanders Group","article_modified_time":"2026-03-23T10:42:02+00:00","twitter_card":"summary_large_image","twitter_misc":{"Ber\u00e4knad l\u00e4stid":"1 minut"},"schema":{"@context":"https:\/\/schema.org","@graph":[{"@type":"WebPage","@id":"https:\/\/www.elanders.com\/sv\/verksamheter\/elanders-print-packaging\/","url":"https:\/\/www.elanders.com\/sv\/verksamheter\/elanders-print-packaging\/","name":"Elanders Print &amp; Packaging - Elanders Group","isPartOf":{"@id":"https:\/\/www.elanders.com\/#website"},"datePublished":"2024-09-27T08:15:25+00:00","dateModified":"2026-03-23T10:42:02+00:00","description":"Elanders Print & Packaging erbjuder koncentrerade, kostnadseffektiva och innovativa l\u00f6sningar.","breadcrumb":{"@id":"https:\/\/www.elanders.com\/sv\/verksamheter\/elanders-print-packaging\/#breadcrumb"},"inLanguage":"sv-SE","potentialAction":[{"@type":"ReadAction","target":["https:\/\/www.elanders.com\/sv\/verksamheter\/elanders-print-packaging\/"]}]},{"@type":"BreadcrumbList","@id":"https:\/\/www.elanders.com\/sv\/verksamheter\/elanders-print-packaging\/#breadcrumb","itemListElement":[{"@type":"ListItem","position":1,"name":"Home","item":"https:\/\/www.elanders.com\/sv\/"},{"@type":"ListItem","position":2,"name":"Verksamheter","item":"https:\/\/www.elanders.com\/sv\/verksamheter\/"},{"@type":"ListItem","position":3,"name":"Elanders Print &amp; Packaging"}]},{"@type":"WebSite","@id":"https:\/\/www.elanders.com\/#website","url":"https:\/\/www.elanders.com\/","name":"Welcome to Elanders - Elanders Group","description":"","potentialAction":[{"@type":"SearchAction","target":{"@type":"EntryPoint","urlTemplate":"https:\/\/www.elanders.com\/?s={search_term_string}"},"query-input":{"@type":"PropertyValueSpecification","valueRequired":true,"valueName":"search_term_string"}}],"inLanguage":"sv-SE"}]}},"_links":{"self":[{"href":"https:\/\/www.elanders.com\/sv\/wp-json\/wp\/v2\/pages\/25558","targetHints":{"allow":["GET"]}}],"collection":[{"href":"https:\/\/www.elanders.com\/sv\/wp-json\/wp\/v2\/pages"}],"about":[{"href":"https:\/\/www.elanders.com\/sv\/wp-json\/wp\/v2\/types\/page"}],"author":[{"embeddable":true,"href":"https:\/\/www.elanders.com\/sv\/wp-json\/wp\/v2\/users\/2"}],"replies":[{"embeddable":true,"href":"https:\/\/www.elanders.com\/sv\/wp-json\/wp\/v2\/comments?post=25558"}],"version-history":[{"count":14,"href":"https:\/\/www.elanders.com\/sv\/wp-json\/wp\/v2\/pages\/25558\/revisions"}],"predecessor-version":[{"id":32151,"href":"https:\/\/www.elanders.com\/sv\/wp-json\/wp\/v2\/pages\/25558\/revisions\/32151"}],"up":[{"embeddable":true,"href":"https:\/\/www.elanders.com\/sv\/wp-json\/wp\/v2\/pages\/25467"}],"wp:attachment":[{"href":"https:\/\/www.elanders.com\/sv\/wp-json\/wp\/v2\/media?parent=25558"}],"curies":[{"name":"wp","href":"https:\/\/api.w.org\/{rel}","templated":true}]}}