{"id":25887,"date":"2024-09-25T13:58:14","date_gmt":"2024-09-25T13:58:14","guid":{"rendered":"https:\/\/www.elanders.com\/sustainability\/"},"modified":"2026-04-08T10:33:54","modified_gmt":"2026-04-08T08:33:54","slug":"hallbarhet","status":"publish","type":"page","link":"https:\/\/www.elanders.com\/sv\/hallbarhet\/","title":{"rendered":"H\u00e5llbarhet"},"content":{"rendered":"\r\n        <style>\r\n             .showcase-section-block-69dec4adaaa20 {\r\n                background-image: url(https:\/\/www.elanders.com\/wp-content\/uploads\/2026\/04\/26-sustainability.jpg);\r\n                background-attachment: scroll;\r\n                background-size: cover;  \r\n                background-repeat: no-repeat; \r\n                background-position: center center;\r\n                overflow: hidden;\r\n                color:  var(--elarb-white);\r\n            }\r\n\r\n            @media (max-width: 1024px) {\r\n                 .showcase-section-block-69dec4adaaa20 {\r\n                    background-attachment: scroll;\r\n                }\r\n            }\r\n        <\/style><section class=\"showcase-section-block showcase-section-block-69dec4adaaa20\">   \r\n        <div class=\"container showcase-section-container showcase-section-banner\">\r\n                <div class=\"showcase-section d-flex flex-column align-items-start justify-content-evenly text-start\">\r\n            <div class=\"showcase-content\">\r\n                <h2 class=\"showcase-title\">H\u00e5llbarhet<\/h2>\r\n                <p class=\"showcase-description\">En integrerad del i koncernens verksamhet och aff\u00e4rsbeslut<\/p>\r\n                <hr class=\"horizontal-line\">\r\n                  <div class=\"showcase-section-button\">\r\n                    \r\n                  <\/div>\r\n            <\/div>\r\n        <\/div>\r\n        <\/div>\r\n    <\/section>\n\n<section class=\"quick-facts-block bg-color-gray\">  \r\n              <div class=\"container\">              \r\n                <div class=\"row d-flex justify-content-center align-items-center\">\r\n                    <div class=\"col-lg-4 col-md-6 mt-4 mb-4 text-center\">\r\n                                <p class='quick-fact-number text-blue75'>36<\/p>\r\n                                <p class=\"quick-fact-text-2 text-black\">tusen ton CO<sub>2<\/sub>e (FY 2025)<\/p>\r\n                                <hr class=\"horizontal-line black\" \/>\r\n                                <p class=\"quick-fact-text-3 text-black\">Scope 1 &#038; 2-utsl\u00e4pp<br\/>(Bas\u00e5r: 52 000 ton)<\/p>\r\n                            <\/div><div class=\"col-lg-4 col-md-6 mt-4 mb-4 text-center\">\r\n                                <p class='quick-fact-number text-blue75'>185<\/p>\r\n                                <p class=\"quick-fact-text-2 text-black\">tusen ton CO<sub>2<\/sub>e (FY 2025)<\/p>\r\n                                <hr class=\"horizontal-line black\" \/>\r\n                                <p class=\"quick-fact-text-3 text-black\">Scope 3-utsl\u00e4pp<br\/>(Bas\u00e5r: 229 000 ton)<\/p>\r\n                            <\/div><div class=\"col-lg-4 col-md-6 mt-4 mb-4 text-center\">\r\n                                <p class='quick-fact-number text-blue75'>27<\/p>\r\n                                <p class=\"quick-fact-text-2 text-black\">procent (FY 2025)<\/p>\r\n                                <hr class=\"horizontal-line black\" \/>\r\n                                <p class=\"quick-fact-text-3 text-black\">Andel kvinnliga chefer<br\/> (2024: 29 %)<\/p>\r\n                            <\/div><div class=\"col-lg-4 col-md-6 mt-4 mb-4 text-center\">\r\n                                <p class='quick-fact-number text-blue75'>66<\/p>\r\n                                <p class=\"quick-fact-text-2 text-black\">procent (FY 2025)<\/p>\r\n                                <hr class=\"horizontal-line black\" \/>\r\n                                <p class=\"quick-fact-text-3 text-black\">Andel f\u00f6rnybar el<br\/> (2024: 62 %)<\/p>\r\n                            <\/div><div class=\"col-lg-4 col-md-6 mt-4 mb-4 text-center\">\r\n                                <p class='quick-fact-number text-blue75'>74<\/p>\r\n                                <p class=\"quick-fact-text-2 text-black\">tusen ton CO<sub>2<\/sub>e (FY 2025)<\/p>\r\n                                <hr class=\"horizontal-line black\" \/>\r\n                                <p class=\"quick-fact-text-3 text-black\">Undvikna utsl\u00e4pp inom Life Cycle Management<br\/> (2024: 44 000 ton)<\/p>\r\n                            <\/div><div class=\"col-lg-4 col-md-6 mt-4 mb-4 text-center\">\r\n                                <p class='quick-fact-number text-blue75'>6 864<\/p>\r\n                                <p class=\"quick-fact-text-2 text-black\">personer (FY 2025)<\/p>\r\n                                <hr class=\"horizontal-line black\" \/>\r\n                                <p class=\"quick-fact-text-3 text-black\">Medeltal anst\u00e4llda<br\/>(2024: 7 324)<\/p>\r\n                            <\/div>\r\n                <\/div>                                                                \r\n              <\/div>\r\n            <\/section>\n\n<section id=\"\" class=\"text-block  space-bottom-yes space-top-yes text-block-id-69dec4adaabbf bg-color-white text-color-black\">                \r\n                    <div class=\"container\">  \r\n                                              \r\n                            \r\n                                               \r\n                        <div class=\"row text\">\r\n                        <div class=\"col\">\r\n                            <div class=\"textBlock-text text-block-html  \">\r\n                                <p class=\"wp-block-wt-text-block\">Som en global logistikleverant\u00f6r ser Elanders h\u00e5llbarhet som b\u00e5de en ansvarsfr\u00e5ga och en aff\u00e4rsm\u00f6jlighet f\u00f6r att skapa b\u00e4ttre framtida l\u00f6nsamhet. Att aktivt arbeta med sociala, etiska och milj\u00f6relaterade fr\u00e5gor skapar v\u00e4rde s\u00e5v\u00e4l f\u00f6r Elanders som f\u00f6r koncernens alla kunder, investerare och samh\u00e4llet i stort. D\u00e4rf\u00f6r \u00e4r h\u00e5llbarhet en integrerad del av koncernens verksamhet och strategi.<\/p>\n<p>Elanders h\u00e5llbarhetsarbete delas in i omr\u00e5dena milj\u00f6, socialt ansvar och styrning. Vi ska minimera v\u00e5rt avtryck i milj\u00f6n och hitta nya aff\u00e4rsmodeller som kan ge positiv effekt i form av till exempel mer cirkul\u00e4ra material- och resursfl\u00f6den. Samtidigt ska Elanders bidra till en h\u00e5llbar social utveckling genom att bland annat vara en ansvarstagande och attraktiv arbetsgivare, samt styra v\u00e5r verksamhet utifr\u00e5n etiska aff\u00e4rsmetoder. <\/p>\n<p>Elanders \u00e4r ansluten till UN Global Compact och \u00e5tar sig att till\u00e4mpa grundl\u00e4ggande principer f\u00f6r ansvarsfull bolagsstyrning. Koncernen st\u00f6djer \u00e4ven FN:s Agenda 2030 och de 17 globala m\u00e5len f\u00f6r en milj\u00f6m\u00e4ssigt, socialt och ekonomiskt h\u00e5llbar utveckling.<\/p>\n<p>Elanders h\u00e5llbarhetsrapport f\u00f6r kalender\u00e5ret 2025 \u00e4r en del av&nbsp;<a href=\"https:\/\/www.elanders.com\/wp-content\/uploads\/2026\/03\/Elanders-2025-12-31-sv.pdf\" target=\"_blank\" rel=\"noreferrer noopener\">\u00e5rsredovisningen<\/a>.&nbsp;D\u00e4ri redog\u00f6rs f\u00f6r detaljerna i Elanders strategiska h\u00e5llbarhetsarbete och de framsteg som gjorts under \u00e5ret. Rapporten delas in i omr\u00e5dena milj\u00f6, socialt ansvar och styrning. En sammanfattning av omr\u00e5dena hittas under respektive rubrik nedan.<\/p>\n\r\n                            <\/div>\r\n                        <\/div>                                        \r\n                    <\/div>                                              \r\n                    <\/div>                                \r\n            <\/section>\n\n\n<div style=\"height:25px\" aria-hidden=\"true\" class=\"wp-block-spacer\"><\/div>\n\n\n<section class=\"cta-block\">  \r\n              <div class=\"container\">              \r\n                <div class=\"row\">\r\n                    <div class=\"col-lg-4 col-md-6 mb-3\">\r\n                      <a target=\"_self\" class=\"btn-full btn-full-blue\" href=\"\/sv\/hallbarhet\/miljo\/\" class=\"button\">Milj\u00f6<\/a>\r\n                    <\/div><div class=\"col-lg-4 col-md-6 mb-3\">\r\n                      <a target=\"_self\" class=\"btn-full btn-full-blue\" href=\"\/sv\/hallbarhet\/socialt-ansvar\/\" class=\"button\">Socialt ansvar<\/a>\r\n                    <\/div><div class=\"col-lg-4 col-md-6 mb-3\">\r\n                      <a target=\"_self\" class=\"btn-full btn-full-blue\" href=\"\/sv\/hallbarhet\/styrning\/\" class=\"button\">Styrning<\/a>\r\n                    <\/div><div class=\"col-lg-4 col-md-6 mb-3\">\r\n                      <a target=\"_self\" class=\"btn-full btn-full-blue\" href=\"\/sv\/hallbarhet\/strategi-och-vasentlighetsanalys\/\" class=\"button\">Strategi och v\u00e4sentlighetsanalys<\/a>\r\n                    <\/div><div class=\"col-lg-4 col-md-6 mb-3\">\r\n                      <a target=\"_self\" class=\"btn-full btn-full-blue\" href=\"\/sv\/hallbarhet\/rapportering\/\" class=\"button\">Rapportering<\/a>\r\n                    <\/div><div class=\"col-lg-4 col-md-6 mb-3\">\r\n                      <a target=\"_self\" class=\"btn-full btn-full-blue\" href=\"\/sv\/hallbarhet\/engagemang\/\" class=\"button\">Engagemang<\/a>\r\n                    <\/div>\r\n                <\/div>                                                                \r\n              <\/div>\r\n            <\/section>\n\n\n<div style=\"height:50px\" aria-hidden=\"true\" class=\"wp-block-spacer\"><\/div>\n\n\n\n<div style=\"height:50px\" aria-hidden=\"true\" class=\"wp-block-spacer bg-color-gray\"><\/div>\n\n\n<section class=\"image-gallery-block bg-color-gray\">  \r\n                <div class=\"container\">              \r\n                            <div class=\"row image-gallery-container\">\r\n                                <div class=\"gallery-item\"><img decoding=\"async\" loading=\"lazy\" alt=\"Sustainability UNGC\" src=\"https:\/\/www.elanders.com\/wp-content\/uploads\/2024\/10\/Sustainability-UNGC-2-2.svg\" \/><\/div>\r\n                            <\/div>\r\n                        <\/div>\r\n            <\/section>\n\n<section id=\"\" class=\"text-block  space-bottom-yes space-top-yes text-block-id-69dec4adab32a bg-color-gray text-color-black\">                \r\n                    <div class=\"container\">  \r\n                                              \r\n                            \r\n                                               \r\n                        <div class=\"row text\">\r\n                        <div class=\"col\">\r\n                            <div class=\"textBlock-text text-block-html  \">\r\n                                <p class=\"wp-block-wt-text-block\">Elanders \u00e4r ansluten till UN Global Compact och \u00e5tar sig att till\u00e4mpa grundl\u00e4ggande principer f\u00f6r ansvarsfull bolagsstyrning. Koncernen st\u00f6djer \u00e4ven FN:s Agenda 2030 och de 17 globala m\u00e5len f\u00f6r en milj\u00f6m\u00e4ssigt, socialt och ekonomiskt h\u00e5llbar utveckling.<\/p>\n\r\n                            <\/div>\r\n                        <\/div>                                        \r\n                    <\/div>                                              \r\n                    <\/div>                                \r\n            <\/section>\n\n\n<div style=\"height:50px\" aria-hidden=\"true\" class=\"wp-block-spacer bg-color-gray\"><\/div>\n","protected":false},"excerpt":{"rendered":"","protected":false},"author":2,"featured_media":0,"parent":0,"menu_order":0,"comment_status":"closed","ping_status":"closed","template":"","meta":{"footnotes":""},"class_list":["post-25887","page","type-page","status-publish","hentry"],"yoast_head":"<!-- This site is optimized with the Yoast SEO plugin v27.2 - https:\/\/yoast.com\/product\/yoast-seo-wordpress\/ -->\n<title>H\u00e5llbarhet - Elanders Group<\/title>\n<meta name=\"description\" content=\"H\u00e5llbarhet \u00e4r f\u00f6r Elanders en integrerad del i koncernens verksamhet och aff\u00e4rsbeslut.\" \/>\n<meta name=\"robots\" content=\"index, follow, max-snippet:-1, max-image-preview:large, max-video-preview:-1\" \/>\n<link rel=\"canonical\" href=\"https:\/\/www.elanders.com\/sv\/hallbarhet\/\" \/>\n<meta property=\"og:locale\" content=\"sv_SE\" \/>\n<meta property=\"og:type\" content=\"article\" \/>\n<meta property=\"og:title\" content=\"H\u00e5llbarhet - Elanders Group\" \/>\n<meta property=\"og:description\" content=\"H\u00e5llbarhet \u00e4r f\u00f6r Elanders en integrerad del i koncernens verksamhet och aff\u00e4rsbeslut.\" \/>\n<meta property=\"og:url\" content=\"https:\/\/www.elanders.com\/sv\/hallbarhet\/\" \/>\n<meta property=\"og:site_name\" content=\"Elanders Group\" \/>\n<meta property=\"article:modified_time\" content=\"2026-04-08T08:33:54+00:00\" \/>\n<meta name=\"twitter:card\" content=\"summary_large_image\" \/>\n<meta name=\"twitter:label1\" content=\"Ber\u00e4knad l\u00e4stid\" \/>\n\t<meta name=\"twitter:data1\" content=\"2 minuter\" \/>\n<script type=\"application\/ld+json\" class=\"yoast-schema-graph\">{\"@context\":\"https:\/\/schema.org\",\"@graph\":[{\"@type\":\"WebPage\",\"@id\":\"https:\/\/www.elanders.com\/sv\/hallbarhet\/\",\"url\":\"https:\/\/www.elanders.com\/sv\/hallbarhet\/\",\"name\":\"H\u00e5llbarhet - Elanders Group\",\"isPartOf\":{\"@id\":\"https:\/\/www.elanders.com\/#website\"},\"datePublished\":\"2024-09-25T13:58:14+00:00\",\"dateModified\":\"2026-04-08T08:33:54+00:00\",\"description\":\"H\u00e5llbarhet \u00e4r f\u00f6r Elanders en integrerad del i koncernens verksamhet och aff\u00e4rsbeslut.\",\"breadcrumb\":{\"@id\":\"https:\/\/www.elanders.com\/sv\/hallbarhet\/#breadcrumb\"},\"inLanguage\":\"sv-SE\",\"potentialAction\":[{\"@type\":\"ReadAction\",\"target\":[\"https:\/\/www.elanders.com\/sv\/hallbarhet\/\"]}]},{\"@type\":\"BreadcrumbList\",\"@id\":\"https:\/\/www.elanders.com\/sv\/hallbarhet\/#breadcrumb\",\"itemListElement\":[{\"@type\":\"ListItem\",\"position\":1,\"name\":\"Home\",\"item\":\"https:\/\/www.elanders.com\/sv\/\"},{\"@type\":\"ListItem\",\"position\":2,\"name\":\"H\u00e5llbarhet\",\"item\":\"https:\/\/www.elanders.com\/sv\/hallbarhet\/\"}]},{\"@type\":\"WebSite\",\"@id\":\"https:\/\/www.elanders.com\/#website\",\"url\":\"https:\/\/www.elanders.com\/\",\"name\":\"Welcome to Elanders - Elanders Group\",\"description\":\"\",\"potentialAction\":[{\"@type\":\"SearchAction\",\"target\":{\"@type\":\"EntryPoint\",\"urlTemplate\":\"https:\/\/www.elanders.com\/?s={search_term_string}\"},\"query-input\":{\"@type\":\"PropertyValueSpecification\",\"valueRequired\":true,\"valueName\":\"search_term_string\"}}],\"inLanguage\":\"sv-SE\"}]}<\/script>\n<!-- \/ Yoast SEO plugin. -->","yoast_head_json":{"title":"H\u00e5llbarhet - Elanders Group","description":"H\u00e5llbarhet \u00e4r f\u00f6r Elanders en integrerad del i koncernens verksamhet och aff\u00e4rsbeslut.","robots":{"index":"index","follow":"follow","max-snippet":"max-snippet:-1","max-image-preview":"max-image-preview:large","max-video-preview":"max-video-preview:-1"},"canonical":"https:\/\/www.elanders.com\/sv\/hallbarhet\/","og_locale":"sv_SE","og_type":"article","og_title":"H\u00e5llbarhet - Elanders Group","og_description":"H\u00e5llbarhet \u00e4r f\u00f6r Elanders en integrerad del i koncernens verksamhet och aff\u00e4rsbeslut.","og_url":"https:\/\/www.elanders.com\/sv\/hallbarhet\/","og_site_name":"Elanders Group","article_modified_time":"2026-04-08T08:33:54+00:00","twitter_card":"summary_large_image","twitter_misc":{"Ber\u00e4knad l\u00e4stid":"2 minuter"},"schema":{"@context":"https:\/\/schema.org","@graph":[{"@type":"WebPage","@id":"https:\/\/www.elanders.com\/sv\/hallbarhet\/","url":"https:\/\/www.elanders.com\/sv\/hallbarhet\/","name":"H\u00e5llbarhet - Elanders Group","isPartOf":{"@id":"https:\/\/www.elanders.com\/#website"},"datePublished":"2024-09-25T13:58:14+00:00","dateModified":"2026-04-08T08:33:54+00:00","description":"H\u00e5llbarhet \u00e4r f\u00f6r Elanders en integrerad del i koncernens verksamhet och aff\u00e4rsbeslut.","breadcrumb":{"@id":"https:\/\/www.elanders.com\/sv\/hallbarhet\/#breadcrumb"},"inLanguage":"sv-SE","potentialAction":[{"@type":"ReadAction","target":["https:\/\/www.elanders.com\/sv\/hallbarhet\/"]}]},{"@type":"BreadcrumbList","@id":"https:\/\/www.elanders.com\/sv\/hallbarhet\/#breadcrumb","itemListElement":[{"@type":"ListItem","position":1,"name":"Home","item":"https:\/\/www.elanders.com\/sv\/"},{"@type":"ListItem","position":2,"name":"H\u00e5llbarhet","item":"https:\/\/www.elanders.com\/sv\/hallbarhet\/"}]},{"@type":"WebSite","@id":"https:\/\/www.elanders.com\/#website","url":"https:\/\/www.elanders.com\/","name":"Welcome to Elanders - Elanders Group","description":"","potentialAction":[{"@type":"SearchAction","target":{"@type":"EntryPoint","urlTemplate":"https:\/\/www.elanders.com\/?s={search_term_string}"},"query-input":{"@type":"PropertyValueSpecification","valueRequired":true,"valueName":"search_term_string"}}],"inLanguage":"sv-SE"}]}},"_links":{"self":[{"href":"https:\/\/www.elanders.com\/sv\/wp-json\/wp\/v2\/pages\/25887","targetHints":{"allow":["GET"]}}],"collection":[{"href":"https:\/\/www.elanders.com\/sv\/wp-json\/wp\/v2\/pages"}],"about":[{"href":"https:\/\/www.elanders.com\/sv\/wp-json\/wp\/v2\/types\/page"}],"author":[{"embeddable":true,"href":"https:\/\/www.elanders.com\/sv\/wp-json\/wp\/v2\/users\/2"}],"replies":[{"embeddable":true,"href":"https:\/\/www.elanders.com\/sv\/wp-json\/wp\/v2\/comments?post=25887"}],"version-history":[{"count":26,"href":"https:\/\/www.elanders.com\/sv\/wp-json\/wp\/v2\/pages\/25887\/revisions"}],"predecessor-version":[{"id":32580,"href":"https:\/\/www.elanders.com\/sv\/wp-json\/wp\/v2\/pages\/25887\/revisions\/32580"}],"wp:attachment":[{"href":"https:\/\/www.elanders.com\/sv\/wp-json\/wp\/v2\/media?parent=25887"}],"curies":[{"name":"wp","href":"https:\/\/api.w.org\/{rel}","templated":true}]}}