{"id":25903,"date":"2024-09-27T08:17:35","date_gmt":"2024-09-27T08:17:35","guid":{"rendered":"https:\/\/www.elanders.com\/hallbarhet\/environment\/"},"modified":"2026-03-23T13:08:10","modified_gmt":"2026-03-23T12:08:10","slug":"miljo","status":"publish","type":"page","link":"https:\/\/www.elanders.com\/sv\/hallbarhet\/miljo\/","title":{"rendered":"Milj\u00f6"},"content":{"rendered":"<section id=\"\" class=\"text-block  space-bottom-yes space-top-yes text-block-id-69d710db727b0 bg-color-gray text-color-black\">                \r\n                    <div class=\"container\">  \r\n                                              \r\n                        <div class=\"row\">                                        \r\n                        <div class=\"col\">\r\n                            <h1 class=\"textBlock-headline left \">Milj\u00f6<\/h1>\r\n                             \r\n                        <\/div>       \r\n                                                          \r\n                    <\/div>    \r\n                                               \r\n                        <div class=\"row text\">\r\n                        <div class=\"col\">\r\n                            <div class=\"textBlock-text text-block-html  \">\r\n                                <p class=\"wp-block-wt-text-block\"><strong><strong>Att begr\u00e4nsa klimatf\u00f6r\u00e4ndringarna och st\u00e4lla om fr\u00e5n fossila br\u00e4nslen \u00e4r en stor utmaning f\u00f6r transport- och logistiksektorn. Elanders vill vara en strategisk aff\u00e4rspartner i klimatomst\u00e4llningen.<\/strong><\/strong><\/p>\n\r\n                            <\/div>\r\n                        <\/div>                                        \r\n                    <\/div>                                              \r\n                    <\/div>                                \r\n            <\/section>\n\n<section id=\"\" class=\"text-block  space-bottom-no space-top-yes text-block-id-69d710db728a5 bg-color-white text-color-black\">                \r\n                    <div class=\"container\">  \r\n                                              \r\n                            \r\n                                               \r\n                        <div class=\"row text\">\r\n                        <div class=\"col\">\r\n                            <div class=\"textBlock-text text-block-html  \">\r\n                                <p class=\"wp-block-wt-text-block\">M\u00e5let f\u00f6r Elanders \u00e4r att vara ledande p\u00e5 globala helhetsl\u00f6sningar inom supply chain management och vara b\u00e4st p\u00e5 att tillgodose kundernas krav p\u00e5 effektivitet och leverans, med h\u00e5llbarhet i fokus. Med integrerade och kundanpassade l\u00f6sningar f\u00f6r hantering av hela eller delar av kundernas f\u00f6rs\u00f6rjningskedja kan kundernas klimatavtryck reduceras genom att b\u00e5de material- och produktfl\u00f6den optimeras. Elanders kan som partner till kunden synligg\u00f6ra utsl\u00e4ppen i v\u00e4rdekedjan och erbjuda alternativa l\u00f6sningar riktade till var kundens har sin st\u00f6rsta p\u00e5verkan och behov.<\/p>\n<p>Om du vill f\u00f6rdjupa dig i detaljerna kan du l\u00e4sa\u00a0<a href=\"https:\/\/www.elanders.com\/wp-content\/uploads\/2026\/03\/Elanders-2025-12-31-sv.pdf\" target=\"_blank\" rel=\"noreferrer noopener\">Elanders senaste \u00e5rs- och h\u00e5llbarhetsredovisning.<\/a><\/p>\n\r\n                            <\/div>\r\n                        <\/div>                                        \r\n                    <\/div>                                              \r\n                    <\/div>                                \r\n            <\/section>\n\n<section id=\"\" class=\"text-block  space-bottom-yes space-top-yes text-block-id-69d710db72961 bg-color-white text-color-black\">                \r\n                    <div class=\"container\">  \r\n                                              \r\n                        <div class=\"row\">                                        \r\n                        <div class=\"col\">\r\n                            <h3 class=\"textBlock-headline left \">Klimatp\u00e5verkan och m\u00e5l f\u00f6r utsl\u00e4ppsminskning<\/h3>\r\n                             <hr class='horizontal-line' \/>\r\n                        <\/div>       \r\n                                                          \r\n                    <\/div>    \r\n                                               \r\n                        <div class=\"row text\">\r\n                        <div class=\"col\">\r\n                            <div class=\"textBlock-text text-block-html  \">\r\n                                <p class=\"wp-block-wt-text-block\">Som leverant\u00f6r av end-to-end-l\u00f6sningar genereras v\u00e4xthusgasutsl\u00e4pp i hela Elanders v\u00e4rdekedja. Den st\u00f6rsta p\u00e5verkan ligger i de sj\u00f6-, flyg- och v\u00e4gtransporter som Elanders hanterar \u00e5t sina kunder. Inom Print &amp; Packaging Solutions ligger den st\u00f6rsta klimatp\u00e5verkan i tillverkningen av pappersmaterial som k\u00f6ps in.<\/p>\n<p>F\u00f6r att hantera f\u00f6retagets p\u00e5verkan och relaterade risker har koncernen antagit m\u00e5l f\u00f6r minskning av v\u00e4xthusgasutsl\u00e4pp. The Science Based Target initiative (SBTi) har verifierat Elanders klimatm\u00e5l, f\u00f6r att s\u00e4kerst\u00e4lla att m\u00e5len \u00e4r i linje med den senaste klimatvetenskapen och Parisavtalets m\u00e5l. Genom detta \u00e5tar sig Elanders att till senast \u00e5r 2050 n\u00e5 nettonollutsl\u00e4pp av v\u00e4xthusgaser i den egna verksamheten och genom sina aktiviteter i v\u00e4rdekedjan.<\/p>\n\r\n                            <\/div>\r\n                        <\/div>                                        \r\n                    <\/div>                                              \r\n                    <\/div>                                \r\n            <\/section>\n\n<section id=\"\" class=\"text-block  space-bottom-no space-top-yes text-block-id-69d710db72a1d bg-color-gray text-color-black\">                \r\n                    <div class=\"container\">  \r\n                            \r\n                        \r\n                        <img loading=\"lazy\" alt=\"SBTi Logo Black Upd\" class='img-fluid mt-2' src='http:\/\/www.elanders.com\/wp-content\/uploads\/2025\/08\/SBTi-logo-black-upd.png' \/>                       \r\n                        <div class=\"row text\">\r\n                        <div class=\"col\">\r\n                            <div class=\"textBlock-text mt-4 text-block-html \">\r\n                                <p class=\"wp-block-wt-image-text-block\">\n\r\n                            <\/div>\r\n                        <\/div>                                        \r\n                    <\/div>                                              \r\n                    <\/div>                                \r\n            <\/section>\n\n<section id=\"\" class=\"text-block  space-bottom-yes space-top-no text-block-id-69d710db72ab8 bg-color-gray text-color-black\">                \r\n                    <div class=\"container\">  \r\n                                              \r\n                            \r\n                                               \r\n                        <div class=\"row text\">\r\n                        <div class=\"col\">\r\n                            <div class=\"textBlock-text text-block-html  \">\r\n                                <ul>\n\t<li><strong>\u00d6vergripande m\u00e5l:<\/strong> Elanders AB \u00e5tar sig att uppn\u00e5 nettonollutsl\u00e4pp av v\u00e4xthusgaser i hela v\u00e4rdekedjan till 2050.<\/li><BR>\n\t<li><strong>Kortsiktiga m\u00e5l:<\/strong> Elanders AB \u00e5tar sig att minska de absoluta utsl\u00e4ppen i scope 1 och 2 med 50 % till 2030 fr\u00e5n bas\u00e5ret 2021 *. Elanders AB \u00e5tar sig vidare att minska de absoluta utsl\u00e4ppen i scope 3 med 25 % till 2030 fr\u00e5n bas\u00e5ret 2022 *.<\/li><BR>\n\t<li><strong>L\u00e5ngsiktiga m\u00e5l:<\/strong> Elanders AB \u00e5tar sig att minska de absoluta utsl\u00e4ppen i scope 1 och 2 med 90 % till 2050 fr\u00e5n bas\u00e5ret 2021 *. Elanders AB \u00e5tar sig vidare att minska de absoluta utsl\u00e4ppen i scope 3 med 90 % till 2050 fr\u00e5n bas\u00e5ret 2022 *.<\/li>\n<\/ul>\n<BR>\n* M\u00e5lgr\u00e4ns inkluderar markrelaterade utsl\u00e4pp och upptag fr\u00e5n bioenergir\u00e5varor.\r\n                            <\/div>\r\n                        <\/div>                                        \r\n                    <\/div>                                              \r\n                    <\/div>                                \r\n            <\/section>\n\n<section id=\"\" class=\"text-block  space-bottom-no space-top-yes text-block-id-69d710db72b44 bg-color-white text-color-black\">                \r\n                    <div class=\"container\">  \r\n                                              \r\n                            \r\n                                               \r\n                        <div class=\"row text\">\r\n                        <div class=\"col\">\r\n                            <div class=\"textBlock-text text-block-html  \">\r\n                                <p class=\"wp-block-wt-text-block\">Elanders arbetar just nu tillsammans med dotterbolagen f\u00f6r att ta fram \u00e5tg\u00e4rdsplaner f\u00f6r utsl\u00e4ppsminskningar i linje med de uppsatta m\u00e5len.<\/p>\n\r\n                            <\/div>\r\n                        <\/div>                                        \r\n                    <\/div>                                              \r\n                    <\/div>                                \r\n            <\/section>\n\n<section id=\"\" class=\"text-block  space-bottom-no space-top-yes text-block-id-69d710db72bdc bg-color-white text-color-black\">                \r\n                    <div class=\"container\">  \r\n                                              \r\n                        <div class=\"row\">                                        \r\n                        <div class=\"col\">\r\n                            <h3 class=\"textBlock-headline left \">Elanders totala v\u00e4xthusgasutsl\u00e4pp per scope \u2013 2025<\/h3>\r\n                             <hr class='horizontal-line' \/>\r\n                        <\/div>       \r\n                                                          \r\n                    <\/div>    \r\n                                               \r\n                        <div class=\"row text\">\r\n                        <div class=\"col\">\r\n                            <div class=\"textBlock-text text-block-html  \">\r\n                                <p class=\"wp-block-wt-text-block\">\n\r\n                            <\/div>\r\n                        <\/div>                                        \r\n                    <\/div>                                              \r\n                    <\/div>                                \r\n            <\/section>\n\n<section class=\"image-gallery-block\">  \r\n  <div class=\"container  bg-color-white\">              \r\n        <div class=\"\">\r\n            <div class=\"row\">\r\n                <div class=\"img-block col-12\">         \r\n                       \t   <img decoding=\"async\" loading=\"lazy\" alt=\"Vaxthusgas FY SE\" id=\"img-block-69d710db72c71\" class=\"img-block desktop-padding-top desktop-padding-right desktop-padding-bottom desktop-padding-left tablet-padding-top tablet-padding-right tablet-padding-bottom tablet-padding-left mobile-padding-top mobile-padding-right mobile-padding-bottom mobile-padding-left \" src=\"http:\/\/www.elanders.com\/wp-content\/uploads\/2026\/03\/Vaxthusgas-FY2025-SE.svg\" \/> \r\n                <\/div>\r\n            <\/div>\r\n        <\/div>                                                            \r\n    <\/section><style> #img-block-69d710db72c71.desktop-padding-top { padding-top: 25px; } #img-block-69d710db72c71.desktop-padding-right { padding-right: 300px; } #img-block-69d710db72c71.desktop-padding-bottom { padding-bottom: 25px; } #img-block-69d710db72c71.desktop-padding-left { padding-left: 300px; }@media only screen and (max-width: 991px) {  #img-block-69d710db72c71.tablet-padding-top { padding-top: 25px; }} @media only screen and (max-width: 991px) {  #img-block-69d710db72c71.tablet-padding-right { padding-right: 150px; }} @media only screen and (max-width: 991px) {  #img-block-69d710db72c71.tablet-padding-bottom { padding-bottom: 25px; }} @media only screen and (max-width: 991px) {  #img-block-69d710db72c71.tablet-padding-left { padding-left: 150px; }} @media only screen and (max-width: 575px) {  #img-block-69d710db72c71.mobile-padding-top { padding-top: 25px; }} @media only screen and (max-width: 575px) {  #img-block-69d710db72c71.mobile-padding-right { padding-right: 0px; }} @media only screen and (max-width: 575px) {  #img-block-69d710db72c71.mobile-padding-bottom { padding-bottom: 25px; }} @media only screen and (max-width: 575px) {  #img-block-69d710db72c71.mobile-padding-left { padding-left: 0px; }} <\/style>\n\n<section id=\"\" class=\"text-block  space-bottom-yes space-top-yes text-block-id-69d710db72cfb bg-color-white text-color-black\">                \r\n                    <div class=\"container\">  \r\n                                              \r\n                        <div class=\"row\">                                        \r\n                        <div class=\"col\">\r\n                            <h3 class=\"textBlock-headline left \">M\u00f6jligg\u00f6rare f\u00f6r cirkul\u00e4ra l\u00f6sningar<\/h3>\r\n                             <hr class='horizontal-line' \/>\r\n                        <\/div>       \r\n                                                          \r\n                    <\/div>    \r\n                                               \r\n                        <div class=\"row text\">\r\n                        <div class=\"col\">\r\n                            <div class=\"textBlock-text text-block-html  \">\r\n                                <p class=\"wp-block-wt-text-block\">Under de senaste \u00e5ren har Elanders expanderat inom tj\u00e4nsteomr\u00e5det Life Cycle Management som t\u00e4cker det cirkul\u00e4ra konceptet Renewed Tech. Genom den tj\u00e4nstebaserade och cirkul\u00e4ra aff\u00e4rsmodellen utnyttjas potentialen som finns att hitta p\u00e5 andrahandsmarknaden f\u00f6r IT-produkter. Elanders har skalbara cirkul\u00e4ra aff\u00e4rsmodeller som g\u00e5r att bredda till olika kundsegment. I dialog med kunden kan Elanders bli en m\u00f6jligg\u00f6rare f\u00f6r cirkularitet inom kundens aff\u00e4rsmodell.<\/p>\n\r\n                            <\/div>\r\n                        <\/div>                                        \r\n                    <\/div>                                              \r\n                    <\/div>                                \r\n            <\/section>\n\n\n<p><\/p>\n\n\n\n<div style=\"height:50px\" aria-hidden=\"true\" class=\"wp-block-spacer\"><\/div>\n","protected":false},"excerpt":{"rendered":"","protected":false},"author":2,"featured_media":0,"parent":25887,"menu_order":0,"comment_status":"closed","ping_status":"closed","template":"","meta":{"footnotes":""},"class_list":["post-25903","page","type-page","status-publish","hentry"],"yoast_head":"<!-- This site is optimized with the Yoast SEO plugin v27.2 - https:\/\/yoast.com\/product\/yoast-seo-wordpress\/ -->\n<title>Milj\u00f6 - Elanders Group<\/title>\n<meta name=\"description\" content=\"M\u00e5let f\u00f6r Elanders \u00e4r att vara ledande p\u00e5 globala helhetsl\u00f6sningar inom supply chain management och vara b\u00e4st p\u00e5 att tillgodose kundernas krav p\u00e5 effektivitet och leverans, med h\u00e5llbarhet i fokus.\" \/>\n<meta name=\"robots\" content=\"index, follow, max-snippet:-1, max-image-preview:large, max-video-preview:-1\" \/>\n<link rel=\"canonical\" href=\"https:\/\/www.elanders.com\/sv\/hallbarhet\/miljo\/\" \/>\n<meta property=\"og:locale\" content=\"sv_SE\" \/>\n<meta property=\"og:type\" content=\"article\" \/>\n<meta property=\"og:title\" content=\"Milj\u00f6 - Elanders Group\" \/>\n<meta property=\"og:description\" content=\"M\u00e5let f\u00f6r Elanders \u00e4r att vara ledande p\u00e5 globala helhetsl\u00f6sningar inom supply chain management och vara b\u00e4st p\u00e5 att tillgodose kundernas krav p\u00e5 effektivitet och leverans, med h\u00e5llbarhet i fokus.\" \/>\n<meta property=\"og:url\" content=\"https:\/\/www.elanders.com\/sv\/hallbarhet\/miljo\/\" \/>\n<meta property=\"og:site_name\" content=\"Elanders Group\" \/>\n<meta property=\"article:modified_time\" content=\"2026-03-23T12:08:10+00:00\" \/>\n<meta name=\"twitter:card\" content=\"summary_large_image\" \/>\n<meta name=\"twitter:label1\" content=\"Ber\u00e4knad l\u00e4stid\" \/>\n\t<meta name=\"twitter:data1\" content=\"2 minuter\" \/>\n<script type=\"application\/ld+json\" class=\"yoast-schema-graph\">{\"@context\":\"https:\/\/schema.org\",\"@graph\":[{\"@type\":\"WebPage\",\"@id\":\"https:\/\/www.elanders.com\/sv\/hallbarhet\/miljo\/\",\"url\":\"https:\/\/www.elanders.com\/sv\/hallbarhet\/miljo\/\",\"name\":\"Milj\u00f6 - Elanders Group\",\"isPartOf\":{\"@id\":\"https:\/\/www.elanders.com\/#website\"},\"datePublished\":\"2024-09-27T08:17:35+00:00\",\"dateModified\":\"2026-03-23T12:08:10+00:00\",\"description\":\"M\u00e5let f\u00f6r Elanders \u00e4r att vara ledande p\u00e5 globala helhetsl\u00f6sningar inom supply chain management och vara b\u00e4st p\u00e5 att tillgodose kundernas krav p\u00e5 effektivitet och leverans, med h\u00e5llbarhet i fokus.\",\"breadcrumb\":{\"@id\":\"https:\/\/www.elanders.com\/sv\/hallbarhet\/miljo\/#breadcrumb\"},\"inLanguage\":\"sv-SE\",\"potentialAction\":[{\"@type\":\"ReadAction\",\"target\":[\"https:\/\/www.elanders.com\/sv\/hallbarhet\/miljo\/\"]}]},{\"@type\":\"BreadcrumbList\",\"@id\":\"https:\/\/www.elanders.com\/sv\/hallbarhet\/miljo\/#breadcrumb\",\"itemListElement\":[{\"@type\":\"ListItem\",\"position\":1,\"name\":\"Home\",\"item\":\"https:\/\/www.elanders.com\/sv\/\"},{\"@type\":\"ListItem\",\"position\":2,\"name\":\"H\u00e5llbarhet\",\"item\":\"https:\/\/www.elanders.com\/sv\/hallbarhet\/\"},{\"@type\":\"ListItem\",\"position\":3,\"name\":\"Milj\u00f6\"}]},{\"@type\":\"WebSite\",\"@id\":\"https:\/\/www.elanders.com\/#website\",\"url\":\"https:\/\/www.elanders.com\/\",\"name\":\"Welcome to Elanders - Elanders Group\",\"description\":\"\",\"potentialAction\":[{\"@type\":\"SearchAction\",\"target\":{\"@type\":\"EntryPoint\",\"urlTemplate\":\"https:\/\/www.elanders.com\/?s={search_term_string}\"},\"query-input\":{\"@type\":\"PropertyValueSpecification\",\"valueRequired\":true,\"valueName\":\"search_term_string\"}}],\"inLanguage\":\"sv-SE\"}]}<\/script>\n<!-- \/ Yoast SEO plugin. -->","yoast_head_json":{"title":"Milj\u00f6 - Elanders Group","description":"M\u00e5let f\u00f6r Elanders \u00e4r att vara ledande p\u00e5 globala helhetsl\u00f6sningar inom supply chain management och vara b\u00e4st p\u00e5 att tillgodose kundernas krav p\u00e5 effektivitet och leverans, med h\u00e5llbarhet i fokus.","robots":{"index":"index","follow":"follow","max-snippet":"max-snippet:-1","max-image-preview":"max-image-preview:large","max-video-preview":"max-video-preview:-1"},"canonical":"https:\/\/www.elanders.com\/sv\/hallbarhet\/miljo\/","og_locale":"sv_SE","og_type":"article","og_title":"Milj\u00f6 - Elanders Group","og_description":"M\u00e5let f\u00f6r Elanders \u00e4r att vara ledande p\u00e5 globala helhetsl\u00f6sningar inom supply chain management och vara b\u00e4st p\u00e5 att tillgodose kundernas krav p\u00e5 effektivitet och leverans, med h\u00e5llbarhet i fokus.","og_url":"https:\/\/www.elanders.com\/sv\/hallbarhet\/miljo\/","og_site_name":"Elanders Group","article_modified_time":"2026-03-23T12:08:10+00:00","twitter_card":"summary_large_image","twitter_misc":{"Ber\u00e4knad l\u00e4stid":"2 minuter"},"schema":{"@context":"https:\/\/schema.org","@graph":[{"@type":"WebPage","@id":"https:\/\/www.elanders.com\/sv\/hallbarhet\/miljo\/","url":"https:\/\/www.elanders.com\/sv\/hallbarhet\/miljo\/","name":"Milj\u00f6 - Elanders Group","isPartOf":{"@id":"https:\/\/www.elanders.com\/#website"},"datePublished":"2024-09-27T08:17:35+00:00","dateModified":"2026-03-23T12:08:10+00:00","description":"M\u00e5let f\u00f6r Elanders \u00e4r att vara ledande p\u00e5 globala helhetsl\u00f6sningar inom supply chain management och vara b\u00e4st p\u00e5 att tillgodose kundernas krav p\u00e5 effektivitet och leverans, med h\u00e5llbarhet i fokus.","breadcrumb":{"@id":"https:\/\/www.elanders.com\/sv\/hallbarhet\/miljo\/#breadcrumb"},"inLanguage":"sv-SE","potentialAction":[{"@type":"ReadAction","target":["https:\/\/www.elanders.com\/sv\/hallbarhet\/miljo\/"]}]},{"@type":"BreadcrumbList","@id":"https:\/\/www.elanders.com\/sv\/hallbarhet\/miljo\/#breadcrumb","itemListElement":[{"@type":"ListItem","position":1,"name":"Home","item":"https:\/\/www.elanders.com\/sv\/"},{"@type":"ListItem","position":2,"name":"H\u00e5llbarhet","item":"https:\/\/www.elanders.com\/sv\/hallbarhet\/"},{"@type":"ListItem","position":3,"name":"Milj\u00f6"}]},{"@type":"WebSite","@id":"https:\/\/www.elanders.com\/#website","url":"https:\/\/www.elanders.com\/","name":"Welcome to Elanders - Elanders Group","description":"","potentialAction":[{"@type":"SearchAction","target":{"@type":"EntryPoint","urlTemplate":"https:\/\/www.elanders.com\/?s={search_term_string}"},"query-input":{"@type":"PropertyValueSpecification","valueRequired":true,"valueName":"search_term_string"}}],"inLanguage":"sv-SE"}]}},"_links":{"self":[{"href":"https:\/\/www.elanders.com\/sv\/wp-json\/wp\/v2\/pages\/25903","targetHints":{"allow":["GET"]}}],"collection":[{"href":"https:\/\/www.elanders.com\/sv\/wp-json\/wp\/v2\/pages"}],"about":[{"href":"https:\/\/www.elanders.com\/sv\/wp-json\/wp\/v2\/types\/page"}],"author":[{"embeddable":true,"href":"https:\/\/www.elanders.com\/sv\/wp-json\/wp\/v2\/users\/2"}],"replies":[{"embeddable":true,"href":"https:\/\/www.elanders.com\/sv\/wp-json\/wp\/v2\/comments?post=25903"}],"version-history":[{"count":25,"href":"https:\/\/www.elanders.com\/sv\/wp-json\/wp\/v2\/pages\/25903\/revisions"}],"predecessor-version":[{"id":32223,"href":"https:\/\/www.elanders.com\/sv\/wp-json\/wp\/v2\/pages\/25903\/revisions\/32223"}],"up":[{"embeddable":true,"href":"https:\/\/www.elanders.com\/sv\/wp-json\/wp\/v2\/pages\/25887"}],"wp:attachment":[{"href":"https:\/\/www.elanders.com\/sv\/wp-json\/wp\/v2\/media?parent=25903"}],"curies":[{"name":"wp","href":"https:\/\/api.w.org\/{rel}","templated":true}]}}