{"id":25908,"date":"2024-09-27T08:17:52","date_gmt":"2024-09-27T08:17:52","guid":{"rendered":"https:\/\/www.elanders.com\/hallbarhet\/social\/"},"modified":"2026-03-23T13:11:08","modified_gmt":"2026-03-23T12:11:08","slug":"socialt-ansvar","status":"publish","type":"page","link":"https:\/\/www.elanders.com\/sv\/hallbarhet\/socialt-ansvar\/","title":{"rendered":"Socialt ansvar"},"content":{"rendered":"<section id=\"\" class=\"text-block  space-bottom-yes space-top-yes text-block-id-69ea0867da5c0 bg-color-gray text-color-black\">                \r\n                    <div class=\"container\">  \r\n                                              \r\n                        <div class=\"row\">                                        \r\n                        <div class=\"col\">\r\n                            <h1 class=\"textBlock-headline left \">Socialt ansvar<\/h1>\r\n                             \r\n                        <\/div>       \r\n                                                          \r\n                    <\/div>    \r\n                                               \r\n                        <div class=\"row text\">\r\n                        <div class=\"col\">\r\n                            <div class=\"textBlock-text text-block-html  \">\r\n                                <p class=\"wp-block-wt-text-block\"><strong>Elanders vill skapa attraktiva och trygga arbetsmilj\u00f6er f\u00f6r de anst\u00e4llda. F\u00f6r att hantera f\u00f6retagets p\u00e5verkan har Elanders uppr\u00e4ttat <a href=\"https:\/\/www.elanders.com\/wp-content\/uploads\/2024\/11\/2023-12-06_Elanders-Group-Elanders_Code-of-Conduct.pdf\" target=\"_blank\" rel=\"noreferrer noopener\">uppf\u00f6randekod<\/a> och policyer f\u00f6r f\u00f6rebyggande och hantering av risker i arbetsmilj\u00f6n samt i v\u00e4rdekedjan med h\u00e4nsyn till m\u00e4nskliga r\u00e4ttigheter.<\/strong><\/p>\n\r\n                            <\/div>\r\n                        <\/div>                                        \r\n                    <\/div>                                              \r\n                    <\/div>                                \r\n            <\/section>\n\n<section id=\"\" class=\"text-block  space-bottom-no space-top-yes text-block-id-69ea0867da74d bg-color-white text-color-black\">                \r\n                    <div class=\"container\">  \r\n                                              \r\n                            \r\n                                               \r\n                        <div class=\"row text\">\r\n                        <div class=\"col\">\r\n                            <div class=\"textBlock-text text-block-html  \">\r\n                                <p class=\"wp-block-wt-text-block\">Tack vare att koncernen v\u00e4xer globalt forts\u00e4tter Elanders att skapa nya arbetstillf\u00e4llen. Idag har koncernen cirka 7 000 anst\u00e4llda f\u00f6rdelade p\u00e5 ett 20-tal l\u00e4nder p\u00e5 fyra kontinenter. Dotterf\u00f6retagen styrs i h\u00f6gsta grad av lagar och regler i respektive land. Elanders har som ansvar att inom hela koncernen fr\u00e4mja en kultur pr\u00e4glad av respekt f\u00f6r b\u00e5de medm\u00e4nniskor och den naturliga milj\u00f6n.<\/p>\n<p>Om du vill f\u00f6rdjupa dig i detaljerna kan du l\u00e4sa\u00a0<a href=\"https:\/\/www.elanders.com\/wp-content\/uploads\/2026\/03\/Elanders-2025-12-31-sv.pdf\" target=\"_blank\" rel=\"noreferrer noopener\">Elanders senaste \u00e5rs- och h\u00e5llbarhetsredovisning.<\/a><\/p>\n\r\n                            <\/div>\r\n                        <\/div>                                        \r\n                    <\/div>                                              \r\n                    <\/div>                                \r\n            <\/section>\n\n<section id=\"\" class=\"text-block  space-bottom-no space-top-yes text-block-id-69ea0867da899 bg-color-white text-color-black\">                \r\n                    <div class=\"container\">  \r\n                                              \r\n                        <div class=\"row\">                                        \r\n                        <div class=\"col\">\r\n                            <h3 class=\"textBlock-headline left \">H\u00e4lsa och s\u00e4kerhet<\/h3>\r\n                             <hr class='horizontal-line' \/>\r\n                        <\/div>       \r\n                                                          \r\n                    <\/div>    \r\n                                               \r\n                        <div class=\"row text\">\r\n                        <div class=\"col\">\r\n                            <div class=\"textBlock-text text-block-html  \">\r\n                                <p class=\"wp-block-wt-text-block\">Elanders arbetsmilj\u00f6policy finns i koncernens uppf\u00f6randekod. D\u00e4r beskrivs riktlinjer f\u00f6r identifiering, hantering och f\u00f6rebyggande av potentiella h\u00e4lso- och s\u00e4kerhetsrisker. M\u00e5let \u00e4r att fr\u00e4mja en god arbetsmilj\u00f6 och minska risken f\u00f6r arbetsrelaterade skador och sjukdom.<\/p>\n<p>Ledningen f\u00f6r respektive bolag ska s\u00e4kerst\u00e4lla att uppf\u00f6randekoden efterlevs genom ytterligare riktlinjer och policyer anpassade till den specifika verksamheten.<\/p>\n\r\n                            <\/div>\r\n                        <\/div>                                        \r\n                    <\/div>                                              \r\n                    <\/div>                                \r\n            <\/section>\n\n<section id=\"\" class=\"text-block  space-bottom-no space-top-yes text-block-id-69ea0867da9b8 bg-color-white text-color-black\">                \r\n                    <div class=\"container\">  \r\n                                              \r\n                        <div class=\"row\">                                        \r\n                        <div class=\"col\">\r\n                            <h3 class=\"textBlock-headline left \">M\u00e4nskliga r\u00e4ttigheter<\/h3>\r\n                             <hr class='horizontal-line' \/>\r\n                        <\/div>       \r\n                                                          \r\n                    <\/div>    \r\n                                               \r\n                        <div class=\"row text\">\r\n                        <div class=\"col\">\r\n                            <div class=\"textBlock-text text-block-html  \">\r\n                                <p class=\"wp-block-wt-text-block\">Elanders har \u00e5tagit sig att respektera m\u00e4nskliga r\u00e4ttigheter i linje med FN:s v\u00e4gledande principer f\u00f6r f\u00f6retag och m\u00e4nskliga r\u00e4ttigheter (UNGP) och FN:s deklaration om m\u00e4nskliga r\u00e4ttigheter samt ILO:s deklaration om grundl\u00e4ggande principer och r\u00e4ttigheter i arbetslivet. Detta sl\u00e5s fast i Elanders uppf\u00f6randekod. I den anges \u00e4ven ett strikt f\u00f6rbud mot alla typer av tv\u00e5ngsarbete, m\u00e4nniskohandel och barnarbete. F\u00f6r Elanders \u00e4r barns r\u00e4tt till utbildning och skydd mot ekonomiskt utnyttjande en sj\u00e4lvklarhet.<\/p>\n<p>Elanders har tagit fram en version av uppf\u00f6randekoden som ska kommuniceras till leverant\u00f6rer och aff\u00e4rspartners. I nul\u00e4get \u00e4r det respektive dotterf\u00f6retags ansvar att identifiera risker och s\u00e4kerst\u00e4lla att uppf\u00f6randekoden f\u00f6ljs \u00e4ven i v\u00e4rdekedjan. P\u00e5 motsvarande s\u00e4tt som Elanders kontrollerar sina leverant\u00f6rer blir Elanders reviderat av kunder p\u00e5 basis av efterlevnad av sociala villkor.<\/p>\n\r\n                            <\/div>\r\n                        <\/div>                                        \r\n                    <\/div>                                              \r\n                    <\/div>                                \r\n            <\/section>\n\n\n<p><\/p>\n\n\n\n<div style=\"height:50px\" aria-hidden=\"true\" class=\"wp-block-spacer\"><\/div>\n","protected":false},"excerpt":{"rendered":"","protected":false},"author":2,"featured_media":0,"parent":25887,"menu_order":0,"comment_status":"closed","ping_status":"closed","template":"","meta":{"footnotes":""},"class_list":["post-25908","page","type-page","status-publish","hentry"],"yoast_head":"<!-- This site is optimized with the Yoast SEO plugin v27.2 - https:\/\/yoast.com\/product\/yoast-seo-wordpress\/ -->\n<title>Socialt ansvar - Elanders Group<\/title>\n<meta name=\"description\" content=\"Elanders vill skapa attraktiva och trygga arbetsmilj\u00f6er f\u00f6r de anst\u00e4llda.\" \/>\n<meta name=\"robots\" content=\"index, follow, max-snippet:-1, max-image-preview:large, max-video-preview:-1\" \/>\n<link rel=\"canonical\" href=\"https:\/\/www.elanders.com\/sv\/hallbarhet\/socialt-ansvar\/\" \/>\n<meta property=\"og:locale\" content=\"sv_SE\" \/>\n<meta property=\"og:type\" content=\"article\" \/>\n<meta property=\"og:title\" content=\"Socialt ansvar - Elanders Group\" \/>\n<meta property=\"og:description\" content=\"Elanders vill skapa attraktiva och trygga arbetsmilj\u00f6er f\u00f6r de anst\u00e4llda.\" \/>\n<meta property=\"og:url\" content=\"https:\/\/www.elanders.com\/sv\/hallbarhet\/socialt-ansvar\/\" \/>\n<meta property=\"og:site_name\" content=\"Elanders Group\" \/>\n<meta property=\"article:modified_time\" content=\"2026-03-23T12:11:08+00:00\" \/>\n<meta name=\"twitter:card\" content=\"summary_large_image\" \/>\n<meta name=\"twitter:label1\" content=\"Ber\u00e4knad l\u00e4stid\" \/>\n\t<meta name=\"twitter:data1\" content=\"2 minuter\" \/>\n<script type=\"application\/ld+json\" class=\"yoast-schema-graph\">{\"@context\":\"https:\/\/schema.org\",\"@graph\":[{\"@type\":\"WebPage\",\"@id\":\"https:\/\/www.elanders.com\/sv\/hallbarhet\/socialt-ansvar\/\",\"url\":\"https:\/\/www.elanders.com\/sv\/hallbarhet\/socialt-ansvar\/\",\"name\":\"Socialt ansvar - Elanders Group\",\"isPartOf\":{\"@id\":\"https:\/\/www.elanders.com\/#website\"},\"datePublished\":\"2024-09-27T08:17:52+00:00\",\"dateModified\":\"2026-03-23T12:11:08+00:00\",\"description\":\"Elanders vill skapa attraktiva och trygga arbetsmilj\u00f6er f\u00f6r de anst\u00e4llda.\",\"breadcrumb\":{\"@id\":\"https:\/\/www.elanders.com\/sv\/hallbarhet\/socialt-ansvar\/#breadcrumb\"},\"inLanguage\":\"sv-SE\",\"potentialAction\":[{\"@type\":\"ReadAction\",\"target\":[\"https:\/\/www.elanders.com\/sv\/hallbarhet\/socialt-ansvar\/\"]}]},{\"@type\":\"BreadcrumbList\",\"@id\":\"https:\/\/www.elanders.com\/sv\/hallbarhet\/socialt-ansvar\/#breadcrumb\",\"itemListElement\":[{\"@type\":\"ListItem\",\"position\":1,\"name\":\"Home\",\"item\":\"https:\/\/www.elanders.com\/sv\/\"},{\"@type\":\"ListItem\",\"position\":2,\"name\":\"H\u00e5llbarhet\",\"item\":\"https:\/\/www.elanders.com\/sv\/hallbarhet\/\"},{\"@type\":\"ListItem\",\"position\":3,\"name\":\"Socialt ansvar\"}]},{\"@type\":\"WebSite\",\"@id\":\"https:\/\/www.elanders.com\/#website\",\"url\":\"https:\/\/www.elanders.com\/\",\"name\":\"Welcome to Elanders - Elanders Group\",\"description\":\"\",\"potentialAction\":[{\"@type\":\"SearchAction\",\"target\":{\"@type\":\"EntryPoint\",\"urlTemplate\":\"https:\/\/www.elanders.com\/?s={search_term_string}\"},\"query-input\":{\"@type\":\"PropertyValueSpecification\",\"valueRequired\":true,\"valueName\":\"search_term_string\"}}],\"inLanguage\":\"sv-SE\"}]}<\/script>\n<!-- \/ Yoast SEO plugin. -->","yoast_head_json":{"title":"Socialt ansvar - Elanders Group","description":"Elanders vill skapa attraktiva och trygga arbetsmilj\u00f6er f\u00f6r de anst\u00e4llda.","robots":{"index":"index","follow":"follow","max-snippet":"max-snippet:-1","max-image-preview":"max-image-preview:large","max-video-preview":"max-video-preview:-1"},"canonical":"https:\/\/www.elanders.com\/sv\/hallbarhet\/socialt-ansvar\/","og_locale":"sv_SE","og_type":"article","og_title":"Socialt ansvar - Elanders Group","og_description":"Elanders vill skapa attraktiva och trygga arbetsmilj\u00f6er f\u00f6r de anst\u00e4llda.","og_url":"https:\/\/www.elanders.com\/sv\/hallbarhet\/socialt-ansvar\/","og_site_name":"Elanders Group","article_modified_time":"2026-03-23T12:11:08+00:00","twitter_card":"summary_large_image","twitter_misc":{"Ber\u00e4knad l\u00e4stid":"2 minuter"},"schema":{"@context":"https:\/\/schema.org","@graph":[{"@type":"WebPage","@id":"https:\/\/www.elanders.com\/sv\/hallbarhet\/socialt-ansvar\/","url":"https:\/\/www.elanders.com\/sv\/hallbarhet\/socialt-ansvar\/","name":"Socialt ansvar - Elanders Group","isPartOf":{"@id":"https:\/\/www.elanders.com\/#website"},"datePublished":"2024-09-27T08:17:52+00:00","dateModified":"2026-03-23T12:11:08+00:00","description":"Elanders vill skapa attraktiva och trygga arbetsmilj\u00f6er f\u00f6r de anst\u00e4llda.","breadcrumb":{"@id":"https:\/\/www.elanders.com\/sv\/hallbarhet\/socialt-ansvar\/#breadcrumb"},"inLanguage":"sv-SE","potentialAction":[{"@type":"ReadAction","target":["https:\/\/www.elanders.com\/sv\/hallbarhet\/socialt-ansvar\/"]}]},{"@type":"BreadcrumbList","@id":"https:\/\/www.elanders.com\/sv\/hallbarhet\/socialt-ansvar\/#breadcrumb","itemListElement":[{"@type":"ListItem","position":1,"name":"Home","item":"https:\/\/www.elanders.com\/sv\/"},{"@type":"ListItem","position":2,"name":"H\u00e5llbarhet","item":"https:\/\/www.elanders.com\/sv\/hallbarhet\/"},{"@type":"ListItem","position":3,"name":"Socialt ansvar"}]},{"@type":"WebSite","@id":"https:\/\/www.elanders.com\/#website","url":"https:\/\/www.elanders.com\/","name":"Welcome to Elanders - Elanders Group","description":"","potentialAction":[{"@type":"SearchAction","target":{"@type":"EntryPoint","urlTemplate":"https:\/\/www.elanders.com\/?s={search_term_string}"},"query-input":{"@type":"PropertyValueSpecification","valueRequired":true,"valueName":"search_term_string"}}],"inLanguage":"sv-SE"}]}},"_links":{"self":[{"href":"https:\/\/www.elanders.com\/sv\/wp-json\/wp\/v2\/pages\/25908","targetHints":{"allow":["GET"]}}],"collection":[{"href":"https:\/\/www.elanders.com\/sv\/wp-json\/wp\/v2\/pages"}],"about":[{"href":"https:\/\/www.elanders.com\/sv\/wp-json\/wp\/v2\/types\/page"}],"author":[{"embeddable":true,"href":"https:\/\/www.elanders.com\/sv\/wp-json\/wp\/v2\/users\/2"}],"replies":[{"embeddable":true,"href":"https:\/\/www.elanders.com\/sv\/wp-json\/wp\/v2\/comments?post=25908"}],"version-history":[{"count":9,"href":"https:\/\/www.elanders.com\/sv\/wp-json\/wp\/v2\/pages\/25908\/revisions"}],"predecessor-version":[{"id":32229,"href":"https:\/\/www.elanders.com\/sv\/wp-json\/wp\/v2\/pages\/25908\/revisions\/32229"}],"up":[{"embeddable":true,"href":"https:\/\/www.elanders.com\/sv\/wp-json\/wp\/v2\/pages\/25887"}],"wp:attachment":[{"href":"https:\/\/www.elanders.com\/sv\/wp-json\/wp\/v2\/media?parent=25908"}],"curies":[{"name":"wp","href":"https:\/\/api.w.org\/{rel}","templated":true}]}}