{"id":25913,"date":"2024-09-27T08:18:04","date_gmt":"2024-09-27T08:18:04","guid":{"rendered":"https:\/\/www.elanders.com\/hallbarhet\/governance\/"},"modified":"2026-03-23T13:17:25","modified_gmt":"2026-03-23T12:17:25","slug":"styrning","status":"publish","type":"page","link":"https:\/\/www.elanders.com\/sv\/hallbarhet\/styrning\/","title":{"rendered":"Styrning"},"content":{"rendered":"<section id=\"\" class=\"text-block  space-bottom-yes space-top-yes text-block-id-69d7386b386ae bg-color-gray text-color-black\">                \r\n                    <div class=\"container\">  \r\n                                              \r\n                        <div class=\"row\">                                        \r\n                        <div class=\"col\">\r\n                            <h1 class=\"textBlock-headline left \">Styrning<\/h1>\r\n                             \r\n                        <\/div>       \r\n                                                          \r\n                    <\/div>    \r\n                                               \r\n                        <div class=\"row text\">\r\n                        <div class=\"col\">\r\n                            <div class=\"textBlock-text text-block-html  \">\r\n                                <p class=\"wp-block-wt-text-block\"><strong>Transparens spelar en central roll i koncernens styrning och verksamhet. Elanders str\u00e4var efter att integrera och bef\u00e4sta h\u00e5llbarhet i s\u00e5v\u00e4l ledning som aff\u00e4rsverksamheter och processer f\u00f6r efterlevnad av regelverk.<\/strong><\/p>\n\r\n                            <\/div>\r\n                        <\/div>                                        \r\n                    <\/div>                                              \r\n                    <\/div>                                \r\n            <\/section>\n\n<section id=\"\" class=\"text-block  space-bottom-no space-top-yes text-block-id-69d7386b38810 bg-color-white text-color-black\">                \r\n                    <div class=\"container\">  \r\n                                              \r\n                            \r\n                                               \r\n                        <div class=\"row text\">\r\n                        <div class=\"col\">\r\n                            <div class=\"textBlock-text text-block-html  \">\r\n                                <p class=\"wp-block-wt-text-block\">Om du vill f\u00f6rdjupa dig i detaljerna kan du l\u00e4sa&nbsp;<a href=\"https:\/\/www.elanders.com\/wp-content\/uploads\/2026\/03\/Elanders-2025-12-31-sv.pdf\" target=\"_blank\" rel=\"noreferrer noopener\">Elanders senaste \u00e5rs- och h\u00e5llbarhetsredovisning.<\/a><\/p>\n<p>Styrningen avseende h\u00e5llbarhetsfr\u00e5gor \u00e4r f\u00f6rankrad i Elanders styrelse och koncernledning. \u00c4garskap och ansvar f\u00f6r att driva \u00e5tg\u00e4rder inom de v\u00e4sentliga omr\u00e5dena f\u00f6rankras i organisationen i syfte att s\u00e4kerst\u00e4lla anpassning till de olika verksamheternas prioriteringar. Omr\u00e5den med koppling till regelefterlevnad \u00e4r integrerade i Elanders centrala styrningsramverk.<\/p>\n\r\n                            <\/div>\r\n                        <\/div>                                        \r\n                    <\/div>                                              \r\n                    <\/div>                                \r\n            <\/section>\n\n<section id=\"\" class=\"text-block  space-bottom-no space-top-yes text-block-id-69d7386b38914 bg-color-white text-color-black\">                \r\n                    <div class=\"container\">  \r\n                                              \r\n                        <div class=\"row\">                                        \r\n                        <div class=\"col\">\r\n                            <h3 class=\"textBlock-headline left \">H\u00e5llbarhet \u2013 Bolagsstyrning<\/h3>\r\n                             <hr class='horizontal-line' \/>\r\n                        <\/div>       \r\n                                                          \r\n                    <\/div>    \r\n                                               \r\n                        <div class=\"row text\">\r\n                        <div class=\"col\">\r\n                            <div class=\"textBlock-text text-block-html  \">\r\n                                <p class=\"wp-block-wt-text-block\">\n\r\n                            <\/div>\r\n                        <\/div>                                        \r\n                    <\/div>                                              \r\n                    <\/div>                                \r\n            <\/section>\n\n<section class=\"image-gallery-block\">  \r\n  <div class=\"container  bg-color-white\">              \r\n        <div class=\"\">\r\n            <div class=\"row\">\r\n                <div class=\"img-block col-12\">         \r\n                       \t   <img decoding=\"async\" loading=\"lazy\" alt=\"CG SE\" id=\"img-block-69d7386b38a06\" class=\"img-block desktop-padding-top desktop-padding-right desktop-padding-bottom desktop-padding-left tablet-padding-top tablet-padding-right tablet-padding-bottom tablet-padding-left mobile-padding-top mobile-padding-right mobile-padding-bottom mobile-padding-left \" src=\"http:\/\/www.elanders.com\/wp-content\/uploads\/2026\/03\/CG-SE-25.svg\" \/> \r\n                <\/div>\r\n            <\/div>\r\n        <\/div>                                                            \r\n    <\/section><style> #img-block-69d7386b38a06.desktop-padding-top { padding-top: 0px; } #img-block-69d7386b38a06.desktop-padding-right { padding-right: 100px; } #img-block-69d7386b38a06.desktop-padding-bottom { padding-bottom: 0px; } #img-block-69d7386b38a06.desktop-padding-left { padding-left: 100px; }@media only screen and (max-width: 991px) {  #img-block-69d7386b38a06.tablet-padding-top { padding-top: 0px; }} @media only screen and (max-width: 991px) {  #img-block-69d7386b38a06.tablet-padding-right { padding-right: 50px; }} @media only screen and (max-width: 991px) {  #img-block-69d7386b38a06.tablet-padding-bottom { padding-bottom: 0px; }} @media only screen and (max-width: 991px) {  #img-block-69d7386b38a06.tablet-padding-left { padding-left: 50px; }} @media only screen and (max-width: 575px) {  #img-block-69d7386b38a06.mobile-padding-top { padding-top: 0px; }} @media only screen and (max-width: 575px) {  #img-block-69d7386b38a06.mobile-padding-right { padding-right: 0px; }} @media only screen and (max-width: 575px) {  #img-block-69d7386b38a06.mobile-padding-bottom { padding-bottom: 0px; }} @media only screen and (max-width: 575px) {  #img-block-69d7386b38a06.mobile-padding-left { padding-left: 0px; }} <\/style>\n\n<section id=\"\" class=\"text-block  space-bottom-no space-top-yes text-block-id-69d7386b38ad8 bg-color-white text-color-black\">                \r\n                    <div class=\"container\">  \r\n                                              \r\n                            \r\n                                               \r\n                        <div class=\"row text\">\r\n                        <div class=\"col\">\r\n                            <div class=\"textBlock-text text-block-html  \">\r\n                                <p class=\"wp-block-wt-text-block\">Elanders har en visselbl\u00e5sarfunktion f\u00f6r koncernens intressentgrupper att rapportera eventuella brott mot lagar eller regler inom Elanders verksamhet och v\u00e4rdekedja. Det kan relatera till IT-s\u00e4kerhet, datasekretess, milj\u00f6brott, korruption, m\u00e4nskliga r\u00e4ttigheter, diskriminering eller ekonomiskt bedr\u00e4geri. Den som anm\u00e4ler garanteras anonymitet och fullst\u00e4ndig sekretess.<\/p>\n<p>F\u00f6r att s\u00e4kerst\u00e4lla att h\u00e5llbarhetsperspektivet genomsyrar samtliga dotterf\u00f6retags styrning, och att dessa vidtar \u00e5tg\u00e4rder inom de prioriterade omr\u00e5dena, har Elanders ut\u00f6ver koncernledningen tre koncerngemensamma r\u00e5d. R\u00e5den finns inom social h\u00e5llbarhet (People &amp; Culture Council), milj\u00f6 och klimat (Environment &amp; Climate Council) samt IT. I dessa r\u00e5d ing\u00e5r relevanta representanter f\u00f6r dotterf\u00f6retagen samt koncernstaben. R\u00e5den sammantr\u00e4der vanligtvis kvartalsvis.<\/p>\n\r\n                            <\/div>\r\n                        <\/div>                                        \r\n                    <\/div>                                              \r\n                    <\/div>                                \r\n            <\/section>\n\n<section id=\"\" class=\"text-block  space-bottom-no space-top-yes text-block-id-69d7386b38bc4 bg-color-white text-color-black\">                \r\n                    <div class=\"container\">  \r\n                                              \r\n                        <div class=\"row\">                                        \r\n                        <div class=\"col\">\r\n                            <h3 class=\"textBlock-headline left \">Elanders Code of Conduct och Anti- Corruption Policy<\/h3>\r\n                             <hr class='horizontal-line' \/>\r\n                        <\/div>       \r\n                                                          \r\n                    <\/div>    \r\n                                               \r\n                        <div class=\"row text\">\r\n                        <div class=\"col\">\r\n                            <div class=\"textBlock-text text-block-html  \">\r\n                                <p class=\"wp-block-wt-text-block\">Elanders uppf\u00f6randekod omfattar samtliga medarbetare, styrelse och \u00f6vriga akt\u00f6rer som arbetar p\u00e5 uppdrag av Elanders. Den sl\u00e5r fast principerna f\u00f6r agerande inom ramen f\u00f6r Elanders verksamhet och v\u00e4rdekedja. Principerna st\u00f6djer OECD:s riktlinjer f\u00f6r multinationella f\u00f6retag och FN:s Global Compact.<\/p>\n\r\n                            <\/div>\r\n                        <\/div>                                        \r\n                    <\/div>                                              \r\n                    <\/div>                                \r\n            <\/section>\n\n<section class=\"icon-block  bg-color-white space-bottom-no space-top-yes\">  \r\n                <div class=\"container \">              \r\n                    <div class=\"row\">\r\n                        <div class=\"icon-block-container col-12\">         \r\n\t                         <a href='https:\/\/www.elanders.com\/wp-content\/uploads\/2024\/11\/2023-12-06_Elanders-Group-Elanders_Code-of-Conduct.pdf' target=_black class=\"icon-red text-color-black \">\r\n\t                            <i class=\"bi bi-file-earmark-pdf\"><\/i>\r\n\t                            \r\n\t                            Elanders Code Of Conduct\r\n\t                       \r\n\t                        <\/a>               \t  \r\n                        <\/div>\r\n                <\/div>                                                                \r\n            <\/section>\n\n<section class=\"icon-block  bg-color-white space-bottom-yes space-top-no\">  \r\n                <div class=\"container \">              \r\n                    <div class=\"row\">\r\n                        <div class=\"icon-block-container col-12\">         \r\n\t                         <a href='https:\/\/www.elanders.com\/wp-content\/uploads\/2024\/11\/2023-12-06_Elanders-Group-Anti-Corruption-Anti-Fraud-and-Anti-Money-Laundering-Policy.pdf' target=_black class=\"icon-red text-color-black \">\r\n\t                            <i class=\"bi bi-file-earmark-pdf\"><\/i>\r\n\t                            \r\n\t                            Elanders Anti-Corruption Anti-Fraud and Anti-Money Laundering Policy\r\n\t                       \r\n\t                        <\/a>               \t  \r\n                        <\/div>\r\n                <\/div>                                                                \r\n            <\/section>\n\n<section class=\"quick-facts-block bg-color-gray\">  \r\n              <div class=\"container\">              \r\n                <div class=\"row d-flex justify-content-center align-items-center\">\r\n                    <div class=\"col-lg-4 col-md-6 mt-4 mb-4 text-center\">\r\n                                <p class='quick-fact-number text-blue75'>99 %<\/p>\r\n                                \r\n                                <hr class=\"horizontal-line black\" \/>\r\n                                <p class=\"quick-fact-text-3 text-black\">Vid senaste uppf\u00f6ljningen 2025 hade 99 procent av alla ber\u00f6rda medarbetare slutf\u00f6rt utbildningen om antikorruptionspolicyn, att j\u00e4mf\u00f6ras med 99 procent 2023.<\/p>\r\n                            <\/div>\r\n                <\/div>                                                                \r\n              <\/div>\r\n            <\/section>\n\n\n<div style=\"height:50px\" aria-hidden=\"true\" class=\"wp-block-spacer bg-color-gray\"><\/div>\n\n\n\n<p><\/p>\n","protected":false},"excerpt":{"rendered":"","protected":false},"author":2,"featured_media":0,"parent":25887,"menu_order":0,"comment_status":"closed","ping_status":"closed","template":"","meta":{"footnotes":""},"class_list":["post-25913","page","type-page","status-publish","hentry"],"yoast_head":"<!-- This site is optimized with the Yoast SEO plugin v27.2 - https:\/\/yoast.com\/product\/yoast-seo-wordpress\/ -->\n<title>Styrning - Elanders Group<\/title>\n<meta name=\"description\" content=\"Transparens spelar en central roll i koncernens styrning och verksamhet.\" \/>\n<meta name=\"robots\" content=\"index, follow, max-snippet:-1, max-image-preview:large, max-video-preview:-1\" \/>\n<link rel=\"canonical\" href=\"https:\/\/www.elanders.com\/sv\/hallbarhet\/styrning\/\" \/>\n<meta property=\"og:locale\" content=\"sv_SE\" \/>\n<meta property=\"og:type\" content=\"article\" \/>\n<meta property=\"og:title\" content=\"Styrning - Elanders Group\" \/>\n<meta property=\"og:description\" content=\"Transparens spelar en central roll i koncernens styrning och verksamhet.\" \/>\n<meta property=\"og:url\" content=\"https:\/\/www.elanders.com\/sv\/hallbarhet\/styrning\/\" \/>\n<meta property=\"og:site_name\" content=\"Elanders Group\" \/>\n<meta property=\"article:modified_time\" content=\"2026-03-23T12:17:25+00:00\" \/>\n<meta name=\"twitter:card\" content=\"summary_large_image\" \/>\n<meta name=\"twitter:label1\" content=\"Ber\u00e4knad l\u00e4stid\" \/>\n\t<meta name=\"twitter:data1\" content=\"1 minut\" \/>\n<script type=\"application\/ld+json\" class=\"yoast-schema-graph\">{\"@context\":\"https:\/\/schema.org\",\"@graph\":[{\"@type\":\"WebPage\",\"@id\":\"https:\/\/www.elanders.com\/sv\/hallbarhet\/styrning\/\",\"url\":\"https:\/\/www.elanders.com\/sv\/hallbarhet\/styrning\/\",\"name\":\"Styrning - Elanders Group\",\"isPartOf\":{\"@id\":\"https:\/\/www.elanders.com\/#website\"},\"datePublished\":\"2024-09-27T08:18:04+00:00\",\"dateModified\":\"2026-03-23T12:17:25+00:00\",\"description\":\"Transparens spelar en central roll i koncernens styrning och verksamhet.\",\"breadcrumb\":{\"@id\":\"https:\/\/www.elanders.com\/sv\/hallbarhet\/styrning\/#breadcrumb\"},\"inLanguage\":\"sv-SE\",\"potentialAction\":[{\"@type\":\"ReadAction\",\"target\":[\"https:\/\/www.elanders.com\/sv\/hallbarhet\/styrning\/\"]}]},{\"@type\":\"BreadcrumbList\",\"@id\":\"https:\/\/www.elanders.com\/sv\/hallbarhet\/styrning\/#breadcrumb\",\"itemListElement\":[{\"@type\":\"ListItem\",\"position\":1,\"name\":\"Home\",\"item\":\"https:\/\/www.elanders.com\/sv\/\"},{\"@type\":\"ListItem\",\"position\":2,\"name\":\"H\u00e5llbarhet\",\"item\":\"https:\/\/www.elanders.com\/sv\/hallbarhet\/\"},{\"@type\":\"ListItem\",\"position\":3,\"name\":\"Styrning\"}]},{\"@type\":\"WebSite\",\"@id\":\"https:\/\/www.elanders.com\/#website\",\"url\":\"https:\/\/www.elanders.com\/\",\"name\":\"Welcome to Elanders - Elanders Group\",\"description\":\"\",\"potentialAction\":[{\"@type\":\"SearchAction\",\"target\":{\"@type\":\"EntryPoint\",\"urlTemplate\":\"https:\/\/www.elanders.com\/?s={search_term_string}\"},\"query-input\":{\"@type\":\"PropertyValueSpecification\",\"valueRequired\":true,\"valueName\":\"search_term_string\"}}],\"inLanguage\":\"sv-SE\"}]}<\/script>\n<!-- \/ Yoast SEO plugin. -->","yoast_head_json":{"title":"Styrning - Elanders Group","description":"Transparens spelar en central roll i koncernens styrning och verksamhet.","robots":{"index":"index","follow":"follow","max-snippet":"max-snippet:-1","max-image-preview":"max-image-preview:large","max-video-preview":"max-video-preview:-1"},"canonical":"https:\/\/www.elanders.com\/sv\/hallbarhet\/styrning\/","og_locale":"sv_SE","og_type":"article","og_title":"Styrning - Elanders Group","og_description":"Transparens spelar en central roll i koncernens styrning och verksamhet.","og_url":"https:\/\/www.elanders.com\/sv\/hallbarhet\/styrning\/","og_site_name":"Elanders Group","article_modified_time":"2026-03-23T12:17:25+00:00","twitter_card":"summary_large_image","twitter_misc":{"Ber\u00e4knad l\u00e4stid":"1 minut"},"schema":{"@context":"https:\/\/schema.org","@graph":[{"@type":"WebPage","@id":"https:\/\/www.elanders.com\/sv\/hallbarhet\/styrning\/","url":"https:\/\/www.elanders.com\/sv\/hallbarhet\/styrning\/","name":"Styrning - Elanders Group","isPartOf":{"@id":"https:\/\/www.elanders.com\/#website"},"datePublished":"2024-09-27T08:18:04+00:00","dateModified":"2026-03-23T12:17:25+00:00","description":"Transparens spelar en central roll i koncernens styrning och verksamhet.","breadcrumb":{"@id":"https:\/\/www.elanders.com\/sv\/hallbarhet\/styrning\/#breadcrumb"},"inLanguage":"sv-SE","potentialAction":[{"@type":"ReadAction","target":["https:\/\/www.elanders.com\/sv\/hallbarhet\/styrning\/"]}]},{"@type":"BreadcrumbList","@id":"https:\/\/www.elanders.com\/sv\/hallbarhet\/styrning\/#breadcrumb","itemListElement":[{"@type":"ListItem","position":1,"name":"Home","item":"https:\/\/www.elanders.com\/sv\/"},{"@type":"ListItem","position":2,"name":"H\u00e5llbarhet","item":"https:\/\/www.elanders.com\/sv\/hallbarhet\/"},{"@type":"ListItem","position":3,"name":"Styrning"}]},{"@type":"WebSite","@id":"https:\/\/www.elanders.com\/#website","url":"https:\/\/www.elanders.com\/","name":"Welcome to Elanders - Elanders Group","description":"","potentialAction":[{"@type":"SearchAction","target":{"@type":"EntryPoint","urlTemplate":"https:\/\/www.elanders.com\/?s={search_term_string}"},"query-input":{"@type":"PropertyValueSpecification","valueRequired":true,"valueName":"search_term_string"}}],"inLanguage":"sv-SE"}]}},"_links":{"self":[{"href":"https:\/\/www.elanders.com\/sv\/wp-json\/wp\/v2\/pages\/25913","targetHints":{"allow":["GET"]}}],"collection":[{"href":"https:\/\/www.elanders.com\/sv\/wp-json\/wp\/v2\/pages"}],"about":[{"href":"https:\/\/www.elanders.com\/sv\/wp-json\/wp\/v2\/types\/page"}],"author":[{"embeddable":true,"href":"https:\/\/www.elanders.com\/sv\/wp-json\/wp\/v2\/users\/2"}],"replies":[{"embeddable":true,"href":"https:\/\/www.elanders.com\/sv\/wp-json\/wp\/v2\/comments?post=25913"}],"version-history":[{"count":14,"href":"https:\/\/www.elanders.com\/sv\/wp-json\/wp\/v2\/pages\/25913\/revisions"}],"predecessor-version":[{"id":32253,"href":"https:\/\/www.elanders.com\/sv\/wp-json\/wp\/v2\/pages\/25913\/revisions\/32253"}],"up":[{"embeddable":true,"href":"https:\/\/www.elanders.com\/sv\/wp-json\/wp\/v2\/pages\/25887"}],"wp:attachment":[{"href":"https:\/\/www.elanders.com\/sv\/wp-json\/wp\/v2\/media?parent=25913"}],"curies":[{"name":"wp","href":"https:\/\/api.w.org\/{rel}","templated":true}]}}