{"id":25918,"date":"2024-09-27T08:18:18","date_gmt":"2024-09-27T08:18:18","guid":{"rendered":"https:\/\/www.elanders.com\/hallbarhet\/strategy-and-materiality-assessment\/"},"modified":"2026-03-23T13:22:09","modified_gmt":"2026-03-23T12:22:09","slug":"strategi-och-vasentlighetsanalys","status":"publish","type":"page","link":"https:\/\/www.elanders.com\/sv\/hallbarhet\/strategi-och-vasentlighetsanalys\/","title":{"rendered":"Strategi och v\u00e4sentlighetsanalys"},"content":{"rendered":"<section id=\"\" class=\"text-block  space-bottom-yes space-top-yes text-block-id-69f2236d49c09 bg-color-gray text-color-black\">                \r\n                    <div class=\"container\">  \r\n                                              \r\n                        <div class=\"row\">                                        \r\n                        <div class=\"col\">\r\n                            <h1 class=\"textBlock-headline left \">Strategi och v\u00e4sentlig&shy;hets&shy;analys<\/h1>\r\n                             \r\n                        <\/div>       \r\n                                                          \r\n                    <\/div>    \r\n                                               \r\n                        <div class=\"row text\">\r\n                        <div class=\"col\">\r\n                            <div class=\"textBlock-text text-block-html  \">\r\n                                <p class=\"wp-block-wt-text-block\"><strong>Elanders har under de senaste tv\u00e5 decennierna genomg\u00e5tt en stor omst\u00e4llning fr\u00e5n renodlat tryckeri med huvuddelen av sin verksamhet i Sverige till ett globalt logistikf\u00f6retag med verksamhet p\u00e5 fyra kontinenter. H\u00e5llbarhet har blivit allt viktigare f\u00f6r Elanders och dess intressenter. Elanders bevakar noggrant \u00f6kade krav fr\u00e5n omv\u00e4rlden och str\u00e4var efter att uppfylla dessa s\u00e5 effektivt som m\u00f6jligt.<\/strong><\/p>\n\r\n                            <\/div>\r\n                        <\/div>                                        \r\n                    <\/div>                                              \r\n                    <\/div>                                \r\n            <\/section>\n\n<section id=\"\" class=\"text-block  space-bottom-no space-top-yes text-block-id-69f2236d4a02c bg-color-white text-color-black\">                \r\n                    <div class=\"container\">  \r\n                                              \r\n                            \r\n                                               \r\n                        <div class=\"row text\">\r\n                        <div class=\"col\">\r\n                            <div class=\"textBlock-text text-block-html  \">\r\n                                <p class=\"wp-block-wt-text-block\">En h\u00e5llbar strategi skapar l\u00e5ngsiktigt ytterligare aktie\u00e4garv\u00e4rde och ett merv\u00e4rde f\u00f6r alla bolagets intressenter. Det g\u00e4ller f\u00f6r s\u00e5v\u00e4l kunder som investerare och samh\u00e4lle. Styrningen avseende h\u00e5llbarhetsfr\u00e5gor \u00e4r f\u00f6rankrad i Elanders styrelse och koncernledning. Den samlade bilden \u00f6ver koncernens h\u00e5llbarhetsrelaterade p\u00e5verkan, risker och m\u00f6jligheter ska beaktas i Elanders \u00f6vergripande aff\u00e4rsstrategi och m\u00e5l.<\/p>\n<p>Elanders dubbla v\u00e4sentlighetsanalys genomf\u00f6rdes under 2024. I analysen har Elanders identifierat omr\u00e5den d\u00e4r Elanders verksamhet medf\u00f6r en v\u00e4sentlig p\u00e5verkan p\u00e5 m\u00e4nniskor eller milj\u00f6, samt vilka h\u00e5llbarhetsomr\u00e5den som medf\u00f6r v\u00e4sentliga ekonomiska risker eller m\u00f6jligheter f\u00f6r Elanders. I arbetet har bl.a. dialoger f\u00f6rts med Elanders olika intressenter. <\/p>\n<p>Om du vill f\u00f6rdjupa dig i detaljerna kan du l\u00e4sa\u00a0<a href=\"https:\/\/www.elanders.com\/wp-content\/uploads\/2026\/03\/Elanders-2025-12-31-sv.pdf\" target=\"_blank\" rel=\"noreferrer noopener\">Elanders senaste \u00e5rs- och h\u00e5llbarhetsredovisning.<\/a><\/p>\n<p>Fr\u00e5n och med 2025 \u00e4r Elanders h\u00e5llbarhetsredovisning, h\u00e5llbarhetsm\u00e5l, policys och \u00f6vrig h\u00e5llbarhetsstyrning uppbyggd utifr\u00e5n de 11 v\u00e4sentliga h\u00e5llbarhetsomr\u00e5dena.<\/p>\n\r\n                            <\/div>\r\n                        <\/div>                                        \r\n                    <\/div>                                              \r\n                    <\/div>                                \r\n            <\/section>\n\n<section id=\"\" class=\"text-block  space-bottom-no space-top-yes text-block-id-69f2236d4a120 bg-color-white text-color-black\">                \r\n                    <div class=\"container\">  \r\n                                              \r\n                        <div class=\"row\">                                        \r\n                        <div class=\"col\">\r\n                            <h3 class=\"textBlock-headline left \">Resultat fr\u00e5n Elanders dubbla v\u00e4sentlighetsanalys 2024<\/h3>\r\n                             \r\n                        <\/div>       \r\n                                                          \r\n                    <\/div>    \r\n                                               \r\n                        <div class=\"row text\">\r\n                        <div class=\"col\">\r\n                            <div class=\"textBlock-text text-block-html  \">\r\n                                <p class=\"wp-block-wt-text-block\">\n\r\n                            <\/div>\r\n                        <\/div>                                        \r\n                    <\/div>                                              \r\n                    <\/div>                                \r\n            <\/section>\n\n<section class=\"image-gallery-block\">  \r\n  <div class=\"container  bg-color-white\">              \r\n        <div class=\"\">\r\n            <div class=\"row\">\r\n                <div class=\"img-block col-12\">         \r\n                       \t   <img decoding=\"async\" loading=\"lazy\" alt=\"DMA SE\" id=\"img-block-69f2236d4a21d\" class=\"img-block desktop-padding-top desktop-padding-right desktop-padding-bottom desktop-padding-left tablet-padding-top tablet-padding-right tablet-padding-bottom tablet-padding-left mobile-padding-top mobile-padding-right mobile-padding-bottom mobile-padding-left \" src=\"http:\/\/www.elanders.com\/wp-content\/uploads\/2026\/03\/DMA-SE-25.svg\" \/> \r\n                <\/div>\r\n            <\/div>\r\n        <\/div>                                                            \r\n    <\/section><style> #img-block-69f2236d4a21d.desktop-padding-top { padding-top: 0px; } #img-block-69f2236d4a21d.desktop-padding-right { padding-right: 0px; } #img-block-69f2236d4a21d.desktop-padding-bottom { padding-bottom: 0px; } #img-block-69f2236d4a21d.desktop-padding-left { padding-left: 0px; }@media only screen and (max-width: 991px) {  #img-block-69f2236d4a21d.tablet-padding-top { padding-top: 0px; }} @media only screen and (max-width: 991px) {  #img-block-69f2236d4a21d.tablet-padding-right { padding-right: 0px; }} @media only screen and (max-width: 991px) {  #img-block-69f2236d4a21d.tablet-padding-bottom { padding-bottom: 0px; }} @media only screen and (max-width: 991px) {  #img-block-69f2236d4a21d.tablet-padding-left { padding-left: 0px; }} @media only screen and (max-width: 575px) {  #img-block-69f2236d4a21d.mobile-padding-top { padding-top: 0px; }} @media only screen and (max-width: 575px) {  #img-block-69f2236d4a21d.mobile-padding-right { padding-right: 0px; }} @media only screen and (max-width: 575px) {  #img-block-69f2236d4a21d.mobile-padding-bottom { padding-bottom: 0px; }} @media only screen and (max-width: 575px) {  #img-block-69f2236d4a21d.mobile-padding-left { padding-left: 0px; }} <\/style>\n\n\n<div style=\"height:51px\" aria-hidden=\"true\" class=\"wp-block-spacer\"><\/div>\n","protected":false},"excerpt":{"rendered":"","protected":false},"author":2,"featured_media":0,"parent":25887,"menu_order":0,"comment_status":"closed","ping_status":"closed","template":"","meta":{"footnotes":""},"class_list":["post-25918","page","type-page","status-publish","hentry"],"yoast_head":"<!-- This site is optimized with the Yoast SEO plugin v27.2 - https:\/\/yoast.com\/product\/yoast-seo-wordpress\/ -->\n<title>Strategi och v\u00e4sentlighetsanalys - Elanders Group<\/title>\n<meta name=\"description\" content=\"Elanders dubbla v\u00e4sentlighetsanalys genomf\u00f6rdes under 2024.\" \/>\n<meta name=\"robots\" content=\"index, follow, max-snippet:-1, max-image-preview:large, max-video-preview:-1\" \/>\n<link rel=\"canonical\" href=\"https:\/\/www.elanders.com\/sv\/hallbarhet\/strategi-och-vasentlighetsanalys\/\" \/>\n<meta property=\"og:locale\" content=\"sv_SE\" \/>\n<meta property=\"og:type\" content=\"article\" \/>\n<meta property=\"og:title\" content=\"Strategi och v\u00e4sentlighetsanalys - Elanders Group\" \/>\n<meta property=\"og:description\" content=\"Elanders dubbla v\u00e4sentlighetsanalys genomf\u00f6rdes under 2024.\" \/>\n<meta property=\"og:url\" content=\"https:\/\/www.elanders.com\/sv\/hallbarhet\/strategi-och-vasentlighetsanalys\/\" \/>\n<meta property=\"og:site_name\" content=\"Elanders Group\" \/>\n<meta property=\"article:modified_time\" content=\"2026-03-23T12:22:09+00:00\" \/>\n<meta name=\"twitter:card\" content=\"summary_large_image\" \/>\n<meta name=\"twitter:label1\" content=\"Ber\u00e4knad l\u00e4stid\" \/>\n\t<meta name=\"twitter:data1\" content=\"1 minut\" \/>\n<script type=\"application\/ld+json\" class=\"yoast-schema-graph\">{\"@context\":\"https:\/\/schema.org\",\"@graph\":[{\"@type\":\"WebPage\",\"@id\":\"https:\/\/www.elanders.com\/sv\/hallbarhet\/strategi-och-vasentlighetsanalys\/\",\"url\":\"https:\/\/www.elanders.com\/sv\/hallbarhet\/strategi-och-vasentlighetsanalys\/\",\"name\":\"Strategi och v\u00e4sentlighetsanalys - Elanders Group\",\"isPartOf\":{\"@id\":\"https:\/\/www.elanders.com\/#website\"},\"datePublished\":\"2024-09-27T08:18:18+00:00\",\"dateModified\":\"2026-03-23T12:22:09+00:00\",\"description\":\"Elanders dubbla v\u00e4sentlighetsanalys genomf\u00f6rdes under 2024.\",\"breadcrumb\":{\"@id\":\"https:\/\/www.elanders.com\/sv\/hallbarhet\/strategi-och-vasentlighetsanalys\/#breadcrumb\"},\"inLanguage\":\"sv-SE\",\"potentialAction\":[{\"@type\":\"ReadAction\",\"target\":[\"https:\/\/www.elanders.com\/sv\/hallbarhet\/strategi-och-vasentlighetsanalys\/\"]}]},{\"@type\":\"BreadcrumbList\",\"@id\":\"https:\/\/www.elanders.com\/sv\/hallbarhet\/strategi-och-vasentlighetsanalys\/#breadcrumb\",\"itemListElement\":[{\"@type\":\"ListItem\",\"position\":1,\"name\":\"Home\",\"item\":\"https:\/\/www.elanders.com\/sv\/\"},{\"@type\":\"ListItem\",\"position\":2,\"name\":\"H\u00e5llbarhet\",\"item\":\"https:\/\/www.elanders.com\/sv\/hallbarhet\/\"},{\"@type\":\"ListItem\",\"position\":3,\"name\":\"Strategi och v\u00e4sentlighetsanalys\"}]},{\"@type\":\"WebSite\",\"@id\":\"https:\/\/www.elanders.com\/#website\",\"url\":\"https:\/\/www.elanders.com\/\",\"name\":\"Welcome to Elanders - Elanders Group\",\"description\":\"\",\"potentialAction\":[{\"@type\":\"SearchAction\",\"target\":{\"@type\":\"EntryPoint\",\"urlTemplate\":\"https:\/\/www.elanders.com\/?s={search_term_string}\"},\"query-input\":{\"@type\":\"PropertyValueSpecification\",\"valueRequired\":true,\"valueName\":\"search_term_string\"}}],\"inLanguage\":\"sv-SE\"}]}<\/script>\n<!-- \/ Yoast SEO plugin. -->","yoast_head_json":{"title":"Strategi och v\u00e4sentlighetsanalys - Elanders Group","description":"Elanders dubbla v\u00e4sentlighetsanalys genomf\u00f6rdes under 2024.","robots":{"index":"index","follow":"follow","max-snippet":"max-snippet:-1","max-image-preview":"max-image-preview:large","max-video-preview":"max-video-preview:-1"},"canonical":"https:\/\/www.elanders.com\/sv\/hallbarhet\/strategi-och-vasentlighetsanalys\/","og_locale":"sv_SE","og_type":"article","og_title":"Strategi och v\u00e4sentlighetsanalys - Elanders Group","og_description":"Elanders dubbla v\u00e4sentlighetsanalys genomf\u00f6rdes under 2024.","og_url":"https:\/\/www.elanders.com\/sv\/hallbarhet\/strategi-och-vasentlighetsanalys\/","og_site_name":"Elanders Group","article_modified_time":"2026-03-23T12:22:09+00:00","twitter_card":"summary_large_image","twitter_misc":{"Ber\u00e4knad l\u00e4stid":"1 minut"},"schema":{"@context":"https:\/\/schema.org","@graph":[{"@type":"WebPage","@id":"https:\/\/www.elanders.com\/sv\/hallbarhet\/strategi-och-vasentlighetsanalys\/","url":"https:\/\/www.elanders.com\/sv\/hallbarhet\/strategi-och-vasentlighetsanalys\/","name":"Strategi och v\u00e4sentlighetsanalys - Elanders Group","isPartOf":{"@id":"https:\/\/www.elanders.com\/#website"},"datePublished":"2024-09-27T08:18:18+00:00","dateModified":"2026-03-23T12:22:09+00:00","description":"Elanders dubbla v\u00e4sentlighetsanalys genomf\u00f6rdes under 2024.","breadcrumb":{"@id":"https:\/\/www.elanders.com\/sv\/hallbarhet\/strategi-och-vasentlighetsanalys\/#breadcrumb"},"inLanguage":"sv-SE","potentialAction":[{"@type":"ReadAction","target":["https:\/\/www.elanders.com\/sv\/hallbarhet\/strategi-och-vasentlighetsanalys\/"]}]},{"@type":"BreadcrumbList","@id":"https:\/\/www.elanders.com\/sv\/hallbarhet\/strategi-och-vasentlighetsanalys\/#breadcrumb","itemListElement":[{"@type":"ListItem","position":1,"name":"Home","item":"https:\/\/www.elanders.com\/sv\/"},{"@type":"ListItem","position":2,"name":"H\u00e5llbarhet","item":"https:\/\/www.elanders.com\/sv\/hallbarhet\/"},{"@type":"ListItem","position":3,"name":"Strategi och v\u00e4sentlighetsanalys"}]},{"@type":"WebSite","@id":"https:\/\/www.elanders.com\/#website","url":"https:\/\/www.elanders.com\/","name":"Welcome to Elanders - Elanders Group","description":"","potentialAction":[{"@type":"SearchAction","target":{"@type":"EntryPoint","urlTemplate":"https:\/\/www.elanders.com\/?s={search_term_string}"},"query-input":{"@type":"PropertyValueSpecification","valueRequired":true,"valueName":"search_term_string"}}],"inLanguage":"sv-SE"}]}},"_links":{"self":[{"href":"https:\/\/www.elanders.com\/sv\/wp-json\/wp\/v2\/pages\/25918","targetHints":{"allow":["GET"]}}],"collection":[{"href":"https:\/\/www.elanders.com\/sv\/wp-json\/wp\/v2\/pages"}],"about":[{"href":"https:\/\/www.elanders.com\/sv\/wp-json\/wp\/v2\/types\/page"}],"author":[{"embeddable":true,"href":"https:\/\/www.elanders.com\/sv\/wp-json\/wp\/v2\/users\/2"}],"replies":[{"embeddable":true,"href":"https:\/\/www.elanders.com\/sv\/wp-json\/wp\/v2\/comments?post=25918"}],"version-history":[{"count":11,"href":"https:\/\/www.elanders.com\/sv\/wp-json\/wp\/v2\/pages\/25918\/revisions"}],"predecessor-version":[{"id":32277,"href":"https:\/\/www.elanders.com\/sv\/wp-json\/wp\/v2\/pages\/25918\/revisions\/32277"}],"up":[{"embeddable":true,"href":"https:\/\/www.elanders.com\/sv\/wp-json\/wp\/v2\/pages\/25887"}],"wp:attachment":[{"href":"https:\/\/www.elanders.com\/sv\/wp-json\/wp\/v2\/media?parent=25918"}],"curies":[{"name":"wp","href":"https:\/\/api.w.org\/{rel}","templated":true}]}}