{"id":25921,"date":"2024-09-27T08:18:34","date_gmt":"2024-09-27T08:18:34","guid":{"rendered":"https:\/\/www.elanders.com\/hallbarhet\/reporting\/"},"modified":"2025-04-02T13:06:47","modified_gmt":"2025-04-02T11:06:47","slug":"rapportering","status":"publish","type":"page","link":"https:\/\/www.elanders.com\/sv\/hallbarhet\/rapportering\/","title":{"rendered":"Rapportering"},"content":{"rendered":"<section id=\"\" class=\"text-block  space-bottom-yes space-top-yes text-block-id-69d469d79d1f4 bg-color-gray text-color-black\">                \r\n                    <div class=\"container\">  \r\n                                              \r\n                        <div class=\"row\">                                        \r\n                        <div class=\"col\">\r\n                            <h1 class=\"textBlock-headline left \">Rapportering<\/h1>\r\n                             \r\n                        <\/div>       \r\n                                                          \r\n                    <\/div>    \r\n                                               \r\n                        <div class=\"row text\">\r\n                        <div class=\"col\">\r\n                            <div class=\"textBlock-text text-block-html  \">\r\n                                <p class=\"wp-block-wt-text-block\"><strong>Transparent rapportering av h\u00e5llbarhetsrelaterad information \u00e4r avg\u00f6rande f\u00f6r att bygga f\u00f6rtroende, hantera risker, fatta v\u00e4lgrundade beslut, engagera intressenter och s\u00e4kerst\u00e4lla l\u00e5ngsiktig aff\u00e4rsframg\u00e5ng i ett snabbt f\u00f6r\u00e4nderligt globalt landskap. Ut\u00f6ver Elanders \u00e5rs- och h\u00e5llbarhetsredovisningen synligg\u00f6r Elanders sin p\u00e5verkan och de framsteg som g\u00f6rs i frivilliga internationella ramverk f\u00f6r h\u00e5llbarhetsrapportering.<\/strong><\/p>\n\r\n                            <\/div>\r\n                        <\/div>                                        \r\n                    <\/div>                                              \r\n                    <\/div>                                \r\n            <\/section>\n\n<section id=\"\" class=\"text-block  space-bottom-yes space-top-yes text-block-id-69d469d79d990 bg-color-white text-color-black\">                \r\n                    <div class=\"container\">  \r\n                                              \r\n                            \r\n                                               \r\n                        <div class=\"row text\">\r\n                        <div class=\"col\">\r\n                            <div class=\"textBlock-text text-block-html  \">\r\n                                <p class=\"wp-block-wt-text-block\">Genom EU-direktivet CSRD st\u00e4lls lagkrav p\u00e5 Elanders att fr o m r\u00e4kenskaps\u00e5ret 2025 rapportera utifr\u00e5n principen om dubbel v\u00e4sentlighet, som \u00e4r utg\u00e5ngspunkt f\u00f6r h\u00e5llbarhetsrapportering inom ramen f\u00f6r ESRS. Bed\u00f6mningen ska \u00e4ven ta h\u00e4nsyn till hela v\u00e4rdekedjan. Under 2024 har Elanders genomf\u00f6rt en dubbel v\u00e4sentlighetsanalys, se mer information under <a href=\"https:\/\/www.elanders.com\/sv\/hallbarhet\/strategi-och-vasentlighetsanalys\/\">Strategi och v\u00e4sentlighetsanalys<\/a>.<\/p>\n<p>Sedan 2023 \u00e4r Elanders anslutet till UN Global Compact. \u00c5tagandet inneb\u00e4r att koncernen ska anpassa aff\u00e4rsstrategier och verksamhet till tio allm\u00e4nt accepterade principer inom omr\u00e5dena m\u00e4nskliga r\u00e4ttigheter, arbetsr\u00e4tt, milj\u00f6 och antikorruption. Varje \u00e5r ska Elanders l\u00e4mna in en CoP-rapport (Communication on Progress) som beskriver vilka \u00e5tg\u00e4rder som vidtagits f\u00f6r att integrera dessa principer, eventuella utmaningar och de metoder f\u00f6r att hantera dem. Rapporten fungerar som en mekanism f\u00f6r transparens och visar p\u00e5 Elanders engagemang f\u00f6r ansvarsfulla aff\u00e4rsmetoder och ansvarsskyldighet gentemot intressenter.<\/p>\n<p>Sedan 2022 rapporterar koncernen till CDP p\u00e5 de \u00e4mnen som kunderna efterfr\u00e5gar. CDP \u00e4r en icke-vinstdrivande organisation och plattform som underl\u00e4ttar f\u00f6r f\u00f6retag, st\u00e4der, l\u00e4nder och regioner att kartl\u00e4gga och presentera risker och m\u00f6jligheter n\u00e4r det g\u00e4ller klimatf\u00f6r\u00e4ndringar, vattenf\u00f6rs\u00f6rjning och avskogning.<\/p>\n\r\n                            <\/div>\r\n                        <\/div>                                        \r\n                    <\/div>                                              \r\n                    <\/div>                                \r\n            <\/section>\n\n\n<div style=\"height:50px\" aria-hidden=\"true\" class=\"wp-block-spacer\"><\/div>\n\n\n\n<p><\/p>\n","protected":false},"excerpt":{"rendered":"","protected":false},"author":2,"featured_media":0,"parent":25887,"menu_order":0,"comment_status":"closed","ping_status":"closed","template":"","meta":{"footnotes":""},"class_list":["post-25921","page","type-page","status-publish","hentry"],"yoast_head":"<!-- This site is optimized with the Yoast SEO plugin v27.2 - https:\/\/yoast.com\/product\/yoast-seo-wordpress\/ -->\n<title>Rapportering - Elanders Group<\/title>\n<meta name=\"description\" content=\"Ut\u00f6ver Elanders \u00e5rs- och h\u00e5llbarhetsredovisningen synligg\u00f6r Elanders sin p\u00e5verkan och de framsteg som g\u00f6rs i frivilliga internationella ramverk f\u00f6r h\u00e5llbarhetsrapportering.\" \/>\n<meta name=\"robots\" content=\"index, follow, max-snippet:-1, max-image-preview:large, max-video-preview:-1\" \/>\n<link rel=\"canonical\" href=\"https:\/\/www.elanders.com\/sv\/hallbarhet\/rapportering\/\" \/>\n<meta property=\"og:locale\" content=\"sv_SE\" \/>\n<meta property=\"og:type\" content=\"article\" \/>\n<meta property=\"og:title\" content=\"Rapportering - Elanders Group\" \/>\n<meta property=\"og:description\" content=\"Ut\u00f6ver Elanders \u00e5rs- och h\u00e5llbarhetsredovisningen synligg\u00f6r Elanders sin p\u00e5verkan och de framsteg som g\u00f6rs i frivilliga internationella ramverk f\u00f6r h\u00e5llbarhetsrapportering.\" \/>\n<meta property=\"og:url\" content=\"https:\/\/www.elanders.com\/sv\/hallbarhet\/rapportering\/\" \/>\n<meta property=\"og:site_name\" content=\"Elanders Group\" \/>\n<meta property=\"article:modified_time\" content=\"2025-04-02T11:06:47+00:00\" \/>\n<meta name=\"twitter:card\" content=\"summary_large_image\" \/>\n<meta name=\"twitter:label1\" content=\"Ber\u00e4knad l\u00e4stid\" \/>\n\t<meta name=\"twitter:data1\" content=\"1 minut\" \/>\n<script type=\"application\/ld+json\" class=\"yoast-schema-graph\">{\"@context\":\"https:\/\/schema.org\",\"@graph\":[{\"@type\":\"WebPage\",\"@id\":\"https:\/\/www.elanders.com\/sv\/hallbarhet\/rapportering\/\",\"url\":\"https:\/\/www.elanders.com\/sv\/hallbarhet\/rapportering\/\",\"name\":\"Rapportering - Elanders Group\",\"isPartOf\":{\"@id\":\"https:\/\/www.elanders.com\/#website\"},\"datePublished\":\"2024-09-27T08:18:34+00:00\",\"dateModified\":\"2025-04-02T11:06:47+00:00\",\"description\":\"Ut\u00f6ver Elanders \u00e5rs- och h\u00e5llbarhetsredovisningen synligg\u00f6r Elanders sin p\u00e5verkan och de framsteg som g\u00f6rs i frivilliga internationella ramverk f\u00f6r h\u00e5llbarhetsrapportering.\",\"breadcrumb\":{\"@id\":\"https:\/\/www.elanders.com\/sv\/hallbarhet\/rapportering\/#breadcrumb\"},\"inLanguage\":\"sv-SE\",\"potentialAction\":[{\"@type\":\"ReadAction\",\"target\":[\"https:\/\/www.elanders.com\/sv\/hallbarhet\/rapportering\/\"]}]},{\"@type\":\"BreadcrumbList\",\"@id\":\"https:\/\/www.elanders.com\/sv\/hallbarhet\/rapportering\/#breadcrumb\",\"itemListElement\":[{\"@type\":\"ListItem\",\"position\":1,\"name\":\"Home\",\"item\":\"https:\/\/www.elanders.com\/sv\/\"},{\"@type\":\"ListItem\",\"position\":2,\"name\":\"H\u00e5llbarhet\",\"item\":\"https:\/\/www.elanders.com\/sv\/hallbarhet\/\"},{\"@type\":\"ListItem\",\"position\":3,\"name\":\"Rapportering\"}]},{\"@type\":\"WebSite\",\"@id\":\"https:\/\/www.elanders.com\/#website\",\"url\":\"https:\/\/www.elanders.com\/\",\"name\":\"Welcome to Elanders - Elanders Group\",\"description\":\"\",\"potentialAction\":[{\"@type\":\"SearchAction\",\"target\":{\"@type\":\"EntryPoint\",\"urlTemplate\":\"https:\/\/www.elanders.com\/?s={search_term_string}\"},\"query-input\":{\"@type\":\"PropertyValueSpecification\",\"valueRequired\":true,\"valueName\":\"search_term_string\"}}],\"inLanguage\":\"sv-SE\"}]}<\/script>\n<!-- \/ Yoast SEO plugin. -->","yoast_head_json":{"title":"Rapportering - Elanders Group","description":"Ut\u00f6ver Elanders \u00e5rs- och h\u00e5llbarhetsredovisningen synligg\u00f6r Elanders sin p\u00e5verkan och de framsteg som g\u00f6rs i frivilliga internationella ramverk f\u00f6r h\u00e5llbarhetsrapportering.","robots":{"index":"index","follow":"follow","max-snippet":"max-snippet:-1","max-image-preview":"max-image-preview:large","max-video-preview":"max-video-preview:-1"},"canonical":"https:\/\/www.elanders.com\/sv\/hallbarhet\/rapportering\/","og_locale":"sv_SE","og_type":"article","og_title":"Rapportering - Elanders Group","og_description":"Ut\u00f6ver Elanders \u00e5rs- och h\u00e5llbarhetsredovisningen synligg\u00f6r Elanders sin p\u00e5verkan och de framsteg som g\u00f6rs i frivilliga internationella ramverk f\u00f6r h\u00e5llbarhetsrapportering.","og_url":"https:\/\/www.elanders.com\/sv\/hallbarhet\/rapportering\/","og_site_name":"Elanders Group","article_modified_time":"2025-04-02T11:06:47+00:00","twitter_card":"summary_large_image","twitter_misc":{"Ber\u00e4knad l\u00e4stid":"1 minut"},"schema":{"@context":"https:\/\/schema.org","@graph":[{"@type":"WebPage","@id":"https:\/\/www.elanders.com\/sv\/hallbarhet\/rapportering\/","url":"https:\/\/www.elanders.com\/sv\/hallbarhet\/rapportering\/","name":"Rapportering - Elanders Group","isPartOf":{"@id":"https:\/\/www.elanders.com\/#website"},"datePublished":"2024-09-27T08:18:34+00:00","dateModified":"2025-04-02T11:06:47+00:00","description":"Ut\u00f6ver Elanders \u00e5rs- och h\u00e5llbarhetsredovisningen synligg\u00f6r Elanders sin p\u00e5verkan och de framsteg som g\u00f6rs i frivilliga internationella ramverk f\u00f6r h\u00e5llbarhetsrapportering.","breadcrumb":{"@id":"https:\/\/www.elanders.com\/sv\/hallbarhet\/rapportering\/#breadcrumb"},"inLanguage":"sv-SE","potentialAction":[{"@type":"ReadAction","target":["https:\/\/www.elanders.com\/sv\/hallbarhet\/rapportering\/"]}]},{"@type":"BreadcrumbList","@id":"https:\/\/www.elanders.com\/sv\/hallbarhet\/rapportering\/#breadcrumb","itemListElement":[{"@type":"ListItem","position":1,"name":"Home","item":"https:\/\/www.elanders.com\/sv\/"},{"@type":"ListItem","position":2,"name":"H\u00e5llbarhet","item":"https:\/\/www.elanders.com\/sv\/hallbarhet\/"},{"@type":"ListItem","position":3,"name":"Rapportering"}]},{"@type":"WebSite","@id":"https:\/\/www.elanders.com\/#website","url":"https:\/\/www.elanders.com\/","name":"Welcome to Elanders - Elanders Group","description":"","potentialAction":[{"@type":"SearchAction","target":{"@type":"EntryPoint","urlTemplate":"https:\/\/www.elanders.com\/?s={search_term_string}"},"query-input":{"@type":"PropertyValueSpecification","valueRequired":true,"valueName":"search_term_string"}}],"inLanguage":"sv-SE"}]}},"_links":{"self":[{"href":"https:\/\/www.elanders.com\/sv\/wp-json\/wp\/v2\/pages\/25921","targetHints":{"allow":["GET"]}}],"collection":[{"href":"https:\/\/www.elanders.com\/sv\/wp-json\/wp\/v2\/pages"}],"about":[{"href":"https:\/\/www.elanders.com\/sv\/wp-json\/wp\/v2\/types\/page"}],"author":[{"embeddable":true,"href":"https:\/\/www.elanders.com\/sv\/wp-json\/wp\/v2\/users\/2"}],"replies":[{"embeddable":true,"href":"https:\/\/www.elanders.com\/sv\/wp-json\/wp\/v2\/comments?post=25921"}],"version-history":[{"count":2,"href":"https:\/\/www.elanders.com\/sv\/wp-json\/wp\/v2\/pages\/25921\/revisions"}],"predecessor-version":[{"id":28658,"href":"https:\/\/www.elanders.com\/sv\/wp-json\/wp\/v2\/pages\/25921\/revisions\/28658"}],"up":[{"embeddable":true,"href":"https:\/\/www.elanders.com\/sv\/wp-json\/wp\/v2\/pages\/25887"}],"wp:attachment":[{"href":"https:\/\/www.elanders.com\/sv\/wp-json\/wp\/v2\/media?parent=25921"}],"curies":[{"name":"wp","href":"https:\/\/api.w.org\/{rel}","templated":true}]}}