{"id":25924,"date":"2024-09-27T08:18:45","date_gmt":"2024-09-27T08:18:45","guid":{"rendered":"https:\/\/www.elanders.com\/hallbarhet\/engagement\/"},"modified":"2026-03-23T13:27:52","modified_gmt":"2026-03-23T12:27:52","slug":"engagemang","status":"publish","type":"page","link":"https:\/\/www.elanders.com\/sv\/hallbarhet\/engagemang\/","title":{"rendered":"Engagemang"},"content":{"rendered":"<section id=\"\" class=\"text-block  space-bottom-yes space-top-yes text-block-id-69eee4e1dde5d bg-color-gray text-color-black\">                \r\n                    <div class=\"container\">  \r\n                                              \r\n                        <div class=\"row\">                                        \r\n                        <div class=\"col\">\r\n                            <h1 class=\"textBlock-headline left \">Engagemang<\/h1>\r\n                             \r\n                        <\/div>       \r\n                                                          \r\n                    <\/div>    \r\n                                               \r\n                        <div class=\"row text\">\r\n                        <div class=\"col\">\r\n                            <div class=\"textBlock-text text-block-html  \">\r\n                                <p class=\"wp-block-wt-text-block\"><strong>Fyra partnerskap som Elanders \u00e4r engagerade i p\u00e5 koncernniv\u00e5.<\/strong><\/p>\n\r\n                            <\/div>\r\n                        <\/div>                                        \r\n                    <\/div>                                              \r\n                    <\/div>                                \r\n            <\/section>\n\n\n<div style=\"height:15px\" aria-hidden=\"true\" class=\"wp-block-spacer\"><\/div>\n\n\n\n<p><\/p>\n\n\n<section id=\"\" class=\"text-block  space-bottom-yes space-top-yes text-block-id-69eee4e1de051 bg-color-white text-color-black\">                \r\n                    <div class=\"container\">  \r\n                            \r\n                        \r\n                        <img loading=\"lazy\" alt=\"WIN WIN GSA Logo Thumbnail Pos RGB Px X\" class='img-fluid mt-2' src='https:\/\/www.elanders.com\/wp-content\/uploads\/2024\/11\/WIN-WIN_GSA_logo_Thumbnail_pos_RGB_1000px-300x82-1.jpg' \/>                       \r\n                        <div class=\"row text\">\r\n                        <div class=\"col\">\r\n                            <div class=\"textBlock-text mt-4 text-block-html \">\r\n                                <p class=\"wp-block-wt-image-text-block\"><strong>WIN WIN Gothenburg Sustainability Award \u2013<\/strong>\u00a0Elanders bidrar som\u00a0en av tolv finansi\u00e4rer till prissumman p\u00e5 en miljon kronor\u00a0f\u00f6r <em>WIN WIN\u00a0Gothenburg Sustainability Award<\/em>. \u00c4ven ett ungdomspris, <em>WIN WIN Youth Award<\/em>, instiftades 2018. Priserna ska belysa banbrytande insatser p\u00e5 v\u00e4xelvisa teman f\u00f6r en mer h\u00e5llbar v\u00e4rld.<br \/>\u00a0<br \/>Temat f\u00f6r 2025 var \u201dBanbrytande ledarskap\u201d. Vinnare av huvudpriset var Uyunkar Domingo Peas, ledare f\u00f6r en stam utav ursprungsbefolkningen i Ecuador samt ordf\u00f6rande f\u00f6r Amazon Sacred Headwaters Alliance. Ungdomspriset delades ut till Juan Pierre fr\u00e5n Mauritius, f\u00f6r sitt ledarskap inom klimat och policy- utveckling.<\/p>\n\r\n                            <\/div>\r\n                        <\/div>                                        \r\n                    <\/div>                                              \r\n                    <\/div>                                \r\n            <\/section>\n\n<section id=\"\" class=\"text-block  space-bottom-yes space-top-no text-block-id-69eee4e1de0db bg-color-white text-color-black\">                \r\n                    <div class=\"container\">  \r\n                            \r\n                        <hr class='horizontal-line' \/>\r\n                        <img loading=\"lazy\" alt=\"Pratham Sweden Logga Cropped X\" class='img-fluid mt-2' src='https:\/\/www.elanders.com\/wp-content\/uploads\/2024\/11\/Pratham-Sweden-logga-cropped-300x69-1.png' \/>                       \r\n                        <div class=\"row text\">\r\n                        <div class=\"col\">\r\n                            <div class=\"textBlock-text mt-4 text-block-html \">\r\n                                <p class=\"wp-block-wt-image-text-block\"><strong>Pratham Sweden \u2013<\/strong>\u00a0Elanders \u00e4r tillsammans med ett tiotal andra svenska storbolag samarbetspartner till den indiska utbildningsorganisationen <em>Pratham Education Foundation.<\/em> Pratham arbetar f\u00f6r att f\u00f6rb\u00e4ttra kvaliteten p\u00e5 utbildning i Indien genom riktade aktiviteter som tar h\u00e4nsyn till klyftorna i det indiska utbildningssystemet. Metoderna utvecklas tillsammans med prisbel\u00f6nta forskare.<\/p>\n<p>Under 2025 har partnerprojektet n\u00e5tt n\u00e4stan 35000 (33000) barn i 345 byar runt om i de nord\u00f6stra delstaterna Assam och Maharashtra.<\/p>\n\r\n                            <\/div>\r\n                        <\/div>                                        \r\n                    <\/div>                                              \r\n                    <\/div>                                \r\n            <\/section>\n\n<section id=\"\" class=\"text-block  space-bottom-yes space-top-no text-block-id-69eee4e1de14f bg-color-white text-color-black\">                \r\n                    <div class=\"container\">  \r\n                            \r\n                        <hr class='horizontal-line' \/>\r\n                        <img loading=\"lazy\" alt=\"Universum X X\" class='img-fluid mt-2' src='https:\/\/www.elanders.com\/wp-content\/uploads\/2024\/10\/universum-768x279-300x108-1.png' \/>                       \r\n                        <div class=\"row text\">\r\n                        <div class=\"col\">\r\n                            <div class=\"textBlock-text mt-4 text-block-html \">\r\n                                <p class=\"wp-block-wt-image-text-block\"><strong>Universeum \u2013&nbsp;<\/strong>Elanders har ett partnerskap med Universeum, Sveriges nationella vetenskapscenter och en kraftfull arena f\u00f6r utbildning och folkbildning inom naturvetenskap, teknik och h\u00e5llbar utveckling.<br \/>&nbsp;<br \/>Universeum \u00e4r en av de sex mest bes\u00f6kta attraktionerna i Sverige med sina 550&nbsp;000 bes\u00f6kare \u00e5rligen.<\/p>\n\r\n                            <\/div>\r\n                        <\/div>                                        \r\n                    <\/div>                                              \r\n                    <\/div>                                \r\n            <\/section>\n\n<section id=\"\" class=\"text-block  space-bottom-yes space-top-no text-block-id-69eee4e1de1c6 bg-color-white text-color-black\">                \r\n                    <div class=\"container\">  \r\n                            \r\n                        <hr class='horizontal-line' \/>\r\n                        <img loading=\"lazy\" alt=\"Nattvandring\" class='img-fluid mt-2' src='http:\/\/www.elanders.com\/wp-content\/uploads\/2025\/05\/nattvandring-300.svg' \/>                       \r\n                        <div class=\"row text\">\r\n                        <div class=\"col\">\r\n                            <div class=\"textBlock-text mt-4 text-block-html \">\r\n                                <p class=\"wp-block-wt-image-text-block\"><strong>nattvandring.nu \u2013<\/strong> Elanders AB \u00e4r partner till nattvandring.nu, en organisation som mobiliserar, organiserar och utbildar lokala nattvandringsgrupper runt om i Sverige samt st\u00f6ttar kommuner som satsar p\u00e5 nattvandring. Partnerskapet inneb\u00e4r att Elanders AB ger ett ekonomiskt st\u00f6d till nattvandring.nu, samt andra \u00e5tg\u00e4rder som att Elanders medarbetare sj\u00e4lva kan nattvandra.<\/p>\n\r\n                            <\/div>\r\n                        <\/div>                                        \r\n                    <\/div>                                              \r\n                    <\/div>                                \r\n            <\/section>\n\n<section id=\"\" class=\"text-block  space-bottom-yes space-top-no text-block-id-69eee4e1de22c bg-color-white text-color-black\">                \r\n                    <div class=\"container\">  \r\n                            \r\n                        <hr class='horizontal-line' \/>\r\n                                               \r\n                        <div class=\"row text\">\r\n                        <div class=\"col\">\r\n                            <div class=\"textBlock-text mt-4 text-block-html \">\r\n                                <p class=\"wp-block-wt-image-text-block\">Ut\u00f6ver partnerskapen p\u00e5 koncernniv\u00e5 \u00e4r alla Elanders dotterf\u00f6retag p\u00e5 olika s\u00e4tt engagerade i lokala initiativ f\u00f6r \u00f6kad social h\u00e5llbarhet. Varje \u00e5r st\u00f6djer Elanders dotterf\u00f6retag \u00e4ven en rad humanit\u00e4ra insatser och donerar till v\u00e4lg\u00f6renhetsorganisationer.<\/p>\n\r\n                            <\/div>\r\n                        <\/div>                                        \r\n                    <\/div>                                              \r\n                    <\/div>                                \r\n            <\/section>\n\n\n<div style=\"height:50px\" aria-hidden=\"true\" class=\"wp-block-spacer\"><\/div>\n","protected":false},"excerpt":{"rendered":"","protected":false},"author":2,"featured_media":0,"parent":25887,"menu_order":0,"comment_status":"closed","ping_status":"closed","template":"","meta":{"footnotes":""},"class_list":["post-25924","page","type-page","status-publish","hentry"],"yoast_head":"<!-- This site is optimized with the Yoast SEO plugin v27.2 - https:\/\/yoast.com\/product\/yoast-seo-wordpress\/ -->\n<title>Engagemang - Elanders Group<\/title>\n<meta name=\"description\" content=\"Tre partnerskap som Elanders \u00e4r engagerade i p\u00e5 koncernniv\u00e5.\" \/>\n<meta name=\"robots\" content=\"index, follow, max-snippet:-1, max-image-preview:large, max-video-preview:-1\" \/>\n<link rel=\"canonical\" href=\"https:\/\/www.elanders.com\/sv\/hallbarhet\/engagemang\/\" \/>\n<meta property=\"og:locale\" content=\"sv_SE\" \/>\n<meta property=\"og:type\" content=\"article\" \/>\n<meta property=\"og:title\" content=\"Engagemang - Elanders Group\" \/>\n<meta property=\"og:description\" content=\"Tre partnerskap som Elanders \u00e4r engagerade i p\u00e5 koncernniv\u00e5.\" \/>\n<meta property=\"og:url\" content=\"https:\/\/www.elanders.com\/sv\/hallbarhet\/engagemang\/\" \/>\n<meta property=\"og:site_name\" content=\"Elanders Group\" \/>\n<meta property=\"article:modified_time\" content=\"2026-03-23T12:27:52+00:00\" \/>\n<meta name=\"twitter:card\" content=\"summary_large_image\" \/>\n<meta name=\"twitter:label1\" content=\"Ber\u00e4knad l\u00e4stid\" \/>\n\t<meta name=\"twitter:data1\" content=\"2 minuter\" \/>\n<script type=\"application\/ld+json\" class=\"yoast-schema-graph\">{\"@context\":\"https:\/\/schema.org\",\"@graph\":[{\"@type\":\"WebPage\",\"@id\":\"https:\/\/www.elanders.com\/sv\/hallbarhet\/engagemang\/\",\"url\":\"https:\/\/www.elanders.com\/sv\/hallbarhet\/engagemang\/\",\"name\":\"Engagemang - Elanders Group\",\"isPartOf\":{\"@id\":\"https:\/\/www.elanders.com\/#website\"},\"datePublished\":\"2024-09-27T08:18:45+00:00\",\"dateModified\":\"2026-03-23T12:27:52+00:00\",\"description\":\"Tre partnerskap som Elanders \u00e4r engagerade i p\u00e5 koncernniv\u00e5.\",\"breadcrumb\":{\"@id\":\"https:\/\/www.elanders.com\/sv\/hallbarhet\/engagemang\/#breadcrumb\"},\"inLanguage\":\"sv-SE\",\"potentialAction\":[{\"@type\":\"ReadAction\",\"target\":[\"https:\/\/www.elanders.com\/sv\/hallbarhet\/engagemang\/\"]}]},{\"@type\":\"BreadcrumbList\",\"@id\":\"https:\/\/www.elanders.com\/sv\/hallbarhet\/engagemang\/#breadcrumb\",\"itemListElement\":[{\"@type\":\"ListItem\",\"position\":1,\"name\":\"Home\",\"item\":\"https:\/\/www.elanders.com\/sv\/\"},{\"@type\":\"ListItem\",\"position\":2,\"name\":\"H\u00e5llbarhet\",\"item\":\"https:\/\/www.elanders.com\/sv\/hallbarhet\/\"},{\"@type\":\"ListItem\",\"position\":3,\"name\":\"Engagemang\"}]},{\"@type\":\"WebSite\",\"@id\":\"https:\/\/www.elanders.com\/#website\",\"url\":\"https:\/\/www.elanders.com\/\",\"name\":\"Welcome to Elanders - Elanders Group\",\"description\":\"\",\"potentialAction\":[{\"@type\":\"SearchAction\",\"target\":{\"@type\":\"EntryPoint\",\"urlTemplate\":\"https:\/\/www.elanders.com\/?s={search_term_string}\"},\"query-input\":{\"@type\":\"PropertyValueSpecification\",\"valueRequired\":true,\"valueName\":\"search_term_string\"}}],\"inLanguage\":\"sv-SE\"}]}<\/script>\n<!-- \/ Yoast SEO plugin. -->","yoast_head_json":{"title":"Engagemang - Elanders Group","description":"Tre partnerskap som Elanders \u00e4r engagerade i p\u00e5 koncernniv\u00e5.","robots":{"index":"index","follow":"follow","max-snippet":"max-snippet:-1","max-image-preview":"max-image-preview:large","max-video-preview":"max-video-preview:-1"},"canonical":"https:\/\/www.elanders.com\/sv\/hallbarhet\/engagemang\/","og_locale":"sv_SE","og_type":"article","og_title":"Engagemang - Elanders Group","og_description":"Tre partnerskap som Elanders \u00e4r engagerade i p\u00e5 koncernniv\u00e5.","og_url":"https:\/\/www.elanders.com\/sv\/hallbarhet\/engagemang\/","og_site_name":"Elanders Group","article_modified_time":"2026-03-23T12:27:52+00:00","twitter_card":"summary_large_image","twitter_misc":{"Ber\u00e4knad l\u00e4stid":"2 minuter"},"schema":{"@context":"https:\/\/schema.org","@graph":[{"@type":"WebPage","@id":"https:\/\/www.elanders.com\/sv\/hallbarhet\/engagemang\/","url":"https:\/\/www.elanders.com\/sv\/hallbarhet\/engagemang\/","name":"Engagemang - Elanders Group","isPartOf":{"@id":"https:\/\/www.elanders.com\/#website"},"datePublished":"2024-09-27T08:18:45+00:00","dateModified":"2026-03-23T12:27:52+00:00","description":"Tre partnerskap som Elanders \u00e4r engagerade i p\u00e5 koncernniv\u00e5.","breadcrumb":{"@id":"https:\/\/www.elanders.com\/sv\/hallbarhet\/engagemang\/#breadcrumb"},"inLanguage":"sv-SE","potentialAction":[{"@type":"ReadAction","target":["https:\/\/www.elanders.com\/sv\/hallbarhet\/engagemang\/"]}]},{"@type":"BreadcrumbList","@id":"https:\/\/www.elanders.com\/sv\/hallbarhet\/engagemang\/#breadcrumb","itemListElement":[{"@type":"ListItem","position":1,"name":"Home","item":"https:\/\/www.elanders.com\/sv\/"},{"@type":"ListItem","position":2,"name":"H\u00e5llbarhet","item":"https:\/\/www.elanders.com\/sv\/hallbarhet\/"},{"@type":"ListItem","position":3,"name":"Engagemang"}]},{"@type":"WebSite","@id":"https:\/\/www.elanders.com\/#website","url":"https:\/\/www.elanders.com\/","name":"Welcome to Elanders - Elanders Group","description":"","potentialAction":[{"@type":"SearchAction","target":{"@type":"EntryPoint","urlTemplate":"https:\/\/www.elanders.com\/?s={search_term_string}"},"query-input":{"@type":"PropertyValueSpecification","valueRequired":true,"valueName":"search_term_string"}}],"inLanguage":"sv-SE"}]}},"_links":{"self":[{"href":"https:\/\/www.elanders.com\/sv\/wp-json\/wp\/v2\/pages\/25924","targetHints":{"allow":["GET"]}}],"collection":[{"href":"https:\/\/www.elanders.com\/sv\/wp-json\/wp\/v2\/pages"}],"about":[{"href":"https:\/\/www.elanders.com\/sv\/wp-json\/wp\/v2\/types\/page"}],"author":[{"embeddable":true,"href":"https:\/\/www.elanders.com\/sv\/wp-json\/wp\/v2\/users\/2"}],"replies":[{"embeddable":true,"href":"https:\/\/www.elanders.com\/sv\/wp-json\/wp\/v2\/comments?post=25924"}],"version-history":[{"count":11,"href":"https:\/\/www.elanders.com\/sv\/wp-json\/wp\/v2\/pages\/25924\/revisions"}],"predecessor-version":[{"id":32289,"href":"https:\/\/www.elanders.com\/sv\/wp-json\/wp\/v2\/pages\/25924\/revisions\/32289"}],"up":[{"embeddable":true,"href":"https:\/\/www.elanders.com\/sv\/wp-json\/wp\/v2\/pages\/25887"}],"wp:attachment":[{"href":"https:\/\/www.elanders.com\/sv\/wp-json\/wp\/v2\/media?parent=25924"}],"curies":[{"name":"wp","href":"https:\/\/api.w.org\/{rel}","templated":true}]}}