{"id":30651,"date":"2025-10-22T11:55:59","date_gmt":"2025-10-22T09:55:59","guid":{"rendered":"https:\/\/www.elanders.com\/?page_id=30651"},"modified":"2026-04-23T13:40:30","modified_gmt":"2026-04-23T11:40:30","slug":"arsstamma-2026","status":"publish","type":"page","link":"https:\/\/www.elanders.com\/sv\/bolagsstyrning\/bolagsstamma\/arsstamma-2026\/","title":{"rendered":"\u00c5rsst\u00e4mma 2026"},"content":{"rendered":"<section id=\"\" class=\"text-block  space-bottom-yes space-top-yes text-block-id-69f3649e875e6 bg-color-gray text-color-black\">                \r\n                    <div class=\"container\">  \r\n                                              \r\n                        <div class=\"row\">                                        \r\n                        <div class=\"col\">\r\n                            <h1 class=\"textBlock-headline left \">\u00c5rsst\u00e4mma 2026<\/h1>\r\n                             \r\n                        <\/div>       \r\n                                                          \r\n                    <\/div>    \r\n                                               \r\n                        <div class=\"row text\">\r\n                        <div class=\"col\">\r\n                            <div class=\"textBlock-text text-block-html  \">\r\n                                <p class=\"wp-block-wt-text-block\"><strong><strong>Elanders AB:s \u00e5rsst\u00e4mma h\u00f6lls den 23 april 2026.<\/strong><\/strong><\/p>\n\r\n                            <\/div>\r\n                        <\/div>                                        \r\n                    <\/div>                                              \r\n                    <\/div>                                \r\n            <\/section>\n\n<section id=\"\" class=\"text-block  space-bottom-no space-top-yes text-block-id-69f3649e876ed bg-color-white text-color-black\">                \r\n                    <div class=\"container\">  \r\n                                              \r\n                            \r\n                                               \r\n                        <div class=\"row text\">\r\n                        <div class=\"col\">\r\n                            <div class=\"textBlock-text text-block-html  \">\r\n                                <p class=\"wp-block-wt-text-block\">I sitt anf\u00f6rande redogjorde koncernchefen Magnus Nilsson f\u00f6r koncernens verksamhet och inom vilka omr\u00e5den som koncernen ser m\u00f6jlighet f\u00f6r tillv\u00e4xt. Viktiga omr\u00e5den f\u00f6r tillv\u00e4xt \u00e4r expansion i Sydostasien, kontraktslogistik och online print. N\u00e4r det g\u00e4ller online print ber\u00e4ttade Magnus om att koncernen s\u00e4krat ett fem\u00e5rigt avtal med Journi en akt\u00f6r inom fotob\u00f6cker och andra fotoprodukter, totalt v\u00e4rde p\u00e5 kontraktet estimeras till 1,5 miljarder kronor. Vidare anf\u00f6rdes en summering av 2025 och att 2026 har inletts positivt med organisk tillv\u00e4xt samt f\u00f6rb\u00e4ttrat resultat och h\u00f6gre marginaler.<\/p>\n\r\n                            <\/div>\r\n                        <\/div>                                        \r\n                    <\/div>                                              \r\n                    <\/div>                                \r\n            <\/section>\n\n\n<div style=\"height:40px\" aria-hidden=\"true\" class=\"wp-block-spacer\"><\/div>\n\n\n\r\n            <section id=\"\" class=\"acc-block acc-block-id-69f3649e87837 tab-file-block  \">\r\n                \r\n                <div class=\"container\">    \r\n                    \r\n        <div class=\"accWrapper\">                                                \r\n            \r\n            <div class=\"row\">\r\n                <div class=\"col-12\">\r\n                    <div class=\"acc-box\">\r\n                        \r\n                        <div class=\"click-area\">                            \r\n                                <p class=\"title\">Dokumentation<\/p> <i class=\"bi bi-chevron-double-right\"><\/i>\r\n                        <\/div>\r\n                        \r\n                        <div class=\"content-area add-content position-layout-file-100 add-content-type-file\">\r\n                            \r\n                            <div class=\"content\">\r\n                                <div class=\"text-wrapper\"><\/div>\r\n                                <div class=\"add-content-wrapper\">\r\n                                    <section class=\"icon-block\"><div class=\"container\"><div class=\"row\"><div class=\"icon-block-container col-12\"><a href=\"https:\/\/www.elanders.com\/sv\/press\/elanders-ab-rapport-fran-arsstamman-2026\/\" target=\"_blank\" class=\"icon-blue text-color-black\"><i class=\"bi bi-file-earmark-text\"><\/i><span>2026-04-23 Elanders AB: Rapport fr\u00e5n \u00e5rsst\u00e4mman 2026<\/span><\/a><\/div><div class=\"icon-block-container col-12\"><a href=\"https:\/\/www.elanders.com\/sv\/press\/kallelse-till-elanders-arsstamma-2026\/\" target=\"_blank\" class=\"icon-blue text-color-black\"><i class=\"bi bi-file-earmark-text\"><\/i><span>2026-03-24 Kallelse till Elanders \u00e5rsst\u00e4mma 2026<\/span><\/a><\/div><div class=\"icon-block-container col-12\"><a href=\"\/wp-content\/uploads\/2026\/03\/Elanders_-_Fullmaktsformular_AGM_2026_sv.pdf\" target=\"_blank\" class=\"icon-red text-color-black\"><i class=\"bi bi-file-earmark-pdf\"><\/i><span>Fullmaktsformul\u00e4r AGM 2026<\/span><\/a><\/div><div class=\"icon-block-container col-12\"><a href=\"\/wp-content\/uploads\/2026\/03\/Valberedningens-forslag-till-arsstamman-2026.pdf\" target=\"_blank\" class=\"icon-red text-color-black\"><i class=\"bi bi-file-earmark-pdf\"><\/i><span>Valberedningens f\u00f6rslag till \u00e5rsst\u00e4mman 2026<\/span><\/a><\/div><div class=\"icon-block-container col-12\"><a href=\"\/wp-content\/uploads\/2026\/03\/Elanders-Ersattningsrapport-2025.pdf\" target=\"_blank\" class=\"icon-red text-color-black\"><i class=\"bi bi-file-earmark-pdf\"><\/i><span>Elanders Ers\u00e4ttningsrapport 2025<\/span><\/a><\/div><div class=\"icon-block-container col-12\"><a href=\"\/wp-content\/uploads\/2026\/03\/Revisorsyttrande-avseende-ersattningar-till-ledande-befattningshavare.pdf\" target=\"_blank\" class=\"icon-red text-color-black\"><i class=\"bi bi-file-earmark-pdf\"><\/i><span>Elanders \u2013 Revisorsyttrande Ers\u00e4ttning till ledande befattningshavare 2025<\/span><\/a><\/div><div class=\"icon-block-container col-12\"><a href=\"\/wp-content\/uploads\/2026\/03\/Styrelsens-forslag-till-riktlinjer-for-ersattning-till-ledande-befattningshavare.pdf\" target=\"_blank\" class=\"icon-red text-color-black\"><i class=\"bi bi-file-earmark-pdf\"><\/i><span>Styrelsens f\u00f6rslag till riktlinjer f\u00f6r ers\u00e4ttning till ledande befattningshavare<\/span><\/a><\/div><div class=\"icon-block-container col-12\"><a href=\"http:\/\/www.elanders.com\/wp-content\/uploads\/2026\/04\/Stammoprotokoll-2026.pdf\" target=\"_blank\" class=\"icon-red text-color-black\"><i class=\"bi bi-file-earmark-pdf\"><\/i><span>St\u00e4mmoprotokoll 2026<\/span><\/a><\/div><\/div><\/div><\/section>\r\n                                <\/div>\r\n                            <\/div>\r\n                            \r\n                        <\/div>\r\n                        \r\n                    <\/div> \r\n                <\/div>\r\n            <\/div>                                                \r\n        <\/div>                        \r\n                <\/div>                                            \r\n                                      \r\n            <\/section>\r\n            <noscript>\r\n                    <style>\r\n                        \r\n                        .acc-block .acc-box .content {\r\n                            font-size: 18pt;\r\n                            line-height: 26pt;\r\n                            opacity: 1 !important;\r\n                            visibility: visible !important;\r\n                            max-height: inherit !important;\r\n                        }\r\n                        .acc-block .acc-box .content-area {\r\n                            padding-bottom: 20px !important;\r\n                            padding-top: 20px !important;\r\n                        }\r\n                        \r\n                    <\/style>\r\n                <\/noscript>\n\n\n<div style=\"height:100px\" aria-hidden=\"true\" class=\"wp-block-spacer\"><\/div>\n","protected":false},"excerpt":{"rendered":"","protected":false},"author":2,"featured_media":0,"parent":23933,"menu_order":0,"comment_status":"closed","ping_status":"closed","template":"","meta":{"footnotes":""},"class_list":["post-30651","page","type-page","status-publish","hentry"],"yoast_head":"<!-- This site is optimized with the Yoast SEO plugin v27.2 - https:\/\/yoast.com\/product\/yoast-seo-wordpress\/ -->\n<title>\u00c5rsst\u00e4mma 2026 - Elanders Group<\/title>\n<meta name=\"robots\" content=\"index, follow, max-snippet:-1, max-image-preview:large, max-video-preview:-1\" \/>\n<link rel=\"canonical\" href=\"https:\/\/www.elanders.com\/sv\/bolagsstyrning\/bolagsstamma\/arsstamma-2026\/\" \/>\n<meta property=\"og:locale\" content=\"sv_SE\" \/>\n<meta property=\"og:type\" content=\"article\" \/>\n<meta property=\"og:title\" content=\"\u00c5rsst\u00e4mma 2026 - Elanders Group\" \/>\n<meta property=\"og:url\" content=\"https:\/\/www.elanders.com\/sv\/bolagsstyrning\/bolagsstamma\/arsstamma-2026\/\" \/>\n<meta property=\"og:site_name\" content=\"Elanders Group\" \/>\n<meta property=\"article:modified_time\" content=\"2026-04-23T11:40:30+00:00\" \/>\n<meta name=\"twitter:card\" content=\"summary_large_image\" \/>\n<meta name=\"twitter:label1\" content=\"Ber\u00e4knad l\u00e4stid\" \/>\n\t<meta name=\"twitter:data1\" content=\"1 minut\" \/>\n<script type=\"application\/ld+json\" class=\"yoast-schema-graph\">{\"@context\":\"https:\/\/schema.org\",\"@graph\":[{\"@type\":\"WebPage\",\"@id\":\"https:\/\/www.elanders.com\/sv\/bolagsstyrning\/bolagsstamma\/arsstamma-2026\/\",\"url\":\"https:\/\/www.elanders.com\/sv\/bolagsstyrning\/bolagsstamma\/arsstamma-2026\/\",\"name\":\"\u00c5rsst\u00e4mma 2026 - Elanders Group\",\"isPartOf\":{\"@id\":\"https:\/\/www.elanders.com\/#website\"},\"datePublished\":\"2025-10-22T09:55:59+00:00\",\"dateModified\":\"2026-04-23T11:40:30+00:00\",\"breadcrumb\":{\"@id\":\"https:\/\/www.elanders.com\/sv\/bolagsstyrning\/bolagsstamma\/arsstamma-2026\/#breadcrumb\"},\"inLanguage\":\"sv-SE\",\"potentialAction\":[{\"@type\":\"ReadAction\",\"target\":[\"https:\/\/www.elanders.com\/sv\/bolagsstyrning\/bolagsstamma\/arsstamma-2026\/\"]}]},{\"@type\":\"BreadcrumbList\",\"@id\":\"https:\/\/www.elanders.com\/sv\/bolagsstyrning\/bolagsstamma\/arsstamma-2026\/#breadcrumb\",\"itemListElement\":[{\"@type\":\"ListItem\",\"position\":1,\"name\":\"Home\",\"item\":\"https:\/\/www.elanders.com\/sv\/\"},{\"@type\":\"ListItem\",\"position\":2,\"name\":\"Bolagsstyrning\",\"item\":\"https:\/\/www.elanders.com\/sv\/bolagsstyrning\/\"},{\"@type\":\"ListItem\",\"position\":3,\"name\":\"Bolagsst\u00e4mma\",\"item\":\"https:\/\/www.elanders.com\/sv\/bolagsstyrning\/bolagsstamma\/\"},{\"@type\":\"ListItem\",\"position\":4,\"name\":\"\u00c5rsst\u00e4mma 2026\"}]},{\"@type\":\"WebSite\",\"@id\":\"https:\/\/www.elanders.com\/#website\",\"url\":\"https:\/\/www.elanders.com\/\",\"name\":\"Welcome to Elanders - Elanders Group\",\"description\":\"\",\"potentialAction\":[{\"@type\":\"SearchAction\",\"target\":{\"@type\":\"EntryPoint\",\"urlTemplate\":\"https:\/\/www.elanders.com\/?s={search_term_string}\"},\"query-input\":{\"@type\":\"PropertyValueSpecification\",\"valueRequired\":true,\"valueName\":\"search_term_string\"}}],\"inLanguage\":\"sv-SE\"}]}<\/script>\n<!-- \/ Yoast SEO plugin. -->","yoast_head_json":{"title":"\u00c5rsst\u00e4mma 2026 - Elanders Group","robots":{"index":"index","follow":"follow","max-snippet":"max-snippet:-1","max-image-preview":"max-image-preview:large","max-video-preview":"max-video-preview:-1"},"canonical":"https:\/\/www.elanders.com\/sv\/bolagsstyrning\/bolagsstamma\/arsstamma-2026\/","og_locale":"sv_SE","og_type":"article","og_title":"\u00c5rsst\u00e4mma 2026 - Elanders Group","og_url":"https:\/\/www.elanders.com\/sv\/bolagsstyrning\/bolagsstamma\/arsstamma-2026\/","og_site_name":"Elanders Group","article_modified_time":"2026-04-23T11:40:30+00:00","twitter_card":"summary_large_image","twitter_misc":{"Ber\u00e4knad l\u00e4stid":"1 minut"},"schema":{"@context":"https:\/\/schema.org","@graph":[{"@type":"WebPage","@id":"https:\/\/www.elanders.com\/sv\/bolagsstyrning\/bolagsstamma\/arsstamma-2026\/","url":"https:\/\/www.elanders.com\/sv\/bolagsstyrning\/bolagsstamma\/arsstamma-2026\/","name":"\u00c5rsst\u00e4mma 2026 - Elanders Group","isPartOf":{"@id":"https:\/\/www.elanders.com\/#website"},"datePublished":"2025-10-22T09:55:59+00:00","dateModified":"2026-04-23T11:40:30+00:00","breadcrumb":{"@id":"https:\/\/www.elanders.com\/sv\/bolagsstyrning\/bolagsstamma\/arsstamma-2026\/#breadcrumb"},"inLanguage":"sv-SE","potentialAction":[{"@type":"ReadAction","target":["https:\/\/www.elanders.com\/sv\/bolagsstyrning\/bolagsstamma\/arsstamma-2026\/"]}]},{"@type":"BreadcrumbList","@id":"https:\/\/www.elanders.com\/sv\/bolagsstyrning\/bolagsstamma\/arsstamma-2026\/#breadcrumb","itemListElement":[{"@type":"ListItem","position":1,"name":"Home","item":"https:\/\/www.elanders.com\/sv\/"},{"@type":"ListItem","position":2,"name":"Bolagsstyrning","item":"https:\/\/www.elanders.com\/sv\/bolagsstyrning\/"},{"@type":"ListItem","position":3,"name":"Bolagsst\u00e4mma","item":"https:\/\/www.elanders.com\/sv\/bolagsstyrning\/bolagsstamma\/"},{"@type":"ListItem","position":4,"name":"\u00c5rsst\u00e4mma 2026"}]},{"@type":"WebSite","@id":"https:\/\/www.elanders.com\/#website","url":"https:\/\/www.elanders.com\/","name":"Welcome to Elanders - Elanders Group","description":"","potentialAction":[{"@type":"SearchAction","target":{"@type":"EntryPoint","urlTemplate":"https:\/\/www.elanders.com\/?s={search_term_string}"},"query-input":{"@type":"PropertyValueSpecification","valueRequired":true,"valueName":"search_term_string"}}],"inLanguage":"sv-SE"}]}},"_links":{"self":[{"href":"https:\/\/www.elanders.com\/sv\/wp-json\/wp\/v2\/pages\/30651","targetHints":{"allow":["GET"]}}],"collection":[{"href":"https:\/\/www.elanders.com\/sv\/wp-json\/wp\/v2\/pages"}],"about":[{"href":"https:\/\/www.elanders.com\/sv\/wp-json\/wp\/v2\/types\/page"}],"author":[{"embeddable":true,"href":"https:\/\/www.elanders.com\/sv\/wp-json\/wp\/v2\/users\/2"}],"replies":[{"embeddable":true,"href":"https:\/\/www.elanders.com\/sv\/wp-json\/wp\/v2\/comments?post=30651"}],"version-history":[{"count":6,"href":"https:\/\/www.elanders.com\/sv\/wp-json\/wp\/v2\/pages\/30651\/revisions"}],"predecessor-version":[{"id":32634,"href":"https:\/\/www.elanders.com\/sv\/wp-json\/wp\/v2\/pages\/30651\/revisions\/32634"}],"up":[{"embeddable":true,"href":"https:\/\/www.elanders.com\/sv\/wp-json\/wp\/v2\/pages\/23933"}],"wp:attachment":[{"href":"https:\/\/www.elanders.com\/sv\/wp-json\/wp\/v2\/media?parent=30651"}],"curies":[{"name":"wp","href":"https:\/\/api.w.org\/{rel}","templated":true}]}}