{"id":31099,"date":"2025-12-16T07:22:20","date_gmt":"2025-12-16T06:22:20","guid":{"rendered":"https:\/\/www.elanders.com\/mfn-press\/"},"modified":"2026-03-11T16:10:55","modified_gmt":"2026-03-11T15:10:55","slug":"press","status":"publish","type":"page","link":"https:\/\/www.elanders.com\/sv\/press","title":{"rendered":"Press"},"content":{"rendered":"<div class=\"container newsroom-container d-flex flex-lg-row flex-column pt-lg-5\"><div id=\"mfn-press\" class=\"pe-0 pe-lg-5\"><div class=\"press-item pb-5\" id=\"mfn-ad77458464c0\"><div class=\"entry-header\"><h2 class=\"entry-title\"><a href=\"https:\/\/elanders.com\/sv\/press\/elanders-publicerar-datum-for-delarsrapport-for-forsta-kvartalet-2026-samt-telefonkonferens\" rel=\"bookmark\">Elanders publicerar datum f\u00f6r del\u00e5rsrapport f\u00f6r f\u00f6rsta kvartalet 2026 samt telefonkonferens<\/a><\/h2><div class=\"entry-meta newsroom-entry-meta pt-2\">\n                       <div class=\"entry-meta newsroom-entry-meta pt-2\">\n                            <span class=\"posted-on pe-1\">2 april 2026 09:00<\/span> \u2022\n                            <span class=\"byline px-1\">Av <a href=\"\/sv\/wp-json\/wp\/v2\/pages\/31099?press_author=Elanders%20AB&#038;press_page=1\" rel=\"author\">Elanders AB<\/a>\n                            <\/span> \u2022\n                            <span class=\"category ps-1\"><a href=\"\/sv\/wp-json\/wp\/v2\/pages\/31099?press_cat=ir&#038;press_page=1\" rel=\"category tag\">Pressmeddelanden<\/a><\/span>\n                       <\/div><\/div><\/div><div class=\"pt-5\"><p>Elanders publicerar del\u00e5rsrapport f\u00f6r f\u00f6rsta kvartalet 2026 torsdagen den 23 april 2026 kl. 10.00 (svensk tid), f\u00f6ljt av telefonkonferens kl. 15.30 (svensk tid) med Magnus Nilsson, VD och koncernchef, samt \u00c5sa Vilsson, Group CFO.\u00a0Vi bjuder in fondf\u00f6rvaltare, analytiker och media\u2026<\/p><\/div><div class=\"py-5\"><a class=\"btn-full btn-full-gray-outline\" href=\"https:\/\/elanders.com\/sv\/press\/elanders-publicerar-datum-for-delarsrapport-for-forsta-kvartalet-2026-samt-telefonkonferens\">L\u00e4s mer<\/a><\/div><hr class=\"horizontal-line pb-5\" \/><\/div><div class=\"press-item pb-5\" id=\"mfn-75652e77e4d8\"><div class=\"entry-header\"><h2 class=\"entry-title\"><a href=\"https:\/\/elanders.com\/sv\/press\/kallelse-till-elanders-arsstamma-2026\" rel=\"bookmark\">Kallelse till Elanders \u00e5rsst\u00e4mma 2026<\/a><\/h2><div class=\"entry-meta newsroom-entry-meta pt-2\">\n                       <div class=\"entry-meta newsroom-entry-meta pt-2\">\n                            <span class=\"posted-on pe-1\">24 mars 2026 10:00<\/span> \u2022\n                            <span class=\"byline px-1\">Av <a href=\"\/sv\/wp-json\/wp\/v2\/pages\/31099?press_author=Elanders%20AB&#038;press_page=1\" rel=\"author\">Elanders AB<\/a>\n                            <\/span> \u2022\n                            <span class=\"category ps-1\"><a href=\"\/sv\/wp-json\/wp\/v2\/pages\/31099?press_cat=regulatory&#038;press_page=1\" rel=\"category tag\">Regulatoriska pressmeddelanden<\/a><\/span>\n                       <\/div><\/div><\/div><div class=\"pt-5\"><p>Aktie\u00e4garna i Elanders AB (publ) kallas till \u00e5rsst\u00e4mma som h\u00e5lls torsdagen den 23 april 2026, kl. 12.00 p\u00e5 S\u00f6dra Porten, Fl\u00f6jelbergsgatan 1 C, M\u00f6lndal. Inregistrering till \u00e5rsst\u00e4mman \u00f6ppnar kl. 11.30 och efter st\u00e4mman serveras lunch.R\u00e4tt att deltaR\u00e4tt att delta i\u2026<\/p><\/div><div class=\"py-5\"><a class=\"btn-full btn-full-gray-outline\" href=\"https:\/\/elanders.com\/sv\/press\/kallelse-till-elanders-arsstamma-2026\">L\u00e4s mer<\/a><\/div><hr class=\"horizontal-line pb-5\" \/><\/div><div class=\"press-item pb-5\" id=\"mfn-11af76873d3b\"><div class=\"entry-header\"><h2 class=\"entry-title\"><a href=\"https:\/\/elanders.com\/sv\/press\/elanders-publicerar-ars-och-hallbarhetsredovisningen-for-2025\" rel=\"bookmark\">Elanders publicerar \u00e5rs- och h\u00e5llbarhetsredovisningen f\u00f6r 2025<\/a><\/h2><div class=\"entry-meta newsroom-entry-meta pt-2\">\n                       <div class=\"entry-meta newsroom-entry-meta pt-2\">\n                            <span class=\"posted-on pe-1\">23 mars 2026 07:30<\/span> \u2022\n                            <span class=\"byline px-1\">Av <a href=\"\/sv\/wp-json\/wp\/v2\/pages\/31099?press_author=Elanders%20AB&#038;press_page=1\" rel=\"author\">Elanders AB<\/a>\n                            <\/span> \u2022\n                            <span class=\"category ps-1\"><a href=\"\/sv\/wp-json\/wp\/v2\/pages\/31099?press_cat=regulatory&#038;press_page=1\" rel=\"category tag\">Regulatoriska pressmeddelanden<\/a><\/span>\n                       <\/div><\/div><\/div><div class=\"pt-5\"><p>Idag, m\u00e5ndagen den 23 mars 2026, publicerar Elanders sin \u00e5rs- och h\u00e5llbarhetsredovisning f\u00f6r verksamhets\u00e5ret 2025 p\u00e5 bolagets hemsida www.elanders.com.\u00a0\u00c5rs- och h\u00e5llbarhetsredovisningen distribueras per post till de aktie\u00e4gare som aktivt har best\u00e4llt en tryckt version, vissa kunder och \u00f6vriga intressenter.\u00a0Elanders AB\u2026<\/p><\/div><div class=\"py-5\"><a class=\"btn-full btn-full-gray-outline\" href=\"https:\/\/elanders.com\/sv\/press\/elanders-publicerar-ars-och-hallbarhetsredovisningen-for-2025\">L\u00e4s mer<\/a><\/div><hr class=\"horizontal-line pb-5\" \/><\/div><div class=\"press-item pb-5\" id=\"mfn-35121a4afddc\"><div class=\"entry-header\"><h2 class=\"entry-title\"><a href=\"https:\/\/elanders.com\/sv\/press\/elanders-ab-bokslutskommunike-2025\" rel=\"bookmark\">Elanders AB: Bokslutskommunik\u00e9 2025<\/a><\/h2><div class=\"entry-meta newsroom-entry-meta pt-2\">\n                       <div class=\"entry-meta newsroom-entry-meta pt-2\">\n                            <span class=\"posted-on pe-1\">28 januari 2026 07:30<\/span> \u2022\n                            <span class=\"byline px-1\">Av <a href=\"\/sv\/wp-json\/wp\/v2\/pages\/31099?press_author=Elanders%20AB&#038;press_page=1\" rel=\"author\">Elanders AB<\/a>\n                            <\/span> \u2022\n                            <span class=\"category ps-1\"><a href=\"\/sv\/wp-json\/wp\/v2\/pages\/31099?press_cat=regulatory&#038;press_page=1\" rel=\"category tag\">Regulatoriska pressmeddelanden<\/a><\/span>\n                       <\/div><\/div><\/div><div class=\"pt-5\"><p>Hel\u00e5ret 2025Oms\u00e4ttningen uppgick till 12 201 (14 143) Mkr vilket motsvarade en organisk oms\u00e4ttningsminskning om tre procent j\u00e4mf\u00f6rt med samma period f\u00f6reg\u00e5ende \u00e5r, om f\u00f6rv\u00e4rv samt nedlagd verksamhet exkluderas och of\u00f6r\u00e4ndrade valutakurser anv\u00e4nds.Justerad EBITA uppgick till 776 (879) Mkr, vilket\u2026<\/p><\/div><div class=\"py-5\"><a class=\"btn-full btn-full-gray-outline\" href=\"https:\/\/elanders.com\/sv\/press\/elanders-ab-bokslutskommunike-2025\">L\u00e4s mer<\/a><\/div><hr class=\"horizontal-line pb-5\" \/><\/div><div class=\"press-item pb-5\" id=\"mfn-46d212c0be48\"><div class=\"entry-header\"><h2 class=\"entry-title\"><a href=\"https:\/\/elanders.com\/sv\/press\/elanders-publicerar-datum-for-bokslutskommunike-2025-samt-telefonkonferens\" rel=\"bookmark\">Elanders publicerar datum f\u00f6r bokslutskommunik\u00e9 2025 samt telefonkonferens<\/a><\/h2><div class=\"entry-meta newsroom-entry-meta pt-2\">\n                       <div class=\"entry-meta newsroom-entry-meta pt-2\">\n                            <span class=\"posted-on pe-1\">14 januari 2026 09:00<\/span> \u2022\n                            <span class=\"byline px-1\">Av <a href=\"\/sv\/wp-json\/wp\/v2\/pages\/31099?press_author=Elanders%20AB&#038;press_page=1\" rel=\"author\">Elanders AB<\/a>\n                            <\/span> \u2022\n                            <span class=\"category ps-1\"><a href=\"\/sv\/wp-json\/wp\/v2\/pages\/31099?press_cat=ir&#038;press_page=1\" rel=\"category tag\">Pressmeddelanden<\/a><\/span>\n                       <\/div><\/div><\/div><div class=\"pt-5\"><p>Elanders publicerar bokslutskommunik\u00e9 f\u00f6r 2025 onsdagen den 28 januari 2026 kl. 07.30 (svensk tid), f\u00f6ljt av telefonkonferens kl. 09.30 (svensk tid) med Magnus Nilsson, VD och koncernchef, samt \u00c5sa Vilsson, Group CFO.\u00a0Vi bjuder in fondf\u00f6rvaltare, analytiker och media att delta\u2026<\/p><\/div><div class=\"py-5\"><a class=\"btn-full btn-full-gray-outline\" href=\"https:\/\/elanders.com\/sv\/press\/elanders-publicerar-datum-for-bokslutskommunike-2025-samt-telefonkonferens\">L\u00e4s mer<\/a><\/div><hr class=\"horizontal-line pb-5\" \/><\/div><div class=\"pagination pb-5\"><span aria-current=\"page\" class=\"page-numbers current\">1<\/span><a class=\"page-numbers\" href=\"\/sv\/wp-json\/wp\/v2\/pages\/31099?press_page=2\">2<\/a><a class=\"page-numbers\" href=\"\/sv\/wp-json\/wp\/v2\/pages\/31099?press_page=3\">3<\/a><span class=\"page-numbers dots\">&hellip;<\/span><a class=\"page-numbers\" href=\"\/sv\/wp-json\/wp\/v2\/pages\/31099?press_page=54\">54<\/a><a class=\"next page-numbers\" href=\"\/sv\/wp-json\/wp\/v2\/pages\/31099?press_page=2\"><i class=\"bi bi-chevron-right\"><\/i><\/a><\/div><\/div><div  id= \"mfn-widget\" class=\"widget-area newsroom-sidebar pb-5\">\n    <section id=\"block-24\" class=\"widget widget_block widget_text\">\n        <p class=\"widget-title\">Elanders Nyhetsrum<\/p>\n        <a href=\"\/sv\/prenumeration\/\" target=\"_blank\" class=\"btn-full btn-full-blue\"> Prenumeration pressmeddelanden  <i class=\"bi bi-chevron-double-right\"><\/i> <\/a>\n        <p class=\"elanders-newsroom-description\">Om du beh\u00f6ver hj\u00e4lp att hitta r\u00e4tt i v\u00e5r organisation, var v\u00e4nlig kontakta: <a href=\"mailto:info@elanders.com\">info@elanders.com<\/a><\/p>\n        <a href=\"\/wp-content\/uploads\/2024\/11\/Elanders_presskit_2024.zip\" class=\"btn-full btn-full-blue\" download> H\u00e4r hittar du v\u00e5ra  pressbilder  <i class=\"bi bi-chevron-double-right\"><\/i> <\/a>\n    <p class=\"widget-title pt-5\">Kategorier<\/p>\n    <\/section>\n    \n    <section id=\"block-21\" class=\"widget widget_block widget_categories mfn-categories\"><ul class=\"wp-block-categories-list wp-block-categories\"><li class=\"cat-item\"><a href=\"\/sv\/wp-json\/wp\/v2\/pages\/31099?press_cat=pr&#038;press_page=1\">Nyheter<\/a><\/li><li class=\"cat-item\"><a href=\"\/sv\/wp-json\/wp\/v2\/pages\/31099?press_cat=ir&#038;press_page=1\">Pressmeddelanden<\/a><\/li><li class=\"cat-item\"><a href=\"\/sv\/wp-json\/wp\/v2\/pages\/31099?press_cat=regulatory&#038;press_page=1\">Regulatoriska pressmeddelanden<\/a><\/li><li class=\"cat-item\"><a class=\"btn-full btn-full-blue\" href=\"\/sv\/wp-json\/wp\/v2\/pages\/31099\">Visa alla kategorier  <i class=\"bi bi-chevron-double-right\"><\/i> <\/a><\/li><\/ul><\/section><section id=\"block-22\" class=\"widget widget_block widget_archive\"><p class=\"widget-title pt-5\">Arkiv<\/p><ul class=\"wp-block-archives-list wp-block-archives\"><li><a href=\"\/sv\/wp-json\/wp\/v2\/pages\/31099?press_year=2026&#038;press_page=1\">2026<\/a><\/li><li><a href=\"\/sv\/wp-json\/wp\/v2\/pages\/31099?press_year=2025&#038;press_page=1\">2025<\/a><\/li><li><a href=\"\/sv\/wp-json\/wp\/v2\/pages\/31099?press_year=2024&#038;press_page=1\">2024<\/a><\/li><li><a href=\"\/sv\/wp-json\/wp\/v2\/pages\/31099?press_year=2023&#038;press_page=1\">2023<\/a><\/li><li><a href=\"\/sv\/wp-json\/wp\/v2\/pages\/31099?press_year=2022&#038;press_page=1\">2022<\/a><\/li><li><a href=\"\/sv\/wp-json\/wp\/v2\/pages\/31099?press_year=2021&#038;press_page=1\">2021<\/a><\/li><li><a href=\"\/sv\/wp-json\/wp\/v2\/pages\/31099?press_year=2020&#038;press_page=1\">2020<\/a><\/li><li><a href=\"\/sv\/wp-json\/wp\/v2\/pages\/31099?press_year=2019&#038;press_page=1\">2019<\/a><\/li><li><a href=\"\/sv\/wp-json\/wp\/v2\/pages\/31099?press_year=2018&#038;press_page=1\">2018<\/a><\/li><li><a href=\"\/sv\/wp-json\/wp\/v2\/pages\/31099?press_year=2017&#038;press_page=1\">2017<\/a><\/li><li><a href=\"\/sv\/wp-json\/wp\/v2\/pages\/31099?press_year=2016&#038;press_page=1\">2016<\/a><\/li><li><a href=\"\/sv\/wp-json\/wp\/v2\/pages\/31099?press_year=2015&#038;press_page=1\">2015<\/a><\/li><li><a href=\"\/sv\/wp-json\/wp\/v2\/pages\/31099?press_year=2014&#038;press_page=1\">2014<\/a><\/li><li><a href=\"\/sv\/wp-json\/wp\/v2\/pages\/31099?press_year=2013&#038;press_page=1\">2013<\/a><\/li><li><a href=\"\/sv\/wp-json\/wp\/v2\/pages\/31099?press_year=2012&#038;press_page=1\">2012<\/a><\/li><li><a href=\"\/sv\/wp-json\/wp\/v2\/pages\/31099?press_year=2011&#038;press_page=1\">2011<\/a><\/li><li><a href=\"\/sv\/wp-json\/wp\/v2\/pages\/31099?press_year=2010&#038;press_page=1\">2010<\/a><\/li><\/ul><\/section><\/div>\n","protected":false},"excerpt":{"rendered":"","protected":false},"author":1,"featured_media":0,"parent":0,"menu_order":0,"comment_status":"closed","ping_status":"closed","template":"","meta":{"footnotes":""},"class_list":["post-31099","page","type-page","status-publish","hentry"],"yoast_head":"<!-- This site is optimized with the Yoast SEO plugin v27.2 - https:\/\/yoast.com\/product\/yoast-seo-wordpress\/ -->\n<title>Press - Elanders Group<\/title>\n<meta name=\"description\" content=\"Utforska Elanders Groups nyhetsrum f\u00f6r de senaste f\u00f6retagsnyheterna, finansiella rapporterna, pressmeddelanden om regelverk och mediaresurser f\u00f6r investerare och journalister.\" \/>\n<meta name=\"robots\" content=\"index, follow, max-snippet:-1, max-image-preview:large, max-video-preview:-1\" \/>\n<link rel=\"canonical\" href=\"https:\/\/www.elanders.com\/sv\/press\/\" \/>\n<meta property=\"og:locale\" content=\"sv_SE\" \/>\n<meta property=\"og:type\" content=\"article\" \/>\n<meta property=\"og:title\" content=\"Press - Elanders Group\" \/>\n<meta property=\"og:description\" content=\"Utforska Elanders Groups nyhetsrum f\u00f6r de senaste f\u00f6retagsnyheterna, finansiella rapporterna, pressmeddelanden om regelverk och mediaresurser f\u00f6r investerare och journalister.\" \/>\n<meta property=\"og:url\" content=\"https:\/\/www.elanders.com\/sv\/press\/\" \/>\n<meta property=\"og:site_name\" content=\"Elanders Group\" \/>\n<meta property=\"article:modified_time\" content=\"2026-03-11T15:10:55+00:00\" \/>\n<meta name=\"twitter:card\" content=\"summary_large_image\" \/>\n<meta name=\"twitter:label1\" content=\"Ber\u00e4knad l\u00e4stid\" \/>\n\t<meta name=\"twitter:data1\" content=\"1 minut\" \/>\n<script type=\"application\/ld+json\" class=\"yoast-schema-graph\">{\"@context\":\"https:\/\/schema.org\",\"@graph\":[{\"@type\":\"WebPage\",\"@id\":\"https:\/\/www.elanders.com\/sv\/press\/\",\"url\":\"https:\/\/www.elanders.com\/sv\/press\/\",\"name\":\"Press - Elanders Group\",\"isPartOf\":{\"@id\":\"https:\/\/www.elanders.com\/#website\"},\"datePublished\":\"2025-12-16T06:22:20+00:00\",\"dateModified\":\"2026-03-11T15:10:55+00:00\",\"description\":\"Utforska Elanders Groups nyhetsrum f\u00f6r de senaste f\u00f6retagsnyheterna, finansiella rapporterna, pressmeddelanden om regelverk och mediaresurser f\u00f6r investerare och journalister.\",\"breadcrumb\":{\"@id\":\"https:\/\/www.elanders.com\/sv\/press\/#breadcrumb\"},\"inLanguage\":\"sv-SE\",\"potentialAction\":[{\"@type\":\"ReadAction\",\"target\":[\"https:\/\/www.elanders.com\/sv\/press\/\"]}]},{\"@type\":\"BreadcrumbList\",\"@id\":\"https:\/\/www.elanders.com\/sv\/press\/#breadcrumb\",\"itemListElement\":[{\"@type\":\"ListItem\",\"position\":1,\"name\":\"Home\",\"item\":\"https:\/\/www.elanders.com\/sv\/\"},{\"@type\":\"ListItem\",\"position\":2,\"name\":\"Press\",\"item\":\"https:\/\/www.elanders.com\/sv\/press\"}]},{\"@type\":\"WebSite\",\"@id\":\"https:\/\/www.elanders.com\/#website\",\"url\":\"https:\/\/www.elanders.com\/\",\"name\":\"Welcome to Elanders - Elanders Group\",\"description\":\"\",\"potentialAction\":[{\"@type\":\"SearchAction\",\"target\":{\"@type\":\"EntryPoint\",\"urlTemplate\":\"https:\/\/www.elanders.com\/?s={search_term_string}\"},\"query-input\":{\"@type\":\"PropertyValueSpecification\",\"valueRequired\":true,\"valueName\":\"search_term_string\"}}],\"inLanguage\":\"sv-SE\"}]}<\/script>\n<!-- \/ Yoast SEO plugin. -->","yoast_head_json":{"title":"Press - Elanders Group","description":"Utforska Elanders Groups nyhetsrum f\u00f6r de senaste f\u00f6retagsnyheterna, finansiella rapporterna, pressmeddelanden om regelverk och mediaresurser f\u00f6r investerare och journalister.","robots":{"index":"index","follow":"follow","max-snippet":"max-snippet:-1","max-image-preview":"max-image-preview:large","max-video-preview":"max-video-preview:-1"},"canonical":"https:\/\/www.elanders.com\/sv\/press\/","og_locale":"sv_SE","og_type":"article","og_title":"Press - Elanders Group","og_description":"Utforska Elanders Groups nyhetsrum f\u00f6r de senaste f\u00f6retagsnyheterna, finansiella rapporterna, pressmeddelanden om regelverk och mediaresurser f\u00f6r investerare och journalister.","og_url":"https:\/\/www.elanders.com\/sv\/press\/","og_site_name":"Elanders Group","article_modified_time":"2026-03-11T15:10:55+00:00","twitter_card":"summary_large_image","twitter_misc":{"Ber\u00e4knad l\u00e4stid":"1 minut"},"schema":{"@context":"https:\/\/schema.org","@graph":[{"@type":"WebPage","@id":"https:\/\/www.elanders.com\/sv\/press\/","url":"https:\/\/www.elanders.com\/sv\/press\/","name":"Press - Elanders Group","isPartOf":{"@id":"https:\/\/www.elanders.com\/#website"},"datePublished":"2025-12-16T06:22:20+00:00","dateModified":"2026-03-11T15:10:55+00:00","description":"Utforska Elanders Groups nyhetsrum f\u00f6r de senaste f\u00f6retagsnyheterna, finansiella rapporterna, pressmeddelanden om regelverk och mediaresurser f\u00f6r investerare och journalister.","breadcrumb":{"@id":"https:\/\/www.elanders.com\/sv\/press\/#breadcrumb"},"inLanguage":"sv-SE","potentialAction":[{"@type":"ReadAction","target":["https:\/\/www.elanders.com\/sv\/press\/"]}]},{"@type":"BreadcrumbList","@id":"https:\/\/www.elanders.com\/sv\/press\/#breadcrumb","itemListElement":[{"@type":"ListItem","position":1,"name":"Home","item":"https:\/\/www.elanders.com\/sv\/"},{"@type":"ListItem","position":2,"name":"Press","item":"https:\/\/www.elanders.com\/sv\/press"}]},{"@type":"WebSite","@id":"https:\/\/www.elanders.com\/#website","url":"https:\/\/www.elanders.com\/","name":"Welcome to Elanders - Elanders Group","description":"","potentialAction":[{"@type":"SearchAction","target":{"@type":"EntryPoint","urlTemplate":"https:\/\/www.elanders.com\/?s={search_term_string}"},"query-input":{"@type":"PropertyValueSpecification","valueRequired":true,"valueName":"search_term_string"}}],"inLanguage":"sv-SE"}]}},"_links":{"self":[{"href":"https:\/\/www.elanders.com\/sv\/wp-json\/wp\/v2\/pages\/31099","targetHints":{"allow":["GET"]}}],"collection":[{"href":"https:\/\/www.elanders.com\/sv\/wp-json\/wp\/v2\/pages"}],"about":[{"href":"https:\/\/www.elanders.com\/sv\/wp-json\/wp\/v2\/types\/page"}],"author":[{"embeddable":true,"href":"https:\/\/www.elanders.com\/sv\/wp-json\/wp\/v2\/users\/1"}],"replies":[{"embeddable":true,"href":"https:\/\/www.elanders.com\/sv\/wp-json\/wp\/v2\/comments?post=31099"}],"version-history":[{"count":2,"href":"https:\/\/www.elanders.com\/sv\/wp-json\/wp\/v2\/pages\/31099\/revisions"}],"predecessor-version":[{"id":31177,"href":"https:\/\/www.elanders.com\/sv\/wp-json\/wp\/v2\/pages\/31099\/revisions\/31177"}],"wp:attachment":[{"href":"https:\/\/www.elanders.com\/sv\/wp-json\/wp\/v2\/media?parent=31099"}],"curies":[{"name":"wp","href":"https:\/\/api.w.org\/{rel}","templated":true}]}}