{"id":1649,"date":"2025-04-27T18:27:33","date_gmt":"2025-04-27T16:27:33","guid":{"rendered":"https:\/\/www.elanders.com\/swe\/valkommen\/"},"modified":"2026-02-17T09:32:10","modified_gmt":"2026-02-17T08:32:10","slug":"valkommen","status":"publish","type":"page","link":"https:\/\/www.elanders.com\/swe\/en\/","title":{"rendered":"V\u00e4lkommen"},"content":{"rendered":"\n            <style>\n                 .hero-section-block-69dd1a7bbb537 {\n                    background-image: url(https:\/\/www.elanders.com\/swe\/wp-content\/uploads\/2026\/02\/SE-SC-BLUE-25.webp);\n                    background-attachment: fixed;\n                    background-size: cover;  \n                    background-repeat: no-repeat; \n                    background-position: center center;\n                    overflow: hidden;\n                    color:  var(--elarb-white);\n                }\n        \n                @media (max-width: 1024px) {\n                     .hero-section-block-69dd1a7bbb537 {\n                        background-attachment: scroll;\n                    }\n                }\n        <\/style><section class=\"hero-section-block hero-section-block-69dd1a7bbb537\">   \n            <div class=\"container hero-section-container hero-section-2\">\n                    <div class=\"hero-section d-flex flex-column align-items-center justify-content-evenly text-left\">\n                    <div class=\"hero-left\">\n                        <h1 class=\"hero-title\">Welcome to Elanders Sweden<\/h1>\n                        <p id=\"padding-block-69dd1a7bbb53d\" class=\"hero-description desktop-padding-right desktop-padding-left tablet-padding-right tablet-padding-left mobile-padding-right mobile-padding-left \">Elanders \u00e4r en strategisk partner som erbjuder helhetsl\u00f6sningar inom logistik, tryck och f\u00f6rpackningar. Tack vare en global n\u00e4rvaro och ett lika stort lokalt engagemang kan du lita p\u00e5 att vi levererar det du lovar. V\u00e4rlden \u00f6ver.<\/p>\n                           <div class=\"hero-section-button\">\n                                <a class=\"btn-full btn-full-blue\" href=\"\/swe\/en\/contact\">\n                                    Contact us!\n                                <\/a>\n                              <\/div>\n                    <\/div>\n                    \n                <\/div><style> #padding-block-69dd1a7bbb53d.desktop-padding-right { padding-right: 0px; } #padding-block-69dd1a7bbb53d.desktop-padding-left { padding-left: 0px; }@media only screen and (max-width: 991px) {  #padding-block-69dd1a7bbb53d.tablet-padding-right { padding-right: 0px; }} @media only screen and (max-width: 991px) {  #padding-block-69dd1a7bbb53d.tablet-padding-left { padding-left: 0px; }} @media only screen and (max-width: 575px) {  #padding-block-69dd1a7bbb53d.mobile-padding-right { padding-right: 0px; }} @media only screen and (max-width: 575px) {  #padding-block-69dd1a7bbb53d.mobile-padding-left { padding-left: 0px; }}  #image-block-69dd1a7bbb53e.desktop-image-hide-desktop { display:block; } @media only screen and (max-width: 991px) {  #image-block-69dd1a7bbb53e.tablet-image-hide-tablet { display:block; } } @media only screen and (max-width: 575px) {  #image-block-69dd1a7bbb53e.mobile-image-hide-mobile { display:block; } } <\/style>\n            <\/div>\n        <\/section>\n\n\n        <style>\n             .showcase-section-block-69dd1a7bbb69f {\n                background-image: url(https:\/\/www.elanders.com\/swe\/wp-content\/uploads\/2026\/02\/SE-ABOUT-START-25.webp);\n                background-attachment: fixed;\n                background-size: cover;  \n                background-repeat: no-repeat; \n                background-position: center center;\n                overflow: hidden;\n                color:  var(--elarb-white);\n            }\n\n            @media (max-width: 1024px) {\n                 .showcase-section-block-69dd1a7bbb69f {\n                    background-attachment: scroll;\n                }\n            }\n        <\/style><section class=\"showcase-section-block showcase-section-block-69dd1a7bbb69f\">   \n        <div class=\"container showcase-section-container showcase-section-banner\">\n                <div class=\"showcase-section d-flex flex-column align-items-left justify-content-evenly text-left\">\n            <div class=\"showcase-content\">\n                <h2 class=\"showcase-title\">About us<\/h2>\n                <p class=\"showcase-description\"><\/p>\n                <hr class=\"horizontal-line\">\n                  <div class=\"showcase-section-button\">\n                    \n                  <\/div>\n            <\/div>\n        <\/div>\n        <\/div>\n    <\/section>\n\n<section id=\"\" class=\"text-block  space-bottom-yes space-top-yes text-block-id-69dd1a7bbb75e bg-color-white text-color-black\">                \n                    <div class=\"container\">  \n                                              \n                            \n                                               \n                        <div class=\"row text\">\n                        <div class=\"col\">\n                            <div class=\"textBlock-text text-block-html  \">\n                                <p class=\"wp-block-wt-text-block\">Elanders Sweden specializes in Supply Chain Solutions and Print Solutions. With our 150 employees located in two different locations: 3PL-Hub and head office in Bor\u00e5s as well as digital manufacturing plant in V\u00e4llingby. Together we deliver solutions covering complete, or parts, of your supply chain, depending on your requirements. Our services include; retail, warehousing, configuration, fulfillment, kitting,print production, distribution, payment solutions and after-sales services.<\/p>\n\n                            <\/div>\n                        <\/div>                                        \n                    <\/div>                                              \n                    <\/div>                                \n            <\/section>\n\n<section class=\"cta-block\">  \n              <div class=\"container\">              \n                <div class=\"row\">\n                    <div class=\"col-lg-4 col-md-6 mb-3\">\n                      <a target=\"_self\" class=\"btn-full btn-full-blue\" href=\"\/swe\/en\/about\/\" class=\"button\">Read more about Elanders Sweden<\/a>\n                    <\/div>\n                <\/div>                                                                \n              <\/div>\n            <\/section>\n\n\n<div style=\"height:50px\" aria-hidden=\"true\" class=\"wp-block-spacer\"><\/div>\n\n\n\n        <style>\n             .showcase-section-block-69dd1a7bbbdb7 {\n                background-image: url(https:\/\/www.elanders.com\/swe\/wp-content\/uploads\/2026\/02\/SE-SC-25.webp);\n                background-attachment: fixed;\n                background-size: cover;  \n                background-repeat: no-repeat; \n                background-position: center center;\n                overflow: hidden;\n                color:  var(--elarb-white);\n            }\n\n            @media (max-width: 1024px) {\n                 .showcase-section-block-69dd1a7bbbdb7 {\n                    background-attachment: scroll;\n                }\n            }\n        <\/style><section class=\"showcase-section-block showcase-section-block-69dd1a7bbbdb7\">   \n        <div class=\"container showcase-section-container showcase-section-banner\">\n                <div class=\"showcase-section d-flex flex-column align-items-left justify-content-evenly text-left\">\n            <div class=\"showcase-content\">\n                <h2 class=\"showcase-title\">Supply Chain Solutions<\/h2>\n                <p class=\"showcase-description\"><\/p>\n                <hr class=\"horizontal-line\">\n                  <div class=\"showcase-section-button\">\n                    \n                  <\/div>\n            <\/div>\n        <\/div>\n        <\/div>\n    <\/section>\n\n<section id=\"\" class=\"text-block  space-bottom-yes space-top-yes text-block-id-69dd1a7bbbe4e bg-color-white text-color-black\">                \n                    <div class=\"container\">  \n                                              \n                            \n                                               \n                        <div class=\"row text\">\n                        <div class=\"col\">\n                            <div class=\"textBlock-text text-block-html  \">\n                                <p class=\"wp-block-wt-text-block\">With our supply chain-solutions, we connect the world with our customers. We offer integrated and custom-fitted solutions for retail, warehousing, configuration, production, and distribution. Besides, we can handle order solutions, payment flows, and after-sales services on our customers\u2019 behalf. Down the road, we take full responsibility for all types of supply commitment, everything from simple transportation to complex supply chains all across the world.<\/p>\n\n                            <\/div>\n                        <\/div>                                        \n                    <\/div>                                              \n                    <\/div>                                \n            <\/section>\n\n<section class=\"cta-block\">  \n              <div class=\"container\">              \n                <div class=\"row\">\n                    <div class=\"col-lg-4 col-md-6 mb-3\">\n                      <a target=\"_self\" class=\"btn-full btn-full-blue\" href=\"\/swe\/en\/supply-chain-solutions\/\" class=\"button\">Read more about Supply Chain Solutions<\/a>\n                    <\/div>\n                <\/div>                                                                \n              <\/div>\n            <\/section>\n\n\n<div style=\"height:50px\" aria-hidden=\"true\" class=\"wp-block-spacer\"><\/div>\n\n\n\n        <style>\n             .showcase-section-block-69dd1a7bbbffe {\n                background-image: url(https:\/\/www.elanders.com\/swe\/wp-content\/uploads\/2026\/02\/SE-PS-25.webp);\n                background-attachment: fixed;\n                background-size: cover;  \n                background-repeat: no-repeat; \n                background-position: center center;\n                overflow: hidden;\n                color:  var(--elarb-white);\n            }\n\n            @media (max-width: 1024px) {\n                 .showcase-section-block-69dd1a7bbbffe {\n                    background-attachment: scroll;\n                }\n            }\n        <\/style><section class=\"showcase-section-block showcase-section-block-69dd1a7bbbffe\">   \n        <div class=\"container showcase-section-container showcase-section-banner\">\n                <div class=\"showcase-section d-flex flex-column align-items-left justify-content-evenly text-left\">\n            <div class=\"showcase-content\">\n                <h2 class=\"showcase-title\">Print <nobr>Solutions<\/nobr><\/h2>\n                <p class=\"showcase-description\"><\/p>\n                <hr class=\"horizontal-line\">\n                  <div class=\"showcase-section-button\">\n                    \n                  <\/div>\n            <\/div>\n        <\/div>\n        <\/div>\n    <\/section>\n\n<section id=\"\" class=\"text-block  space-bottom-yes space-top-yes text-block-id-69dd1a7bbc07f bg-color-white text-color-black\">                \n                    <div class=\"container\">  \n                                              \n                            \n                                               \n                        <div class=\"row text\">\n                        <div class=\"col\">\n                            <div class=\"textBlock-text text-block-html  \">\n                                <p class=\"wp-block-wt-text-block\">Printing is part of our DNA, with our printing factories and certificated partners, we can produce first-class printing worldwide. As a customer, we will assist you to increase optimization and efficiency in each production, including faster lead-times, decreasing the environmental effect, and a more competitive pricing.<\/p>\n\n                            <\/div>\n                        <\/div>                                        \n                    <\/div>                                              \n                    <\/div>                                \n            <\/section>\n\n<section class=\"cta-block\">  \n              <div class=\"container\">              \n                <div class=\"row\">\n                    <div class=\"col-lg-4 col-md-6 mb-3\">\n                      <a target=\"_self\" class=\"btn-full btn-full-blue\" href=\"\/swe\/en\/print-solutions\/\" class=\"button\">Read more about Print Solutions<\/a>\n                    <\/div>\n                <\/div>                                                                \n              <\/div>\n            <\/section>\n\n\n<div style=\"height:50px\" aria-hidden=\"true\" class=\"wp-block-spacer\"><\/div>\n","protected":false},"excerpt":{"rendered":"","protected":false},"author":2,"featured_media":0,"parent":0,"menu_order":0,"comment_status":"closed","ping_status":"closed","template":"","meta":{"footnotes":""},"class_list":["post-1649","page","type-page","status-publish","hentry"],"yoast_head":"<!-- This site is optimized with the Yoast SEO plugin v27.1.1 - https:\/\/yoast.com\/product\/yoast-seo-wordpress\/ -->\n<title>V\u00e4lkommen - Elanders Sweden<\/title>\n<meta name=\"description\" content=\"Elanders Sverige \u00e4r en helhetsleverant\u00f6r inom logistik-, tryck- och f\u00f6rpackningsl\u00f6sningar. Vi levererar det du lovar.\" \/>\n<meta name=\"robots\" content=\"index, follow, max-snippet:-1, max-image-preview:large, max-video-preview:-1\" \/>\n<link rel=\"canonical\" href=\"https:\/\/www.elanders.com\/swe\/en\/\" \/>\n<meta property=\"og:locale\" content=\"en_US\" \/>\n<meta property=\"og:type\" content=\"article\" \/>\n<meta property=\"og:title\" content=\"V\u00e4lkommen - Elanders Sweden\" \/>\n<meta property=\"og:description\" content=\"Elanders Sverige \u00e4r en helhetsleverant\u00f6r inom logistik-, tryck- och f\u00f6rpackningsl\u00f6sningar. Vi levererar det du lovar.\" \/>\n<meta property=\"og:url\" content=\"https:\/\/www.elanders.com\/swe\/en\/\" \/>\n<meta property=\"og:site_name\" content=\"Elanders Sweden\" \/>\n<meta property=\"article:modified_time\" content=\"2026-02-17T08:32:10+00:00\" \/>\n<meta name=\"twitter:card\" content=\"summary_large_image\" \/>\n<meta name=\"twitter:label1\" content=\"Est. reading time\" \/>\n\t<meta name=\"twitter:data1\" content=\"1 minute\" \/>\n<script type=\"application\/ld+json\" class=\"yoast-schema-graph\">{\"@context\":\"https:\/\/schema.org\",\"@graph\":[{\"@type\":\"WebPage\",\"@id\":\"https:\/\/www.elanders.com\/swe\/en\/\",\"url\":\"https:\/\/www.elanders.com\/swe\/en\/\",\"name\":\"V\u00e4lkommen - Elanders Sweden\",\"isPartOf\":{\"@id\":\"https:\/\/www.elanders.com\/swe\/en\/#website\"},\"datePublished\":\"2025-04-27T16:27:33+00:00\",\"dateModified\":\"2026-02-17T08:32:10+00:00\",\"description\":\"Elanders Sverige \u00e4r en helhetsleverant\u00f6r inom logistik-, tryck- och f\u00f6rpackningsl\u00f6sningar. Vi levererar det du lovar.\",\"breadcrumb\":{\"@id\":\"https:\/\/www.elanders.com\/swe\/en\/#breadcrumb\"},\"inLanguage\":\"en-US\",\"potentialAction\":[{\"@type\":\"ReadAction\",\"target\":[\"https:\/\/www.elanders.com\/swe\/en\/\"]}]},{\"@type\":\"BreadcrumbList\",\"@id\":\"https:\/\/www.elanders.com\/swe\/en\/#breadcrumb\",\"itemListElement\":[{\"@type\":\"ListItem\",\"position\":1,\"name\":\"Home\",\"item\":\"https:\/\/www.elanders.com\/swe\/en\/\"},{\"@type\":\"ListItem\",\"position\":2,\"name\":\"V\u00e4lkommen\",\"item\":\"https:\/\/www.elanders.com\/swe\/en\/\"}]},{\"@type\":\"WebSite\",\"@id\":\"https:\/\/www.elanders.com\/swe\/en\/#website\",\"url\":\"https:\/\/www.elanders.com\/swe\/en\/\",\"name\":\"Elanders Sweden\",\"description\":\"\",\"publisher\":{\"@id\":\"https:\/\/www.elanders.com\/swe\/en\/#organization\"},\"potentialAction\":[{\"@type\":\"SearchAction\",\"target\":{\"@type\":\"EntryPoint\",\"urlTemplate\":\"https:\/\/www.elanders.com\/swe\/en\/?s={search_term_string}\"},\"query-input\":{\"@type\":\"PropertyValueSpecification\",\"valueRequired\":true,\"valueName\":\"search_term_string\"}}],\"inLanguage\":\"en-US\"},{\"@type\":\"Organization\",\"@id\":\"https:\/\/www.elanders.com\/swe\/en\/#organization\",\"name\":\"Elanders Sweden\",\"url\":\"https:\/\/www.elanders.com\/swe\/en\/\",\"logo\":{\"@type\":\"ImageObject\",\"inLanguage\":\"en-US\",\"@id\":\"https:\/\/www.elanders.com\/swe\/en\/#\/schema\/logo\/image\/\",\"url\":\"https:\/\/www.elanders.com\/swe\/wp-content\/uploads\/2025\/10\/elanders_sweden_rgb_member_web-3.svg\",\"contentUrl\":\"https:\/\/www.elanders.com\/swe\/wp-content\/uploads\/2025\/10\/elanders_sweden_rgb_member_web-3.svg\",\"width\":1,\"height\":1,\"caption\":\"Elanders Sweden\"},\"image\":{\"@id\":\"https:\/\/www.elanders.com\/swe\/en\/#\/schema\/logo\/image\/\"}}]}<\/script>\n<!-- \/ Yoast SEO plugin. -->","yoast_head_json":{"title":"V\u00e4lkommen - Elanders Sweden","description":"Elanders Sverige \u00e4r en helhetsleverant\u00f6r inom logistik-, tryck- och f\u00f6rpackningsl\u00f6sningar. Vi levererar det du lovar.","robots":{"index":"index","follow":"follow","max-snippet":"max-snippet:-1","max-image-preview":"max-image-preview:large","max-video-preview":"max-video-preview:-1"},"canonical":"https:\/\/www.elanders.com\/swe\/en\/","og_locale":"en_US","og_type":"article","og_title":"V\u00e4lkommen - Elanders Sweden","og_description":"Elanders Sverige \u00e4r en helhetsleverant\u00f6r inom logistik-, tryck- och f\u00f6rpackningsl\u00f6sningar. Vi levererar det du lovar.","og_url":"https:\/\/www.elanders.com\/swe\/en\/","og_site_name":"Elanders Sweden","article_modified_time":"2026-02-17T08:32:10+00:00","twitter_card":"summary_large_image","twitter_misc":{"Est. reading time":"1 minute"},"schema":{"@context":"https:\/\/schema.org","@graph":[{"@type":"WebPage","@id":"https:\/\/www.elanders.com\/swe\/en\/","url":"https:\/\/www.elanders.com\/swe\/en\/","name":"V\u00e4lkommen - Elanders Sweden","isPartOf":{"@id":"https:\/\/www.elanders.com\/swe\/en\/#website"},"datePublished":"2025-04-27T16:27:33+00:00","dateModified":"2026-02-17T08:32:10+00:00","description":"Elanders Sverige \u00e4r en helhetsleverant\u00f6r inom logistik-, tryck- och f\u00f6rpackningsl\u00f6sningar. Vi levererar det du lovar.","breadcrumb":{"@id":"https:\/\/www.elanders.com\/swe\/en\/#breadcrumb"},"inLanguage":"en-US","potentialAction":[{"@type":"ReadAction","target":["https:\/\/www.elanders.com\/swe\/en\/"]}]},{"@type":"BreadcrumbList","@id":"https:\/\/www.elanders.com\/swe\/en\/#breadcrumb","itemListElement":[{"@type":"ListItem","position":1,"name":"Home","item":"https:\/\/www.elanders.com\/swe\/en\/"},{"@type":"ListItem","position":2,"name":"V\u00e4lkommen","item":"https:\/\/www.elanders.com\/swe\/en\/"}]},{"@type":"WebSite","@id":"https:\/\/www.elanders.com\/swe\/en\/#website","url":"https:\/\/www.elanders.com\/swe\/en\/","name":"Elanders Sweden","description":"","publisher":{"@id":"https:\/\/www.elanders.com\/swe\/en\/#organization"},"potentialAction":[{"@type":"SearchAction","target":{"@type":"EntryPoint","urlTemplate":"https:\/\/www.elanders.com\/swe\/en\/?s={search_term_string}"},"query-input":{"@type":"PropertyValueSpecification","valueRequired":true,"valueName":"search_term_string"}}],"inLanguage":"en-US"},{"@type":"Organization","@id":"https:\/\/www.elanders.com\/swe\/en\/#organization","name":"Elanders Sweden","url":"https:\/\/www.elanders.com\/swe\/en\/","logo":{"@type":"ImageObject","inLanguage":"en-US","@id":"https:\/\/www.elanders.com\/swe\/en\/#\/schema\/logo\/image\/","url":"https:\/\/www.elanders.com\/swe\/wp-content\/uploads\/2025\/10\/elanders_sweden_rgb_member_web-3.svg","contentUrl":"https:\/\/www.elanders.com\/swe\/wp-content\/uploads\/2025\/10\/elanders_sweden_rgb_member_web-3.svg","width":1,"height":1,"caption":"Elanders Sweden"},"image":{"@id":"https:\/\/www.elanders.com\/swe\/en\/#\/schema\/logo\/image\/"}}]}},"_links":{"self":[{"href":"https:\/\/www.elanders.com\/swe\/en\/wp-json\/wp\/v2\/pages\/1649","targetHints":{"allow":["GET"]}}],"collection":[{"href":"https:\/\/www.elanders.com\/swe\/en\/wp-json\/wp\/v2\/pages"}],"about":[{"href":"https:\/\/www.elanders.com\/swe\/en\/wp-json\/wp\/v2\/types\/page"}],"author":[{"embeddable":true,"href":"https:\/\/www.elanders.com\/swe\/en\/wp-json\/wp\/v2\/users\/2"}],"replies":[{"embeddable":true,"href":"https:\/\/www.elanders.com\/swe\/en\/wp-json\/wp\/v2\/comments?post=1649"}],"version-history":[{"count":7,"href":"https:\/\/www.elanders.com\/swe\/en\/wp-json\/wp\/v2\/pages\/1649\/revisions"}],"predecessor-version":[{"id":2550,"href":"https:\/\/www.elanders.com\/swe\/en\/wp-json\/wp\/v2\/pages\/1649\/revisions\/2550"}],"wp:attachment":[{"href":"https:\/\/www.elanders.com\/swe\/en\/wp-json\/wp\/v2\/media?parent=1649"}],"curies":[{"name":"wp","href":"https:\/\/api.w.org\/{rel}","templated":true}]}}