{"id":108,"date":"2025-05-05T12:34:46","date_gmt":"2025-05-05T12:34:46","guid":{"rendered":"https:\/\/www.elanders.com\/swe\/?page_id=108"},"modified":"2026-03-09T15:52:00","modified_gmt":"2026-03-09T14:52:00","slug":"kontakt","status":"publish","type":"page","link":"https:\/\/www.elanders.com\/swe\/kontakt\/","title":{"rendered":"Kontakt"},"content":{"rendered":"\n            <style>\n                 .hero-section-block-69d228235b303 {\n                    background-image: url(https:\/\/www.elanders.com\/swe\/wp-content\/uploads\/2026\/02\/SE-CONTACT-BLUE-2-25.webp);\n                    background-attachment: fixed;\n                    background-size: cover;  \n                    background-repeat: no-repeat; \n                    background-position: center center;\n                    overflow: hidden;\n                    color:  var(--elarb-white);\n                }\n        \n                @media (max-width: 1024px) {\n                     .hero-section-block-69d228235b303 {\n                        background-attachment: scroll;\n                    }\n                }\n        <\/style><section class=\"hero-section-block hero-section-block-69d228235b303\">   \n            <div class=\"container hero-section-container hero-section-2\">\n                    <div class=\"hero-section d-flex flex-column align-items-center justify-content-evenly text-left\">\n                    <div class=\"hero-left\">\n                        <h1 class=\"hero-title\">Kontakta Elanders Sverige<\/h1>\n                        <p id=\"padding-block-69d228235b309\" class=\"hero-description desktop-padding-right desktop-padding-left tablet-padding-right tablet-padding-left mobile-padding-right mobile-padding-left \">F\u00f6r att kontakta Elanders Sverige och f\u00e5 reda p\u00e5 mer om vad vi kan g\u00f6ra f\u00f6r dig, anv\u00e4nd kontaktformul\u00e4ret p\u00e5 denna sida, ring, maila eller bes\u00f6k oss.<\/p>\n                        \n                    <\/div>\n                    \n                <\/div><style> #padding-block-69d228235b309.desktop-padding-right { padding-right: 0px; } #padding-block-69d228235b309.desktop-padding-left { padding-left: 0px; }@media only screen and (max-width: 991px) {  #padding-block-69d228235b309.tablet-padding-right { padding-right: 0px; }} @media only screen and (max-width: 991px) {  #padding-block-69d228235b309.tablet-padding-left { padding-left: 0px; }} @media only screen and (max-width: 575px) {  #padding-block-69d228235b309.mobile-padding-right { padding-right: 0px; }} @media only screen and (max-width: 575px) {  #padding-block-69d228235b309.mobile-padding-left { padding-left: 0px; }}  #image-block-69d228235b30a.desktop-image-hide-desktop { display:block; } @media only screen and (max-width: 991px) {  #image-block-69d228235b30a.tablet-image-hide-tablet { display:block; } } @media only screen and (max-width: 575px) {  #image-block-69d228235b30a.mobile-image-hide-mobile { display:block; } } <\/style>\n            <\/div>\n        <\/section>\n\n<section id=\"\" class=\"text-block  space-bottom-no space-top-yes text-block-id-69d228235b4d6 bg-color-white text-color-black\">                \n                    <div class=\"container\">  \n                                              \n                        <div class=\"row\">                                        \n                        <div class=\"col\">\n                            <h3 class=\"textBlock-headline left \">Viared<\/h3>\n                             <hr class='horizontal-line' \/>\n                        <\/div>       \n                                                          \n                    <\/div>    \n                                               \n                        <div class=\"row text\">\n                        <div class=\"col\">\n                            <div class=\"textBlock-text text-block-html  \">\n                                <p class=\"wp-block-wt-text-block\">Box 22035, 501 14 Bor\u00e5s<br \/>Bes\u00f6ksadress: Viaredsv\u00e4gen 14, 504 64 Bor\u00e5s<br \/>Kontorstider: M\u00e5ndag-Fredag 08:00-16:30<br \/>Telefon: 031-750 00 00<br \/>E-post: <a href=\"mailto:info.sweden@elanders.com\">info.sweden@elanders.com<\/a><br \/>Org. nr: 556262-1689<br \/>VAT no: SE 556262168901<\/p>\n\n                            <\/div>\n                        <\/div>                                        \n                    <\/div>                                              \n                    <\/div>                                \n            <\/section>\n\n<iframe loading=\"lazy\"  allowtransparency=\"true\" width=\"100%\" height=\"530\" class=\"\" id=\"ExternalWebContentExternalIFrame\" frameborder=\"0\" height=\"1000\" width=\"100%\" scrolling=\"no\" src=\"\/wp-content\/themes\/elanders-sweden\/template-parts\/dv-box\/wt-cookie-box\/gmaps-se.html\" style=\"overflow: hidden;\" title=\"locations on google-map\"><\/iframe>\n\n<section id=\"\" class=\"text-block  space-bottom-no space-top-yes text-block-id-69d228235b9ac bg-color-white text-color-black\">                \n                    <div class=\"container\">  \n                                              \n                        <div class=\"row\">                                        \n                        <div class=\"col\">\n                            <h3 class=\"textBlock-headline left \">V\u00e4llingby<\/h3>\n                             <hr class='horizontal-line' \/>\n                        <\/div>       \n                                                          \n                    <\/div>    \n                                               \n                        <div class=\"row text\">\n                        <div class=\"col\">\n                            <div class=\"textBlock-text text-block-html  \">\n                                <p class=\"wp-block-wt-text-block\">Box 518, 162 15 V\u00e4llingby<br \/>Bes\u00f6ksadress: Sorterargatan 23, 162 50 V\u00e4llingby<br \/>Leveransadress: Krossgatan 18 Lastkaj B, 162 50 V\u00e4llingby<br \/>Kontorstider: M\u00e5ndag-Fredag 08:00-16:30<br \/>Telefon: 031-750 00 00<br \/>E-post: <a href=\"mailto:info.sweden@elanders.com\">info.sweden@elanders.com<\/a><br \/>Org. nr: 556262-1689<br \/>VAT no: SE 556262168901<\/p>\n\n                            <\/div>\n                        <\/div>                                        \n                    <\/div>                                              \n                    <\/div>                                \n            <\/section>\n\n<iframe loading=\"lazy\"  allowtransparency=\"true\" width=\"100%\" height=\"530\" class=\"\" id=\"ExternalWebContentExternalIFrame\" frameborder=\"0\" height=\"1000\" width=\"100%\" scrolling=\"no\" src=\"\/wp-content\/themes\/elanders-sweden\/template-parts\/dv-box\/wt-cookie-box\/gmaps-se.html\" style=\"overflow: hidden;\" title=\"locations on google-map\"><\/iframe>\n\n<section id=\"\" class=\"text-block  space-bottom-no space-top-yes text-block-id-69d228235bb7d bg-color-white text-color-black\">                \n                    <div class=\"container\">  \n                                              \n                        <div class=\"row\">                                        \n                        <div class=\"col\">\n                            <h3 class=\"textBlock-headline left \">Kontakta oss<\/h3>\n                             <hr class='horizontal-line' \/>\n                        <\/div>       \n                                                          \n                    <\/div>    \n                                               \n                        <div class=\"row text\">\n                        <div class=\"col\">\n                            <div class=\"textBlock-text text-block-html  \">\n                                <p class=\"wp-block-wt-text-block\">\n\n                            <\/div>\n                        <\/div>                                        \n                    <\/div>                                              \n                    <\/div>                                \n            <\/section>\n\n\n<div class=\"wp-block-contact-form-7-contact-form-selector container contact-form-section\">\n<div class=\"wpcf7 no-js\" id=\"wpcf7-f60-o1\" lang=\"sv-SE\" dir=\"ltr\" data-wpcf7-id=\"60\">\n<div class=\"screen-reader-response\"><p role=\"status\" aria-live=\"polite\" aria-atomic=\"true\"><\/p> <ul><\/ul><\/div>\n<form action=\"\/swe\/wp-json\/wp\/v2\/pages\/108#wpcf7-f60-o1\" method=\"post\" class=\"wpcf7-form init\" aria-label=\"Kontaktformul\u00e4r\" novalidate=\"novalidate\" data-status=\"init\">\n<fieldset class=\"hidden-fields-container\"><input type=\"hidden\" name=\"_wpcf7\" value=\"60\" \/><input type=\"hidden\" name=\"_wpcf7_version\" value=\"6.1.5\" \/><input type=\"hidden\" name=\"_wpcf7_locale\" value=\"sv_SE\" \/><input type=\"hidden\" name=\"_wpcf7_unit_tag\" value=\"wpcf7-f60-o1\" \/><input type=\"hidden\" name=\"_wpcf7_container_post\" value=\"0\" \/><input type=\"hidden\" name=\"_wpcf7_posted_data_hash\" value=\"\" \/><input type=\"hidden\" name=\"_wpcf7_recaptcha_response\" value=\"\" \/>\n<\/fieldset>\n<div class=\"contact-form-elanders\">\n\t<p><label>Namn (obligatoriskt) <span class=\"wpcf7-form-control-wrap\" data-name=\"your-name\"><input size=\"40\" maxlength=\"400\" class=\"wpcf7-form-control wpcf7-text wpcf7-validates-as-required\" aria-required=\"true\" aria-invalid=\"false\" value=\"\" type=\"text\" name=\"your-name\" \/><\/span><\/label>\n\t<\/p>\n\t<p><label>E-post (obligatoriskt) <span class=\"wpcf7-form-control-wrap\" data-name=\"email\"><input size=\"40\" maxlength=\"400\" class=\"wpcf7-form-control wpcf7-email wpcf7-validates-as-required wpcf7-text wpcf7-validates-as-email\" aria-required=\"true\" aria-invalid=\"false\" value=\"\" type=\"email\" name=\"email\" \/><\/span><\/label>\n\t<\/p>\n\t<p><label>Telefonnummer <span class=\"wpcf7-form-control-wrap\" data-name=\"tel-820\"><input size=\"40\" maxlength=\"400\" class=\"wpcf7-form-control wpcf7-tel wpcf7-text wpcf7-validates-as-tel\" aria-invalid=\"false\" value=\"\" type=\"tel\" name=\"tel-820\" \/><\/span><\/label>\n\t<\/p>\n\t<p><label>Ditt meddelande<br \/>\n<span class=\"wpcf7-form-control-wrap\" data-name=\"textarea-457\"><textarea cols=\"40\" rows=\"10\" maxlength=\"2000\" class=\"wpcf7-form-control wpcf7-textarea\" aria-invalid=\"false\" name=\"textarea-457\"><\/textarea><\/span><\/label>\n\t<\/p>\n\t<p>Jag har l\u00e4st Elanders Sveriges <span><a href=\"\/integritetspolicy\/\" target=\"_blank\">Integritetspolicy<\/a><\/span>. N\u00e4r du kontaktar oss via telefon, e-post eller genom att anv\u00e4nda n\u00e5got av v\u00e5ra webbformul\u00e4r kommer vi att spara den information du kommunicerar f\u00f6r att ha m\u00f6jlighet att hantera din f\u00f6rfr\u00e5gan. Det kan handla om ditt namn, e-postadress, telefonnummer och andra personuppgifter som du frivilligt delger oss. Vi kommer att spara och behandla denna information s\u00e5 l\u00e4nge vi anser det n\u00f6dv\u00e4ndigt i syfte att besvara din f\u00f6rfr\u00e5gan och d\u00e4refter radera den n\u00e4r den inte l\u00e4ngre beh\u00f6vs eller m\u00e5ste sparas enligt lag.\n\t<\/p>\n\t<p style=\"margin-bottom:15px;\">\n\t<\/p>\n\t<p><label><span class=\"wpcf7-form-control-wrap\" data-name=\"checkbox-accept\"><span class=\"wpcf7-form-control wpcf7-checkbox wpcf7-validates-as-required\"><span class=\"wpcf7-list-item first last\"><input type=\"checkbox\" name=\"checkbox-accept[]\" value=\"Jag accepterar\" \/><span class=\"wpcf7-list-item-label\">Jag accepterar<\/span><\/span><\/span><\/span><\/label>\n\t<\/p>\n\t<p style=\"margin-bottom:20px;\">\n\t<span class=\"wpcf7-form-control-wrap recaptcha\" data-name=\"recaptcha\"><span data-sitekey=\"6LdqC_orAAAAANgsBanG1dq40zeKZv1ymwL9Xt8n\" class=\"wpcf7-form-control wpcf7-recaptcha g-recaptcha\"><\/span>\r\n<noscript>\r\n\t<div class=\"grecaptcha-noscript\">\r\n\t\t<iframe loading=\"lazy\" src=\"https:\/\/www.google.com\/recaptcha\/api\/fallback?k=6LdqC_orAAAAANgsBanG1dq40zeKZv1ymwL9Xt8n\" frameborder=\"0\" scrolling=\"no\" width=\"310\" height=\"430\">\r\n\t\t<\/iframe>\r\n\t\t<textarea name=\"g-recaptcha-response\" rows=\"3\" cols=\"40\" placeholder=\"reCaptcha-svar h\u00e4r\">\r\n\t\t<\/textarea>\r\n\t<\/div>\r\n<\/noscript>\r\n<\/span>\n\t<\/p>\n\t<p><input class=\"wpcf7-form-control wpcf7-submit has-spinner\" type=\"submit\" value=\"S\u00e4nd\" \/>\n\t<\/p>\n<\/div><div class=\"wpcf7-response-output\" aria-hidden=\"true\"><\/div>\n<\/form>\n<\/div>\n<\/div>\n\n\n\n<div style=\"height:100px\" aria-hidden=\"true\" class=\"wp-block-spacer\"><\/div>\n","protected":false},"excerpt":{"rendered":"","protected":false},"author":3,"featured_media":0,"parent":0,"menu_order":0,"comment_status":"closed","ping_status":"closed","template":"","meta":{"footnotes":""},"class_list":["post-108","page","type-page","status-publish","hentry"],"yoast_head":"<!-- This site is optimized with the Yoast SEO plugin v27.1.1 - https:\/\/yoast.com\/product\/yoast-seo-wordpress\/ -->\n<title>Kontakt - Elanders Sweden<\/title>\n<meta name=\"description\" content=\"Kontakta Elanders Sverige via v\u00e5rt formul\u00e4r, telefon eller e-post. Hitta v\u00e5ra kontor i Bor\u00e5s och V\u00e4llingby och f\u00e5 snabb support och information om v\u00e5ra tj\u00e4nster.\" \/>\n<meta name=\"robots\" content=\"index, follow, max-snippet:-1, max-image-preview:large, max-video-preview:-1\" \/>\n<link rel=\"canonical\" href=\"https:\/\/www.elanders.com\/swe\/kontakt\/\" \/>\n<meta property=\"og:locale\" content=\"sv_SE\" \/>\n<meta property=\"og:type\" content=\"article\" \/>\n<meta property=\"og:title\" content=\"Kontakt - Elanders Sweden\" \/>\n<meta property=\"og:description\" content=\"Kontakta Elanders Sverige via v\u00e5rt formul\u00e4r, telefon eller e-post. Hitta v\u00e5ra kontor i Bor\u00e5s och V\u00e4llingby och f\u00e5 snabb support och information om v\u00e5ra tj\u00e4nster.\" \/>\n<meta property=\"og:url\" content=\"https:\/\/www.elanders.com\/swe\/kontakt\/\" \/>\n<meta property=\"og:site_name\" content=\"Elanders Sweden\" \/>\n<meta property=\"article:modified_time\" content=\"2026-03-09T14:52:00+00:00\" \/>\n<meta name=\"twitter:card\" content=\"summary_large_image\" \/>\n<meta name=\"twitter:label1\" content=\"Ber\u00e4knad l\u00e4stid\" \/>\n\t<meta name=\"twitter:data1\" content=\"1 minut\" \/>\n<script type=\"application\/ld+json\" class=\"yoast-schema-graph\">{\"@context\":\"https:\/\/schema.org\",\"@graph\":[{\"@type\":\"WebPage\",\"@id\":\"https:\/\/www.elanders.com\/swe\/kontakt\/\",\"url\":\"https:\/\/www.elanders.com\/swe\/kontakt\/\",\"name\":\"Kontakt - Elanders Sweden\",\"isPartOf\":{\"@id\":\"https:\/\/www.elanders.com\/swe\/#website\"},\"datePublished\":\"2025-05-05T12:34:46+00:00\",\"dateModified\":\"2026-03-09T14:52:00+00:00\",\"description\":\"Kontakta Elanders Sverige via v\u00e5rt formul\u00e4r, telefon eller e-post. Hitta v\u00e5ra kontor i Bor\u00e5s och V\u00e4llingby och f\u00e5 snabb support och information om v\u00e5ra tj\u00e4nster.\",\"breadcrumb\":{\"@id\":\"https:\/\/www.elanders.com\/swe\/kontakt\/#breadcrumb\"},\"inLanguage\":\"sv-SE\",\"potentialAction\":[{\"@type\":\"ReadAction\",\"target\":[\"https:\/\/www.elanders.com\/swe\/kontakt\/\"]}]},{\"@type\":\"BreadcrumbList\",\"@id\":\"https:\/\/www.elanders.com\/swe\/kontakt\/#breadcrumb\",\"itemListElement\":[{\"@type\":\"ListItem\",\"position\":1,\"name\":\"Home\",\"item\":\"https:\/\/www.elanders.com\/swe\/\"},{\"@type\":\"ListItem\",\"position\":2,\"name\":\"Kontakt\"}]},{\"@type\":\"WebSite\",\"@id\":\"https:\/\/www.elanders.com\/swe\/#website\",\"url\":\"https:\/\/www.elanders.com\/swe\/\",\"name\":\"Elanders Sweden\",\"description\":\"\",\"publisher\":{\"@id\":\"https:\/\/www.elanders.com\/swe\/#organization\"},\"potentialAction\":[{\"@type\":\"SearchAction\",\"target\":{\"@type\":\"EntryPoint\",\"urlTemplate\":\"https:\/\/www.elanders.com\/swe\/?s={search_term_string}\"},\"query-input\":{\"@type\":\"PropertyValueSpecification\",\"valueRequired\":true,\"valueName\":\"search_term_string\"}}],\"inLanguage\":\"sv-SE\"},{\"@type\":\"Organization\",\"@id\":\"https:\/\/www.elanders.com\/swe\/#organization\",\"name\":\"Elanders Sweden\",\"url\":\"https:\/\/www.elanders.com\/swe\/\",\"logo\":{\"@type\":\"ImageObject\",\"inLanguage\":\"sv-SE\",\"@id\":\"https:\/\/www.elanders.com\/swe\/#\/schema\/logo\/image\/\",\"url\":\"https:\/\/www.elanders.com\/swe\/wp-content\/uploads\/2025\/10\/elanders_sweden_rgb_member_web-3.svg\",\"contentUrl\":\"https:\/\/www.elanders.com\/swe\/wp-content\/uploads\/2025\/10\/elanders_sweden_rgb_member_web-3.svg\",\"width\":1,\"height\":1,\"caption\":\"Elanders Sweden\"},\"image\":{\"@id\":\"https:\/\/www.elanders.com\/swe\/#\/schema\/logo\/image\/\"}}]}<\/script>\n<!-- \/ Yoast SEO plugin. -->","yoast_head_json":{"title":"Kontakt - Elanders Sweden","description":"Kontakta Elanders Sverige via v\u00e5rt formul\u00e4r, telefon eller e-post. Hitta v\u00e5ra kontor i Bor\u00e5s och V\u00e4llingby och f\u00e5 snabb support och information om v\u00e5ra tj\u00e4nster.","robots":{"index":"index","follow":"follow","max-snippet":"max-snippet:-1","max-image-preview":"max-image-preview:large","max-video-preview":"max-video-preview:-1"},"canonical":"https:\/\/www.elanders.com\/swe\/kontakt\/","og_locale":"sv_SE","og_type":"article","og_title":"Kontakt - Elanders Sweden","og_description":"Kontakta Elanders Sverige via v\u00e5rt formul\u00e4r, telefon eller e-post. Hitta v\u00e5ra kontor i Bor\u00e5s och V\u00e4llingby och f\u00e5 snabb support och information om v\u00e5ra tj\u00e4nster.","og_url":"https:\/\/www.elanders.com\/swe\/kontakt\/","og_site_name":"Elanders Sweden","article_modified_time":"2026-03-09T14:52:00+00:00","twitter_card":"summary_large_image","twitter_misc":{"Ber\u00e4knad l\u00e4stid":"1 minut"},"schema":{"@context":"https:\/\/schema.org","@graph":[{"@type":"WebPage","@id":"https:\/\/www.elanders.com\/swe\/kontakt\/","url":"https:\/\/www.elanders.com\/swe\/kontakt\/","name":"Kontakt - Elanders Sweden","isPartOf":{"@id":"https:\/\/www.elanders.com\/swe\/#website"},"datePublished":"2025-05-05T12:34:46+00:00","dateModified":"2026-03-09T14:52:00+00:00","description":"Kontakta Elanders Sverige via v\u00e5rt formul\u00e4r, telefon eller e-post. Hitta v\u00e5ra kontor i Bor\u00e5s och V\u00e4llingby och f\u00e5 snabb support och information om v\u00e5ra tj\u00e4nster.","breadcrumb":{"@id":"https:\/\/www.elanders.com\/swe\/kontakt\/#breadcrumb"},"inLanguage":"sv-SE","potentialAction":[{"@type":"ReadAction","target":["https:\/\/www.elanders.com\/swe\/kontakt\/"]}]},{"@type":"BreadcrumbList","@id":"https:\/\/www.elanders.com\/swe\/kontakt\/#breadcrumb","itemListElement":[{"@type":"ListItem","position":1,"name":"Home","item":"https:\/\/www.elanders.com\/swe\/"},{"@type":"ListItem","position":2,"name":"Kontakt"}]},{"@type":"WebSite","@id":"https:\/\/www.elanders.com\/swe\/#website","url":"https:\/\/www.elanders.com\/swe\/","name":"Elanders Sweden","description":"","publisher":{"@id":"https:\/\/www.elanders.com\/swe\/#organization"},"potentialAction":[{"@type":"SearchAction","target":{"@type":"EntryPoint","urlTemplate":"https:\/\/www.elanders.com\/swe\/?s={search_term_string}"},"query-input":{"@type":"PropertyValueSpecification","valueRequired":true,"valueName":"search_term_string"}}],"inLanguage":"sv-SE"},{"@type":"Organization","@id":"https:\/\/www.elanders.com\/swe\/#organization","name":"Elanders Sweden","url":"https:\/\/www.elanders.com\/swe\/","logo":{"@type":"ImageObject","inLanguage":"sv-SE","@id":"https:\/\/www.elanders.com\/swe\/#\/schema\/logo\/image\/","url":"https:\/\/www.elanders.com\/swe\/wp-content\/uploads\/2025\/10\/elanders_sweden_rgb_member_web-3.svg","contentUrl":"https:\/\/www.elanders.com\/swe\/wp-content\/uploads\/2025\/10\/elanders_sweden_rgb_member_web-3.svg","width":1,"height":1,"caption":"Elanders Sweden"},"image":{"@id":"https:\/\/www.elanders.com\/swe\/#\/schema\/logo\/image\/"}}]}},"_links":{"self":[{"href":"https:\/\/www.elanders.com\/swe\/wp-json\/wp\/v2\/pages\/108","targetHints":{"allow":["GET"]}}],"collection":[{"href":"https:\/\/www.elanders.com\/swe\/wp-json\/wp\/v2\/pages"}],"about":[{"href":"https:\/\/www.elanders.com\/swe\/wp-json\/wp\/v2\/types\/page"}],"author":[{"embeddable":true,"href":"https:\/\/www.elanders.com\/swe\/wp-json\/wp\/v2\/users\/3"}],"replies":[{"embeddable":true,"href":"https:\/\/www.elanders.com\/swe\/wp-json\/wp\/v2\/comments?post=108"}],"version-history":[{"count":34,"href":"https:\/\/www.elanders.com\/swe\/wp-json\/wp\/v2\/pages\/108\/revisions"}],"predecessor-version":[{"id":2874,"href":"https:\/\/www.elanders.com\/swe\/wp-json\/wp\/v2\/pages\/108\/revisions\/2874"}],"wp:attachment":[{"href":"https:\/\/www.elanders.com\/swe\/wp-json\/wp\/v2\/media?parent=108"}],"curies":[{"name":"wp","href":"https:\/\/api.w.org\/{rel}","templated":true}]}}