{"id":17,"date":"2025-04-27T18:27:33","date_gmt":"2025-04-27T18:27:33","guid":{"rendered":"https:\/\/www.elanders.com\/swe\/?page_id=17"},"modified":"2026-02-17T09:30:56","modified_gmt":"2026-02-17T08:30:56","slug":"valkommen","status":"publish","type":"page","link":"https:\/\/www.elanders.com\/swe\/","title":{"rendered":"V\u00e4lkommen"},"content":{"rendered":"\n            <style>\n                 .hero-section-block-69e5f9a4a6a87 {\n                    background-image: url(https:\/\/www.elanders.com\/swe\/wp-content\/uploads\/2026\/02\/SE-SC-BLUE-25.webp);\n                    background-attachment: fixed;\n                    background-size: cover;  \n                    background-repeat: no-repeat; \n                    background-position: center center;\n                    overflow: hidden;\n                    color:  var(--elarb-white);\n                }\n        \n                @media (max-width: 1024px) {\n                     .hero-section-block-69e5f9a4a6a87 {\n                        background-attachment: scroll;\n                    }\n                }\n        <\/style><section class=\"hero-section-block hero-section-block-69e5f9a4a6a87\">   \n            <div class=\"container hero-section-container hero-section-2\">\n                    <div class=\"hero-section d-flex flex-column align-items-center justify-content-evenly text-left\">\n                    <div class=\"hero-left\">\n                        <h1 class=\"hero-title\">V\u00e4lkommen till Elanders Sverige AB<\/h1>\n                        <p id=\"padding-block-69e5f9a4a6a8a\" class=\"hero-description desktop-padding-right desktop-padding-left tablet-padding-right tablet-padding-left mobile-padding-right mobile-padding-left \">Elanders \u00e4r en strategisk partner som erbjuder helhetsl\u00f6sningar inom logistik, tryck och f\u00f6rpackningar. Tack vare en global n\u00e4rvaro och ett lika stort lokalt engagemang kan du lita p\u00e5 att vi levererar det du lovar. V\u00e4rlden \u00f6ver.<\/p>\n                           <div class=\"hero-section-button\">\n                                <a class=\"btn-full btn-full-blue\" href=\"\/swe\/kontakt\">\n                                    Kontakta oss!\n                                <\/a>\n                              <\/div>\n                    <\/div>\n                    \n                <\/div><style> #padding-block-69e5f9a4a6a8a.desktop-padding-right { padding-right: 0px; } #padding-block-69e5f9a4a6a8a.desktop-padding-left { padding-left: 0px; }@media only screen and (max-width: 991px) {  #padding-block-69e5f9a4a6a8a.tablet-padding-right { padding-right: 0px; }} @media only screen and (max-width: 991px) {  #padding-block-69e5f9a4a6a8a.tablet-padding-left { padding-left: 0px; }} @media only screen and (max-width: 575px) {  #padding-block-69e5f9a4a6a8a.mobile-padding-right { padding-right: 0px; }} @media only screen and (max-width: 575px) {  #padding-block-69e5f9a4a6a8a.mobile-padding-left { padding-left: 0px; }}  #image-block-69e5f9a4a6a8b.desktop-image-hide-desktop { display:block; } @media only screen and (max-width: 991px) {  #image-block-69e5f9a4a6a8b.tablet-image-hide-tablet { display:block; } } @media only screen and (max-width: 575px) {  #image-block-69e5f9a4a6a8b.mobile-image-hide-mobile { display:block; } } <\/style>\n            <\/div>\n        <\/section>\n\n\n        <style>\n             .showcase-section-block-69e5f9a4a6bb6 {\n                background-image: url(https:\/\/www.elanders.com\/swe\/wp-content\/uploads\/2026\/02\/SE-ABOUT-START-25.webp);\n                background-attachment: fixed;\n                background-size: cover;  \n                background-repeat: no-repeat; \n                background-position: center center;\n                overflow: hidden;\n                color:  var(--elarb-white);\n            }\n\n            @media (max-width: 1024px) {\n                 .showcase-section-block-69e5f9a4a6bb6 {\n                    background-attachment: scroll;\n                }\n            }\n        <\/style><section class=\"showcase-section-block showcase-section-block-69e5f9a4a6bb6\">   \n        <div class=\"container showcase-section-container showcase-section-banner\">\n                <div class=\"showcase-section d-flex flex-column align-items-left justify-content-evenly text-left\">\n            <div class=\"showcase-content\">\n                <h2 class=\"showcase-title\">Om Elanders Sverige AB<\/h2>\n                <p class=\"showcase-description\"><\/p>\n                <hr class=\"horizontal-line\">\n                  <div class=\"showcase-section-button\">\n                    \n                  <\/div>\n            <\/div>\n        <\/div>\n        <\/div>\n    <\/section>\n\n<section id=\"\" class=\"text-block  space-bottom-yes space-top-yes text-block-id-69e5f9a4a6c7a bg-color-white text-color-black\">                \n                    <div class=\"container\">  \n                                              \n                            \n                                               \n                        <div class=\"row text\">\n                        <div class=\"col\">\n                            <div class=\"textBlock-text text-block-html  \">\n                                <p class=\"wp-block-wt-text-block\">Elanders Sverige AB \u00e4r specialiserade p\u00e5 Supply Chain Solutions och Print Solutions. V\u00e5ra 150 medarbetare \u00e4r verksamma p\u00e5 tv\u00e5 orter i Sverige: 3PL-hubben och huvudkontoret i Bor\u00e5s samt v\u00e5r digitala produktionsanl\u00e4ggning i V\u00e4llingby. Tillsammans levererar vi l\u00f6sningar som t\u00e4cker hela eller delar av v\u00e5ra kunders f\u00f6rs\u00f6rjningskedja, beroende p\u00e5 behov. Fr\u00e5n ink\u00f6p, lager, konfiguration, fulfillment, kittning och trycksaksproduktion till distribution, betalningsl\u00f6sningar och eftermarknadstj\u00e4nster.<\/p>\n\n                            <\/div>\n                        <\/div>                                        \n                    <\/div>                                              \n                    <\/div>                                \n            <\/section>\n\n<section class=\"cta-block\">  \n              <div class=\"container\">              \n                <div class=\"row\">\n                    <div class=\"col-lg-4 col-md-6 mb-3\">\n                      <a target=\"_self\" class=\"btn-full btn-full-blue\" href=\"\/swe\/om-oss\/\" class=\"button\">L\u00e4s mer om Elanders Sverige AB<\/a>\n                    <\/div>\n                <\/div>                                                                \n              <\/div>\n            <\/section>\n\n\n<div style=\"height:50px\" aria-hidden=\"true\" class=\"wp-block-spacer\"><\/div>\n\n\n\n        <style>\n             .showcase-section-block-69e5f9a4a7182 {\n                background-image: url(https:\/\/www.elanders.com\/swe\/wp-content\/uploads\/2026\/02\/SE-SC-25.webp);\n                background-attachment: fixed;\n                background-size: cover;  \n                background-repeat: no-repeat; \n                background-position: center center;\n                overflow: hidden;\n                color:  var(--elarb-white);\n            }\n\n            @media (max-width: 1024px) {\n                 .showcase-section-block-69e5f9a4a7182 {\n                    background-attachment: scroll;\n                }\n            }\n        <\/style><section class=\"showcase-section-block showcase-section-block-69e5f9a4a7182\">   \n        <div class=\"container showcase-section-container showcase-section-banner\">\n                <div class=\"showcase-section d-flex flex-column align-items-left justify-content-evenly text-left\">\n            <div class=\"showcase-content\">\n                <h2 class=\"showcase-title\">Supply Chain Solutions<\/h2>\n                <p class=\"showcase-description\"><\/p>\n                <hr class=\"horizontal-line\">\n                  <div class=\"showcase-section-button\">\n                    \n                  <\/div>\n            <\/div>\n        <\/div>\n        <\/div>\n    <\/section>\n\n<section id=\"\" class=\"text-block  space-bottom-yes space-top-yes text-block-id-69e5f9a4a7205 bg-color-white text-color-black\">                \n                    <div class=\"container\">  \n                                              \n                            \n                                               \n                        <div class=\"row text\">\n                        <div class=\"col\">\n                            <div class=\"textBlock-text text-block-html  \">\n                                <p class=\"wp-block-wt-text-block\">Med v\u00e5ra&nbsp;supply-chain-l\u00f6sningar knyter vi samman v\u00e4rlden och v\u00e5ra kunders f\u00f6rs\u00f6rjningskedjor. Vi erbjuder integrerade och kundanpassade l\u00f6sningar f\u00f6r hantering av ink\u00f6p, lager, konfigurering, produktion och distribution. Dessutom kan vi ta hand om best\u00e4llningsl\u00f6sningar, betalningsfl\u00f6den och eftermarknadstj\u00e4nster f\u00f6r v\u00e5ra kunders r\u00e4kning. L\u00e4ngs v\u00e4gen tar vi ett helhetsansvar f\u00f6r alla typer av leverans\u00e5taganden, fr\u00e5n enklare direkttransporter till komplexa fl\u00f6den som str\u00e4cker sig \u00f6ver hela v\u00e4rlden.<\/p>\n\n                            <\/div>\n                        <\/div>                                        \n                    <\/div>                                              \n                    <\/div>                                \n            <\/section>\n\n<section class=\"cta-block\">  \n              <div class=\"container\">              \n                <div class=\"row\">\n                    <div class=\"col-lg-4 col-md-6 mb-3\">\n                      <a target=\"_self\" class=\"btn-full btn-full-blue\" href=\"\/swe\/supply-chain-solutions\/\" class=\"button\">L\u00e4s mer om Supply Chain Solutions<\/a>\n                    <\/div>\n                <\/div>                                                                \n              <\/div>\n            <\/section>\n\n\n<div style=\"height:50px\" aria-hidden=\"true\" class=\"wp-block-spacer\"><\/div>\n\n\n\n        <style>\n             .showcase-section-block-69e5f9a4a7395 {\n                background-image: url(https:\/\/www.elanders.com\/swe\/wp-content\/uploads\/2026\/02\/SE-PS-25.webp);\n                background-attachment: fixed;\n                background-size: cover;  \n                background-repeat: no-repeat; \n                background-position: center center;\n                overflow: hidden;\n                color:  var(--elarb-white);\n            }\n\n            @media (max-width: 1024px) {\n                 .showcase-section-block-69e5f9a4a7395 {\n                    background-attachment: scroll;\n                }\n            }\n        <\/style><section class=\"showcase-section-block showcase-section-block-69e5f9a4a7395\">   \n        <div class=\"container showcase-section-container showcase-section-banner\">\n                <div class=\"showcase-section d-flex flex-column align-items-left justify-content-evenly text-left\">\n            <div class=\"showcase-content\">\n                <h2 class=\"showcase-title\">Print <nobr>Solutions<\/nobr><\/h2>\n                <p class=\"showcase-description\"><\/p>\n                <hr class=\"horizontal-line\">\n                  <div class=\"showcase-section-button\">\n                    \n                  <\/div>\n            <\/div>\n        <\/div>\n        <\/div>\n    <\/section>\n\n<section id=\"\" class=\"text-block  space-bottom-yes space-top-yes text-block-id-69e5f9a4a7412 bg-color-white text-color-black\">                \n                    <div class=\"container\">  \n                                              \n                            \n                                               \n                        <div class=\"row text\">\n                        <div class=\"col\">\n                            <div class=\"textBlock-text text-block-html  \">\n                                <p class=\"wp-block-wt-text-block\">Print \u00e4r en del av v\u00e5rt DNA, och genom v\u00e5ra tryckerier och certifierade partners kan vi producera h\u00f6gklassiga trycksaker v\u00e4rlden \u00f6ver. Som kund hj\u00e4lper vi dig att optimera och effektivisera varje produktion f\u00f6r kortare ledtider, mindre milj\u00f6p\u00e5verkan och konkurrenskraftigare pris.<\/p>\n\n                            <\/div>\n                        <\/div>                                        \n                    <\/div>                                              \n                    <\/div>                                \n            <\/section>\n\n<section class=\"cta-block\">  \n              <div class=\"container\">              \n                <div class=\"row\">\n                    <div class=\"col-lg-4 col-md-6 mb-3\">\n                      <a target=\"_self\" class=\"btn-full btn-full-blue\" href=\"\/swe\/print-solutions\/\" class=\"button\">L\u00e4s mer om Print Solutions<\/a>\n                    <\/div>\n                <\/div>                                                                \n              <\/div>\n            <\/section>\n\n\n<div style=\"height:50px\" aria-hidden=\"true\" class=\"wp-block-spacer\"><\/div>\n","protected":false},"excerpt":{"rendered":"","protected":false},"author":2,"featured_media":0,"parent":0,"menu_order":0,"comment_status":"closed","ping_status":"closed","template":"","meta":{"footnotes":""},"class_list":["post-17","page","type-page","status-publish","hentry"],"yoast_head":"<!-- This site is optimized with the Yoast SEO plugin v27.1.1 - https:\/\/yoast.com\/product\/yoast-seo-wordpress\/ -->\n<title>V\u00e4lkommen - Elanders Sweden<\/title>\n<meta name=\"description\" content=\"Elanders Sverige \u00e4r en helhetsleverant\u00f6r inom logistik-, tryck- och f\u00f6rpackningsl\u00f6sningar. Vi levererar det du lovar.\" \/>\n<meta name=\"robots\" content=\"index, follow, max-snippet:-1, max-image-preview:large, max-video-preview:-1\" \/>\n<link rel=\"canonical\" href=\"https:\/\/www.elanders.com\/swe\/\" \/>\n<meta property=\"og:locale\" content=\"sv_SE\" \/>\n<meta property=\"og:type\" content=\"article\" \/>\n<meta property=\"og:title\" content=\"V\u00e4lkommen - Elanders Sweden\" \/>\n<meta property=\"og:description\" content=\"Elanders Sverige \u00e4r en helhetsleverant\u00f6r inom logistik-, tryck- och f\u00f6rpackningsl\u00f6sningar. Vi levererar det du lovar.\" \/>\n<meta property=\"og:url\" content=\"https:\/\/www.elanders.com\/swe\/\" \/>\n<meta property=\"og:site_name\" content=\"Elanders Sweden\" \/>\n<meta property=\"article:modified_time\" content=\"2026-02-17T08:30:56+00:00\" \/>\n<meta name=\"twitter:card\" content=\"summary_large_image\" \/>\n<meta name=\"twitter:label1\" content=\"Ber\u00e4knad l\u00e4stid\" \/>\n\t<meta name=\"twitter:data1\" content=\"1 minut\" \/>\n<script type=\"application\/ld+json\" class=\"yoast-schema-graph\">{\"@context\":\"https:\/\/schema.org\",\"@graph\":[{\"@type\":\"WebPage\",\"@id\":\"https:\/\/www.elanders.com\/swe\/\",\"url\":\"https:\/\/www.elanders.com\/swe\/\",\"name\":\"V\u00e4lkommen - Elanders Sweden\",\"isPartOf\":{\"@id\":\"https:\/\/www.elanders.com\/swe\/#website\"},\"datePublished\":\"2025-04-27T18:27:33+00:00\",\"dateModified\":\"2026-02-17T08:30:56+00:00\",\"description\":\"Elanders Sverige \u00e4r en helhetsleverant\u00f6r inom logistik-, tryck- och f\u00f6rpackningsl\u00f6sningar. Vi levererar det du lovar.\",\"breadcrumb\":{\"@id\":\"https:\/\/www.elanders.com\/swe\/#breadcrumb\"},\"inLanguage\":\"sv-SE\",\"potentialAction\":[{\"@type\":\"ReadAction\",\"target\":[\"https:\/\/www.elanders.com\/swe\/\"]}]},{\"@type\":\"BreadcrumbList\",\"@id\":\"https:\/\/www.elanders.com\/swe\/#breadcrumb\",\"itemListElement\":[{\"@type\":\"ListItem\",\"position\":1,\"name\":\"Home\",\"item\":\"https:\/\/www.elanders.com\/swe\/\"},{\"@type\":\"ListItem\",\"position\":2,\"name\":\"V\u00e4lkommen\",\"item\":\"https:\/\/www.elanders.com\/swe\/\"}]},{\"@type\":\"WebSite\",\"@id\":\"https:\/\/www.elanders.com\/swe\/#website\",\"url\":\"https:\/\/www.elanders.com\/swe\/\",\"name\":\"Elanders Sweden\",\"description\":\"\",\"publisher\":{\"@id\":\"https:\/\/www.elanders.com\/swe\/#organization\"},\"potentialAction\":[{\"@type\":\"SearchAction\",\"target\":{\"@type\":\"EntryPoint\",\"urlTemplate\":\"https:\/\/www.elanders.com\/swe\/?s={search_term_string}\"},\"query-input\":{\"@type\":\"PropertyValueSpecification\",\"valueRequired\":true,\"valueName\":\"search_term_string\"}}],\"inLanguage\":\"sv-SE\"},{\"@type\":\"Organization\",\"@id\":\"https:\/\/www.elanders.com\/swe\/#organization\",\"name\":\"Elanders Sweden\",\"url\":\"https:\/\/www.elanders.com\/swe\/\",\"logo\":{\"@type\":\"ImageObject\",\"inLanguage\":\"sv-SE\",\"@id\":\"https:\/\/www.elanders.com\/swe\/#\/schema\/logo\/image\/\",\"url\":\"https:\/\/www.elanders.com\/swe\/wp-content\/uploads\/2025\/10\/elanders_sweden_rgb_member_web-3.svg\",\"contentUrl\":\"https:\/\/www.elanders.com\/swe\/wp-content\/uploads\/2025\/10\/elanders_sweden_rgb_member_web-3.svg\",\"width\":1,\"height\":1,\"caption\":\"Elanders Sweden\"},\"image\":{\"@id\":\"https:\/\/www.elanders.com\/swe\/#\/schema\/logo\/image\/\"}}]}<\/script>\n<!-- \/ Yoast SEO plugin. -->","yoast_head_json":{"title":"V\u00e4lkommen - Elanders Sweden","description":"Elanders Sverige \u00e4r en helhetsleverant\u00f6r inom logistik-, tryck- och f\u00f6rpackningsl\u00f6sningar. Vi levererar det du lovar.","robots":{"index":"index","follow":"follow","max-snippet":"max-snippet:-1","max-image-preview":"max-image-preview:large","max-video-preview":"max-video-preview:-1"},"canonical":"https:\/\/www.elanders.com\/swe\/","og_locale":"sv_SE","og_type":"article","og_title":"V\u00e4lkommen - Elanders Sweden","og_description":"Elanders Sverige \u00e4r en helhetsleverant\u00f6r inom logistik-, tryck- och f\u00f6rpackningsl\u00f6sningar. Vi levererar det du lovar.","og_url":"https:\/\/www.elanders.com\/swe\/","og_site_name":"Elanders Sweden","article_modified_time":"2026-02-17T08:30:56+00:00","twitter_card":"summary_large_image","twitter_misc":{"Ber\u00e4knad l\u00e4stid":"1 minut"},"schema":{"@context":"https:\/\/schema.org","@graph":[{"@type":"WebPage","@id":"https:\/\/www.elanders.com\/swe\/","url":"https:\/\/www.elanders.com\/swe\/","name":"V\u00e4lkommen - Elanders Sweden","isPartOf":{"@id":"https:\/\/www.elanders.com\/swe\/#website"},"datePublished":"2025-04-27T18:27:33+00:00","dateModified":"2026-02-17T08:30:56+00:00","description":"Elanders Sverige \u00e4r en helhetsleverant\u00f6r inom logistik-, tryck- och f\u00f6rpackningsl\u00f6sningar. Vi levererar det du lovar.","breadcrumb":{"@id":"https:\/\/www.elanders.com\/swe\/#breadcrumb"},"inLanguage":"sv-SE","potentialAction":[{"@type":"ReadAction","target":["https:\/\/www.elanders.com\/swe\/"]}]},{"@type":"BreadcrumbList","@id":"https:\/\/www.elanders.com\/swe\/#breadcrumb","itemListElement":[{"@type":"ListItem","position":1,"name":"Home","item":"https:\/\/www.elanders.com\/swe\/"},{"@type":"ListItem","position":2,"name":"V\u00e4lkommen","item":"https:\/\/www.elanders.com\/swe\/"}]},{"@type":"WebSite","@id":"https:\/\/www.elanders.com\/swe\/#website","url":"https:\/\/www.elanders.com\/swe\/","name":"Elanders Sweden","description":"","publisher":{"@id":"https:\/\/www.elanders.com\/swe\/#organization"},"potentialAction":[{"@type":"SearchAction","target":{"@type":"EntryPoint","urlTemplate":"https:\/\/www.elanders.com\/swe\/?s={search_term_string}"},"query-input":{"@type":"PropertyValueSpecification","valueRequired":true,"valueName":"search_term_string"}}],"inLanguage":"sv-SE"},{"@type":"Organization","@id":"https:\/\/www.elanders.com\/swe\/#organization","name":"Elanders Sweden","url":"https:\/\/www.elanders.com\/swe\/","logo":{"@type":"ImageObject","inLanguage":"sv-SE","@id":"https:\/\/www.elanders.com\/swe\/#\/schema\/logo\/image\/","url":"https:\/\/www.elanders.com\/swe\/wp-content\/uploads\/2025\/10\/elanders_sweden_rgb_member_web-3.svg","contentUrl":"https:\/\/www.elanders.com\/swe\/wp-content\/uploads\/2025\/10\/elanders_sweden_rgb_member_web-3.svg","width":1,"height":1,"caption":"Elanders Sweden"},"image":{"@id":"https:\/\/www.elanders.com\/swe\/#\/schema\/logo\/image\/"}}]}},"_links":{"self":[{"href":"https:\/\/www.elanders.com\/swe\/wp-json\/wp\/v2\/pages\/17","targetHints":{"allow":["GET"]}}],"collection":[{"href":"https:\/\/www.elanders.com\/swe\/wp-json\/wp\/v2\/pages"}],"about":[{"href":"https:\/\/www.elanders.com\/swe\/wp-json\/wp\/v2\/types\/page"}],"author":[{"embeddable":true,"href":"https:\/\/www.elanders.com\/swe\/wp-json\/wp\/v2\/users\/2"}],"replies":[{"embeddable":true,"href":"https:\/\/www.elanders.com\/swe\/wp-json\/wp\/v2\/comments?post=17"}],"version-history":[{"count":23,"href":"https:\/\/www.elanders.com\/swe\/wp-json\/wp\/v2\/pages\/17\/revisions"}],"predecessor-version":[{"id":2547,"href":"https:\/\/www.elanders.com\/swe\/wp-json\/wp\/v2\/pages\/17\/revisions\/2547"}],"wp:attachment":[{"href":"https:\/\/www.elanders.com\/swe\/wp-json\/wp\/v2\/media?parent=17"}],"curies":[{"name":"wp","href":"https:\/\/api.w.org\/{rel}","templated":true}]}}