{"id":1712,"date":"2025-05-21T13:10:15","date_gmt":"2025-05-21T11:10:15","guid":{"rendered":"https:\/\/www.elanders.com\/swe\/?page_id=1712"},"modified":"2026-03-09T15:49:58","modified_gmt":"2026-03-09T14:49:58","slug":"kundcase","status":"publish","type":"page","link":"https:\/\/www.elanders.com\/swe\/kundcase\/","title":{"rendered":"Kundcase"},"content":{"rendered":"\n<div style=\"height:50px\" aria-hidden=\"true\" class=\"wp-block-spacer bg-color-blue\"><\/div>\n\n\n<section id=\"\" class=\"text-block  space-bottom-no space-top-no text-block-id-69ebc614a3a99 bg-color-blue text-color-white\">                \n                    <div class=\"container\">  \n                                              \n                        <div class=\"row\">                                        \n                        <div class=\"col\">\n                            <h1 class=\"textBlock-headline left \">Portfolio<\/h1>\n                             \n                        <\/div>       \n                                                          \n                    <\/div>    \n                                               \n                        <div class=\"row text\">\n                        <div class=\"col\">\n                            <div class=\"textBlock-text text-block-html  \">\n                                <p class=\"wp-block-wt-text-block\"><strong>I v\u00e5r portfolio visar vi upp n\u00e5gra av de mest utmanande och sp\u00e4nnande uppdragen d\u00e4r kunderna har haft s\u00e4rskilda \u00f6nskem\u00e5l som Elanders har kunnat tillgodose. Kanske kan de ge dig inspiration? Kontakta oss om du vill ha mer information eller om du har n\u00e5gra fr\u00e5gor.<\/strong><\/p>\n\n                            <\/div>\n                        <\/div>                                        \n                    <\/div>                                              \n                    <\/div>                                \n            <\/section>\n\n\n<div style=\"height:50px\" aria-hidden=\"true\" class=\"wp-block-spacer bg-color-blue\"><\/div>\n\n\n\n<div style=\"height:50px\" aria-hidden=\"true\" class=\"wp-block-spacer\"><\/div>\n\n\n<div class=\"portfolio-main px-lg-5 container-fluid\" data-is_full_width=\"true\" data-show-tab=\"yes\"><div class=\"d-flex flex-column flex-md-row justify-content-between align-items-start mb-4 mx-2 gap-2 flex-wrap\"><nav class=\"case-study-filter-nav\" id=\"caseStudyFilter\" style=\"\"><ul class=\"case-study-filter-list list-inline mb-0\"><li class=\"list-inline-item\"><button class=\"case-study-filter-btn active\" data-filter=\"*\">Alla<\/button><\/li><li class=\"list-inline-item\"><button class=\"case-study-filter-btn \" data-filter=\".print-solutions-se\">Print Solutions<\/button><\/li><li class=\"list-inline-item\"><button class=\"case-study-filter-btn \" data-filter=\".supply-chain-solutions-se\">Supply Chain Solutions<\/button><\/li><\/ul><\/nav><\/div><div class=\"portfolio-wrapper\"><div class=\"portfolio-isotope-container row g-3\"><div class=\"isotope-item supply-chain-solutions-se custom-col-5\"><a href=\"https:\/\/www.elanders.com\/swe\/case_study\/retail-supply-chain\/\" class=\"portfolio-item card h-100 \"><div class=\"portfolio-img\" style=\"background-image: url('https:\/\/www.elanders.com\/swe\/wp-content\/uploads\/2026\/02\/Case001.webp');\"><\/div><div class=\"portfolio-info card-body d-flex flex-column justify-content-center\"><p class=\"card-title text-wrap\">Retail \u2013 Supply chain<\/p><\/div><\/a><\/div><div class=\"isotope-item print-solutions-se supply-chain-solutions-se custom-col-5\"><a href=\"https:\/\/www.elanders.com\/swe\/case_study\/e-handel-print-och-supply-chain\/\" class=\"portfolio-item card h-100 \"><div class=\"portfolio-img\" style=\"background-image: url('https:\/\/www.elanders.com\/swe\/wp-content\/uploads\/2026\/02\/Case005.webp');\"><\/div><div class=\"portfolio-info card-body d-flex flex-column justify-content-center\"><p class=\"card-title text-wrap\">E-handel \u2013 Print och supply chain<\/p><\/div><\/a><\/div><div class=\"isotope-item print-solutions-se supply-chain-solutions-se custom-col-5\"><a href=\"https:\/\/www.elanders.com\/swe\/case_study\/fastighetsforvaltare-print-och-distribution\/\" class=\"portfolio-item card h-100 \"><div class=\"portfolio-img\" style=\"background-image: url('https:\/\/www.elanders.com\/swe\/wp-content\/uploads\/2026\/02\/Case006.webp');\"><\/div><div class=\"portfolio-info card-body d-flex flex-column justify-content-center\"><p class=\"card-title text-wrap\">Fastighetsf\u00f6rvaltare \u2013 Print och distribution<\/p><\/div><\/a><\/div><div class=\"isotope-item print-solutions-se supply-chain-solutions-se custom-col-5\"><a href=\"https:\/\/www.elanders.com\/swe\/case_study\/maklarsupport-print-och-distribution\/\" class=\"portfolio-item card h-100 \"><div class=\"portfolio-img\" style=\"background-image: url('https:\/\/www.elanders.com\/swe\/wp-content\/uploads\/2026\/02\/Case007.webp');\"><\/div><div class=\"portfolio-info card-body d-flex flex-column justify-content-center\"><p class=\"card-title text-wrap\">M\u00e4klarsupport \u2013 Print och distribution<\/p><\/div><\/a><\/div><div class=\"isotope-item print-solutions-se supply-chain-solutions-se custom-col-5\"><a href=\"https:\/\/www.elanders.com\/swe\/case_study\/offentlig-sektor-print-och-distribution\/\" class=\"portfolio-item card h-100 \"><div class=\"portfolio-img\" style=\"background-image: url('https:\/\/www.elanders.com\/swe\/wp-content\/uploads\/2025\/06\/Case008.jpg');\"><\/div><div class=\"portfolio-info card-body d-flex flex-column justify-content-center\"><p class=\"card-title text-wrap\">Offentlig sektor \u2013 Print och distribution<\/p><\/div><\/a><\/div><div class=\"isotope-item print-solutions-se supply-chain-solutions-se custom-col-5\"><a href=\"https:\/\/www.elanders.com\/swe\/case_study\/industrikoncern-print-och-supply-chain\/\" class=\"portfolio-item card h-100 \"><div class=\"portfolio-img\" style=\"background-image: url('https:\/\/www.elanders.com\/swe\/wp-content\/uploads\/2026\/02\/Case009.webp');\"><\/div><div class=\"portfolio-info card-body d-flex flex-column justify-content-center\"><p class=\"card-title text-wrap\">Industrikoncern \u2013 Print\u00a0och supply chain<\/p><\/div><\/a><\/div><div class=\"isotope-item print-solutions-se supply-chain-solutions-se custom-col-5\"><a href=\"https:\/\/www.elanders.com\/swe\/case_study\/health-care-print-och-supply-chain\/\" class=\"portfolio-item card h-100 \"><div class=\"portfolio-img\" style=\"background-image: url('https:\/\/www.elanders.com\/swe\/wp-content\/uploads\/2026\/02\/Case010.webp');\"><\/div><div class=\"portfolio-info card-body d-flex flex-column justify-content-center\"><p class=\"card-title text-wrap\">Health Care \u2013 Print och supply chain<\/p><\/div><\/a><\/div><div class=\"isotope-item print-solutions-se custom-col-5\"><a href=\"https:\/\/www.elanders.com\/swe\/case_study\/forsakringar-print-och-automation\/\" class=\"portfolio-item card h-100 \"><div class=\"portfolio-img\" style=\"background-image: url('https:\/\/www.elanders.com\/swe\/wp-content\/uploads\/2025\/06\/Case003.jpg');\"><\/div><div class=\"portfolio-info card-body d-flex flex-column justify-content-center\"><p class=\"card-title text-wrap\">F\u00f6rs\u00e4kringar \u2013 Print\u00a0och automation<\/p><\/div><\/a><\/div><div class=\"isotope-item supply-chain-solutions-se custom-col-5\"><a href=\"https:\/\/www.elanders.com\/swe\/case_study\/tillverkningsindustri-supply-chain\/\" class=\"portfolio-item card h-100 \"><div class=\"portfolio-img\" style=\"background-image: url('https:\/\/www.elanders.com\/swe\/wp-content\/uploads\/2026\/02\/Case002.webp');\"><\/div><div class=\"portfolio-info card-body d-flex flex-column justify-content-center\"><p class=\"card-title text-wrap\">Tillverkningsindustri \u2013 Supply chain<\/p><\/div><\/a><\/div><div class=\"isotope-item print-solutions-se supply-chain-solutions-se custom-col-5\"><a href=\"https:\/\/www.elanders.com\/swe\/case_study\/automotive-globala-on-demand-leveranser\/\" class=\"portfolio-item card h-100 \"><div class=\"portfolio-img\" style=\"background-image: url('https:\/\/www.elanders.com\/swe\/wp-content\/uploads\/2026\/02\/Case011.webp');\"><\/div><div class=\"portfolio-info card-body d-flex flex-column justify-content-center\"><p class=\"card-title text-wrap\">Automotive \u2013 Globala on-demand-leveranser<\/p><\/div><\/a><\/div><div class=\"isotope-item print-solutions-se custom-col-5\"><a href=\"https:\/\/www.elanders.com\/swe\/case_study\/tillverkningsindustri-print\/\" class=\"portfolio-item card h-100 \"><div class=\"portfolio-img\" style=\"background-image: url('https:\/\/www.elanders.com\/swe\/wp-content\/uploads\/2026\/02\/Case004.webp');\"><\/div><div class=\"portfolio-info card-body d-flex flex-column justify-content-center\"><p class=\"card-title text-wrap\">Tillverkningsindustri \u2013 Print<\/p><\/div><\/a><\/div><\/div><\/div><\/div>\n\n\n<div style=\"height:50px\" aria-hidden=\"true\" class=\"wp-block-spacer\"><\/div>\n","protected":false},"excerpt":{"rendered":"","protected":false},"author":3,"featured_media":0,"parent":0,"menu_order":0,"comment_status":"closed","ping_status":"closed","template":"","meta":{"footnotes":""},"class_list":["post-1712","page","type-page","status-publish","hentry"],"yoast_head":"<!-- This site is optimized with the Yoast SEO plugin v27.1.1 - https:\/\/yoast.com\/product\/yoast-seo-wordpress\/ -->\n<title>Kundcase - Elanders Sweden<\/title>\n<meta name=\"description\" content=\"I v\u00e5r portfolio visar vi upp n\u00e5gra av de mest utmanande och sp\u00e4nnande uppdragen d\u00e4r kunderna har haft s\u00e4rskilda \u00f6nskem\u00e5l som Elanders har kunnat tillgodose. Kanske kan de ge dig inspiration? Kontakta oss om du vill ha mer information eller om du har n\u00e5gra fr\u00e5gor.\" \/>\n<meta name=\"robots\" content=\"index, follow, max-snippet:-1, max-image-preview:large, max-video-preview:-1\" \/>\n<link rel=\"canonical\" href=\"https:\/\/www.elanders.com\/swe\/kundcase\/\" \/>\n<meta property=\"og:locale\" content=\"sv_SE\" \/>\n<meta property=\"og:type\" content=\"article\" \/>\n<meta property=\"og:title\" content=\"Kundcase - Elanders Sweden\" \/>\n<meta property=\"og:description\" content=\"I v\u00e5r portfolio visar vi upp n\u00e5gra av de mest utmanande och sp\u00e4nnande uppdragen d\u00e4r kunderna har haft s\u00e4rskilda \u00f6nskem\u00e5l som Elanders har kunnat tillgodose. Kanske kan de ge dig inspiration? Kontakta oss om du vill ha mer information eller om du har n\u00e5gra fr\u00e5gor.\" \/>\n<meta property=\"og:url\" content=\"https:\/\/www.elanders.com\/swe\/kundcase\/\" \/>\n<meta property=\"og:site_name\" content=\"Elanders Sweden\" \/>\n<meta property=\"article:modified_time\" content=\"2026-03-09T14:49:58+00:00\" \/>\n<meta name=\"twitter:card\" content=\"summary_large_image\" \/>\n<meta name=\"twitter:label1\" content=\"Ber\u00e4knad l\u00e4stid\" \/>\n\t<meta name=\"twitter:data1\" content=\"1 minut\" \/>\n<script type=\"application\/ld+json\" class=\"yoast-schema-graph\">{\"@context\":\"https:\/\/schema.org\",\"@graph\":[{\"@type\":\"WebPage\",\"@id\":\"https:\/\/www.elanders.com\/swe\/kundcase\/\",\"url\":\"https:\/\/www.elanders.com\/swe\/kundcase\/\",\"name\":\"Kundcase - Elanders Sweden\",\"isPartOf\":{\"@id\":\"https:\/\/www.elanders.com\/swe\/#website\"},\"datePublished\":\"2025-05-21T11:10:15+00:00\",\"dateModified\":\"2026-03-09T14:49:58+00:00\",\"description\":\"I v\u00e5r portfolio visar vi upp n\u00e5gra av de mest utmanande och sp\u00e4nnande uppdragen d\u00e4r kunderna har haft s\u00e4rskilda \u00f6nskem\u00e5l som Elanders har kunnat tillgodose. Kanske kan de ge dig inspiration? Kontakta oss om du vill ha mer information eller om du har n\u00e5gra fr\u00e5gor.\",\"breadcrumb\":{\"@id\":\"https:\/\/www.elanders.com\/swe\/kundcase\/#breadcrumb\"},\"inLanguage\":\"sv-SE\",\"potentialAction\":[{\"@type\":\"ReadAction\",\"target\":[\"https:\/\/www.elanders.com\/swe\/kundcase\/\"]}]},{\"@type\":\"BreadcrumbList\",\"@id\":\"https:\/\/www.elanders.com\/swe\/kundcase\/#breadcrumb\",\"itemListElement\":[{\"@type\":\"ListItem\",\"position\":1,\"name\":\"Home\",\"item\":\"https:\/\/www.elanders.com\/swe\/\"},{\"@type\":\"ListItem\",\"position\":2,\"name\":\"Kundcase\",\"item\":\"https:\/\/www.elanders.com\/swe\/kundcase\/\"}]},{\"@type\":\"WebSite\",\"@id\":\"https:\/\/www.elanders.com\/swe\/#website\",\"url\":\"https:\/\/www.elanders.com\/swe\/\",\"name\":\"Elanders Sweden\",\"description\":\"\",\"publisher\":{\"@id\":\"https:\/\/www.elanders.com\/swe\/#organization\"},\"potentialAction\":[{\"@type\":\"SearchAction\",\"target\":{\"@type\":\"EntryPoint\",\"urlTemplate\":\"https:\/\/www.elanders.com\/swe\/?s={search_term_string}\"},\"query-input\":{\"@type\":\"PropertyValueSpecification\",\"valueRequired\":true,\"valueName\":\"search_term_string\"}}],\"inLanguage\":\"sv-SE\"},{\"@type\":\"Organization\",\"@id\":\"https:\/\/www.elanders.com\/swe\/#organization\",\"name\":\"Elanders Sweden\",\"url\":\"https:\/\/www.elanders.com\/swe\/\",\"logo\":{\"@type\":\"ImageObject\",\"inLanguage\":\"sv-SE\",\"@id\":\"https:\/\/www.elanders.com\/swe\/#\/schema\/logo\/image\/\",\"url\":\"https:\/\/www.elanders.com\/swe\/wp-content\/uploads\/2025\/10\/elanders_sweden_rgb_member_web-3.svg\",\"contentUrl\":\"https:\/\/www.elanders.com\/swe\/wp-content\/uploads\/2025\/10\/elanders_sweden_rgb_member_web-3.svg\",\"width\":1,\"height\":1,\"caption\":\"Elanders Sweden\"},\"image\":{\"@id\":\"https:\/\/www.elanders.com\/swe\/#\/schema\/logo\/image\/\"}}]}<\/script>\n<!-- \/ Yoast SEO plugin. -->","yoast_head_json":{"title":"Kundcase - Elanders Sweden","description":"I v\u00e5r portfolio visar vi upp n\u00e5gra av de mest utmanande och sp\u00e4nnande uppdragen d\u00e4r kunderna har haft s\u00e4rskilda \u00f6nskem\u00e5l som Elanders har kunnat tillgodose. Kanske kan de ge dig inspiration? Kontakta oss om du vill ha mer information eller om du har n\u00e5gra fr\u00e5gor.","robots":{"index":"index","follow":"follow","max-snippet":"max-snippet:-1","max-image-preview":"max-image-preview:large","max-video-preview":"max-video-preview:-1"},"canonical":"https:\/\/www.elanders.com\/swe\/kundcase\/","og_locale":"sv_SE","og_type":"article","og_title":"Kundcase - Elanders Sweden","og_description":"I v\u00e5r portfolio visar vi upp n\u00e5gra av de mest utmanande och sp\u00e4nnande uppdragen d\u00e4r kunderna har haft s\u00e4rskilda \u00f6nskem\u00e5l som Elanders har kunnat tillgodose. Kanske kan de ge dig inspiration? Kontakta oss om du vill ha mer information eller om du har n\u00e5gra fr\u00e5gor.","og_url":"https:\/\/www.elanders.com\/swe\/kundcase\/","og_site_name":"Elanders Sweden","article_modified_time":"2026-03-09T14:49:58+00:00","twitter_card":"summary_large_image","twitter_misc":{"Ber\u00e4knad l\u00e4stid":"1 minut"},"schema":{"@context":"https:\/\/schema.org","@graph":[{"@type":"WebPage","@id":"https:\/\/www.elanders.com\/swe\/kundcase\/","url":"https:\/\/www.elanders.com\/swe\/kundcase\/","name":"Kundcase - Elanders Sweden","isPartOf":{"@id":"https:\/\/www.elanders.com\/swe\/#website"},"datePublished":"2025-05-21T11:10:15+00:00","dateModified":"2026-03-09T14:49:58+00:00","description":"I v\u00e5r portfolio visar vi upp n\u00e5gra av de mest utmanande och sp\u00e4nnande uppdragen d\u00e4r kunderna har haft s\u00e4rskilda \u00f6nskem\u00e5l som Elanders har kunnat tillgodose. Kanske kan de ge dig inspiration? Kontakta oss om du vill ha mer information eller om du har n\u00e5gra fr\u00e5gor.","breadcrumb":{"@id":"https:\/\/www.elanders.com\/swe\/kundcase\/#breadcrumb"},"inLanguage":"sv-SE","potentialAction":[{"@type":"ReadAction","target":["https:\/\/www.elanders.com\/swe\/kundcase\/"]}]},{"@type":"BreadcrumbList","@id":"https:\/\/www.elanders.com\/swe\/kundcase\/#breadcrumb","itemListElement":[{"@type":"ListItem","position":1,"name":"Home","item":"https:\/\/www.elanders.com\/swe\/"},{"@type":"ListItem","position":2,"name":"Kundcase","item":"https:\/\/www.elanders.com\/swe\/kundcase\/"}]},{"@type":"WebSite","@id":"https:\/\/www.elanders.com\/swe\/#website","url":"https:\/\/www.elanders.com\/swe\/","name":"Elanders Sweden","description":"","publisher":{"@id":"https:\/\/www.elanders.com\/swe\/#organization"},"potentialAction":[{"@type":"SearchAction","target":{"@type":"EntryPoint","urlTemplate":"https:\/\/www.elanders.com\/swe\/?s={search_term_string}"},"query-input":{"@type":"PropertyValueSpecification","valueRequired":true,"valueName":"search_term_string"}}],"inLanguage":"sv-SE"},{"@type":"Organization","@id":"https:\/\/www.elanders.com\/swe\/#organization","name":"Elanders Sweden","url":"https:\/\/www.elanders.com\/swe\/","logo":{"@type":"ImageObject","inLanguage":"sv-SE","@id":"https:\/\/www.elanders.com\/swe\/#\/schema\/logo\/image\/","url":"https:\/\/www.elanders.com\/swe\/wp-content\/uploads\/2025\/10\/elanders_sweden_rgb_member_web-3.svg","contentUrl":"https:\/\/www.elanders.com\/swe\/wp-content\/uploads\/2025\/10\/elanders_sweden_rgb_member_web-3.svg","width":1,"height":1,"caption":"Elanders Sweden"},"image":{"@id":"https:\/\/www.elanders.com\/swe\/#\/schema\/logo\/image\/"}}]}},"_links":{"self":[{"href":"https:\/\/www.elanders.com\/swe\/wp-json\/wp\/v2\/pages\/1712","targetHints":{"allow":["GET"]}}],"collection":[{"href":"https:\/\/www.elanders.com\/swe\/wp-json\/wp\/v2\/pages"}],"about":[{"href":"https:\/\/www.elanders.com\/swe\/wp-json\/wp\/v2\/types\/page"}],"author":[{"embeddable":true,"href":"https:\/\/www.elanders.com\/swe\/wp-json\/wp\/v2\/users\/3"}],"replies":[{"embeddable":true,"href":"https:\/\/www.elanders.com\/swe\/wp-json\/wp\/v2\/comments?post=1712"}],"version-history":[{"count":27,"href":"https:\/\/www.elanders.com\/swe\/wp-json\/wp\/v2\/pages\/1712\/revisions"}],"predecessor-version":[{"id":2212,"href":"https:\/\/www.elanders.com\/swe\/wp-json\/wp\/v2\/pages\/1712\/revisions\/2212"}],"wp:attachment":[{"href":"https:\/\/www.elanders.com\/swe\/wp-json\/wp\/v2\/media?parent=1712"}],"curies":[{"name":"wp","href":"https:\/\/api.w.org\/{rel}","templated":true}]}}