{"id":557,"date":"2025-05-06T11:50:45","date_gmt":"2025-05-06T11:50:45","guid":{"rendered":"https:\/\/www.elanders.com\/swe\/?page_id=557"},"modified":"2026-02-17T09:58:36","modified_gmt":"2026-02-17T08:58:36","slug":"om-oss","status":"publish","type":"page","link":"https:\/\/www.elanders.com\/swe\/om-oss\/","title":{"rendered":"Om oss"},"content":{"rendered":"\n            <style>\n                 .hero-section-block-69d5b0164fa82 {\n                    background-image: url(https:\/\/www.elanders.com\/swe\/wp-content\/uploads\/2026\/02\/SE-ABOUT-25-1.webp);\n                    background-attachment: fixed;\n                    background-size: cover;  \n                    background-repeat: no-repeat; \n                    background-position: center center;\n                    overflow: hidden;\n                    color:  var(--elarb-white);\n                }\n        \n                @media (max-width: 1024px) {\n                     .hero-section-block-69d5b0164fa82 {\n                        background-attachment: scroll;\n                    }\n                }\n        <\/style><section class=\"hero-section-block hero-section-block-69d5b0164fa82\">   \n            <div class=\"container hero-section-container hero-section-2\">\n                    <div class=\"hero-section d-flex flex-column align-items-center justify-content-evenly text-left\">\n                    <div class=\"hero-left\">\n                        <h1 class=\"hero-title\">Om Elanders Sverige AB<\/h1>\n                        <p id=\"padding-block-69d5b0164fa8b\" class=\"hero-description desktop-padding-right desktop-padding-left tablet-padding-right tablet-padding-left mobile-padding-right mobile-padding-left \">Elanders Sverige AB \u00e4r specialiserade p\u00e5 Supply Chain Solutions och Print Solutions. V\u00e5ra 150 medarbetare \u00e4r verksamma p\u00e5 tv\u00e5 orter i Sverige: 3PL-hubben och huvudkontoret i Bor\u00e5s samt v\u00e5r digitala produktions&shy;anl\u00e4ggning i V\u00e4llingby. Tillsammans levererar vi l\u00f6sningar som t\u00e4cker hela eller delar av v\u00e5ra kunders f\u00f6rs\u00f6rjningskedja, beroende p\u00e5 behov. Fr\u00e5n ink\u00f6p, lager, konfiguration, fulfillment, kittning och trycksaksproduktion till distribution, betalningsl\u00f6sningar och eftermarknadstj\u00e4nster.<\/p>\n                        \n                    <\/div>\n                    \n                <\/div><style> #padding-block-69d5b0164fa8b.desktop-padding-right { padding-right: 0px; } #padding-block-69d5b0164fa8b.desktop-padding-left { padding-left: 0px; }@media only screen and (max-width: 991px) {  #padding-block-69d5b0164fa8b.tablet-padding-right { padding-right: 0px; }} @media only screen and (max-width: 991px) {  #padding-block-69d5b0164fa8b.tablet-padding-left { padding-left: 0px; }} @media only screen and (max-width: 575px) {  #padding-block-69d5b0164fa8b.mobile-padding-right { padding-right: 0px; }} @media only screen and (max-width: 575px) {  #padding-block-69d5b0164fa8b.mobile-padding-left { padding-left: 0px; }}  #image-block-69d5b0164fa8c.desktop-image-hide-desktop { display:block; } @media only screen and (max-width: 991px) {  #image-block-69d5b0164fa8c.tablet-image-hide-tablet { display:block; } } @media only screen and (max-width: 575px) {  #image-block-69d5b0164fa8c.mobile-image-hide-mobile { display:block; } } <\/style>\n            <\/div>\n        <\/section>\n\n<section class=\"image-gallery-block\">  \n  <div class=\"container-fluid  bg-color-white\">              \n        <div class=\"\">\n            <div class=\"row\">\n                <div class=\"img-block col-12\">         \n                       \t   <img decoding=\"async\" loading=\"lazy\" alt=\"Maps Sweden\" id=\"img-block-69d5b0164fcce\" class=\"img-block desktop-padding-top desktop-padding-right desktop-padding-bottom desktop-padding-left tablet-padding-top tablet-padding-right tablet-padding-bottom tablet-padding-left mobile-padding-top mobile-padding-right mobile-padding-bottom mobile-padding-left \" src=\"https:\/\/www.elanders.com\/swe\/wp-content\/uploads\/2025\/05\/Maps-Sweden-25.svg\" \/> \n                <\/div>\n            <\/div>\n        <\/div>                                                            \n    <\/section><style> #img-block-69d5b0164fcce.desktop-padding-top { padding-top: 50px; } #img-block-69d5b0164fcce.desktop-padding-right { padding-right: 275px; } #img-block-69d5b0164fcce.desktop-padding-bottom { padding-bottom: 50px; } #img-block-69d5b0164fcce.desktop-padding-left { padding-left: 275px; }@media only screen and (max-width: 991px) {  #img-block-69d5b0164fcce.tablet-padding-top { padding-top: 50px; }} @media only screen and (max-width: 991px) {  #img-block-69d5b0164fcce.tablet-padding-right { padding-right: 0px; }} @media only screen and (max-width: 991px) {  #img-block-69d5b0164fcce.tablet-padding-bottom { padding-bottom: 50px; }} @media only screen and (max-width: 991px) {  #img-block-69d5b0164fcce.tablet-padding-left { padding-left: 0px; }} @media only screen and (max-width: 575px) {  #img-block-69d5b0164fcce.mobile-padding-top { padding-top: 25px; }} @media only screen and (max-width: 575px) {  #img-block-69d5b0164fcce.mobile-padding-right { padding-right: 0px; }} @media only screen and (max-width: 575px) {  #img-block-69d5b0164fcce.mobile-padding-bottom { padding-bottom: 50px; }} @media only screen and (max-width: 575px) {  #img-block-69d5b0164fcce.mobile-padding-left { padding-left: 0px; }} <\/style>\n\n\n        <style>\n             .showcase-section-block-69d5b0164fdf4 {\n                background-image: url(https:\/\/www.elanders.com\/swe\/wp-content\/uploads\/2026\/02\/SE-ENVIRONMENT-25.webp);\n                background-attachment: fixed;\n                background-size: cover;  \n                background-repeat: no-repeat; \n                background-position: center center;\n                overflow: hidden;\n                color:  var(--elarb-white);\n            }\n\n            @media (max-width: 1024px) {\n                 .showcase-section-block-69d5b0164fdf4 {\n                    background-attachment: scroll;\n                }\n            }\n        <\/style><section class=\"showcase-section-block showcase-section-block-69d5b0164fdf4\">   \n        <div class=\"container showcase-section-container showcase-section-banner\">\n                <div class=\"showcase-section d-flex flex-column align-items-left justify-content-evenly text-left\">\n            <div class=\"showcase-content\">\n                <h2 class=\"showcase-title\">Milj\u00f6 och <nobr>kvalitet<\/nobr><\/h2>\n                <p class=\"showcase-description\"><\/p>\n                <hr class=\"horizontal-line\">\n                  <div class=\"showcase-section-button\">\n                    \n                  <\/div>\n            <\/div>\n        <\/div>\n        <\/div>\n    <\/section>\n\n<section id=\"\" class=\"text-block  space-bottom-yes space-top-yes text-block-id-69d5b0164feea bg-color-white text-color-black\">                \n                    <div class=\"container\">  \n                                              \n                            \n                                               \n                        <div class=\"row text\">\n                        <div class=\"col\">\n                            <div class=\"textBlock-text text-block-html  \">\n                                <p class=\"wp-block-wt-text-block\">F\u00f6r oss g\u00e5r h\u00e5llbarhet hand i hand med ett globalt perspektiv. I v\u00e5rt milj\u00f6arbete str\u00e4var vi alltid efter f\u00f6rb\u00e4ttrade processer, produktionsmetoder och produkter som minskar v\u00e5r milj\u00f6p\u00e5verkan \u00f6ver hela livscykeln. Ambitionen \u00e4r att leva upp till eller \u00f6vertr\u00e4ffa de milj\u00f6krav som st\u00e4lls p\u00e5 v\u00e5r verksamhet.<\/p>\n\n                            <\/div>\n                        <\/div>                                        \n                    <\/div>                                              \n                    <\/div>                                \n            <\/section>\n\n<section class=\"cta-block\">  \n              <div class=\"container\">              \n                <div class=\"row\">\n                    <div class=\"col-lg-4 col-md-6 mb-3\">\n                      <a target=\"_self\" class=\"btn-full btn-full-blue\" href=\"\/swe\/miljo-och-kvalitet\/\" class=\"button\">Milj\u00f6 och kvalitet<\/a>\n                    <\/div>\n                <\/div>                                                                \n              <\/div>\n            <\/section>\n\n\n<div style=\"height:50px\" aria-hidden=\"true\" class=\"wp-block-spacer\"><\/div>\n\n\n\n        <style>\n             .showcase-section-block-69d5b016507c8 {\n                background-image: url(https:\/\/www.elanders.com\/swe\/wp-content\/uploads\/2026\/02\/SE-Career-25.webp);\n                background-attachment: fixed;\n                background-size: cover;  \n                background-repeat: no-repeat; \n                background-position: center center;\n                overflow: hidden;\n                color:  var(--elarb-white);\n            }\n\n            @media (max-width: 1024px) {\n                 .showcase-section-block-69d5b016507c8 {\n                    background-attachment: scroll;\n                }\n            }\n        <\/style><section class=\"showcase-section-block showcase-section-block-69d5b016507c8\">   \n        <div class=\"container showcase-section-container showcase-section-banner\">\n                <div class=\"showcase-section d-flex flex-column align-items-left justify-content-evenly text-left\">\n            <div class=\"showcase-content\">\n                <h2 class=\"showcase-title\">Karri\u00e4r<\/h2>\n                <p class=\"showcase-description\"><\/p>\n                <hr class=\"horizontal-line\">\n                  <div class=\"showcase-section-button\">\n                    \n                  <\/div>\n            <\/div>\n        <\/div>\n        <\/div>\n    <\/section>\n\n<section id=\"\" class=\"text-block  space-bottom-yes space-top-yes text-block-id-69d5b016508d0 bg-color-white text-color-black\">                \n                    <div class=\"container\">  \n                                              \n                            \n                                               \n                        <div class=\"row text\">\n                        <div class=\"col\">\n                            <div class=\"textBlock-text text-block-html  \">\n                                <p class=\"wp-block-wt-text-block\">Vill du bli en av oss? P\u00e5 Elanders \u00e4r vi alltid intresserade av talangfulla m\u00e4nniskor som kan hj\u00e4lpa oss att utveckla morgondagens l\u00f6sningar f\u00f6r logistik, tryck och f\u00f6rpackningar.<\/p>\n\n                            <\/div>\n                        <\/div>                                        \n                    <\/div>                                              \n                    <\/div>                                \n            <\/section>\n\n<section class=\"cta-block\">  \n              <div class=\"container\">              \n                <div class=\"row\">\n                    <div class=\"col-lg-4 col-md-6 mb-3\">\n                      <a target=\"_self\" class=\"btn-full btn-full-blue\" href=\"\/swe\/karriar\" class=\"button\">Karri\u00e4r<\/a>\n                    <\/div>\n                <\/div>                                                                \n              <\/div>\n            <\/section>\n\n\n<div style=\"height:50px\" aria-hidden=\"true\" class=\"wp-block-spacer\"><\/div>\n\n\n\n        <style>\n             .showcase-section-block-69d5b01650bd0 {\n                background-image: url(https:\/\/www.elanders.com\/swe\/wp-content\/uploads\/2026\/02\/SE-COOPERATION-25.webp);\n                background-attachment: fixed;\n                background-size: cover;  \n                background-repeat: no-repeat; \n                background-position: center center;\n                overflow: hidden;\n                color:  var(--elarb-white);\n            }\n\n            @media (max-width: 1024px) {\n                 .showcase-section-block-69d5b01650bd0 {\n                    background-attachment: scroll;\n                }\n            }\n        <\/style><section class=\"showcase-section-block showcase-section-block-69d5b01650bd0\">   \n        <div class=\"container showcase-section-container showcase-section-banner\">\n                <div class=\"showcase-section d-flex flex-column align-items-left justify-content-evenly text-left\">\n            <div class=\"showcase-content\">\n                <h2 class=\"showcase-title\">Samarbeta med oss<\/h2>\n                <p class=\"showcase-description\"><\/p>\n                <hr class=\"horizontal-line\">\n                  <div class=\"showcase-section-button\">\n                    \n                  <\/div>\n            <\/div>\n        <\/div>\n        <\/div>\n    <\/section>\n\n<section id=\"\" class=\"text-block  space-bottom-yes space-top-yes text-block-id-69d5b01650cd2 bg-color-white text-color-black\">                \n                    <div class=\"container\">  \n                                              \n                            \n                                               \n                        <div class=\"row text\">\n                        <div class=\"col\">\n                            <div class=\"textBlock-text text-block-html  \">\n                                <p class=\"wp-block-wt-text-block\">Ett l\u00f6fte blir v\u00e4rt n\u00e5got f\u00f6rst n\u00e4r det infrias. P\u00e5 den globala marknaden r\u00e4cker det inte med en attraktiv produkt. Den m\u00e5ste ocks\u00e5 levereras i r\u00e4tt tid till r\u00e4tt pris. D\u00e4rf\u00f6r \u00e4r ett tryggt samarbete med en strategisk partner en f\u00f6ruts\u00e4ttning f\u00f6r att lyckas. Tack vare v\u00e5r expertis inom Supply Chain Solutions och Print&nbsp;Solutions kan vi uppgradera hela eller delar av f\u00f6retagets f\u00f6rs\u00f6rjningskedja. Det ger snabbare och effektivare processer som g\u00f6r att v\u00e5ra kunder kan fokusera p\u00e5 det de g\u00f6r b\u00e4st.<\/p>\n<p>Idag samarbetar vi med en m\u00e4ngd f\u00f6retag v\u00e4rlden \u00f6ver, som godk\u00e4nda leverant\u00f6rer, \u201dpreferred\u201d partners eller integrerade partners.<\/p>\n\n                            <\/div>\n                        <\/div>                                        \n                    <\/div>                                              \n                    <\/div>                                \n            <\/section>\n\n<section class=\"cta-block\">  \n              <div class=\"container\">              \n                <div class=\"row\">\n                    <div class=\"col-lg-4 col-md-6 mb-3\">\n                      <a target=\"_self\" class=\"btn-full btn-full-blue\" href=\"\/swe\/samarbeta-med-oss\" class=\"button\">Samarbeta med oss<\/a>\n                    <\/div>\n                <\/div>                                                                \n              <\/div>\n            <\/section>\n\n\n<div style=\"height:50px\" aria-hidden=\"true\" class=\"wp-block-spacer\"><\/div>\n\n\n<section id=\"\" class=\"text-block  space-bottom-yes space-top-yes text-block-id-69d5b01650fdd bg-color-white text-color-black\">                \n                    <div class=\"container\">  \n                                              \n                        <div class=\"row\">                                        \n                        <div class=\"col\">\n                            <h1 class=\"textBlock-headline left \">Elanders&shy;koncernen<\/h1>\n                             <hr class='horizontal-line' \/>\n                        <\/div>       \n                                                          \n                    <\/div>    \n                                               \n                        <div class=\"row text\">\n                        <div class=\"col\">\n                            <div class=\"textBlock-text text-block-html  \">\n                                <p class=\"wp-block-wt-text-block\">Elanders \u00e4r ett globalt logistikf\u00f6retag som erbjuder ett brett tj\u00e4nsteutbud av integrerade l\u00f6sningar inom supply chain management. Verksamheten bedrivs huvudsakligen genom de tv\u00e5 aff\u00e4rsomr\u00e5dena Supply Chain Solutions och Print &amp; Packaging Solutions. Koncernen har cirka 7 000 anst\u00e4llda och verksamhet i ett 20-tal l\u00e4nder p\u00e5 fyra kontinenter. De viktigaste marknaderna \u00e4r Kina, Singapore, Storbritannien, Sverige, Tyskland och USA. Kunderna delas in i sex segment efter vilken bransch de tillh\u00f6r; Automotive, Electronics, Fashion, Health Care, Industrial och Other. <\/p>\n<p>P\u00e5 koncernens webbplats elanders.com hittar du \u00e5rsredovisningar, del\u00e5rsrapporter och andra finansiella rapporter.<\/p>\n\n                            <\/div>\n                        <\/div>                                        \n                    <\/div>                                              \n                    <\/div>                                \n            <\/section>\n\n<section class=\"cta-block\">  \n              <div class=\"container\">              \n                <div class=\"row\">\n                    <div class=\"col-lg-4 col-md-6 mb-3\">\n                      <a target=\"_blank\" class=\"btn-full btn-full-blue\" href=\"https:\/\/www.elanders.com\/sv\" class=\"button\">Elanderskoncernens webbplats<\/a>\n                    <\/div><div class=\"col-lg-4 col-md-6 mb-3\">\n                      <a target=\"_blank\" class=\"btn-full btn-full-blue\" href=\"https:\/\/www.elanders.com\/sv\/investerare\/arsredovisningar\/\" class=\"button\">\u00c5rsredovisningar<\/a>\n                    <\/div><div class=\"col-lg-4 col-md-6 mb-3\">\n                      <a target=\"_blank\" class=\"btn-full btn-full-blue\" href=\"https:\/\/www.elanders.com\/sv\/investerare\/delarsrapporter\/\" class=\"button\">Del\u00e5rsrapporter<\/a>\n                    <\/div>\n                <\/div>                                                                \n              <\/div>\n            <\/section>\n\n\n<div style=\"height:50px\" aria-hidden=\"true\" class=\"wp-block-spacer\"><\/div>\n","protected":false},"excerpt":{"rendered":"","protected":false},"author":3,"featured_media":0,"parent":0,"menu_order":0,"comment_status":"closed","ping_status":"closed","template":"","meta":{"footnotes":""},"class_list":["post-557","page","type-page","status-publish","hentry"],"yoast_head":"<!-- This site is optimized with the Yoast SEO plugin v27.1.1 - https:\/\/yoast.com\/product\/yoast-seo-wordpress\/ -->\n<title>Om oss - Elanders Sweden<\/title>\n<meta name=\"description\" content=\"Elanders erbjuder ett brett tj\u00e4nsteutbud av integrerade och kundanpassade l\u00f6sningar f\u00f6r hantering av hela eller delar av v\u00e5ra kunders f\u00f6rs\u00f6rjningskedja.\" \/>\n<meta name=\"robots\" content=\"index, follow, max-snippet:-1, max-image-preview:large, max-video-preview:-1\" \/>\n<link rel=\"canonical\" href=\"https:\/\/www.elanders.com\/swe\/om-oss\/\" \/>\n<meta property=\"og:locale\" content=\"sv_SE\" \/>\n<meta property=\"og:type\" content=\"article\" \/>\n<meta property=\"og:title\" content=\"Om oss - Elanders Sweden\" \/>\n<meta property=\"og:description\" content=\"Elanders erbjuder ett brett tj\u00e4nsteutbud av integrerade och kundanpassade l\u00f6sningar f\u00f6r hantering av hela eller delar av v\u00e5ra kunders f\u00f6rs\u00f6rjningskedja.\" \/>\n<meta property=\"og:url\" content=\"https:\/\/www.elanders.com\/swe\/om-oss\/\" \/>\n<meta property=\"og:site_name\" content=\"Elanders Sweden\" \/>\n<meta property=\"article:modified_time\" content=\"2026-02-17T08:58:36+00:00\" \/>\n<meta name=\"twitter:card\" content=\"summary_large_image\" \/>\n<meta name=\"twitter:label1\" content=\"Ber\u00e4knad l\u00e4stid\" \/>\n\t<meta name=\"twitter:data1\" content=\"2 minuter\" \/>\n<script type=\"application\/ld+json\" class=\"yoast-schema-graph\">{\"@context\":\"https:\/\/schema.org\",\"@graph\":[{\"@type\":\"WebPage\",\"@id\":\"https:\/\/www.elanders.com\/swe\/om-oss\/\",\"url\":\"https:\/\/www.elanders.com\/swe\/om-oss\/\",\"name\":\"Om oss - Elanders Sweden\",\"isPartOf\":{\"@id\":\"https:\/\/www.elanders.com\/swe\/#website\"},\"datePublished\":\"2025-05-06T11:50:45+00:00\",\"dateModified\":\"2026-02-17T08:58:36+00:00\",\"description\":\"Elanders erbjuder ett brett tj\u00e4nsteutbud av integrerade och kundanpassade l\u00f6sningar f\u00f6r hantering av hela eller delar av v\u00e5ra kunders f\u00f6rs\u00f6rjningskedja.\",\"breadcrumb\":{\"@id\":\"https:\/\/www.elanders.com\/swe\/om-oss\/#breadcrumb\"},\"inLanguage\":\"sv-SE\",\"potentialAction\":[{\"@type\":\"ReadAction\",\"target\":[\"https:\/\/www.elanders.com\/swe\/om-oss\/\"]}]},{\"@type\":\"BreadcrumbList\",\"@id\":\"https:\/\/www.elanders.com\/swe\/om-oss\/#breadcrumb\",\"itemListElement\":[{\"@type\":\"ListItem\",\"position\":1,\"name\":\"Home\",\"item\":\"https:\/\/www.elanders.com\/swe\/\"},{\"@type\":\"ListItem\",\"position\":2,\"name\":\"Om oss\"}]},{\"@type\":\"WebSite\",\"@id\":\"https:\/\/www.elanders.com\/swe\/#website\",\"url\":\"https:\/\/www.elanders.com\/swe\/\",\"name\":\"Elanders Sweden\",\"description\":\"\",\"publisher\":{\"@id\":\"https:\/\/www.elanders.com\/swe\/#organization\"},\"potentialAction\":[{\"@type\":\"SearchAction\",\"target\":{\"@type\":\"EntryPoint\",\"urlTemplate\":\"https:\/\/www.elanders.com\/swe\/?s={search_term_string}\"},\"query-input\":{\"@type\":\"PropertyValueSpecification\",\"valueRequired\":true,\"valueName\":\"search_term_string\"}}],\"inLanguage\":\"sv-SE\"},{\"@type\":\"Organization\",\"@id\":\"https:\/\/www.elanders.com\/swe\/#organization\",\"name\":\"Elanders Sweden\",\"url\":\"https:\/\/www.elanders.com\/swe\/\",\"logo\":{\"@type\":\"ImageObject\",\"inLanguage\":\"sv-SE\",\"@id\":\"https:\/\/www.elanders.com\/swe\/#\/schema\/logo\/image\/\",\"url\":\"https:\/\/www.elanders.com\/swe\/wp-content\/uploads\/2025\/10\/elanders_sweden_rgb_member_web-3.svg\",\"contentUrl\":\"https:\/\/www.elanders.com\/swe\/wp-content\/uploads\/2025\/10\/elanders_sweden_rgb_member_web-3.svg\",\"width\":1,\"height\":1,\"caption\":\"Elanders Sweden\"},\"image\":{\"@id\":\"https:\/\/www.elanders.com\/swe\/#\/schema\/logo\/image\/\"}}]}<\/script>\n<!-- \/ Yoast SEO plugin. -->","yoast_head_json":{"title":"Om oss - Elanders Sweden","description":"Elanders erbjuder ett brett tj\u00e4nsteutbud av integrerade och kundanpassade l\u00f6sningar f\u00f6r hantering av hela eller delar av v\u00e5ra kunders f\u00f6rs\u00f6rjningskedja.","robots":{"index":"index","follow":"follow","max-snippet":"max-snippet:-1","max-image-preview":"max-image-preview:large","max-video-preview":"max-video-preview:-1"},"canonical":"https:\/\/www.elanders.com\/swe\/om-oss\/","og_locale":"sv_SE","og_type":"article","og_title":"Om oss - Elanders Sweden","og_description":"Elanders erbjuder ett brett tj\u00e4nsteutbud av integrerade och kundanpassade l\u00f6sningar f\u00f6r hantering av hela eller delar av v\u00e5ra kunders f\u00f6rs\u00f6rjningskedja.","og_url":"https:\/\/www.elanders.com\/swe\/om-oss\/","og_site_name":"Elanders Sweden","article_modified_time":"2026-02-17T08:58:36+00:00","twitter_card":"summary_large_image","twitter_misc":{"Ber\u00e4knad l\u00e4stid":"2 minuter"},"schema":{"@context":"https:\/\/schema.org","@graph":[{"@type":"WebPage","@id":"https:\/\/www.elanders.com\/swe\/om-oss\/","url":"https:\/\/www.elanders.com\/swe\/om-oss\/","name":"Om oss - Elanders Sweden","isPartOf":{"@id":"https:\/\/www.elanders.com\/swe\/#website"},"datePublished":"2025-05-06T11:50:45+00:00","dateModified":"2026-02-17T08:58:36+00:00","description":"Elanders erbjuder ett brett tj\u00e4nsteutbud av integrerade och kundanpassade l\u00f6sningar f\u00f6r hantering av hela eller delar av v\u00e5ra kunders f\u00f6rs\u00f6rjningskedja.","breadcrumb":{"@id":"https:\/\/www.elanders.com\/swe\/om-oss\/#breadcrumb"},"inLanguage":"sv-SE","potentialAction":[{"@type":"ReadAction","target":["https:\/\/www.elanders.com\/swe\/om-oss\/"]}]},{"@type":"BreadcrumbList","@id":"https:\/\/www.elanders.com\/swe\/om-oss\/#breadcrumb","itemListElement":[{"@type":"ListItem","position":1,"name":"Home","item":"https:\/\/www.elanders.com\/swe\/"},{"@type":"ListItem","position":2,"name":"Om oss"}]},{"@type":"WebSite","@id":"https:\/\/www.elanders.com\/swe\/#website","url":"https:\/\/www.elanders.com\/swe\/","name":"Elanders Sweden","description":"","publisher":{"@id":"https:\/\/www.elanders.com\/swe\/#organization"},"potentialAction":[{"@type":"SearchAction","target":{"@type":"EntryPoint","urlTemplate":"https:\/\/www.elanders.com\/swe\/?s={search_term_string}"},"query-input":{"@type":"PropertyValueSpecification","valueRequired":true,"valueName":"search_term_string"}}],"inLanguage":"sv-SE"},{"@type":"Organization","@id":"https:\/\/www.elanders.com\/swe\/#organization","name":"Elanders Sweden","url":"https:\/\/www.elanders.com\/swe\/","logo":{"@type":"ImageObject","inLanguage":"sv-SE","@id":"https:\/\/www.elanders.com\/swe\/#\/schema\/logo\/image\/","url":"https:\/\/www.elanders.com\/swe\/wp-content\/uploads\/2025\/10\/elanders_sweden_rgb_member_web-3.svg","contentUrl":"https:\/\/www.elanders.com\/swe\/wp-content\/uploads\/2025\/10\/elanders_sweden_rgb_member_web-3.svg","width":1,"height":1,"caption":"Elanders Sweden"},"image":{"@id":"https:\/\/www.elanders.com\/swe\/#\/schema\/logo\/image\/"}}]}},"_links":{"self":[{"href":"https:\/\/www.elanders.com\/swe\/wp-json\/wp\/v2\/pages\/557","targetHints":{"allow":["GET"]}}],"collection":[{"href":"https:\/\/www.elanders.com\/swe\/wp-json\/wp\/v2\/pages"}],"about":[{"href":"https:\/\/www.elanders.com\/swe\/wp-json\/wp\/v2\/types\/page"}],"author":[{"embeddable":true,"href":"https:\/\/www.elanders.com\/swe\/wp-json\/wp\/v2\/users\/3"}],"replies":[{"embeddable":true,"href":"https:\/\/www.elanders.com\/swe\/wp-json\/wp\/v2\/comments?post=557"}],"version-history":[{"count":36,"href":"https:\/\/www.elanders.com\/swe\/wp-json\/wp\/v2\/pages\/557\/revisions"}],"predecessor-version":[{"id":2607,"href":"https:\/\/www.elanders.com\/swe\/wp-json\/wp\/v2\/pages\/557\/revisions\/2607"}],"wp:attachment":[{"href":"https:\/\/www.elanders.com\/swe\/wp-json\/wp\/v2\/media?parent=557"}],"curies":[{"name":"wp","href":"https:\/\/api.w.org\/{rel}","templated":true}]}}